{"id":11217,"date":"2021-12-14T10:30:51","date_gmt":"2021-12-14T10:30:51","guid":{"rendered":"https:\/\/hutton.ee\/product\/katuse-aluskate-ventia-neo-200-sk2-75m2\/"},"modified":"2025-07-24T07:19:49","modified_gmt":"2025-07-24T07:19:49","slug":"katuse-aluskate-ventia-neo-200-sk2-75m2","status":"publish","type":"product","link":"https:\/\/hutton.ee\/en\/toode\/katuse-aluskate-ventia-neo-200-sk2-75m2\/","title":{"rendered":"Aluskate\/tuulet\u00f5ke Ventia NEO 200 SK2 75m2"},"content":{"rendered":"<p>Katuse aluskate\/tuulet\u00f5ke Ventia NEO 200 SK2 75m2 on v\u00e4ga hea hingav aluskate \/ tuulet\u00f5ke. Lisaks on antud toode 2 teibiga aluskate.<\/p>\n<p><b>Kasutuskohad:<br \/>\n<\/b><\/p>\n<ul>\n<li>katuse aluskate nii \u00fche- kui ka kahekordselt tuulduvates katusekonstruktsioonides, ka soojustamata p\u00f6\u00f6ningutel<\/li>\n<li>sobib kasutamiseks koos igat liiki kaldkatuse kattematerjalidega sh kivi-, plekk-, bituumen- ja tsementlaineplaat, jne<\/li>\n<li>fassaadi tuulet\u00f5ke<\/li>\n<li>eriti sobilik kasutamiseks keerulise kujuga katustel, kuna aluskate on h\u00e4sti vormitav ja eriti sobilik kasutamiseks plekk-katustel, kuna talub v\u00e4ga k\u00f5rgeid temperatuure.<\/li>\n<li>v\u00e4ga hea ka kivikatuse aluskate, kuna on pikaajalise UV kindlusega.<\/li>\n<li>sobib B-roof katusele ja tuulduvale fassaadile, kus n\u00f5utud B, s1, d0 tuletundlikkus.<\/li>\n<\/ul>\n<p><b>Selle toote erilised v\u00e4\u00e4rtused:<\/b><\/p>\n<ul>\n<li>uus ja innovaatiline TPU tehnoloogial p\u00f5hinev aluskate<\/li>\n<li>aluskate on h\u00e4sti vormitav, mittej\u00e4ik<\/li>\n<li>naelutustihendit ei ole vaja kasutada, kuna naela ja kruvi l\u00e4bistused on isesulguvad<\/li>\n<li>pikaajaline UV kindlus 6 kuud<\/li>\n<li>v\u00e4ga k\u00f5rge temperatuuritaluvus<\/li>\n<li>tugev.<\/li>\n<\/ul>\n<p><b>Toote p\u00f5hiomadused:<\/b><\/p>\n<ul>\n<li>k\u00f5rgdifuusne membraan, veeauru l\u00e4bilaskev<\/li>\n<li>TPU tehnoloogia p\u00f5hine membraan<\/li>\n<li>veetihe, vettpidav<\/li>\n<li>tuuletihe<\/li>\n<li>v\u00e4ga pikaajalise UV kindlusega<\/li>\n<li>talub v\u00e4ga k\u00f5rgeid temperatuure<\/li>\n<li>must, kiri tootel valge<\/li>\n<\/ul>\n<p><b>Tooteversioonid<\/b>:<\/p>\n<ul>\n<li>k\u00e4esolev katuse aluskate\/tuulet\u00f5ke Ventia NEO 200 SK2 75m2 on 2 teibiga aluskate, SK2 t\u00e4hisega<\/li>\n<li>toote laius 1,5m, pikkus 50jm, rulli pindala 75m2<\/li>\n<li>toote kaal kilepakendis 15,5 kg\/rull.<\/li>\n<\/ul>\n<p><strong>Loe lisaks:<\/strong><\/p>\n<p><a href=\"https:\/\/hutton.ee\/katuse-aluskate\/\">Mis on katuse aluskate?<\/a><br \/>\n<a href=\"https:\/\/hutton.ee\/sobiva-aluskatte-valimine\/\">Sobiva katuse aluskatte valimine<\/a><br \/>\n<a href=\"https:\/\/hutton.ee\/katuse-aluskatte-ajas-kestvus\/\">Katuse aluskatte ajas kestvus<\/a><\/p>\n<p><strong>Vajadusel k\u00fcsi n\u00f5u:<br \/>\n<\/strong><\/p>\n<p><strong>Regina<\/strong> <a href=\"tel:5076742\">+372 507 6742<\/a> | <a href=\"mailto:regina@hutton.ee\">regina@hutton.ee<\/a><br \/>\n<strong>Neeme<\/strong> <a href=\"tel:5098168\">+372 509 8168<\/a> | <a href=\"mailto:neeme@hutton.ee\">neeme@hutton.ee<\/a><\/p>\n","protected":false},"excerpt":{"rendered":"<p><span style=\"text-decoration: underline;\"><span style=\"color: #ff0000; font-size: 12pt; text-decoration: underline;\"><strong><a style=\"color: #ff0000; text-decoration: underline;\" href=\"https:\/\/hutton.ee\/minu-konto\/\" target=\"_blank\" rel=\"noopener\">Registreeru p\u00fcsikliendiks<\/a>!<\/strong><\/span><\/span><\/p>\n<p>M\u00fc\u00fcme ka m\u00b2 p\u00f5hiselt!<\/p>\n<p><strong>Kui soovid v\u00e4iksemat kogust kui 1 rull, siis saada oma tellimus soovitud kogusega <\/strong><a style=\"color: #3771c1;\" href=\"mailto:tellimus@hutton.ee\">tellimus@hutton.ee<\/a><\/p>\n","protected":false},"featured_media":26534,"template":"","meta":{"_gspb_post_css":"","_uf_show_specific_survey":0,"_uf_disable_surveys":false},"product_brand":[],"product_cat":[941,947],"product_tag":[2892,1258],"filtrisusteem":[2332,2358,2343,2382,2381,2324,2326,2337,2341,2379,2365,2335,2370,2351,2369,2378],"kvaliteediklass":[927],"class_list":{"0":"post-11217","1":"product","2":"type-product","3":"status-publish","4":"has-post-thumbnail","6":"product_cat-aluskatted","7":"product_cat-aluskatted-hingavad","8":"product_tag-3tk_block","9":"product_tag-ei_pakiautomaat","10":"filtrisusteem-200gm","11":"filtrisusteem-24-nadalat","12":"filtrisusteem-a2","13":"filtrisusteem-b-s1-d0","14":"filtrisusteem-eriline-kasutuskoht","15":"filtrisusteem-hingav-aluskate","16":"filtrisusteem-kaal-gm","17":"filtrisusteem-kuni120c","18":"filtrisusteem-kvaliteediklass","19":"filtrisusteem-must","20":"filtrisusteem-rebenemistugevus-klass","21":"filtrisusteem-temperatuuritaluvus","22":"filtrisusteem-tuletundlikkus","23":"filtrisusteem-uv-kindlus","24":"filtrisusteem-vaga-tugev-250n","25":"filtrisusteem-varvus","26":"kvaliteediklass-b3-vaga-hea-kvaliteet","28":"first","29":"instock","30":"taxable","31":"shipping-taxable","32":"purchasable","33":"product-type-simple"},"yoast_head":"<!-- This site is optimized with the Yoast SEO Premium plugin v21.3 (Yoast SEO v27.3) - https:\/\/yoast.com\/product\/yoast-seo-premium-wordpress\/ -->\n<title>Aluskate\/tuulet\u00f5ke Ventia NEO 200 SK2 75m2 - Hutton<\/title>\n<meta name=\"description\" content=\"Aluskate\/tuulet\u00f5ke Ventia NEO 200 SK2 75m2. V\u00e4ga hea B3, tugev, UV- ja temperatuurikindel 2 teibiga aluskate. Huttoni e-poes.\" \/>\n<meta name=\"robots\" content=\"index, follow, max-snippet:-1, max-image-preview:large, max-video-preview:-1\" \/>\n<link rel=\"canonical\" href=\"https:\/\/hutton.ee\/toode\/katuse-aluskate-ventia-neo-200-sk2-75m2\/\" \/>\n<meta property=\"og:locale\" content=\"en_US\" \/>\n<meta property=\"og:type\" content=\"article\" \/>\n<meta property=\"og:title\" content=\"Aluskate\/tuulet\u00f5ke Ventia NEO 200 SK2 75m2 - Hutton\" \/>\n<meta property=\"og:description\" content=\"Aluskate\/tuule\u00f5ke Ventia NEO 200 SK2. V\u00e4ga hea B3, tugev, UV- ja temperatuurikindel aluskate\/tuulet\u00f5ke, kahe teibi\/liimiribaga. Vaata l\u00e4hemalt Huttoni e-poest..\" \/>\n<meta property=\"og:url\" content=\"https:\/\/hutton.ee\/toode\/katuse-aluskate-ventia-neo-200-sk2-75m2\/\" \/>\n<meta property=\"og:site_name\" content=\"Hutton\" \/>\n<meta property=\"article:publisher\" content=\"https:\/\/www.facebook.com\/huttoneesti\" \/>\n<meta property=\"article:modified_time\" content=\"2025-07-24T07:19:49+00:00\" \/>\n<meta property=\"og:image\" content=\"https:\/\/hutton.ee\/wp-content\/uploads\/2021\/12\/Aluskate-Ventia-NEO-200.png\" \/>\n\t<meta property=\"og:image:width\" content=\"500\" \/>\n\t<meta property=\"og:image:height\" content=\"500\" \/>\n\t<meta property=\"og:image:type\" content=\"image\/png\" \/>\n<meta name=\"twitter:card\" content=\"summary_large_image\" \/>\n<meta name=\"twitter:title\" content=\"Aluskate\/tuulet\u00f5ke Ventia NEO 200 SK2 75m2 - Hutton\" \/>\n<meta name=\"twitter:description\" content=\"Aluskate\/tuule\u00f5ke Ventia NEO 200 SK2. V\u00e4ga hea B3, tugev, UV- ja temperatuurikindel aluskate\/tuulet\u00f5ke, kahe teibi\/liimiribaga. Vaata l\u00e4hemalt Huttoni e-poest..\" \/>\n<meta name=\"twitter:label1\" content=\"Est. reading time\" \/>\n\t<meta name=\"twitter:data1\" content=\"2 minutes\" \/>\n<script type=\"application\/ld+json\" class=\"yoast-schema-graph\">{\"@context\":\"https:\\\/\\\/schema.org\",\"@graph\":[{\"@type\":\"WebPage\",\"@id\":\"https:\\\/\\\/hutton.ee\\\/toode\\\/katuse-aluskate-ventia-neo-200-sk2-75m2\\\/\",\"url\":\"https:\\\/\\\/hutton.ee\\\/toode\\\/katuse-aluskate-ventia-neo-200-sk2-75m2\\\/\",\"name\":\"Aluskate\\\/tuulet\u00f5ke Ventia NEO 200 SK2 75m2 - Hutton\",\"isPartOf\":{\"@id\":\"https:\\\/\\\/hutton.ee\\\/#website\"},\"primaryImageOfPage\":{\"@id\":\"https:\\\/\\\/hutton.ee\\\/toode\\\/katuse-aluskate-ventia-neo-200-sk2-75m2\\\/#primaryimage\"},\"image\":{\"@id\":\"https:\\\/\\\/hutton.ee\\\/toode\\\/katuse-aluskate-ventia-neo-200-sk2-75m2\\\/#primaryimage\"},\"thumbnailUrl\":\"https:\\\/\\\/hutton.ee\\\/wp-content\\\/uploads\\\/2021\\\/12\\\/Aluskate-Ventia-NEO-200.png\",\"datePublished\":\"2021-12-14T10:30:51+00:00\",\"dateModified\":\"2025-07-24T07:19:49+00:00\",\"description\":\"Aluskate\\\/tuulet\u00f5ke Ventia NEO 200 SK2 75m2. V\u00e4ga hea B3, tugev, UV- ja temperatuurikindel 2 teibiga aluskate. Huttoni e-poes.\",\"breadcrumb\":{\"@id\":\"https:\\\/\\\/hutton.ee\\\/toode\\\/katuse-aluskate-ventia-neo-200-sk2-75m2\\\/#breadcrumb\"},\"inLanguage\":\"en-US\",\"potentialAction\":[{\"@type\":\"ReadAction\",\"target\":[\"https:\\\/\\\/hutton.ee\\\/toode\\\/katuse-aluskate-ventia-neo-200-sk2-75m2\\\/\"]}]},{\"@type\":\"ImageObject\",\"inLanguage\":\"en-US\",\"@id\":\"https:\\\/\\\/hutton.ee\\\/toode\\\/katuse-aluskate-ventia-neo-200-sk2-75m2\\\/#primaryimage\",\"url\":\"https:\\\/\\\/hutton.ee\\\/wp-content\\\/uploads\\\/2021\\\/12\\\/Aluskate-Ventia-NEO-200.png\",\"contentUrl\":\"https:\\\/\\\/hutton.ee\\\/wp-content\\\/uploads\\\/2021\\\/12\\\/Aluskate-Ventia-NEO-200.png\",\"width\":500,\"height\":500,\"caption\":\"Aluskate Ventia NEO 200\"},{\"@type\":\"BreadcrumbList\",\"@id\":\"https:\\\/\\\/hutton.ee\\\/toode\\\/katuse-aluskate-ventia-neo-200-sk2-75m2\\\/#breadcrumb\",\"itemListElement\":[{\"@type\":\"ListItem\",\"position\":1,\"name\":\"Avaleht\",\"item\":\"https:\\\/\\\/hutton.ee\\\/\"},{\"@type\":\"ListItem\",\"position\":2,\"name\":\"Shop\",\"item\":\"https:\\\/\\\/hutton.ee\\\/en\\\/shop\\\/\"},{\"@type\":\"ListItem\",\"position\":3,\"name\":\"Aluskate\\\/tuulet\u00f5ke Ventia NEO 200 SK2 75m2\"}]},{\"@type\":\"WebSite\",\"@id\":\"https:\\\/\\\/hutton.ee\\\/#website\",\"url\":\"https:\\\/\\\/hutton.ee\\\/\",\"name\":\"Hutton\",\"description\":\"Ajas kestvad ehituslahendused\",\"publisher\":{\"@id\":\"https:\\\/\\\/hutton.ee\\\/#organization\"},\"potentialAction\":[{\"@type\":\"SearchAction\",\"target\":{\"@type\":\"EntryPoint\",\"urlTemplate\":\"https:\\\/\\\/hutton.ee\\\/?s={search_term_string}\"},\"query-input\":{\"@type\":\"PropertyValueSpecification\",\"valueRequired\":true,\"valueName\":\"search_term_string\"}}],\"inLanguage\":\"en-US\"},{\"@type\":\"Organization\",\"@id\":\"https:\\\/\\\/hutton.ee\\\/#organization\",\"name\":\"Hutton - KATUS | SEIN | FASSAAD\",\"url\":\"https:\\\/\\\/hutton.ee\\\/\",\"logo\":{\"@type\":\"ImageObject\",\"inLanguage\":\"en-US\",\"@id\":\"https:\\\/\\\/hutton.ee\\\/#\\\/schema\\\/logo\\\/image\\\/\",\"url\":\"https:\\\/\\\/hutton.ee\\\/wp-content\\\/uploads\\\/2020\\\/07\\\/hutton-logo_uuendatud-01.png\",\"contentUrl\":\"https:\\\/\\\/hutton.ee\\\/wp-content\\\/uploads\\\/2020\\\/07\\\/hutton-logo_uuendatud-01.png\",\"width\":1064,\"height\":455,\"caption\":\"Hutton - KATUS | SEIN | FASSAAD\"},\"image\":{\"@id\":\"https:\\\/\\\/hutton.ee\\\/#\\\/schema\\\/logo\\\/image\\\/\"},\"sameAs\":[\"https:\\\/\\\/www.facebook.com\\\/huttoneesti\"]}]}<\/script>\n<!-- \/ Yoast SEO Premium plugin. -->","yoast_head_json":{"title":"Aluskate\/tuulet\u00f5ke Ventia NEO 200 SK2 75m2 - Hutton","description":"Aluskate\/tuulet\u00f5ke Ventia NEO 200 SK2 75m2. V\u00e4ga hea B3, tugev, UV- ja temperatuurikindel 2 teibiga aluskate. Huttoni e-poes.","robots":{"index":"index","follow":"follow","max-snippet":"max-snippet:-1","max-image-preview":"max-image-preview:large","max-video-preview":"max-video-preview:-1"},"canonical":"https:\/\/hutton.ee\/toode\/katuse-aluskate-ventia-neo-200-sk2-75m2\/","og_locale":"en_US","og_type":"article","og_title":"Aluskate\/tuulet\u00f5ke Ventia NEO 200 SK2 75m2 - Hutton","og_description":"Aluskate\/tuule\u00f5ke Ventia NEO 200 SK2. V\u00e4ga hea B3, tugev, UV- ja temperatuurikindel aluskate\/tuulet\u00f5ke, kahe teibi\/liimiribaga. Vaata l\u00e4hemalt Huttoni e-poest..","og_url":"https:\/\/hutton.ee\/toode\/katuse-aluskate-ventia-neo-200-sk2-75m2\/","og_site_name":"Hutton","article_publisher":"https:\/\/www.facebook.com\/huttoneesti","article_modified_time":"2025-07-24T07:19:49+00:00","og_image":[{"width":500,"height":500,"url":"https:\/\/hutton.ee\/wp-content\/uploads\/2021\/12\/Aluskate-Ventia-NEO-200.png","type":"image\/png"}],"twitter_card":"summary_large_image","twitter_title":"Aluskate\/tuulet\u00f5ke Ventia NEO 200 SK2 75m2 - Hutton","twitter_description":"Aluskate\/tuule\u00f5ke Ventia NEO 200 SK2. V\u00e4ga hea B3, tugev, UV- ja temperatuurikindel aluskate\/tuulet\u00f5ke, kahe teibi\/liimiribaga. Vaata l\u00e4hemalt Huttoni e-poest..","twitter_misc":{"Est. reading time":"2 minutes"},"schema":{"@context":"https:\/\/schema.org","@graph":[{"@type":"WebPage","@id":"https:\/\/hutton.ee\/toode\/katuse-aluskate-ventia-neo-200-sk2-75m2\/","url":"https:\/\/hutton.ee\/toode\/katuse-aluskate-ventia-neo-200-sk2-75m2\/","name":"Aluskate\/tuulet\u00f5ke Ventia NEO 200 SK2 75m2 - Hutton","isPartOf":{"@id":"https:\/\/hutton.ee\/#website"},"primaryImageOfPage":{"@id":"https:\/\/hutton.ee\/toode\/katuse-aluskate-ventia-neo-200-sk2-75m2\/#primaryimage"},"image":{"@id":"https:\/\/hutton.ee\/toode\/katuse-aluskate-ventia-neo-200-sk2-75m2\/#primaryimage"},"thumbnailUrl":"https:\/\/hutton.ee\/wp-content\/uploads\/2021\/12\/Aluskate-Ventia-NEO-200.png","datePublished":"2021-12-14T10:30:51+00:00","dateModified":"2025-07-24T07:19:49+00:00","description":"Aluskate\/tuulet\u00f5ke Ventia NEO 200 SK2 75m2. V\u00e4ga hea B3, tugev, UV- ja temperatuurikindel 2 teibiga aluskate. Huttoni e-poes.","breadcrumb":{"@id":"https:\/\/hutton.ee\/toode\/katuse-aluskate-ventia-neo-200-sk2-75m2\/#breadcrumb"},"inLanguage":"en-US","potentialAction":[{"@type":"ReadAction","target":["https:\/\/hutton.ee\/toode\/katuse-aluskate-ventia-neo-200-sk2-75m2\/"]}]},{"@type":"ImageObject","inLanguage":"en-US","@id":"https:\/\/hutton.ee\/toode\/katuse-aluskate-ventia-neo-200-sk2-75m2\/#primaryimage","url":"https:\/\/hutton.ee\/wp-content\/uploads\/2021\/12\/Aluskate-Ventia-NEO-200.png","contentUrl":"https:\/\/hutton.ee\/wp-content\/uploads\/2021\/12\/Aluskate-Ventia-NEO-200.png","width":500,"height":500,"caption":"Aluskate Ventia NEO 200"},{"@type":"BreadcrumbList","@id":"https:\/\/hutton.ee\/toode\/katuse-aluskate-ventia-neo-200-sk2-75m2\/#breadcrumb","itemListElement":[{"@type":"ListItem","position":1,"name":"Avaleht","item":"https:\/\/hutton.ee\/"},{"@type":"ListItem","position":2,"name":"Shop","item":"https:\/\/hutton.ee\/en\/shop\/"},{"@type":"ListItem","position":3,"name":"Aluskate\/tuulet\u00f5ke Ventia NEO 200 SK2 75m2"}]},{"@type":"WebSite","@id":"https:\/\/hutton.ee\/#website","url":"https:\/\/hutton.ee\/","name":"Hutton","description":"Ajas kestvad ehituslahendused","publisher":{"@id":"https:\/\/hutton.ee\/#organization"},"potentialAction":[{"@type":"SearchAction","target":{"@type":"EntryPoint","urlTemplate":"https:\/\/hutton.ee\/?s={search_term_string}"},"query-input":{"@type":"PropertyValueSpecification","valueRequired":true,"valueName":"search_term_string"}}],"inLanguage":"en-US"},{"@type":"Organization","@id":"https:\/\/hutton.ee\/#organization","name":"Hutton - KATUS | SEIN | FASSAAD","url":"https:\/\/hutton.ee\/","logo":{"@type":"ImageObject","inLanguage":"en-US","@id":"https:\/\/hutton.ee\/#\/schema\/logo\/image\/","url":"https:\/\/hutton.ee\/wp-content\/uploads\/2020\/07\/hutton-logo_uuendatud-01.png","contentUrl":"https:\/\/hutton.ee\/wp-content\/uploads\/2020\/07\/hutton-logo_uuendatud-01.png","width":1064,"height":455,"caption":"Hutton - KATUS | SEIN | FASSAAD"},"image":{"@id":"https:\/\/hutton.ee\/#\/schema\/logo\/image\/"},"sameAs":["https:\/\/www.facebook.com\/huttoneesti"]}]}},"_links":{"self":[{"href":"https:\/\/hutton.ee\/en\/wp-json\/wp\/v2\/product\/11217","targetHints":{"allow":["GET"]}}],"collection":[{"href":"https:\/\/hutton.ee\/en\/wp-json\/wp\/v2\/product"}],"about":[{"href":"https:\/\/hutton.ee\/en\/wp-json\/wp\/v2\/types\/product"}],"wp:featuredmedia":[{"embeddable":true,"href":"https:\/\/hutton.ee\/en\/wp-json\/wp\/v2\/media\/26534"}],"wp:attachment":[{"href":"https:\/\/hutton.ee\/en\/wp-json\/wp\/v2\/media?parent=11217"}],"wp:term":[{"taxonomy":"product_brand","embeddable":true,"href":"https:\/\/hutton.ee\/en\/wp-json\/wp\/v2\/product_brand?post=11217"},{"taxonomy":"product_cat","embeddable":true,"href":"https:\/\/hutton.ee\/en\/wp-json\/wp\/v2\/product_cat?post=11217"},{"taxonomy":"product_tag","embeddable":true,"href":"https:\/\/hutton.ee\/en\/wp-json\/wp\/v2\/product_tag?post=11217"},{"taxonomy":"filtrisusteem","embeddable":true,"href":"https:\/\/hutton.ee\/en\/wp-json\/wp\/v2\/filtrisusteem?post=11217"},{"taxonomy":"kvaliteediklass","embeddable":true,"href":"https:\/\/hutton.ee\/en\/wp-json\/wp\/v2\/kvaliteediklass?post=11217"}],"curies":[{"name":"wp","href":"https:\/\/api.w.org\/{rel}","templated":true}]}}