{"id":11220,"date":"2021-12-14T10:30:51","date_gmt":"2021-12-14T10:30:51","guid":{"rendered":"https:\/\/hutton.ee\/product\/katuse-aluskate-isoflex-soft-75m2\/"},"modified":"2025-07-24T07:16:50","modified_gmt":"2025-07-24T07:16:50","slug":"katuse-aluskate-isoflex-soft-75m2","status":"publish","type":"product","link":"https:\/\/hutton.ee\/en\/toode\/katuse-aluskate-isoflex-soft-75m2\/","title":{"rendered":"Katuse aluskate Isoflex Soft 75m2"},"content":{"rendered":"<p>Katuse aluskate Isoflex Soft 75m2 on soodsaim mittehingav aluskatte kile.<\/p>\n<p><b>Kasutuskohad:<br \/>\n<\/b><\/p>\n<ul>\n<li>Mittehingav katuse aluskate sobib kasutamiseks ainult kahekordselt tuulduvates katusekonstruktsioonides, ka soojustamata p\u00f6\u00f6ningutel. Mitte paigaldada vastu soojustust<\/li>\n<li>sobib kasutamiseks koos igat liiki kaldkatuse kattematerjalidega sh kivi-, plekk-, bituumen- ja tsementlaineplaat, jne<\/li>\n<\/ul>\n<p><b>Selle toote erilised v\u00e4\u00e4rtused: <\/b><\/p>\n<ul>\n<li>soodne hind, kvaliteediklass C1<\/li>\n<\/ul>\n<p><b>P\u00f5hiomadused: <\/b><\/p>\n<ul>\n<li>katuse kile, ei ole veeauru l\u00e4bilaskev<\/li>\n<li>veetihe<\/li>\n<li>v\u00e4hese UV kindlusega 1 kuu<\/li>\n<li>v\u00e4rvus hall<\/li>\n<\/ul>\n<p><b>Tooteversioonid: <\/b><\/p>\n<ul>\n<li>k\u00e4esolev mittehingav katuse aluskate on ilma teibi\/liimiribadeta, laius 1,5m, pikkus 50jm, rulli pindala 75m2.<\/li>\n<\/ul>\n<p><strong>Loe lisaks:<\/strong><\/p>\n<p><a href=\"https:\/\/hutton.ee\/katuse-aluskate\/\">Mis on katuse aluskate?<\/a><br \/>\n<a href=\"https:\/\/hutton.ee\/sobiva-aluskatte-valimine\/\">Sobiva katuse aluskatte valimine<\/a><br \/>\n<a href=\"https:\/\/hutton.ee\/katuse-aluskatte-ajas-kestvus\/\">Katuse aluskatte ajas kestvus<\/a><\/p>\n<p><strong>Vajadusel k\u00fcsi n\u00f5u:<br \/>\n<\/strong><\/p>\n<p><strong>Regina<\/strong> <a href=\"tel:5076742\">+372 507 6742<\/a> | <a href=\"mailto:regina@hutton.ee\">regina@hutton.ee<\/a><br \/>\n<strong>Neeme<\/strong> <a href=\"tel:5098168\">+372 509 8168<\/a> | <a href=\"mailto:neeme@hutton.ee\">neeme@hutton.ee<\/a><\/p>\n","protected":false},"excerpt":{"rendered":"<p><span style=\"text-decoration: underline;\"><span style=\"color: #ff0000; font-size: 12pt; text-decoration: underline;\"><strong><a style=\"color: #ff0000; text-decoration: underline;\" href=\"https:\/\/hutton.ee\/minu-konto\/\" target=\"_blank\" rel=\"noopener\">Registreeru p\u00fcsikliendiks<\/a>!<\/strong><\/span><\/span><\/p>\n<p>&nbsp;<\/p>\n","protected":false},"featured_media":26542,"template":"","meta":{"_gspb_post_css":"","_uf_show_specific_survey":0,"_uf_disable_surveys":false},"product_brand":[],"product_cat":[941,948],"product_tag":[2892,1258],"filtrisusteem":[2388,2353,2348,2376,2326,2340,2341,2325,2389,2335,2370,2351,2378],"kvaliteediklass":[928],"class_list":{"0":"post-11220","1":"product","2":"type-product","3":"status-publish","4":"has-post-thumbnail","6":"product_cat-aluskatted","7":"product_cat-aluskatted-mittehingavad","8":"product_tag-3tk_block","9":"product_tag-ei_pakiautomaat","10":"filtrisusteem-100-g-m","11":"filtrisusteem-4-nadalat","12":"filtrisusteem-c1","13":"filtrisusteem-e","14":"filtrisusteem-kaal-gm","15":"filtrisusteem-kuni70c","16":"filtrisusteem-kvaliteediklass","17":"filtrisusteem-mittehingav-aluskate","18":"filtrisusteem-sinine","19":"filtrisusteem-temperatuuritaluvus","20":"filtrisusteem-tuletundlikkus","21":"filtrisusteem-uv-kindlus","22":"filtrisusteem-varvus","23":"kvaliteediklass-c1-soodsa-hinnaga","25":"first","26":"instock","27":"taxable","28":"shipping-taxable","29":"purchasable","30":"product-type-simple"},"yoast_head":"<!-- This site is optimized with the Yoast SEO Premium plugin v21.3 (Yoast SEO v27.3) - https:\/\/yoast.com\/product\/yoast-seo-premium-wordpress\/ -->\n<title>Katuse aluskate Isoflex Soft 75m2 - Hutton<\/title>\n<meta name=\"description\" content=\"Mittehingav katuse aluskate Isoflex Soft 75m2. Katuse aluskattena vaid m\u00f5lemalt poolt aluskatet tuulduvates ja k\u00fclma p\u00f6\u00f6ninguga katusetarindites.\" \/>\n<meta name=\"robots\" content=\"index, follow, max-snippet:-1, max-image-preview:large, max-video-preview:-1\" \/>\n<link rel=\"canonical\" href=\"https:\/\/hutton.ee\/toode\/katuse-aluskate-isoflex-soft-75m2\/\" \/>\n<meta property=\"og:locale\" content=\"en_US\" \/>\n<meta property=\"og:type\" content=\"article\" \/>\n<meta property=\"og:title\" content=\"Katuse aluskate Isoflex Soft 75m2 - Hutton\" \/>\n<meta property=\"og:description\" content=\"Aluskate Isoflex Soft. Kasutamiseks katuse aluskattena vaid m\u00f5lemalt poolt aluskatet tuuludvates ja k\u00fclma p\u00f6\u00f6ninguga katusetarindites. Aluskatted Huttoni e-poes\" \/>\n<meta property=\"og:url\" content=\"https:\/\/hutton.ee\/toode\/katuse-aluskate-isoflex-soft-75m2\/\" \/>\n<meta property=\"og:site_name\" content=\"Hutton\" \/>\n<meta property=\"article:publisher\" content=\"https:\/\/www.facebook.com\/huttoneesti\" \/>\n<meta property=\"article:modified_time\" content=\"2025-07-24T07:16:50+00:00\" \/>\n<meta property=\"og:image\" content=\"https:\/\/hutton.ee\/wp-content\/uploads\/2025\/01\/Aluskate-Isoflex-Soft.png\" \/>\n\t<meta property=\"og:image:width\" content=\"500\" \/>\n\t<meta property=\"og:image:height\" content=\"500\" \/>\n\t<meta property=\"og:image:type\" content=\"image\/png\" \/>\n<meta name=\"twitter:card\" content=\"summary_large_image\" \/>\n<meta name=\"twitter:title\" content=\"Katuse aluskate Isoflex Soft 75m2 - Hutton\" \/>\n<meta name=\"twitter:description\" content=\"Aluskate Isoflex Soft. Kasutamiseks katuse aluskattena vaid m\u00f5lemalt poolt aluskatet tuuludvates ja k\u00fclma p\u00f6\u00f6ninguga katusetarindites. Aluskatted Huttoni e-poes\" \/>\n<meta name=\"twitter:label1\" content=\"Est. reading time\" \/>\n\t<meta name=\"twitter:data1\" content=\"1 minute\" \/>\n<script type=\"application\/ld+json\" class=\"yoast-schema-graph\">{\"@context\":\"https:\\\/\\\/schema.org\",\"@graph\":[{\"@type\":\"WebPage\",\"@id\":\"https:\\\/\\\/hutton.ee\\\/toode\\\/katuse-aluskate-isoflex-soft-75m2\\\/\",\"url\":\"https:\\\/\\\/hutton.ee\\\/toode\\\/katuse-aluskate-isoflex-soft-75m2\\\/\",\"name\":\"Katuse aluskate Isoflex Soft 75m2 - Hutton\",\"isPartOf\":{\"@id\":\"https:\\\/\\\/hutton.ee\\\/#website\"},\"primaryImageOfPage\":{\"@id\":\"https:\\\/\\\/hutton.ee\\\/toode\\\/katuse-aluskate-isoflex-soft-75m2\\\/#primaryimage\"},\"image\":{\"@id\":\"https:\\\/\\\/hutton.ee\\\/toode\\\/katuse-aluskate-isoflex-soft-75m2\\\/#primaryimage\"},\"thumbnailUrl\":\"https:\\\/\\\/hutton.ee\\\/wp-content\\\/uploads\\\/2025\\\/01\\\/Aluskate-Isoflex-Soft.png\",\"datePublished\":\"2021-12-14T10:30:51+00:00\",\"dateModified\":\"2025-07-24T07:16:50+00:00\",\"description\":\"Mittehingav katuse aluskate Isoflex Soft 75m2. Katuse aluskattena vaid m\u00f5lemalt poolt aluskatet tuulduvates ja k\u00fclma p\u00f6\u00f6ninguga katusetarindites.\",\"breadcrumb\":{\"@id\":\"https:\\\/\\\/hutton.ee\\\/toode\\\/katuse-aluskate-isoflex-soft-75m2\\\/#breadcrumb\"},\"inLanguage\":\"en-US\",\"potentialAction\":[{\"@type\":\"ReadAction\",\"target\":[\"https:\\\/\\\/hutton.ee\\\/toode\\\/katuse-aluskate-isoflex-soft-75m2\\\/\"]}]},{\"@type\":\"ImageObject\",\"inLanguage\":\"en-US\",\"@id\":\"https:\\\/\\\/hutton.ee\\\/toode\\\/katuse-aluskate-isoflex-soft-75m2\\\/#primaryimage\",\"url\":\"https:\\\/\\\/hutton.ee\\\/wp-content\\\/uploads\\\/2025\\\/01\\\/Aluskate-Isoflex-Soft.png\",\"contentUrl\":\"https:\\\/\\\/hutton.ee\\\/wp-content\\\/uploads\\\/2025\\\/01\\\/Aluskate-Isoflex-Soft.png\",\"width\":500,\"height\":500,\"caption\":\"Aluskate Isoflex Soft\"},{\"@type\":\"BreadcrumbList\",\"@id\":\"https:\\\/\\\/hutton.ee\\\/toode\\\/katuse-aluskate-isoflex-soft-75m2\\\/#breadcrumb\",\"itemListElement\":[{\"@type\":\"ListItem\",\"position\":1,\"name\":\"Avaleht\",\"item\":\"https:\\\/\\\/hutton.ee\\\/\"},{\"@type\":\"ListItem\",\"position\":2,\"name\":\"Shop\",\"item\":\"https:\\\/\\\/hutton.ee\\\/en\\\/shop\\\/\"},{\"@type\":\"ListItem\",\"position\":3,\"name\":\"Katuse aluskate Isoflex Soft 75m2\"}]},{\"@type\":\"WebSite\",\"@id\":\"https:\\\/\\\/hutton.ee\\\/#website\",\"url\":\"https:\\\/\\\/hutton.ee\\\/\",\"name\":\"Hutton\",\"description\":\"Ajas kestvad ehituslahendused\",\"publisher\":{\"@id\":\"https:\\\/\\\/hutton.ee\\\/#organization\"},\"potentialAction\":[{\"@type\":\"SearchAction\",\"target\":{\"@type\":\"EntryPoint\",\"urlTemplate\":\"https:\\\/\\\/hutton.ee\\\/?s={search_term_string}\"},\"query-input\":{\"@type\":\"PropertyValueSpecification\",\"valueRequired\":true,\"valueName\":\"search_term_string\"}}],\"inLanguage\":\"en-US\"},{\"@type\":\"Organization\",\"@id\":\"https:\\\/\\\/hutton.ee\\\/#organization\",\"name\":\"Hutton - KATUS | SEIN | FASSAAD\",\"url\":\"https:\\\/\\\/hutton.ee\\\/\",\"logo\":{\"@type\":\"ImageObject\",\"inLanguage\":\"en-US\",\"@id\":\"https:\\\/\\\/hutton.ee\\\/#\\\/schema\\\/logo\\\/image\\\/\",\"url\":\"https:\\\/\\\/hutton.ee\\\/wp-content\\\/uploads\\\/2020\\\/07\\\/hutton-logo_uuendatud-01.png\",\"contentUrl\":\"https:\\\/\\\/hutton.ee\\\/wp-content\\\/uploads\\\/2020\\\/07\\\/hutton-logo_uuendatud-01.png\",\"width\":1064,\"height\":455,\"caption\":\"Hutton - KATUS | SEIN | FASSAAD\"},\"image\":{\"@id\":\"https:\\\/\\\/hutton.ee\\\/#\\\/schema\\\/logo\\\/image\\\/\"},\"sameAs\":[\"https:\\\/\\\/www.facebook.com\\\/huttoneesti\"]}]}<\/script>\n<!-- \/ Yoast SEO Premium plugin. -->","yoast_head_json":{"title":"Katuse aluskate Isoflex Soft 75m2 - Hutton","description":"Mittehingav katuse aluskate Isoflex Soft 75m2. Katuse aluskattena vaid m\u00f5lemalt poolt aluskatet tuulduvates ja k\u00fclma p\u00f6\u00f6ninguga katusetarindites.","robots":{"index":"index","follow":"follow","max-snippet":"max-snippet:-1","max-image-preview":"max-image-preview:large","max-video-preview":"max-video-preview:-1"},"canonical":"https:\/\/hutton.ee\/toode\/katuse-aluskate-isoflex-soft-75m2\/","og_locale":"en_US","og_type":"article","og_title":"Katuse aluskate Isoflex Soft 75m2 - Hutton","og_description":"Aluskate Isoflex Soft. Kasutamiseks katuse aluskattena vaid m\u00f5lemalt poolt aluskatet tuuludvates ja k\u00fclma p\u00f6\u00f6ninguga katusetarindites. Aluskatted Huttoni e-poes","og_url":"https:\/\/hutton.ee\/toode\/katuse-aluskate-isoflex-soft-75m2\/","og_site_name":"Hutton","article_publisher":"https:\/\/www.facebook.com\/huttoneesti","article_modified_time":"2025-07-24T07:16:50+00:00","og_image":[{"width":500,"height":500,"url":"https:\/\/hutton.ee\/wp-content\/uploads\/2025\/01\/Aluskate-Isoflex-Soft.png","type":"image\/png"}],"twitter_card":"summary_large_image","twitter_title":"Katuse aluskate Isoflex Soft 75m2 - Hutton","twitter_description":"Aluskate Isoflex Soft. Kasutamiseks katuse aluskattena vaid m\u00f5lemalt poolt aluskatet tuuludvates ja k\u00fclma p\u00f6\u00f6ninguga katusetarindites. Aluskatted Huttoni e-poes","twitter_misc":{"Est. reading time":"1 minute"},"schema":{"@context":"https:\/\/schema.org","@graph":[{"@type":"WebPage","@id":"https:\/\/hutton.ee\/toode\/katuse-aluskate-isoflex-soft-75m2\/","url":"https:\/\/hutton.ee\/toode\/katuse-aluskate-isoflex-soft-75m2\/","name":"Katuse aluskate Isoflex Soft 75m2 - Hutton","isPartOf":{"@id":"https:\/\/hutton.ee\/#website"},"primaryImageOfPage":{"@id":"https:\/\/hutton.ee\/toode\/katuse-aluskate-isoflex-soft-75m2\/#primaryimage"},"image":{"@id":"https:\/\/hutton.ee\/toode\/katuse-aluskate-isoflex-soft-75m2\/#primaryimage"},"thumbnailUrl":"https:\/\/hutton.ee\/wp-content\/uploads\/2025\/01\/Aluskate-Isoflex-Soft.png","datePublished":"2021-12-14T10:30:51+00:00","dateModified":"2025-07-24T07:16:50+00:00","description":"Mittehingav katuse aluskate Isoflex Soft 75m2. Katuse aluskattena vaid m\u00f5lemalt poolt aluskatet tuulduvates ja k\u00fclma p\u00f6\u00f6ninguga katusetarindites.","breadcrumb":{"@id":"https:\/\/hutton.ee\/toode\/katuse-aluskate-isoflex-soft-75m2\/#breadcrumb"},"inLanguage":"en-US","potentialAction":[{"@type":"ReadAction","target":["https:\/\/hutton.ee\/toode\/katuse-aluskate-isoflex-soft-75m2\/"]}]},{"@type":"ImageObject","inLanguage":"en-US","@id":"https:\/\/hutton.ee\/toode\/katuse-aluskate-isoflex-soft-75m2\/#primaryimage","url":"https:\/\/hutton.ee\/wp-content\/uploads\/2025\/01\/Aluskate-Isoflex-Soft.png","contentUrl":"https:\/\/hutton.ee\/wp-content\/uploads\/2025\/01\/Aluskate-Isoflex-Soft.png","width":500,"height":500,"caption":"Aluskate Isoflex Soft"},{"@type":"BreadcrumbList","@id":"https:\/\/hutton.ee\/toode\/katuse-aluskate-isoflex-soft-75m2\/#breadcrumb","itemListElement":[{"@type":"ListItem","position":1,"name":"Avaleht","item":"https:\/\/hutton.ee\/"},{"@type":"ListItem","position":2,"name":"Shop","item":"https:\/\/hutton.ee\/en\/shop\/"},{"@type":"ListItem","position":3,"name":"Katuse aluskate Isoflex Soft 75m2"}]},{"@type":"WebSite","@id":"https:\/\/hutton.ee\/#website","url":"https:\/\/hutton.ee\/","name":"Hutton","description":"Ajas kestvad ehituslahendused","publisher":{"@id":"https:\/\/hutton.ee\/#organization"},"potentialAction":[{"@type":"SearchAction","target":{"@type":"EntryPoint","urlTemplate":"https:\/\/hutton.ee\/?s={search_term_string}"},"query-input":{"@type":"PropertyValueSpecification","valueRequired":true,"valueName":"search_term_string"}}],"inLanguage":"en-US"},{"@type":"Organization","@id":"https:\/\/hutton.ee\/#organization","name":"Hutton - KATUS | SEIN | FASSAAD","url":"https:\/\/hutton.ee\/","logo":{"@type":"ImageObject","inLanguage":"en-US","@id":"https:\/\/hutton.ee\/#\/schema\/logo\/image\/","url":"https:\/\/hutton.ee\/wp-content\/uploads\/2020\/07\/hutton-logo_uuendatud-01.png","contentUrl":"https:\/\/hutton.ee\/wp-content\/uploads\/2020\/07\/hutton-logo_uuendatud-01.png","width":1064,"height":455,"caption":"Hutton - KATUS | SEIN | FASSAAD"},"image":{"@id":"https:\/\/hutton.ee\/#\/schema\/logo\/image\/"},"sameAs":["https:\/\/www.facebook.com\/huttoneesti"]}]}},"_links":{"self":[{"href":"https:\/\/hutton.ee\/en\/wp-json\/wp\/v2\/product\/11220","targetHints":{"allow":["GET"]}}],"collection":[{"href":"https:\/\/hutton.ee\/en\/wp-json\/wp\/v2\/product"}],"about":[{"href":"https:\/\/hutton.ee\/en\/wp-json\/wp\/v2\/types\/product"}],"wp:featuredmedia":[{"embeddable":true,"href":"https:\/\/hutton.ee\/en\/wp-json\/wp\/v2\/media\/26542"}],"wp:attachment":[{"href":"https:\/\/hutton.ee\/en\/wp-json\/wp\/v2\/media?parent=11220"}],"wp:term":[{"taxonomy":"product_brand","embeddable":true,"href":"https:\/\/hutton.ee\/en\/wp-json\/wp\/v2\/product_brand?post=11220"},{"taxonomy":"product_cat","embeddable":true,"href":"https:\/\/hutton.ee\/en\/wp-json\/wp\/v2\/product_cat?post=11220"},{"taxonomy":"product_tag","embeddable":true,"href":"https:\/\/hutton.ee\/en\/wp-json\/wp\/v2\/product_tag?post=11220"},{"taxonomy":"filtrisusteem","embeddable":true,"href":"https:\/\/hutton.ee\/en\/wp-json\/wp\/v2\/filtrisusteem?post=11220"},{"taxonomy":"kvaliteediklass","embeddable":true,"href":"https:\/\/hutton.ee\/en\/wp-json\/wp\/v2\/kvaliteediklass?post=11220"}],"curies":[{"name":"wp","href":"https:\/\/api.w.org\/{rel}","templated":true}]}}