{"id":11232,"date":"2021-12-14T10:30:57","date_gmt":"2021-12-14T10:30:57","guid":{"rendered":"https:\/\/hutton.ee\/product\/aurutoke-verso-standard-pe-02-100m2\/"},"modified":"2025-07-24T08:11:28","modified_gmt":"2025-07-24T08:11:28","slug":"aurutoke-verso-standard-pe-02-100m2","status":"publish","type":"product","link":"https:\/\/hutton.ee\/en\/toode\/aurutoke-verso-standard-pe-02-100m2\/","title":{"rendered":"Aurut\u00f5ke Verso Standard PE 0,2 100m2"},"content":{"rendered":"<p>Aurut\u00f5ke Verso Standard PE 0,2 100m2 on soodsaim C2 kvaliteediga aurut\u00f5kke PE kile, mis on valmistatud taask\u00e4ideldud toorainest.<\/p>\n<p><b>Kasutuskohad<\/b>:<\/p>\n<ul>\n<li>sobib kasutamiseks seintes, aga ka toestatuna p\u00f5randa- ja laetarindites.<\/li>\n<\/ul>\n<p><b>Toote p\u00f5hiomadused:<\/b><\/p>\n<ul>\n<li>v\u00e4rvus helesinine<\/li>\n<\/ul>\n<p><strong>Loe lisaks:<\/strong><\/p>\n<p><a href=\"https:\/\/hutton.ee\/aurutoke\/\">Mis on aurut\u00f5ke?<\/a><br \/>\n<a href=\"https:\/\/hutton.ee\/aurutoke-kuidas-valida-sobiv-lahendus\/\">Aurut\u00f5ke \u2013 kuidas valida sobiv lahendus?<\/a><br \/>\n<a href=\"https:\/\/hutton.ee\/enamlevinud-vead-aurutokke-paigaldamisel\/\">Enamlevinud vead aurut\u00f5kke paigaldamisel<\/a><strong><br \/>\n<\/strong><\/p>\n<p><strong>Vajadusel k\u00fcsi n\u00f5u:<br \/>\n<\/strong><\/p>\n<p><strong>Regina<\/strong> <a href=\"tel:5076742\">+372 507 6742<\/a> | <a href=\"mailto:regina@hutton.ee\">regina@hutton.ee<\/a><br \/>\n<strong>Neeme<\/strong> <a href=\"tel:5098168\">+372 509 8168<\/a> | <a href=\"mailto:neeme@hutton.ee\">neeme@hutton.ee<\/a><\/p>\n","protected":false},"excerpt":{"rendered":"<p><span style=\"text-decoration: underline;\"><span style=\"color: #ff0000; font-size: 12pt; text-decoration: underline;\"><strong><a style=\"color: #ff0000; text-decoration: underline;\" href=\"https:\/\/hutton.ee\/minu-konto\/\" target=\"_blank\" rel=\"noopener\">Registreeru p\u00fcsikliendiks<\/a><\/strong><\/span><\/span><\/p>\n<p>M\u00fc\u00fcme ka m\u00b2 p\u00f5hiselt!<\/p>\n<p><strong>Kui soovid v\u00e4iksemat kogust kui 1 rull, siis saada oma tellimus soovitud kogusega <\/strong><a style=\"color: #3771c1;\" href=\"mailto:tellimus@hutton.ee\">tellimus@hutton.ee<\/a><\/p>\n","protected":false},"featured_media":26597,"template":"","meta":{"_gspb_post_css":"","_uf_show_specific_survey":0,"_uf_disable_surveys":false},"product_brand":[],"product_cat":[2916,945,949],"product_tag":[2904,1258],"filtrisusteem":[2430,2423,2429,2410,2349,2377,2326,2341,2396,2414,2365,2404,2389,2370,2378],"kvaliteediklass":[930],"class_list":{"0":"post-11232","1":"product","2":"type-product","3":"status-publish","4":"has-post-thumbnail","6":"product_cat-hutton-top","7":"product_cat-aurutokked","8":"product_cat-aurutokke-barjaarid","9":"product_tag-4tk_block","10":"product_tag-ei_pakiautomaat","11":"filtrisusteem-0m","12":"filtrisusteem-110-g-m","13":"filtrisusteem-2429","14":"filtrisusteem-21-40","15":"filtrisusteem-c2","16":"filtrisusteem-f","17":"filtrisusteem-kaal-gm","18":"filtrisusteem-kvaliteediklass","19":"filtrisusteem-laius-rullis","20":"filtrisusteem-rebenemisaldis-100-n","21":"filtrisusteem-rebenemistugevus-klass","22":"filtrisusteem-sd-m","23":"filtrisusteem-sinine","24":"filtrisusteem-tuletundlikkus","25":"filtrisusteem-varvus","26":"kvaliteediklass-c2-rahuldav-kvaliteet","28":"first","29":"instock","30":"taxable","31":"shipping-taxable","32":"purchasable","33":"product-type-simple"},"yoast_head":"<!-- This site is optimized with the Yoast SEO Premium plugin v21.3 (Yoast SEO v27.3) - https:\/\/yoast.com\/product\/yoast-seo-premium-wordpress\/ -->\n<title>Aurut\u00f5ke Verso Standard PE 0,2 100m2 - Hutton<\/title>\n<meta name=\"description\" content=\"Aurut\u00f5ke Verso Standard PE 100m2 on soodsaim C2 kvaliteediga aurut\u00f5kke PE kile. Sobib kasutamiseks seintes, aga ka toestatuna p\u00f5randa- ja laetarindites.\" \/>\n<meta name=\"robots\" content=\"index, follow, max-snippet:-1, max-image-preview:large, max-video-preview:-1\" \/>\n<link rel=\"canonical\" href=\"https:\/\/hutton.ee\/toode\/aurutoke-verso-standard-pe-02-100m2\/\" \/>\n<meta property=\"og:locale\" content=\"en_US\" \/>\n<meta property=\"og:type\" content=\"article\" \/>\n<meta property=\"og:title\" content=\"Aurut\u00f5ke Verso Standard PE 0,2 100m2 - Hutton\" \/>\n<meta property=\"og:description\" content=\"Aurut\u00f5ke Verso Standard PE on soodsaim C2 kvaliteediga aurut\u00f5kke PE kile. Sobib kasutamiseks seintes, aga ka toestatuna p\u00f5randa- ja laetarindites. Hutton e-poes\" \/>\n<meta property=\"og:url\" content=\"https:\/\/hutton.ee\/toode\/aurutoke-verso-standard-pe-02-100m2\/\" \/>\n<meta property=\"og:site_name\" content=\"Hutton\" \/>\n<meta property=\"article:publisher\" content=\"https:\/\/www.facebook.com\/huttoneesti\" \/>\n<meta property=\"article:modified_time\" content=\"2025-07-24T08:11:28+00:00\" \/>\n<meta property=\"og:image\" content=\"https:\/\/hutton.ee\/wp-content\/uploads\/2022\/08\/Aurutoke-Verso-Standard-PE.png\" \/>\n\t<meta property=\"og:image:width\" content=\"500\" \/>\n\t<meta property=\"og:image:height\" content=\"500\" \/>\n\t<meta property=\"og:image:type\" content=\"image\/png\" \/>\n<meta name=\"twitter:card\" content=\"summary_large_image\" \/>\n<meta name=\"twitter:title\" content=\"Aurut\u00f5ke Verso Standard PE 0,2 100m2 - Hutton\" \/>\n<meta name=\"twitter:description\" content=\"Aurut\u00f5ke Verso Standard PE on soodsaim C2 kvaliteediga aurut\u00f5kke PE kile. Sobib kasutamiseks seintes, aga ka toestatuna p\u00f5randa- ja laetarindites. Hutton e-poes\" \/>\n<meta name=\"twitter:label1\" content=\"Est. reading time\" \/>\n\t<meta name=\"twitter:data1\" content=\"1 minute\" \/>\n<script type=\"application\/ld+json\" class=\"yoast-schema-graph\">{\"@context\":\"https:\\\/\\\/schema.org\",\"@graph\":[{\"@type\":\"WebPage\",\"@id\":\"https:\\\/\\\/hutton.ee\\\/toode\\\/aurutoke-verso-standard-pe-02-100m2\\\/\",\"url\":\"https:\\\/\\\/hutton.ee\\\/toode\\\/aurutoke-verso-standard-pe-02-100m2\\\/\",\"name\":\"Aurut\u00f5ke Verso Standard PE 0,2 100m2 - Hutton\",\"isPartOf\":{\"@id\":\"https:\\\/\\\/hutton.ee\\\/#website\"},\"primaryImageOfPage\":{\"@id\":\"https:\\\/\\\/hutton.ee\\\/toode\\\/aurutoke-verso-standard-pe-02-100m2\\\/#primaryimage\"},\"image\":{\"@id\":\"https:\\\/\\\/hutton.ee\\\/toode\\\/aurutoke-verso-standard-pe-02-100m2\\\/#primaryimage\"},\"thumbnailUrl\":\"https:\\\/\\\/hutton.ee\\\/wp-content\\\/uploads\\\/2022\\\/08\\\/Aurutoke-Verso-Standard-PE.png\",\"datePublished\":\"2021-12-14T10:30:57+00:00\",\"dateModified\":\"2025-07-24T08:11:28+00:00\",\"description\":\"Aurut\u00f5ke Verso Standard PE 100m2 on soodsaim C2 kvaliteediga aurut\u00f5kke PE kile. Sobib kasutamiseks seintes, aga ka toestatuna p\u00f5randa- ja laetarindites.\",\"breadcrumb\":{\"@id\":\"https:\\\/\\\/hutton.ee\\\/toode\\\/aurutoke-verso-standard-pe-02-100m2\\\/#breadcrumb\"},\"inLanguage\":\"en-US\",\"potentialAction\":[{\"@type\":\"ReadAction\",\"target\":[\"https:\\\/\\\/hutton.ee\\\/toode\\\/aurutoke-verso-standard-pe-02-100m2\\\/\"]}]},{\"@type\":\"ImageObject\",\"inLanguage\":\"en-US\",\"@id\":\"https:\\\/\\\/hutton.ee\\\/toode\\\/aurutoke-verso-standard-pe-02-100m2\\\/#primaryimage\",\"url\":\"https:\\\/\\\/hutton.ee\\\/wp-content\\\/uploads\\\/2022\\\/08\\\/Aurutoke-Verso-Standard-PE.png\",\"contentUrl\":\"https:\\\/\\\/hutton.ee\\\/wp-content\\\/uploads\\\/2022\\\/08\\\/Aurutoke-Verso-Standard-PE.png\",\"width\":500,\"height\":500,\"caption\":\"Aurut\u00f5ke Verso Standard PE\"},{\"@type\":\"BreadcrumbList\",\"@id\":\"https:\\\/\\\/hutton.ee\\\/toode\\\/aurutoke-verso-standard-pe-02-100m2\\\/#breadcrumb\",\"itemListElement\":[{\"@type\":\"ListItem\",\"position\":1,\"name\":\"Avaleht\",\"item\":\"https:\\\/\\\/hutton.ee\\\/\"},{\"@type\":\"ListItem\",\"position\":2,\"name\":\"Shop\",\"item\":\"https:\\\/\\\/hutton.ee\\\/en\\\/shop\\\/\"},{\"@type\":\"ListItem\",\"position\":3,\"name\":\"Aurut\u00f5ke Verso Standard PE 0,2 100m2\"}]},{\"@type\":\"WebSite\",\"@id\":\"https:\\\/\\\/hutton.ee\\\/#website\",\"url\":\"https:\\\/\\\/hutton.ee\\\/\",\"name\":\"Hutton\",\"description\":\"Ajas kestvad ehituslahendused\",\"publisher\":{\"@id\":\"https:\\\/\\\/hutton.ee\\\/#organization\"},\"potentialAction\":[{\"@type\":\"SearchAction\",\"target\":{\"@type\":\"EntryPoint\",\"urlTemplate\":\"https:\\\/\\\/hutton.ee\\\/?s={search_term_string}\"},\"query-input\":{\"@type\":\"PropertyValueSpecification\",\"valueRequired\":true,\"valueName\":\"search_term_string\"}}],\"inLanguage\":\"en-US\"},{\"@type\":\"Organization\",\"@id\":\"https:\\\/\\\/hutton.ee\\\/#organization\",\"name\":\"Hutton - KATUS | SEIN | FASSAAD\",\"url\":\"https:\\\/\\\/hutton.ee\\\/\",\"logo\":{\"@type\":\"ImageObject\",\"inLanguage\":\"en-US\",\"@id\":\"https:\\\/\\\/hutton.ee\\\/#\\\/schema\\\/logo\\\/image\\\/\",\"url\":\"https:\\\/\\\/hutton.ee\\\/wp-content\\\/uploads\\\/2020\\\/07\\\/hutton-logo_uuendatud-01.png\",\"contentUrl\":\"https:\\\/\\\/hutton.ee\\\/wp-content\\\/uploads\\\/2020\\\/07\\\/hutton-logo_uuendatud-01.png\",\"width\":1064,\"height\":455,\"caption\":\"Hutton - KATUS | SEIN | FASSAAD\"},\"image\":{\"@id\":\"https:\\\/\\\/hutton.ee\\\/#\\\/schema\\\/logo\\\/image\\\/\"},\"sameAs\":[\"https:\\\/\\\/www.facebook.com\\\/huttoneesti\"]}]}<\/script>\n<!-- \/ Yoast SEO Premium plugin. -->","yoast_head_json":{"title":"Aurut\u00f5ke Verso Standard PE 0,2 100m2 - Hutton","description":"Aurut\u00f5ke Verso Standard PE 100m2 on soodsaim C2 kvaliteediga aurut\u00f5kke PE kile. Sobib kasutamiseks seintes, aga ka toestatuna p\u00f5randa- ja laetarindites.","robots":{"index":"index","follow":"follow","max-snippet":"max-snippet:-1","max-image-preview":"max-image-preview:large","max-video-preview":"max-video-preview:-1"},"canonical":"https:\/\/hutton.ee\/toode\/aurutoke-verso-standard-pe-02-100m2\/","og_locale":"en_US","og_type":"article","og_title":"Aurut\u00f5ke Verso Standard PE 0,2 100m2 - Hutton","og_description":"Aurut\u00f5ke Verso Standard PE on soodsaim C2 kvaliteediga aurut\u00f5kke PE kile. Sobib kasutamiseks seintes, aga ka toestatuna p\u00f5randa- ja laetarindites. Hutton e-poes","og_url":"https:\/\/hutton.ee\/toode\/aurutoke-verso-standard-pe-02-100m2\/","og_site_name":"Hutton","article_publisher":"https:\/\/www.facebook.com\/huttoneesti","article_modified_time":"2025-07-24T08:11:28+00:00","og_image":[{"width":500,"height":500,"url":"https:\/\/hutton.ee\/wp-content\/uploads\/2022\/08\/Aurutoke-Verso-Standard-PE.png","type":"image\/png"}],"twitter_card":"summary_large_image","twitter_title":"Aurut\u00f5ke Verso Standard PE 0,2 100m2 - Hutton","twitter_description":"Aurut\u00f5ke Verso Standard PE on soodsaim C2 kvaliteediga aurut\u00f5kke PE kile. Sobib kasutamiseks seintes, aga ka toestatuna p\u00f5randa- ja laetarindites. Hutton e-poes","twitter_misc":{"Est. reading time":"1 minute"},"schema":{"@context":"https:\/\/schema.org","@graph":[{"@type":"WebPage","@id":"https:\/\/hutton.ee\/toode\/aurutoke-verso-standard-pe-02-100m2\/","url":"https:\/\/hutton.ee\/toode\/aurutoke-verso-standard-pe-02-100m2\/","name":"Aurut\u00f5ke Verso Standard PE 0,2 100m2 - Hutton","isPartOf":{"@id":"https:\/\/hutton.ee\/#website"},"primaryImageOfPage":{"@id":"https:\/\/hutton.ee\/toode\/aurutoke-verso-standard-pe-02-100m2\/#primaryimage"},"image":{"@id":"https:\/\/hutton.ee\/toode\/aurutoke-verso-standard-pe-02-100m2\/#primaryimage"},"thumbnailUrl":"https:\/\/hutton.ee\/wp-content\/uploads\/2022\/08\/Aurutoke-Verso-Standard-PE.png","datePublished":"2021-12-14T10:30:57+00:00","dateModified":"2025-07-24T08:11:28+00:00","description":"Aurut\u00f5ke Verso Standard PE 100m2 on soodsaim C2 kvaliteediga aurut\u00f5kke PE kile. Sobib kasutamiseks seintes, aga ka toestatuna p\u00f5randa- ja laetarindites.","breadcrumb":{"@id":"https:\/\/hutton.ee\/toode\/aurutoke-verso-standard-pe-02-100m2\/#breadcrumb"},"inLanguage":"en-US","potentialAction":[{"@type":"ReadAction","target":["https:\/\/hutton.ee\/toode\/aurutoke-verso-standard-pe-02-100m2\/"]}]},{"@type":"ImageObject","inLanguage":"en-US","@id":"https:\/\/hutton.ee\/toode\/aurutoke-verso-standard-pe-02-100m2\/#primaryimage","url":"https:\/\/hutton.ee\/wp-content\/uploads\/2022\/08\/Aurutoke-Verso-Standard-PE.png","contentUrl":"https:\/\/hutton.ee\/wp-content\/uploads\/2022\/08\/Aurutoke-Verso-Standard-PE.png","width":500,"height":500,"caption":"Aurut\u00f5ke Verso Standard PE"},{"@type":"BreadcrumbList","@id":"https:\/\/hutton.ee\/toode\/aurutoke-verso-standard-pe-02-100m2\/#breadcrumb","itemListElement":[{"@type":"ListItem","position":1,"name":"Avaleht","item":"https:\/\/hutton.ee\/"},{"@type":"ListItem","position":2,"name":"Shop","item":"https:\/\/hutton.ee\/en\/shop\/"},{"@type":"ListItem","position":3,"name":"Aurut\u00f5ke Verso Standard PE 0,2 100m2"}]},{"@type":"WebSite","@id":"https:\/\/hutton.ee\/#website","url":"https:\/\/hutton.ee\/","name":"Hutton","description":"Ajas kestvad ehituslahendused","publisher":{"@id":"https:\/\/hutton.ee\/#organization"},"potentialAction":[{"@type":"SearchAction","target":{"@type":"EntryPoint","urlTemplate":"https:\/\/hutton.ee\/?s={search_term_string}"},"query-input":{"@type":"PropertyValueSpecification","valueRequired":true,"valueName":"search_term_string"}}],"inLanguage":"en-US"},{"@type":"Organization","@id":"https:\/\/hutton.ee\/#organization","name":"Hutton - KATUS | SEIN | FASSAAD","url":"https:\/\/hutton.ee\/","logo":{"@type":"ImageObject","inLanguage":"en-US","@id":"https:\/\/hutton.ee\/#\/schema\/logo\/image\/","url":"https:\/\/hutton.ee\/wp-content\/uploads\/2020\/07\/hutton-logo_uuendatud-01.png","contentUrl":"https:\/\/hutton.ee\/wp-content\/uploads\/2020\/07\/hutton-logo_uuendatud-01.png","width":1064,"height":455,"caption":"Hutton - KATUS | SEIN | FASSAAD"},"image":{"@id":"https:\/\/hutton.ee\/#\/schema\/logo\/image\/"},"sameAs":["https:\/\/www.facebook.com\/huttoneesti"]}]}},"_links":{"self":[{"href":"https:\/\/hutton.ee\/en\/wp-json\/wp\/v2\/product\/11232","targetHints":{"allow":["GET"]}}],"collection":[{"href":"https:\/\/hutton.ee\/en\/wp-json\/wp\/v2\/product"}],"about":[{"href":"https:\/\/hutton.ee\/en\/wp-json\/wp\/v2\/types\/product"}],"wp:featuredmedia":[{"embeddable":true,"href":"https:\/\/hutton.ee\/en\/wp-json\/wp\/v2\/media\/26597"}],"wp:attachment":[{"href":"https:\/\/hutton.ee\/en\/wp-json\/wp\/v2\/media?parent=11232"}],"wp:term":[{"taxonomy":"product_brand","embeddable":true,"href":"https:\/\/hutton.ee\/en\/wp-json\/wp\/v2\/product_brand?post=11232"},{"taxonomy":"product_cat","embeddable":true,"href":"https:\/\/hutton.ee\/en\/wp-json\/wp\/v2\/product_cat?post=11232"},{"taxonomy":"product_tag","embeddable":true,"href":"https:\/\/hutton.ee\/en\/wp-json\/wp\/v2\/product_tag?post=11232"},{"taxonomy":"filtrisusteem","embeddable":true,"href":"https:\/\/hutton.ee\/en\/wp-json\/wp\/v2\/filtrisusteem?post=11232"},{"taxonomy":"kvaliteediklass","embeddable":true,"href":"https:\/\/hutton.ee\/en\/wp-json\/wp\/v2\/kvaliteediklass?post=11232"}],"curies":[{"name":"wp","href":"https:\/\/api.w.org\/{rel}","templated":true}]}}