{"id":11240,"date":"2021-12-14T10:30:57","date_gmt":"2021-12-14T10:30:57","guid":{"rendered":"https:\/\/hutton.ee\/product\/aknateip-feba-soft-ws-75mm-25m\/"},"modified":"2025-12-12T07:58:33","modified_gmt":"2025-12-12T07:58:33","slug":"aknateip-feba-soft-ws-75mm-25m","status":"publish","type":"product","link":"https:\/\/hutton.ee\/en\/toode\/aknateip-feba-soft-ws-75mm-25m\/","title":{"rendered":"Aknateip FEBA Soft WS 75mm\/25m"},"content":{"rendered":"<p>K\u00f5rgkvaliteetne A kvaliteedikategooria siseteip. \u00dclekrohvitav, ja v\u00e4rvitav aknateip \/ nurgateip.<br \/>\n\u00dchel teibi k\u00fcljel on kaks paigaldusriba 25|50 ja teisel k\u00fcljel \u00fcks liimiriba laiusega 25mm. UV kindlus 6 kuud.<\/p>\n<h3 style=\"font-weight: bold; font-size: 14px; font-family: lato;\">Toote p\u00f5hiomadused:<\/h3>\n<ul>\n<li>Siseteip, avat\u00e4idete paigaldusvuukide tihendamiseks<\/li>\n<li>Nakkub h\u00e4sti puidu, PVC, metalli, kile, membraani, vineeri, OSB, betooni ja kivi pindadega.<\/li>\n<\/ul>\n<p><strong>Selle toote teeb eriliseks:<\/strong><\/p>\n<ul>\n<li>Mugav k\u00e4sitseda<\/li>\n<li>V\u00e4ga hea liim<\/li>\n<li>Fingerlift katteribad<\/li>\n<li>Kvaliteet A<\/li>\n<li>UV kindlus 6 kuud<\/li>\n<li>Paigaldustemperatuur kuni -5\u00b0C<\/li>\n<li>Krohvitav fliiskate<\/li>\n<li>Kolm liimiriba &#8211; 2 paigaldusriba jaotisega 25mm|50mm ja teisel pool 1 liimiriba laiusega 25mm<\/li>\n<\/ul>\n<p><strong>Vajadusel k\u00fcsi n\u00f5u:<br \/>\n<\/strong><\/p>\n<p><strong>Regina<\/strong> <a href=\"tel:5076742\">+372 507 6742<\/a> | <a href=\"mailto:regina@hutton.ee\">regina@hutton.ee<\/a><br \/>\n<strong>Neeme<\/strong> <a href=\"tel:5098168\">+372 509 8168<\/a> | <a href=\"mailto:neeme@hutton.ee\">neeme@hutton.ee<\/a><\/p>\n","protected":false},"excerpt":{"rendered":"<p><span style=\"text-decoration: underline;\"><span style=\"color: #ff0000; font-size: 12pt; text-decoration: underline;\"><strong><a style=\"color: #ff0000; text-decoration: underline;\" href=\"https:\/\/hutton.ee\/minu-konto\/\" target=\"_blank\" rel=\"noopener\">Registreeru p\u00fcsikliendiks<\/a><\/strong><\/span><\/span><\/p>\n","protected":false},"featured_media":26609,"template":"","meta":{"_gspb_post_css":"","_uf_show_specific_survey":0,"_uf_disable_surveys":false},"product_brand":[],"product_cat":[953,958],"product_tag":[2894],"filtrisusteem":[2358,2484,2474,2520,2518,2523,2341,2479,2404,2477,2476,2351,2418,2378],"kvaliteediklass":[935],"class_list":{"0":"post-11240","1":"product","2":"type-product","3":"status-publish","4":"has-post-thumbnail","6":"product_cat-aknateibid","7":"product_cat-aknateibid-sise","8":"product_tag-12tk","9":"filtrisusteem-24-nadalat","10":"filtrisusteem-75-80","11":"filtrisusteem-a","12":"filtrisusteem-fg-ws","13":"filtrisusteem-kasutusviis","14":"filtrisusteem-krohvitav-2","15":"filtrisusteem-kvaliteediklass","16":"filtrisusteem-laius-mm","17":"filtrisusteem-sd-m","18":"filtrisusteem-siseteip","19":"filtrisusteem-sisse-voi-valja","20":"filtrisusteem-uv-kindlus","21":"filtrisusteem-valge","22":"filtrisusteem-varvus","23":"kvaliteediklass-a2-korgeim-kvaliteet","25":"first","26":"instock","27":"taxable","28":"shipping-taxable","29":"purchasable","30":"product-type-simple"},"yoast_head":"<!-- This site is optimized with the Yoast SEO Premium plugin v21.3 (Yoast SEO v27.3) - https:\/\/yoast.com\/product\/yoast-seo-premium-wordpress\/ -->\n<title>Aknateip FEBA Soft WS 75mm\/25m - Hutton<\/title>\n<meta name=\"description\" content=\"A-kvaliteediga siseteip avat\u00e4idete tihendamiseks. Krohvitav ja v\u00e4rvitav aknateip kolme liimiribaga, v\u00e4ga hea nakkega ja UV-kindel kuni 6 kuud.\" \/>\n<meta name=\"robots\" content=\"index, follow, max-snippet:-1, max-image-preview:large, max-video-preview:-1\" \/>\n<link rel=\"canonical\" href=\"https:\/\/hutton.ee\/toode\/aknateip-feba-soft-ws-75mm-25m\/\" \/>\n<meta property=\"og:locale\" content=\"en_US\" \/>\n<meta property=\"og:type\" content=\"article\" \/>\n<meta property=\"og:title\" content=\"Aknateip FEBA Soft WS 75mm\/25m - Hutton\" \/>\n<meta property=\"og:description\" content=\"Aknateip ja nurgateip FEBA Soft WS 75mm\/25m on k\u00f5rgkvaliteetne A kvaliteedikategooria siseteip kahe katteribaga. UV kindlus 6 kuud. \u00dclekrohvitav. Huttoni e-poes\" \/>\n<meta property=\"og:url\" content=\"https:\/\/hutton.ee\/toode\/aknateip-feba-soft-ws-75mm-25m\/\" \/>\n<meta property=\"og:site_name\" content=\"Hutton\" \/>\n<meta property=\"article:publisher\" content=\"https:\/\/www.facebook.com\/huttoneesti\" \/>\n<meta property=\"article:modified_time\" content=\"2025-12-12T07:58:33+00:00\" \/>\n<meta property=\"og:image\" content=\"https:\/\/hutton.ee\/wp-content\/uploads\/2022\/04\/Aknateip-FEBA-Soft-WS.png\" \/>\n\t<meta property=\"og:image:width\" content=\"500\" \/>\n\t<meta property=\"og:image:height\" content=\"500\" \/>\n\t<meta property=\"og:image:type\" content=\"image\/png\" \/>\n<meta name=\"twitter:card\" content=\"summary_large_image\" \/>\n<meta name=\"twitter:title\" content=\"Aknateip FEBA Soft WS 75mm\/25m - Hutton\" \/>\n<meta name=\"twitter:description\" content=\"Aknateip ja nurgateip FEBA Soft WS 75mm\/25m on k\u00f5rgkvaliteetne A kvaliteedikategooria siseteip kahe katteribaga. UV kindlus 6 kuud. \u00dclekrohvitav. Huttoni e-poes\" \/>\n<meta name=\"twitter:label1\" content=\"Est. reading time\" \/>\n\t<meta name=\"twitter:data1\" content=\"1 minute\" \/>\n<script type=\"application\/ld+json\" class=\"yoast-schema-graph\">{\"@context\":\"https:\\\/\\\/schema.org\",\"@graph\":[{\"@type\":\"WebPage\",\"@id\":\"https:\\\/\\\/hutton.ee\\\/toode\\\/aknateip-feba-soft-ws-75mm-25m\\\/\",\"url\":\"https:\\\/\\\/hutton.ee\\\/toode\\\/aknateip-feba-soft-ws-75mm-25m\\\/\",\"name\":\"Aknateip FEBA Soft WS 75mm\\\/25m - Hutton\",\"isPartOf\":{\"@id\":\"https:\\\/\\\/hutton.ee\\\/#website\"},\"primaryImageOfPage\":{\"@id\":\"https:\\\/\\\/hutton.ee\\\/toode\\\/aknateip-feba-soft-ws-75mm-25m\\\/#primaryimage\"},\"image\":{\"@id\":\"https:\\\/\\\/hutton.ee\\\/toode\\\/aknateip-feba-soft-ws-75mm-25m\\\/#primaryimage\"},\"thumbnailUrl\":\"https:\\\/\\\/hutton.ee\\\/wp-content\\\/uploads\\\/2022\\\/04\\\/Aknateip-FEBA-Soft-WS.png\",\"datePublished\":\"2021-12-14T10:30:57+00:00\",\"dateModified\":\"2025-12-12T07:58:33+00:00\",\"description\":\"A-kvaliteediga siseteip avat\u00e4idete tihendamiseks. Krohvitav ja v\u00e4rvitav aknateip kolme liimiribaga, v\u00e4ga hea nakkega ja UV-kindel kuni 6 kuud.\",\"breadcrumb\":{\"@id\":\"https:\\\/\\\/hutton.ee\\\/toode\\\/aknateip-feba-soft-ws-75mm-25m\\\/#breadcrumb\"},\"inLanguage\":\"en-US\",\"potentialAction\":[{\"@type\":\"ReadAction\",\"target\":[\"https:\\\/\\\/hutton.ee\\\/toode\\\/aknateip-feba-soft-ws-75mm-25m\\\/\"]}]},{\"@type\":\"ImageObject\",\"inLanguage\":\"en-US\",\"@id\":\"https:\\\/\\\/hutton.ee\\\/toode\\\/aknateip-feba-soft-ws-75mm-25m\\\/#primaryimage\",\"url\":\"https:\\\/\\\/hutton.ee\\\/wp-content\\\/uploads\\\/2022\\\/04\\\/Aknateip-FEBA-Soft-WS.png\",\"contentUrl\":\"https:\\\/\\\/hutton.ee\\\/wp-content\\\/uploads\\\/2022\\\/04\\\/Aknateip-FEBA-Soft-WS.png\",\"width\":500,\"height\":500,\"caption\":\"Aknateip FEBA Soft WS\"},{\"@type\":\"BreadcrumbList\",\"@id\":\"https:\\\/\\\/hutton.ee\\\/toode\\\/aknateip-feba-soft-ws-75mm-25m\\\/#breadcrumb\",\"itemListElement\":[{\"@type\":\"ListItem\",\"position\":1,\"name\":\"Avaleht\",\"item\":\"https:\\\/\\\/hutton.ee\\\/\"},{\"@type\":\"ListItem\",\"position\":2,\"name\":\"Shop\",\"item\":\"https:\\\/\\\/hutton.ee\\\/en\\\/shop\\\/\"},{\"@type\":\"ListItem\",\"position\":3,\"name\":\"Aknateip FEBA Soft WS 75mm\\\/25m\"}]},{\"@type\":\"WebSite\",\"@id\":\"https:\\\/\\\/hutton.ee\\\/#website\",\"url\":\"https:\\\/\\\/hutton.ee\\\/\",\"name\":\"Hutton\",\"description\":\"Ajas kestvad ehituslahendused\",\"publisher\":{\"@id\":\"https:\\\/\\\/hutton.ee\\\/#organization\"},\"potentialAction\":[{\"@type\":\"SearchAction\",\"target\":{\"@type\":\"EntryPoint\",\"urlTemplate\":\"https:\\\/\\\/hutton.ee\\\/?s={search_term_string}\"},\"query-input\":{\"@type\":\"PropertyValueSpecification\",\"valueRequired\":true,\"valueName\":\"search_term_string\"}}],\"inLanguage\":\"en-US\"},{\"@type\":\"Organization\",\"@id\":\"https:\\\/\\\/hutton.ee\\\/#organization\",\"name\":\"Hutton - KATUS | SEIN | FASSAAD\",\"url\":\"https:\\\/\\\/hutton.ee\\\/\",\"logo\":{\"@type\":\"ImageObject\",\"inLanguage\":\"en-US\",\"@id\":\"https:\\\/\\\/hutton.ee\\\/#\\\/schema\\\/logo\\\/image\\\/\",\"url\":\"https:\\\/\\\/hutton.ee\\\/wp-content\\\/uploads\\\/2020\\\/07\\\/hutton-logo_uuendatud-01.png\",\"contentUrl\":\"https:\\\/\\\/hutton.ee\\\/wp-content\\\/uploads\\\/2020\\\/07\\\/hutton-logo_uuendatud-01.png\",\"width\":1064,\"height\":455,\"caption\":\"Hutton - KATUS | SEIN | FASSAAD\"},\"image\":{\"@id\":\"https:\\\/\\\/hutton.ee\\\/#\\\/schema\\\/logo\\\/image\\\/\"},\"sameAs\":[\"https:\\\/\\\/www.facebook.com\\\/huttoneesti\"]}]}<\/script>\n<!-- \/ Yoast SEO Premium plugin. -->","yoast_head_json":{"title":"Aknateip FEBA Soft WS 75mm\/25m - Hutton","description":"A-kvaliteediga siseteip avat\u00e4idete tihendamiseks. Krohvitav ja v\u00e4rvitav aknateip kolme liimiribaga, v\u00e4ga hea nakkega ja UV-kindel kuni 6 kuud.","robots":{"index":"index","follow":"follow","max-snippet":"max-snippet:-1","max-image-preview":"max-image-preview:large","max-video-preview":"max-video-preview:-1"},"canonical":"https:\/\/hutton.ee\/toode\/aknateip-feba-soft-ws-75mm-25m\/","og_locale":"en_US","og_type":"article","og_title":"Aknateip FEBA Soft WS 75mm\/25m - Hutton","og_description":"Aknateip ja nurgateip FEBA Soft WS 75mm\/25m on k\u00f5rgkvaliteetne A kvaliteedikategooria siseteip kahe katteribaga. UV kindlus 6 kuud. \u00dclekrohvitav. Huttoni e-poes","og_url":"https:\/\/hutton.ee\/toode\/aknateip-feba-soft-ws-75mm-25m\/","og_site_name":"Hutton","article_publisher":"https:\/\/www.facebook.com\/huttoneesti","article_modified_time":"2025-12-12T07:58:33+00:00","og_image":[{"width":500,"height":500,"url":"https:\/\/hutton.ee\/wp-content\/uploads\/2022\/04\/Aknateip-FEBA-Soft-WS.png","type":"image\/png"}],"twitter_card":"summary_large_image","twitter_title":"Aknateip FEBA Soft WS 75mm\/25m - Hutton","twitter_description":"Aknateip ja nurgateip FEBA Soft WS 75mm\/25m on k\u00f5rgkvaliteetne A kvaliteedikategooria siseteip kahe katteribaga. UV kindlus 6 kuud. \u00dclekrohvitav. Huttoni e-poes","twitter_misc":{"Est. reading time":"1 minute"},"schema":{"@context":"https:\/\/schema.org","@graph":[{"@type":"WebPage","@id":"https:\/\/hutton.ee\/toode\/aknateip-feba-soft-ws-75mm-25m\/","url":"https:\/\/hutton.ee\/toode\/aknateip-feba-soft-ws-75mm-25m\/","name":"Aknateip FEBA Soft WS 75mm\/25m - Hutton","isPartOf":{"@id":"https:\/\/hutton.ee\/#website"},"primaryImageOfPage":{"@id":"https:\/\/hutton.ee\/toode\/aknateip-feba-soft-ws-75mm-25m\/#primaryimage"},"image":{"@id":"https:\/\/hutton.ee\/toode\/aknateip-feba-soft-ws-75mm-25m\/#primaryimage"},"thumbnailUrl":"https:\/\/hutton.ee\/wp-content\/uploads\/2022\/04\/Aknateip-FEBA-Soft-WS.png","datePublished":"2021-12-14T10:30:57+00:00","dateModified":"2025-12-12T07:58:33+00:00","description":"A-kvaliteediga siseteip avat\u00e4idete tihendamiseks. Krohvitav ja v\u00e4rvitav aknateip kolme liimiribaga, v\u00e4ga hea nakkega ja UV-kindel kuni 6 kuud.","breadcrumb":{"@id":"https:\/\/hutton.ee\/toode\/aknateip-feba-soft-ws-75mm-25m\/#breadcrumb"},"inLanguage":"en-US","potentialAction":[{"@type":"ReadAction","target":["https:\/\/hutton.ee\/toode\/aknateip-feba-soft-ws-75mm-25m\/"]}]},{"@type":"ImageObject","inLanguage":"en-US","@id":"https:\/\/hutton.ee\/toode\/aknateip-feba-soft-ws-75mm-25m\/#primaryimage","url":"https:\/\/hutton.ee\/wp-content\/uploads\/2022\/04\/Aknateip-FEBA-Soft-WS.png","contentUrl":"https:\/\/hutton.ee\/wp-content\/uploads\/2022\/04\/Aknateip-FEBA-Soft-WS.png","width":500,"height":500,"caption":"Aknateip FEBA Soft WS"},{"@type":"BreadcrumbList","@id":"https:\/\/hutton.ee\/toode\/aknateip-feba-soft-ws-75mm-25m\/#breadcrumb","itemListElement":[{"@type":"ListItem","position":1,"name":"Avaleht","item":"https:\/\/hutton.ee\/"},{"@type":"ListItem","position":2,"name":"Shop","item":"https:\/\/hutton.ee\/en\/shop\/"},{"@type":"ListItem","position":3,"name":"Aknateip FEBA Soft WS 75mm\/25m"}]},{"@type":"WebSite","@id":"https:\/\/hutton.ee\/#website","url":"https:\/\/hutton.ee\/","name":"Hutton","description":"Ajas kestvad ehituslahendused","publisher":{"@id":"https:\/\/hutton.ee\/#organization"},"potentialAction":[{"@type":"SearchAction","target":{"@type":"EntryPoint","urlTemplate":"https:\/\/hutton.ee\/?s={search_term_string}"},"query-input":{"@type":"PropertyValueSpecification","valueRequired":true,"valueName":"search_term_string"}}],"inLanguage":"en-US"},{"@type":"Organization","@id":"https:\/\/hutton.ee\/#organization","name":"Hutton - KATUS | SEIN | FASSAAD","url":"https:\/\/hutton.ee\/","logo":{"@type":"ImageObject","inLanguage":"en-US","@id":"https:\/\/hutton.ee\/#\/schema\/logo\/image\/","url":"https:\/\/hutton.ee\/wp-content\/uploads\/2020\/07\/hutton-logo_uuendatud-01.png","contentUrl":"https:\/\/hutton.ee\/wp-content\/uploads\/2020\/07\/hutton-logo_uuendatud-01.png","width":1064,"height":455,"caption":"Hutton - KATUS | SEIN | FASSAAD"},"image":{"@id":"https:\/\/hutton.ee\/#\/schema\/logo\/image\/"},"sameAs":["https:\/\/www.facebook.com\/huttoneesti"]}]}},"_links":{"self":[{"href":"https:\/\/hutton.ee\/en\/wp-json\/wp\/v2\/product\/11240","targetHints":{"allow":["GET"]}}],"collection":[{"href":"https:\/\/hutton.ee\/en\/wp-json\/wp\/v2\/product"}],"about":[{"href":"https:\/\/hutton.ee\/en\/wp-json\/wp\/v2\/types\/product"}],"wp:featuredmedia":[{"embeddable":true,"href":"https:\/\/hutton.ee\/en\/wp-json\/wp\/v2\/media\/26609"}],"wp:attachment":[{"href":"https:\/\/hutton.ee\/en\/wp-json\/wp\/v2\/media?parent=11240"}],"wp:term":[{"taxonomy":"product_brand","embeddable":true,"href":"https:\/\/hutton.ee\/en\/wp-json\/wp\/v2\/product_brand?post=11240"},{"taxonomy":"product_cat","embeddable":true,"href":"https:\/\/hutton.ee\/en\/wp-json\/wp\/v2\/product_cat?post=11240"},{"taxonomy":"product_tag","embeddable":true,"href":"https:\/\/hutton.ee\/en\/wp-json\/wp\/v2\/product_tag?post=11240"},{"taxonomy":"filtrisusteem","embeddable":true,"href":"https:\/\/hutton.ee\/en\/wp-json\/wp\/v2\/filtrisusteem?post=11240"},{"taxonomy":"kvaliteediklass","embeddable":true,"href":"https:\/\/hutton.ee\/en\/wp-json\/wp\/v2\/kvaliteediklass?post=11240"}],"curies":[{"name":"wp","href":"https:\/\/api.w.org\/{rel}","templated":true}]}}