{"id":11261,"date":"2021-12-14T10:31:04","date_gmt":"2021-12-14T10:31:04","guid":{"rendered":"https:\/\/hutton.ee\/product\/teip-airstop-elasto-100mm-25m\/"},"modified":"2025-07-24T08:35:30","modified_gmt":"2025-07-24T08:35:30","slug":"teip-airstop-elasto-100mm-25m","status":"publish","type":"product","link":"https:\/\/hutton.ee\/en\/toode\/teip-airstop-elasto-100mm-25m\/","title":{"rendered":"Teip Airstop Elasto 100mm\/25m"},"content":{"rendered":"<p>Teip Airstop Elasto 100mm\/25m on k\u00f5rgkvaliteetne A kvaliteedikategooria siseteip, mida on lubatud kasutada ka v\u00e4ljas. UV kindlus 2 kuud.<\/p>\n<p><b>Toote p\u00f5hiomadused:<\/b><\/p>\n<ul>\n<li>Aurut\u00f5kke, katuse aluskatte ja tuulet\u00f5kke tihendamiseks<\/li>\n<li>Nakkub h\u00e4sti kile, membraani, vineeri, OSB, puidu, metalli, betooni ja kivi pindadega<\/li>\n<li>K\u00f5rgeima kvaliteediga siseteip Eesti turul.<\/li>\n<\/ul>\n<p><strong>Selle toote teeb eriliseks:<\/strong><\/p>\n<ul>\n<li>Mugav k\u00e4sitseda<\/li>\n<li>V\u00e4ga hea liim<\/li>\n<li>Kvaliteet A<\/li>\n<li>UV kindlus 2 kuud<\/li>\n<li>Paigaldustemperatuur kuni -5\u00b0C<\/li>\n<li>LDPE kile<\/li>\n<li>Vett mittekartev<\/li>\n<li>Ilus roheline v\u00e4rvus<\/li>\n<\/ul>\n<p><strong>Loe l\u00e4hemalt:<\/strong><\/p>\n<p><a href=\"https:\/\/hutton.ee\/mis-on-ehitusteip\/\">Mis on ehitusteip?<\/a><\/p>\n<p><strong>Vajadusel k\u00fcsi n\u00f5u:<br \/>\n<\/strong><\/p>\n<p><strong>Regina<\/strong> <a href=\"tel:5076742\">+372 507 6742<\/a> | <a href=\"mailto:regina@hutton.ee\">regina@hutton.ee<\/a><br \/>\n<strong>Neeme<\/strong> <a href=\"tel:5098168\">+372 509 8168<\/a> | <a href=\"mailto:neeme@hutton.ee\">neeme@hutton.ee<\/a><\/p>\n","protected":false},"excerpt":{"rendered":"<p><span style=\"text-decoration: underline;\"><span style=\"color: #ff0000; font-size: 12pt; text-decoration: underline;\"><strong><a style=\"color: #ff0000; text-decoration: underline;\" href=\"https:\/\/hutton.ee\/minu-konto\/\" target=\"_blank\" rel=\"noopener\">Registreeru p\u00fcsikliendiks<\/a>!<\/strong><\/span><\/span><\/p>\n","protected":false},"featured_media":26651,"template":"","meta":{"_gspb_post_css":"","_uf_show_specific_survey":0,"_uf_disable_surveys":false},"product_brand":[],"product_cat":[954,955],"product_tag":[2894],"filtrisusteem":[2485,2355,2474,2341,2479,2495,2404,2477,2476,2351,2378],"kvaliteediklass":[933],"class_list":{"0":"post-11261","1":"product","2":"type-product","3":"status-publish","4":"has-post-thumbnail","6":"product_cat-ehitusteibid","7":"product_cat-aurutokke-teibid","8":"product_tag-12tk","9":"filtrisusteem-100-2","10":"filtrisusteem-8-nadalat","11":"filtrisusteem-a","12":"filtrisusteem-kvaliteediklass","13":"filtrisusteem-laius-mm","14":"filtrisusteem-roheline","15":"filtrisusteem-sd-m","16":"filtrisusteem-siseteip","17":"filtrisusteem-sisse-voi-valja","18":"filtrisusteem-uv-kindlus","19":"filtrisusteem-varvus","20":"kvaliteediklass-a3-korgeim-kvaliteet","22":"first","23":"instock","24":"taxable","25":"shipping-taxable","26":"purchasable","27":"product-type-simple"},"yoast_head":"<!-- This site is optimized with the Yoast SEO Premium plugin v21.3 (Yoast SEO v27.3) - https:\/\/yoast.com\/product\/yoast-seo-premium-wordpress\/ -->\n<title>Teip Airstop Elasto 100mm\/25m - Hutton<\/title>\n<meta name=\"description\" content=\"Teip Airstop Elasto 100mm\/25m. K\u00f5rgkvaliteetne A kvaliteedikategooria siseteip, lubatud kasutada v\u00e4ljas, UV kindlus 8 n\u00e4dalat.\" \/>\n<meta name=\"robots\" content=\"index, follow, max-snippet:-1, max-image-preview:large, max-video-preview:-1\" \/>\n<link rel=\"canonical\" href=\"https:\/\/hutton.ee\/toode\/teip-airstop-elasto-100mm-25m\/\" \/>\n<meta property=\"og:locale\" content=\"en_US\" \/>\n<meta property=\"og:type\" content=\"article\" \/>\n<meta property=\"og:title\" content=\"Teip Airstop Elasto 100mm\/25m\" \/>\n<meta property=\"og:description\" content=\"Teip Airstop Elasto 100mm\/25m. K\u00f5rgkvaliteetne A kvaliteedikategooria siseteip, lubatud kasutada v\u00e4ljas, UV kindlus 8 n\u00e4dalat.\" \/>\n<meta property=\"og:url\" content=\"https:\/\/hutton.ee\/toode\/teip-airstop-elasto-100mm-25m\/\" \/>\n<meta property=\"og:site_name\" content=\"Hutton\" \/>\n<meta property=\"article:publisher\" content=\"https:\/\/www.facebook.com\/huttoneesti\" \/>\n<meta property=\"article:modified_time\" content=\"2025-07-24T08:35:30+00:00\" \/>\n<meta property=\"og:image\" content=\"https:\/\/hutton.ee\/wp-content\/uploads\/2023\/08\/Aurutokke-teip-Airstop-Elasto.png\" \/>\n\t<meta property=\"og:image:width\" content=\"500\" \/>\n\t<meta property=\"og:image:height\" content=\"500\" \/>\n\t<meta property=\"og:image:type\" content=\"image\/png\" \/>\n<meta name=\"twitter:card\" content=\"summary_large_image\" \/>\n<meta name=\"twitter:label1\" content=\"Est. reading time\" \/>\n\t<meta name=\"twitter:data1\" content=\"1 minute\" \/>\n<script type=\"application\/ld+json\" class=\"yoast-schema-graph\">{\"@context\":\"https:\\\/\\\/schema.org\",\"@graph\":[{\"@type\":\"WebPage\",\"@id\":\"https:\\\/\\\/hutton.ee\\\/toode\\\/teip-airstop-elasto-100mm-25m\\\/\",\"url\":\"https:\\\/\\\/hutton.ee\\\/toode\\\/teip-airstop-elasto-100mm-25m\\\/\",\"name\":\"Teip Airstop Elasto 100mm\\\/25m - Hutton\",\"isPartOf\":{\"@id\":\"https:\\\/\\\/hutton.ee\\\/#website\"},\"primaryImageOfPage\":{\"@id\":\"https:\\\/\\\/hutton.ee\\\/toode\\\/teip-airstop-elasto-100mm-25m\\\/#primaryimage\"},\"image\":{\"@id\":\"https:\\\/\\\/hutton.ee\\\/toode\\\/teip-airstop-elasto-100mm-25m\\\/#primaryimage\"},\"thumbnailUrl\":\"https:\\\/\\\/hutton.ee\\\/wp-content\\\/uploads\\\/2023\\\/08\\\/Aurutokke-teip-Airstop-Elasto.png\",\"datePublished\":\"2021-12-14T10:31:04+00:00\",\"dateModified\":\"2025-07-24T08:35:30+00:00\",\"description\":\"Teip Airstop Elasto 100mm\\\/25m. K\u00f5rgkvaliteetne A kvaliteedikategooria siseteip, lubatud kasutada v\u00e4ljas, UV kindlus 8 n\u00e4dalat.\",\"breadcrumb\":{\"@id\":\"https:\\\/\\\/hutton.ee\\\/toode\\\/teip-airstop-elasto-100mm-25m\\\/#breadcrumb\"},\"inLanguage\":\"en-US\",\"potentialAction\":[{\"@type\":\"ReadAction\",\"target\":[\"https:\\\/\\\/hutton.ee\\\/toode\\\/teip-airstop-elasto-100mm-25m\\\/\"]}]},{\"@type\":\"ImageObject\",\"inLanguage\":\"en-US\",\"@id\":\"https:\\\/\\\/hutton.ee\\\/toode\\\/teip-airstop-elasto-100mm-25m\\\/#primaryimage\",\"url\":\"https:\\\/\\\/hutton.ee\\\/wp-content\\\/uploads\\\/2023\\\/08\\\/Aurutokke-teip-Airstop-Elasto.png\",\"contentUrl\":\"https:\\\/\\\/hutton.ee\\\/wp-content\\\/uploads\\\/2023\\\/08\\\/Aurutokke-teip-Airstop-Elasto.png\",\"width\":500,\"height\":500,\"caption\":\"Aurut\u00f5kke teip Airstop Elasto\"},{\"@type\":\"BreadcrumbList\",\"@id\":\"https:\\\/\\\/hutton.ee\\\/toode\\\/teip-airstop-elasto-100mm-25m\\\/#breadcrumb\",\"itemListElement\":[{\"@type\":\"ListItem\",\"position\":1,\"name\":\"Avaleht\",\"item\":\"https:\\\/\\\/hutton.ee\\\/\"},{\"@type\":\"ListItem\",\"position\":2,\"name\":\"Shop\",\"item\":\"https:\\\/\\\/hutton.ee\\\/en\\\/shop\\\/\"},{\"@type\":\"ListItem\",\"position\":3,\"name\":\"Teip Airstop Elasto 100mm\\\/25m\"}]},{\"@type\":\"WebSite\",\"@id\":\"https:\\\/\\\/hutton.ee\\\/#website\",\"url\":\"https:\\\/\\\/hutton.ee\\\/\",\"name\":\"Hutton\",\"description\":\"Ajas kestvad ehituslahendused\",\"publisher\":{\"@id\":\"https:\\\/\\\/hutton.ee\\\/#organization\"},\"potentialAction\":[{\"@type\":\"SearchAction\",\"target\":{\"@type\":\"EntryPoint\",\"urlTemplate\":\"https:\\\/\\\/hutton.ee\\\/?s={search_term_string}\"},\"query-input\":{\"@type\":\"PropertyValueSpecification\",\"valueRequired\":true,\"valueName\":\"search_term_string\"}}],\"inLanguage\":\"en-US\"},{\"@type\":\"Organization\",\"@id\":\"https:\\\/\\\/hutton.ee\\\/#organization\",\"name\":\"Hutton - KATUS | SEIN | FASSAAD\",\"url\":\"https:\\\/\\\/hutton.ee\\\/\",\"logo\":{\"@type\":\"ImageObject\",\"inLanguage\":\"en-US\",\"@id\":\"https:\\\/\\\/hutton.ee\\\/#\\\/schema\\\/logo\\\/image\\\/\",\"url\":\"https:\\\/\\\/hutton.ee\\\/wp-content\\\/uploads\\\/2020\\\/07\\\/hutton-logo_uuendatud-01.png\",\"contentUrl\":\"https:\\\/\\\/hutton.ee\\\/wp-content\\\/uploads\\\/2020\\\/07\\\/hutton-logo_uuendatud-01.png\",\"width\":1064,\"height\":455,\"caption\":\"Hutton - KATUS | SEIN | FASSAAD\"},\"image\":{\"@id\":\"https:\\\/\\\/hutton.ee\\\/#\\\/schema\\\/logo\\\/image\\\/\"},\"sameAs\":[\"https:\\\/\\\/www.facebook.com\\\/huttoneesti\"]}]}<\/script>\n<!-- \/ Yoast SEO Premium plugin. -->","yoast_head_json":{"title":"Teip Airstop Elasto 100mm\/25m - Hutton","description":"Teip Airstop Elasto 100mm\/25m. K\u00f5rgkvaliteetne A kvaliteedikategooria siseteip, lubatud kasutada v\u00e4ljas, UV kindlus 8 n\u00e4dalat.","robots":{"index":"index","follow":"follow","max-snippet":"max-snippet:-1","max-image-preview":"max-image-preview:large","max-video-preview":"max-video-preview:-1"},"canonical":"https:\/\/hutton.ee\/toode\/teip-airstop-elasto-100mm-25m\/","og_locale":"en_US","og_type":"article","og_title":"Teip Airstop Elasto 100mm\/25m","og_description":"Teip Airstop Elasto 100mm\/25m. K\u00f5rgkvaliteetne A kvaliteedikategooria siseteip, lubatud kasutada v\u00e4ljas, UV kindlus 8 n\u00e4dalat.","og_url":"https:\/\/hutton.ee\/toode\/teip-airstop-elasto-100mm-25m\/","og_site_name":"Hutton","article_publisher":"https:\/\/www.facebook.com\/huttoneesti","article_modified_time":"2025-07-24T08:35:30+00:00","og_image":[{"width":500,"height":500,"url":"https:\/\/hutton.ee\/wp-content\/uploads\/2023\/08\/Aurutokke-teip-Airstop-Elasto.png","type":"image\/png"}],"twitter_card":"summary_large_image","twitter_misc":{"Est. reading time":"1 minute"},"schema":{"@context":"https:\/\/schema.org","@graph":[{"@type":"WebPage","@id":"https:\/\/hutton.ee\/toode\/teip-airstop-elasto-100mm-25m\/","url":"https:\/\/hutton.ee\/toode\/teip-airstop-elasto-100mm-25m\/","name":"Teip Airstop Elasto 100mm\/25m - Hutton","isPartOf":{"@id":"https:\/\/hutton.ee\/#website"},"primaryImageOfPage":{"@id":"https:\/\/hutton.ee\/toode\/teip-airstop-elasto-100mm-25m\/#primaryimage"},"image":{"@id":"https:\/\/hutton.ee\/toode\/teip-airstop-elasto-100mm-25m\/#primaryimage"},"thumbnailUrl":"https:\/\/hutton.ee\/wp-content\/uploads\/2023\/08\/Aurutokke-teip-Airstop-Elasto.png","datePublished":"2021-12-14T10:31:04+00:00","dateModified":"2025-07-24T08:35:30+00:00","description":"Teip Airstop Elasto 100mm\/25m. K\u00f5rgkvaliteetne A kvaliteedikategooria siseteip, lubatud kasutada v\u00e4ljas, UV kindlus 8 n\u00e4dalat.","breadcrumb":{"@id":"https:\/\/hutton.ee\/toode\/teip-airstop-elasto-100mm-25m\/#breadcrumb"},"inLanguage":"en-US","potentialAction":[{"@type":"ReadAction","target":["https:\/\/hutton.ee\/toode\/teip-airstop-elasto-100mm-25m\/"]}]},{"@type":"ImageObject","inLanguage":"en-US","@id":"https:\/\/hutton.ee\/toode\/teip-airstop-elasto-100mm-25m\/#primaryimage","url":"https:\/\/hutton.ee\/wp-content\/uploads\/2023\/08\/Aurutokke-teip-Airstop-Elasto.png","contentUrl":"https:\/\/hutton.ee\/wp-content\/uploads\/2023\/08\/Aurutokke-teip-Airstop-Elasto.png","width":500,"height":500,"caption":"Aurut\u00f5kke teip Airstop Elasto"},{"@type":"BreadcrumbList","@id":"https:\/\/hutton.ee\/toode\/teip-airstop-elasto-100mm-25m\/#breadcrumb","itemListElement":[{"@type":"ListItem","position":1,"name":"Avaleht","item":"https:\/\/hutton.ee\/"},{"@type":"ListItem","position":2,"name":"Shop","item":"https:\/\/hutton.ee\/en\/shop\/"},{"@type":"ListItem","position":3,"name":"Teip Airstop Elasto 100mm\/25m"}]},{"@type":"WebSite","@id":"https:\/\/hutton.ee\/#website","url":"https:\/\/hutton.ee\/","name":"Hutton","description":"Ajas kestvad ehituslahendused","publisher":{"@id":"https:\/\/hutton.ee\/#organization"},"potentialAction":[{"@type":"SearchAction","target":{"@type":"EntryPoint","urlTemplate":"https:\/\/hutton.ee\/?s={search_term_string}"},"query-input":{"@type":"PropertyValueSpecification","valueRequired":true,"valueName":"search_term_string"}}],"inLanguage":"en-US"},{"@type":"Organization","@id":"https:\/\/hutton.ee\/#organization","name":"Hutton - KATUS | SEIN | FASSAAD","url":"https:\/\/hutton.ee\/","logo":{"@type":"ImageObject","inLanguage":"en-US","@id":"https:\/\/hutton.ee\/#\/schema\/logo\/image\/","url":"https:\/\/hutton.ee\/wp-content\/uploads\/2020\/07\/hutton-logo_uuendatud-01.png","contentUrl":"https:\/\/hutton.ee\/wp-content\/uploads\/2020\/07\/hutton-logo_uuendatud-01.png","width":1064,"height":455,"caption":"Hutton - KATUS | SEIN | FASSAAD"},"image":{"@id":"https:\/\/hutton.ee\/#\/schema\/logo\/image\/"},"sameAs":["https:\/\/www.facebook.com\/huttoneesti"]}]}},"_links":{"self":[{"href":"https:\/\/hutton.ee\/en\/wp-json\/wp\/v2\/product\/11261","targetHints":{"allow":["GET"]}}],"collection":[{"href":"https:\/\/hutton.ee\/en\/wp-json\/wp\/v2\/product"}],"about":[{"href":"https:\/\/hutton.ee\/en\/wp-json\/wp\/v2\/types\/product"}],"wp:featuredmedia":[{"embeddable":true,"href":"https:\/\/hutton.ee\/en\/wp-json\/wp\/v2\/media\/26651"}],"wp:attachment":[{"href":"https:\/\/hutton.ee\/en\/wp-json\/wp\/v2\/media?parent=11261"}],"wp:term":[{"taxonomy":"product_brand","embeddable":true,"href":"https:\/\/hutton.ee\/en\/wp-json\/wp\/v2\/product_brand?post=11261"},{"taxonomy":"product_cat","embeddable":true,"href":"https:\/\/hutton.ee\/en\/wp-json\/wp\/v2\/product_cat?post=11261"},{"taxonomy":"product_tag","embeddable":true,"href":"https:\/\/hutton.ee\/en\/wp-json\/wp\/v2\/product_tag?post=11261"},{"taxonomy":"filtrisusteem","embeddable":true,"href":"https:\/\/hutton.ee\/en\/wp-json\/wp\/v2\/filtrisusteem?post=11261"},{"taxonomy":"kvaliteediklass","embeddable":true,"href":"https:\/\/hutton.ee\/en\/wp-json\/wp\/v2\/kvaliteediklass?post=11261"}],"curies":[{"name":"wp","href":"https:\/\/api.w.org\/{rel}","templated":true}]}}