{"id":11274,"date":"2021-12-14T10:31:09","date_gmt":"2021-12-14T10:31:09","guid":{"rendered":"https:\/\/hutton.ee\/product\/winbag\/"},"modified":"2025-03-12T10:58:49","modified_gmt":"2025-03-12T10:58:49","slug":"winbag-tostepadi","status":"publish","type":"product","link":"https:\/\/hutton.ee\/en\/toode\/winbag-tostepadi\/","title":{"rendered":"Winbag &#8211; t\u00f5stepadi"},"content":{"rendered":"<p>Winbag &#8211; Manuaalselt t\u00e4ispumbatav t\u00f5stepadi.<\/p>\n<p>Winbag t\u00f5stepadi on k\u00e4sitsi opereeritav v\u00e4ga v\u00f5imas kiududega tugevdatud materjalist t\u00e4ispuhutav \u00f5hkpadi. Padi on disainitud tagama maksimaalset r\u00f5hku 220 naela ning seda v\u00f5ib kasutada vahet\u00fckkide ja kiilude asendamiseks mitmesugustes raskustes. \u00d5hkpadi annab kasutajale piiritud reguleerimisv\u00f5imalused nt akende paigaldamisel, raskete uste \u00f5igesse asendisse t\u00f5stmisel, m\u00f6\u00f6bli, k\u00f6\u00f6gikappide ja kodumasinate paigaldamisel\/loodimisel. Winbag&#8217;i v\u00f5ib samuti efektiivselt kasutada ukse sulundina.<\/p>\n<p><strong>Eelised:<\/strong><\/p>\n<ul>\n<li>Akende ja uste paigaldust\u00f6\u00f6riist, mis asendab vahet\u00fckkide v\u00f5i plastik\/puitkiilude kasutamist &#8211; on lihtsam, kiirem ja t\u00e4psem<\/li>\n<li>V\u00e4ga mugav ja hea kiire viis kasutada ka m\u00f6\u00f6bli v\u00f5i kodumasinate paigaldamisel nivelleerimist\u00f6\u00f6deks &#8211; lihtne kasutada &#8211; on j\u00f5ukohane ka naistele<\/li>\n<li>Pehme \u00f5hkpadi ei j\u00e4ta m\u00e4rke\/kriimustusi<\/li>\n<li>Suudab \u00fcles t\u00f5sta kuni 135kg<\/li>\n<li>Vastupidavast materjalist, taas kasutamiseks paljudeks aastateks<\/li>\n<li>S\u00e4\u00e4stab aega ja v\u00f5imaldab t\u00f6\u00f6 ka \u00fcksi kiirelt \u00e4ra teha<\/li>\n<\/ul>\n<p>Vaata l\u00e4hemalt, kuidas Winbag t\u00f5stepatja kasutada <a href=\"https:\/\/www.youtube.com\/watch?v=iFtnLc3ueUU\" target=\"_blank\" rel=\"noopener\"><strong>siit<\/strong><\/a>.<\/p>\n<p>Winbag Eesti<\/p>\n","protected":false},"excerpt":{"rendered":"<p>&nbsp;<\/p>\n<p><em><strong>NB!<\/strong> Valides maksmisel k\u00e4ttesaamise viisiks &#8220;Tulen ise j\u00e4rgi&#8221; on v\u00f5imalus ise j\u00e4rgi tulla ainult Tartus T\u00e4he 110.<\/em><\/p>\n","protected":false},"featured_media":26714,"template":"","meta":{"_gspb_post_css":"","_uf_show_specific_survey":0,"_uf_disable_surveys":false},"product_brand":[],"product_cat":[968,1095],"product_tag":[],"filtrisusteem":[],"kvaliteediklass":[],"class_list":{"0":"post-11274","1":"product","2":"type-product","3":"status-publish","4":"has-post-thumbnail","6":"product_cat-tooriistad","7":"product_cat-leiunurk","9":"first","10":"instock","11":"taxable","12":"shipping-taxable","13":"purchasable","14":"product-type-simple"},"yoast_head":"<!-- This site is optimized with the Yoast SEO Premium plugin v21.3 (Yoast SEO v27.5) - https:\/\/yoast.com\/product\/yoast-seo-premium-wordpress\/ -->\n<title>Winbag - t\u00f5stepadi - Hutton<\/title>\n<meta name=\"description\" content=\"Winbag - t\u00f5stepadi - Manuaalselt t\u00e4ispumbatav t\u00f5stepadi. Lihtsustab uste, akende, m\u00f6\u00f6bli ja kodumasinate paigaldamist. T\u00f5stej\u00f5ud on 135kg. Hutton e-poest.\" \/>\n<meta name=\"robots\" content=\"index, follow, max-snippet:-1, max-image-preview:large, max-video-preview:-1\" \/>\n<link rel=\"canonical\" href=\"https:\/\/hutton.ee\/toode\/winbag-tostepadi\/\" \/>\n<meta property=\"og:locale\" content=\"en_US\" \/>\n<meta property=\"og:type\" content=\"article\" \/>\n<meta property=\"og:title\" content=\"Winbag - t\u00f5stepadi - Hutton\" \/>\n<meta property=\"og:description\" content=\"Winbag Eesti - Manuaalselt t\u00e4ispumbatav t\u00f5stepadi. Lihtsustab uste, akende, m\u00f6\u00f6bli ja kodumasinate paigaldamist. T\u00f5stej\u00f5ud on 135kg. Vaata rohkem Hutton e-poest\" \/>\n<meta property=\"og:url\" content=\"https:\/\/hutton.ee\/toode\/winbag-tostepadi\/\" \/>\n<meta property=\"og:site_name\" content=\"Hutton\" \/>\n<meta property=\"article:publisher\" content=\"https:\/\/www.facebook.com\/huttoneesti\" \/>\n<meta property=\"article:modified_time\" content=\"2025-03-12T10:58:49+00:00\" \/>\n<meta property=\"og:image\" content=\"https:\/\/hutton.ee\/wp-content\/uploads\/2021\/12\/Tostepadi-winbag.png\" \/>\n\t<meta property=\"og:image:width\" content=\"500\" \/>\n\t<meta property=\"og:image:height\" content=\"500\" \/>\n\t<meta property=\"og:image:type\" content=\"image\/png\" \/>\n<meta name=\"twitter:card\" content=\"summary_large_image\" \/>\n<meta name=\"twitter:title\" content=\"Winbag - t\u00f5stepadi - Hutton\" \/>\n<meta name=\"twitter:description\" content=\"Winbag Eesti - Manuaalselt t\u00e4ispumbatav t\u00f5stepadi. Lihtsustab uste, akende, m\u00f6\u00f6bli ja kodumasinate paigaldamist. T\u00f5stej\u00f5ud on 135kg. Vaata rohkem Hutton e-poest\" \/>\n<meta name=\"twitter:label1\" content=\"Est. reading time\" \/>\n\t<meta name=\"twitter:data1\" content=\"1 minute\" \/>\n<script type=\"application\/ld+json\" class=\"yoast-schema-graph\">{\"@context\":\"https:\\\/\\\/schema.org\",\"@graph\":[{\"@type\":\"WebPage\",\"@id\":\"https:\\\/\\\/hutton.ee\\\/toode\\\/winbag-tostepadi\\\/\",\"url\":\"https:\\\/\\\/hutton.ee\\\/toode\\\/winbag-tostepadi\\\/\",\"name\":\"Winbag - t\u00f5stepadi - Hutton\",\"isPartOf\":{\"@id\":\"https:\\\/\\\/hutton.ee\\\/#website\"},\"primaryImageOfPage\":{\"@id\":\"https:\\\/\\\/hutton.ee\\\/toode\\\/winbag-tostepadi\\\/#primaryimage\"},\"image\":{\"@id\":\"https:\\\/\\\/hutton.ee\\\/toode\\\/winbag-tostepadi\\\/#primaryimage\"},\"thumbnailUrl\":\"https:\\\/\\\/hutton.ee\\\/wp-content\\\/uploads\\\/2021\\\/12\\\/Tostepadi-winbag.png\",\"datePublished\":\"2021-12-14T10:31:09+00:00\",\"dateModified\":\"2025-03-12T10:58:49+00:00\",\"description\":\"Winbag - t\u00f5stepadi - Manuaalselt t\u00e4ispumbatav t\u00f5stepadi. Lihtsustab uste, akende, m\u00f6\u00f6bli ja kodumasinate paigaldamist. T\u00f5stej\u00f5ud on 135kg. Hutton e-poest.\",\"breadcrumb\":{\"@id\":\"https:\\\/\\\/hutton.ee\\\/toode\\\/winbag-tostepadi\\\/#breadcrumb\"},\"inLanguage\":\"en-US\",\"potentialAction\":[{\"@type\":\"ReadAction\",\"target\":[\"https:\\\/\\\/hutton.ee\\\/toode\\\/winbag-tostepadi\\\/\"]}]},{\"@type\":\"ImageObject\",\"inLanguage\":\"en-US\",\"@id\":\"https:\\\/\\\/hutton.ee\\\/toode\\\/winbag-tostepadi\\\/#primaryimage\",\"url\":\"https:\\\/\\\/hutton.ee\\\/wp-content\\\/uploads\\\/2021\\\/12\\\/Tostepadi-winbag.png\",\"contentUrl\":\"https:\\\/\\\/hutton.ee\\\/wp-content\\\/uploads\\\/2021\\\/12\\\/Tostepadi-winbag.png\",\"width\":500,\"height\":500,\"caption\":\"T\u00f5stepadi winbag\"},{\"@type\":\"BreadcrumbList\",\"@id\":\"https:\\\/\\\/hutton.ee\\\/toode\\\/winbag-tostepadi\\\/#breadcrumb\",\"itemListElement\":[{\"@type\":\"ListItem\",\"position\":1,\"name\":\"Avaleht\",\"item\":\"https:\\\/\\\/hutton.ee\\\/\"},{\"@type\":\"ListItem\",\"position\":2,\"name\":\"Shop\",\"item\":\"https:\\\/\\\/hutton.ee\\\/en\\\/shop\\\/\"},{\"@type\":\"ListItem\",\"position\":3,\"name\":\"Winbag &#8211; t\u00f5stepadi\"}]},{\"@type\":\"WebSite\",\"@id\":\"https:\\\/\\\/hutton.ee\\\/#website\",\"url\":\"https:\\\/\\\/hutton.ee\\\/\",\"name\":\"Hutton\",\"description\":\"Ajas kestvad ehituslahendused\",\"publisher\":{\"@id\":\"https:\\\/\\\/hutton.ee\\\/#organization\"},\"potentialAction\":[{\"@type\":\"SearchAction\",\"target\":{\"@type\":\"EntryPoint\",\"urlTemplate\":\"https:\\\/\\\/hutton.ee\\\/?s={search_term_string}\"},\"query-input\":{\"@type\":\"PropertyValueSpecification\",\"valueRequired\":true,\"valueName\":\"search_term_string\"}}],\"inLanguage\":\"en-US\"},{\"@type\":\"Organization\",\"@id\":\"https:\\\/\\\/hutton.ee\\\/#organization\",\"name\":\"Hutton - KATUS | SEIN | FASSAAD\",\"url\":\"https:\\\/\\\/hutton.ee\\\/\",\"logo\":{\"@type\":\"ImageObject\",\"inLanguage\":\"en-US\",\"@id\":\"https:\\\/\\\/hutton.ee\\\/#\\\/schema\\\/logo\\\/image\\\/\",\"url\":\"https:\\\/\\\/hutton.ee\\\/wp-content\\\/uploads\\\/2020\\\/07\\\/hutton-logo_uuendatud-01.png\",\"contentUrl\":\"https:\\\/\\\/hutton.ee\\\/wp-content\\\/uploads\\\/2020\\\/07\\\/hutton-logo_uuendatud-01.png\",\"width\":1064,\"height\":455,\"caption\":\"Hutton - KATUS | SEIN | FASSAAD\"},\"image\":{\"@id\":\"https:\\\/\\\/hutton.ee\\\/#\\\/schema\\\/logo\\\/image\\\/\"},\"sameAs\":[\"https:\\\/\\\/www.facebook.com\\\/huttoneesti\"]}]}<\/script>\n<!-- \/ Yoast SEO Premium plugin. -->","yoast_head_json":{"title":"Winbag - t\u00f5stepadi - Hutton","description":"Winbag - t\u00f5stepadi - Manuaalselt t\u00e4ispumbatav t\u00f5stepadi. Lihtsustab uste, akende, m\u00f6\u00f6bli ja kodumasinate paigaldamist. T\u00f5stej\u00f5ud on 135kg. Hutton e-poest.","robots":{"index":"index","follow":"follow","max-snippet":"max-snippet:-1","max-image-preview":"max-image-preview:large","max-video-preview":"max-video-preview:-1"},"canonical":"https:\/\/hutton.ee\/toode\/winbag-tostepadi\/","og_locale":"en_US","og_type":"article","og_title":"Winbag - t\u00f5stepadi - Hutton","og_description":"Winbag Eesti - Manuaalselt t\u00e4ispumbatav t\u00f5stepadi. Lihtsustab uste, akende, m\u00f6\u00f6bli ja kodumasinate paigaldamist. T\u00f5stej\u00f5ud on 135kg. Vaata rohkem Hutton e-poest","og_url":"https:\/\/hutton.ee\/toode\/winbag-tostepadi\/","og_site_name":"Hutton","article_publisher":"https:\/\/www.facebook.com\/huttoneesti","article_modified_time":"2025-03-12T10:58:49+00:00","og_image":[{"width":500,"height":500,"url":"https:\/\/hutton.ee\/wp-content\/uploads\/2021\/12\/Tostepadi-winbag.png","type":"image\/png"}],"twitter_card":"summary_large_image","twitter_title":"Winbag - t\u00f5stepadi - Hutton","twitter_description":"Winbag Eesti - Manuaalselt t\u00e4ispumbatav t\u00f5stepadi. Lihtsustab uste, akende, m\u00f6\u00f6bli ja kodumasinate paigaldamist. T\u00f5stej\u00f5ud on 135kg. Vaata rohkem Hutton e-poest","twitter_misc":{"Est. reading time":"1 minute"},"schema":{"@context":"https:\/\/schema.org","@graph":[{"@type":"WebPage","@id":"https:\/\/hutton.ee\/toode\/winbag-tostepadi\/","url":"https:\/\/hutton.ee\/toode\/winbag-tostepadi\/","name":"Winbag - t\u00f5stepadi - Hutton","isPartOf":{"@id":"https:\/\/hutton.ee\/#website"},"primaryImageOfPage":{"@id":"https:\/\/hutton.ee\/toode\/winbag-tostepadi\/#primaryimage"},"image":{"@id":"https:\/\/hutton.ee\/toode\/winbag-tostepadi\/#primaryimage"},"thumbnailUrl":"https:\/\/hutton.ee\/wp-content\/uploads\/2021\/12\/Tostepadi-winbag.png","datePublished":"2021-12-14T10:31:09+00:00","dateModified":"2025-03-12T10:58:49+00:00","description":"Winbag - t\u00f5stepadi - Manuaalselt t\u00e4ispumbatav t\u00f5stepadi. Lihtsustab uste, akende, m\u00f6\u00f6bli ja kodumasinate paigaldamist. T\u00f5stej\u00f5ud on 135kg. Hutton e-poest.","breadcrumb":{"@id":"https:\/\/hutton.ee\/toode\/winbag-tostepadi\/#breadcrumb"},"inLanguage":"en-US","potentialAction":[{"@type":"ReadAction","target":["https:\/\/hutton.ee\/toode\/winbag-tostepadi\/"]}]},{"@type":"ImageObject","inLanguage":"en-US","@id":"https:\/\/hutton.ee\/toode\/winbag-tostepadi\/#primaryimage","url":"https:\/\/hutton.ee\/wp-content\/uploads\/2021\/12\/Tostepadi-winbag.png","contentUrl":"https:\/\/hutton.ee\/wp-content\/uploads\/2021\/12\/Tostepadi-winbag.png","width":500,"height":500,"caption":"T\u00f5stepadi winbag"},{"@type":"BreadcrumbList","@id":"https:\/\/hutton.ee\/toode\/winbag-tostepadi\/#breadcrumb","itemListElement":[{"@type":"ListItem","position":1,"name":"Avaleht","item":"https:\/\/hutton.ee\/"},{"@type":"ListItem","position":2,"name":"Shop","item":"https:\/\/hutton.ee\/en\/shop\/"},{"@type":"ListItem","position":3,"name":"Winbag &#8211; t\u00f5stepadi"}]},{"@type":"WebSite","@id":"https:\/\/hutton.ee\/#website","url":"https:\/\/hutton.ee\/","name":"Hutton","description":"Ajas kestvad ehituslahendused","publisher":{"@id":"https:\/\/hutton.ee\/#organization"},"potentialAction":[{"@type":"SearchAction","target":{"@type":"EntryPoint","urlTemplate":"https:\/\/hutton.ee\/?s={search_term_string}"},"query-input":{"@type":"PropertyValueSpecification","valueRequired":true,"valueName":"search_term_string"}}],"inLanguage":"en-US"},{"@type":"Organization","@id":"https:\/\/hutton.ee\/#organization","name":"Hutton - KATUS | SEIN | FASSAAD","url":"https:\/\/hutton.ee\/","logo":{"@type":"ImageObject","inLanguage":"en-US","@id":"https:\/\/hutton.ee\/#\/schema\/logo\/image\/","url":"https:\/\/hutton.ee\/wp-content\/uploads\/2020\/07\/hutton-logo_uuendatud-01.png","contentUrl":"https:\/\/hutton.ee\/wp-content\/uploads\/2020\/07\/hutton-logo_uuendatud-01.png","width":1064,"height":455,"caption":"Hutton - KATUS | SEIN | FASSAAD"},"image":{"@id":"https:\/\/hutton.ee\/#\/schema\/logo\/image\/"},"sameAs":["https:\/\/www.facebook.com\/huttoneesti"]}]}},"_links":{"self":[{"href":"https:\/\/hutton.ee\/en\/wp-json\/wp\/v2\/product\/11274","targetHints":{"allow":["GET"]}}],"collection":[{"href":"https:\/\/hutton.ee\/en\/wp-json\/wp\/v2\/product"}],"about":[{"href":"https:\/\/hutton.ee\/en\/wp-json\/wp\/v2\/types\/product"}],"wp:featuredmedia":[{"embeddable":true,"href":"https:\/\/hutton.ee\/en\/wp-json\/wp\/v2\/media\/26714"}],"wp:attachment":[{"href":"https:\/\/hutton.ee\/en\/wp-json\/wp\/v2\/media?parent=11274"}],"wp:term":[{"taxonomy":"product_brand","embeddable":true,"href":"https:\/\/hutton.ee\/en\/wp-json\/wp\/v2\/product_brand?post=11274"},{"taxonomy":"product_cat","embeddable":true,"href":"https:\/\/hutton.ee\/en\/wp-json\/wp\/v2\/product_cat?post=11274"},{"taxonomy":"product_tag","embeddable":true,"href":"https:\/\/hutton.ee\/en\/wp-json\/wp\/v2\/product_tag?post=11274"},{"taxonomy":"filtrisusteem","embeddable":true,"href":"https:\/\/hutton.ee\/en\/wp-json\/wp\/v2\/filtrisusteem?post=11274"},{"taxonomy":"kvaliteediklass","embeddable":true,"href":"https:\/\/hutton.ee\/en\/wp-json\/wp\/v2\/kvaliteediklass?post=11274"}],"curies":[{"name":"wp","href":"https:\/\/api.w.org\/{rel}","templated":true}]}}