{"id":11277,"date":"2021-12-14T10:31:09","date_gmt":"2021-12-14T10:31:09","guid":{"rendered":"https:\/\/hutton.ee\/product\/aurutoke-cavap-alu-1500-uv-ac-150m2-liimitav\/"},"modified":"2025-07-24T08:11:46","modified_gmt":"2025-07-24T08:11:46","slug":"aurutoke-cavap-alu-1500-uv-ac-150m2-liimitav","status":"publish","type":"product","link":"https:\/\/hutton.ee\/en\/toode\/aurutoke-cavap-alu-1500-uv-ac-150m2-liimitav\/","title":{"rendered":"Aurut\u00f5ke CaVap ALU 1500 UV-AC"},"content":{"rendered":"<p>Aurut\u00f5ke CaVap ALU 1500 UV-AC on v\u00e4ga hea kvaliteediga A2, t\u00e4isliimiga, tugev aurut\u00f5ke, alumiinium kihiga, lamekatuste aurut\u00f5ke, m\u00e4rgade ruumide aurut\u00f5ke.<\/p>\n<p>&nbsp;<\/p>\n<p><b>Kasutuskohad:<\/b><\/p>\n<ul>\n<li>sobib kasutamiseks auru- ja \u00f5hut\u00f5kkena seina-, lae, katuse- ja p\u00f5randa tarindites<\/li>\n<li>eriti sobilik lamekatuse aurut\u00f5ke<\/li>\n<li>eriti sobilik profiilplekk kandekonstruktsioonidega lamekatustes<\/li>\n<li>eriti sobilik vannitoa aurut\u00f5ke, du\u0161hiruumi aurut\u00f5ke, sauna aurut\u00f5ke, ujulate aurut\u00f5ke<\/li>\n<li>sobib kasutamiseks koos igat liiki soojustusmaterjalidega<\/li>\n<\/ul>\n<p><b>Selle toote erilised v\u00e4\u00e4rtused:<\/b><\/p>\n<ul>\n<li>kogu aurut\u00f5kke \u00fcks k\u00fclg on kaetud kvaliteetse akr\u00fc\u00fclliimiga<\/li>\n<li>selle toote teeb eriliseks \u00fclisuur veeaurutakistus (sd 1500m)<\/li>\n<li>selle toote teeb eriliseks v\u00e4ga head tugevusn\u00e4itajad<\/li>\n<\/ul>\n<p><b>Toote p\u00f5hiomadused: <\/b><\/p>\n<ul>\n<li>aurt\u00f5kke barj\u00e4\u00e4r st. takistab veeauru difusiooni teel liikumist<\/li>\n<li>\u00f5hutihe ehk takistab \u00f5hu ja koos \u00f5huga liikuva veeauru konvektiivset liikumist<\/li>\n<li>suure rebenemistugevusega<\/li>\n<li>v\u00e4rvus alumiinium, kiri tootel must<\/li>\n<\/ul>\n<p><b>Tooteversioonid:<\/b><\/p>\n<ul>\n<li>k\u00e4esolev tooteversioon aurut\u00f5ke CaVap ALU 1500 UV-AC on ilma teibi\/liimiribadeta, laius 1,5 m, pikkus 100 jm, rulli pindala 150 m2<\/li>\n<li>toote kaal kilepakendis ca 24,5 kg\/rull.<\/li>\n<\/ul>\n<p><strong>Loe lisaks:<\/strong><\/p>\n<p><a href=\"https:\/\/hutton.ee\/aurutoke\/\">Mis on aurut\u00f5ke?<\/a><br \/>\n<a href=\"https:\/\/hutton.ee\/aurutoke-kuidas-valida-sobiv-lahendus\/\">Aurut\u00f5ke \u2013 kuidas valida sobiv lahendus?<\/a><br \/>\n<a href=\"https:\/\/hutton.ee\/enamlevinud-vead-aurutokke-paigaldamisel\/\">Enamlevinud vead aurut\u00f5kke paigaldamisel<\/a><strong><br \/>\n<\/strong><\/p>\n<p><strong>Vajadusel k\u00fcsi n\u00f5u:<br \/>\n<\/strong><\/p>\n<p><strong>Regina<\/strong> <a href=\"tel:5076742\">+372 507 6742<\/a> | <a href=\"mailto:regina@hutton.ee\">regina@hutton.ee<\/a><br \/>\n<strong>Neeme<\/strong> <a href=\"tel:5098168\">+372 509 8168<\/a> | <a href=\"mailto:neeme@hutton.ee\">neeme@hutton.ee<\/a><\/p>\n<div><\/div>\n","protected":false},"excerpt":{"rendered":"<p><span style=\"text-decoration: underline;\"><span style=\"color: #ff0000; font-size: 12pt; text-decoration: underline;\"><strong><a style=\"color: #ff0000; text-decoration: underline;\" href=\"https:\/\/hutton.ee\/minu-konto\/\" target=\"_blank\" rel=\"noopener\">Registreeru p\u00fcsikliendiks<\/a><\/strong><\/span><\/span><\/p>\n","protected":false},"featured_media":10648,"template":"","meta":{"_gspb_post_css":"","_uf_show_specific_survey":0,"_uf_disable_surveys":false},"product_brand":[],"product_cat":[969],"product_tag":[2904,1258],"filtrisusteem":[2398,2413,2329,2342,2376,2326,2420,2339,2341,2396,2365,2404,2335,2370,2369,2378],"kvaliteediklass":[],"class_list":{"0":"post-11277","1":"product","2":"type-product","3":"status-publish","4":"has-post-thumbnail","6":"product_cat-lamekatuse-aurutokked","7":"product_tag-4tk_block","8":"product_tag-ei_pakiautomaat","9":"filtrisusteem-15m","10":"filtrisusteem-1500-3000","11":"filtrisusteem-160gm","12":"filtrisusteem-a1","13":"filtrisusteem-e","14":"filtrisusteem-kaal-gm","15":"filtrisusteem-kollane","16":"filtrisusteem-kuni80c","17":"filtrisusteem-kvaliteediklass","18":"filtrisusteem-laius-rullis","19":"filtrisusteem-rebenemistugevus-klass","20":"filtrisusteem-sd-m","21":"filtrisusteem-temperatuuritaluvus","22":"filtrisusteem-tuletundlikkus","23":"filtrisusteem-vaga-tugev-250n","24":"filtrisusteem-varvus","26":"first","27":"instock","28":"taxable","29":"shipping-taxable","30":"purchasable","31":"product-type-simple"},"yoast_head":"<!-- This site is optimized with the Yoast SEO Premium plugin v21.3 (Yoast SEO v27.3) - https:\/\/yoast.com\/product\/yoast-seo-premium-wordpress\/ -->\n<title>Aurut\u00f5ke CaVap ALU 1500 UV-AC - Hutton<\/title>\n<meta name=\"description\" content=\"Aurut\u00f5ke CaVap ALU 1500 UV-AC v\u00e4ga hea kvaliteediga A2, t\u00e4isliimiga, tugev aurut\u00f5ke, alumiinium kihiga, lamekatuste aurut\u00f5ke, m\u00e4rgade ruumide aurut\u00f5ke.\" \/>\n<meta name=\"robots\" content=\"index, follow, max-snippet:-1, max-image-preview:large, max-video-preview:-1\" \/>\n<link rel=\"canonical\" href=\"https:\/\/hutton.ee\/toode\/aurutoke-cavap-alu-1500-uv-ac-150m2-liimitav\/\" \/>\n<meta property=\"og:locale\" content=\"en_US\" \/>\n<meta property=\"og:type\" content=\"article\" \/>\n<meta property=\"og:title\" content=\"Aurut\u00f5ke CaVap ALU 1500 UV-AC - Hutton\" \/>\n<meta property=\"og:description\" content=\"V\u00e4ga hea kvaliteediga A2, t\u00e4isliimiga, tugev aurut\u00f5ke, alumiinium kihiga, lamekatuste aurut\u00f5ke, m\u00e4rgade ruumide aurut\u00f5ke. \u00dclisuur veeaurutakistus. Hutton e-poes\" \/>\n<meta property=\"og:url\" content=\"https:\/\/hutton.ee\/toode\/aurutoke-cavap-alu-1500-uv-ac-150m2-liimitav\/\" \/>\n<meta property=\"og:site_name\" content=\"Hutton\" \/>\n<meta property=\"article:publisher\" content=\"https:\/\/www.facebook.com\/huttoneesti\" \/>\n<meta property=\"article:modified_time\" content=\"2025-07-24T08:11:46+00:00\" \/>\n<meta property=\"og:image\" content=\"https:\/\/hutton.ee\/wp-content\/uploads\/2021\/09\/Cavap_alu1500-1.jpg\" \/>\n\t<meta property=\"og:image:width\" content=\"1170\" \/>\n\t<meta property=\"og:image:height\" content=\"780\" \/>\n\t<meta property=\"og:image:type\" content=\"image\/jpeg\" \/>\n<meta name=\"twitter:card\" content=\"summary_large_image\" \/>\n<meta name=\"twitter:title\" content=\"Aurut\u00f5ke CaVap ALU 1500 UV-AC - Hutton\" \/>\n<meta name=\"twitter:description\" content=\"V\u00e4ga hea kvaliteediga A2, t\u00e4isliimiga, tugev aurut\u00f5ke, alumiinium kihiga, lamekatuste aurut\u00f5ke, m\u00e4rgade ruumide aurut\u00f5ke. \u00dclisuur veeaurutakistus. Hutton e-poes\" \/>\n<meta name=\"twitter:label1\" content=\"Est. reading time\" \/>\n\t<meta name=\"twitter:data1\" content=\"2 minutes\" \/>\n<script type=\"application\/ld+json\" class=\"yoast-schema-graph\">{\"@context\":\"https:\\\/\\\/schema.org\",\"@graph\":[{\"@type\":\"WebPage\",\"@id\":\"https:\\\/\\\/hutton.ee\\\/toode\\\/aurutoke-cavap-alu-1500-uv-ac-150m2-liimitav\\\/\",\"url\":\"https:\\\/\\\/hutton.ee\\\/toode\\\/aurutoke-cavap-alu-1500-uv-ac-150m2-liimitav\\\/\",\"name\":\"Aurut\u00f5ke CaVap ALU 1500 UV-AC - Hutton\",\"isPartOf\":{\"@id\":\"https:\\\/\\\/hutton.ee\\\/#website\"},\"primaryImageOfPage\":{\"@id\":\"https:\\\/\\\/hutton.ee\\\/toode\\\/aurutoke-cavap-alu-1500-uv-ac-150m2-liimitav\\\/#primaryimage\"},\"image\":{\"@id\":\"https:\\\/\\\/hutton.ee\\\/toode\\\/aurutoke-cavap-alu-1500-uv-ac-150m2-liimitav\\\/#primaryimage\"},\"thumbnailUrl\":\"https:\\\/\\\/hutton.ee\\\/wp-content\\\/uploads\\\/2021\\\/09\\\/Cavap_alu1500-1.jpg\",\"datePublished\":\"2021-12-14T10:31:09+00:00\",\"dateModified\":\"2025-07-24T08:11:46+00:00\",\"description\":\"Aurut\u00f5ke CaVap ALU 1500 UV-AC v\u00e4ga hea kvaliteediga A2, t\u00e4isliimiga, tugev aurut\u00f5ke, alumiinium kihiga, lamekatuste aurut\u00f5ke, m\u00e4rgade ruumide aurut\u00f5ke.\",\"breadcrumb\":{\"@id\":\"https:\\\/\\\/hutton.ee\\\/toode\\\/aurutoke-cavap-alu-1500-uv-ac-150m2-liimitav\\\/#breadcrumb\"},\"inLanguage\":\"en-US\",\"potentialAction\":[{\"@type\":\"ReadAction\",\"target\":[\"https:\\\/\\\/hutton.ee\\\/toode\\\/aurutoke-cavap-alu-1500-uv-ac-150m2-liimitav\\\/\"]}]},{\"@type\":\"ImageObject\",\"inLanguage\":\"en-US\",\"@id\":\"https:\\\/\\\/hutton.ee\\\/toode\\\/aurutoke-cavap-alu-1500-uv-ac-150m2-liimitav\\\/#primaryimage\",\"url\":\"https:\\\/\\\/hutton.ee\\\/wp-content\\\/uploads\\\/2021\\\/09\\\/Cavap_alu1500-1.jpg\",\"contentUrl\":\"https:\\\/\\\/hutton.ee\\\/wp-content\\\/uploads\\\/2021\\\/09\\\/Cavap_alu1500-1.jpg\",\"width\":1170,\"height\":780,\"caption\":\"Aurut\u00f5ke CaVap ALU 1500 UV-AC\"},{\"@type\":\"BreadcrumbList\",\"@id\":\"https:\\\/\\\/hutton.ee\\\/toode\\\/aurutoke-cavap-alu-1500-uv-ac-150m2-liimitav\\\/#breadcrumb\",\"itemListElement\":[{\"@type\":\"ListItem\",\"position\":1,\"name\":\"Avaleht\",\"item\":\"https:\\\/\\\/hutton.ee\\\/\"},{\"@type\":\"ListItem\",\"position\":2,\"name\":\"Shop\",\"item\":\"https:\\\/\\\/hutton.ee\\\/en\\\/shop\\\/\"},{\"@type\":\"ListItem\",\"position\":3,\"name\":\"Aurut\u00f5ke CaVap ALU 1500 UV-AC\"}]},{\"@type\":\"WebSite\",\"@id\":\"https:\\\/\\\/hutton.ee\\\/#website\",\"url\":\"https:\\\/\\\/hutton.ee\\\/\",\"name\":\"Hutton\",\"description\":\"Ajas kestvad ehituslahendused\",\"publisher\":{\"@id\":\"https:\\\/\\\/hutton.ee\\\/#organization\"},\"potentialAction\":[{\"@type\":\"SearchAction\",\"target\":{\"@type\":\"EntryPoint\",\"urlTemplate\":\"https:\\\/\\\/hutton.ee\\\/?s={search_term_string}\"},\"query-input\":{\"@type\":\"PropertyValueSpecification\",\"valueRequired\":true,\"valueName\":\"search_term_string\"}}],\"inLanguage\":\"en-US\"},{\"@type\":\"Organization\",\"@id\":\"https:\\\/\\\/hutton.ee\\\/#organization\",\"name\":\"Hutton - KATUS | SEIN | FASSAAD\",\"url\":\"https:\\\/\\\/hutton.ee\\\/\",\"logo\":{\"@type\":\"ImageObject\",\"inLanguage\":\"en-US\",\"@id\":\"https:\\\/\\\/hutton.ee\\\/#\\\/schema\\\/logo\\\/image\\\/\",\"url\":\"https:\\\/\\\/hutton.ee\\\/wp-content\\\/uploads\\\/2020\\\/07\\\/hutton-logo_uuendatud-01.png\",\"contentUrl\":\"https:\\\/\\\/hutton.ee\\\/wp-content\\\/uploads\\\/2020\\\/07\\\/hutton-logo_uuendatud-01.png\",\"width\":1064,\"height\":455,\"caption\":\"Hutton - KATUS | SEIN | FASSAAD\"},\"image\":{\"@id\":\"https:\\\/\\\/hutton.ee\\\/#\\\/schema\\\/logo\\\/image\\\/\"},\"sameAs\":[\"https:\\\/\\\/www.facebook.com\\\/huttoneesti\"]}]}<\/script>\n<!-- \/ Yoast SEO Premium plugin. -->","yoast_head_json":{"title":"Aurut\u00f5ke CaVap ALU 1500 UV-AC - Hutton","description":"Aurut\u00f5ke CaVap ALU 1500 UV-AC v\u00e4ga hea kvaliteediga A2, t\u00e4isliimiga, tugev aurut\u00f5ke, alumiinium kihiga, lamekatuste aurut\u00f5ke, m\u00e4rgade ruumide aurut\u00f5ke.","robots":{"index":"index","follow":"follow","max-snippet":"max-snippet:-1","max-image-preview":"max-image-preview:large","max-video-preview":"max-video-preview:-1"},"canonical":"https:\/\/hutton.ee\/toode\/aurutoke-cavap-alu-1500-uv-ac-150m2-liimitav\/","og_locale":"en_US","og_type":"article","og_title":"Aurut\u00f5ke CaVap ALU 1500 UV-AC - Hutton","og_description":"V\u00e4ga hea kvaliteediga A2, t\u00e4isliimiga, tugev aurut\u00f5ke, alumiinium kihiga, lamekatuste aurut\u00f5ke, m\u00e4rgade ruumide aurut\u00f5ke. \u00dclisuur veeaurutakistus. Hutton e-poes","og_url":"https:\/\/hutton.ee\/toode\/aurutoke-cavap-alu-1500-uv-ac-150m2-liimitav\/","og_site_name":"Hutton","article_publisher":"https:\/\/www.facebook.com\/huttoneesti","article_modified_time":"2025-07-24T08:11:46+00:00","og_image":[{"width":1170,"height":780,"url":"https:\/\/hutton.ee\/wp-content\/uploads\/2021\/09\/Cavap_alu1500-1.jpg","type":"image\/jpeg"}],"twitter_card":"summary_large_image","twitter_title":"Aurut\u00f5ke CaVap ALU 1500 UV-AC - Hutton","twitter_description":"V\u00e4ga hea kvaliteediga A2, t\u00e4isliimiga, tugev aurut\u00f5ke, alumiinium kihiga, lamekatuste aurut\u00f5ke, m\u00e4rgade ruumide aurut\u00f5ke. \u00dclisuur veeaurutakistus. Hutton e-poes","twitter_misc":{"Est. reading time":"2 minutes"},"schema":{"@context":"https:\/\/schema.org","@graph":[{"@type":"WebPage","@id":"https:\/\/hutton.ee\/toode\/aurutoke-cavap-alu-1500-uv-ac-150m2-liimitav\/","url":"https:\/\/hutton.ee\/toode\/aurutoke-cavap-alu-1500-uv-ac-150m2-liimitav\/","name":"Aurut\u00f5ke CaVap ALU 1500 UV-AC - Hutton","isPartOf":{"@id":"https:\/\/hutton.ee\/#website"},"primaryImageOfPage":{"@id":"https:\/\/hutton.ee\/toode\/aurutoke-cavap-alu-1500-uv-ac-150m2-liimitav\/#primaryimage"},"image":{"@id":"https:\/\/hutton.ee\/toode\/aurutoke-cavap-alu-1500-uv-ac-150m2-liimitav\/#primaryimage"},"thumbnailUrl":"https:\/\/hutton.ee\/wp-content\/uploads\/2021\/09\/Cavap_alu1500-1.jpg","datePublished":"2021-12-14T10:31:09+00:00","dateModified":"2025-07-24T08:11:46+00:00","description":"Aurut\u00f5ke CaVap ALU 1500 UV-AC v\u00e4ga hea kvaliteediga A2, t\u00e4isliimiga, tugev aurut\u00f5ke, alumiinium kihiga, lamekatuste aurut\u00f5ke, m\u00e4rgade ruumide aurut\u00f5ke.","breadcrumb":{"@id":"https:\/\/hutton.ee\/toode\/aurutoke-cavap-alu-1500-uv-ac-150m2-liimitav\/#breadcrumb"},"inLanguage":"en-US","potentialAction":[{"@type":"ReadAction","target":["https:\/\/hutton.ee\/toode\/aurutoke-cavap-alu-1500-uv-ac-150m2-liimitav\/"]}]},{"@type":"ImageObject","inLanguage":"en-US","@id":"https:\/\/hutton.ee\/toode\/aurutoke-cavap-alu-1500-uv-ac-150m2-liimitav\/#primaryimage","url":"https:\/\/hutton.ee\/wp-content\/uploads\/2021\/09\/Cavap_alu1500-1.jpg","contentUrl":"https:\/\/hutton.ee\/wp-content\/uploads\/2021\/09\/Cavap_alu1500-1.jpg","width":1170,"height":780,"caption":"Aurut\u00f5ke CaVap ALU 1500 UV-AC"},{"@type":"BreadcrumbList","@id":"https:\/\/hutton.ee\/toode\/aurutoke-cavap-alu-1500-uv-ac-150m2-liimitav\/#breadcrumb","itemListElement":[{"@type":"ListItem","position":1,"name":"Avaleht","item":"https:\/\/hutton.ee\/"},{"@type":"ListItem","position":2,"name":"Shop","item":"https:\/\/hutton.ee\/en\/shop\/"},{"@type":"ListItem","position":3,"name":"Aurut\u00f5ke CaVap ALU 1500 UV-AC"}]},{"@type":"WebSite","@id":"https:\/\/hutton.ee\/#website","url":"https:\/\/hutton.ee\/","name":"Hutton","description":"Ajas kestvad ehituslahendused","publisher":{"@id":"https:\/\/hutton.ee\/#organization"},"potentialAction":[{"@type":"SearchAction","target":{"@type":"EntryPoint","urlTemplate":"https:\/\/hutton.ee\/?s={search_term_string}"},"query-input":{"@type":"PropertyValueSpecification","valueRequired":true,"valueName":"search_term_string"}}],"inLanguage":"en-US"},{"@type":"Organization","@id":"https:\/\/hutton.ee\/#organization","name":"Hutton - KATUS | SEIN | FASSAAD","url":"https:\/\/hutton.ee\/","logo":{"@type":"ImageObject","inLanguage":"en-US","@id":"https:\/\/hutton.ee\/#\/schema\/logo\/image\/","url":"https:\/\/hutton.ee\/wp-content\/uploads\/2020\/07\/hutton-logo_uuendatud-01.png","contentUrl":"https:\/\/hutton.ee\/wp-content\/uploads\/2020\/07\/hutton-logo_uuendatud-01.png","width":1064,"height":455,"caption":"Hutton - KATUS | SEIN | FASSAAD"},"image":{"@id":"https:\/\/hutton.ee\/#\/schema\/logo\/image\/"},"sameAs":["https:\/\/www.facebook.com\/huttoneesti"]}]}},"_links":{"self":[{"href":"https:\/\/hutton.ee\/en\/wp-json\/wp\/v2\/product\/11277","targetHints":{"allow":["GET"]}}],"collection":[{"href":"https:\/\/hutton.ee\/en\/wp-json\/wp\/v2\/product"}],"about":[{"href":"https:\/\/hutton.ee\/en\/wp-json\/wp\/v2\/types\/product"}],"wp:featuredmedia":[{"embeddable":true,"href":"https:\/\/hutton.ee\/en\/wp-json\/wp\/v2\/media\/10648"}],"wp:attachment":[{"href":"https:\/\/hutton.ee\/en\/wp-json\/wp\/v2\/media?parent=11277"}],"wp:term":[{"taxonomy":"product_brand","embeddable":true,"href":"https:\/\/hutton.ee\/en\/wp-json\/wp\/v2\/product_brand?post=11277"},{"taxonomy":"product_cat","embeddable":true,"href":"https:\/\/hutton.ee\/en\/wp-json\/wp\/v2\/product_cat?post=11277"},{"taxonomy":"product_tag","embeddable":true,"href":"https:\/\/hutton.ee\/en\/wp-json\/wp\/v2\/product_tag?post=11277"},{"taxonomy":"filtrisusteem","embeddable":true,"href":"https:\/\/hutton.ee\/en\/wp-json\/wp\/v2\/filtrisusteem?post=11277"},{"taxonomy":"kvaliteediklass","embeddable":true,"href":"https:\/\/hutton.ee\/en\/wp-json\/wp\/v2\/kvaliteediklass?post=11277"}],"curies":[{"name":"wp","href":"https:\/\/api.w.org\/{rel}","templated":true}]}}