{"id":11283,"date":"2021-12-14T10:31:09","date_gmt":"2021-12-14T10:31:09","guid":{"rendered":"https:\/\/hutton.ee\/product\/aluskatte-3d-vorkmatt-k-roof-c10ep-9mm-1-4-30-42m%c2%b2\/"},"modified":"2025-10-09T07:45:35","modified_gmt":"2025-10-09T07:45:35","slug":"aluskatte-3d-vorkmatt-1-4-30-42m%c2%b2","status":"publish","type":"product","link":"https:\/\/hutton.ee\/en\/toode\/aluskatte-3d-vorkmatt-1-4-30-42m%c2%b2\/","title":{"rendered":"Aluskatte 3D v\u00f5rkmatt, 1.4\/30\/42m\u00b2"},"content":{"rendered":"<p><span style=\"line-height: 115%;\">Katuse aluskatte 3D v\u00f5rkmatt on mikrotuulutus v\u00f5rkmatt katuse pleki alla, kondensniiskuse v\u00e4ljakuivamise tagamiseks. <\/span><\/p>\n<p class=\"MsoNormal\" style=\"margin-bottom: 6.0pt;\"><b>Kasutuskohad<\/b>:<\/p>\n<ul>\n<li style=\"margin-bottom: 6pt;\">sobib kasutamiseks katuse pleki aluse tuulutusmatina.<\/li>\n<\/ul>\n<p class=\"MsoNormal\" style=\"line-height: normal; margin: 0cm 0cm 6.0pt 0cm;\"><b>Selle toote erilised v\u00e4\u00e4rtused: <\/b><\/p>\n<ul>\n<li style=\"margin: 0cm 0cm 6pt; line-height: normal;\">parima hinnaga toode omasuguste hulgas<\/li>\n<li style=\"margin: 0cm 0cm 6pt; line-height: normal;\">hea UV kindlus<\/li>\n<li style=\"margin: 0cm 0cm 6pt; line-height: normal;\">hea temperatuuritaluvus.<\/li>\n<\/ul>\n<p class=\"MsoNormal\" style=\"line-height: normal; margin: 0cm 0cm 6.0pt 0cm;\"><b>Toote p\u00f5hiomadused<\/b>:<\/p>\n<ul>\n<li style=\"margin: 0cm 0cm 6pt; line-height: normal;\">tuulduvust ja mikroventilatsiooni tagav<\/li>\n<li style=\"margin: 0cm 0cm 6pt; line-height: normal;\">mustjashall.<\/li>\n<\/ul>\n<p><span style=\"line-height: 115%;\"><span style=\"line-height: 115%;\"><span style=\"line-height: 115%;\"><span style=\"line-height: 115%;\"><b>Tooteversioonid:<\/b><\/span><\/span><\/span><\/span><\/p>\n<ul>\n<li><span style=\"line-height: 115%;\"><span style=\"line-height: 115%;\"><span style=\"line-height: 115%;\"><span style=\"line-height: 115%;\">k\u00e4esolev aluskatte 3D v\u00f5rkmatt on ilma teibi\/liimiribadeta, laius 1,4m, pikkus 30jm, rulli pindala 42m2.<\/span><\/span><\/span><\/span><\/li>\n<\/ul>\n<p><strong>Vajadusel k\u00fcsi n\u00f5u:<\/strong><\/p>\n<p><strong>Regina<\/strong> <a href=\"tel:5076742\">+372 507 6742<\/a> | <a href=\"mailto:regina@hutton.ee\">regina@hutton.ee<\/a><br \/>\n<strong>Neeme<\/strong> <a href=\"tel:5098168\">+372 509 8168<\/a> | <a href=\"mailto:neeme@hutton.ee\">neeme@hutton.ee<\/a><\/p>\n","protected":false},"excerpt":{"rendered":"<p><span style=\"text-decoration: underline;\"><span style=\"color: #ff0000; font-size: 12pt; text-decoration: underline;\"><strong><a style=\"color: #ff0000; text-decoration: underline;\" href=\"https:\/\/hutton.ee\/minu-konto\/\" target=\"_blank\" rel=\"noopener\">Registreeru p\u00fcsikliendiks<\/a>!<\/strong><\/span><\/span><\/p>\n","protected":false},"featured_media":26536,"template":"","meta":{"_gspb_post_css":"","_uf_show_specific_survey":0,"_uf_disable_surveys":false},"product_brand":[],"product_cat":[941,947],"product_tag":[2892,1258],"filtrisusteem":[2356,2347,2324,2339,2341,2379,2335,2351,2378],"kvaliteediklass":[925],"class_list":{"0":"post-11283","1":"product","2":"type-product","3":"status-publish","4":"has-post-thumbnail","6":"product_cat-aluskatted","7":"product_cat-aluskatted-hingavad","8":"product_tag-3tk_block","9":"product_tag-ei_pakiautomaat","10":"filtrisusteem-12-nadalat","11":"filtrisusteem-b3","12":"filtrisusteem-hingav-aluskate","13":"filtrisusteem-kuni80c","14":"filtrisusteem-kvaliteediklass","15":"filtrisusteem-must","16":"filtrisusteem-temperatuuritaluvus","17":"filtrisusteem-uv-kindlus","18":"filtrisusteem-varvus","19":"kvaliteediklass-c3","21":"first","22":"instock","23":"taxable","24":"shipping-taxable","25":"purchasable","26":"product-type-simple"},"yoast_head":"<!-- This site is optimized with the Yoast SEO Premium plugin v21.3 (Yoast SEO v27.3) - https:\/\/yoast.com\/product\/yoast-seo-premium-wordpress\/ -->\n<title>Aluskatte 3D v\u00f5rkmatt, 1.4\/30\/42m\u00b2 - Hutton<\/title>\n<meta name=\"description\" content=\"Aluskatte 3D v\u00f5rkmatt K Roof C10EP 9mm. Mikrotuulutus v\u00f5rkmatt katuse pleki alla, kondensniiskuse v\u00e4ljakuivamise tagamiseks. Hea UV kindlus. Hutton e-poes.\" \/>\n<meta name=\"robots\" content=\"index, follow, max-snippet:-1, max-image-preview:large, max-video-preview:-1\" \/>\n<link rel=\"canonical\" href=\"https:\/\/hutton.ee\/toode\/aluskatte-3d-vorkmatt-1-4-30-42m\u00b2\/\" \/>\n<meta property=\"og:locale\" content=\"en_US\" \/>\n<meta property=\"og:type\" content=\"article\" \/>\n<meta property=\"og:title\" content=\"Aluskatte 3D v\u00f5rkmatt, 1.4\/30\/42m\u00b2 - Hutton\" \/>\n<meta property=\"og:description\" content=\"Aluskatte 3D v\u00f5rkmatt K Roof C10EP 9mm. Mikrotuulutus v\u00f5rkmatt katuse pleki alla, kondensniiskuse v\u00e4ljakuivamise tagamiseks. Hea UV kindlus. Vaata Hutton e-poes\" \/>\n<meta property=\"og:url\" content=\"https:\/\/hutton.ee\/toode\/aluskatte-3d-vorkmatt-1-4-30-42m\u00b2\/\" \/>\n<meta property=\"og:site_name\" content=\"Hutton\" \/>\n<meta property=\"article:publisher\" content=\"https:\/\/www.facebook.com\/huttoneesti\" \/>\n<meta property=\"article:modified_time\" content=\"2025-10-09T07:45:35+00:00\" \/>\n<meta property=\"og:image\" content=\"https:\/\/hutton.ee\/wp-content\/uploads\/2021\/12\/Aluskate-3D-vorkmatt-K-Roof-C10EP.png\" \/>\n\t<meta property=\"og:image:width\" content=\"500\" \/>\n\t<meta property=\"og:image:height\" content=\"500\" \/>\n\t<meta property=\"og:image:type\" content=\"image\/png\" \/>\n<meta name=\"twitter:card\" content=\"summary_large_image\" \/>\n<meta name=\"twitter:title\" content=\"Aluskatte 3D v\u00f5rkmatt, 1.4\/30\/42m\u00b2 - Hutton\" \/>\n<meta name=\"twitter:description\" content=\"Aluskatte 3D v\u00f5rkmatt K Roof C10EP 9mm. Mikrotuulutus v\u00f5rkmatt katuse pleki alla, kondensniiskuse v\u00e4ljakuivamise tagamiseks. Hea UV kindlus. Vaata Hutton e-poes\" \/>\n<meta name=\"twitter:label1\" content=\"Est. reading time\" \/>\n\t<meta name=\"twitter:data1\" content=\"1 minute\" \/>\n<script type=\"application\/ld+json\" class=\"yoast-schema-graph\">{\"@context\":\"https:\\\/\\\/schema.org\",\"@graph\":[{\"@type\":\"WebPage\",\"@id\":\"https:\\\/\\\/hutton.ee\\\/toode\\\/aluskatte-3d-vorkmatt-1-4-30-42m%c2%b2\\\/\",\"url\":\"https:\\\/\\\/hutton.ee\\\/toode\\\/aluskatte-3d-vorkmatt-1-4-30-42m%c2%b2\\\/\",\"name\":\"Aluskatte 3D v\u00f5rkmatt, 1.4\\\/30\\\/42m\u00b2 - Hutton\",\"isPartOf\":{\"@id\":\"https:\\\/\\\/hutton.ee\\\/#website\"},\"primaryImageOfPage\":{\"@id\":\"https:\\\/\\\/hutton.ee\\\/toode\\\/aluskatte-3d-vorkmatt-1-4-30-42m%c2%b2\\\/#primaryimage\"},\"image\":{\"@id\":\"https:\\\/\\\/hutton.ee\\\/toode\\\/aluskatte-3d-vorkmatt-1-4-30-42m%c2%b2\\\/#primaryimage\"},\"thumbnailUrl\":\"https:\\\/\\\/hutton.ee\\\/wp-content\\\/uploads\\\/2021\\\/12\\\/Aluskate-3D-vorkmatt-K-Roof-C10EP.png\",\"datePublished\":\"2021-12-14T10:31:09+00:00\",\"dateModified\":\"2025-10-09T07:45:35+00:00\",\"description\":\"Aluskatte 3D v\u00f5rkmatt K Roof C10EP 9mm. Mikrotuulutus v\u00f5rkmatt katuse pleki alla, kondensniiskuse v\u00e4ljakuivamise tagamiseks. Hea UV kindlus. Hutton e-poes.\",\"breadcrumb\":{\"@id\":\"https:\\\/\\\/hutton.ee\\\/toode\\\/aluskatte-3d-vorkmatt-1-4-30-42m%c2%b2\\\/#breadcrumb\"},\"inLanguage\":\"en-US\",\"potentialAction\":[{\"@type\":\"ReadAction\",\"target\":[\"https:\\\/\\\/hutton.ee\\\/toode\\\/aluskatte-3d-vorkmatt-1-4-30-42m%c2%b2\\\/\"]}]},{\"@type\":\"ImageObject\",\"inLanguage\":\"en-US\",\"@id\":\"https:\\\/\\\/hutton.ee\\\/toode\\\/aluskatte-3d-vorkmatt-1-4-30-42m%c2%b2\\\/#primaryimage\",\"url\":\"https:\\\/\\\/hutton.ee\\\/wp-content\\\/uploads\\\/2021\\\/12\\\/Aluskate-3D-vorkmatt-K-Roof-C10EP.png\",\"contentUrl\":\"https:\\\/\\\/hutton.ee\\\/wp-content\\\/uploads\\\/2021\\\/12\\\/Aluskate-3D-vorkmatt-K-Roof-C10EP.png\",\"width\":500,\"height\":500,\"caption\":\"Aluskate 3D v\u00f5rkmatt K Roof C10EP\"},{\"@type\":\"BreadcrumbList\",\"@id\":\"https:\\\/\\\/hutton.ee\\\/toode\\\/aluskatte-3d-vorkmatt-1-4-30-42m%c2%b2\\\/#breadcrumb\",\"itemListElement\":[{\"@type\":\"ListItem\",\"position\":1,\"name\":\"Avaleht\",\"item\":\"https:\\\/\\\/hutton.ee\\\/\"},{\"@type\":\"ListItem\",\"position\":2,\"name\":\"Shop\",\"item\":\"https:\\\/\\\/hutton.ee\\\/en\\\/shop\\\/\"},{\"@type\":\"ListItem\",\"position\":3,\"name\":\"Aluskatte 3D v\u00f5rkmatt, 1.4\\\/30\\\/42m\u00b2\"}]},{\"@type\":\"WebSite\",\"@id\":\"https:\\\/\\\/hutton.ee\\\/#website\",\"url\":\"https:\\\/\\\/hutton.ee\\\/\",\"name\":\"Hutton\",\"description\":\"Ajas kestvad ehituslahendused\",\"publisher\":{\"@id\":\"https:\\\/\\\/hutton.ee\\\/#organization\"},\"potentialAction\":[{\"@type\":\"SearchAction\",\"target\":{\"@type\":\"EntryPoint\",\"urlTemplate\":\"https:\\\/\\\/hutton.ee\\\/?s={search_term_string}\"},\"query-input\":{\"@type\":\"PropertyValueSpecification\",\"valueRequired\":true,\"valueName\":\"search_term_string\"}}],\"inLanguage\":\"en-US\"},{\"@type\":\"Organization\",\"@id\":\"https:\\\/\\\/hutton.ee\\\/#organization\",\"name\":\"Hutton - KATUS | SEIN | FASSAAD\",\"url\":\"https:\\\/\\\/hutton.ee\\\/\",\"logo\":{\"@type\":\"ImageObject\",\"inLanguage\":\"en-US\",\"@id\":\"https:\\\/\\\/hutton.ee\\\/#\\\/schema\\\/logo\\\/image\\\/\",\"url\":\"https:\\\/\\\/hutton.ee\\\/wp-content\\\/uploads\\\/2020\\\/07\\\/hutton-logo_uuendatud-01.png\",\"contentUrl\":\"https:\\\/\\\/hutton.ee\\\/wp-content\\\/uploads\\\/2020\\\/07\\\/hutton-logo_uuendatud-01.png\",\"width\":1064,\"height\":455,\"caption\":\"Hutton - KATUS | SEIN | FASSAAD\"},\"image\":{\"@id\":\"https:\\\/\\\/hutton.ee\\\/#\\\/schema\\\/logo\\\/image\\\/\"},\"sameAs\":[\"https:\\\/\\\/www.facebook.com\\\/huttoneesti\"]}]}<\/script>\n<!-- \/ Yoast SEO Premium plugin. -->","yoast_head_json":{"title":"Aluskatte 3D v\u00f5rkmatt, 1.4\/30\/42m\u00b2 - Hutton","description":"Aluskatte 3D v\u00f5rkmatt K Roof C10EP 9mm. Mikrotuulutus v\u00f5rkmatt katuse pleki alla, kondensniiskuse v\u00e4ljakuivamise tagamiseks. Hea UV kindlus. Hutton e-poes.","robots":{"index":"index","follow":"follow","max-snippet":"max-snippet:-1","max-image-preview":"max-image-preview:large","max-video-preview":"max-video-preview:-1"},"canonical":"https:\/\/hutton.ee\/toode\/aluskatte-3d-vorkmatt-1-4-30-42m\u00b2\/","og_locale":"en_US","og_type":"article","og_title":"Aluskatte 3D v\u00f5rkmatt, 1.4\/30\/42m\u00b2 - Hutton","og_description":"Aluskatte 3D v\u00f5rkmatt K Roof C10EP 9mm. Mikrotuulutus v\u00f5rkmatt katuse pleki alla, kondensniiskuse v\u00e4ljakuivamise tagamiseks. Hea UV kindlus. Vaata Hutton e-poes","og_url":"https:\/\/hutton.ee\/toode\/aluskatte-3d-vorkmatt-1-4-30-42m\u00b2\/","og_site_name":"Hutton","article_publisher":"https:\/\/www.facebook.com\/huttoneesti","article_modified_time":"2025-10-09T07:45:35+00:00","og_image":[{"width":500,"height":500,"url":"https:\/\/hutton.ee\/wp-content\/uploads\/2021\/12\/Aluskate-3D-vorkmatt-K-Roof-C10EP.png","type":"image\/png"}],"twitter_card":"summary_large_image","twitter_title":"Aluskatte 3D v\u00f5rkmatt, 1.4\/30\/42m\u00b2 - Hutton","twitter_description":"Aluskatte 3D v\u00f5rkmatt K Roof C10EP 9mm. Mikrotuulutus v\u00f5rkmatt katuse pleki alla, kondensniiskuse v\u00e4ljakuivamise tagamiseks. Hea UV kindlus. Vaata Hutton e-poes","twitter_misc":{"Est. reading time":"1 minute"},"schema":{"@context":"https:\/\/schema.org","@graph":[{"@type":"WebPage","@id":"https:\/\/hutton.ee\/toode\/aluskatte-3d-vorkmatt-1-4-30-42m%c2%b2\/","url":"https:\/\/hutton.ee\/toode\/aluskatte-3d-vorkmatt-1-4-30-42m%c2%b2\/","name":"Aluskatte 3D v\u00f5rkmatt, 1.4\/30\/42m\u00b2 - Hutton","isPartOf":{"@id":"https:\/\/hutton.ee\/#website"},"primaryImageOfPage":{"@id":"https:\/\/hutton.ee\/toode\/aluskatte-3d-vorkmatt-1-4-30-42m%c2%b2\/#primaryimage"},"image":{"@id":"https:\/\/hutton.ee\/toode\/aluskatte-3d-vorkmatt-1-4-30-42m%c2%b2\/#primaryimage"},"thumbnailUrl":"https:\/\/hutton.ee\/wp-content\/uploads\/2021\/12\/Aluskate-3D-vorkmatt-K-Roof-C10EP.png","datePublished":"2021-12-14T10:31:09+00:00","dateModified":"2025-10-09T07:45:35+00:00","description":"Aluskatte 3D v\u00f5rkmatt K Roof C10EP 9mm. Mikrotuulutus v\u00f5rkmatt katuse pleki alla, kondensniiskuse v\u00e4ljakuivamise tagamiseks. Hea UV kindlus. Hutton e-poes.","breadcrumb":{"@id":"https:\/\/hutton.ee\/toode\/aluskatte-3d-vorkmatt-1-4-30-42m%c2%b2\/#breadcrumb"},"inLanguage":"en-US","potentialAction":[{"@type":"ReadAction","target":["https:\/\/hutton.ee\/toode\/aluskatte-3d-vorkmatt-1-4-30-42m%c2%b2\/"]}]},{"@type":"ImageObject","inLanguage":"en-US","@id":"https:\/\/hutton.ee\/toode\/aluskatte-3d-vorkmatt-1-4-30-42m%c2%b2\/#primaryimage","url":"https:\/\/hutton.ee\/wp-content\/uploads\/2021\/12\/Aluskate-3D-vorkmatt-K-Roof-C10EP.png","contentUrl":"https:\/\/hutton.ee\/wp-content\/uploads\/2021\/12\/Aluskate-3D-vorkmatt-K-Roof-C10EP.png","width":500,"height":500,"caption":"Aluskate 3D v\u00f5rkmatt K Roof C10EP"},{"@type":"BreadcrumbList","@id":"https:\/\/hutton.ee\/toode\/aluskatte-3d-vorkmatt-1-4-30-42m%c2%b2\/#breadcrumb","itemListElement":[{"@type":"ListItem","position":1,"name":"Avaleht","item":"https:\/\/hutton.ee\/"},{"@type":"ListItem","position":2,"name":"Shop","item":"https:\/\/hutton.ee\/en\/shop\/"},{"@type":"ListItem","position":3,"name":"Aluskatte 3D v\u00f5rkmatt, 1.4\/30\/42m\u00b2"}]},{"@type":"WebSite","@id":"https:\/\/hutton.ee\/#website","url":"https:\/\/hutton.ee\/","name":"Hutton","description":"Ajas kestvad ehituslahendused","publisher":{"@id":"https:\/\/hutton.ee\/#organization"},"potentialAction":[{"@type":"SearchAction","target":{"@type":"EntryPoint","urlTemplate":"https:\/\/hutton.ee\/?s={search_term_string}"},"query-input":{"@type":"PropertyValueSpecification","valueRequired":true,"valueName":"search_term_string"}}],"inLanguage":"en-US"},{"@type":"Organization","@id":"https:\/\/hutton.ee\/#organization","name":"Hutton - KATUS | SEIN | FASSAAD","url":"https:\/\/hutton.ee\/","logo":{"@type":"ImageObject","inLanguage":"en-US","@id":"https:\/\/hutton.ee\/#\/schema\/logo\/image\/","url":"https:\/\/hutton.ee\/wp-content\/uploads\/2020\/07\/hutton-logo_uuendatud-01.png","contentUrl":"https:\/\/hutton.ee\/wp-content\/uploads\/2020\/07\/hutton-logo_uuendatud-01.png","width":1064,"height":455,"caption":"Hutton - KATUS | SEIN | FASSAAD"},"image":{"@id":"https:\/\/hutton.ee\/#\/schema\/logo\/image\/"},"sameAs":["https:\/\/www.facebook.com\/huttoneesti"]}]}},"_links":{"self":[{"href":"https:\/\/hutton.ee\/en\/wp-json\/wp\/v2\/product\/11283","targetHints":{"allow":["GET"]}}],"collection":[{"href":"https:\/\/hutton.ee\/en\/wp-json\/wp\/v2\/product"}],"about":[{"href":"https:\/\/hutton.ee\/en\/wp-json\/wp\/v2\/types\/product"}],"wp:featuredmedia":[{"embeddable":true,"href":"https:\/\/hutton.ee\/en\/wp-json\/wp\/v2\/media\/26536"}],"wp:attachment":[{"href":"https:\/\/hutton.ee\/en\/wp-json\/wp\/v2\/media?parent=11283"}],"wp:term":[{"taxonomy":"product_brand","embeddable":true,"href":"https:\/\/hutton.ee\/en\/wp-json\/wp\/v2\/product_brand?post=11283"},{"taxonomy":"product_cat","embeddable":true,"href":"https:\/\/hutton.ee\/en\/wp-json\/wp\/v2\/product_cat?post=11283"},{"taxonomy":"product_tag","embeddable":true,"href":"https:\/\/hutton.ee\/en\/wp-json\/wp\/v2\/product_tag?post=11283"},{"taxonomy":"filtrisusteem","embeddable":true,"href":"https:\/\/hutton.ee\/en\/wp-json\/wp\/v2\/filtrisusteem?post=11283"},{"taxonomy":"kvaliteediklass","embeddable":true,"href":"https:\/\/hutton.ee\/en\/wp-json\/wp\/v2\/kvaliteediklass?post=11283"}],"curies":[{"name":"wp","href":"https:\/\/api.w.org\/{rel}","templated":true}]}}