{"id":13055,"date":"2022-01-24T09:53:44","date_gmt":"2022-01-24T09:53:44","guid":{"rendered":"https:\/\/hutton.ee\/?post_type=product&#038;p=13055"},"modified":"2025-07-14T11:42:00","modified_gmt":"2025-07-14T11:42:00","slug":"tselluvill-isocell-14kg","status":"publish","type":"product","link":"https:\/\/hutton.ee\/en\/toode\/tselluvill-isocell-14kg\/","title":{"rendered":"Tselluvill ISOCELL, 14kg"},"content":{"rendered":"<p>Isocell tselluvill on tsellulooskiududest valmistatud looduslik soojustusmaterjal (puistevill), mis toodetakse ajalehest optimaalse taaskasutusprotsessi k\u00e4igus (ajalehe paberist ehk \u00fcmbert\u00f6\u00f6deldud puidukiust). Tervise- ja keskkonnas\u00f5bralik soojustusmaterjal ei \u00e4rrita ega kahjusta nahka, ei sisalda kahjulikke aineid ega lisaaineid, on katsudes m\u00f5nusalt pehme ja soe.<\/p>\n<p>Isocell tselluvill on auru l\u00e4bilaskev ja niiskust reguleeriv. Selle head soojusisolatsiooniomadused hoiavad talvel k\u00fclma ja suvel soojuse v\u00e4ljas. J\u00e4mekiuline, mineraalsooladega segatud ja veskis jahvatatud Isocell tselluloos on tulekindel, m\u00e4danemiskindel ning kahjuritele ja hallitusele vastupidav.<\/p>\n<p>Tsellulooskiudude looduslikud omadused vastavad koos Isocell sissepritses\u00fcsteemiga eluruumi kliima ja energias\u00e4\u00e4stu k\u00f5rgeimatele n\u00f5uetele. Tootmine toimub k\u00f5ige rangemate kvaliteedikriteeriumide j\u00e4rgi Isocell tehastes Austrias, Belgias, Prantsusmaal, Saksamaal ja Rootsis.<\/p>\n<p>Isocell tselluvill on kasutusel uusehitistes ja renoveerimisel lahtiselt sissepuhutava soojustusena katuses, seinas, laes ja p\u00f5randas. Loe lisaks: <a href=\"https:\/\/hutton.ee\/tselluvilla-kuivpaigaldus-materjal-mis-ei-vaju\/\">Tselluvilla paigaldus.<\/a><\/p>\n<h3>Tselluvill Isocell eelised<\/h3>\n<ul>\n<li data-start=\"684\" data-end=\"814\"><strong data-start=\"686\" data-end=\"719\">Suurep\u00e4rane soojusisolatsioon<\/strong> \u2013 Hoiab talvel ruumid soojana ja suvel jahedana, aidates oluliselt v\u00e4hendada energiakulusid.<\/li>\n<li data-start=\"815\" data-end=\"971\"><strong data-start=\"817\" data-end=\"847\">Keskkonnas\u00f5bralik materjal<\/strong> \u2013 Valmistatud 100% taaskasutatud paberist ja t\u00f6\u00f6deldud looduslike ainete abil hallituse ning tulekindluse suurendamiseks.<\/li>\n<li data-start=\"972\" data-end=\"1118\"><strong data-start=\"974\" data-end=\"988\">Tulekindel<\/strong> \u2013 Isocell tselluvill ON spetsiaalselt t\u00f6\u00f6deldud, et olla tulekindel ning t\u00e4ita ohutusn\u00f5udeid.<\/li>\n<li data-start=\"1119\" data-end=\"1284\"><strong data-start=\"1121\" data-end=\"1154\">Hingav ja niiskust reguleeriv<\/strong> \u2013 Imab \u00fcleliigse niiskuse endasse ning vabastab selle j\u00e4rk-j\u00e4rgult, hoides sisekliima tervislikuna ja v\u00e4ltides hallituse teket.<\/li>\n<li data-start=\"1285\" data-end=\"1412\"><strong data-start=\"1287\" data-end=\"1304\">M\u00fcra summutav<\/strong> \u2013 T\u00e4nu oma tihedale struktuurile aitab tselluvill v\u00e4hendada heli levikut ning parandab ruumide akustikat.<\/li>\n<li data-start=\"1413\" data-end=\"1595\"><strong data-start=\"1415\" data-end=\"1449\">\u00dchtlane paigaldus<\/strong> \u2013 Kuna tselluvill puhutakse otse seintesse, lagedele v\u00f5i p\u00f6\u00f6ningule, t\u00e4idab see k\u00f5ik praod ja t\u00fchimikud.<\/li>\n<\/ul>\n<h3 data-start=\"1597\" data-end=\"1644\"><strong data-start=\"1600\" data-end=\"1642\">Kus saab Isocell tselluvilla kasutada?<\/strong><\/h3>\n<ul data-start=\"1718\" data-end=\"2259\">\n<li data-start=\"1718\" data-end=\"1828\"><strong data-start=\"1720\" data-end=\"1763\">P\u00f6\u00f6ningute ja katusealuste soojustamine<\/strong> \u2013 Aitab hoida \u00fclemistelt korrustelt soojuse kadu minimaalsena.<\/li>\n<li data-start=\"1829\" data-end=\"1945\"><strong data-start=\"1831\" data-end=\"1871\">Vahelagede ja p\u00f5randate soojustamine<\/strong> \u2013 Summutab m\u00fcra ning aitab v\u00e4ltida soojuslekkeid alumistele korrustele.<\/li>\n<li data-start=\"1946\" data-end=\"2053\"><strong data-start=\"2056\" data-end=\"2093\">Seinte ja vaheseinte soojustamine<\/strong> \u2013 Tagab \u00fchtlase soojapidavuse ja helikindluse.<\/li>\n<li data-start=\"2143\" data-end=\"2259\"><strong data-start=\"2145\" data-end=\"2177\">Vanade hoonete renoveerimine<\/strong> \u2013 V\u00f5imaldab parandada olemasolevat soojustust ilma suuri lammutust\u00f6id tegemata.<\/li>\n<\/ul>\n<p>Lisaks puistevilla m\u00fc\u00fcgile tuleme objektile kohale ja teeme ka paigalduse Sinu eest \u00e4ra! <strong>Telli lisaks <a href=\"https:\/\/hutton.ee\/puistevilla-paigaldamine\/\">puistevilla paigaldus<\/a><\/strong>! Uuri l\u00e4hemalt Hutton spetsialistidelt \u2013 aitame anal\u00fc\u00fcsida Teie vajadusi ja leiame k\u00f5ige hinnaoptimaalsema ja tehniliselt toimiva parima lahenduse.<\/p>\n<p>Puistevilla paigaldamine &#8211; <a href=\"https:\/\/www.youtube.com\/watch?v=aUkqgUY1Jzk\"><strong>tutvustusvideo<\/strong><\/a><\/p>\n<p><strong>Tegutse targalt, <a href=\"https:\/\/hutton.ee\/kontakt\/\">k\u00fcsi n\u00f5u<\/a>!<\/strong><\/p>\n<p>Hutton<br \/>\nTehniline konsultant<br \/>\nMargus Laats<\/p>\n<p>\u2706 +372 50 11 324<br \/>\n\u2709 margus.laats@hutton.ee<\/p>\n","protected":false},"excerpt":{"rendered":"<p>&nbsp;<\/p>\n<p>1m\u00b3 l\u00e4heb 30kg ISOCELL tselluvilla.<\/p>\n<p><strong>30kg\/1m\u00b3 hind = 41,79\u20ac (p\u00fcsikliendi hind 29,25\u20ac)<\/strong><\/p>\n<p><strong style=\"color: #e05252;\">TRANSPORT KOKKULEPPEL!<br \/>\n<\/strong>(V\u00f5tame Teiega ise \u00fchendust)<\/p>\n<p>Telli koos paigaldusega: \u2706 +372 50 11 324 | \u2709 margus.laats@hutton.ee<\/p>\n","protected":false},"featured_media":26801,"template":"","meta":{"_gspb_post_css":"","_uf_show_specific_survey":0,"_uf_disable_surveys":false},"product_brand":[],"product_cat":[986,1958,987,988],"product_tag":[2893,1258],"filtrisusteem":[2469,2468,2454,2451,2449,2453],"kvaliteediklass":[],"class_list":{"0":"post-13055","1":"product","2":"type-product","3":"status-publish","4":"has-post-thumbnail","6":"product_cat-soojustus","7":"product_cat-tselluvill-soojustus","8":"product_cat-puistevill","9":"product_cat-tselluvill","10":"product_tag-1tk_block","11":"product_tag-ei_pakiautomaat","12":"filtrisusteem-2469","13":"filtrisusteem-erisoojusjuhtivus-lamda","14":"filtrisusteem-puistevill","15":"filtrisusteem-tselluvill","16":"filtrisusteem-villa-liik","17":"filtrisusteem-villa-tuup","19":"first","20":"outofstock","21":"taxable","22":"shipping-taxable","23":"purchasable","24":"product-type-simple"},"yoast_head":"<!-- This site is optimized with the Yoast SEO Premium plugin v21.3 (Yoast SEO v27.3) - https:\/\/yoast.com\/product\/yoast-seo-premium-wordpress\/ -->\n<title>Tselluvill ISOCELL, 14kg - Hutton<\/title>\n<meta name=\"description\" content=\"Tselluvill Isocell. Tselluvilla paigaldus! K\u00f5rge kvaliteediga ja keskkonnas\u00f5bralik. Paigaldus kiire ja efektiivne! Sooduskampaania -35%!\" \/>\n<meta name=\"robots\" content=\"index, follow, max-snippet:-1, max-image-preview:large, max-video-preview:-1\" \/>\n<link rel=\"canonical\" href=\"https:\/\/hutton.ee\/toode\/tselluvill-isocell-14kg\/\" \/>\n<meta property=\"og:locale\" content=\"en_US\" \/>\n<meta property=\"og:type\" content=\"article\" \/>\n<meta property=\"og:title\" content=\"Tselluvill ISOCELL, 14kg - Hutton\" \/>\n<meta property=\"og:description\" content=\"M\u00fc\u00fck ja paigaldus: ????5096755 | ???? info@hutton.ee. Isocell looduslik tselluvill on k\u00f5rge kvaliteediga ja keskkonnas\u00f5bralik. Paigaldus kiire ja efektiivne! Hutton\" \/>\n<meta property=\"og:url\" content=\"https:\/\/hutton.ee\/toode\/tselluvill-isocell-14kg\/\" \/>\n<meta property=\"og:site_name\" content=\"Hutton\" \/>\n<meta property=\"article:publisher\" content=\"https:\/\/www.facebook.com\/huttoneesti\" \/>\n<meta property=\"article:modified_time\" content=\"2025-07-14T11:42:00+00:00\" \/>\n<meta property=\"og:image\" content=\"https:\/\/hutton.ee\/wp-content\/uploads\/2022\/01\/Tselluvill-ISOCELL.png\" \/>\n\t<meta property=\"og:image:width\" content=\"500\" \/>\n\t<meta property=\"og:image:height\" content=\"500\" \/>\n\t<meta property=\"og:image:type\" content=\"image\/png\" \/>\n<meta name=\"twitter:card\" content=\"summary_large_image\" \/>\n<meta name=\"twitter:title\" content=\"Tselluvill ISOCELL, 14kg - Hutton\" \/>\n<meta name=\"twitter:description\" content=\"M\u00fc\u00fck ja paigaldus: ????5096755 | ???? info@hutton.ee. Isocell looduslik tselluvill on k\u00f5rge kvaliteediga ja keskkonnas\u00f5bralik. Paigaldus kiire ja efektiivne! Hutton\" \/>\n<meta name=\"twitter:label1\" content=\"Est. reading time\" \/>\n\t<meta name=\"twitter:data1\" content=\"2 minutes\" \/>\n<script type=\"application\/ld+json\" class=\"yoast-schema-graph\">{\"@context\":\"https:\\\/\\\/schema.org\",\"@graph\":[{\"@type\":\"WebPage\",\"@id\":\"https:\\\/\\\/hutton.ee\\\/toode\\\/tselluvill-isocell-14kg\\\/\",\"url\":\"https:\\\/\\\/hutton.ee\\\/toode\\\/tselluvill-isocell-14kg\\\/\",\"name\":\"Tselluvill ISOCELL, 14kg - Hutton\",\"isPartOf\":{\"@id\":\"https:\\\/\\\/hutton.ee\\\/#website\"},\"primaryImageOfPage\":{\"@id\":\"https:\\\/\\\/hutton.ee\\\/toode\\\/tselluvill-isocell-14kg\\\/#primaryimage\"},\"image\":{\"@id\":\"https:\\\/\\\/hutton.ee\\\/toode\\\/tselluvill-isocell-14kg\\\/#primaryimage\"},\"thumbnailUrl\":\"https:\\\/\\\/hutton.ee\\\/wp-content\\\/uploads\\\/2022\\\/01\\\/Tselluvill-ISOCELL.png\",\"datePublished\":\"2022-01-24T09:53:44+00:00\",\"dateModified\":\"2025-07-14T11:42:00+00:00\",\"description\":\"Tselluvill Isocell. Tselluvilla paigaldus! K\u00f5rge kvaliteediga ja keskkonnas\u00f5bralik. Paigaldus kiire ja efektiivne! Sooduskampaania -35%!\",\"breadcrumb\":{\"@id\":\"https:\\\/\\\/hutton.ee\\\/toode\\\/tselluvill-isocell-14kg\\\/#breadcrumb\"},\"inLanguage\":\"en-US\",\"potentialAction\":[{\"@type\":\"ReadAction\",\"target\":[\"https:\\\/\\\/hutton.ee\\\/toode\\\/tselluvill-isocell-14kg\\\/\"]}]},{\"@type\":\"ImageObject\",\"inLanguage\":\"en-US\",\"@id\":\"https:\\\/\\\/hutton.ee\\\/toode\\\/tselluvill-isocell-14kg\\\/#primaryimage\",\"url\":\"https:\\\/\\\/hutton.ee\\\/wp-content\\\/uploads\\\/2022\\\/01\\\/Tselluvill-ISOCELL.png\",\"contentUrl\":\"https:\\\/\\\/hutton.ee\\\/wp-content\\\/uploads\\\/2022\\\/01\\\/Tselluvill-ISOCELL.png\",\"width\":500,\"height\":500,\"caption\":\"Tselluvill ISOCELL\"},{\"@type\":\"BreadcrumbList\",\"@id\":\"https:\\\/\\\/hutton.ee\\\/toode\\\/tselluvill-isocell-14kg\\\/#breadcrumb\",\"itemListElement\":[{\"@type\":\"ListItem\",\"position\":1,\"name\":\"Avaleht\",\"item\":\"https:\\\/\\\/hutton.ee\\\/\"},{\"@type\":\"ListItem\",\"position\":2,\"name\":\"Shop\",\"item\":\"https:\\\/\\\/hutton.ee\\\/en\\\/shop\\\/\"},{\"@type\":\"ListItem\",\"position\":3,\"name\":\"Tselluvill ISOCELL, 14kg\"}]},{\"@type\":\"WebSite\",\"@id\":\"https:\\\/\\\/hutton.ee\\\/#website\",\"url\":\"https:\\\/\\\/hutton.ee\\\/\",\"name\":\"Hutton\",\"description\":\"Ajas kestvad ehituslahendused\",\"publisher\":{\"@id\":\"https:\\\/\\\/hutton.ee\\\/#organization\"},\"potentialAction\":[{\"@type\":\"SearchAction\",\"target\":{\"@type\":\"EntryPoint\",\"urlTemplate\":\"https:\\\/\\\/hutton.ee\\\/?s={search_term_string}\"},\"query-input\":{\"@type\":\"PropertyValueSpecification\",\"valueRequired\":true,\"valueName\":\"search_term_string\"}}],\"inLanguage\":\"en-US\"},{\"@type\":\"Organization\",\"@id\":\"https:\\\/\\\/hutton.ee\\\/#organization\",\"name\":\"Hutton - KATUS | SEIN | FASSAAD\",\"url\":\"https:\\\/\\\/hutton.ee\\\/\",\"logo\":{\"@type\":\"ImageObject\",\"inLanguage\":\"en-US\",\"@id\":\"https:\\\/\\\/hutton.ee\\\/#\\\/schema\\\/logo\\\/image\\\/\",\"url\":\"https:\\\/\\\/hutton.ee\\\/wp-content\\\/uploads\\\/2020\\\/07\\\/hutton-logo_uuendatud-01.png\",\"contentUrl\":\"https:\\\/\\\/hutton.ee\\\/wp-content\\\/uploads\\\/2020\\\/07\\\/hutton-logo_uuendatud-01.png\",\"width\":1064,\"height\":455,\"caption\":\"Hutton - KATUS | SEIN | FASSAAD\"},\"image\":{\"@id\":\"https:\\\/\\\/hutton.ee\\\/#\\\/schema\\\/logo\\\/image\\\/\"},\"sameAs\":[\"https:\\\/\\\/www.facebook.com\\\/huttoneesti\"]}]}<\/script>\n<!-- \/ Yoast SEO Premium plugin. -->","yoast_head_json":{"title":"Tselluvill ISOCELL, 14kg - Hutton","description":"Tselluvill Isocell. Tselluvilla paigaldus! K\u00f5rge kvaliteediga ja keskkonnas\u00f5bralik. Paigaldus kiire ja efektiivne! Sooduskampaania -35%!","robots":{"index":"index","follow":"follow","max-snippet":"max-snippet:-1","max-image-preview":"max-image-preview:large","max-video-preview":"max-video-preview:-1"},"canonical":"https:\/\/hutton.ee\/toode\/tselluvill-isocell-14kg\/","og_locale":"en_US","og_type":"article","og_title":"Tselluvill ISOCELL, 14kg - Hutton","og_description":"M\u00fc\u00fck ja paigaldus: ????5096755 | ???? info@hutton.ee. Isocell looduslik tselluvill on k\u00f5rge kvaliteediga ja keskkonnas\u00f5bralik. Paigaldus kiire ja efektiivne! Hutton","og_url":"https:\/\/hutton.ee\/toode\/tselluvill-isocell-14kg\/","og_site_name":"Hutton","article_publisher":"https:\/\/www.facebook.com\/huttoneesti","article_modified_time":"2025-07-14T11:42:00+00:00","og_image":[{"width":500,"height":500,"url":"https:\/\/hutton.ee\/wp-content\/uploads\/2022\/01\/Tselluvill-ISOCELL.png","type":"image\/png"}],"twitter_card":"summary_large_image","twitter_title":"Tselluvill ISOCELL, 14kg - Hutton","twitter_description":"M\u00fc\u00fck ja paigaldus: ????5096755 | ???? info@hutton.ee. Isocell looduslik tselluvill on k\u00f5rge kvaliteediga ja keskkonnas\u00f5bralik. Paigaldus kiire ja efektiivne! Hutton","twitter_misc":{"Est. reading time":"2 minutes"},"schema":{"@context":"https:\/\/schema.org","@graph":[{"@type":"WebPage","@id":"https:\/\/hutton.ee\/toode\/tselluvill-isocell-14kg\/","url":"https:\/\/hutton.ee\/toode\/tselluvill-isocell-14kg\/","name":"Tselluvill ISOCELL, 14kg - Hutton","isPartOf":{"@id":"https:\/\/hutton.ee\/#website"},"primaryImageOfPage":{"@id":"https:\/\/hutton.ee\/toode\/tselluvill-isocell-14kg\/#primaryimage"},"image":{"@id":"https:\/\/hutton.ee\/toode\/tselluvill-isocell-14kg\/#primaryimage"},"thumbnailUrl":"https:\/\/hutton.ee\/wp-content\/uploads\/2022\/01\/Tselluvill-ISOCELL.png","datePublished":"2022-01-24T09:53:44+00:00","dateModified":"2025-07-14T11:42:00+00:00","description":"Tselluvill Isocell. Tselluvilla paigaldus! K\u00f5rge kvaliteediga ja keskkonnas\u00f5bralik. Paigaldus kiire ja efektiivne! Sooduskampaania -35%!","breadcrumb":{"@id":"https:\/\/hutton.ee\/toode\/tselluvill-isocell-14kg\/#breadcrumb"},"inLanguage":"en-US","potentialAction":[{"@type":"ReadAction","target":["https:\/\/hutton.ee\/toode\/tselluvill-isocell-14kg\/"]}]},{"@type":"ImageObject","inLanguage":"en-US","@id":"https:\/\/hutton.ee\/toode\/tselluvill-isocell-14kg\/#primaryimage","url":"https:\/\/hutton.ee\/wp-content\/uploads\/2022\/01\/Tselluvill-ISOCELL.png","contentUrl":"https:\/\/hutton.ee\/wp-content\/uploads\/2022\/01\/Tselluvill-ISOCELL.png","width":500,"height":500,"caption":"Tselluvill ISOCELL"},{"@type":"BreadcrumbList","@id":"https:\/\/hutton.ee\/toode\/tselluvill-isocell-14kg\/#breadcrumb","itemListElement":[{"@type":"ListItem","position":1,"name":"Avaleht","item":"https:\/\/hutton.ee\/"},{"@type":"ListItem","position":2,"name":"Shop","item":"https:\/\/hutton.ee\/en\/shop\/"},{"@type":"ListItem","position":3,"name":"Tselluvill ISOCELL, 14kg"}]},{"@type":"WebSite","@id":"https:\/\/hutton.ee\/#website","url":"https:\/\/hutton.ee\/","name":"Hutton","description":"Ajas kestvad ehituslahendused","publisher":{"@id":"https:\/\/hutton.ee\/#organization"},"potentialAction":[{"@type":"SearchAction","target":{"@type":"EntryPoint","urlTemplate":"https:\/\/hutton.ee\/?s={search_term_string}"},"query-input":{"@type":"PropertyValueSpecification","valueRequired":true,"valueName":"search_term_string"}}],"inLanguage":"en-US"},{"@type":"Organization","@id":"https:\/\/hutton.ee\/#organization","name":"Hutton - KATUS | SEIN | FASSAAD","url":"https:\/\/hutton.ee\/","logo":{"@type":"ImageObject","inLanguage":"en-US","@id":"https:\/\/hutton.ee\/#\/schema\/logo\/image\/","url":"https:\/\/hutton.ee\/wp-content\/uploads\/2020\/07\/hutton-logo_uuendatud-01.png","contentUrl":"https:\/\/hutton.ee\/wp-content\/uploads\/2020\/07\/hutton-logo_uuendatud-01.png","width":1064,"height":455,"caption":"Hutton - KATUS | SEIN | FASSAAD"},"image":{"@id":"https:\/\/hutton.ee\/#\/schema\/logo\/image\/"},"sameAs":["https:\/\/www.facebook.com\/huttoneesti"]}]}},"_links":{"self":[{"href":"https:\/\/hutton.ee\/en\/wp-json\/wp\/v2\/product\/13055","targetHints":{"allow":["GET"]}}],"collection":[{"href":"https:\/\/hutton.ee\/en\/wp-json\/wp\/v2\/product"}],"about":[{"href":"https:\/\/hutton.ee\/en\/wp-json\/wp\/v2\/types\/product"}],"wp:featuredmedia":[{"embeddable":true,"href":"https:\/\/hutton.ee\/en\/wp-json\/wp\/v2\/media\/26801"}],"wp:attachment":[{"href":"https:\/\/hutton.ee\/en\/wp-json\/wp\/v2\/media?parent=13055"}],"wp:term":[{"taxonomy":"product_brand","embeddable":true,"href":"https:\/\/hutton.ee\/en\/wp-json\/wp\/v2\/product_brand?post=13055"},{"taxonomy":"product_cat","embeddable":true,"href":"https:\/\/hutton.ee\/en\/wp-json\/wp\/v2\/product_cat?post=13055"},{"taxonomy":"product_tag","embeddable":true,"href":"https:\/\/hutton.ee\/en\/wp-json\/wp\/v2\/product_tag?post=13055"},{"taxonomy":"filtrisusteem","embeddable":true,"href":"https:\/\/hutton.ee\/en\/wp-json\/wp\/v2\/filtrisusteem?post=13055"},{"taxonomy":"kvaliteediklass","embeddable":true,"href":"https:\/\/hutton.ee\/en\/wp-json\/wp\/v2\/kvaliteediklass?post=13055"}],"curies":[{"name":"wp","href":"https:\/\/api.w.org\/{rel}","templated":true}]}}