{"id":13113,"date":"2022-01-26T06:49:36","date_gmt":"2022-01-26T06:49:36","guid":{"rendered":"https:\/\/hutton.ee\/?post_type=product&#038;p=13113"},"modified":"2025-06-17T11:10:21","modified_gmt":"2025-06-17T11:10:21","slug":"klaasvill-knauf-supafil-loft-045","status":"publish","type":"product","link":"https:\/\/hutton.ee\/en\/toode\/klaasvill-knauf-supafil-loft-045\/","title":{"rendered":"Klaasvill KNAUF Supafil Loft 045"},"content":{"rendered":"<p><strong>Klaasvill KNAUF Supafil Loft 045<\/strong> on ilma sideaineta valmistatud klaasvill. Ecose tehnoloogial p\u00f5hinevad Knauf tooted on <strong>100% looduslikud.<\/strong> Taaskasutatud klaas, mille sideaine on naturaalne. Ei ole lisatud v\u00e4rvained, formaldeh\u00fc\u00fcde ega muud keemiat.<\/p>\n<p>Naturaalseks mineraalvillaks kutsutavat toodet toodetakse unikaalse <strong>Knauf Insulation Ecose<\/strong> tehnoloogiaga.<\/p>\n<p>Parim lahendus soojus- ja heliisolatsiooni ning tulep\u00fcsivuse puhul. <strong>Tootel on Eurofins Gold sertifikaat,<\/strong> mis vastab k\u00f5ige k\u00f5rgemale sise\u00f5hu kvaliteedistandardile.<\/p>\n<p><strong>Aja jooksul ei muutu klaasvilla parameetrid sh soojusjuhtivus.<\/strong> Villakiud, struktuur ja \u00f5hulisus s\u00e4ilivad aja m\u00f6\u00f6dudes.<\/p>\n<p>Materjal on hea heliisolatsiooniga ning vetth\u00fclgav. Klaasvill Supafil Loft 045 &#8211; sobib ideaalselt k\u00f5igile horisontaalsete pindadele: p\u00f6\u00f6ning, vahelaed, renoveeritud majade p\u00f5randad ja uute ehitiste soojusisolatsioon. <strong>Mineraalvilll t\u00e4idab k\u00f5ik raskesti ligip\u00e4\u00e4setavad ruumid.<\/strong> Paigaldusprotsess on kiire ja puhas.<\/p>\n<p>Antud klaasvilla toode on klassifitseeritud euroklassi A1, mis on parim tulekindlus, millel on k\u00f5rgeim tuleohutusklass.<\/p>\n<p>Unikaalne tootmistehnoloogia vastab EU rangetele standarditele.<\/p>\n<p><strong>Klaasvill KNAUF Supafil Loft 045<\/strong>:<\/p>\n<p><strong>EELISED:<\/strong><\/p>\n<ul>\n<li>Suurep\u00e4rane soojustusmaterjal, m\u00fcrasummutusv\u00f5ime.<\/li>\n<li>Paigaldus on kiire ning tolmuvaba.<\/li>\n<li>Puuduvad j\u00e4\u00e4tmed.<\/li>\n<li>K\u00f5rge auru l\u00e4bilaskvus.<\/li>\n<li>Vetth\u00fclgav materjal.<\/li>\n<li>Vastupidav kahjurite suhtes.<\/li>\n<li>K\u00f5rge tulekaitse.<\/li>\n<li>Keskkonnas\u00f5bralik orgaaniline materjal.<\/li>\n<\/ul>\n<p><strong>KASUTUSALA:<\/strong><\/p>\n<p><img loading=\"lazy\" decoding=\"async\" class=\" wp-image-17096 alignleft\" src=\"https:\/\/hutton.ee\/wp-content\/uploads\/2022\/01\/Puiste-Supafil-loft-045-paigalduslahendus-300x234.jpg\" alt=\"Supafil puistevilla paigaldus lahendus\" width=\"120\" height=\"94\" srcset=\"https:\/\/hutton.ee\/wp-content\/uploads\/2022\/01\/Puiste-Supafil-loft-045-paigalduslahendus-300x234.jpg 300w, https:\/\/hutton.ee\/wp-content\/uploads\/2022\/01\/Puiste-Supafil-loft-045-paigalduslahendus.jpg 492w\" sizes=\"auto, (max-width: 120px) 100vw, 120px\" \/><\/p>\n<ul>\n<li>p\u00f6\u00f6ning<\/li>\n<li>vahelaed<\/li>\n<li>renoveeritud majade p\u00f5randad<\/li>\n<li>uute ehitiste soojusisolatsioon.<\/li>\n<\/ul>\n<p>Hutton pakub lisaks puistevilla m\u00fc\u00fcgile ka\u00a0<strong><a href=\"https:\/\/hutton.ee\/puistevilla-paigaldamine\/\">puistevilla paigaldust<\/a>.<\/strong>\u00a0Uuri l\u00e4hemalt Hutton spetsialistidelt \u2013 aitame anal\u00fc\u00fcsida Teie vajadusi ja leiame k\u00f5ige hinnaoptimaalsema ja tehniliselt toimiva parima lahenduse.<\/p>\n<p>Loe lisaks: <a href=\"https:\/\/hutton.ee\/kuidas-valida-puistevilla\/\">kuidas valida puistevilla?<\/a><\/p>\n<p><strong>Tegutse targalt, k\u00fcsi n\u00f5u!<\/strong><\/p>\n<p>Hutton<br \/>\nTehniline konsultant<br \/>\nMargus Laats<\/p>\n<p>\u2706 +372 50 11 324<br \/>\n\u2709 margus.laats@hutton.ee<\/p>\n","protected":false},"excerpt":{"rendered":"<p>Kui palju kulub Knauf Supafil Loft klaasvilla, et soojustada 1 m<sup>3<\/sup>\u00a0ala?<\/p>\n<p>31kg\/m<sup>3<\/sup> : 11 = 2,8pk\/m<sup>3<\/sup><\/p>\n<p><strong style=\"color: #e05252;\">TRANSPORT KOKKULEPPEL!<br \/>\n<\/strong>(V\u00f5tame Teiega ise \u00fchendust)<\/p>\n<p>Telli koos paigaldusega: \u2706 +372 50 11 324 | \u2709 margus.laats@hutton.ee<\/p>\n","protected":false},"featured_media":26784,"template":"","meta":{"_gspb_post_css":"","_uf_show_specific_survey":0,"_uf_disable_surveys":false},"product_brand":[],"product_cat":[986,987,990],"product_tag":[2893,1258],"filtrisusteem":[2473,2371,2468,2450,2454,2370,2449,2453],"kvaliteediklass":[],"class_list":{"0":"post-13113","1":"product","2":"type-product","3":"status-publish","4":"has-post-thumbnail","6":"product_cat-soojustus","7":"product_cat-puistevill","8":"product_cat-klaasvill","9":"product_tag-1tk_block","10":"product_tag-ei_pakiautomaat","11":"filtrisusteem-2473","12":"filtrisusteem-a1-2","13":"filtrisusteem-erisoojusjuhtivus-lamda","14":"filtrisusteem-klaasvill","15":"filtrisusteem-puistevill","16":"filtrisusteem-tuletundlikkus","17":"filtrisusteem-villa-liik","18":"filtrisusteem-villa-tuup","20":"first","21":"instock","22":"taxable","23":"shipping-taxable","24":"purchasable","25":"product-type-simple"},"yoast_head":"<!-- This site is optimized with the Yoast SEO Premium plugin v21.3 (Yoast SEO v27.5) - https:\/\/yoast.com\/product\/yoast-seo-premium-wordpress\/ -->\n<title>Klaasvill KNAUF Supafil Loft 045 - Hutton<\/title>\n<meta name=\"description\" content=\"Klaasvill KNAUF Supafil Loft 045 on kvaliteetne soojustusmatejral! Klaasvilla paigaldus! Suurep\u00e4rased omadused! Soodne hind -35%!\" \/>\n<meta name=\"robots\" content=\"index, follow, max-snippet:-1, max-image-preview:large, max-video-preview:-1\" \/>\n<link rel=\"canonical\" href=\"https:\/\/hutton.ee\/toode\/klaasvill-knauf-supafil-loft-045\/\" \/>\n<meta property=\"og:locale\" content=\"en_US\" \/>\n<meta property=\"og:type\" content=\"article\" \/>\n<meta property=\"og:title\" content=\"Klaasvill KNAUF Supafil Loft 045 - Hutton\" \/>\n<meta property=\"og:description\" content=\"Klaasvill Knauf Parima hinnaga Huttoni e-poes! M\u00fc\u00fck ja info: \u2706 5096755 | \u2709 info@hutton.ee. Suurep\u00e4rased soojuse ja m\u00fcra isoleerimise omadused. Soodne hind -35%!\" \/>\n<meta property=\"og:url\" content=\"https:\/\/hutton.ee\/toode\/klaasvill-knauf-supafil-loft-045\/\" \/>\n<meta property=\"og:site_name\" content=\"Hutton\" \/>\n<meta property=\"article:publisher\" content=\"https:\/\/www.facebook.com\/huttoneesti\" \/>\n<meta property=\"article:modified_time\" content=\"2025-06-17T11:10:21+00:00\" \/>\n<meta property=\"og:image\" content=\"https:\/\/hutton.ee\/wp-content\/uploads\/2022\/01\/Kivivill_Knauf-Supafil-Loft-045_16kg_650x650.jpg\" \/>\n\t<meta property=\"og:image:width\" content=\"640\" \/>\n\t<meta property=\"og:image:height\" content=\"640\" \/>\n\t<meta property=\"og:image:type\" content=\"image\/jpeg\" \/>\n<meta name=\"twitter:card\" content=\"summary_large_image\" \/>\n<meta name=\"twitter:title\" content=\"Klaasvill KNAUF Supafil Loft 045 - Hutton\" \/>\n<meta name=\"twitter:description\" content=\"Klaasvill Knauf Parima hinnaga Huttoni e-poes! M\u00fc\u00fck ja info: \u2706 5096755 | \u2709 info@hutton.ee. Suurep\u00e4rased soojuse ja m\u00fcra isoleerimise omadused. Soodne hind -35%!\" \/>\n<meta name=\"twitter:label1\" content=\"Est. reading time\" \/>\n\t<meta name=\"twitter:data1\" content=\"2 minutes\" \/>\n<script type=\"application\/ld+json\" class=\"yoast-schema-graph\">{\"@context\":\"https:\\\/\\\/schema.org\",\"@graph\":[{\"@type\":\"WebPage\",\"@id\":\"https:\\\/\\\/hutton.ee\\\/toode\\\/klaasvill-knauf-supafil-loft-045\\\/\",\"url\":\"https:\\\/\\\/hutton.ee\\\/toode\\\/klaasvill-knauf-supafil-loft-045\\\/\",\"name\":\"Klaasvill KNAUF Supafil Loft 045 - Hutton\",\"isPartOf\":{\"@id\":\"https:\\\/\\\/hutton.ee\\\/#website\"},\"primaryImageOfPage\":{\"@id\":\"https:\\\/\\\/hutton.ee\\\/toode\\\/klaasvill-knauf-supafil-loft-045\\\/#primaryimage\"},\"image\":{\"@id\":\"https:\\\/\\\/hutton.ee\\\/toode\\\/klaasvill-knauf-supafil-loft-045\\\/#primaryimage\"},\"thumbnailUrl\":\"https:\\\/\\\/hutton.ee\\\/wp-content\\\/uploads\\\/2022\\\/01\\\/Klaasvill-KNAUF-Supafil-Loft-045.png\",\"datePublished\":\"2022-01-26T06:49:36+00:00\",\"dateModified\":\"2025-06-17T11:10:21+00:00\",\"description\":\"Klaasvill KNAUF Supafil Loft 045 on kvaliteetne soojustusmatejral! Klaasvilla paigaldus! Suurep\u00e4rased omadused! Soodne hind -35%!\",\"breadcrumb\":{\"@id\":\"https:\\\/\\\/hutton.ee\\\/toode\\\/klaasvill-knauf-supafil-loft-045\\\/#breadcrumb\"},\"inLanguage\":\"en-US\",\"potentialAction\":[{\"@type\":\"ReadAction\",\"target\":[\"https:\\\/\\\/hutton.ee\\\/toode\\\/klaasvill-knauf-supafil-loft-045\\\/\"]}]},{\"@type\":\"ImageObject\",\"inLanguage\":\"en-US\",\"@id\":\"https:\\\/\\\/hutton.ee\\\/toode\\\/klaasvill-knauf-supafil-loft-045\\\/#primaryimage\",\"url\":\"https:\\\/\\\/hutton.ee\\\/wp-content\\\/uploads\\\/2022\\\/01\\\/Klaasvill-KNAUF-Supafil-Loft-045.png\",\"contentUrl\":\"https:\\\/\\\/hutton.ee\\\/wp-content\\\/uploads\\\/2022\\\/01\\\/Klaasvill-KNAUF-Supafil-Loft-045.png\",\"width\":500,\"height\":500,\"caption\":\"Klaasvill KNAUF Supafil Loft 045\"},{\"@type\":\"BreadcrumbList\",\"@id\":\"https:\\\/\\\/hutton.ee\\\/toode\\\/klaasvill-knauf-supafil-loft-045\\\/#breadcrumb\",\"itemListElement\":[{\"@type\":\"ListItem\",\"position\":1,\"name\":\"Avaleht\",\"item\":\"https:\\\/\\\/hutton.ee\\\/\"},{\"@type\":\"ListItem\",\"position\":2,\"name\":\"Shop\",\"item\":\"https:\\\/\\\/hutton.ee\\\/en\\\/shop\\\/\"},{\"@type\":\"ListItem\",\"position\":3,\"name\":\"Klaasvill KNAUF Supafil Loft 045\"}]},{\"@type\":\"WebSite\",\"@id\":\"https:\\\/\\\/hutton.ee\\\/#website\",\"url\":\"https:\\\/\\\/hutton.ee\\\/\",\"name\":\"Hutton\",\"description\":\"Ajas kestvad ehituslahendused\",\"publisher\":{\"@id\":\"https:\\\/\\\/hutton.ee\\\/#organization\"},\"potentialAction\":[{\"@type\":\"SearchAction\",\"target\":{\"@type\":\"EntryPoint\",\"urlTemplate\":\"https:\\\/\\\/hutton.ee\\\/?s={search_term_string}\"},\"query-input\":{\"@type\":\"PropertyValueSpecification\",\"valueRequired\":true,\"valueName\":\"search_term_string\"}}],\"inLanguage\":\"en-US\"},{\"@type\":\"Organization\",\"@id\":\"https:\\\/\\\/hutton.ee\\\/#organization\",\"name\":\"Hutton - KATUS | SEIN | FASSAAD\",\"url\":\"https:\\\/\\\/hutton.ee\\\/\",\"logo\":{\"@type\":\"ImageObject\",\"inLanguage\":\"en-US\",\"@id\":\"https:\\\/\\\/hutton.ee\\\/#\\\/schema\\\/logo\\\/image\\\/\",\"url\":\"https:\\\/\\\/hutton.ee\\\/wp-content\\\/uploads\\\/2020\\\/07\\\/hutton-logo_uuendatud-01.png\",\"contentUrl\":\"https:\\\/\\\/hutton.ee\\\/wp-content\\\/uploads\\\/2020\\\/07\\\/hutton-logo_uuendatud-01.png\",\"width\":1064,\"height\":455,\"caption\":\"Hutton - KATUS | SEIN | FASSAAD\"},\"image\":{\"@id\":\"https:\\\/\\\/hutton.ee\\\/#\\\/schema\\\/logo\\\/image\\\/\"},\"sameAs\":[\"https:\\\/\\\/www.facebook.com\\\/huttoneesti\"]}]}<\/script>\n<!-- \/ Yoast SEO Premium plugin. -->","yoast_head_json":{"title":"Klaasvill KNAUF Supafil Loft 045 - Hutton","description":"Klaasvill KNAUF Supafil Loft 045 on kvaliteetne soojustusmatejral! Klaasvilla paigaldus! Suurep\u00e4rased omadused! Soodne hind -35%!","robots":{"index":"index","follow":"follow","max-snippet":"max-snippet:-1","max-image-preview":"max-image-preview:large","max-video-preview":"max-video-preview:-1"},"canonical":"https:\/\/hutton.ee\/toode\/klaasvill-knauf-supafil-loft-045\/","og_locale":"en_US","og_type":"article","og_title":"Klaasvill KNAUF Supafil Loft 045 - Hutton","og_description":"Klaasvill Knauf Parima hinnaga Huttoni e-poes! M\u00fc\u00fck ja info: \u2706 5096755 | \u2709 info@hutton.ee. Suurep\u00e4rased soojuse ja m\u00fcra isoleerimise omadused. Soodne hind -35%!","og_url":"https:\/\/hutton.ee\/toode\/klaasvill-knauf-supafil-loft-045\/","og_site_name":"Hutton","article_publisher":"https:\/\/www.facebook.com\/huttoneesti","article_modified_time":"2025-06-17T11:10:21+00:00","og_image":[{"width":640,"height":640,"url":"https:\/\/hutton.ee\/wp-content\/uploads\/2022\/01\/Kivivill_Knauf-Supafil-Loft-045_16kg_650x650.jpg","type":"image\/jpeg"}],"twitter_card":"summary_large_image","twitter_title":"Klaasvill KNAUF Supafil Loft 045 - Hutton","twitter_description":"Klaasvill Knauf Parima hinnaga Huttoni e-poes! M\u00fc\u00fck ja info: \u2706 5096755 | \u2709 info@hutton.ee. Suurep\u00e4rased soojuse ja m\u00fcra isoleerimise omadused. Soodne hind -35%!","twitter_misc":{"Est. reading time":"2 minutes"},"schema":{"@context":"https:\/\/schema.org","@graph":[{"@type":"WebPage","@id":"https:\/\/hutton.ee\/toode\/klaasvill-knauf-supafil-loft-045\/","url":"https:\/\/hutton.ee\/toode\/klaasvill-knauf-supafil-loft-045\/","name":"Klaasvill KNAUF Supafil Loft 045 - Hutton","isPartOf":{"@id":"https:\/\/hutton.ee\/#website"},"primaryImageOfPage":{"@id":"https:\/\/hutton.ee\/toode\/klaasvill-knauf-supafil-loft-045\/#primaryimage"},"image":{"@id":"https:\/\/hutton.ee\/toode\/klaasvill-knauf-supafil-loft-045\/#primaryimage"},"thumbnailUrl":"https:\/\/hutton.ee\/wp-content\/uploads\/2022\/01\/Klaasvill-KNAUF-Supafil-Loft-045.png","datePublished":"2022-01-26T06:49:36+00:00","dateModified":"2025-06-17T11:10:21+00:00","description":"Klaasvill KNAUF Supafil Loft 045 on kvaliteetne soojustusmatejral! Klaasvilla paigaldus! Suurep\u00e4rased omadused! Soodne hind -35%!","breadcrumb":{"@id":"https:\/\/hutton.ee\/toode\/klaasvill-knauf-supafil-loft-045\/#breadcrumb"},"inLanguage":"en-US","potentialAction":[{"@type":"ReadAction","target":["https:\/\/hutton.ee\/toode\/klaasvill-knauf-supafil-loft-045\/"]}]},{"@type":"ImageObject","inLanguage":"en-US","@id":"https:\/\/hutton.ee\/toode\/klaasvill-knauf-supafil-loft-045\/#primaryimage","url":"https:\/\/hutton.ee\/wp-content\/uploads\/2022\/01\/Klaasvill-KNAUF-Supafil-Loft-045.png","contentUrl":"https:\/\/hutton.ee\/wp-content\/uploads\/2022\/01\/Klaasvill-KNAUF-Supafil-Loft-045.png","width":500,"height":500,"caption":"Klaasvill KNAUF Supafil Loft 045"},{"@type":"BreadcrumbList","@id":"https:\/\/hutton.ee\/toode\/klaasvill-knauf-supafil-loft-045\/#breadcrumb","itemListElement":[{"@type":"ListItem","position":1,"name":"Avaleht","item":"https:\/\/hutton.ee\/"},{"@type":"ListItem","position":2,"name":"Shop","item":"https:\/\/hutton.ee\/en\/shop\/"},{"@type":"ListItem","position":3,"name":"Klaasvill KNAUF Supafil Loft 045"}]},{"@type":"WebSite","@id":"https:\/\/hutton.ee\/#website","url":"https:\/\/hutton.ee\/","name":"Hutton","description":"Ajas kestvad ehituslahendused","publisher":{"@id":"https:\/\/hutton.ee\/#organization"},"potentialAction":[{"@type":"SearchAction","target":{"@type":"EntryPoint","urlTemplate":"https:\/\/hutton.ee\/?s={search_term_string}"},"query-input":{"@type":"PropertyValueSpecification","valueRequired":true,"valueName":"search_term_string"}}],"inLanguage":"en-US"},{"@type":"Organization","@id":"https:\/\/hutton.ee\/#organization","name":"Hutton - KATUS | SEIN | FASSAAD","url":"https:\/\/hutton.ee\/","logo":{"@type":"ImageObject","inLanguage":"en-US","@id":"https:\/\/hutton.ee\/#\/schema\/logo\/image\/","url":"https:\/\/hutton.ee\/wp-content\/uploads\/2020\/07\/hutton-logo_uuendatud-01.png","contentUrl":"https:\/\/hutton.ee\/wp-content\/uploads\/2020\/07\/hutton-logo_uuendatud-01.png","width":1064,"height":455,"caption":"Hutton - KATUS | SEIN | FASSAAD"},"image":{"@id":"https:\/\/hutton.ee\/#\/schema\/logo\/image\/"},"sameAs":["https:\/\/www.facebook.com\/huttoneesti"]}]}},"_links":{"self":[{"href":"https:\/\/hutton.ee\/en\/wp-json\/wp\/v2\/product\/13113","targetHints":{"allow":["GET"]}}],"collection":[{"href":"https:\/\/hutton.ee\/en\/wp-json\/wp\/v2\/product"}],"about":[{"href":"https:\/\/hutton.ee\/en\/wp-json\/wp\/v2\/types\/product"}],"wp:featuredmedia":[{"embeddable":true,"href":"https:\/\/hutton.ee\/en\/wp-json\/wp\/v2\/media\/26784"}],"wp:attachment":[{"href":"https:\/\/hutton.ee\/en\/wp-json\/wp\/v2\/media?parent=13113"}],"wp:term":[{"taxonomy":"product_brand","embeddable":true,"href":"https:\/\/hutton.ee\/en\/wp-json\/wp\/v2\/product_brand?post=13113"},{"taxonomy":"product_cat","embeddable":true,"href":"https:\/\/hutton.ee\/en\/wp-json\/wp\/v2\/product_cat?post=13113"},{"taxonomy":"product_tag","embeddable":true,"href":"https:\/\/hutton.ee\/en\/wp-json\/wp\/v2\/product_tag?post=13113"},{"taxonomy":"filtrisusteem","embeddable":true,"href":"https:\/\/hutton.ee\/en\/wp-json\/wp\/v2\/filtrisusteem?post=13113"},{"taxonomy":"kvaliteediklass","embeddable":true,"href":"https:\/\/hutton.ee\/en\/wp-json\/wp\/v2\/kvaliteediklass?post=13113"}],"curies":[{"name":"wp","href":"https:\/\/api.w.org\/{rel}","templated":true}]}}