{"id":14171,"date":"2022-03-02T07:42:08","date_gmt":"2022-03-02T07:42:08","guid":{"rendered":"https:\/\/hutton.ee\/?post_type=product&#038;p=14171"},"modified":"2025-07-24T08:58:15","modified_gmt":"2025-07-24T08:58:15","slug":"nurgateip-airstop-flex-vlies-75mm-25m-3045","status":"publish","type":"product","link":"https:\/\/hutton.ee\/en\/toode\/nurgateip-airstop-flex-vlies-75mm-25m-3045\/","title":{"rendered":"Nurgateip Airstop Flex Vlies 75mm\/25m 30|45"},"content":{"rendered":"<p>Nurgateip Airstop Flex Vlies 75mm\/25m kvaliteetne kahe paigaldus\/katteribaga 30|45.<\/p>\n<p>Lubatud kasutada ka v\u00e4ljas. UV kindlus 2 kuud. \u00dclekrohvitav ja v\u00e4rvitav.<\/p>\n<p>Kasutatakse auru- ja tuulet\u00f5kke materjalide \u00fclekatete ning erinevate viikude tihendamiseks.<\/p>\n<p><b>Toote p\u00f5hiomadused:<\/b><\/p>\n<ul>\n<li>\u00dclekrohvitav teip, sise- ja v\u00e4list\u00f6\u00f6deks<\/li>\n<li>Aurut\u00f5kke, katuse aluskatte ja tuulet\u00f5kke tihendamiseks<\/li>\n<li>Nakkub h\u00e4sti kile, membraani, vineeri, OSB, puidu, metalli, betooni ja kivi pindadega.<\/li>\n<\/ul>\n<p><strong>Selle toote teeb eriliseks:<\/strong><\/p>\n<ul>\n<li>Mitteveniv<\/li>\n<li>V\u00e4ga hea liim<\/li>\n<li>Kvaliteet A1<\/li>\n<li>UV kindlus 2 kuud<\/li>\n<li>Paigaldustemperatuur kuni -5\u00b0C<\/li>\n<li>Krohvitav fliiskate.<\/li>\n<\/ul>\n<p><strong>Loe l\u00e4hemalt:<\/strong><\/p>\n<p><a href=\"https:\/\/hutton.ee\/mis-on-ehitusteip\/\">Mis on ehitusteip?<\/a><\/p>\n<p><strong>Vajadusel k\u00fcsi n\u00f5u:<br \/>\n<\/strong><\/p>\n<p><strong>Regina<\/strong> <a href=\"tel:5076742\">+372 507 6742<\/a> | <a href=\"mailto:regina@hutton.ee\">regina@hutton.ee<\/a><br \/>\n<strong>Neeme<\/strong> <a href=\"tel:5098168\">+372 509 8168<\/a> | <a href=\"mailto:neeme@hutton.ee\">neeme@hutton.ee<\/a><\/p>\n","protected":false},"excerpt":{"rendered":"<p><span style=\"text-decoration: underline;\"><span style=\"color: #ff0000; font-size: 12pt; text-decoration: underline;\"><strong><a style=\"color: #ff0000; text-decoration: underline;\" href=\"https:\/\/hutton.ee\/minu-konto\/\" target=\"_blank\" rel=\"noopener\">Registreeru p\u00fcsikliendiks<\/a>!<\/strong><\/span><\/span><\/p>\n","protected":false},"featured_media":26668,"template":"","meta":{"_gspb_post_css":"","_uf_show_specific_survey":0,"_uf_disable_surveys":false},"product_brand":[],"product_cat":[954,957],"product_tag":[2901,2863],"filtrisusteem":[2484,2355,2474,2381,2341,2479,2506,2404,2476,2351,2418,2378],"kvaliteediklass":[936],"class_list":{"0":"post-14171","1":"product","2":"type-product","3":"status-publish","4":"has-post-thumbnail","6":"product_cat-ehitusteibid","7":"product_cat-krohvitavad-teibid","8":"product_tag-24tk","9":"product_tag-muugihitid_silt","10":"filtrisusteem-75-80","11":"filtrisusteem-8-nadalat","12":"filtrisusteem-a","13":"filtrisusteem-eriline-kasutuskoht","14":"filtrisusteem-kvaliteediklass","15":"filtrisusteem-laius-mm","16":"filtrisusteem-nurgateip-2-katteriba","17":"filtrisusteem-sd-m","18":"filtrisusteem-sisse-voi-valja","19":"filtrisusteem-uv-kindlus","20":"filtrisusteem-valge","21":"filtrisusteem-varvus","22":"kvaliteediklass-a1-korgeim-kvaliteet","24":"first","25":"instock","26":"taxable","27":"shipping-taxable","28":"purchasable","29":"product-type-simple"},"yoast_head":"<!-- This site is optimized with the Yoast SEO Premium plugin v21.3 (Yoast SEO v27.3) - https:\/\/yoast.com\/product\/yoast-seo-premium-wordpress\/ -->\n<title>Nurgateip Airstop Flex Vlies 75mm\/25m 30|45 - Hutton<\/title>\n<meta name=\"description\" content=\"Nurgateip Airstop Flex Vlies 75mm\/25m 30|45. Kvaliteetne siseteip kahe paigaldus\/katteribaga 30|45. Lubatud kasutada v\u00e4ljas. UV kindlus 2kuud. \u00dclekrohvitav\" \/>\n<meta name=\"robots\" content=\"index, follow, max-snippet:-1, max-image-preview:large, max-video-preview:-1\" \/>\n<link rel=\"canonical\" href=\"https:\/\/hutton.ee\/toode\/nurgateip-airstop-flex-vlies-75mm-25m-3045\/\" \/>\n<meta property=\"og:locale\" content=\"en_US\" \/>\n<meta property=\"og:type\" content=\"article\" \/>\n<meta property=\"og:title\" content=\"Nurgateip Airstop Flex Vlies 75mm\/25m 30|45 - Hutton\" \/>\n<meta property=\"og:description\" content=\"Krohvitav ehitusteip Airstop Flex Vlies 75mm\/25m. Kvaliteetne siseteip kahe paigaldus\/katteribaga 30|45. Lubatud kasutada v\u00e4ljas. UV kindlus 2kuud. \u00dclekrohvitav\" \/>\n<meta property=\"og:url\" content=\"https:\/\/hutton.ee\/toode\/nurgateip-airstop-flex-vlies-75mm-25m-3045\/\" \/>\n<meta property=\"og:site_name\" content=\"Hutton\" \/>\n<meta property=\"article:publisher\" content=\"https:\/\/www.facebook.com\/huttoneesti\" \/>\n<meta property=\"article:modified_time\" content=\"2025-07-24T08:58:15+00:00\" \/>\n<meta property=\"og:image\" content=\"https:\/\/hutton.ee\/wp-content\/uploads\/2022\/03\/Airstop-Flex-Vlies_2.png\" \/>\n\t<meta property=\"og:image:width\" content=\"500\" \/>\n\t<meta property=\"og:image:height\" content=\"500\" \/>\n\t<meta property=\"og:image:type\" content=\"image\/png\" \/>\n<meta name=\"twitter:card\" content=\"summary_large_image\" \/>\n<meta name=\"twitter:title\" content=\"Nurgateip Airstop Flex Vlies 75mm\/25m 30|45 - Hutton\" \/>\n<meta name=\"twitter:description\" content=\"Krohvitav ehitusteip Airstop Flex Vlies 75mm\/25m. Kvaliteetne siseteip kahe paigaldus\/katteribaga 30|45. Lubatud kasutada v\u00e4ljas. UV kindlus 2kuud. \u00dclekrohvitav\" \/>\n<meta name=\"twitter:label1\" content=\"Est. reading time\" \/>\n\t<meta name=\"twitter:data1\" content=\"1 minute\" \/>\n<script type=\"application\/ld+json\" class=\"yoast-schema-graph\">{\"@context\":\"https:\\\/\\\/schema.org\",\"@graph\":[{\"@type\":\"WebPage\",\"@id\":\"https:\\\/\\\/hutton.ee\\\/toode\\\/nurgateip-airstop-flex-vlies-75mm-25m-3045\\\/\",\"url\":\"https:\\\/\\\/hutton.ee\\\/toode\\\/nurgateip-airstop-flex-vlies-75mm-25m-3045\\\/\",\"name\":\"Nurgateip Airstop Flex Vlies 75mm\\\/25m 30|45 - Hutton\",\"isPartOf\":{\"@id\":\"https:\\\/\\\/hutton.ee\\\/#website\"},\"primaryImageOfPage\":{\"@id\":\"https:\\\/\\\/hutton.ee\\\/toode\\\/nurgateip-airstop-flex-vlies-75mm-25m-3045\\\/#primaryimage\"},\"image\":{\"@id\":\"https:\\\/\\\/hutton.ee\\\/toode\\\/nurgateip-airstop-flex-vlies-75mm-25m-3045\\\/#primaryimage\"},\"thumbnailUrl\":\"https:\\\/\\\/hutton.ee\\\/wp-content\\\/uploads\\\/2022\\\/03\\\/Airstop-Flex-Vlies_2.png\",\"datePublished\":\"2022-03-02T07:42:08+00:00\",\"dateModified\":\"2025-07-24T08:58:15+00:00\",\"description\":\"Nurgateip Airstop Flex Vlies 75mm\\\/25m 30|45. Kvaliteetne siseteip kahe paigaldus\\\/katteribaga 30|45. Lubatud kasutada v\u00e4ljas. UV kindlus 2kuud. \u00dclekrohvitav\",\"breadcrumb\":{\"@id\":\"https:\\\/\\\/hutton.ee\\\/toode\\\/nurgateip-airstop-flex-vlies-75mm-25m-3045\\\/#breadcrumb\"},\"inLanguage\":\"en-US\",\"potentialAction\":[{\"@type\":\"ReadAction\",\"target\":[\"https:\\\/\\\/hutton.ee\\\/toode\\\/nurgateip-airstop-flex-vlies-75mm-25m-3045\\\/\"]}]},{\"@type\":\"ImageObject\",\"inLanguage\":\"en-US\",\"@id\":\"https:\\\/\\\/hutton.ee\\\/toode\\\/nurgateip-airstop-flex-vlies-75mm-25m-3045\\\/#primaryimage\",\"url\":\"https:\\\/\\\/hutton.ee\\\/wp-content\\\/uploads\\\/2022\\\/03\\\/Airstop-Flex-Vlies_2.png\",\"contentUrl\":\"https:\\\/\\\/hutton.ee\\\/wp-content\\\/uploads\\\/2022\\\/03\\\/Airstop-Flex-Vlies_2.png\",\"width\":500,\"height\":500,\"caption\":\"Airstop Flex Vlies\"},{\"@type\":\"BreadcrumbList\",\"@id\":\"https:\\\/\\\/hutton.ee\\\/toode\\\/nurgateip-airstop-flex-vlies-75mm-25m-3045\\\/#breadcrumb\",\"itemListElement\":[{\"@type\":\"ListItem\",\"position\":1,\"name\":\"Avaleht\",\"item\":\"https:\\\/\\\/hutton.ee\\\/\"},{\"@type\":\"ListItem\",\"position\":2,\"name\":\"Shop\",\"item\":\"https:\\\/\\\/hutton.ee\\\/en\\\/shop\\\/\"},{\"@type\":\"ListItem\",\"position\":3,\"name\":\"Nurgateip Airstop Flex Vlies 75mm\\\/25m 30|45\"}]},{\"@type\":\"WebSite\",\"@id\":\"https:\\\/\\\/hutton.ee\\\/#website\",\"url\":\"https:\\\/\\\/hutton.ee\\\/\",\"name\":\"Hutton\",\"description\":\"Ajas kestvad ehituslahendused\",\"publisher\":{\"@id\":\"https:\\\/\\\/hutton.ee\\\/#organization\"},\"potentialAction\":[{\"@type\":\"SearchAction\",\"target\":{\"@type\":\"EntryPoint\",\"urlTemplate\":\"https:\\\/\\\/hutton.ee\\\/?s={search_term_string}\"},\"query-input\":{\"@type\":\"PropertyValueSpecification\",\"valueRequired\":true,\"valueName\":\"search_term_string\"}}],\"inLanguage\":\"en-US\"},{\"@type\":\"Organization\",\"@id\":\"https:\\\/\\\/hutton.ee\\\/#organization\",\"name\":\"Hutton - KATUS | SEIN | FASSAAD\",\"url\":\"https:\\\/\\\/hutton.ee\\\/\",\"logo\":{\"@type\":\"ImageObject\",\"inLanguage\":\"en-US\",\"@id\":\"https:\\\/\\\/hutton.ee\\\/#\\\/schema\\\/logo\\\/image\\\/\",\"url\":\"https:\\\/\\\/hutton.ee\\\/wp-content\\\/uploads\\\/2020\\\/07\\\/hutton-logo_uuendatud-01.png\",\"contentUrl\":\"https:\\\/\\\/hutton.ee\\\/wp-content\\\/uploads\\\/2020\\\/07\\\/hutton-logo_uuendatud-01.png\",\"width\":1064,\"height\":455,\"caption\":\"Hutton - KATUS | SEIN | FASSAAD\"},\"image\":{\"@id\":\"https:\\\/\\\/hutton.ee\\\/#\\\/schema\\\/logo\\\/image\\\/\"},\"sameAs\":[\"https:\\\/\\\/www.facebook.com\\\/huttoneesti\"]}]}<\/script>\n<!-- \/ Yoast SEO Premium plugin. -->","yoast_head_json":{"title":"Nurgateip Airstop Flex Vlies 75mm\/25m 30|45 - Hutton","description":"Nurgateip Airstop Flex Vlies 75mm\/25m 30|45. Kvaliteetne siseteip kahe paigaldus\/katteribaga 30|45. Lubatud kasutada v\u00e4ljas. UV kindlus 2kuud. \u00dclekrohvitav","robots":{"index":"index","follow":"follow","max-snippet":"max-snippet:-1","max-image-preview":"max-image-preview:large","max-video-preview":"max-video-preview:-1"},"canonical":"https:\/\/hutton.ee\/toode\/nurgateip-airstop-flex-vlies-75mm-25m-3045\/","og_locale":"en_US","og_type":"article","og_title":"Nurgateip Airstop Flex Vlies 75mm\/25m 30|45 - Hutton","og_description":"Krohvitav ehitusteip Airstop Flex Vlies 75mm\/25m. Kvaliteetne siseteip kahe paigaldus\/katteribaga 30|45. Lubatud kasutada v\u00e4ljas. UV kindlus 2kuud. \u00dclekrohvitav","og_url":"https:\/\/hutton.ee\/toode\/nurgateip-airstop-flex-vlies-75mm-25m-3045\/","og_site_name":"Hutton","article_publisher":"https:\/\/www.facebook.com\/huttoneesti","article_modified_time":"2025-07-24T08:58:15+00:00","og_image":[{"width":500,"height":500,"url":"https:\/\/hutton.ee\/wp-content\/uploads\/2022\/03\/Airstop-Flex-Vlies_2.png","type":"image\/png"}],"twitter_card":"summary_large_image","twitter_title":"Nurgateip Airstop Flex Vlies 75mm\/25m 30|45 - Hutton","twitter_description":"Krohvitav ehitusteip Airstop Flex Vlies 75mm\/25m. Kvaliteetne siseteip kahe paigaldus\/katteribaga 30|45. Lubatud kasutada v\u00e4ljas. UV kindlus 2kuud. \u00dclekrohvitav","twitter_misc":{"Est. reading time":"1 minute"},"schema":{"@context":"https:\/\/schema.org","@graph":[{"@type":"WebPage","@id":"https:\/\/hutton.ee\/toode\/nurgateip-airstop-flex-vlies-75mm-25m-3045\/","url":"https:\/\/hutton.ee\/toode\/nurgateip-airstop-flex-vlies-75mm-25m-3045\/","name":"Nurgateip Airstop Flex Vlies 75mm\/25m 30|45 - Hutton","isPartOf":{"@id":"https:\/\/hutton.ee\/#website"},"primaryImageOfPage":{"@id":"https:\/\/hutton.ee\/toode\/nurgateip-airstop-flex-vlies-75mm-25m-3045\/#primaryimage"},"image":{"@id":"https:\/\/hutton.ee\/toode\/nurgateip-airstop-flex-vlies-75mm-25m-3045\/#primaryimage"},"thumbnailUrl":"https:\/\/hutton.ee\/wp-content\/uploads\/2022\/03\/Airstop-Flex-Vlies_2.png","datePublished":"2022-03-02T07:42:08+00:00","dateModified":"2025-07-24T08:58:15+00:00","description":"Nurgateip Airstop Flex Vlies 75mm\/25m 30|45. Kvaliteetne siseteip kahe paigaldus\/katteribaga 30|45. Lubatud kasutada v\u00e4ljas. UV kindlus 2kuud. \u00dclekrohvitav","breadcrumb":{"@id":"https:\/\/hutton.ee\/toode\/nurgateip-airstop-flex-vlies-75mm-25m-3045\/#breadcrumb"},"inLanguage":"en-US","potentialAction":[{"@type":"ReadAction","target":["https:\/\/hutton.ee\/toode\/nurgateip-airstop-flex-vlies-75mm-25m-3045\/"]}]},{"@type":"ImageObject","inLanguage":"en-US","@id":"https:\/\/hutton.ee\/toode\/nurgateip-airstop-flex-vlies-75mm-25m-3045\/#primaryimage","url":"https:\/\/hutton.ee\/wp-content\/uploads\/2022\/03\/Airstop-Flex-Vlies_2.png","contentUrl":"https:\/\/hutton.ee\/wp-content\/uploads\/2022\/03\/Airstop-Flex-Vlies_2.png","width":500,"height":500,"caption":"Airstop Flex Vlies"},{"@type":"BreadcrumbList","@id":"https:\/\/hutton.ee\/toode\/nurgateip-airstop-flex-vlies-75mm-25m-3045\/#breadcrumb","itemListElement":[{"@type":"ListItem","position":1,"name":"Avaleht","item":"https:\/\/hutton.ee\/"},{"@type":"ListItem","position":2,"name":"Shop","item":"https:\/\/hutton.ee\/en\/shop\/"},{"@type":"ListItem","position":3,"name":"Nurgateip Airstop Flex Vlies 75mm\/25m 30|45"}]},{"@type":"WebSite","@id":"https:\/\/hutton.ee\/#website","url":"https:\/\/hutton.ee\/","name":"Hutton","description":"Ajas kestvad ehituslahendused","publisher":{"@id":"https:\/\/hutton.ee\/#organization"},"potentialAction":[{"@type":"SearchAction","target":{"@type":"EntryPoint","urlTemplate":"https:\/\/hutton.ee\/?s={search_term_string}"},"query-input":{"@type":"PropertyValueSpecification","valueRequired":true,"valueName":"search_term_string"}}],"inLanguage":"en-US"},{"@type":"Organization","@id":"https:\/\/hutton.ee\/#organization","name":"Hutton - KATUS | SEIN | FASSAAD","url":"https:\/\/hutton.ee\/","logo":{"@type":"ImageObject","inLanguage":"en-US","@id":"https:\/\/hutton.ee\/#\/schema\/logo\/image\/","url":"https:\/\/hutton.ee\/wp-content\/uploads\/2020\/07\/hutton-logo_uuendatud-01.png","contentUrl":"https:\/\/hutton.ee\/wp-content\/uploads\/2020\/07\/hutton-logo_uuendatud-01.png","width":1064,"height":455,"caption":"Hutton - KATUS | SEIN | FASSAAD"},"image":{"@id":"https:\/\/hutton.ee\/#\/schema\/logo\/image\/"},"sameAs":["https:\/\/www.facebook.com\/huttoneesti"]}]}},"_links":{"self":[{"href":"https:\/\/hutton.ee\/en\/wp-json\/wp\/v2\/product\/14171","targetHints":{"allow":["GET"]}}],"collection":[{"href":"https:\/\/hutton.ee\/en\/wp-json\/wp\/v2\/product"}],"about":[{"href":"https:\/\/hutton.ee\/en\/wp-json\/wp\/v2\/types\/product"}],"wp:featuredmedia":[{"embeddable":true,"href":"https:\/\/hutton.ee\/en\/wp-json\/wp\/v2\/media\/26668"}],"wp:attachment":[{"href":"https:\/\/hutton.ee\/en\/wp-json\/wp\/v2\/media?parent=14171"}],"wp:term":[{"taxonomy":"product_brand","embeddable":true,"href":"https:\/\/hutton.ee\/en\/wp-json\/wp\/v2\/product_brand?post=14171"},{"taxonomy":"product_cat","embeddable":true,"href":"https:\/\/hutton.ee\/en\/wp-json\/wp\/v2\/product_cat?post=14171"},{"taxonomy":"product_tag","embeddable":true,"href":"https:\/\/hutton.ee\/en\/wp-json\/wp\/v2\/product_tag?post=14171"},{"taxonomy":"filtrisusteem","embeddable":true,"href":"https:\/\/hutton.ee\/en\/wp-json\/wp\/v2\/filtrisusteem?post=14171"},{"taxonomy":"kvaliteediklass","embeddable":true,"href":"https:\/\/hutton.ee\/en\/wp-json\/wp\/v2\/kvaliteediklass?post=14171"}],"curies":[{"name":"wp","href":"https:\/\/api.w.org\/{rel}","templated":true}]}}