{"id":15222,"date":"2022-05-17T10:40:03","date_gmt":"2022-05-17T10:40:03","guid":{"rendered":"https:\/\/hutton.ee\/?post_type=product&#038;p=15222"},"modified":"2025-07-24T08:28:01","modified_gmt":"2025-07-24T08:28:01","slug":"nurgateip-3m-fast-f-8067e-50mm-25m-2525","status":"publish","type":"product","link":"https:\/\/hutton.ee\/en\/toode\/nurgateip-3m-fast-f-8067e-50mm-25m-2525\/","title":{"rendered":"Nurgateip 3M Fast-F 8067E 50mm 25m 25|25"},"content":{"rendered":"<p>Nurgateip 3M Fast-F 8067E 50mm 25m 25|25 on k\u00f5rgkvaliteetne A kvaliteedikategooria siseteip, kahe katteribaga aknateip \/ nurgateip. UV kindlus 1 aasta.<\/p>\n<ul>\n<li>Nurkade liimimiseks ja materjali \u00fcleminekute jaoks.<\/li>\n<li>\u00dchendusvuugi isoleerimiseks (aknad).<\/li>\n<li>Tugev liimimisj\u00f5ud igat liiki aknaraamidel.<\/li>\n<li>Nakkub ka k\u00f5ige erinevamatel aluspindadel, nt betoon, krohv, OSB, puit, aurut\u00f5kked jne.<\/li>\n<li>Kaks katteriba jaotisega 25|25.<\/li>\n<li>Vastupidav ja rebenemiskindel, veekindel.<\/li>\n<li>Kiire ja lihtne paigaldada.<\/li>\n<li>Paigaldustemperatuur -20 \u00b0C kuni +50 \u00b0C<\/li>\n<li>Suvises kuumuses liim ei sula ega m\u00e4\u00e4rdu.<\/li>\n<li>V\u00e4rvus hele hallikas bee\u017e, millel musta tr\u00fckiga 3M FAST.<\/li>\n<\/ul>\n<p><strong>Vajadusel k\u00fcsi n\u00f5u:<br \/>\n<\/strong><\/p>\n<p><strong>Regina<\/strong> <a href=\"tel:5076742\">+372 507 6742<\/a> | <a href=\"mailto:regina@hutton.ee\">regina@hutton.ee<\/a><br \/>\n<strong>Neeme<\/strong> <a href=\"tel:5098168\">+372 509 8168<\/a> | <a href=\"mailto:neeme@hutton.ee\">neeme@hutton.ee<\/a><\/p>\n","protected":false},"excerpt":{"rendered":"<p><span style=\"text-decoration: underline;\"><span style=\"color: #ff0000; font-size: 12pt; text-decoration: underline;\"><strong><a style=\"color: #ff0000; text-decoration: underline;\" href=\"https:\/\/hutton.ee\/minu-konto\/\" target=\"_blank\" rel=\"noopener\">Registreeru p\u00fcsikliendiks<\/a><\/strong><\/span><\/span><\/p>\n","protected":false},"featured_media":26603,"template":"","meta":{"_gspb_post_css":"","_uf_show_specific_survey":0,"_uf_disable_surveys":false},"product_brand":[],"product_cat":[953,958],"product_tag":[2901],"filtrisusteem":[2482,2355,2474,2518,2341,2479,2419,2404,2351,2378],"kvaliteediklass":[],"class_list":{"0":"post-15222","1":"product","2":"type-product","3":"status-publish","4":"has-post-thumbnail","6":"product_cat-aknateibid","7":"product_cat-aknateibid-sise","8":"product_tag-24tk","9":"filtrisusteem-50-53","10":"filtrisusteem-8-nadalat","11":"filtrisusteem-a","12":"filtrisusteem-kasutusviis","13":"filtrisusteem-kvaliteediklass","14":"filtrisusteem-laius-mm","15":"filtrisusteem-pruun","16":"filtrisusteem-sd-m","17":"filtrisusteem-uv-kindlus","18":"filtrisusteem-varvus","20":"first","21":"instock","22":"taxable","23":"shipping-taxable","24":"purchasable","25":"product-type-simple"},"yoast_head":"<!-- This site is optimized with the Yoast SEO Premium plugin v21.3 (Yoast SEO v27.3) - https:\/\/yoast.com\/product\/yoast-seo-premium-wordpress\/ -->\n<title>Nurgateip 3M Fast-F 8067E 50mm 25m 25|25 - Hutton<\/title>\n<meta name=\"description\" content=\"Nurgateip 3M Fast-F 8067E 50mm 25m 25|25 on k\u00f5rgkvaliteetne A kategooria siseteip kahe katteribaga. UV kindlus 2 kuud. Rohkem infot e-poes\" \/>\n<meta name=\"robots\" content=\"index, follow, max-snippet:-1, max-image-preview:large, max-video-preview:-1\" \/>\n<link rel=\"canonical\" href=\"https:\/\/hutton.ee\/toode\/nurgateip-3m-fast-f-8067e-50mm-25m-2525\/\" \/>\n<meta property=\"og:locale\" content=\"en_US\" \/>\n<meta property=\"og:type\" content=\"article\" \/>\n<meta property=\"og:title\" content=\"Nurgateip 3M Fast-F 8067E 50mm 25m 25|25 - Hutton\" \/>\n<meta property=\"og:description\" content=\"Aknateip ja nurgateip Nurgateip 3M Fast-F 8067E 50mm 25m 25|25 on k\u00f5rgkvaliteetne A kategooria siseteip kahe katteribaga. UV kindlus 2 kuud. Rohkem infot e-poes\" \/>\n<meta property=\"og:url\" content=\"https:\/\/hutton.ee\/toode\/nurgateip-3m-fast-f-8067e-50mm-25m-2525\/\" \/>\n<meta property=\"og:site_name\" content=\"Hutton\" \/>\n<meta property=\"article:publisher\" content=\"https:\/\/www.facebook.com\/huttoneesti\" \/>\n<meta property=\"article:modified_time\" content=\"2025-07-24T08:28:01+00:00\" \/>\n<meta property=\"og:image\" content=\"https:\/\/hutton.ee\/wp-content\/uploads\/2022\/04\/Aknateip-3M-Fast-F-8067E.png\" \/>\n\t<meta property=\"og:image:width\" content=\"500\" \/>\n\t<meta property=\"og:image:height\" content=\"500\" \/>\n\t<meta property=\"og:image:type\" content=\"image\/png\" \/>\n<meta name=\"twitter:card\" content=\"summary_large_image\" \/>\n<meta name=\"twitter:title\" content=\"Nurgateip 3M Fast-F 8067E 50mm 25m 25|25 - Hutton\" \/>\n<meta name=\"twitter:description\" content=\"Aknateip ja nurgateip Nurgateip 3M Fast-F 8067E 50mm 25m 25|25 on k\u00f5rgkvaliteetne A kategooria siseteip kahe katteribaga. UV kindlus 2 kuud. Rohkem infot e-poes\" \/>\n<meta name=\"twitter:label1\" content=\"Est. reading time\" \/>\n\t<meta name=\"twitter:data1\" content=\"1 minute\" \/>\n<script type=\"application\/ld+json\" class=\"yoast-schema-graph\">{\"@context\":\"https:\\\/\\\/schema.org\",\"@graph\":[{\"@type\":\"WebPage\",\"@id\":\"https:\\\/\\\/hutton.ee\\\/toode\\\/nurgateip-3m-fast-f-8067e-50mm-25m-2525\\\/\",\"url\":\"https:\\\/\\\/hutton.ee\\\/toode\\\/nurgateip-3m-fast-f-8067e-50mm-25m-2525\\\/\",\"name\":\"Nurgateip 3M Fast-F 8067E 50mm 25m 25|25 - Hutton\",\"isPartOf\":{\"@id\":\"https:\\\/\\\/hutton.ee\\\/#website\"},\"primaryImageOfPage\":{\"@id\":\"https:\\\/\\\/hutton.ee\\\/toode\\\/nurgateip-3m-fast-f-8067e-50mm-25m-2525\\\/#primaryimage\"},\"image\":{\"@id\":\"https:\\\/\\\/hutton.ee\\\/toode\\\/nurgateip-3m-fast-f-8067e-50mm-25m-2525\\\/#primaryimage\"},\"thumbnailUrl\":\"https:\\\/\\\/hutton.ee\\\/wp-content\\\/uploads\\\/2022\\\/04\\\/Aknateip-3M-Fast-F-8067E.png\",\"datePublished\":\"2022-05-17T10:40:03+00:00\",\"dateModified\":\"2025-07-24T08:28:01+00:00\",\"description\":\"Nurgateip 3M Fast-F 8067E 50mm 25m 25|25 on k\u00f5rgkvaliteetne A kategooria siseteip kahe katteribaga. UV kindlus 2 kuud. Rohkem infot e-poes\",\"breadcrumb\":{\"@id\":\"https:\\\/\\\/hutton.ee\\\/toode\\\/nurgateip-3m-fast-f-8067e-50mm-25m-2525\\\/#breadcrumb\"},\"inLanguage\":\"en-US\",\"potentialAction\":[{\"@type\":\"ReadAction\",\"target\":[\"https:\\\/\\\/hutton.ee\\\/toode\\\/nurgateip-3m-fast-f-8067e-50mm-25m-2525\\\/\"]}]},{\"@type\":\"ImageObject\",\"inLanguage\":\"en-US\",\"@id\":\"https:\\\/\\\/hutton.ee\\\/toode\\\/nurgateip-3m-fast-f-8067e-50mm-25m-2525\\\/#primaryimage\",\"url\":\"https:\\\/\\\/hutton.ee\\\/wp-content\\\/uploads\\\/2022\\\/04\\\/Aknateip-3M-Fast-F-8067E.png\",\"contentUrl\":\"https:\\\/\\\/hutton.ee\\\/wp-content\\\/uploads\\\/2022\\\/04\\\/Aknateip-3M-Fast-F-8067E.png\",\"width\":500,\"height\":500,\"caption\":\"Aknateip 3M Fast-F 8067E\"},{\"@type\":\"BreadcrumbList\",\"@id\":\"https:\\\/\\\/hutton.ee\\\/toode\\\/nurgateip-3m-fast-f-8067e-50mm-25m-2525\\\/#breadcrumb\",\"itemListElement\":[{\"@type\":\"ListItem\",\"position\":1,\"name\":\"Avaleht\",\"item\":\"https:\\\/\\\/hutton.ee\\\/\"},{\"@type\":\"ListItem\",\"position\":2,\"name\":\"Shop\",\"item\":\"https:\\\/\\\/hutton.ee\\\/en\\\/shop\\\/\"},{\"@type\":\"ListItem\",\"position\":3,\"name\":\"Nurgateip 3M Fast-F 8067E 50mm 25m 25|25\"}]},{\"@type\":\"WebSite\",\"@id\":\"https:\\\/\\\/hutton.ee\\\/#website\",\"url\":\"https:\\\/\\\/hutton.ee\\\/\",\"name\":\"Hutton\",\"description\":\"Ajas kestvad ehituslahendused\",\"publisher\":{\"@id\":\"https:\\\/\\\/hutton.ee\\\/#organization\"},\"potentialAction\":[{\"@type\":\"SearchAction\",\"target\":{\"@type\":\"EntryPoint\",\"urlTemplate\":\"https:\\\/\\\/hutton.ee\\\/?s={search_term_string}\"},\"query-input\":{\"@type\":\"PropertyValueSpecification\",\"valueRequired\":true,\"valueName\":\"search_term_string\"}}],\"inLanguage\":\"en-US\"},{\"@type\":\"Organization\",\"@id\":\"https:\\\/\\\/hutton.ee\\\/#organization\",\"name\":\"Hutton - KATUS | SEIN | FASSAAD\",\"url\":\"https:\\\/\\\/hutton.ee\\\/\",\"logo\":{\"@type\":\"ImageObject\",\"inLanguage\":\"en-US\",\"@id\":\"https:\\\/\\\/hutton.ee\\\/#\\\/schema\\\/logo\\\/image\\\/\",\"url\":\"https:\\\/\\\/hutton.ee\\\/wp-content\\\/uploads\\\/2020\\\/07\\\/hutton-logo_uuendatud-01.png\",\"contentUrl\":\"https:\\\/\\\/hutton.ee\\\/wp-content\\\/uploads\\\/2020\\\/07\\\/hutton-logo_uuendatud-01.png\",\"width\":1064,\"height\":455,\"caption\":\"Hutton - KATUS | SEIN | FASSAAD\"},\"image\":{\"@id\":\"https:\\\/\\\/hutton.ee\\\/#\\\/schema\\\/logo\\\/image\\\/\"},\"sameAs\":[\"https:\\\/\\\/www.facebook.com\\\/huttoneesti\"]}]}<\/script>\n<!-- \/ Yoast SEO Premium plugin. -->","yoast_head_json":{"title":"Nurgateip 3M Fast-F 8067E 50mm 25m 25|25 - Hutton","description":"Nurgateip 3M Fast-F 8067E 50mm 25m 25|25 on k\u00f5rgkvaliteetne A kategooria siseteip kahe katteribaga. UV kindlus 2 kuud. Rohkem infot e-poes","robots":{"index":"index","follow":"follow","max-snippet":"max-snippet:-1","max-image-preview":"max-image-preview:large","max-video-preview":"max-video-preview:-1"},"canonical":"https:\/\/hutton.ee\/toode\/nurgateip-3m-fast-f-8067e-50mm-25m-2525\/","og_locale":"en_US","og_type":"article","og_title":"Nurgateip 3M Fast-F 8067E 50mm 25m 25|25 - Hutton","og_description":"Aknateip ja nurgateip Nurgateip 3M Fast-F 8067E 50mm 25m 25|25 on k\u00f5rgkvaliteetne A kategooria siseteip kahe katteribaga. UV kindlus 2 kuud. Rohkem infot e-poes","og_url":"https:\/\/hutton.ee\/toode\/nurgateip-3m-fast-f-8067e-50mm-25m-2525\/","og_site_name":"Hutton","article_publisher":"https:\/\/www.facebook.com\/huttoneesti","article_modified_time":"2025-07-24T08:28:01+00:00","og_image":[{"width":500,"height":500,"url":"https:\/\/hutton.ee\/wp-content\/uploads\/2022\/04\/Aknateip-3M-Fast-F-8067E.png","type":"image\/png"}],"twitter_card":"summary_large_image","twitter_title":"Nurgateip 3M Fast-F 8067E 50mm 25m 25|25 - Hutton","twitter_description":"Aknateip ja nurgateip Nurgateip 3M Fast-F 8067E 50mm 25m 25|25 on k\u00f5rgkvaliteetne A kategooria siseteip kahe katteribaga. UV kindlus 2 kuud. Rohkem infot e-poes","twitter_misc":{"Est. reading time":"1 minute"},"schema":{"@context":"https:\/\/schema.org","@graph":[{"@type":"WebPage","@id":"https:\/\/hutton.ee\/toode\/nurgateip-3m-fast-f-8067e-50mm-25m-2525\/","url":"https:\/\/hutton.ee\/toode\/nurgateip-3m-fast-f-8067e-50mm-25m-2525\/","name":"Nurgateip 3M Fast-F 8067E 50mm 25m 25|25 - Hutton","isPartOf":{"@id":"https:\/\/hutton.ee\/#website"},"primaryImageOfPage":{"@id":"https:\/\/hutton.ee\/toode\/nurgateip-3m-fast-f-8067e-50mm-25m-2525\/#primaryimage"},"image":{"@id":"https:\/\/hutton.ee\/toode\/nurgateip-3m-fast-f-8067e-50mm-25m-2525\/#primaryimage"},"thumbnailUrl":"https:\/\/hutton.ee\/wp-content\/uploads\/2022\/04\/Aknateip-3M-Fast-F-8067E.png","datePublished":"2022-05-17T10:40:03+00:00","dateModified":"2025-07-24T08:28:01+00:00","description":"Nurgateip 3M Fast-F 8067E 50mm 25m 25|25 on k\u00f5rgkvaliteetne A kategooria siseteip kahe katteribaga. UV kindlus 2 kuud. Rohkem infot e-poes","breadcrumb":{"@id":"https:\/\/hutton.ee\/toode\/nurgateip-3m-fast-f-8067e-50mm-25m-2525\/#breadcrumb"},"inLanguage":"en-US","potentialAction":[{"@type":"ReadAction","target":["https:\/\/hutton.ee\/toode\/nurgateip-3m-fast-f-8067e-50mm-25m-2525\/"]}]},{"@type":"ImageObject","inLanguage":"en-US","@id":"https:\/\/hutton.ee\/toode\/nurgateip-3m-fast-f-8067e-50mm-25m-2525\/#primaryimage","url":"https:\/\/hutton.ee\/wp-content\/uploads\/2022\/04\/Aknateip-3M-Fast-F-8067E.png","contentUrl":"https:\/\/hutton.ee\/wp-content\/uploads\/2022\/04\/Aknateip-3M-Fast-F-8067E.png","width":500,"height":500,"caption":"Aknateip 3M Fast-F 8067E"},{"@type":"BreadcrumbList","@id":"https:\/\/hutton.ee\/toode\/nurgateip-3m-fast-f-8067e-50mm-25m-2525\/#breadcrumb","itemListElement":[{"@type":"ListItem","position":1,"name":"Avaleht","item":"https:\/\/hutton.ee\/"},{"@type":"ListItem","position":2,"name":"Shop","item":"https:\/\/hutton.ee\/en\/shop\/"},{"@type":"ListItem","position":3,"name":"Nurgateip 3M Fast-F 8067E 50mm 25m 25|25"}]},{"@type":"WebSite","@id":"https:\/\/hutton.ee\/#website","url":"https:\/\/hutton.ee\/","name":"Hutton","description":"Ajas kestvad ehituslahendused","publisher":{"@id":"https:\/\/hutton.ee\/#organization"},"potentialAction":[{"@type":"SearchAction","target":{"@type":"EntryPoint","urlTemplate":"https:\/\/hutton.ee\/?s={search_term_string}"},"query-input":{"@type":"PropertyValueSpecification","valueRequired":true,"valueName":"search_term_string"}}],"inLanguage":"en-US"},{"@type":"Organization","@id":"https:\/\/hutton.ee\/#organization","name":"Hutton - KATUS | SEIN | FASSAAD","url":"https:\/\/hutton.ee\/","logo":{"@type":"ImageObject","inLanguage":"en-US","@id":"https:\/\/hutton.ee\/#\/schema\/logo\/image\/","url":"https:\/\/hutton.ee\/wp-content\/uploads\/2020\/07\/hutton-logo_uuendatud-01.png","contentUrl":"https:\/\/hutton.ee\/wp-content\/uploads\/2020\/07\/hutton-logo_uuendatud-01.png","width":1064,"height":455,"caption":"Hutton - KATUS | SEIN | FASSAAD"},"image":{"@id":"https:\/\/hutton.ee\/#\/schema\/logo\/image\/"},"sameAs":["https:\/\/www.facebook.com\/huttoneesti"]}]}},"_links":{"self":[{"href":"https:\/\/hutton.ee\/en\/wp-json\/wp\/v2\/product\/15222","targetHints":{"allow":["GET"]}}],"collection":[{"href":"https:\/\/hutton.ee\/en\/wp-json\/wp\/v2\/product"}],"about":[{"href":"https:\/\/hutton.ee\/en\/wp-json\/wp\/v2\/types\/product"}],"wp:featuredmedia":[{"embeddable":true,"href":"https:\/\/hutton.ee\/en\/wp-json\/wp\/v2\/media\/26603"}],"wp:attachment":[{"href":"https:\/\/hutton.ee\/en\/wp-json\/wp\/v2\/media?parent=15222"}],"wp:term":[{"taxonomy":"product_brand","embeddable":true,"href":"https:\/\/hutton.ee\/en\/wp-json\/wp\/v2\/product_brand?post=15222"},{"taxonomy":"product_cat","embeddable":true,"href":"https:\/\/hutton.ee\/en\/wp-json\/wp\/v2\/product_cat?post=15222"},{"taxonomy":"product_tag","embeddable":true,"href":"https:\/\/hutton.ee\/en\/wp-json\/wp\/v2\/product_tag?post=15222"},{"taxonomy":"filtrisusteem","embeddable":true,"href":"https:\/\/hutton.ee\/en\/wp-json\/wp\/v2\/filtrisusteem?post=15222"},{"taxonomy":"kvaliteediklass","embeddable":true,"href":"https:\/\/hutton.ee\/en\/wp-json\/wp\/v2\/kvaliteediklass?post=15222"}],"curies":[{"name":"wp","href":"https:\/\/api.w.org\/{rel}","templated":true}]}}