{"id":15265,"date":"2022-05-23T11:36:46","date_gmt":"2022-05-23T11:36:46","guid":{"rendered":"https:\/\/hutton.ee\/?post_type=product&#038;p=15265"},"modified":"2025-12-12T08:23:09","modified_gmt":"2025-12-12T08:23:09","slug":"aluskate-ventia-sig-til-r-120-50m2","status":"publish","type":"product","link":"https:\/\/hutton.ee\/en\/toode\/aluskate-ventia-sig-til-r-120-50m2\/","title":{"rendered":"Aluskate Ventia SIG TIL-R 120"},"content":{"rendered":"<p>Aluskate Ventia SIG TIL-R 120 on hingav katuse aluskate \/ tuulet\u00f5ke membraan ilma teibita.<\/p>\n<p><strong>Kasutuskohad:<\/strong><\/p>\n<ul>\n<li>Katuse aluskate mida sobib paigaldada nii k\u00fclma p\u00f6\u00f6ninguga katusetarindites kui ka paigaldatuna vastu soojustust<\/li>\n<li>fassaadi tuulet\u00f5kena<\/li>\n<li>koos igat liiki kattematerjalidega sh kivi-, plekk-, bituumen- ja tsementlaineplaat, jne<\/li>\n<\/ul>\n<p><strong>Selle toote erilised v\u00e4\u00e4rtused:<\/strong><\/p>\n<ul>\n<li>hea kvaliteedi ja hinna suhe<\/li>\n<\/ul>\n<p><strong>P\u00f5hiomadused:<\/strong><\/p>\n<ul>\n<li>k\u00f5rgdifuusne membraan st avatud veeauru l\u00e4bivusele<\/li>\n<li>veetihe, vettpidav<\/li>\n<li>tuuletihe, ilmastikukindel<\/li>\n<li>v\u00e4rvus hall<\/li>\n<\/ul>\n<p><strong>Tooteversioonid:<\/strong><\/p>\n<ul>\n<li>k\u00e4esolev katuse aluskate on ilma teibita, laius 1m, pikkus 50jm, rulli pindala 50m2.<\/li>\n<\/ul>\n","protected":false},"excerpt":{"rendered":"<p>&nbsp;<\/p>\n<p><em><strong>NB!<\/strong> Valides maksmisel k\u00e4ttesaamise viisiks &#8220;Tulen ise j\u00e4rgi&#8221; on v\u00f5imalus ise j\u00e4rgi tulla ainult Tartus T\u00e4he 110.<\/em><\/p>\n","protected":false},"featured_media":15266,"template":"","meta":{"_gspb_post_css":"","_uf_show_specific_survey":0,"_uf_disable_surveys":false},"product_brand":[],"product_cat":[1095],"product_tag":[2904,1258],"filtrisusteem":[],"kvaliteediklass":[],"class_list":{"0":"post-15265","1":"product","2":"type-product","3":"status-publish","4":"has-post-thumbnail","6":"product_cat-leiunurk","7":"product_tag-4tk_block","8":"product_tag-ei_pakiautomaat","10":"first","11":"instock","12":"sale","13":"taxable","14":"shipping-taxable","15":"purchasable","16":"product-type-simple"},"yoast_head":"<!-- This site is optimized with the Yoast SEO Premium plugin v21.3 (Yoast SEO v27.3) - https:\/\/yoast.com\/product\/yoast-seo-premium-wordpress\/ -->\n<title>Aluskate Ventia SIG TIL-R 120 - Hutton<\/title>\n<meta name=\"description\" content=\"Aluskate Ventia SIG TIL-R 120 on hingav ja k\u00f5rgdifuusne katuse aluskate ning tuulet\u00f5ke. Veetihe, tuulekindel ja sobib katustele ning fassaadidele.\" \/>\n<meta name=\"robots\" content=\"index, follow, max-snippet:-1, max-image-preview:large, max-video-preview:-1\" \/>\n<link rel=\"canonical\" href=\"https:\/\/hutton.ee\/toode\/aluskate-ventia-sig-til-r-120-50m2\/\" \/>\n<meta property=\"og:locale\" content=\"en_US\" \/>\n<meta property=\"og:type\" content=\"article\" \/>\n<meta property=\"og:title\" content=\"Aluskate Ventia SIG TIL-R 120 - Hutton\" \/>\n<meta property=\"og:description\" content=\"Aluskate Ventia SIG TIL-R 120g on hingav aluskatte membraan ilma teibita. Kasutatakse nii k\u00fclma p\u00f6\u00f6ninguga katusetarindites kui ka paigaldatuna vastu soojustust\" \/>\n<meta property=\"og:url\" content=\"https:\/\/hutton.ee\/toode\/aluskate-ventia-sig-til-r-120-50m2\/\" \/>\n<meta property=\"og:site_name\" content=\"Hutton\" \/>\n<meta property=\"article:publisher\" content=\"https:\/\/www.facebook.com\/huttoneesti\" \/>\n<meta property=\"article:modified_time\" content=\"2025-12-12T08:23:09+00:00\" \/>\n<meta property=\"og:image\" content=\"https:\/\/hutton.ee\/wp-content\/uploads\/2022\/05\/SIG-TIL-R_650x650.jpg\" \/>\n\t<meta property=\"og:image:width\" content=\"650\" \/>\n\t<meta property=\"og:image:height\" content=\"650\" \/>\n\t<meta property=\"og:image:type\" content=\"image\/jpeg\" \/>\n<meta name=\"twitter:card\" content=\"summary_large_image\" \/>\n<meta name=\"twitter:title\" content=\"Aluskate Ventia SIG TIL-R 120 - Hutton\" \/>\n<meta name=\"twitter:description\" content=\"Aluskate Ventia SIG TIL-R 120g on hingav aluskatte membraan ilma teibita. Kasutatakse nii k\u00fclma p\u00f6\u00f6ninguga katusetarindites kui ka paigaldatuna vastu soojustust\" \/>\n<meta name=\"twitter:label1\" content=\"Est. reading time\" \/>\n\t<meta name=\"twitter:data1\" content=\"1 minute\" \/>\n<script type=\"application\/ld+json\" class=\"yoast-schema-graph\">{\"@context\":\"https:\\\/\\\/schema.org\",\"@graph\":[{\"@type\":\"WebPage\",\"@id\":\"https:\\\/\\\/hutton.ee\\\/toode\\\/aluskate-ventia-sig-til-r-120-50m2\\\/\",\"url\":\"https:\\\/\\\/hutton.ee\\\/toode\\\/aluskate-ventia-sig-til-r-120-50m2\\\/\",\"name\":\"Aluskate Ventia SIG TIL-R 120 - Hutton\",\"isPartOf\":{\"@id\":\"https:\\\/\\\/hutton.ee\\\/#website\"},\"primaryImageOfPage\":{\"@id\":\"https:\\\/\\\/hutton.ee\\\/toode\\\/aluskate-ventia-sig-til-r-120-50m2\\\/#primaryimage\"},\"image\":{\"@id\":\"https:\\\/\\\/hutton.ee\\\/toode\\\/aluskate-ventia-sig-til-r-120-50m2\\\/#primaryimage\"},\"thumbnailUrl\":\"https:\\\/\\\/hutton.ee\\\/wp-content\\\/uploads\\\/2022\\\/05\\\/SIG-TIL-R_650x650.jpg\",\"datePublished\":\"2022-05-23T11:36:46+00:00\",\"dateModified\":\"2025-12-12T08:23:09+00:00\",\"description\":\"Aluskate Ventia SIG TIL-R 120 on hingav ja k\u00f5rgdifuusne katuse aluskate ning tuulet\u00f5ke. Veetihe, tuulekindel ja sobib katustele ning fassaadidele.\",\"breadcrumb\":{\"@id\":\"https:\\\/\\\/hutton.ee\\\/toode\\\/aluskate-ventia-sig-til-r-120-50m2\\\/#breadcrumb\"},\"inLanguage\":\"en-US\",\"potentialAction\":[{\"@type\":\"ReadAction\",\"target\":[\"https:\\\/\\\/hutton.ee\\\/toode\\\/aluskate-ventia-sig-til-r-120-50m2\\\/\"]}]},{\"@type\":\"ImageObject\",\"inLanguage\":\"en-US\",\"@id\":\"https:\\\/\\\/hutton.ee\\\/toode\\\/aluskate-ventia-sig-til-r-120-50m2\\\/#primaryimage\",\"url\":\"https:\\\/\\\/hutton.ee\\\/wp-content\\\/uploads\\\/2022\\\/05\\\/SIG-TIL-R_650x650.jpg\",\"contentUrl\":\"https:\\\/\\\/hutton.ee\\\/wp-content\\\/uploads\\\/2022\\\/05\\\/SIG-TIL-R_650x650.jpg\",\"width\":650,\"height\":650,\"caption\":\"Aluskate Ventia SIG TIL-R 120 on hingav katuse aluskate \\\/ tuulet\u00f5ke membraan ilma teibita.\"},{\"@type\":\"BreadcrumbList\",\"@id\":\"https:\\\/\\\/hutton.ee\\\/toode\\\/aluskate-ventia-sig-til-r-120-50m2\\\/#breadcrumb\",\"itemListElement\":[{\"@type\":\"ListItem\",\"position\":1,\"name\":\"Avaleht\",\"item\":\"https:\\\/\\\/hutton.ee\\\/\"},{\"@type\":\"ListItem\",\"position\":2,\"name\":\"Shop\",\"item\":\"https:\\\/\\\/hutton.ee\\\/en\\\/shop\\\/\"},{\"@type\":\"ListItem\",\"position\":3,\"name\":\"Aluskate Ventia SIG TIL-R 120\"}]},{\"@type\":\"WebSite\",\"@id\":\"https:\\\/\\\/hutton.ee\\\/#website\",\"url\":\"https:\\\/\\\/hutton.ee\\\/\",\"name\":\"Hutton\",\"description\":\"Ajas kestvad ehituslahendused\",\"publisher\":{\"@id\":\"https:\\\/\\\/hutton.ee\\\/#organization\"},\"potentialAction\":[{\"@type\":\"SearchAction\",\"target\":{\"@type\":\"EntryPoint\",\"urlTemplate\":\"https:\\\/\\\/hutton.ee\\\/?s={search_term_string}\"},\"query-input\":{\"@type\":\"PropertyValueSpecification\",\"valueRequired\":true,\"valueName\":\"search_term_string\"}}],\"inLanguage\":\"en-US\"},{\"@type\":\"Organization\",\"@id\":\"https:\\\/\\\/hutton.ee\\\/#organization\",\"name\":\"Hutton - KATUS | SEIN | FASSAAD\",\"url\":\"https:\\\/\\\/hutton.ee\\\/\",\"logo\":{\"@type\":\"ImageObject\",\"inLanguage\":\"en-US\",\"@id\":\"https:\\\/\\\/hutton.ee\\\/#\\\/schema\\\/logo\\\/image\\\/\",\"url\":\"https:\\\/\\\/hutton.ee\\\/wp-content\\\/uploads\\\/2020\\\/07\\\/hutton-logo_uuendatud-01.png\",\"contentUrl\":\"https:\\\/\\\/hutton.ee\\\/wp-content\\\/uploads\\\/2020\\\/07\\\/hutton-logo_uuendatud-01.png\",\"width\":1064,\"height\":455,\"caption\":\"Hutton - KATUS | SEIN | FASSAAD\"},\"image\":{\"@id\":\"https:\\\/\\\/hutton.ee\\\/#\\\/schema\\\/logo\\\/image\\\/\"},\"sameAs\":[\"https:\\\/\\\/www.facebook.com\\\/huttoneesti\"]}]}<\/script>\n<!-- \/ Yoast SEO Premium plugin. -->","yoast_head_json":{"title":"Aluskate Ventia SIG TIL-R 120 - Hutton","description":"Aluskate Ventia SIG TIL-R 120 on hingav ja k\u00f5rgdifuusne katuse aluskate ning tuulet\u00f5ke. Veetihe, tuulekindel ja sobib katustele ning fassaadidele.","robots":{"index":"index","follow":"follow","max-snippet":"max-snippet:-1","max-image-preview":"max-image-preview:large","max-video-preview":"max-video-preview:-1"},"canonical":"https:\/\/hutton.ee\/toode\/aluskate-ventia-sig-til-r-120-50m2\/","og_locale":"en_US","og_type":"article","og_title":"Aluskate Ventia SIG TIL-R 120 - Hutton","og_description":"Aluskate Ventia SIG TIL-R 120g on hingav aluskatte membraan ilma teibita. Kasutatakse nii k\u00fclma p\u00f6\u00f6ninguga katusetarindites kui ka paigaldatuna vastu soojustust","og_url":"https:\/\/hutton.ee\/toode\/aluskate-ventia-sig-til-r-120-50m2\/","og_site_name":"Hutton","article_publisher":"https:\/\/www.facebook.com\/huttoneesti","article_modified_time":"2025-12-12T08:23:09+00:00","og_image":[{"width":650,"height":650,"url":"https:\/\/hutton.ee\/wp-content\/uploads\/2022\/05\/SIG-TIL-R_650x650.jpg","type":"image\/jpeg"}],"twitter_card":"summary_large_image","twitter_title":"Aluskate Ventia SIG TIL-R 120 - Hutton","twitter_description":"Aluskate Ventia SIG TIL-R 120g on hingav aluskatte membraan ilma teibita. Kasutatakse nii k\u00fclma p\u00f6\u00f6ninguga katusetarindites kui ka paigaldatuna vastu soojustust","twitter_misc":{"Est. reading time":"1 minute"},"schema":{"@context":"https:\/\/schema.org","@graph":[{"@type":"WebPage","@id":"https:\/\/hutton.ee\/toode\/aluskate-ventia-sig-til-r-120-50m2\/","url":"https:\/\/hutton.ee\/toode\/aluskate-ventia-sig-til-r-120-50m2\/","name":"Aluskate Ventia SIG TIL-R 120 - Hutton","isPartOf":{"@id":"https:\/\/hutton.ee\/#website"},"primaryImageOfPage":{"@id":"https:\/\/hutton.ee\/toode\/aluskate-ventia-sig-til-r-120-50m2\/#primaryimage"},"image":{"@id":"https:\/\/hutton.ee\/toode\/aluskate-ventia-sig-til-r-120-50m2\/#primaryimage"},"thumbnailUrl":"https:\/\/hutton.ee\/wp-content\/uploads\/2022\/05\/SIG-TIL-R_650x650.jpg","datePublished":"2022-05-23T11:36:46+00:00","dateModified":"2025-12-12T08:23:09+00:00","description":"Aluskate Ventia SIG TIL-R 120 on hingav ja k\u00f5rgdifuusne katuse aluskate ning tuulet\u00f5ke. Veetihe, tuulekindel ja sobib katustele ning fassaadidele.","breadcrumb":{"@id":"https:\/\/hutton.ee\/toode\/aluskate-ventia-sig-til-r-120-50m2\/#breadcrumb"},"inLanguage":"en-US","potentialAction":[{"@type":"ReadAction","target":["https:\/\/hutton.ee\/toode\/aluskate-ventia-sig-til-r-120-50m2\/"]}]},{"@type":"ImageObject","inLanguage":"en-US","@id":"https:\/\/hutton.ee\/toode\/aluskate-ventia-sig-til-r-120-50m2\/#primaryimage","url":"https:\/\/hutton.ee\/wp-content\/uploads\/2022\/05\/SIG-TIL-R_650x650.jpg","contentUrl":"https:\/\/hutton.ee\/wp-content\/uploads\/2022\/05\/SIG-TIL-R_650x650.jpg","width":650,"height":650,"caption":"Aluskate Ventia SIG TIL-R 120 on hingav katuse aluskate \/ tuulet\u00f5ke membraan ilma teibita."},{"@type":"BreadcrumbList","@id":"https:\/\/hutton.ee\/toode\/aluskate-ventia-sig-til-r-120-50m2\/#breadcrumb","itemListElement":[{"@type":"ListItem","position":1,"name":"Avaleht","item":"https:\/\/hutton.ee\/"},{"@type":"ListItem","position":2,"name":"Shop","item":"https:\/\/hutton.ee\/en\/shop\/"},{"@type":"ListItem","position":3,"name":"Aluskate Ventia SIG TIL-R 120"}]},{"@type":"WebSite","@id":"https:\/\/hutton.ee\/#website","url":"https:\/\/hutton.ee\/","name":"Hutton","description":"Ajas kestvad ehituslahendused","publisher":{"@id":"https:\/\/hutton.ee\/#organization"},"potentialAction":[{"@type":"SearchAction","target":{"@type":"EntryPoint","urlTemplate":"https:\/\/hutton.ee\/?s={search_term_string}"},"query-input":{"@type":"PropertyValueSpecification","valueRequired":true,"valueName":"search_term_string"}}],"inLanguage":"en-US"},{"@type":"Organization","@id":"https:\/\/hutton.ee\/#organization","name":"Hutton - KATUS | SEIN | FASSAAD","url":"https:\/\/hutton.ee\/","logo":{"@type":"ImageObject","inLanguage":"en-US","@id":"https:\/\/hutton.ee\/#\/schema\/logo\/image\/","url":"https:\/\/hutton.ee\/wp-content\/uploads\/2020\/07\/hutton-logo_uuendatud-01.png","contentUrl":"https:\/\/hutton.ee\/wp-content\/uploads\/2020\/07\/hutton-logo_uuendatud-01.png","width":1064,"height":455,"caption":"Hutton - KATUS | SEIN | FASSAAD"},"image":{"@id":"https:\/\/hutton.ee\/#\/schema\/logo\/image\/"},"sameAs":["https:\/\/www.facebook.com\/huttoneesti"]}]}},"_links":{"self":[{"href":"https:\/\/hutton.ee\/en\/wp-json\/wp\/v2\/product\/15265","targetHints":{"allow":["GET"]}}],"collection":[{"href":"https:\/\/hutton.ee\/en\/wp-json\/wp\/v2\/product"}],"about":[{"href":"https:\/\/hutton.ee\/en\/wp-json\/wp\/v2\/types\/product"}],"wp:featuredmedia":[{"embeddable":true,"href":"https:\/\/hutton.ee\/en\/wp-json\/wp\/v2\/media\/15266"}],"wp:attachment":[{"href":"https:\/\/hutton.ee\/en\/wp-json\/wp\/v2\/media?parent=15265"}],"wp:term":[{"taxonomy":"product_brand","embeddable":true,"href":"https:\/\/hutton.ee\/en\/wp-json\/wp\/v2\/product_brand?post=15265"},{"taxonomy":"product_cat","embeddable":true,"href":"https:\/\/hutton.ee\/en\/wp-json\/wp\/v2\/product_cat?post=15265"},{"taxonomy":"product_tag","embeddable":true,"href":"https:\/\/hutton.ee\/en\/wp-json\/wp\/v2\/product_tag?post=15265"},{"taxonomy":"filtrisusteem","embeddable":true,"href":"https:\/\/hutton.ee\/en\/wp-json\/wp\/v2\/filtrisusteem?post=15265"},{"taxonomy":"kvaliteediklass","embeddable":true,"href":"https:\/\/hutton.ee\/en\/wp-json\/wp\/v2\/kvaliteediklass?post=15265"}],"curies":[{"name":"wp","href":"https:\/\/api.w.org\/{rel}","templated":true}]}}