{"id":15456,"date":"2022-06-13T12:54:12","date_gmt":"2022-06-13T12:54:12","guid":{"rendered":"https:\/\/hutton.ee\/?post_type=product&#038;p=15456"},"modified":"2025-03-12T10:47:16","modified_gmt":"2025-03-12T10:47:16","slug":"linnutokkekamm-80mm-1m-must","status":"publish","type":"product","link":"https:\/\/hutton.ee\/en\/toode\/linnutokkekamm-80mm-1m-must\/","title":{"rendered":"Linnut\u00f5kkekamm 80mm\/1m must"},"content":{"rendered":"<p>Linnut\u00f5kkekamm 80mm\/1m must takistab n\u00e4riliste, lindude ja suurte putukate sattumist katuse alla.<\/p>\n<p><strong>Eelised:<\/strong><\/p>\n<ul>\n<li>Kerge ja elastne<\/li>\n<li>Lihtsalt ja kiiresti paigaldatav<\/li>\n<li>Kaua kestvast plastmaterjalist pol\u00fcprop\u00fcleen<\/li>\n<li>Kaitseb katusekonstruktsiooni ja isolatsioonimaterjali.<\/li>\n<\/ul>\n","protected":false},"excerpt":{"rendered":"<p>&nbsp;<\/p>\n<p><em><strong>NB!<\/strong> Valides maksmisel k\u00e4ttesaamise viisiks &#8220;Tulen ise j\u00e4rgi&#8221; on v\u00f5imalus ise j\u00e4rgi tulla ainult Tartus T\u00e4he 110.<\/em><\/p>\n","protected":false},"featured_media":26832,"template":"","meta":{"_gspb_post_css":"","_uf_show_specific_survey":0,"_uf_disable_surveys":false},"product_brand":[],"product_cat":[1116,1294],"product_tag":[1258],"filtrisusteem":[],"kvaliteediklass":[],"class_list":{"0":"post-15456","1":"product","2":"type-product","3":"status-publish","4":"has-post-thumbnail","6":"product_cat-katusetarvikud","7":"product_cat-veel-tooteid","8":"product_tag-ei_pakiautomaat","10":"first","11":"instock","12":"taxable","13":"shipping-taxable","14":"purchasable","15":"product-type-simple"},"yoast_head":"<!-- This site is optimized with the Yoast SEO Premium plugin v21.3 (Yoast SEO v27.3) - https:\/\/yoast.com\/product\/yoast-seo-premium-wordpress\/ -->\n<title>Linnut\u00f5kkekamm 80mm\/1m must - Hutton<\/title>\n<meta name=\"description\" content=\"Linnut\u00f5kkekamm 80mm\/1m must, takistab n\u00e4riliste, lindude ja suurte putukate sattumist katuse alla. Kaitseb katusekonstruktsiooni ja isolatsiooni.\" \/>\n<meta name=\"robots\" content=\"index, follow, max-snippet:-1, max-image-preview:large, max-video-preview:-1\" \/>\n<link rel=\"canonical\" href=\"https:\/\/hutton.ee\/toode\/linnutokkekamm-80mm-1m-must\/\" \/>\n<meta property=\"og:locale\" content=\"en_US\" \/>\n<meta property=\"og:type\" content=\"article\" \/>\n<meta property=\"og:title\" content=\"Linnut\u00f5kkekamm 80mm\/1m must - Hutton\" \/>\n<meta property=\"og:description\" content=\"Linnut\u00f5kkekamm 80mm\/1m takistab n\u00e4riliste, lindude ja suurte putukate sattumist katuse alla. Kaitseb katusekonstruktsiooni ja isolatsioonimaterjali. - Hutton.ee\" \/>\n<meta property=\"og:url\" content=\"https:\/\/hutton.ee\/toode\/linnutokkekamm-80mm-1m-must\/\" \/>\n<meta property=\"og:site_name\" content=\"Hutton\" \/>\n<meta property=\"article:publisher\" content=\"https:\/\/www.facebook.com\/huttoneesti\" \/>\n<meta property=\"article:modified_time\" content=\"2025-03-12T10:47:16+00:00\" \/>\n<meta property=\"og:image\" content=\"https:\/\/hutton.ee\/wp-content\/uploads\/2022\/06\/Linnutokkekamm_2.png\" \/>\n\t<meta property=\"og:image:width\" content=\"500\" \/>\n\t<meta property=\"og:image:height\" content=\"500\" \/>\n\t<meta property=\"og:image:type\" content=\"image\/png\" \/>\n<meta name=\"twitter:card\" content=\"summary_large_image\" \/>\n<meta name=\"twitter:title\" content=\"Linnut\u00f5kkekamm 80mm\/1m must - Hutton\" \/>\n<meta name=\"twitter:description\" content=\"Linnut\u00f5kkekamm 80mm\/1m takistab n\u00e4riliste, lindude ja suurte putukate sattumist katuse alla. Kaitseb katusekonstruktsiooni ja isolatsioonimaterjali. - Hutton.ee\" \/>\n<meta name=\"twitter:label1\" content=\"Est. reading time\" \/>\n\t<meta name=\"twitter:data1\" content=\"1 minute\" \/>\n<script type=\"application\/ld+json\" class=\"yoast-schema-graph\">{\"@context\":\"https:\\\/\\\/schema.org\",\"@graph\":[{\"@type\":\"WebPage\",\"@id\":\"https:\\\/\\\/hutton.ee\\\/toode\\\/linnutokkekamm-80mm-1m-must\\\/\",\"url\":\"https:\\\/\\\/hutton.ee\\\/toode\\\/linnutokkekamm-80mm-1m-must\\\/\",\"name\":\"Linnut\u00f5kkekamm 80mm\\\/1m must - Hutton\",\"isPartOf\":{\"@id\":\"https:\\\/\\\/hutton.ee\\\/#website\"},\"primaryImageOfPage\":{\"@id\":\"https:\\\/\\\/hutton.ee\\\/toode\\\/linnutokkekamm-80mm-1m-must\\\/#primaryimage\"},\"image\":{\"@id\":\"https:\\\/\\\/hutton.ee\\\/toode\\\/linnutokkekamm-80mm-1m-must\\\/#primaryimage\"},\"thumbnailUrl\":\"https:\\\/\\\/hutton.ee\\\/wp-content\\\/uploads\\\/2022\\\/06\\\/Linnutokkekamm_2.png\",\"datePublished\":\"2022-06-13T12:54:12+00:00\",\"dateModified\":\"2025-03-12T10:47:16+00:00\",\"description\":\"Linnut\u00f5kkekamm 80mm\\\/1m must, takistab n\u00e4riliste, lindude ja suurte putukate sattumist katuse alla. Kaitseb katusekonstruktsiooni ja isolatsiooni.\",\"breadcrumb\":{\"@id\":\"https:\\\/\\\/hutton.ee\\\/toode\\\/linnutokkekamm-80mm-1m-must\\\/#breadcrumb\"},\"inLanguage\":\"en-US\",\"potentialAction\":[{\"@type\":\"ReadAction\",\"target\":[\"https:\\\/\\\/hutton.ee\\\/toode\\\/linnutokkekamm-80mm-1m-must\\\/\"]}]},{\"@type\":\"ImageObject\",\"inLanguage\":\"en-US\",\"@id\":\"https:\\\/\\\/hutton.ee\\\/toode\\\/linnutokkekamm-80mm-1m-must\\\/#primaryimage\",\"url\":\"https:\\\/\\\/hutton.ee\\\/wp-content\\\/uploads\\\/2022\\\/06\\\/Linnutokkekamm_2.png\",\"contentUrl\":\"https:\\\/\\\/hutton.ee\\\/wp-content\\\/uploads\\\/2022\\\/06\\\/Linnutokkekamm_2.png\",\"width\":500,\"height\":500,\"caption\":\"Harjatihend BR-vent 300mm\\\/5m must\"},{\"@type\":\"BreadcrumbList\",\"@id\":\"https:\\\/\\\/hutton.ee\\\/toode\\\/linnutokkekamm-80mm-1m-must\\\/#breadcrumb\",\"itemListElement\":[{\"@type\":\"ListItem\",\"position\":1,\"name\":\"Avaleht\",\"item\":\"https:\\\/\\\/hutton.ee\\\/\"},{\"@type\":\"ListItem\",\"position\":2,\"name\":\"Shop\",\"item\":\"https:\\\/\\\/hutton.ee\\\/en\\\/shop\\\/\"},{\"@type\":\"ListItem\",\"position\":3,\"name\":\"Linnut\u00f5kkekamm 80mm\\\/1m must\"}]},{\"@type\":\"WebSite\",\"@id\":\"https:\\\/\\\/hutton.ee\\\/#website\",\"url\":\"https:\\\/\\\/hutton.ee\\\/\",\"name\":\"Hutton\",\"description\":\"Ajas kestvad ehituslahendused\",\"publisher\":{\"@id\":\"https:\\\/\\\/hutton.ee\\\/#organization\"},\"potentialAction\":[{\"@type\":\"SearchAction\",\"target\":{\"@type\":\"EntryPoint\",\"urlTemplate\":\"https:\\\/\\\/hutton.ee\\\/?s={search_term_string}\"},\"query-input\":{\"@type\":\"PropertyValueSpecification\",\"valueRequired\":true,\"valueName\":\"search_term_string\"}}],\"inLanguage\":\"en-US\"},{\"@type\":\"Organization\",\"@id\":\"https:\\\/\\\/hutton.ee\\\/#organization\",\"name\":\"Hutton - KATUS | SEIN | FASSAAD\",\"url\":\"https:\\\/\\\/hutton.ee\\\/\",\"logo\":{\"@type\":\"ImageObject\",\"inLanguage\":\"en-US\",\"@id\":\"https:\\\/\\\/hutton.ee\\\/#\\\/schema\\\/logo\\\/image\\\/\",\"url\":\"https:\\\/\\\/hutton.ee\\\/wp-content\\\/uploads\\\/2020\\\/07\\\/hutton-logo_uuendatud-01.png\",\"contentUrl\":\"https:\\\/\\\/hutton.ee\\\/wp-content\\\/uploads\\\/2020\\\/07\\\/hutton-logo_uuendatud-01.png\",\"width\":1064,\"height\":455,\"caption\":\"Hutton - KATUS | SEIN | FASSAAD\"},\"image\":{\"@id\":\"https:\\\/\\\/hutton.ee\\\/#\\\/schema\\\/logo\\\/image\\\/\"},\"sameAs\":[\"https:\\\/\\\/www.facebook.com\\\/huttoneesti\"]}]}<\/script>\n<!-- \/ Yoast SEO Premium plugin. -->","yoast_head_json":{"title":"Linnut\u00f5kkekamm 80mm\/1m must - Hutton","description":"Linnut\u00f5kkekamm 80mm\/1m must, takistab n\u00e4riliste, lindude ja suurte putukate sattumist katuse alla. Kaitseb katusekonstruktsiooni ja isolatsiooni.","robots":{"index":"index","follow":"follow","max-snippet":"max-snippet:-1","max-image-preview":"max-image-preview:large","max-video-preview":"max-video-preview:-1"},"canonical":"https:\/\/hutton.ee\/toode\/linnutokkekamm-80mm-1m-must\/","og_locale":"en_US","og_type":"article","og_title":"Linnut\u00f5kkekamm 80mm\/1m must - Hutton","og_description":"Linnut\u00f5kkekamm 80mm\/1m takistab n\u00e4riliste, lindude ja suurte putukate sattumist katuse alla. Kaitseb katusekonstruktsiooni ja isolatsioonimaterjali. - Hutton.ee","og_url":"https:\/\/hutton.ee\/toode\/linnutokkekamm-80mm-1m-must\/","og_site_name":"Hutton","article_publisher":"https:\/\/www.facebook.com\/huttoneesti","article_modified_time":"2025-03-12T10:47:16+00:00","og_image":[{"width":500,"height":500,"url":"https:\/\/hutton.ee\/wp-content\/uploads\/2022\/06\/Linnutokkekamm_2.png","type":"image\/png"}],"twitter_card":"summary_large_image","twitter_title":"Linnut\u00f5kkekamm 80mm\/1m must - Hutton","twitter_description":"Linnut\u00f5kkekamm 80mm\/1m takistab n\u00e4riliste, lindude ja suurte putukate sattumist katuse alla. Kaitseb katusekonstruktsiooni ja isolatsioonimaterjali. - Hutton.ee","twitter_misc":{"Est. reading time":"1 minute"},"schema":{"@context":"https:\/\/schema.org","@graph":[{"@type":"WebPage","@id":"https:\/\/hutton.ee\/toode\/linnutokkekamm-80mm-1m-must\/","url":"https:\/\/hutton.ee\/toode\/linnutokkekamm-80mm-1m-must\/","name":"Linnut\u00f5kkekamm 80mm\/1m must - Hutton","isPartOf":{"@id":"https:\/\/hutton.ee\/#website"},"primaryImageOfPage":{"@id":"https:\/\/hutton.ee\/toode\/linnutokkekamm-80mm-1m-must\/#primaryimage"},"image":{"@id":"https:\/\/hutton.ee\/toode\/linnutokkekamm-80mm-1m-must\/#primaryimage"},"thumbnailUrl":"https:\/\/hutton.ee\/wp-content\/uploads\/2022\/06\/Linnutokkekamm_2.png","datePublished":"2022-06-13T12:54:12+00:00","dateModified":"2025-03-12T10:47:16+00:00","description":"Linnut\u00f5kkekamm 80mm\/1m must, takistab n\u00e4riliste, lindude ja suurte putukate sattumist katuse alla. Kaitseb katusekonstruktsiooni ja isolatsiooni.","breadcrumb":{"@id":"https:\/\/hutton.ee\/toode\/linnutokkekamm-80mm-1m-must\/#breadcrumb"},"inLanguage":"en-US","potentialAction":[{"@type":"ReadAction","target":["https:\/\/hutton.ee\/toode\/linnutokkekamm-80mm-1m-must\/"]}]},{"@type":"ImageObject","inLanguage":"en-US","@id":"https:\/\/hutton.ee\/toode\/linnutokkekamm-80mm-1m-must\/#primaryimage","url":"https:\/\/hutton.ee\/wp-content\/uploads\/2022\/06\/Linnutokkekamm_2.png","contentUrl":"https:\/\/hutton.ee\/wp-content\/uploads\/2022\/06\/Linnutokkekamm_2.png","width":500,"height":500,"caption":"Harjatihend BR-vent 300mm\/5m must"},{"@type":"BreadcrumbList","@id":"https:\/\/hutton.ee\/toode\/linnutokkekamm-80mm-1m-must\/#breadcrumb","itemListElement":[{"@type":"ListItem","position":1,"name":"Avaleht","item":"https:\/\/hutton.ee\/"},{"@type":"ListItem","position":2,"name":"Shop","item":"https:\/\/hutton.ee\/en\/shop\/"},{"@type":"ListItem","position":3,"name":"Linnut\u00f5kkekamm 80mm\/1m must"}]},{"@type":"WebSite","@id":"https:\/\/hutton.ee\/#website","url":"https:\/\/hutton.ee\/","name":"Hutton","description":"Ajas kestvad ehituslahendused","publisher":{"@id":"https:\/\/hutton.ee\/#organization"},"potentialAction":[{"@type":"SearchAction","target":{"@type":"EntryPoint","urlTemplate":"https:\/\/hutton.ee\/?s={search_term_string}"},"query-input":{"@type":"PropertyValueSpecification","valueRequired":true,"valueName":"search_term_string"}}],"inLanguage":"en-US"},{"@type":"Organization","@id":"https:\/\/hutton.ee\/#organization","name":"Hutton - KATUS | SEIN | FASSAAD","url":"https:\/\/hutton.ee\/","logo":{"@type":"ImageObject","inLanguage":"en-US","@id":"https:\/\/hutton.ee\/#\/schema\/logo\/image\/","url":"https:\/\/hutton.ee\/wp-content\/uploads\/2020\/07\/hutton-logo_uuendatud-01.png","contentUrl":"https:\/\/hutton.ee\/wp-content\/uploads\/2020\/07\/hutton-logo_uuendatud-01.png","width":1064,"height":455,"caption":"Hutton - KATUS | SEIN | FASSAAD"},"image":{"@id":"https:\/\/hutton.ee\/#\/schema\/logo\/image\/"},"sameAs":["https:\/\/www.facebook.com\/huttoneesti"]}]}},"_links":{"self":[{"href":"https:\/\/hutton.ee\/en\/wp-json\/wp\/v2\/product\/15456","targetHints":{"allow":["GET"]}}],"collection":[{"href":"https:\/\/hutton.ee\/en\/wp-json\/wp\/v2\/product"}],"about":[{"href":"https:\/\/hutton.ee\/en\/wp-json\/wp\/v2\/types\/product"}],"wp:featuredmedia":[{"embeddable":true,"href":"https:\/\/hutton.ee\/en\/wp-json\/wp\/v2\/media\/26832"}],"wp:attachment":[{"href":"https:\/\/hutton.ee\/en\/wp-json\/wp\/v2\/media?parent=15456"}],"wp:term":[{"taxonomy":"product_brand","embeddable":true,"href":"https:\/\/hutton.ee\/en\/wp-json\/wp\/v2\/product_brand?post=15456"},{"taxonomy":"product_cat","embeddable":true,"href":"https:\/\/hutton.ee\/en\/wp-json\/wp\/v2\/product_cat?post=15456"},{"taxonomy":"product_tag","embeddable":true,"href":"https:\/\/hutton.ee\/en\/wp-json\/wp\/v2\/product_tag?post=15456"},{"taxonomy":"filtrisusteem","embeddable":true,"href":"https:\/\/hutton.ee\/en\/wp-json\/wp\/v2\/filtrisusteem?post=15456"},{"taxonomy":"kvaliteediklass","embeddable":true,"href":"https:\/\/hutton.ee\/en\/wp-json\/wp\/v2\/kvaliteediklass?post=15456"}],"curies":[{"name":"wp","href":"https:\/\/api.w.org\/{rel}","templated":true}]}}