{"id":16060,"date":"2022-08-03T07:48:03","date_gmt":"2022-08-03T07:48:03","guid":{"rendered":"https:\/\/hutton.ee\/?post_type=product&#038;p=16060"},"modified":"2025-12-12T10:51:28","modified_gmt":"2025-12-12T10:51:28","slug":"korstna-tihenduslint-300-5-eurotec-classic-al-tumehall","status":"publish","type":"product","link":"https:\/\/hutton.ee\/en\/toode\/korstna-tihenduslint-300-5-eurotec-classic-al-tumehall\/","title":{"rendered":"Korstna tihenduslint 300\/5 EuroTec Classic AL tumehall"},"content":{"rendered":"<p>Korstna tihenduslint 300\/5 EuroTec Classic AL tumehall, kasutatakse katuse ja korstna v\u00f5i seina vaheliste \u00fchenduskohtade tihendamiseks. Korstna tihenduslindi materjal on ajas vastupidav ja UV kindel. Alumiinium lakitud spetsiaalse v\u00e4rviga, kaetud \u00fchelt poolt but\u00fc\u00fclliimi kihiga (kogu laiuses).<\/p>\n","protected":false},"excerpt":{"rendered":"<p>&nbsp;<\/p>\n<p><em><strong>NB!<\/strong> Valides maksmisel k\u00e4ttesaamise viisiks &#8220;Tulen ise j\u00e4rgi&#8221; on v\u00f5imalus ise j\u00e4rgi tulla ainult Tartus T\u00e4he 110.<\/em><\/p>\n","protected":false},"featured_media":26818,"template":"","meta":{"_gspb_post_css":"","_uf_show_specific_survey":0,"_uf_disable_surveys":false},"product_brand":[],"product_cat":[1116,1264],"product_tag":[2895],"filtrisusteem":[],"kvaliteediklass":[],"class_list":{"0":"post-16060","1":"product","2":"type-product","3":"status-publish","4":"has-post-thumbnail","6":"product_cat-katusetarvikud","7":"product_cat-korstna-piirkonna-tarvikud","8":"product_tag-4tk","10":"first","11":"instock","12":"taxable","13":"shipping-taxable","14":"purchasable","15":"product-type-simple"},"yoast_head":"<!-- This site is optimized with the Yoast SEO Premium plugin v21.3 (Yoast SEO v27.3) - https:\/\/yoast.com\/product\/yoast-seo-premium-wordpress\/ -->\n<title>Korstna tihenduslint 300\/5 EuroTec Classic AL tumehall - Hutton<\/title>\n<meta name=\"description\" content=\"Korstna tihenduslint EuroTec Classic AL 300\/5 tumepruun on UV-kindel alumiiniumlint katuse ja korstna \u00fchenduskohtade tihendamiseks. But\u00fc\u00fclliim kogu laiuses.\" \/>\n<meta name=\"robots\" content=\"index, follow, max-snippet:-1, max-image-preview:large, max-video-preview:-1\" \/>\n<link rel=\"canonical\" href=\"https:\/\/hutton.ee\/toode\/korstna-tihenduslint-300-5-eurotec-classic-al-tumehall\/\" \/>\n<meta property=\"og:locale\" content=\"en_US\" \/>\n<meta property=\"og:type\" content=\"article\" \/>\n<meta property=\"og:title\" content=\"Korstna tihenduslint 300\/5 EuroTec Classic AL tumehall - Hutton\" \/>\n<meta property=\"og:description\" content=\"Korstna tihenduslint 300mm\/5m EuroTec Classic AL, tumehall. Kasutatakse katuse ja korstna v\u00f5i seina vaheliste \u00fchenduskohtade tihendamiseks. Vaata kohe Hutton.ee\" \/>\n<meta property=\"og:url\" content=\"https:\/\/hutton.ee\/toode\/korstna-tihenduslint-300-5-eurotec-classic-al-tumehall\/\" \/>\n<meta property=\"og:site_name\" content=\"Hutton\" \/>\n<meta property=\"article:publisher\" content=\"https:\/\/www.facebook.com\/huttoneesti\" \/>\n<meta property=\"article:modified_time\" content=\"2025-12-12T10:51:28+00:00\" \/>\n<meta property=\"og:image\" content=\"https:\/\/hutton.ee\/wp-content\/uploads\/2022\/06\/korstna-tihenduslint-hall.png\" \/>\n\t<meta property=\"og:image:width\" content=\"500\" \/>\n\t<meta property=\"og:image:height\" content=\"500\" \/>\n\t<meta property=\"og:image:type\" content=\"image\/png\" \/>\n<meta name=\"twitter:card\" content=\"summary_large_image\" \/>\n<meta name=\"twitter:title\" content=\"Korstna tihenduslint 300\/5 EuroTec Classic AL tumehall - Hutton\" \/>\n<meta name=\"twitter:description\" content=\"Korstna tihenduslint 300mm\/5m EuroTec Classic AL, tumehall. Kasutatakse katuse ja korstna v\u00f5i seina vaheliste \u00fchenduskohtade tihendamiseks. Vaata kohe Hutton.ee\" \/>\n<meta name=\"twitter:label1\" content=\"Est. reading time\" \/>\n\t<meta name=\"twitter:data1\" content=\"1 minute\" \/>\n<script type=\"application\/ld+json\" class=\"yoast-schema-graph\">{\"@context\":\"https:\\\/\\\/schema.org\",\"@graph\":[{\"@type\":\"WebPage\",\"@id\":\"https:\\\/\\\/hutton.ee\\\/toode\\\/korstna-tihenduslint-300-5-eurotec-classic-al-tumehall\\\/\",\"url\":\"https:\\\/\\\/hutton.ee\\\/toode\\\/korstna-tihenduslint-300-5-eurotec-classic-al-tumehall\\\/\",\"name\":\"Korstna tihenduslint 300\\\/5 EuroTec Classic AL tumehall - Hutton\",\"isPartOf\":{\"@id\":\"https:\\\/\\\/hutton.ee\\\/#website\"},\"primaryImageOfPage\":{\"@id\":\"https:\\\/\\\/hutton.ee\\\/toode\\\/korstna-tihenduslint-300-5-eurotec-classic-al-tumehall\\\/#primaryimage\"},\"image\":{\"@id\":\"https:\\\/\\\/hutton.ee\\\/toode\\\/korstna-tihenduslint-300-5-eurotec-classic-al-tumehall\\\/#primaryimage\"},\"thumbnailUrl\":\"https:\\\/\\\/hutton.ee\\\/wp-content\\\/uploads\\\/2022\\\/06\\\/korstna-tihenduslint-hall.png\",\"datePublished\":\"2022-08-03T07:48:03+00:00\",\"dateModified\":\"2025-12-12T10:51:28+00:00\",\"description\":\"Korstna tihenduslint EuroTec Classic AL 300\\\/5 tumepruun on UV-kindel alumiiniumlint katuse ja korstna \u00fchenduskohtade tihendamiseks. But\u00fc\u00fclliim kogu laiuses.\",\"breadcrumb\":{\"@id\":\"https:\\\/\\\/hutton.ee\\\/toode\\\/korstna-tihenduslint-300-5-eurotec-classic-al-tumehall\\\/#breadcrumb\"},\"inLanguage\":\"en-US\",\"potentialAction\":[{\"@type\":\"ReadAction\",\"target\":[\"https:\\\/\\\/hutton.ee\\\/toode\\\/korstna-tihenduslint-300-5-eurotec-classic-al-tumehall\\\/\"]}]},{\"@type\":\"ImageObject\",\"inLanguage\":\"en-US\",\"@id\":\"https:\\\/\\\/hutton.ee\\\/toode\\\/korstna-tihenduslint-300-5-eurotec-classic-al-tumehall\\\/#primaryimage\",\"url\":\"https:\\\/\\\/hutton.ee\\\/wp-content\\\/uploads\\\/2022\\\/06\\\/korstna-tihenduslint-hall.png\",\"contentUrl\":\"https:\\\/\\\/hutton.ee\\\/wp-content\\\/uploads\\\/2022\\\/06\\\/korstna-tihenduslint-hall.png\",\"width\":500,\"height\":500,\"caption\":\"Harjatihend BR-vent 300mm\\\/5m must\"},{\"@type\":\"BreadcrumbList\",\"@id\":\"https:\\\/\\\/hutton.ee\\\/toode\\\/korstna-tihenduslint-300-5-eurotec-classic-al-tumehall\\\/#breadcrumb\",\"itemListElement\":[{\"@type\":\"ListItem\",\"position\":1,\"name\":\"Avaleht\",\"item\":\"https:\\\/\\\/hutton.ee\\\/\"},{\"@type\":\"ListItem\",\"position\":2,\"name\":\"Shop\",\"item\":\"https:\\\/\\\/hutton.ee\\\/en\\\/shop\\\/\"},{\"@type\":\"ListItem\",\"position\":3,\"name\":\"Korstna tihenduslint 300\\\/5 EuroTec Classic AL tumehall\"}]},{\"@type\":\"WebSite\",\"@id\":\"https:\\\/\\\/hutton.ee\\\/#website\",\"url\":\"https:\\\/\\\/hutton.ee\\\/\",\"name\":\"Hutton\",\"description\":\"Ajas kestvad ehituslahendused\",\"publisher\":{\"@id\":\"https:\\\/\\\/hutton.ee\\\/#organization\"},\"potentialAction\":[{\"@type\":\"SearchAction\",\"target\":{\"@type\":\"EntryPoint\",\"urlTemplate\":\"https:\\\/\\\/hutton.ee\\\/?s={search_term_string}\"},\"query-input\":{\"@type\":\"PropertyValueSpecification\",\"valueRequired\":true,\"valueName\":\"search_term_string\"}}],\"inLanguage\":\"en-US\"},{\"@type\":\"Organization\",\"@id\":\"https:\\\/\\\/hutton.ee\\\/#organization\",\"name\":\"Hutton - KATUS | SEIN | FASSAAD\",\"url\":\"https:\\\/\\\/hutton.ee\\\/\",\"logo\":{\"@type\":\"ImageObject\",\"inLanguage\":\"en-US\",\"@id\":\"https:\\\/\\\/hutton.ee\\\/#\\\/schema\\\/logo\\\/image\\\/\",\"url\":\"https:\\\/\\\/hutton.ee\\\/wp-content\\\/uploads\\\/2020\\\/07\\\/hutton-logo_uuendatud-01.png\",\"contentUrl\":\"https:\\\/\\\/hutton.ee\\\/wp-content\\\/uploads\\\/2020\\\/07\\\/hutton-logo_uuendatud-01.png\",\"width\":1064,\"height\":455,\"caption\":\"Hutton - KATUS | SEIN | FASSAAD\"},\"image\":{\"@id\":\"https:\\\/\\\/hutton.ee\\\/#\\\/schema\\\/logo\\\/image\\\/\"},\"sameAs\":[\"https:\\\/\\\/www.facebook.com\\\/huttoneesti\"]}]}<\/script>\n<!-- \/ Yoast SEO Premium plugin. -->","yoast_head_json":{"title":"Korstna tihenduslint 300\/5 EuroTec Classic AL tumehall - Hutton","description":"Korstna tihenduslint EuroTec Classic AL 300\/5 tumepruun on UV-kindel alumiiniumlint katuse ja korstna \u00fchenduskohtade tihendamiseks. But\u00fc\u00fclliim kogu laiuses.","robots":{"index":"index","follow":"follow","max-snippet":"max-snippet:-1","max-image-preview":"max-image-preview:large","max-video-preview":"max-video-preview:-1"},"canonical":"https:\/\/hutton.ee\/toode\/korstna-tihenduslint-300-5-eurotec-classic-al-tumehall\/","og_locale":"en_US","og_type":"article","og_title":"Korstna tihenduslint 300\/5 EuroTec Classic AL tumehall - Hutton","og_description":"Korstna tihenduslint 300mm\/5m EuroTec Classic AL, tumehall. Kasutatakse katuse ja korstna v\u00f5i seina vaheliste \u00fchenduskohtade tihendamiseks. Vaata kohe Hutton.ee","og_url":"https:\/\/hutton.ee\/toode\/korstna-tihenduslint-300-5-eurotec-classic-al-tumehall\/","og_site_name":"Hutton","article_publisher":"https:\/\/www.facebook.com\/huttoneesti","article_modified_time":"2025-12-12T10:51:28+00:00","og_image":[{"width":500,"height":500,"url":"https:\/\/hutton.ee\/wp-content\/uploads\/2022\/06\/korstna-tihenduslint-hall.png","type":"image\/png"}],"twitter_card":"summary_large_image","twitter_title":"Korstna tihenduslint 300\/5 EuroTec Classic AL tumehall - Hutton","twitter_description":"Korstna tihenduslint 300mm\/5m EuroTec Classic AL, tumehall. Kasutatakse katuse ja korstna v\u00f5i seina vaheliste \u00fchenduskohtade tihendamiseks. Vaata kohe Hutton.ee","twitter_misc":{"Est. reading time":"1 minute"},"schema":{"@context":"https:\/\/schema.org","@graph":[{"@type":"WebPage","@id":"https:\/\/hutton.ee\/toode\/korstna-tihenduslint-300-5-eurotec-classic-al-tumehall\/","url":"https:\/\/hutton.ee\/toode\/korstna-tihenduslint-300-5-eurotec-classic-al-tumehall\/","name":"Korstna tihenduslint 300\/5 EuroTec Classic AL tumehall - Hutton","isPartOf":{"@id":"https:\/\/hutton.ee\/#website"},"primaryImageOfPage":{"@id":"https:\/\/hutton.ee\/toode\/korstna-tihenduslint-300-5-eurotec-classic-al-tumehall\/#primaryimage"},"image":{"@id":"https:\/\/hutton.ee\/toode\/korstna-tihenduslint-300-5-eurotec-classic-al-tumehall\/#primaryimage"},"thumbnailUrl":"https:\/\/hutton.ee\/wp-content\/uploads\/2022\/06\/korstna-tihenduslint-hall.png","datePublished":"2022-08-03T07:48:03+00:00","dateModified":"2025-12-12T10:51:28+00:00","description":"Korstna tihenduslint EuroTec Classic AL 300\/5 tumepruun on UV-kindel alumiiniumlint katuse ja korstna \u00fchenduskohtade tihendamiseks. But\u00fc\u00fclliim kogu laiuses.","breadcrumb":{"@id":"https:\/\/hutton.ee\/toode\/korstna-tihenduslint-300-5-eurotec-classic-al-tumehall\/#breadcrumb"},"inLanguage":"en-US","potentialAction":[{"@type":"ReadAction","target":["https:\/\/hutton.ee\/toode\/korstna-tihenduslint-300-5-eurotec-classic-al-tumehall\/"]}]},{"@type":"ImageObject","inLanguage":"en-US","@id":"https:\/\/hutton.ee\/toode\/korstna-tihenduslint-300-5-eurotec-classic-al-tumehall\/#primaryimage","url":"https:\/\/hutton.ee\/wp-content\/uploads\/2022\/06\/korstna-tihenduslint-hall.png","contentUrl":"https:\/\/hutton.ee\/wp-content\/uploads\/2022\/06\/korstna-tihenduslint-hall.png","width":500,"height":500,"caption":"Harjatihend BR-vent 300mm\/5m must"},{"@type":"BreadcrumbList","@id":"https:\/\/hutton.ee\/toode\/korstna-tihenduslint-300-5-eurotec-classic-al-tumehall\/#breadcrumb","itemListElement":[{"@type":"ListItem","position":1,"name":"Avaleht","item":"https:\/\/hutton.ee\/"},{"@type":"ListItem","position":2,"name":"Shop","item":"https:\/\/hutton.ee\/en\/shop\/"},{"@type":"ListItem","position":3,"name":"Korstna tihenduslint 300\/5 EuroTec Classic AL tumehall"}]},{"@type":"WebSite","@id":"https:\/\/hutton.ee\/#website","url":"https:\/\/hutton.ee\/","name":"Hutton","description":"Ajas kestvad ehituslahendused","publisher":{"@id":"https:\/\/hutton.ee\/#organization"},"potentialAction":[{"@type":"SearchAction","target":{"@type":"EntryPoint","urlTemplate":"https:\/\/hutton.ee\/?s={search_term_string}"},"query-input":{"@type":"PropertyValueSpecification","valueRequired":true,"valueName":"search_term_string"}}],"inLanguage":"en-US"},{"@type":"Organization","@id":"https:\/\/hutton.ee\/#organization","name":"Hutton - KATUS | SEIN | FASSAAD","url":"https:\/\/hutton.ee\/","logo":{"@type":"ImageObject","inLanguage":"en-US","@id":"https:\/\/hutton.ee\/#\/schema\/logo\/image\/","url":"https:\/\/hutton.ee\/wp-content\/uploads\/2020\/07\/hutton-logo_uuendatud-01.png","contentUrl":"https:\/\/hutton.ee\/wp-content\/uploads\/2020\/07\/hutton-logo_uuendatud-01.png","width":1064,"height":455,"caption":"Hutton - KATUS | SEIN | FASSAAD"},"image":{"@id":"https:\/\/hutton.ee\/#\/schema\/logo\/image\/"},"sameAs":["https:\/\/www.facebook.com\/huttoneesti"]}]}},"_links":{"self":[{"href":"https:\/\/hutton.ee\/en\/wp-json\/wp\/v2\/product\/16060","targetHints":{"allow":["GET"]}}],"collection":[{"href":"https:\/\/hutton.ee\/en\/wp-json\/wp\/v2\/product"}],"about":[{"href":"https:\/\/hutton.ee\/en\/wp-json\/wp\/v2\/types\/product"}],"wp:featuredmedia":[{"embeddable":true,"href":"https:\/\/hutton.ee\/en\/wp-json\/wp\/v2\/media\/26818"}],"wp:attachment":[{"href":"https:\/\/hutton.ee\/en\/wp-json\/wp\/v2\/media?parent=16060"}],"wp:term":[{"taxonomy":"product_brand","embeddable":true,"href":"https:\/\/hutton.ee\/en\/wp-json\/wp\/v2\/product_brand?post=16060"},{"taxonomy":"product_cat","embeddable":true,"href":"https:\/\/hutton.ee\/en\/wp-json\/wp\/v2\/product_cat?post=16060"},{"taxonomy":"product_tag","embeddable":true,"href":"https:\/\/hutton.ee\/en\/wp-json\/wp\/v2\/product_tag?post=16060"},{"taxonomy":"filtrisusteem","embeddable":true,"href":"https:\/\/hutton.ee\/en\/wp-json\/wp\/v2\/filtrisusteem?post=16060"},{"taxonomy":"kvaliteediklass","embeddable":true,"href":"https:\/\/hutton.ee\/en\/wp-json\/wp\/v2\/kvaliteediklass?post=16060"}],"curies":[{"name":"wp","href":"https:\/\/api.w.org\/{rel}","templated":true}]}}