{"id":16209,"date":"2022-08-08T11:07:28","date_gmt":"2022-08-08T11:07:28","guid":{"rendered":"https:\/\/hutton.ee\/?post_type=product&#038;p=16209"},"modified":"2025-12-12T11:16:46","modified_gmt":"2025-12-12T11:16:46","slug":"krunt-solid-spruhprimer-500ml","status":"publish","type":"product","link":"https:\/\/hutton.ee\/en\/toode\/krunt-solid-spruhprimer-500ml\/","title":{"rendered":"Krunt Solid SPR\u00dcHPRIMER, 500ml"},"content":{"rendered":"<p>Krunt Solid SPR\u00dcHPRIMER, 500ml on sprei\/krunt praimer. V\u00e4ga kleepuv ja kergesti pealekantav liim, kiirendab ja h\u00f5lbustab but\u00fc\u00fclteipide kleepumist. Liimitavad pinnad peavad olema puhtad ja kuivad e tolmu-, rasva- ja eraldusainete vabad.<\/p>\n<ul>\n<li>Krunt praimer sobib kasutamiseks k\u00f5ikidel pindadel v\u00e4lja arvatud EPS, XPS, PIR, jne.<\/li>\n<li>Kuivamisaeg: s\u00f5ltuvalt materjalist, pinnast ja temperatuurist ca 30 minutit.<\/li>\n<li>T\u00f6\u00f6tlemistemperatuur: 0\u00b0C kuni +40\u00b0C.<\/li>\n<li>Kulu: umbes 100 kuni 150 ml\/m\u00b2, olenevalt aluspinnast.<\/li>\n<li>V\u00e4rv: l\u00e4bipaistev.<\/li>\n<\/ul>\n<p>Hoida otsese p\u00e4ikesevalguse eest kaitstult temperatuuril ca +10\u00b0C kuni + 25\u00b0C. S\u00e4ilitada kuni 12 kuud.<\/p>\n<p><strong>Vajadusel k\u00fcsi n\u00f5u:<\/strong><\/p>\n<p><strong>Neeme<\/strong> <a href=\"tel:5098168\">+372 509 8168<\/a> | <a href=\"mailto:neeme@hutton.ee\">neeme@hutton.ee<\/a><\/p>\n","protected":false},"excerpt":{"rendered":"<p><span style=\"text-decoration: underline;\"><span style=\"color: #ff0000; font-size: 12pt; text-decoration: underline;\"><strong><a style=\"color: #ff0000; text-decoration: underline;\" href=\"https:\/\/hutton.ee\/minu-konto\/\" target=\"_blank\" rel=\"noopener\">Registreeru p\u00fcsikliendiks<\/a>!<\/strong><\/span><\/span><\/p>\n","protected":false},"featured_media":26630,"template":"","meta":{"_gspb_post_css":"","_uf_show_specific_survey":0,"_uf_disable_surveys":false},"product_brand":[],"product_cat":[964,965,966],"product_tag":[2907],"filtrisusteem":[],"kvaliteediklass":[],"class_list":{"0":"post-16209","1":"product","2":"type-product","3":"status-publish","4":"has-post-thumbnail","6":"product_cat-ehituskeemia","7":"product_cat-krundid","8":"product_cat-praimerid","9":"product_tag-25tk","11":"first","12":"instock","13":"taxable","14":"shipping-taxable","15":"purchasable","16":"product-type-simple"},"yoast_head":"<!-- This site is optimized with the Yoast SEO Premium plugin v21.3 (Yoast SEO v27.3) - https:\/\/yoast.com\/product\/yoast-seo-premium-wordpress\/ -->\n<title>Krunt Solid SPR\u00dcHPRIMER, 500ml - Hutton<\/title>\n<meta name=\"description\" content=\"Krunt Solid SPR\u00dcHPRIMER, 500ml. Kiirendab ja h\u00f5lbustab but\u00fc\u00fclteipide kleepumist. Sobib kasutamiseks k\u00f5ikidel pindadel v\u00e4lja arvatud EPS, XPS, PIR.\" \/>\n<meta name=\"robots\" content=\"index, follow, max-snippet:-1, max-image-preview:large, max-video-preview:-1\" \/>\n<link rel=\"canonical\" href=\"https:\/\/hutton.ee\/toode\/krunt-solid-spruhprimer-500ml\/\" \/>\n<meta property=\"og:locale\" content=\"en_US\" \/>\n<meta property=\"og:type\" content=\"article\" \/>\n<meta property=\"og:title\" content=\"Krunt Solid SPR\u00dcHPRIMER, 500ml - Hutton\" \/>\n<meta property=\"og:description\" content=\"Sprei krunt\/praimer Solid SPR\u00dcHPRIMER, 500ml. Kiirendab ja h\u00f5lbustab but\u00fc\u00fclteipide kleepumist. Sobib kasutamiseks k\u00f5ikidel pindadel v\u00e4lja arvatud EPS, XPS, PIR.\" \/>\n<meta property=\"og:url\" content=\"https:\/\/hutton.ee\/toode\/krunt-solid-spruhprimer-500ml\/\" \/>\n<meta property=\"og:site_name\" content=\"Hutton\" \/>\n<meta property=\"article:publisher\" content=\"https:\/\/www.facebook.com\/huttoneesti\" \/>\n<meta property=\"article:modified_time\" content=\"2025-12-12T11:16:46+00:00\" \/>\n<meta property=\"og:image\" content=\"https:\/\/hutton.ee\/wp-content\/uploads\/2024\/10\/Krunt-Solid-SPRUHPRIMER.png\" \/>\n\t<meta property=\"og:image:width\" content=\"500\" \/>\n\t<meta property=\"og:image:height\" content=\"500\" \/>\n\t<meta property=\"og:image:type\" content=\"image\/png\" \/>\n<meta name=\"twitter:card\" content=\"summary_large_image\" \/>\n<meta name=\"twitter:title\" content=\"Krunt Solid SPR\u00dcHPRIMER, 500ml - Hutton\" \/>\n<meta name=\"twitter:description\" content=\"Sprei krunt\/praimer Solid SPR\u00dcHPRIMER, 500ml. Kiirendab ja h\u00f5lbustab but\u00fc\u00fclteipide kleepumist. Sobib kasutamiseks k\u00f5ikidel pindadel v\u00e4lja arvatud EPS, XPS, PIR.\" \/>\n<meta name=\"twitter:label1\" content=\"Est. reading time\" \/>\n\t<meta name=\"twitter:data1\" content=\"1 minute\" \/>\n<script type=\"application\/ld+json\" class=\"yoast-schema-graph\">{\"@context\":\"https:\\\/\\\/schema.org\",\"@graph\":[{\"@type\":\"WebPage\",\"@id\":\"https:\\\/\\\/hutton.ee\\\/toode\\\/krunt-solid-spruhprimer-500ml\\\/\",\"url\":\"https:\\\/\\\/hutton.ee\\\/toode\\\/krunt-solid-spruhprimer-500ml\\\/\",\"name\":\"Krunt Solid SPR\u00dcHPRIMER, 500ml - Hutton\",\"isPartOf\":{\"@id\":\"https:\\\/\\\/hutton.ee\\\/#website\"},\"primaryImageOfPage\":{\"@id\":\"https:\\\/\\\/hutton.ee\\\/toode\\\/krunt-solid-spruhprimer-500ml\\\/#primaryimage\"},\"image\":{\"@id\":\"https:\\\/\\\/hutton.ee\\\/toode\\\/krunt-solid-spruhprimer-500ml\\\/#primaryimage\"},\"thumbnailUrl\":\"https:\\\/\\\/hutton.ee\\\/wp-content\\\/uploads\\\/2024\\\/10\\\/Krunt-Solid-SPRUHPRIMER.png\",\"datePublished\":\"2022-08-08T11:07:28+00:00\",\"dateModified\":\"2025-12-12T11:16:46+00:00\",\"description\":\"Krunt Solid SPR\u00dcHPRIMER, 500ml. Kiirendab ja h\u00f5lbustab but\u00fc\u00fclteipide kleepumist. Sobib kasutamiseks k\u00f5ikidel pindadel v\u00e4lja arvatud EPS, XPS, PIR.\",\"breadcrumb\":{\"@id\":\"https:\\\/\\\/hutton.ee\\\/toode\\\/krunt-solid-spruhprimer-500ml\\\/#breadcrumb\"},\"inLanguage\":\"en-US\",\"potentialAction\":[{\"@type\":\"ReadAction\",\"target\":[\"https:\\\/\\\/hutton.ee\\\/toode\\\/krunt-solid-spruhprimer-500ml\\\/\"]}]},{\"@type\":\"ImageObject\",\"inLanguage\":\"en-US\",\"@id\":\"https:\\\/\\\/hutton.ee\\\/toode\\\/krunt-solid-spruhprimer-500ml\\\/#primaryimage\",\"url\":\"https:\\\/\\\/hutton.ee\\\/wp-content\\\/uploads\\\/2024\\\/10\\\/Krunt-Solid-SPRUHPRIMER.png\",\"contentUrl\":\"https:\\\/\\\/hutton.ee\\\/wp-content\\\/uploads\\\/2024\\\/10\\\/Krunt-Solid-SPRUHPRIMER.png\",\"width\":500,\"height\":500,\"caption\":\"Krunt Solid SPR\u00dcHPRIMER\"},{\"@type\":\"BreadcrumbList\",\"@id\":\"https:\\\/\\\/hutton.ee\\\/toode\\\/krunt-solid-spruhprimer-500ml\\\/#breadcrumb\",\"itemListElement\":[{\"@type\":\"ListItem\",\"position\":1,\"name\":\"Avaleht\",\"item\":\"https:\\\/\\\/hutton.ee\\\/\"},{\"@type\":\"ListItem\",\"position\":2,\"name\":\"Shop\",\"item\":\"https:\\\/\\\/hutton.ee\\\/en\\\/shop\\\/\"},{\"@type\":\"ListItem\",\"position\":3,\"name\":\"Krunt Solid SPR\u00dcHPRIMER, 500ml\"}]},{\"@type\":\"WebSite\",\"@id\":\"https:\\\/\\\/hutton.ee\\\/#website\",\"url\":\"https:\\\/\\\/hutton.ee\\\/\",\"name\":\"Hutton\",\"description\":\"Ajas kestvad ehituslahendused\",\"publisher\":{\"@id\":\"https:\\\/\\\/hutton.ee\\\/#organization\"},\"potentialAction\":[{\"@type\":\"SearchAction\",\"target\":{\"@type\":\"EntryPoint\",\"urlTemplate\":\"https:\\\/\\\/hutton.ee\\\/?s={search_term_string}\"},\"query-input\":{\"@type\":\"PropertyValueSpecification\",\"valueRequired\":true,\"valueName\":\"search_term_string\"}}],\"inLanguage\":\"en-US\"},{\"@type\":\"Organization\",\"@id\":\"https:\\\/\\\/hutton.ee\\\/#organization\",\"name\":\"Hutton - KATUS | SEIN | FASSAAD\",\"url\":\"https:\\\/\\\/hutton.ee\\\/\",\"logo\":{\"@type\":\"ImageObject\",\"inLanguage\":\"en-US\",\"@id\":\"https:\\\/\\\/hutton.ee\\\/#\\\/schema\\\/logo\\\/image\\\/\",\"url\":\"https:\\\/\\\/hutton.ee\\\/wp-content\\\/uploads\\\/2020\\\/07\\\/hutton-logo_uuendatud-01.png\",\"contentUrl\":\"https:\\\/\\\/hutton.ee\\\/wp-content\\\/uploads\\\/2020\\\/07\\\/hutton-logo_uuendatud-01.png\",\"width\":1064,\"height\":455,\"caption\":\"Hutton - KATUS | SEIN | FASSAAD\"},\"image\":{\"@id\":\"https:\\\/\\\/hutton.ee\\\/#\\\/schema\\\/logo\\\/image\\\/\"},\"sameAs\":[\"https:\\\/\\\/www.facebook.com\\\/huttoneesti\"]}]}<\/script>\n<!-- \/ Yoast SEO Premium plugin. -->","yoast_head_json":{"title":"Krunt Solid SPR\u00dcHPRIMER, 500ml - Hutton","description":"Krunt Solid SPR\u00dcHPRIMER, 500ml. Kiirendab ja h\u00f5lbustab but\u00fc\u00fclteipide kleepumist. Sobib kasutamiseks k\u00f5ikidel pindadel v\u00e4lja arvatud EPS, XPS, PIR.","robots":{"index":"index","follow":"follow","max-snippet":"max-snippet:-1","max-image-preview":"max-image-preview:large","max-video-preview":"max-video-preview:-1"},"canonical":"https:\/\/hutton.ee\/toode\/krunt-solid-spruhprimer-500ml\/","og_locale":"en_US","og_type":"article","og_title":"Krunt Solid SPR\u00dcHPRIMER, 500ml - Hutton","og_description":"Sprei krunt\/praimer Solid SPR\u00dcHPRIMER, 500ml. Kiirendab ja h\u00f5lbustab but\u00fc\u00fclteipide kleepumist. Sobib kasutamiseks k\u00f5ikidel pindadel v\u00e4lja arvatud EPS, XPS, PIR.","og_url":"https:\/\/hutton.ee\/toode\/krunt-solid-spruhprimer-500ml\/","og_site_name":"Hutton","article_publisher":"https:\/\/www.facebook.com\/huttoneesti","article_modified_time":"2025-12-12T11:16:46+00:00","og_image":[{"width":500,"height":500,"url":"https:\/\/hutton.ee\/wp-content\/uploads\/2024\/10\/Krunt-Solid-SPRUHPRIMER.png","type":"image\/png"}],"twitter_card":"summary_large_image","twitter_title":"Krunt Solid SPR\u00dcHPRIMER, 500ml - Hutton","twitter_description":"Sprei krunt\/praimer Solid SPR\u00dcHPRIMER, 500ml. Kiirendab ja h\u00f5lbustab but\u00fc\u00fclteipide kleepumist. Sobib kasutamiseks k\u00f5ikidel pindadel v\u00e4lja arvatud EPS, XPS, PIR.","twitter_misc":{"Est. reading time":"1 minute"},"schema":{"@context":"https:\/\/schema.org","@graph":[{"@type":"WebPage","@id":"https:\/\/hutton.ee\/toode\/krunt-solid-spruhprimer-500ml\/","url":"https:\/\/hutton.ee\/toode\/krunt-solid-spruhprimer-500ml\/","name":"Krunt Solid SPR\u00dcHPRIMER, 500ml - Hutton","isPartOf":{"@id":"https:\/\/hutton.ee\/#website"},"primaryImageOfPage":{"@id":"https:\/\/hutton.ee\/toode\/krunt-solid-spruhprimer-500ml\/#primaryimage"},"image":{"@id":"https:\/\/hutton.ee\/toode\/krunt-solid-spruhprimer-500ml\/#primaryimage"},"thumbnailUrl":"https:\/\/hutton.ee\/wp-content\/uploads\/2024\/10\/Krunt-Solid-SPRUHPRIMER.png","datePublished":"2022-08-08T11:07:28+00:00","dateModified":"2025-12-12T11:16:46+00:00","description":"Krunt Solid SPR\u00dcHPRIMER, 500ml. Kiirendab ja h\u00f5lbustab but\u00fc\u00fclteipide kleepumist. Sobib kasutamiseks k\u00f5ikidel pindadel v\u00e4lja arvatud EPS, XPS, PIR.","breadcrumb":{"@id":"https:\/\/hutton.ee\/toode\/krunt-solid-spruhprimer-500ml\/#breadcrumb"},"inLanguage":"en-US","potentialAction":[{"@type":"ReadAction","target":["https:\/\/hutton.ee\/toode\/krunt-solid-spruhprimer-500ml\/"]}]},{"@type":"ImageObject","inLanguage":"en-US","@id":"https:\/\/hutton.ee\/toode\/krunt-solid-spruhprimer-500ml\/#primaryimage","url":"https:\/\/hutton.ee\/wp-content\/uploads\/2024\/10\/Krunt-Solid-SPRUHPRIMER.png","contentUrl":"https:\/\/hutton.ee\/wp-content\/uploads\/2024\/10\/Krunt-Solid-SPRUHPRIMER.png","width":500,"height":500,"caption":"Krunt Solid SPR\u00dcHPRIMER"},{"@type":"BreadcrumbList","@id":"https:\/\/hutton.ee\/toode\/krunt-solid-spruhprimer-500ml\/#breadcrumb","itemListElement":[{"@type":"ListItem","position":1,"name":"Avaleht","item":"https:\/\/hutton.ee\/"},{"@type":"ListItem","position":2,"name":"Shop","item":"https:\/\/hutton.ee\/en\/shop\/"},{"@type":"ListItem","position":3,"name":"Krunt Solid SPR\u00dcHPRIMER, 500ml"}]},{"@type":"WebSite","@id":"https:\/\/hutton.ee\/#website","url":"https:\/\/hutton.ee\/","name":"Hutton","description":"Ajas kestvad ehituslahendused","publisher":{"@id":"https:\/\/hutton.ee\/#organization"},"potentialAction":[{"@type":"SearchAction","target":{"@type":"EntryPoint","urlTemplate":"https:\/\/hutton.ee\/?s={search_term_string}"},"query-input":{"@type":"PropertyValueSpecification","valueRequired":true,"valueName":"search_term_string"}}],"inLanguage":"en-US"},{"@type":"Organization","@id":"https:\/\/hutton.ee\/#organization","name":"Hutton - KATUS | SEIN | FASSAAD","url":"https:\/\/hutton.ee\/","logo":{"@type":"ImageObject","inLanguage":"en-US","@id":"https:\/\/hutton.ee\/#\/schema\/logo\/image\/","url":"https:\/\/hutton.ee\/wp-content\/uploads\/2020\/07\/hutton-logo_uuendatud-01.png","contentUrl":"https:\/\/hutton.ee\/wp-content\/uploads\/2020\/07\/hutton-logo_uuendatud-01.png","width":1064,"height":455,"caption":"Hutton - KATUS | SEIN | FASSAAD"},"image":{"@id":"https:\/\/hutton.ee\/#\/schema\/logo\/image\/"},"sameAs":["https:\/\/www.facebook.com\/huttoneesti"]}]}},"_links":{"self":[{"href":"https:\/\/hutton.ee\/en\/wp-json\/wp\/v2\/product\/16209","targetHints":{"allow":["GET"]}}],"collection":[{"href":"https:\/\/hutton.ee\/en\/wp-json\/wp\/v2\/product"}],"about":[{"href":"https:\/\/hutton.ee\/en\/wp-json\/wp\/v2\/types\/product"}],"wp:featuredmedia":[{"embeddable":true,"href":"https:\/\/hutton.ee\/en\/wp-json\/wp\/v2\/media\/26630"}],"wp:attachment":[{"href":"https:\/\/hutton.ee\/en\/wp-json\/wp\/v2\/media?parent=16209"}],"wp:term":[{"taxonomy":"product_brand","embeddable":true,"href":"https:\/\/hutton.ee\/en\/wp-json\/wp\/v2\/product_brand?post=16209"},{"taxonomy":"product_cat","embeddable":true,"href":"https:\/\/hutton.ee\/en\/wp-json\/wp\/v2\/product_cat?post=16209"},{"taxonomy":"product_tag","embeddable":true,"href":"https:\/\/hutton.ee\/en\/wp-json\/wp\/v2\/product_tag?post=16209"},{"taxonomy":"filtrisusteem","embeddable":true,"href":"https:\/\/hutton.ee\/en\/wp-json\/wp\/v2\/filtrisusteem?post=16209"},{"taxonomy":"kvaliteediklass","embeddable":true,"href":"https:\/\/hutton.ee\/en\/wp-json\/wp\/v2\/kvaliteediklass?post=16209"}],"curies":[{"name":"wp","href":"https:\/\/api.w.org\/{rel}","templated":true}]}}