{"id":16405,"date":"2022-08-23T08:31:00","date_gmt":"2022-08-23T08:31:00","guid":{"rendered":"https:\/\/hutton.ee\/?post_type=product&#038;p=16405"},"modified":"2025-10-24T13:33:15","modified_gmt":"2025-10-24T13:33:15","slug":"teip-solid-tape-uni-60mm-25m","status":"publish","type":"product","link":"https:\/\/hutton.ee\/en\/toode\/teip-solid-tape-uni-60mm-25m\/","title":{"rendered":"Teip Solid Tape UNI 60mm\/25m"},"content":{"rendered":"<p>Teip Solid Tape UNI 60mm\/25m on k\u00f5rgkvaliteetne v\u00e4listeip laiusega 60mm ja pikkus 25m, mida on lubatud kasutada ka sees. UV kindel, k\u00f5rge nakkuvuse ja hea paindlikkusega.<\/p>\n<p><b>Toote p\u00f5hiomadused:<\/b><\/p>\n<ul>\n<li>Katuse aluskatte, tuulet\u00f5kke ja aurut\u00f5kke tihendamiseks.<\/li>\n<li>V\u00e4ga hea temperatuuritaluvusega.<\/li>\n<li>Nakkub h\u00e4sti kile, membraani, vineeri, OSB, puidu, metalli, betooni ja kivi pindadega.<\/li>\n<li>V\u00e4ga kvaliteetne nii sise- kui v\u00e4listeip.<\/li>\n<\/ul>\n<p><strong>Selle toote teeb eriliseks:<\/strong><\/p>\n<ul>\n<li>Suur liimi kogus.<\/li>\n<li>Teip on tugev ja veniv.<\/li>\n<li>K\u00f5rge kvaliteet.<\/li>\n<li>Vastupidav niiskusele ja vananemisele.<\/li>\n<li>UV kindel.<\/li>\n<li>Temperatuuritaluvus: &#8211; 40\u00b0C kuni +100\u00b0C.<\/li>\n<li>Paigaldustemperatuur: -10\u00b0C kuni +30\u00b0C.<\/li>\n<li>LDPE CoEx kile.<\/li>\n<li>Vett mittekartev.<\/li>\n<li>Valget v\u00e4rvi (p\u00e4ikesekiirgust peegeldav).<\/li>\n<\/ul>\n<p><strong>Loe l\u00e4hemalt:<\/strong><\/p>\n<p><a href=\"https:\/\/hutton.ee\/mis-on-ehitusteip\/\">Mis on ehitusteip?<\/a><\/p>\n<p><strong>Vajadusel k\u00fcsi n\u00f5u:<br \/>\n<\/strong><\/p>\n<p><strong>Regina<\/strong> <a href=\"tel:5076742\">+372 507 6742<\/a> | <a href=\"mailto:regina@hutton.ee\">regina@hutton.ee<\/a><br \/>\n<strong>Neeme<\/strong> <a href=\"tel:5098168\">+372 509 8168<\/a> | <a href=\"mailto:neeme@hutton.ee\">neeme@hutton.ee<\/a><\/p>\n","protected":false},"excerpt":{"rendered":"<p><span style=\"text-decoration: underline;\"><span style=\"color: #ff0000; font-size: 12pt; text-decoration: underline;\"><strong><a style=\"color: #ff0000; text-decoration: underline;\" href=\"https:\/\/hutton.ee\/minu-konto\/\" target=\"_blank\" rel=\"noopener\">Registreeru p\u00fcsikliendiks<\/a>!<\/strong><\/span><\/span><\/p>\n<p>Hutton p\u00fcsikliendile: 0,560\u20ac \/ jm<\/p>\n","protected":false},"featured_media":16407,"template":"","meta":{"_gspb_post_css":"","_uf_show_specific_survey":0,"_uf_disable_surveys":false},"product_brand":[],"product_cat":[2916,954,956],"product_tag":[2901,2863],"filtrisusteem":[2483,2474,2381,2341,2479,2494,2501,2404,2476,2351,2418,2478,2378],"kvaliteediklass":[936],"class_list":{"0":"post-16405","1":"product","2":"type-product","3":"status-publish","4":"has-post-thumbnail","6":"product_cat-hutton-top","7":"product_cat-ehitusteibid","8":"product_cat-tuuletokke-teibid","9":"product_tag-24tk","10":"product_tag-muugihitid_silt","11":"filtrisusteem-2483","12":"filtrisusteem-a","13":"filtrisusteem-eriline-kasutuskoht","14":"filtrisusteem-kvaliteediklass","15":"filtrisusteem-laius-mm","16":"filtrisusteem-permanentselt","17":"filtrisusteem-permanentselt-uv-kindel","18":"filtrisusteem-sd-m","19":"filtrisusteem-sisse-voi-valja","20":"filtrisusteem-uv-kindlus","21":"filtrisusteem-valge","22":"filtrisusteem-valisteip","23":"filtrisusteem-varvus","24":"kvaliteediklass-a1-korgeim-kvaliteet","26":"first","27":"instock","28":"taxable","29":"shipping-taxable","30":"purchasable","31":"product-type-simple"},"yoast_head":"<!-- This site is optimized with the Yoast SEO Premium plugin v21.3 (Yoast SEO v27.3) - https:\/\/yoast.com\/product\/yoast-seo-premium-wordpress\/ -->\n<title>Teip Solid Tape UNI 60mm\/25m - Hutton<\/title>\n<meta name=\"description\" content=\"Teip Solid Tape UNI 60mm\/25m on k\u00f5rgkvaliteetne v\u00e4listeip, lubatud kasutada ka sees. UV kindel ja k\u00f5rge temperatuuritaluvusega. Huttoni e-poes.\" \/>\n<meta name=\"robots\" content=\"index, follow, max-snippet:-1, max-image-preview:large, max-video-preview:-1\" \/>\n<link rel=\"canonical\" href=\"https:\/\/hutton.ee\/toode\/teip-solid-tape-uni-60mm-25m\/\" \/>\n<meta property=\"og:locale\" content=\"en_US\" \/>\n<meta property=\"og:type\" content=\"article\" \/>\n<meta property=\"og:title\" content=\"Teip Solid Tape UNI 60mm\/25m - Hutton\" \/>\n<meta property=\"og:description\" content=\"Teip Solid Tape UNI 60mm\/25m on k\u00f5rgkvaliteetne v\u00e4listeip, lubatud kasutada ka sees. UV kindel ja k\u00f5rge temperatuuritaluvusega. Vaata l\u00e4hemalt Huttoni e-poest..\" \/>\n<meta property=\"og:url\" content=\"https:\/\/hutton.ee\/toode\/teip-solid-tape-uni-60mm-25m\/\" \/>\n<meta property=\"og:site_name\" content=\"Hutton\" \/>\n<meta property=\"article:publisher\" content=\"https:\/\/www.facebook.com\/huttoneesti\" \/>\n<meta property=\"article:modified_time\" content=\"2025-10-24T13:33:15+00:00\" \/>\n<meta property=\"og:image\" content=\"https:\/\/hutton.ee\/wp-content\/uploads\/2022\/08\/Solid-Tape-UNI_650x650.jpg\" \/>\n\t<meta property=\"og:image:width\" content=\"650\" \/>\n\t<meta property=\"og:image:height\" content=\"650\" \/>\n\t<meta property=\"og:image:type\" content=\"image\/jpeg\" \/>\n<meta name=\"twitter:card\" content=\"summary_large_image\" \/>\n<meta name=\"twitter:title\" content=\"Teip Solid Tape UNI 60mm\/25m - Hutton\" \/>\n<meta name=\"twitter:description\" content=\"Teip Solid Tape UNI 60mm\/25m on k\u00f5rgkvaliteetne v\u00e4listeip, lubatud kasutada ka sees. UV kindel ja k\u00f5rge temperatuuritaluvusega. Vaata l\u00e4hemalt Huttoni e-poest..\" \/>\n<meta name=\"twitter:label1\" content=\"Est. reading time\" \/>\n\t<meta name=\"twitter:data1\" content=\"1 minute\" \/>\n<script type=\"application\/ld+json\" class=\"yoast-schema-graph\">{\"@context\":\"https:\\\/\\\/schema.org\",\"@graph\":[{\"@type\":\"WebPage\",\"@id\":\"https:\\\/\\\/hutton.ee\\\/toode\\\/teip-solid-tape-uni-60mm-25m\\\/\",\"url\":\"https:\\\/\\\/hutton.ee\\\/toode\\\/teip-solid-tape-uni-60mm-25m\\\/\",\"name\":\"Teip Solid Tape UNI 60mm\\\/25m - Hutton\",\"isPartOf\":{\"@id\":\"https:\\\/\\\/hutton.ee\\\/#website\"},\"primaryImageOfPage\":{\"@id\":\"https:\\\/\\\/hutton.ee\\\/toode\\\/teip-solid-tape-uni-60mm-25m\\\/#primaryimage\"},\"image\":{\"@id\":\"https:\\\/\\\/hutton.ee\\\/toode\\\/teip-solid-tape-uni-60mm-25m\\\/#primaryimage\"},\"thumbnailUrl\":\"https:\\\/\\\/hutton.ee\\\/wp-content\\\/uploads\\\/2022\\\/08\\\/Solid-Tape-UNI_650x650.jpg\",\"datePublished\":\"2022-08-23T08:31:00+00:00\",\"dateModified\":\"2025-10-24T13:33:15+00:00\",\"description\":\"Teip Solid Tape UNI 60mm\\\/25m on k\u00f5rgkvaliteetne v\u00e4listeip, lubatud kasutada ka sees. UV kindel ja k\u00f5rge temperatuuritaluvusega. Huttoni e-poes.\",\"breadcrumb\":{\"@id\":\"https:\\\/\\\/hutton.ee\\\/toode\\\/teip-solid-tape-uni-60mm-25m\\\/#breadcrumb\"},\"inLanguage\":\"en-US\",\"potentialAction\":[{\"@type\":\"ReadAction\",\"target\":[\"https:\\\/\\\/hutton.ee\\\/toode\\\/teip-solid-tape-uni-60mm-25m\\\/\"]}]},{\"@type\":\"ImageObject\",\"inLanguage\":\"en-US\",\"@id\":\"https:\\\/\\\/hutton.ee\\\/toode\\\/teip-solid-tape-uni-60mm-25m\\\/#primaryimage\",\"url\":\"https:\\\/\\\/hutton.ee\\\/wp-content\\\/uploads\\\/2022\\\/08\\\/Solid-Tape-UNI_650x650.jpg\",\"contentUrl\":\"https:\\\/\\\/hutton.ee\\\/wp-content\\\/uploads\\\/2022\\\/08\\\/Solid-Tape-UNI_650x650.jpg\",\"width\":650,\"height\":650,\"caption\":\"V\u00e4listeip Solid Tape UNI\"},{\"@type\":\"BreadcrumbList\",\"@id\":\"https:\\\/\\\/hutton.ee\\\/toode\\\/teip-solid-tape-uni-60mm-25m\\\/#breadcrumb\",\"itemListElement\":[{\"@type\":\"ListItem\",\"position\":1,\"name\":\"Avaleht\",\"item\":\"https:\\\/\\\/hutton.ee\\\/\"},{\"@type\":\"ListItem\",\"position\":2,\"name\":\"Shop\",\"item\":\"https:\\\/\\\/hutton.ee\\\/en\\\/shop\\\/\"},{\"@type\":\"ListItem\",\"position\":3,\"name\":\"Teip Solid Tape UNI 60mm\\\/25m\"}]},{\"@type\":\"WebSite\",\"@id\":\"https:\\\/\\\/hutton.ee\\\/#website\",\"url\":\"https:\\\/\\\/hutton.ee\\\/\",\"name\":\"Hutton\",\"description\":\"Ajas kestvad ehituslahendused\",\"publisher\":{\"@id\":\"https:\\\/\\\/hutton.ee\\\/#organization\"},\"potentialAction\":[{\"@type\":\"SearchAction\",\"target\":{\"@type\":\"EntryPoint\",\"urlTemplate\":\"https:\\\/\\\/hutton.ee\\\/?s={search_term_string}\"},\"query-input\":{\"@type\":\"PropertyValueSpecification\",\"valueRequired\":true,\"valueName\":\"search_term_string\"}}],\"inLanguage\":\"en-US\"},{\"@type\":\"Organization\",\"@id\":\"https:\\\/\\\/hutton.ee\\\/#organization\",\"name\":\"Hutton - KATUS | SEIN | FASSAAD\",\"url\":\"https:\\\/\\\/hutton.ee\\\/\",\"logo\":{\"@type\":\"ImageObject\",\"inLanguage\":\"en-US\",\"@id\":\"https:\\\/\\\/hutton.ee\\\/#\\\/schema\\\/logo\\\/image\\\/\",\"url\":\"https:\\\/\\\/hutton.ee\\\/wp-content\\\/uploads\\\/2020\\\/07\\\/hutton-logo_uuendatud-01.png\",\"contentUrl\":\"https:\\\/\\\/hutton.ee\\\/wp-content\\\/uploads\\\/2020\\\/07\\\/hutton-logo_uuendatud-01.png\",\"width\":1064,\"height\":455,\"caption\":\"Hutton - KATUS | SEIN | FASSAAD\"},\"image\":{\"@id\":\"https:\\\/\\\/hutton.ee\\\/#\\\/schema\\\/logo\\\/image\\\/\"},\"sameAs\":[\"https:\\\/\\\/www.facebook.com\\\/huttoneesti\"]}]}<\/script>\n<!-- \/ Yoast SEO Premium plugin. -->","yoast_head_json":{"title":"Teip Solid Tape UNI 60mm\/25m - Hutton","description":"Teip Solid Tape UNI 60mm\/25m on k\u00f5rgkvaliteetne v\u00e4listeip, lubatud kasutada ka sees. UV kindel ja k\u00f5rge temperatuuritaluvusega. Huttoni e-poes.","robots":{"index":"index","follow":"follow","max-snippet":"max-snippet:-1","max-image-preview":"max-image-preview:large","max-video-preview":"max-video-preview:-1"},"canonical":"https:\/\/hutton.ee\/toode\/teip-solid-tape-uni-60mm-25m\/","og_locale":"en_US","og_type":"article","og_title":"Teip Solid Tape UNI 60mm\/25m - Hutton","og_description":"Teip Solid Tape UNI 60mm\/25m on k\u00f5rgkvaliteetne v\u00e4listeip, lubatud kasutada ka sees. UV kindel ja k\u00f5rge temperatuuritaluvusega. Vaata l\u00e4hemalt Huttoni e-poest..","og_url":"https:\/\/hutton.ee\/toode\/teip-solid-tape-uni-60mm-25m\/","og_site_name":"Hutton","article_publisher":"https:\/\/www.facebook.com\/huttoneesti","article_modified_time":"2025-10-24T13:33:15+00:00","og_image":[{"width":650,"height":650,"url":"https:\/\/hutton.ee\/wp-content\/uploads\/2022\/08\/Solid-Tape-UNI_650x650.jpg","type":"image\/jpeg"}],"twitter_card":"summary_large_image","twitter_title":"Teip Solid Tape UNI 60mm\/25m - Hutton","twitter_description":"Teip Solid Tape UNI 60mm\/25m on k\u00f5rgkvaliteetne v\u00e4listeip, lubatud kasutada ka sees. UV kindel ja k\u00f5rge temperatuuritaluvusega. Vaata l\u00e4hemalt Huttoni e-poest..","twitter_misc":{"Est. reading time":"1 minute"},"schema":{"@context":"https:\/\/schema.org","@graph":[{"@type":"WebPage","@id":"https:\/\/hutton.ee\/toode\/teip-solid-tape-uni-60mm-25m\/","url":"https:\/\/hutton.ee\/toode\/teip-solid-tape-uni-60mm-25m\/","name":"Teip Solid Tape UNI 60mm\/25m - Hutton","isPartOf":{"@id":"https:\/\/hutton.ee\/#website"},"primaryImageOfPage":{"@id":"https:\/\/hutton.ee\/toode\/teip-solid-tape-uni-60mm-25m\/#primaryimage"},"image":{"@id":"https:\/\/hutton.ee\/toode\/teip-solid-tape-uni-60mm-25m\/#primaryimage"},"thumbnailUrl":"https:\/\/hutton.ee\/wp-content\/uploads\/2022\/08\/Solid-Tape-UNI_650x650.jpg","datePublished":"2022-08-23T08:31:00+00:00","dateModified":"2025-10-24T13:33:15+00:00","description":"Teip Solid Tape UNI 60mm\/25m on k\u00f5rgkvaliteetne v\u00e4listeip, lubatud kasutada ka sees. UV kindel ja k\u00f5rge temperatuuritaluvusega. Huttoni e-poes.","breadcrumb":{"@id":"https:\/\/hutton.ee\/toode\/teip-solid-tape-uni-60mm-25m\/#breadcrumb"},"inLanguage":"en-US","potentialAction":[{"@type":"ReadAction","target":["https:\/\/hutton.ee\/toode\/teip-solid-tape-uni-60mm-25m\/"]}]},{"@type":"ImageObject","inLanguage":"en-US","@id":"https:\/\/hutton.ee\/toode\/teip-solid-tape-uni-60mm-25m\/#primaryimage","url":"https:\/\/hutton.ee\/wp-content\/uploads\/2022\/08\/Solid-Tape-UNI_650x650.jpg","contentUrl":"https:\/\/hutton.ee\/wp-content\/uploads\/2022\/08\/Solid-Tape-UNI_650x650.jpg","width":650,"height":650,"caption":"V\u00e4listeip Solid Tape UNI"},{"@type":"BreadcrumbList","@id":"https:\/\/hutton.ee\/toode\/teip-solid-tape-uni-60mm-25m\/#breadcrumb","itemListElement":[{"@type":"ListItem","position":1,"name":"Avaleht","item":"https:\/\/hutton.ee\/"},{"@type":"ListItem","position":2,"name":"Shop","item":"https:\/\/hutton.ee\/en\/shop\/"},{"@type":"ListItem","position":3,"name":"Teip Solid Tape UNI 60mm\/25m"}]},{"@type":"WebSite","@id":"https:\/\/hutton.ee\/#website","url":"https:\/\/hutton.ee\/","name":"Hutton","description":"Ajas kestvad ehituslahendused","publisher":{"@id":"https:\/\/hutton.ee\/#organization"},"potentialAction":[{"@type":"SearchAction","target":{"@type":"EntryPoint","urlTemplate":"https:\/\/hutton.ee\/?s={search_term_string}"},"query-input":{"@type":"PropertyValueSpecification","valueRequired":true,"valueName":"search_term_string"}}],"inLanguage":"en-US"},{"@type":"Organization","@id":"https:\/\/hutton.ee\/#organization","name":"Hutton - KATUS | SEIN | FASSAAD","url":"https:\/\/hutton.ee\/","logo":{"@type":"ImageObject","inLanguage":"en-US","@id":"https:\/\/hutton.ee\/#\/schema\/logo\/image\/","url":"https:\/\/hutton.ee\/wp-content\/uploads\/2020\/07\/hutton-logo_uuendatud-01.png","contentUrl":"https:\/\/hutton.ee\/wp-content\/uploads\/2020\/07\/hutton-logo_uuendatud-01.png","width":1064,"height":455,"caption":"Hutton - KATUS | SEIN | FASSAAD"},"image":{"@id":"https:\/\/hutton.ee\/#\/schema\/logo\/image\/"},"sameAs":["https:\/\/www.facebook.com\/huttoneesti"]}]}},"_links":{"self":[{"href":"https:\/\/hutton.ee\/en\/wp-json\/wp\/v2\/product\/16405","targetHints":{"allow":["GET"]}}],"collection":[{"href":"https:\/\/hutton.ee\/en\/wp-json\/wp\/v2\/product"}],"about":[{"href":"https:\/\/hutton.ee\/en\/wp-json\/wp\/v2\/types\/product"}],"wp:featuredmedia":[{"embeddable":true,"href":"https:\/\/hutton.ee\/en\/wp-json\/wp\/v2\/media\/16407"}],"wp:attachment":[{"href":"https:\/\/hutton.ee\/en\/wp-json\/wp\/v2\/media?parent=16405"}],"wp:term":[{"taxonomy":"product_brand","embeddable":true,"href":"https:\/\/hutton.ee\/en\/wp-json\/wp\/v2\/product_brand?post=16405"},{"taxonomy":"product_cat","embeddable":true,"href":"https:\/\/hutton.ee\/en\/wp-json\/wp\/v2\/product_cat?post=16405"},{"taxonomy":"product_tag","embeddable":true,"href":"https:\/\/hutton.ee\/en\/wp-json\/wp\/v2\/product_tag?post=16405"},{"taxonomy":"filtrisusteem","embeddable":true,"href":"https:\/\/hutton.ee\/en\/wp-json\/wp\/v2\/filtrisusteem?post=16405"},{"taxonomy":"kvaliteediklass","embeddable":true,"href":"https:\/\/hutton.ee\/en\/wp-json\/wp\/v2\/kvaliteediklass?post=16405"}],"curies":[{"name":"wp","href":"https:\/\/api.w.org\/{rel}","templated":true}]}}