{"id":16512,"date":"2022-08-24T08:11:28","date_gmt":"2022-08-24T08:11:28","guid":{"rendered":"https:\/\/hutton.ee\/?post_type=product&#038;p=16512"},"modified":"2022-09-15T11:40:20","modified_gmt":"2022-09-15T11:40:20","slug":"tartu-koolitus-15-09-3h-ehitusviis-mis-saastab-toojou-ja-ehituskuludelt","status":"publish","type":"product","link":"https:\/\/hutton.ee\/en\/toode\/tartu-koolitus-15-09-3h-ehitusviis-mis-saastab-toojou-ja-ehituskuludelt\/","title":{"rendered":"Tartu koolitus 15.09 (3h): Ehitusviis, mis s\u00e4\u00e4stab t\u00f6\u00f6j\u00f5u- ja ehituskuludelt"},"content":{"rendered":"<p>Vundament | Sein | Vahelagi<\/p>\n<p><strong>Koolitus toimub:<\/strong><\/p>\n<p>15.09.2022 | Tartus, T\u00e4he 110 Huttoni ruumides.<br \/>\nKell 13:00-16:00<\/p>\n<p>Tegemist on tehnilise koolitusega, kus r\u00e4\u00e4gime ICF ja Plastbau ehituss\u00fcsteemide ehitustehnilisest toimivusest, kuidas ehitada ja milliseid v\u00f5imalusi pakub kaasaegne ehituss\u00fcsteem. K\u00e4sitletakse Isoteq ICF passiivmaja ja <strong>energias\u00e4\u00e4stlike ehituslahendusi.<\/strong><\/p>\n<p>Quad-Lock betoonmaja viimistlust\u00f6\u00f6de kvaliteet kestab kordades kauem, kui puit- ja plokkmajadel \u2013 m\u00f5rade ja pragude tekke oht on minimaalne.<\/p>\n<p><strong>Isoteq ICF tehnoloogia<\/strong> aitab ehitada soodsaid ja kiireid lintvundamendi- ja seinalahendusi.<\/p>\n<p><img loading=\"lazy\" decoding=\"async\" src=\"https:\/\/static.xx.fbcdn.net\/images\/emoji.php\/v9\/tba\/1.5\/16\/2705.png\" alt=\"\u2705\" width=\"16\" height=\"16\" \/> Kaks \u00fches ehitusviis: betoonisein ja soojustus samaaegselt.<br \/>\n<img loading=\"lazy\" decoding=\"async\" src=\"https:\/\/static.xx.fbcdn.net\/images\/emoji.php\/v9\/tba\/1.5\/16\/2705.png\" alt=\"\u2705\" width=\"16\" height=\"16\" \/> Quad-Lock ehituss\u00fcsteemist seinad ei vaja tuule- ega aurut\u00f5kke lisamaterjale.<br \/>\n<img loading=\"lazy\" decoding=\"async\" src=\"https:\/\/static.xx.fbcdn.net\/images\/emoji.php\/v9\/tba\/1.5\/16\/2705.png\" alt=\"\u2705\" width=\"16\" height=\"16\" \/> Kiire ja lihtne nagu lego klotsid. <strong>Ehitamine on selgeks \u00f5pitav l\u00fchikese aja (2 h) jooksul ja seda ka igal pereisal ehk mitteehitajal.<\/strong> IsoteQ ICF \u00fchekordne kivimaja v\u00f5tmed k\u00e4tte lahendus on v\u00f5imalik valmis saada 3 kuuga.<\/p>\n<p><strong>Plastbau tehnoloogia<\/strong> &#8211; betoonvahelae ehitamise tehnoloogia, mille abil ehitada monoliitbetoon vahelagesid \u2013 tekib konstruktiivne ribiplaat lagi v\u00f5i katus.<\/p>\n<p><img loading=\"lazy\" decoding=\"async\" src=\"https:\/\/static.xx.fbcdn.net\/images\/emoji.php\/v9\/taa\/1.5\/16\/1f449.png\" alt=\"????\" width=\"16\" height=\"16\" \/> K\u00f5ige kaasaegsem ja innovaatilisem viis ehitada energias\u00e4\u00e4stlikke kivimaju ja betoonvahelagesid.<\/p>\n<p><strong>Kellele on koolitus suunatud:<\/strong><\/p>\n<p>Ehitajatele, projekteerijatele, arhitektidele, ehitusjuhtidele, ehitusej\u00e4relevalve inseneridele ja k\u00f5igile neile, kellele antud teema huvi pakub.<\/p>\n<p><strong>Registreerimine:<\/strong><\/p>\n<p>Valige endale sobiv koolituse aeg ja koht <a href=\"https:\/\/hutton.ee\/koolitused\/\">https:\/\/hutton.ee\/koolitused\/<\/a> ning registreeruge e-poe kaudu. <strong>Kohtade arv on piiratud!<\/strong><\/p>\n<p><strong>Koolituse tasu<\/strong> 30 eur + KM \/osaleja kohta.<\/p>\n<p>Osalejatele tunnistused!<\/p>\n<p class=\"moz-signature\">&#8212;<\/p>\n<p>Koolitaja Margus Laats (IsoteQ Eesti-Soome m\u00fc\u00fcgijuht ja tehniline konsultant):<\/p>\n<p>+372 50 11 324<br \/>\nmargus.laats@hutton.ee<\/p>\n","protected":false},"excerpt":{"rendered":"<p>Vundament | Sein | Vahelagi Koolitus toimub: 15.09.2022 | Tartus, T\u00e4he 110 Huttoni ruumides. Kell 13:00-16:00 Tegemist on tehnilise koolitusega, kus r\u00e4\u00e4gime ICF ja Plastbau ehituss\u00fcsteemide ehitustehnilisest toimivusest, kuidas ehitada ja milliseid v\u00f5imalusi pakub kaasaegne ehituss\u00fcsteem. K\u00e4sitletakse Isoteq ICF passiivmaja ja energias\u00e4\u00e4stlike ehituslahendusi. Quad-Lock betoonmaja viimistlust\u00f6\u00f6de kvaliteet kestab kordades kauem, kui puit- ja plokkmajadel \u2013 [&hellip;]<\/p>\n","protected":false},"featured_media":16514,"template":"","meta":{"_gspb_post_css":"","_uf_show_specific_survey":0,"_uf_disable_surveys":false},"product_brand":[],"product_cat":[938],"product_tag":[],"filtrisusteem":[],"kvaliteediklass":[],"class_list":{"0":"post-16512","1":"product","2":"type-product","3":"status-publish","4":"has-post-thumbnail","6":"product_cat-koolitused","8":"first","9":"outofstock","10":"virtual","11":"taxable","12":"purchasable","13":"product-type-simple"},"yoast_head":"<!-- This site is optimized with the Yoast SEO Premium plugin v21.3 (Yoast SEO v27.3) - https:\/\/yoast.com\/product\/yoast-seo-premium-wordpress\/ -->\n<title>Tartu koolitus 15.09 (3h): Ehitusviis, mis s\u00e4\u00e4stab t\u00f6\u00f6j\u00f5u- ja ehituskuludelt - Hutton<\/title>\n<meta name=\"description\" content=\"Margus Laats koolitus: Ehitusviis, mis s\u00e4\u00e4stab t\u00f6\u00f6j\u00f5u- ja ehituskuludelt. Kaks \u00fches ehitusviis: betoonisein ja soojustus samaaegselt. Kiire, lihtne ja soodne. &gt;\" \/>\n<meta name=\"robots\" content=\"index, follow, max-snippet:-1, max-image-preview:large, max-video-preview:-1\" \/>\n<link rel=\"canonical\" href=\"https:\/\/hutton.ee\/toode\/tartu-koolitus-15-09-3h-ehitusviis-mis-saastab-toojou-ja-ehituskuludelt\/\" \/>\n<meta property=\"og:locale\" content=\"en_US\" \/>\n<meta property=\"og:type\" content=\"article\" \/>\n<meta property=\"og:title\" content=\"Tartu koolitus 15.09 (3h): Ehitusviis, mis s\u00e4\u00e4stab t\u00f6\u00f6j\u00f5u- ja ehituskuludelt - Hutton\" \/>\n<meta property=\"og:description\" content=\"Margus Laats koolitus: Ehitusviis, mis s\u00e4\u00e4stab t\u00f6\u00f6j\u00f5u- ja ehituskuludelt. Kaks \u00fches ehitusviis: betoonisein ja soojustus samaaegselt. Kiire, lihtne ja soodne. &gt;\" \/>\n<meta property=\"og:url\" content=\"https:\/\/hutton.ee\/toode\/tartu-koolitus-15-09-3h-ehitusviis-mis-saastab-toojou-ja-ehituskuludelt\/\" \/>\n<meta property=\"og:site_name\" content=\"Hutton\" \/>\n<meta property=\"article:publisher\" content=\"https:\/\/www.facebook.com\/huttoneesti\" \/>\n<meta property=\"article:modified_time\" content=\"2022-09-15T11:40:20+00:00\" \/>\n<meta property=\"og:image\" content=\"https:\/\/hutton.ee\/wp-content\/uploads\/2022\/08\/ICF-ja-Plastbau_650x650.jpg\" \/>\n\t<meta property=\"og:image:width\" content=\"650\" \/>\n\t<meta property=\"og:image:height\" content=\"650\" \/>\n\t<meta property=\"og:image:type\" content=\"image\/jpeg\" \/>\n<meta name=\"twitter:card\" content=\"summary_large_image\" \/>\n<meta name=\"twitter:title\" content=\"Tartu koolitus 15.09 (3h): Ehitusviis, mis s\u00e4\u00e4stab t\u00f6\u00f6j\u00f5u- ja ehituskuludelt - Hutton\" \/>\n<meta name=\"twitter:description\" content=\"Margus Laats koolitus: Ehitamiseviis, mis s\u00e4\u00e4stab t\u00f6\u00f6j\u00f5u- ja ehituskuludelt. Kaks \u00fches ehitusviis: betoonisein ja soojustus samaaegselt. Kiire, lihtne ja soodne\" \/>\n<meta name=\"twitter:label1\" content=\"Est. reading time\" \/>\n\t<meta name=\"twitter:data1\" content=\"2 minutes\" \/>\n<script type=\"application\/ld+json\" class=\"yoast-schema-graph\">{\"@context\":\"https:\\\/\\\/schema.org\",\"@graph\":[{\"@type\":\"WebPage\",\"@id\":\"https:\\\/\\\/hutton.ee\\\/toode\\\/tartu-koolitus-15-09-3h-ehitusviis-mis-saastab-toojou-ja-ehituskuludelt\\\/\",\"url\":\"https:\\\/\\\/hutton.ee\\\/toode\\\/tartu-koolitus-15-09-3h-ehitusviis-mis-saastab-toojou-ja-ehituskuludelt\\\/\",\"name\":\"Tartu koolitus 15.09 (3h): Ehitusviis, mis s\u00e4\u00e4stab t\u00f6\u00f6j\u00f5u- ja ehituskuludelt - Hutton\",\"isPartOf\":{\"@id\":\"https:\\\/\\\/hutton.ee\\\/#website\"},\"primaryImageOfPage\":{\"@id\":\"https:\\\/\\\/hutton.ee\\\/toode\\\/tartu-koolitus-15-09-3h-ehitusviis-mis-saastab-toojou-ja-ehituskuludelt\\\/#primaryimage\"},\"image\":{\"@id\":\"https:\\\/\\\/hutton.ee\\\/toode\\\/tartu-koolitus-15-09-3h-ehitusviis-mis-saastab-toojou-ja-ehituskuludelt\\\/#primaryimage\"},\"thumbnailUrl\":\"https:\\\/\\\/hutton.ee\\\/wp-content\\\/uploads\\\/2022\\\/08\\\/ICF-ja-Plastbau_650x650.jpg\",\"datePublished\":\"2022-08-24T08:11:28+00:00\",\"dateModified\":\"2022-09-15T11:40:20+00:00\",\"description\":\"Margus Laats koolitus: Ehitusviis, mis s\u00e4\u00e4stab t\u00f6\u00f6j\u00f5u- ja ehituskuludelt. Kaks \u00fches ehitusviis: betoonisein ja soojustus samaaegselt. Kiire, lihtne ja soodne. >\",\"breadcrumb\":{\"@id\":\"https:\\\/\\\/hutton.ee\\\/toode\\\/tartu-koolitus-15-09-3h-ehitusviis-mis-saastab-toojou-ja-ehituskuludelt\\\/#breadcrumb\"},\"inLanguage\":\"en-US\",\"potentialAction\":[{\"@type\":\"ReadAction\",\"target\":[\"https:\\\/\\\/hutton.ee\\\/toode\\\/tartu-koolitus-15-09-3h-ehitusviis-mis-saastab-toojou-ja-ehituskuludelt\\\/\"]}]},{\"@type\":\"ImageObject\",\"inLanguage\":\"en-US\",\"@id\":\"https:\\\/\\\/hutton.ee\\\/toode\\\/tartu-koolitus-15-09-3h-ehitusviis-mis-saastab-toojou-ja-ehituskuludelt\\\/#primaryimage\",\"url\":\"https:\\\/\\\/hutton.ee\\\/wp-content\\\/uploads\\\/2022\\\/08\\\/ICF-ja-Plastbau_650x650.jpg\",\"contentUrl\":\"https:\\\/\\\/hutton.ee\\\/wp-content\\\/uploads\\\/2022\\\/08\\\/ICF-ja-Plastbau_650x650.jpg\",\"width\":650,\"height\":650,\"caption\":\"Ehituskoolitus: ICF ja Plastbau\"},{\"@type\":\"BreadcrumbList\",\"@id\":\"https:\\\/\\\/hutton.ee\\\/toode\\\/tartu-koolitus-15-09-3h-ehitusviis-mis-saastab-toojou-ja-ehituskuludelt\\\/#breadcrumb\",\"itemListElement\":[{\"@type\":\"ListItem\",\"position\":1,\"name\":\"Avaleht\",\"item\":\"https:\\\/\\\/hutton.ee\\\/\"},{\"@type\":\"ListItem\",\"position\":2,\"name\":\"Shop\",\"item\":\"https:\\\/\\\/hutton.ee\\\/en\\\/shop\\\/\"},{\"@type\":\"ListItem\",\"position\":3,\"name\":\"Tartu koolitus 15.09 (3h): Ehitusviis, mis s\u00e4\u00e4stab t\u00f6\u00f6j\u00f5u- ja ehituskuludelt\"}]},{\"@type\":\"WebSite\",\"@id\":\"https:\\\/\\\/hutton.ee\\\/#website\",\"url\":\"https:\\\/\\\/hutton.ee\\\/\",\"name\":\"Hutton\",\"description\":\"Ajas kestvad ehituslahendused\",\"publisher\":{\"@id\":\"https:\\\/\\\/hutton.ee\\\/#organization\"},\"potentialAction\":[{\"@type\":\"SearchAction\",\"target\":{\"@type\":\"EntryPoint\",\"urlTemplate\":\"https:\\\/\\\/hutton.ee\\\/?s={search_term_string}\"},\"query-input\":{\"@type\":\"PropertyValueSpecification\",\"valueRequired\":true,\"valueName\":\"search_term_string\"}}],\"inLanguage\":\"en-US\"},{\"@type\":\"Organization\",\"@id\":\"https:\\\/\\\/hutton.ee\\\/#organization\",\"name\":\"Hutton - KATUS | SEIN | FASSAAD\",\"url\":\"https:\\\/\\\/hutton.ee\\\/\",\"logo\":{\"@type\":\"ImageObject\",\"inLanguage\":\"en-US\",\"@id\":\"https:\\\/\\\/hutton.ee\\\/#\\\/schema\\\/logo\\\/image\\\/\",\"url\":\"https:\\\/\\\/hutton.ee\\\/wp-content\\\/uploads\\\/2020\\\/07\\\/hutton-logo_uuendatud-01.png\",\"contentUrl\":\"https:\\\/\\\/hutton.ee\\\/wp-content\\\/uploads\\\/2020\\\/07\\\/hutton-logo_uuendatud-01.png\",\"width\":1064,\"height\":455,\"caption\":\"Hutton - KATUS | SEIN | FASSAAD\"},\"image\":{\"@id\":\"https:\\\/\\\/hutton.ee\\\/#\\\/schema\\\/logo\\\/image\\\/\"},\"sameAs\":[\"https:\\\/\\\/www.facebook.com\\\/huttoneesti\"]}]}<\/script>\n<!-- \/ Yoast SEO Premium plugin. -->","yoast_head_json":{"title":"Tartu koolitus 15.09 (3h): Ehitusviis, mis s\u00e4\u00e4stab t\u00f6\u00f6j\u00f5u- ja ehituskuludelt - Hutton","description":"Margus Laats koolitus: Ehitusviis, mis s\u00e4\u00e4stab t\u00f6\u00f6j\u00f5u- ja ehituskuludelt. Kaks \u00fches ehitusviis: betoonisein ja soojustus samaaegselt. Kiire, lihtne ja soodne. >","robots":{"index":"index","follow":"follow","max-snippet":"max-snippet:-1","max-image-preview":"max-image-preview:large","max-video-preview":"max-video-preview:-1"},"canonical":"https:\/\/hutton.ee\/toode\/tartu-koolitus-15-09-3h-ehitusviis-mis-saastab-toojou-ja-ehituskuludelt\/","og_locale":"en_US","og_type":"article","og_title":"Tartu koolitus 15.09 (3h): Ehitusviis, mis s\u00e4\u00e4stab t\u00f6\u00f6j\u00f5u- ja ehituskuludelt - Hutton","og_description":"Margus Laats koolitus: Ehitusviis, mis s\u00e4\u00e4stab t\u00f6\u00f6j\u00f5u- ja ehituskuludelt. Kaks \u00fches ehitusviis: betoonisein ja soojustus samaaegselt. Kiire, lihtne ja soodne. >","og_url":"https:\/\/hutton.ee\/toode\/tartu-koolitus-15-09-3h-ehitusviis-mis-saastab-toojou-ja-ehituskuludelt\/","og_site_name":"Hutton","article_publisher":"https:\/\/www.facebook.com\/huttoneesti","article_modified_time":"2022-09-15T11:40:20+00:00","og_image":[{"width":650,"height":650,"url":"https:\/\/hutton.ee\/wp-content\/uploads\/2022\/08\/ICF-ja-Plastbau_650x650.jpg","type":"image\/jpeg"}],"twitter_card":"summary_large_image","twitter_title":"Tartu koolitus 15.09 (3h): Ehitusviis, mis s\u00e4\u00e4stab t\u00f6\u00f6j\u00f5u- ja ehituskuludelt - Hutton","twitter_description":"Margus Laats koolitus: Ehitamiseviis, mis s\u00e4\u00e4stab t\u00f6\u00f6j\u00f5u- ja ehituskuludelt. Kaks \u00fches ehitusviis: betoonisein ja soojustus samaaegselt. Kiire, lihtne ja soodne","twitter_misc":{"Est. reading time":"2 minutes"},"schema":{"@context":"https:\/\/schema.org","@graph":[{"@type":"WebPage","@id":"https:\/\/hutton.ee\/toode\/tartu-koolitus-15-09-3h-ehitusviis-mis-saastab-toojou-ja-ehituskuludelt\/","url":"https:\/\/hutton.ee\/toode\/tartu-koolitus-15-09-3h-ehitusviis-mis-saastab-toojou-ja-ehituskuludelt\/","name":"Tartu koolitus 15.09 (3h): Ehitusviis, mis s\u00e4\u00e4stab t\u00f6\u00f6j\u00f5u- ja ehituskuludelt - Hutton","isPartOf":{"@id":"https:\/\/hutton.ee\/#website"},"primaryImageOfPage":{"@id":"https:\/\/hutton.ee\/toode\/tartu-koolitus-15-09-3h-ehitusviis-mis-saastab-toojou-ja-ehituskuludelt\/#primaryimage"},"image":{"@id":"https:\/\/hutton.ee\/toode\/tartu-koolitus-15-09-3h-ehitusviis-mis-saastab-toojou-ja-ehituskuludelt\/#primaryimage"},"thumbnailUrl":"https:\/\/hutton.ee\/wp-content\/uploads\/2022\/08\/ICF-ja-Plastbau_650x650.jpg","datePublished":"2022-08-24T08:11:28+00:00","dateModified":"2022-09-15T11:40:20+00:00","description":"Margus Laats koolitus: Ehitusviis, mis s\u00e4\u00e4stab t\u00f6\u00f6j\u00f5u- ja ehituskuludelt. Kaks \u00fches ehitusviis: betoonisein ja soojustus samaaegselt. Kiire, lihtne ja soodne. >","breadcrumb":{"@id":"https:\/\/hutton.ee\/toode\/tartu-koolitus-15-09-3h-ehitusviis-mis-saastab-toojou-ja-ehituskuludelt\/#breadcrumb"},"inLanguage":"en-US","potentialAction":[{"@type":"ReadAction","target":["https:\/\/hutton.ee\/toode\/tartu-koolitus-15-09-3h-ehitusviis-mis-saastab-toojou-ja-ehituskuludelt\/"]}]},{"@type":"ImageObject","inLanguage":"en-US","@id":"https:\/\/hutton.ee\/toode\/tartu-koolitus-15-09-3h-ehitusviis-mis-saastab-toojou-ja-ehituskuludelt\/#primaryimage","url":"https:\/\/hutton.ee\/wp-content\/uploads\/2022\/08\/ICF-ja-Plastbau_650x650.jpg","contentUrl":"https:\/\/hutton.ee\/wp-content\/uploads\/2022\/08\/ICF-ja-Plastbau_650x650.jpg","width":650,"height":650,"caption":"Ehituskoolitus: ICF ja Plastbau"},{"@type":"BreadcrumbList","@id":"https:\/\/hutton.ee\/toode\/tartu-koolitus-15-09-3h-ehitusviis-mis-saastab-toojou-ja-ehituskuludelt\/#breadcrumb","itemListElement":[{"@type":"ListItem","position":1,"name":"Avaleht","item":"https:\/\/hutton.ee\/"},{"@type":"ListItem","position":2,"name":"Shop","item":"https:\/\/hutton.ee\/en\/shop\/"},{"@type":"ListItem","position":3,"name":"Tartu koolitus 15.09 (3h): Ehitusviis, mis s\u00e4\u00e4stab t\u00f6\u00f6j\u00f5u- ja ehituskuludelt"}]},{"@type":"WebSite","@id":"https:\/\/hutton.ee\/#website","url":"https:\/\/hutton.ee\/","name":"Hutton","description":"Ajas kestvad ehituslahendused","publisher":{"@id":"https:\/\/hutton.ee\/#organization"},"potentialAction":[{"@type":"SearchAction","target":{"@type":"EntryPoint","urlTemplate":"https:\/\/hutton.ee\/?s={search_term_string}"},"query-input":{"@type":"PropertyValueSpecification","valueRequired":true,"valueName":"search_term_string"}}],"inLanguage":"en-US"},{"@type":"Organization","@id":"https:\/\/hutton.ee\/#organization","name":"Hutton - KATUS | SEIN | FASSAAD","url":"https:\/\/hutton.ee\/","logo":{"@type":"ImageObject","inLanguage":"en-US","@id":"https:\/\/hutton.ee\/#\/schema\/logo\/image\/","url":"https:\/\/hutton.ee\/wp-content\/uploads\/2020\/07\/hutton-logo_uuendatud-01.png","contentUrl":"https:\/\/hutton.ee\/wp-content\/uploads\/2020\/07\/hutton-logo_uuendatud-01.png","width":1064,"height":455,"caption":"Hutton - KATUS | SEIN | FASSAAD"},"image":{"@id":"https:\/\/hutton.ee\/#\/schema\/logo\/image\/"},"sameAs":["https:\/\/www.facebook.com\/huttoneesti"]}]}},"_links":{"self":[{"href":"https:\/\/hutton.ee\/en\/wp-json\/wp\/v2\/product\/16512","targetHints":{"allow":["GET"]}}],"collection":[{"href":"https:\/\/hutton.ee\/en\/wp-json\/wp\/v2\/product"}],"about":[{"href":"https:\/\/hutton.ee\/en\/wp-json\/wp\/v2\/types\/product"}],"wp:featuredmedia":[{"embeddable":true,"href":"https:\/\/hutton.ee\/en\/wp-json\/wp\/v2\/media\/16514"}],"wp:attachment":[{"href":"https:\/\/hutton.ee\/en\/wp-json\/wp\/v2\/media?parent=16512"}],"wp:term":[{"taxonomy":"product_brand","embeddable":true,"href":"https:\/\/hutton.ee\/en\/wp-json\/wp\/v2\/product_brand?post=16512"},{"taxonomy":"product_cat","embeddable":true,"href":"https:\/\/hutton.ee\/en\/wp-json\/wp\/v2\/product_cat?post=16512"},{"taxonomy":"product_tag","embeddable":true,"href":"https:\/\/hutton.ee\/en\/wp-json\/wp\/v2\/product_tag?post=16512"},{"taxonomy":"filtrisusteem","embeddable":true,"href":"https:\/\/hutton.ee\/en\/wp-json\/wp\/v2\/filtrisusteem?post=16512"},{"taxonomy":"kvaliteediklass","embeddable":true,"href":"https:\/\/hutton.ee\/en\/wp-json\/wp\/v2\/kvaliteediklass?post=16512"}],"curies":[{"name":"wp","href":"https:\/\/api.w.org\/{rel}","templated":true}]}}