{"id":16997,"date":"2022-09-30T08:46:12","date_gmt":"2022-09-30T08:46:12","guid":{"rendered":"https:\/\/hutton.ee\/?post_type=product&#038;p=16997"},"modified":"2023-02-28T12:19:44","modified_gmt":"2023-02-28T12:19:44","slug":"saaremaa-koolitus-20-10-5h-energiasaastlik-ehitamine-ehitusfuusika-ja-materjalitehnoloogiad","status":"publish","type":"product","link":"https:\/\/hutton.ee\/en\/toode\/saaremaa-koolitus-20-10-5h-energiasaastlik-ehitamine-ehitusfuusika-ja-materjalitehnoloogiad\/","title":{"rendered":"Saaremaa koolitus 20.10 (5h): Energias\u00e4\u00e4stlik ehitamine. Ehitusf\u00fc\u00fcsika ja materjalitehnoloogiad."},"content":{"rendered":"<p><strong>Koolitus toimub:<\/strong><\/p>\n<p>20.10.2022<br \/>\nSaaremaal Kuressaares Ajamaja konverentsiruumis aadressil:<br \/>\nTallinna tn.16, Kuressaare 93819<br \/>\nKell 10:00-15:00 (sisaldab kohvipause ja l\u00f5unat)<\/p>\n<p>Tegemist on tehnilise koolitusega, kus r\u00e4\u00e4gime energias\u00e4\u00e4stlikust ehitamisest, ehitusf\u00fc\u00fcsikast ja materjalitehnoloogiast. T\u00e4psemalt selgitame piirdetarindite niiskus- ja soojustehniliste toimivust ning ehitusf\u00fc\u00fcsika p\u00f5him\u00f5isteid l\u00e4htudes nende rakenduslikust k\u00fcljest. Lisaks k\u00e4sitletakse piirdetarindite ehitamisel kasutatavaid isoleerivaid materjale ja nende toimivust.<\/p>\n<p><strong>Koolituse teemad:<\/strong><\/p>\n<ul>\n<li>Aluskatted<\/li>\n<li>Tuulet\u00f5kked<\/li>\n<li>Aurut\u00f5kked<\/li>\n<li>Soojustusmaterjalid<\/li>\n<li>Ehitusteibid<\/li>\n<li>Aknateibid<\/li>\n<\/ul>\n<p><strong>Kellele on koolitus suunatud:<\/strong><\/p>\n<p>Ehitajatele, projekteerijatele, arhitektidele, ehitusjuhtidele, ehitusej\u00e4relevalve inseneridele ja k\u00f5igile neile, kellele antud teema huvi pakub.<\/p>\n<p><strong>Registreerimine:<\/strong><\/p>\n<p>Valige endale sobiv koolituse aeg ja koht <a href=\"https:\/\/hutton.ee\/koolitused\/\">https:\/\/hutton.ee\/koolitused\/<\/a> ning registreeruge e-poe kaudu. <strong>Kohtade arv on piiratud!<\/strong><\/p>\n<p><strong>Koolituse tasu<\/strong> 50 eur + KM \/osaleja kohta sisaldab ka kohvipause ja kerget l\u00f5unat.<\/p>\n<p>Osalejatele tunnistused!<\/p>\n<p class=\"moz-signature\">&#8212;<\/p>\n<p>Koolitaja:<br \/>\nMargus Laats<br \/>\n+372 50 11 324<br \/>\nmargus.laats@hutton.ee<\/p>\n","protected":false},"excerpt":{"rendered":"<p>Koolitus toimub: 20.10.2022 Saaremaal Kuressaares Ajamaja konverentsiruumis aadressil: Tallinna tn.16, Kuressaare 93819 Kell 10:00-15:00 (sisaldab kohvipause ja l\u00f5unat) Tegemist on tehnilise koolitusega, kus r\u00e4\u00e4gime energias\u00e4\u00e4stlikust ehitamisest, ehitusf\u00fc\u00fcsikast ja materjalitehnoloogiast. T\u00e4psemalt selgitame piirdetarindite niiskus- ja soojustehniliste toimivust ning ehitusf\u00fc\u00fcsika p\u00f5him\u00f5isteid l\u00e4htudes nende rakenduslikust k\u00fcljest. Lisaks k\u00e4sitletakse piirdetarindite ehitamisel kasutatavaid isoleerivaid materjale ja nende toimivust. Koolituse teemad: [&hellip;]<\/p>\n","protected":false},"featured_media":16999,"template":"","meta":{"_gspb_post_css":"","_uf_show_specific_survey":0,"_uf_disable_surveys":false},"product_brand":[],"product_cat":[938],"product_tag":[],"filtrisusteem":[],"kvaliteediklass":[],"class_list":{"0":"post-16997","1":"product","2":"type-product","3":"status-publish","4":"has-post-thumbnail","6":"product_cat-koolitused","8":"first","9":"outofstock","10":"virtual","11":"taxable","12":"purchasable","13":"product-type-simple"},"yoast_head":"<!-- This site is optimized with the Yoast SEO Premium plugin v21.3 (Yoast SEO v27.3) - https:\/\/yoast.com\/product\/yoast-seo-premium-wordpress\/ -->\n<title>Saaremaa koolitus 20.10 (5h): Energias\u00e4\u00e4stlik ehitamine. Ehitusf\u00fc\u00fcsika ja materjalitehnoloogiad. - Hutton<\/title>\n<meta name=\"description\" content=\"Margus Laats Saaremaa koolitus: Energias\u00e4\u00e4stlik ehitamine. Ehitusf\u00fc\u00fcsika ja materjalitehnoloogiad. Ehituskoolitus k\u00f5igile kellele huvi pakub. Registreeri kohe &gt;\" \/>\n<meta name=\"robots\" content=\"index, follow, max-snippet:-1, max-image-preview:large, max-video-preview:-1\" \/>\n<link rel=\"canonical\" href=\"https:\/\/hutton.ee\/toode\/saaremaa-koolitus-20-10-5h-energiasaastlik-ehitamine-ehitusfuusika-ja-materjalitehnoloogiad\/\" \/>\n<meta property=\"og:locale\" content=\"en_US\" \/>\n<meta property=\"og:type\" content=\"article\" \/>\n<meta property=\"og:title\" content=\"Saaremaa koolitus 20.10 (5h): Energias\u00e4\u00e4stlik ehitamine. Ehitusf\u00fc\u00fcsika ja materjalitehnoloogiad. - Hutton\" \/>\n<meta property=\"og:description\" content=\"Margus Laats Saaremaa koolitus: Energias\u00e4\u00e4stlik ehitamine. Ehitusf\u00fc\u00fcsika ja materjalitehnoloogiad. Ehituskoolitus k\u00f5igile kellele huvi pakub. Registreeri kohe &gt;\" \/>\n<meta property=\"og:url\" content=\"https:\/\/hutton.ee\/toode\/saaremaa-koolitus-20-10-5h-energiasaastlik-ehitamine-ehitusfuusika-ja-materjalitehnoloogiad\/\" \/>\n<meta property=\"og:site_name\" content=\"Hutton\" \/>\n<meta property=\"article:publisher\" content=\"https:\/\/www.facebook.com\/huttoneesti\" \/>\n<meta property=\"article:modified_time\" content=\"2023-02-28T12:19:44+00:00\" \/>\n<meta property=\"og:image\" content=\"https:\/\/hutton.ee\/wp-content\/uploads\/2022\/09\/5h-ehituskoolitus_650x650.jpg\" \/>\n\t<meta property=\"og:image:width\" content=\"650\" \/>\n\t<meta property=\"og:image:height\" content=\"650\" \/>\n\t<meta property=\"og:image:type\" content=\"image\/jpeg\" \/>\n<meta name=\"twitter:card\" content=\"summary_large_image\" \/>\n<meta name=\"twitter:title\" content=\"Saaremaa koolitus 20.10 (5h): Energias\u00e4\u00e4stlik ehitamine. Ehitusf\u00fc\u00fcsika ja materjalitehnoloogiad. - Hutton\" \/>\n<meta name=\"twitter:description\" content=\"Margus Laats Saaremaa koolitus: Energias\u00e4\u00e4stlik ehitamine. Ehitusf\u00fc\u00fcsika ja materjalitehnoloogiad. Ehituskoolitus k\u00f5igile kellele huvi pakub. Registreeri kohe &gt;\" \/>\n<meta name=\"twitter:label1\" content=\"Est. reading time\" \/>\n\t<meta name=\"twitter:data1\" content=\"1 minute\" \/>\n<script type=\"application\/ld+json\" class=\"yoast-schema-graph\">{\"@context\":\"https:\\\/\\\/schema.org\",\"@graph\":[{\"@type\":\"WebPage\",\"@id\":\"https:\\\/\\\/hutton.ee\\\/toode\\\/saaremaa-koolitus-20-10-5h-energiasaastlik-ehitamine-ehitusfuusika-ja-materjalitehnoloogiad\\\/\",\"url\":\"https:\\\/\\\/hutton.ee\\\/toode\\\/saaremaa-koolitus-20-10-5h-energiasaastlik-ehitamine-ehitusfuusika-ja-materjalitehnoloogiad\\\/\",\"name\":\"Saaremaa koolitus 20.10 (5h): Energias\u00e4\u00e4stlik ehitamine. Ehitusf\u00fc\u00fcsika ja materjalitehnoloogiad. - Hutton\",\"isPartOf\":{\"@id\":\"https:\\\/\\\/hutton.ee\\\/#website\"},\"primaryImageOfPage\":{\"@id\":\"https:\\\/\\\/hutton.ee\\\/toode\\\/saaremaa-koolitus-20-10-5h-energiasaastlik-ehitamine-ehitusfuusika-ja-materjalitehnoloogiad\\\/#primaryimage\"},\"image\":{\"@id\":\"https:\\\/\\\/hutton.ee\\\/toode\\\/saaremaa-koolitus-20-10-5h-energiasaastlik-ehitamine-ehitusfuusika-ja-materjalitehnoloogiad\\\/#primaryimage\"},\"thumbnailUrl\":\"https:\\\/\\\/hutton.ee\\\/wp-content\\\/uploads\\\/2022\\\/09\\\/5h-ehituskoolitus_650x650.jpg\",\"datePublished\":\"2022-09-30T08:46:12+00:00\",\"dateModified\":\"2023-02-28T12:19:44+00:00\",\"description\":\"Margus Laats Saaremaa koolitus: Energias\u00e4\u00e4stlik ehitamine. Ehitusf\u00fc\u00fcsika ja materjalitehnoloogiad. Ehituskoolitus k\u00f5igile kellele huvi pakub. Registreeri kohe >\",\"breadcrumb\":{\"@id\":\"https:\\\/\\\/hutton.ee\\\/toode\\\/saaremaa-koolitus-20-10-5h-energiasaastlik-ehitamine-ehitusfuusika-ja-materjalitehnoloogiad\\\/#breadcrumb\"},\"inLanguage\":\"en-US\",\"potentialAction\":[{\"@type\":\"ReadAction\",\"target\":[\"https:\\\/\\\/hutton.ee\\\/toode\\\/saaremaa-koolitus-20-10-5h-energiasaastlik-ehitamine-ehitusfuusika-ja-materjalitehnoloogiad\\\/\"]}]},{\"@type\":\"ImageObject\",\"inLanguage\":\"en-US\",\"@id\":\"https:\\\/\\\/hutton.ee\\\/toode\\\/saaremaa-koolitus-20-10-5h-energiasaastlik-ehitamine-ehitusfuusika-ja-materjalitehnoloogiad\\\/#primaryimage\",\"url\":\"https:\\\/\\\/hutton.ee\\\/wp-content\\\/uploads\\\/2022\\\/09\\\/5h-ehituskoolitus_650x650.jpg\",\"contentUrl\":\"https:\\\/\\\/hutton.ee\\\/wp-content\\\/uploads\\\/2022\\\/09\\\/5h-ehituskoolitus_650x650.jpg\",\"width\":650,\"height\":650,\"caption\":\"Ehituskoolitus: Ehitusf\u00fc\u00fcsika; materjalitehnoloogiad\"},{\"@type\":\"BreadcrumbList\",\"@id\":\"https:\\\/\\\/hutton.ee\\\/toode\\\/saaremaa-koolitus-20-10-5h-energiasaastlik-ehitamine-ehitusfuusika-ja-materjalitehnoloogiad\\\/#breadcrumb\",\"itemListElement\":[{\"@type\":\"ListItem\",\"position\":1,\"name\":\"Avaleht\",\"item\":\"https:\\\/\\\/hutton.ee\\\/\"},{\"@type\":\"ListItem\",\"position\":2,\"name\":\"Shop\",\"item\":\"https:\\\/\\\/hutton.ee\\\/en\\\/shop\\\/\"},{\"@type\":\"ListItem\",\"position\":3,\"name\":\"Saaremaa koolitus 20.10 (5h): Energias\u00e4\u00e4stlik ehitamine. Ehitusf\u00fc\u00fcsika ja materjalitehnoloogiad.\"}]},{\"@type\":\"WebSite\",\"@id\":\"https:\\\/\\\/hutton.ee\\\/#website\",\"url\":\"https:\\\/\\\/hutton.ee\\\/\",\"name\":\"Hutton\",\"description\":\"Ajas kestvad ehituslahendused\",\"publisher\":{\"@id\":\"https:\\\/\\\/hutton.ee\\\/#organization\"},\"potentialAction\":[{\"@type\":\"SearchAction\",\"target\":{\"@type\":\"EntryPoint\",\"urlTemplate\":\"https:\\\/\\\/hutton.ee\\\/?s={search_term_string}\"},\"query-input\":{\"@type\":\"PropertyValueSpecification\",\"valueRequired\":true,\"valueName\":\"search_term_string\"}}],\"inLanguage\":\"en-US\"},{\"@type\":\"Organization\",\"@id\":\"https:\\\/\\\/hutton.ee\\\/#organization\",\"name\":\"Hutton - KATUS | SEIN | FASSAAD\",\"url\":\"https:\\\/\\\/hutton.ee\\\/\",\"logo\":{\"@type\":\"ImageObject\",\"inLanguage\":\"en-US\",\"@id\":\"https:\\\/\\\/hutton.ee\\\/#\\\/schema\\\/logo\\\/image\\\/\",\"url\":\"https:\\\/\\\/hutton.ee\\\/wp-content\\\/uploads\\\/2020\\\/07\\\/hutton-logo_uuendatud-01.png\",\"contentUrl\":\"https:\\\/\\\/hutton.ee\\\/wp-content\\\/uploads\\\/2020\\\/07\\\/hutton-logo_uuendatud-01.png\",\"width\":1064,\"height\":455,\"caption\":\"Hutton - KATUS | SEIN | FASSAAD\"},\"image\":{\"@id\":\"https:\\\/\\\/hutton.ee\\\/#\\\/schema\\\/logo\\\/image\\\/\"},\"sameAs\":[\"https:\\\/\\\/www.facebook.com\\\/huttoneesti\"]}]}<\/script>\n<!-- \/ Yoast SEO Premium plugin. -->","yoast_head_json":{"title":"Saaremaa koolitus 20.10 (5h): Energias\u00e4\u00e4stlik ehitamine. Ehitusf\u00fc\u00fcsika ja materjalitehnoloogiad. - Hutton","description":"Margus Laats Saaremaa koolitus: Energias\u00e4\u00e4stlik ehitamine. Ehitusf\u00fc\u00fcsika ja materjalitehnoloogiad. Ehituskoolitus k\u00f5igile kellele huvi pakub. Registreeri kohe >","robots":{"index":"index","follow":"follow","max-snippet":"max-snippet:-1","max-image-preview":"max-image-preview:large","max-video-preview":"max-video-preview:-1"},"canonical":"https:\/\/hutton.ee\/toode\/saaremaa-koolitus-20-10-5h-energiasaastlik-ehitamine-ehitusfuusika-ja-materjalitehnoloogiad\/","og_locale":"en_US","og_type":"article","og_title":"Saaremaa koolitus 20.10 (5h): Energias\u00e4\u00e4stlik ehitamine. Ehitusf\u00fc\u00fcsika ja materjalitehnoloogiad. - Hutton","og_description":"Margus Laats Saaremaa koolitus: Energias\u00e4\u00e4stlik ehitamine. Ehitusf\u00fc\u00fcsika ja materjalitehnoloogiad. Ehituskoolitus k\u00f5igile kellele huvi pakub. Registreeri kohe >","og_url":"https:\/\/hutton.ee\/toode\/saaremaa-koolitus-20-10-5h-energiasaastlik-ehitamine-ehitusfuusika-ja-materjalitehnoloogiad\/","og_site_name":"Hutton","article_publisher":"https:\/\/www.facebook.com\/huttoneesti","article_modified_time":"2023-02-28T12:19:44+00:00","og_image":[{"width":650,"height":650,"url":"https:\/\/hutton.ee\/wp-content\/uploads\/2022\/09\/5h-ehituskoolitus_650x650.jpg","type":"image\/jpeg"}],"twitter_card":"summary_large_image","twitter_title":"Saaremaa koolitus 20.10 (5h): Energias\u00e4\u00e4stlik ehitamine. Ehitusf\u00fc\u00fcsika ja materjalitehnoloogiad. - Hutton","twitter_description":"Margus Laats Saaremaa koolitus: Energias\u00e4\u00e4stlik ehitamine. Ehitusf\u00fc\u00fcsika ja materjalitehnoloogiad. Ehituskoolitus k\u00f5igile kellele huvi pakub. Registreeri kohe >","twitter_misc":{"Est. reading time":"1 minute"},"schema":{"@context":"https:\/\/schema.org","@graph":[{"@type":"WebPage","@id":"https:\/\/hutton.ee\/toode\/saaremaa-koolitus-20-10-5h-energiasaastlik-ehitamine-ehitusfuusika-ja-materjalitehnoloogiad\/","url":"https:\/\/hutton.ee\/toode\/saaremaa-koolitus-20-10-5h-energiasaastlik-ehitamine-ehitusfuusika-ja-materjalitehnoloogiad\/","name":"Saaremaa koolitus 20.10 (5h): Energias\u00e4\u00e4stlik ehitamine. Ehitusf\u00fc\u00fcsika ja materjalitehnoloogiad. - Hutton","isPartOf":{"@id":"https:\/\/hutton.ee\/#website"},"primaryImageOfPage":{"@id":"https:\/\/hutton.ee\/toode\/saaremaa-koolitus-20-10-5h-energiasaastlik-ehitamine-ehitusfuusika-ja-materjalitehnoloogiad\/#primaryimage"},"image":{"@id":"https:\/\/hutton.ee\/toode\/saaremaa-koolitus-20-10-5h-energiasaastlik-ehitamine-ehitusfuusika-ja-materjalitehnoloogiad\/#primaryimage"},"thumbnailUrl":"https:\/\/hutton.ee\/wp-content\/uploads\/2022\/09\/5h-ehituskoolitus_650x650.jpg","datePublished":"2022-09-30T08:46:12+00:00","dateModified":"2023-02-28T12:19:44+00:00","description":"Margus Laats Saaremaa koolitus: Energias\u00e4\u00e4stlik ehitamine. Ehitusf\u00fc\u00fcsika ja materjalitehnoloogiad. Ehituskoolitus k\u00f5igile kellele huvi pakub. Registreeri kohe >","breadcrumb":{"@id":"https:\/\/hutton.ee\/toode\/saaremaa-koolitus-20-10-5h-energiasaastlik-ehitamine-ehitusfuusika-ja-materjalitehnoloogiad\/#breadcrumb"},"inLanguage":"en-US","potentialAction":[{"@type":"ReadAction","target":["https:\/\/hutton.ee\/toode\/saaremaa-koolitus-20-10-5h-energiasaastlik-ehitamine-ehitusfuusika-ja-materjalitehnoloogiad\/"]}]},{"@type":"ImageObject","inLanguage":"en-US","@id":"https:\/\/hutton.ee\/toode\/saaremaa-koolitus-20-10-5h-energiasaastlik-ehitamine-ehitusfuusika-ja-materjalitehnoloogiad\/#primaryimage","url":"https:\/\/hutton.ee\/wp-content\/uploads\/2022\/09\/5h-ehituskoolitus_650x650.jpg","contentUrl":"https:\/\/hutton.ee\/wp-content\/uploads\/2022\/09\/5h-ehituskoolitus_650x650.jpg","width":650,"height":650,"caption":"Ehituskoolitus: Ehitusf\u00fc\u00fcsika; materjalitehnoloogiad"},{"@type":"BreadcrumbList","@id":"https:\/\/hutton.ee\/toode\/saaremaa-koolitus-20-10-5h-energiasaastlik-ehitamine-ehitusfuusika-ja-materjalitehnoloogiad\/#breadcrumb","itemListElement":[{"@type":"ListItem","position":1,"name":"Avaleht","item":"https:\/\/hutton.ee\/"},{"@type":"ListItem","position":2,"name":"Shop","item":"https:\/\/hutton.ee\/en\/shop\/"},{"@type":"ListItem","position":3,"name":"Saaremaa koolitus 20.10 (5h): Energias\u00e4\u00e4stlik ehitamine. Ehitusf\u00fc\u00fcsika ja materjalitehnoloogiad."}]},{"@type":"WebSite","@id":"https:\/\/hutton.ee\/#website","url":"https:\/\/hutton.ee\/","name":"Hutton","description":"Ajas kestvad ehituslahendused","publisher":{"@id":"https:\/\/hutton.ee\/#organization"},"potentialAction":[{"@type":"SearchAction","target":{"@type":"EntryPoint","urlTemplate":"https:\/\/hutton.ee\/?s={search_term_string}"},"query-input":{"@type":"PropertyValueSpecification","valueRequired":true,"valueName":"search_term_string"}}],"inLanguage":"en-US"},{"@type":"Organization","@id":"https:\/\/hutton.ee\/#organization","name":"Hutton - KATUS | SEIN | FASSAAD","url":"https:\/\/hutton.ee\/","logo":{"@type":"ImageObject","inLanguage":"en-US","@id":"https:\/\/hutton.ee\/#\/schema\/logo\/image\/","url":"https:\/\/hutton.ee\/wp-content\/uploads\/2020\/07\/hutton-logo_uuendatud-01.png","contentUrl":"https:\/\/hutton.ee\/wp-content\/uploads\/2020\/07\/hutton-logo_uuendatud-01.png","width":1064,"height":455,"caption":"Hutton - KATUS | SEIN | FASSAAD"},"image":{"@id":"https:\/\/hutton.ee\/#\/schema\/logo\/image\/"},"sameAs":["https:\/\/www.facebook.com\/huttoneesti"]}]}},"_links":{"self":[{"href":"https:\/\/hutton.ee\/en\/wp-json\/wp\/v2\/product\/16997","targetHints":{"allow":["GET"]}}],"collection":[{"href":"https:\/\/hutton.ee\/en\/wp-json\/wp\/v2\/product"}],"about":[{"href":"https:\/\/hutton.ee\/en\/wp-json\/wp\/v2\/types\/product"}],"wp:featuredmedia":[{"embeddable":true,"href":"https:\/\/hutton.ee\/en\/wp-json\/wp\/v2\/media\/16999"}],"wp:attachment":[{"href":"https:\/\/hutton.ee\/en\/wp-json\/wp\/v2\/media?parent=16997"}],"wp:term":[{"taxonomy":"product_brand","embeddable":true,"href":"https:\/\/hutton.ee\/en\/wp-json\/wp\/v2\/product_brand?post=16997"},{"taxonomy":"product_cat","embeddable":true,"href":"https:\/\/hutton.ee\/en\/wp-json\/wp\/v2\/product_cat?post=16997"},{"taxonomy":"product_tag","embeddable":true,"href":"https:\/\/hutton.ee\/en\/wp-json\/wp\/v2\/product_tag?post=16997"},{"taxonomy":"filtrisusteem","embeddable":true,"href":"https:\/\/hutton.ee\/en\/wp-json\/wp\/v2\/filtrisusteem?post=16997"},{"taxonomy":"kvaliteediklass","embeddable":true,"href":"https:\/\/hutton.ee\/en\/wp-json\/wp\/v2\/kvaliteediklass?post=16997"}],"curies":[{"name":"wp","href":"https:\/\/api.w.org\/{rel}","templated":true}]}}