{"id":17039,"date":"2022-10-19T09:56:21","date_gmt":"2022-10-19T09:56:21","guid":{"rendered":"https:\/\/hutton.ee\/?post_type=product&#038;p=17039"},"modified":"2025-07-16T11:52:25","modified_gmt":"2025-07-16T11:52:25","slug":"klaasvill-knauf-naturoll-pro-039-100x1200x7700","status":"publish","type":"product","link":"https:\/\/hutton.ee\/en\/toode\/klaasvill-knauf-naturoll-pro-039-100x1200x7700\/","title":{"rendered":"Klaasvill KNAUF Naturoll Pro 039 100x1200x7700"},"content":{"rendered":"<p><strong>ECOSE\u00ae tehnoloogia<\/strong> abil valmistatud mineraalvillamatid <strong>klaasvill KNAUF Naturoll Pro 039<\/strong> 100x1200x7700\u00a0on m\u00f5eldud kasutamiseks tuulutatava voodriga v\u00e4lisseinte, kergete metall- v\u00f5i puits\u00f5restikseinte, aga ka s\u00f5restikp\u00f5randate ning kaldkatuste soojus- ja m\u00fcraisolatsiooniks.<\/p>\n<p>Kergs\u00f5restikuga v\u00e4lisseinte soojustamisel peab soojustus olema ruumi poolt kaetud aurut\u00f5kkekilega, mis aitab kaitsta soojustust niiskuse veeldumise eest. Kergv\u00e4lisseinte v\u00f5i tuulutatava voodri korral on soovitatav katta klaasvilla plaat tuulet\u00f5kkekihiga, et kaitsta soojustust l\u00e4bipuhumise eest.<\/p>\n<p>Metallkilppaneelide korral toimib aurut\u00f5kkena seina sisemine metallvooder. Materjali saab kasutada ka r\u00f5htsate struktuuride, n\u00e4iteks puidust s\u00f5restikp\u00f5randate ja ferm-v\u00f5i kergfermehitiste taladevahelisse ruumi paigaldatud soojus- ja m\u00fcraisolatsioonina. K\u00f5rge aurur\u00f5huga ruumide, n\u00e4iteks k\u00f5rge temperatuuri v\u00f5i suhtelise niiskusega ruumide kohal olevatesse p\u00f5randatesse paigaldamisel on vaja paigaldada aurut\u00f5kkekiht, mis kaitseb soojustust alalise niiskuse eest.<\/p>\n<p><strong>ECOSE\u00ae<\/strong> tehnoloogial p\u00f5hinevad Knauf klaasvilla tooted on 100% looduslikud. Need on valmistatud taaskasutatud klaasist, mille sideaine on naturaalne. Ei ole lisatud v\u00e4rvained, formaldeh\u00fc\u00fcde ega muid kemikaale.<\/p>\n<p><strong>Klaasvill KNAUF Naturoll Pro 039 100x1200x7700<\/strong>:<\/p>\n<p><strong>EELISED:<\/strong><\/p>\n<ul>\n<li>Suurep\u00e4rane soojustusmaterjal, millel on v\u00e4ga head soojuse ja m\u00fcra isoleerimise omadused.<\/li>\n<li>V\u00e4ga hea tulekindlus.<\/li>\n<li>V\u00e4ga hea kujup\u00fcsivus ja t\u00e4iuslik soojustusruumala t\u00e4ituvus, mis muudab soojustamise maksimaalseks, kuna kogu ala saab villaga t\u00e4idetud.<\/li>\n<li>Lihtne ja mugav paigaldus.<\/li>\n<li>Tihendatud pakendus lihtsustab materjali vedu.<\/li>\n<li>Suurendatud veet\u00f5rjuvus kogu mahu ulatuses ehk materjal ei m\u00e4rgu ega seo vett.<\/li>\n<\/ul>\n<p><strong>KASUTUSALAD:<\/strong><\/p>\n<p><img loading=\"lazy\" decoding=\"async\" class=\"size-medium wp-image-17386 alignleft\" src=\"https:\/\/hutton.ee\/wp-content\/uploads\/2022\/10\/039-paigalduslahendus-300x120.jpg\" alt=\"Naturoll 039 paigaldus lahendus\" width=\"300\" height=\"120\" srcset=\"https:\/\/hutton.ee\/wp-content\/uploads\/2022\/10\/039-paigalduslahendus-300x120.jpg 300w, https:\/\/hutton.ee\/wp-content\/uploads\/2022\/10\/039-paigalduslahendus-800x319.jpg 800w, https:\/\/hutton.ee\/wp-content\/uploads\/2022\/10\/039-paigalduslahendus-768x306.jpg 768w, https:\/\/hutton.ee\/wp-content\/uploads\/2022\/10\/039-paigalduslahendus-600x239.jpg 600w, https:\/\/hutton.ee\/wp-content\/uploads\/2022\/10\/039-paigalduslahendus.jpg 983w\" sizes=\"auto, (max-width: 300px) 100vw, 300px\" \/><\/p>\n<ul>\n<li>ehitiste korruste vahelaed<\/li>\n<li>p\u00f6\u00f6ningud<\/li>\n<li>kaldkatused<\/li>\n<li>p\u00f5randad<\/li>\n<li>siseseinad<\/li>\n<\/ul>\n<p>Sobib nii vertikaal kui ka horisontaal konstruktsioonile, 2-3% laiem kui paigaldusvahemik (ca 1cm laiem kui konstruktsiooni vahemaa).<\/p>\n<p><strong>ECOSE\u00ae tehnoloogia eelised:<\/strong><\/p>\n<ul>\n<li>Kordades nahas\u00f5bralikum, kuna ei sisalda v\u00e4rvaineid ega kemikaale.<\/li>\n<li>Ilma ebameeldiva l\u00f5hnata &#8211; l\u00f5hnatu.<\/li>\n<li>Kordades v\u00e4hem tolmav.<\/li>\n<li>Mugav l\u00f5igata, kuna materjal ei lagune ega pudene.<\/li>\n<li>100% naturaalne ja inims\u00f5bralik materjal.<\/li>\n<\/ul>\n<p>Antud klaasvilla toode tarnitakse rullidena (vt toote fotot).<\/p>\n<p>Loelisaks &#8220;<a href=\"https:\/\/knaufivill.ee\/katuse-soojustamine\/#kuidas-katust-soojustada\">Kuidas katust soojustada?<\/a>&#8221;<\/p>\n<p>Lisaks erinevat sorti soojustusmaterjalide m\u00fc\u00fcgile <strong>pakub Hutton ka puistevilla paigaldamise teenust<\/strong>. Rohkem infot <a href=\"https:\/\/hutton.ee\/puistevilla-paigaldamine\/\"><strong>Puistevilla paigaldamise lehel<\/strong><\/a>.<\/p>\n<p><strong>Tegutse targalt ning k\u00fcsi n\u00f5u asjatundjatelt &#8211; <a href=\"https:\/\/hutton.ee\/kontakt\/\">v\u00f5ta meiega \u00fchendust<\/a>!<\/strong><\/p>\n<p>Hutton<br \/>\nTehniline konsultant<br \/>\nMargus Laats<\/p>\n<p>\u2706 +372 50 11 324<br \/>\n\u2709 margus.laats@hutton.ee<\/p>\n","protected":false},"excerpt":{"rendered":"<p>1 rullis 9.24 m<sup>2 <\/sup>(0.92 m\u00b3)<br \/>\n<strong>1 m<sup>2<\/sup> hind = 3.79\u20ac (p\u00fcsikliendi hind 2.65\u20ac)+km<\/strong><\/p>\n<p><strong style=\"color: #e05252;\">TRANSPORT KOKKULEPPEL!<br \/>\n<\/strong>(V\u00f5tame Teiega ise \u00fchendust)<\/p>\n","protected":false},"featured_media":17047,"template":"","meta":{"_gspb_post_css":"","_uf_show_specific_survey":0,"_uf_disable_surveys":false},"product_brand":[],"product_cat":[986,1240,2915],"product_tag":[2893,1258],"filtrisusteem":[2471,2465,2460,2371,2468,2450,2457,2461,2455,2370,2449,2453],"kvaliteediklass":[],"class_list":{"0":"post-17039","1":"product","2":"type-product","3":"status-publish","4":"has-post-thumbnail","6":"product_cat-soojustus","7":"product_cat-klaasvill-soojustus","8":"product_cat-rullvill","9":"product_tag-1tk_block","10":"product_tag-ei_pakiautomaat","11":"filtrisusteem-2471","12":"filtrisusteem-100mm","13":"filtrisusteem-1200-2","14":"filtrisusteem-a1-2","15":"filtrisusteem-erisoojusjuhtivus-lamda","16":"filtrisusteem-klaasvill","17":"filtrisusteem-laius-rullis-2","18":"filtrisusteem-paksus-mm","19":"filtrisusteem-rullvill","20":"filtrisusteem-tuletundlikkus","21":"filtrisusteem-villa-liik","22":"filtrisusteem-villa-tuup","24":"first","25":"instock","26":"taxable","27":"shipping-taxable","28":"purchasable","29":"product-type-simple"},"yoast_head":"<!-- This site is optimized with the Yoast SEO Premium plugin v21.3 (Yoast SEO v27.5) - https:\/\/yoast.com\/product\/yoast-seo-premium-wordpress\/ -->\n<title>Klaasvill KNAUF Naturoll Pro 039 100x1200x7700 - Hutton<\/title>\n<meta name=\"description\" content=\"Klaasvill KNAUF Naturoll Pro 039 on parima hinnaga klaasvill Hutton e-poes! V\u00e4ga head isoleerimise omadused. Klaasvilla paigaldus - k\u00fcsi pakkumist!\" \/>\n<meta name=\"robots\" content=\"index, follow, max-snippet:-1, max-image-preview:large, max-video-preview:-1\" \/>\n<link rel=\"canonical\" href=\"https:\/\/hutton.ee\/toode\/klaasvill-knauf-naturoll-pro-039-100x1200x7700\/\" \/>\n<meta property=\"og:locale\" content=\"en_US\" \/>\n<meta property=\"og:type\" content=\"article\" \/>\n<meta property=\"og:title\" content=\"Klaasvill KNAUF Naturoll Pro 039 100x1200x7700 - Hutton\" \/>\n<meta property=\"og:description\" content=\"Klaasvill Knauf Parima hinnaga Huttoni e-poes! M\u00fc\u00fck ja info: \u2706 5096755 | \u2709 info@hutton.ee. Suurep\u00e4rased soojuse ja m\u00fcra isoleerimise omadused. Soodne hind -35%!\" \/>\n<meta property=\"og:url\" content=\"https:\/\/hutton.ee\/toode\/klaasvill-knauf-naturoll-pro-039-100x1200x7700\/\" \/>\n<meta property=\"og:site_name\" content=\"Hutton\" \/>\n<meta property=\"article:publisher\" content=\"https:\/\/www.facebook.com\/huttoneesti\" \/>\n<meta property=\"article:modified_time\" content=\"2025-07-16T11:52:25+00:00\" \/>\n<meta property=\"og:image\" content=\"https:\/\/hutton.ee\/wp-content\/uploads\/2022\/10\/Knauf-Insulation_1_650x650.jpg\" \/>\n\t<meta property=\"og:image:width\" content=\"650\" \/>\n\t<meta property=\"og:image:height\" content=\"650\" \/>\n\t<meta property=\"og:image:type\" content=\"image\/jpeg\" \/>\n<meta name=\"twitter:card\" content=\"summary_large_image\" \/>\n<meta name=\"twitter:title\" content=\"Klaasvill KNAUF Naturoll Pro 039 100x1200x7700 - Hutton\" \/>\n<meta name=\"twitter:description\" content=\"Klaasvill Knauf Parima hinnaga Huttoni e-poes! M\u00fc\u00fck ja info: \u2706 5096755 | \u2709 info@hutton.ee. Suurep\u00e4rased soojuse ja m\u00fcra isoleerimise omadused. Soodne hind -35%!\" \/>\n<meta name=\"twitter:label1\" content=\"Est. reading time\" \/>\n\t<meta name=\"twitter:data1\" content=\"3 minutes\" \/>\n<script type=\"application\/ld+json\" class=\"yoast-schema-graph\">{\"@context\":\"https:\\\/\\\/schema.org\",\"@graph\":[{\"@type\":\"WebPage\",\"@id\":\"https:\\\/\\\/hutton.ee\\\/toode\\\/klaasvill-knauf-naturoll-pro-039-100x1200x7700\\\/\",\"url\":\"https:\\\/\\\/hutton.ee\\\/toode\\\/klaasvill-knauf-naturoll-pro-039-100x1200x7700\\\/\",\"name\":\"Klaasvill KNAUF Naturoll Pro 039 100x1200x7700 - Hutton\",\"isPartOf\":{\"@id\":\"https:\\\/\\\/hutton.ee\\\/#website\"},\"primaryImageOfPage\":{\"@id\":\"https:\\\/\\\/hutton.ee\\\/toode\\\/klaasvill-knauf-naturoll-pro-039-100x1200x7700\\\/#primaryimage\"},\"image\":{\"@id\":\"https:\\\/\\\/hutton.ee\\\/toode\\\/klaasvill-knauf-naturoll-pro-039-100x1200x7700\\\/#primaryimage\"},\"thumbnailUrl\":\"https:\\\/\\\/hutton.ee\\\/wp-content\\\/uploads\\\/2022\\\/10\\\/Knauf-Insulation_1_650x650.jpg\",\"datePublished\":\"2022-10-19T09:56:21+00:00\",\"dateModified\":\"2025-07-16T11:52:25+00:00\",\"description\":\"Klaasvill KNAUF Naturoll Pro 039 on parima hinnaga klaasvill Hutton e-poes! V\u00e4ga head isoleerimise omadused. Klaasvilla paigaldus - k\u00fcsi pakkumist!\",\"breadcrumb\":{\"@id\":\"https:\\\/\\\/hutton.ee\\\/toode\\\/klaasvill-knauf-naturoll-pro-039-100x1200x7700\\\/#breadcrumb\"},\"inLanguage\":\"en-US\",\"potentialAction\":[{\"@type\":\"ReadAction\",\"target\":[\"https:\\\/\\\/hutton.ee\\\/toode\\\/klaasvill-knauf-naturoll-pro-039-100x1200x7700\\\/\"]}]},{\"@type\":\"ImageObject\",\"inLanguage\":\"en-US\",\"@id\":\"https:\\\/\\\/hutton.ee\\\/toode\\\/klaasvill-knauf-naturoll-pro-039-100x1200x7700\\\/#primaryimage\",\"url\":\"https:\\\/\\\/hutton.ee\\\/wp-content\\\/uploads\\\/2022\\\/10\\\/Knauf-Insulation_1_650x650.jpg\",\"contentUrl\":\"https:\\\/\\\/hutton.ee\\\/wp-content\\\/uploads\\\/2022\\\/10\\\/Knauf-Insulation_1_650x650.jpg\",\"width\":650,\"height\":650,\"caption\":\"Klaasvill KNAUF Naturoll Pro, klaasvilla paigaldus\"},{\"@type\":\"BreadcrumbList\",\"@id\":\"https:\\\/\\\/hutton.ee\\\/toode\\\/klaasvill-knauf-naturoll-pro-039-100x1200x7700\\\/#breadcrumb\",\"itemListElement\":[{\"@type\":\"ListItem\",\"position\":1,\"name\":\"Avaleht\",\"item\":\"https:\\\/\\\/hutton.ee\\\/\"},{\"@type\":\"ListItem\",\"position\":2,\"name\":\"Shop\",\"item\":\"https:\\\/\\\/hutton.ee\\\/en\\\/shop\\\/\"},{\"@type\":\"ListItem\",\"position\":3,\"name\":\"Klaasvill KNAUF Naturoll Pro 039 100x1200x7700\"}]},{\"@type\":\"WebSite\",\"@id\":\"https:\\\/\\\/hutton.ee\\\/#website\",\"url\":\"https:\\\/\\\/hutton.ee\\\/\",\"name\":\"Hutton\",\"description\":\"Ajas kestvad ehituslahendused\",\"publisher\":{\"@id\":\"https:\\\/\\\/hutton.ee\\\/#organization\"},\"potentialAction\":[{\"@type\":\"SearchAction\",\"target\":{\"@type\":\"EntryPoint\",\"urlTemplate\":\"https:\\\/\\\/hutton.ee\\\/?s={search_term_string}\"},\"query-input\":{\"@type\":\"PropertyValueSpecification\",\"valueRequired\":true,\"valueName\":\"search_term_string\"}}],\"inLanguage\":\"en-US\"},{\"@type\":\"Organization\",\"@id\":\"https:\\\/\\\/hutton.ee\\\/#organization\",\"name\":\"Hutton - KATUS | SEIN | FASSAAD\",\"url\":\"https:\\\/\\\/hutton.ee\\\/\",\"logo\":{\"@type\":\"ImageObject\",\"inLanguage\":\"en-US\",\"@id\":\"https:\\\/\\\/hutton.ee\\\/#\\\/schema\\\/logo\\\/image\\\/\",\"url\":\"https:\\\/\\\/hutton.ee\\\/wp-content\\\/uploads\\\/2020\\\/07\\\/hutton-logo_uuendatud-01.png\",\"contentUrl\":\"https:\\\/\\\/hutton.ee\\\/wp-content\\\/uploads\\\/2020\\\/07\\\/hutton-logo_uuendatud-01.png\",\"width\":1064,\"height\":455,\"caption\":\"Hutton - KATUS | SEIN | FASSAAD\"},\"image\":{\"@id\":\"https:\\\/\\\/hutton.ee\\\/#\\\/schema\\\/logo\\\/image\\\/\"},\"sameAs\":[\"https:\\\/\\\/www.facebook.com\\\/huttoneesti\"]}]}<\/script>\n<!-- \/ Yoast SEO Premium plugin. -->","yoast_head_json":{"title":"Klaasvill KNAUF Naturoll Pro 039 100x1200x7700 - Hutton","description":"Klaasvill KNAUF Naturoll Pro 039 on parima hinnaga klaasvill Hutton e-poes! V\u00e4ga head isoleerimise omadused. Klaasvilla paigaldus - k\u00fcsi pakkumist!","robots":{"index":"index","follow":"follow","max-snippet":"max-snippet:-1","max-image-preview":"max-image-preview:large","max-video-preview":"max-video-preview:-1"},"canonical":"https:\/\/hutton.ee\/toode\/klaasvill-knauf-naturoll-pro-039-100x1200x7700\/","og_locale":"en_US","og_type":"article","og_title":"Klaasvill KNAUF Naturoll Pro 039 100x1200x7700 - Hutton","og_description":"Klaasvill Knauf Parima hinnaga Huttoni e-poes! M\u00fc\u00fck ja info: \u2706 5096755 | \u2709 info@hutton.ee. Suurep\u00e4rased soojuse ja m\u00fcra isoleerimise omadused. Soodne hind -35%!","og_url":"https:\/\/hutton.ee\/toode\/klaasvill-knauf-naturoll-pro-039-100x1200x7700\/","og_site_name":"Hutton","article_publisher":"https:\/\/www.facebook.com\/huttoneesti","article_modified_time":"2025-07-16T11:52:25+00:00","og_image":[{"width":650,"height":650,"url":"https:\/\/hutton.ee\/wp-content\/uploads\/2022\/10\/Knauf-Insulation_1_650x650.jpg","type":"image\/jpeg"}],"twitter_card":"summary_large_image","twitter_title":"Klaasvill KNAUF Naturoll Pro 039 100x1200x7700 - Hutton","twitter_description":"Klaasvill Knauf Parima hinnaga Huttoni e-poes! M\u00fc\u00fck ja info: \u2706 5096755 | \u2709 info@hutton.ee. Suurep\u00e4rased soojuse ja m\u00fcra isoleerimise omadused. Soodne hind -35%!","twitter_misc":{"Est. reading time":"3 minutes"},"schema":{"@context":"https:\/\/schema.org","@graph":[{"@type":"WebPage","@id":"https:\/\/hutton.ee\/toode\/klaasvill-knauf-naturoll-pro-039-100x1200x7700\/","url":"https:\/\/hutton.ee\/toode\/klaasvill-knauf-naturoll-pro-039-100x1200x7700\/","name":"Klaasvill KNAUF Naturoll Pro 039 100x1200x7700 - Hutton","isPartOf":{"@id":"https:\/\/hutton.ee\/#website"},"primaryImageOfPage":{"@id":"https:\/\/hutton.ee\/toode\/klaasvill-knauf-naturoll-pro-039-100x1200x7700\/#primaryimage"},"image":{"@id":"https:\/\/hutton.ee\/toode\/klaasvill-knauf-naturoll-pro-039-100x1200x7700\/#primaryimage"},"thumbnailUrl":"https:\/\/hutton.ee\/wp-content\/uploads\/2022\/10\/Knauf-Insulation_1_650x650.jpg","datePublished":"2022-10-19T09:56:21+00:00","dateModified":"2025-07-16T11:52:25+00:00","description":"Klaasvill KNAUF Naturoll Pro 039 on parima hinnaga klaasvill Hutton e-poes! V\u00e4ga head isoleerimise omadused. Klaasvilla paigaldus - k\u00fcsi pakkumist!","breadcrumb":{"@id":"https:\/\/hutton.ee\/toode\/klaasvill-knauf-naturoll-pro-039-100x1200x7700\/#breadcrumb"},"inLanguage":"en-US","potentialAction":[{"@type":"ReadAction","target":["https:\/\/hutton.ee\/toode\/klaasvill-knauf-naturoll-pro-039-100x1200x7700\/"]}]},{"@type":"ImageObject","inLanguage":"en-US","@id":"https:\/\/hutton.ee\/toode\/klaasvill-knauf-naturoll-pro-039-100x1200x7700\/#primaryimage","url":"https:\/\/hutton.ee\/wp-content\/uploads\/2022\/10\/Knauf-Insulation_1_650x650.jpg","contentUrl":"https:\/\/hutton.ee\/wp-content\/uploads\/2022\/10\/Knauf-Insulation_1_650x650.jpg","width":650,"height":650,"caption":"Klaasvill KNAUF Naturoll Pro, klaasvilla paigaldus"},{"@type":"BreadcrumbList","@id":"https:\/\/hutton.ee\/toode\/klaasvill-knauf-naturoll-pro-039-100x1200x7700\/#breadcrumb","itemListElement":[{"@type":"ListItem","position":1,"name":"Avaleht","item":"https:\/\/hutton.ee\/"},{"@type":"ListItem","position":2,"name":"Shop","item":"https:\/\/hutton.ee\/en\/shop\/"},{"@type":"ListItem","position":3,"name":"Klaasvill KNAUF Naturoll Pro 039 100x1200x7700"}]},{"@type":"WebSite","@id":"https:\/\/hutton.ee\/#website","url":"https:\/\/hutton.ee\/","name":"Hutton","description":"Ajas kestvad ehituslahendused","publisher":{"@id":"https:\/\/hutton.ee\/#organization"},"potentialAction":[{"@type":"SearchAction","target":{"@type":"EntryPoint","urlTemplate":"https:\/\/hutton.ee\/?s={search_term_string}"},"query-input":{"@type":"PropertyValueSpecification","valueRequired":true,"valueName":"search_term_string"}}],"inLanguage":"en-US"},{"@type":"Organization","@id":"https:\/\/hutton.ee\/#organization","name":"Hutton - KATUS | SEIN | FASSAAD","url":"https:\/\/hutton.ee\/","logo":{"@type":"ImageObject","inLanguage":"en-US","@id":"https:\/\/hutton.ee\/#\/schema\/logo\/image\/","url":"https:\/\/hutton.ee\/wp-content\/uploads\/2020\/07\/hutton-logo_uuendatud-01.png","contentUrl":"https:\/\/hutton.ee\/wp-content\/uploads\/2020\/07\/hutton-logo_uuendatud-01.png","width":1064,"height":455,"caption":"Hutton - KATUS | SEIN | FASSAAD"},"image":{"@id":"https:\/\/hutton.ee\/#\/schema\/logo\/image\/"},"sameAs":["https:\/\/www.facebook.com\/huttoneesti"]}]}},"_links":{"self":[{"href":"https:\/\/hutton.ee\/en\/wp-json\/wp\/v2\/product\/17039","targetHints":{"allow":["GET"]}}],"collection":[{"href":"https:\/\/hutton.ee\/en\/wp-json\/wp\/v2\/product"}],"about":[{"href":"https:\/\/hutton.ee\/en\/wp-json\/wp\/v2\/types\/product"}],"wp:featuredmedia":[{"embeddable":true,"href":"https:\/\/hutton.ee\/en\/wp-json\/wp\/v2\/media\/17047"}],"wp:attachment":[{"href":"https:\/\/hutton.ee\/en\/wp-json\/wp\/v2\/media?parent=17039"}],"wp:term":[{"taxonomy":"product_brand","embeddable":true,"href":"https:\/\/hutton.ee\/en\/wp-json\/wp\/v2\/product_brand?post=17039"},{"taxonomy":"product_cat","embeddable":true,"href":"https:\/\/hutton.ee\/en\/wp-json\/wp\/v2\/product_cat?post=17039"},{"taxonomy":"product_tag","embeddable":true,"href":"https:\/\/hutton.ee\/en\/wp-json\/wp\/v2\/product_tag?post=17039"},{"taxonomy":"filtrisusteem","embeddable":true,"href":"https:\/\/hutton.ee\/en\/wp-json\/wp\/v2\/filtrisusteem?post=17039"},{"taxonomy":"kvaliteediklass","embeddable":true,"href":"https:\/\/hutton.ee\/en\/wp-json\/wp\/v2\/kvaliteediklass?post=17039"}],"curies":[{"name":"wp","href":"https:\/\/api.w.org\/{rel}","templated":true}]}}