{"id":17073,"date":"2022-10-21T08:40:37","date_gmt":"2022-10-21T08:40:37","guid":{"rendered":"https:\/\/hutton.ee\/?post_type=product&#038;p=17073"},"modified":"2025-07-16T12:00:26","modified_gmt":"2025-07-16T12:00:26","slug":"klaasvill-knauf-naturboard-037-100x565x1250","status":"publish","type":"product","link":"https:\/\/hutton.ee\/en\/toode\/klaasvill-knauf-naturboard-037-100x565x1250\/","title":{"rendered":"Klaasvill KNAUF Naturboard 037 100x565x1250"},"content":{"rendered":"<p><strong>ECOSE\u00ae tehnoloogia <\/strong>abil valmistatud <b>klaasvill Knauf Naturboard 037\u00a0<\/b>100x565x1250 plaadid on ette n\u00e4htud kasutamiseks tuulutatava voodriga seinte, kergvoodriga seinte (kilpseinad) soojus-ja m\u00fcraisolatsiooniks ning v\u00e4lisseinte soojustamiseks sisek\u00fcljele kinnitatud s\u00f5restiku abil.<\/p>\n<p>Klaasvill Naturboard 037 (TP 116) plaate saab kasutada ka talap\u00f5randate soojustusena. Tuulutatavate voodrite korral on soovitatav katta soojustusplaat tuulet\u00f5kkekihiga, et kaitsta soojustust l\u00e4bipuhumise eest.<\/p>\n<p>V\u00e4lisseinte soojustamisel peab pealispinna aurut\u00f5kkekiht olema paigaldatud ruumi sisemuse poole, et kaitsta seina niiskuse veeldumise eest.<\/p>\n<p>Metallkilppaneelide korral toimib aurut\u00f5kkena seina sisemine metallvooder. Materjali saab kasutada ka r\u00f5htsate struktuuride, n\u00e4iteks puidust s\u00f5restikp\u00f5randate ning ferm- v\u00f5i kergfermehitiste taladevahelisse ruumi paigaldatud soojus-ja m\u00fcraisolatsioonina. K\u00f5rge aurur\u00f5huga ruumide, n\u00e4iteks k\u00f5rge temperatuuri v\u00f5i suhtelise niiskusega ruumide kohal olevatesse p\u00f5randatesse paigaldamisel on vaja paigaldada aurut\u00f5kkekiht, mis kaitseb soojustust alalise niiskuse eest.<\/p>\n<p><strong>ECOSE\u00ae<\/strong> tehnoloogial p\u00f5hinevad Knauf klaasvilla tooted on 100% looduslikud. Taaskasutatud klaas, mille sideaine on naturaalne. Ei ole lisatud v\u00e4rvained, formaldeh\u00fc\u00fcde ega muid kemikaale, muutes selle ohutuks nii tervisele kui ka keskkonnale.<\/p>\n<h3><b>Klaasvill KNAUF Naturboard 037 100x565x1250<\/b><\/h3>\n<p><strong>EELISED:<\/strong><\/p>\n<ul>\n<li>Suurep\u00e4rane soojustusmaterjal, soojuse ja m\u00fcra isoleerimise omadused.<\/li>\n<li>V\u00e4ga hea tulekindlus.<\/li>\n<li>V\u00e4ga hea kujup\u00fcsivus ja t\u00e4iuslik soojustusruumala t\u00e4ituvus.<\/li>\n<li>Lihtne ja mugav paigaldus.<\/li>\n<li>Suurendatud veet\u00f5rjuvus kogu mahu ulatuses &#8211; ei m\u00e4rgu ega seo vett.<\/li>\n<\/ul>\n<p><strong>KASUTUSALAD:<\/strong><\/p>\n<p><img loading=\"lazy\" decoding=\"async\" src=\"https:\/\/hutton.ee\/wp-content\/uploads\/2022\/10\/037-paigalduslahendus-300x86.jpg\" alt=\"Naturboard 037 paigaldus lahendus\" width=\"300\" height=\"86\" \/><\/p>\n<ul>\n<li>ehitiste korruste vahelaed<\/li>\n<li>p\u00f6\u00f6ningud<\/li>\n<li>kaldkatused<\/li>\n<li>p\u00f5randad<\/li>\n<li>siseseinad<\/li>\n<\/ul>\n<p>Sobib nii vertikaal kui ka horisontaal konstruktsioonile, 2-3% laiem kui paigaldusvahemik (ca 1cm laiem kui konstruktsiooni vahemaa).<\/p>\n<p><strong>ECOSE\u00ae tehnoloogia eelised:<\/strong><\/p>\n<ul>\n<li>Kordades nahas\u00f5bralikum.<\/li>\n<li>Ilma ebameeldiva l\u00f5hnata &#8211; l\u00f5hnatu.<\/li>\n<li>Kordades v\u00e4hem tolmav.<\/li>\n<li>Mugav l\u00f5igata &#8211; ei lagune ega pudene.<\/li>\n<li>100% naturaalne ja inims\u00f5bralik materjal.<\/li>\n<\/ul>\n<p>Antud klaasvilla toode tarnitakse rullidena.<\/p>\n<p>Vaata lisaks\u00a0 &#8220;<a href=\"https:\/\/knaufivill.ee\/katuse-soojustamine\/#kuidas-katust-soojustada\">Kuidas katust soojustada?<\/a>&#8221;<\/p>\n<p><strong>Tegutse targalt ning k\u00fcsi n\u00f5u asjatundjatelt &#8211; <a href=\"https:\/\/hutton.ee\/kontakt\/\">v\u00f5ta meiega \u00fchendust<\/a>!<\/strong><\/p>\n<p>Hutton<br \/>\nTehniline konsultant<br \/>\nMargus Laats<\/p>\n<p>+372 50 11 324<br \/>\nmargus.laats@hutton.ee<\/p>\n","protected":false},"excerpt":{"rendered":"<p>1 pakis 5.65 m<sup>2 <\/sup>(0.57 m\u00b3)<br \/>\n<strong>1 m<sup>2<\/sup> hind = 4.60\u20ac (p\u00fcsikliendi hind 3.22\u20ac) +km<\/strong><\/p>\n<p><strong style=\"color: #e05252;\">TRANSPORT KOKKULEPPEL!<br \/>\n<\/strong>(V\u00f5tame Teiega ise \u00fchendust)<\/p>\n","protected":false},"featured_media":26758,"template":"","meta":{"_gspb_post_css":"","_uf_show_specific_survey":0,"_uf_disable_surveys":false},"product_brand":[],"product_cat":[986,1240,2914],"product_tag":[1258,1265],"filtrisusteem":[2469,2465,2459,2371,2468,2450,2457,2461,2456,2370,2449,2453],"kvaliteediklass":[],"class_list":{"0":"post-17073","1":"product","2":"type-product","3":"status-publish","4":"has-post-thumbnail","6":"product_cat-soojustus","7":"product_cat-klaasvill-soojustus","8":"product_cat-plaatvill","9":"product_tag-ei_pakiautomaat","10":"product_tag-kokkuleppel","11":"filtrisusteem-2469","12":"filtrisusteem-100mm","13":"filtrisusteem-2459","14":"filtrisusteem-a1-2","15":"filtrisusteem-erisoojusjuhtivus-lamda","16":"filtrisusteem-klaasvill","17":"filtrisusteem-laius-rullis-2","18":"filtrisusteem-paksus-mm","19":"filtrisusteem-plaatvill","20":"filtrisusteem-tuletundlikkus","21":"filtrisusteem-villa-liik","22":"filtrisusteem-villa-tuup","24":"first","25":"instock","26":"taxable","27":"shipping-taxable","28":"purchasable","29":"product-type-simple"},"yoast_head":"<!-- This site is optimized with the Yoast SEO Premium plugin v21.3 (Yoast SEO v27.5) - https:\/\/yoast.com\/product\/yoast-seo-premium-wordpress\/ -->\n<title>Klaasvill KNAUF Naturboard 037 100x565x1250 - Hutton<\/title>\n<meta name=\"description\" content=\"Klaasvill Knauf Naturboard 037 100x565x1250 parima hinnaga Hutton e-poes! Klaasvilla paigaldus! Suurep\u00e4rased soojuse ja m\u00fcra isoleerimise omadused.\" \/>\n<meta name=\"robots\" content=\"index, follow, max-snippet:-1, max-image-preview:large, max-video-preview:-1\" \/>\n<link rel=\"canonical\" href=\"https:\/\/hutton.ee\/toode\/klaasvill-knauf-naturboard-037-100x565x1250\/\" \/>\n<meta property=\"og:locale\" content=\"en_US\" \/>\n<meta property=\"og:type\" content=\"article\" \/>\n<meta property=\"og:title\" content=\"Klaasvill KNAUF Naturboard 037 100x565x1250 - Hutton\" \/>\n<meta property=\"og:description\" content=\"Klaasvill Knauf Parima hinnaga Huttoni e-poes! M\u00fc\u00fck ja info: \u2706 5096755 | \u2709 info@hutton.ee. Suurep\u00e4rased soojuse ja m\u00fcra isoleerimise omadused. Soodne hind -35%!\" \/>\n<meta property=\"og:url\" content=\"https:\/\/hutton.ee\/toode\/klaasvill-knauf-naturboard-037-100x565x1250\/\" \/>\n<meta property=\"og:site_name\" content=\"Hutton\" \/>\n<meta property=\"article:publisher\" content=\"https:\/\/www.facebook.com\/huttoneesti\" \/>\n<meta property=\"article:modified_time\" content=\"2025-07-16T12:00:26+00:00\" \/>\n<meta property=\"og:image\" content=\"https:\/\/hutton.ee\/wp-content\/uploads\/2024\/03\/Klaasvill-KNAUF-Naturboard.png\" \/>\n\t<meta property=\"og:image:width\" content=\"500\" \/>\n\t<meta property=\"og:image:height\" content=\"500\" \/>\n\t<meta property=\"og:image:type\" content=\"image\/png\" \/>\n<meta name=\"twitter:card\" content=\"summary_large_image\" \/>\n<meta name=\"twitter:title\" content=\"Klaasvill KNAUF Naturboard 037 100x565x1250 - Hutton\" \/>\n<meta name=\"twitter:description\" content=\"Klaasvill Knauf Parima hinnaga Huttoni e-poes! M\u00fc\u00fck ja info: \u2706 5096755 | \u2709 info@hutton.ee. Suurep\u00e4rased soojuse ja m\u00fcra isoleerimise omadused. Soodne hind -35%!\" \/>\n<meta name=\"twitter:label1\" content=\"Est. reading time\" \/>\n\t<meta name=\"twitter:data1\" content=\"2 minutes\" \/>\n<script type=\"application\/ld+json\" class=\"yoast-schema-graph\">{\"@context\":\"https:\\\/\\\/schema.org\",\"@graph\":[{\"@type\":\"WebPage\",\"@id\":\"https:\\\/\\\/hutton.ee\\\/toode\\\/klaasvill-knauf-naturboard-037-100x565x1250\\\/\",\"url\":\"https:\\\/\\\/hutton.ee\\\/toode\\\/klaasvill-knauf-naturboard-037-100x565x1250\\\/\",\"name\":\"Klaasvill KNAUF Naturboard 037 100x565x1250 - Hutton\",\"isPartOf\":{\"@id\":\"https:\\\/\\\/hutton.ee\\\/#website\"},\"primaryImageOfPage\":{\"@id\":\"https:\\\/\\\/hutton.ee\\\/toode\\\/klaasvill-knauf-naturboard-037-100x565x1250\\\/#primaryimage\"},\"image\":{\"@id\":\"https:\\\/\\\/hutton.ee\\\/toode\\\/klaasvill-knauf-naturboard-037-100x565x1250\\\/#primaryimage\"},\"thumbnailUrl\":\"https:\\\/\\\/hutton.ee\\\/wp-content\\\/uploads\\\/2024\\\/03\\\/Klaasvill-KNAUF-Naturboard.png\",\"datePublished\":\"2022-10-21T08:40:37+00:00\",\"dateModified\":\"2025-07-16T12:00:26+00:00\",\"description\":\"Klaasvill Knauf Naturboard 037 100x565x1250 parima hinnaga Hutton e-poes! Klaasvilla paigaldus! Suurep\u00e4rased soojuse ja m\u00fcra isoleerimise omadused.\",\"breadcrumb\":{\"@id\":\"https:\\\/\\\/hutton.ee\\\/toode\\\/klaasvill-knauf-naturboard-037-100x565x1250\\\/#breadcrumb\"},\"inLanguage\":\"en-US\",\"potentialAction\":[{\"@type\":\"ReadAction\",\"target\":[\"https:\\\/\\\/hutton.ee\\\/toode\\\/klaasvill-knauf-naturboard-037-100x565x1250\\\/\"]}]},{\"@type\":\"ImageObject\",\"inLanguage\":\"en-US\",\"@id\":\"https:\\\/\\\/hutton.ee\\\/toode\\\/klaasvill-knauf-naturboard-037-100x565x1250\\\/#primaryimage\",\"url\":\"https:\\\/\\\/hutton.ee\\\/wp-content\\\/uploads\\\/2024\\\/03\\\/Klaasvill-KNAUF-Naturboard.png\",\"contentUrl\":\"https:\\\/\\\/hutton.ee\\\/wp-content\\\/uploads\\\/2024\\\/03\\\/Klaasvill-KNAUF-Naturboard.png\",\"width\":500,\"height\":500,\"caption\":\"Klaasvill KNAUF Naturboard\"},{\"@type\":\"BreadcrumbList\",\"@id\":\"https:\\\/\\\/hutton.ee\\\/toode\\\/klaasvill-knauf-naturboard-037-100x565x1250\\\/#breadcrumb\",\"itemListElement\":[{\"@type\":\"ListItem\",\"position\":1,\"name\":\"Avaleht\",\"item\":\"https:\\\/\\\/hutton.ee\\\/\"},{\"@type\":\"ListItem\",\"position\":2,\"name\":\"Shop\",\"item\":\"https:\\\/\\\/hutton.ee\\\/en\\\/shop\\\/\"},{\"@type\":\"ListItem\",\"position\":3,\"name\":\"Klaasvill KNAUF Naturboard 037 100x565x1250\"}]},{\"@type\":\"WebSite\",\"@id\":\"https:\\\/\\\/hutton.ee\\\/#website\",\"url\":\"https:\\\/\\\/hutton.ee\\\/\",\"name\":\"Hutton\",\"description\":\"Ajas kestvad ehituslahendused\",\"publisher\":{\"@id\":\"https:\\\/\\\/hutton.ee\\\/#organization\"},\"potentialAction\":[{\"@type\":\"SearchAction\",\"target\":{\"@type\":\"EntryPoint\",\"urlTemplate\":\"https:\\\/\\\/hutton.ee\\\/?s={search_term_string}\"},\"query-input\":{\"@type\":\"PropertyValueSpecification\",\"valueRequired\":true,\"valueName\":\"search_term_string\"}}],\"inLanguage\":\"en-US\"},{\"@type\":\"Organization\",\"@id\":\"https:\\\/\\\/hutton.ee\\\/#organization\",\"name\":\"Hutton - KATUS | SEIN | FASSAAD\",\"url\":\"https:\\\/\\\/hutton.ee\\\/\",\"logo\":{\"@type\":\"ImageObject\",\"inLanguage\":\"en-US\",\"@id\":\"https:\\\/\\\/hutton.ee\\\/#\\\/schema\\\/logo\\\/image\\\/\",\"url\":\"https:\\\/\\\/hutton.ee\\\/wp-content\\\/uploads\\\/2020\\\/07\\\/hutton-logo_uuendatud-01.png\",\"contentUrl\":\"https:\\\/\\\/hutton.ee\\\/wp-content\\\/uploads\\\/2020\\\/07\\\/hutton-logo_uuendatud-01.png\",\"width\":1064,\"height\":455,\"caption\":\"Hutton - KATUS | SEIN | FASSAAD\"},\"image\":{\"@id\":\"https:\\\/\\\/hutton.ee\\\/#\\\/schema\\\/logo\\\/image\\\/\"},\"sameAs\":[\"https:\\\/\\\/www.facebook.com\\\/huttoneesti\"]}]}<\/script>\n<!-- \/ Yoast SEO Premium plugin. -->","yoast_head_json":{"title":"Klaasvill KNAUF Naturboard 037 100x565x1250 - Hutton","description":"Klaasvill Knauf Naturboard 037 100x565x1250 parima hinnaga Hutton e-poes! Klaasvilla paigaldus! Suurep\u00e4rased soojuse ja m\u00fcra isoleerimise omadused.","robots":{"index":"index","follow":"follow","max-snippet":"max-snippet:-1","max-image-preview":"max-image-preview:large","max-video-preview":"max-video-preview:-1"},"canonical":"https:\/\/hutton.ee\/toode\/klaasvill-knauf-naturboard-037-100x565x1250\/","og_locale":"en_US","og_type":"article","og_title":"Klaasvill KNAUF Naturboard 037 100x565x1250 - Hutton","og_description":"Klaasvill Knauf Parima hinnaga Huttoni e-poes! M\u00fc\u00fck ja info: \u2706 5096755 | \u2709 info@hutton.ee. Suurep\u00e4rased soojuse ja m\u00fcra isoleerimise omadused. Soodne hind -35%!","og_url":"https:\/\/hutton.ee\/toode\/klaasvill-knauf-naturboard-037-100x565x1250\/","og_site_name":"Hutton","article_publisher":"https:\/\/www.facebook.com\/huttoneesti","article_modified_time":"2025-07-16T12:00:26+00:00","og_image":[{"width":500,"height":500,"url":"https:\/\/hutton.ee\/wp-content\/uploads\/2024\/03\/Klaasvill-KNAUF-Naturboard.png","type":"image\/png"}],"twitter_card":"summary_large_image","twitter_title":"Klaasvill KNAUF Naturboard 037 100x565x1250 - Hutton","twitter_description":"Klaasvill Knauf Parima hinnaga Huttoni e-poes! M\u00fc\u00fck ja info: \u2706 5096755 | \u2709 info@hutton.ee. Suurep\u00e4rased soojuse ja m\u00fcra isoleerimise omadused. Soodne hind -35%!","twitter_misc":{"Est. reading time":"2 minutes"},"schema":{"@context":"https:\/\/schema.org","@graph":[{"@type":"WebPage","@id":"https:\/\/hutton.ee\/toode\/klaasvill-knauf-naturboard-037-100x565x1250\/","url":"https:\/\/hutton.ee\/toode\/klaasvill-knauf-naturboard-037-100x565x1250\/","name":"Klaasvill KNAUF Naturboard 037 100x565x1250 - Hutton","isPartOf":{"@id":"https:\/\/hutton.ee\/#website"},"primaryImageOfPage":{"@id":"https:\/\/hutton.ee\/toode\/klaasvill-knauf-naturboard-037-100x565x1250\/#primaryimage"},"image":{"@id":"https:\/\/hutton.ee\/toode\/klaasvill-knauf-naturboard-037-100x565x1250\/#primaryimage"},"thumbnailUrl":"https:\/\/hutton.ee\/wp-content\/uploads\/2024\/03\/Klaasvill-KNAUF-Naturboard.png","datePublished":"2022-10-21T08:40:37+00:00","dateModified":"2025-07-16T12:00:26+00:00","description":"Klaasvill Knauf Naturboard 037 100x565x1250 parima hinnaga Hutton e-poes! Klaasvilla paigaldus! Suurep\u00e4rased soojuse ja m\u00fcra isoleerimise omadused.","breadcrumb":{"@id":"https:\/\/hutton.ee\/toode\/klaasvill-knauf-naturboard-037-100x565x1250\/#breadcrumb"},"inLanguage":"en-US","potentialAction":[{"@type":"ReadAction","target":["https:\/\/hutton.ee\/toode\/klaasvill-knauf-naturboard-037-100x565x1250\/"]}]},{"@type":"ImageObject","inLanguage":"en-US","@id":"https:\/\/hutton.ee\/toode\/klaasvill-knauf-naturboard-037-100x565x1250\/#primaryimage","url":"https:\/\/hutton.ee\/wp-content\/uploads\/2024\/03\/Klaasvill-KNAUF-Naturboard.png","contentUrl":"https:\/\/hutton.ee\/wp-content\/uploads\/2024\/03\/Klaasvill-KNAUF-Naturboard.png","width":500,"height":500,"caption":"Klaasvill KNAUF Naturboard"},{"@type":"BreadcrumbList","@id":"https:\/\/hutton.ee\/toode\/klaasvill-knauf-naturboard-037-100x565x1250\/#breadcrumb","itemListElement":[{"@type":"ListItem","position":1,"name":"Avaleht","item":"https:\/\/hutton.ee\/"},{"@type":"ListItem","position":2,"name":"Shop","item":"https:\/\/hutton.ee\/en\/shop\/"},{"@type":"ListItem","position":3,"name":"Klaasvill KNAUF Naturboard 037 100x565x1250"}]},{"@type":"WebSite","@id":"https:\/\/hutton.ee\/#website","url":"https:\/\/hutton.ee\/","name":"Hutton","description":"Ajas kestvad ehituslahendused","publisher":{"@id":"https:\/\/hutton.ee\/#organization"},"potentialAction":[{"@type":"SearchAction","target":{"@type":"EntryPoint","urlTemplate":"https:\/\/hutton.ee\/?s={search_term_string}"},"query-input":{"@type":"PropertyValueSpecification","valueRequired":true,"valueName":"search_term_string"}}],"inLanguage":"en-US"},{"@type":"Organization","@id":"https:\/\/hutton.ee\/#organization","name":"Hutton - KATUS | SEIN | FASSAAD","url":"https:\/\/hutton.ee\/","logo":{"@type":"ImageObject","inLanguage":"en-US","@id":"https:\/\/hutton.ee\/#\/schema\/logo\/image\/","url":"https:\/\/hutton.ee\/wp-content\/uploads\/2020\/07\/hutton-logo_uuendatud-01.png","contentUrl":"https:\/\/hutton.ee\/wp-content\/uploads\/2020\/07\/hutton-logo_uuendatud-01.png","width":1064,"height":455,"caption":"Hutton - KATUS | SEIN | FASSAAD"},"image":{"@id":"https:\/\/hutton.ee\/#\/schema\/logo\/image\/"},"sameAs":["https:\/\/www.facebook.com\/huttoneesti"]}]}},"_links":{"self":[{"href":"https:\/\/hutton.ee\/en\/wp-json\/wp\/v2\/product\/17073","targetHints":{"allow":["GET"]}}],"collection":[{"href":"https:\/\/hutton.ee\/en\/wp-json\/wp\/v2\/product"}],"about":[{"href":"https:\/\/hutton.ee\/en\/wp-json\/wp\/v2\/types\/product"}],"wp:featuredmedia":[{"embeddable":true,"href":"https:\/\/hutton.ee\/en\/wp-json\/wp\/v2\/media\/26758"}],"wp:attachment":[{"href":"https:\/\/hutton.ee\/en\/wp-json\/wp\/v2\/media?parent=17073"}],"wp:term":[{"taxonomy":"product_brand","embeddable":true,"href":"https:\/\/hutton.ee\/en\/wp-json\/wp\/v2\/product_brand?post=17073"},{"taxonomy":"product_cat","embeddable":true,"href":"https:\/\/hutton.ee\/en\/wp-json\/wp\/v2\/product_cat?post=17073"},{"taxonomy":"product_tag","embeddable":true,"href":"https:\/\/hutton.ee\/en\/wp-json\/wp\/v2\/product_tag?post=17073"},{"taxonomy":"filtrisusteem","embeddable":true,"href":"https:\/\/hutton.ee\/en\/wp-json\/wp\/v2\/filtrisusteem?post=17073"},{"taxonomy":"kvaliteediklass","embeddable":true,"href":"https:\/\/hutton.ee\/en\/wp-json\/wp\/v2\/kvaliteediklass?post=17073"}],"curies":[{"name":"wp","href":"https:\/\/api.w.org\/{rel}","templated":true}]}}