{"id":17077,"date":"2022-10-21T09:28:55","date_gmt":"2022-10-21T09:28:55","guid":{"rendered":"https:\/\/hutton.ee\/?post_type=product&#038;p=17077"},"modified":"2025-07-16T11:52:25","modified_gmt":"2025-07-16T11:52:25","slug":"klaasvill-knauf-unifit-037-100x1200x6100","status":"publish","type":"product","link":"https:\/\/hutton.ee\/en\/toode\/klaasvill-knauf-unifit-037-100x1200x6100\/","title":{"rendered":"Klaasvill KNAUF Unifit 037 100x1200x6100"},"content":{"rendered":"<p><strong>ECOSE\u00ae tehnoloogia <\/strong>abil valmistatud <strong>klaasvill KNAUF Unifit 037<\/strong> 100x1200x6100 on ette n\u00e4htud kaldkatuste soojustamiseks. Need paigaldatakse sarikatevahelisse ruumi, aga ka t\u00e4iendava soojustusena sarikate alla. Kogu sarikatevahelise ruumi klaasvillaga t\u00e4itmise v\u00f5imalus oleneb kasutatavast katusekatte t\u00fc\u00fcbist. T\u00e4iendav teine v\u00f5i isegi kolmas soojustuskiht paigaldatakse harilikult sarikate alla kinnitatud t\u00e4iendava teras- v\u00f5i puits\u00f5restiku roovide ja ristroovide vahele.<\/p>\n<p>Soojustuse piisav kaitse v\u00e4lise niiskuse eest tagatakse korralikult paigaldatud katusekattega, aga ka t\u00e4iendava veekindla kihiga, mida tuntakse ka tuulet\u00f5kkekihina. Kaitse sisemise niiskuse vastu tagatakse katusestruktuuri kihtide \u00f5ige j\u00e4rjestusega, mis kindlustavad, et aurutakistus v\u00e4heneb seestpoolt v\u00e4ljapoole.<\/p>\n<p>K\u00f5rgema temperatuuri v\u00f5i suhtelise niiskusega ruumidesse peab olema paigaldatud aurut\u00f5kke kile, eriti juhul, kui katusekatte all on tuulutuspilu; muudel juhtudel on aurut\u00f5kke kile paigaldamine soovituslik.<\/p>\n<p>Ruumide sisemine vooderdus v\u00f5ib olla valmistatud kipsplaatidest, puidust v\u00f5i muudest selliste ruumide viimistlemiseks sobivatest materjalidest. Mineraalvilla suurendatud j\u00e4ikuse t\u00f5ttu vajab mattide sarikate vahele paigaldamine vaid kerget vajutamist. Villale kantud m\u00e4rgised aitavad materjali n\u00f5utava suuruse m\u00e4rkimist ja lihtsustavad lahtil\u00f5ikamist.<\/p>\n<p><strong>ECOSE\u00ae<\/strong> tehnoloogial p\u00f5hinevad Knauf klaasvilla tooted on 100% looduslikud. Taaskasutatud klaas, mille sideaine on naturaalne. Ei ole lisatud v\u00e4rvained, formaldeh\u00fc\u00fcde ega muud keemiat.<\/p>\n<p><strong>Klaasvill KNAUF Unifit 037 100x1200x6100<\/strong>:<\/p>\n<p><strong>EELISED:<\/strong><\/p>\n<ul>\n<li>Tiheda struktuuriga, ei vaja n\u00f6\u00f6rimist. Tunduvalt v\u00e4iksem materiali kulu.<\/li>\n<li>Suurep\u00e4rane soojustusmaterjal, soojuse ja m\u00fcra isoleerimise omadused.<\/li>\n<li>V\u00e4ga hea tulekindlus.<\/li>\n<li>V\u00e4ga hea kujup\u00fcsivus ja t\u00e4iuslik soojustusruumala t\u00e4ituvus.<\/li>\n<li>Lihtne ja mugav paigaldus.<\/li>\n<li>L\u00f5ikamist lihtsustavad erim\u00e4rgised.<\/li>\n<li>Tihendatud pakendus lihtsustab vedu.<\/li>\n<li>Suurendatud veet\u00f5rjuvus kogu mahu ulatuses &#8211; ei m\u00e4rgu ega seo vett.<\/li>\n<\/ul>\n<p><strong>KASUTUSALAD:<\/strong><\/p>\n<p><img loading=\"lazy\" decoding=\"async\" class=\"size-medium wp-image-17080 alignleft\" src=\"https:\/\/hutton.ee\/wp-content\/uploads\/2022\/10\/Unifit-037-paigalduslahendus-300x86.jpg\" alt=\"Unifit 037 paigaldus lahendus\" width=\"300\" height=\"86\" srcset=\"https:\/\/hutton.ee\/wp-content\/uploads\/2022\/10\/Unifit-037-paigalduslahendus-300x86.jpg 300w, https:\/\/hutton.ee\/wp-content\/uploads\/2022\/10\/Unifit-037-paigalduslahendus-800x231.jpg 800w, https:\/\/hutton.ee\/wp-content\/uploads\/2022\/10\/Unifit-037-paigalduslahendus-1024x295.jpg 1024w, https:\/\/hutton.ee\/wp-content\/uploads\/2022\/10\/Unifit-037-paigalduslahendus-768x221.jpg 768w, https:\/\/hutton.ee\/wp-content\/uploads\/2022\/10\/Unifit-037-paigalduslahendus-600x173.jpg 600w, https:\/\/hutton.ee\/wp-content\/uploads\/2022\/10\/Unifit-037-paigalduslahendus.jpg 1332w\" sizes=\"auto, (max-width: 300px) 100vw, 300px\" \/><\/p>\n<ul>\n<li>kaldkatused<\/li>\n<li>k\u00fclmad p\u00f6\u00f6ningud<\/li>\n<li>puit ja metall raamkonstruktsioonid<\/li>\n<\/ul>\n<p>V\u00e4ga sobilik konstruktsioonide ja katuse sarikate puhul, mille vahelised kaugused on erinevad nt vana katuse renoveerimine.<\/p>\n<p>Sobib nii vertikaal kui ka horisontaal konstruktsioonile, 1-2% laiem kui paigaldusvahemik ( ca 5mm kuni 1cm laiem kui konstruktsiooni vahemaa).<\/p>\n<p><strong>ECOSE\u00ae tehnoloogia eelised:<\/strong><\/p>\n<ul>\n<li>Kordades nahas\u00f5bralikum.<\/li>\n<li>Ilma ebameeldiva l\u00f5hnata \u2013 l\u00f5hnatu.<\/li>\n<li>Kordades v\u00e4hem tolmav.<\/li>\n<li>Mugav ja lihtne l\u00f5igata &#8211; ei lagune ega pudene.<\/li>\n<li>100% naturaalne ja inims\u00f5bralik materjal.<\/li>\n<\/ul>\n<p>Antud klaasvilla toode tarnitakse rullidena.<\/p>\n<p>Vaata lisaks &#8220;<a href=\"https:\/\/knaufivill.ee\/katuse-soojustamine\/#kuidas-katust-soojustada\">Kuidas katust soojustada?<\/a>&#8221;<\/p>\n<p>Lisaks erinevat sorti soojustusmaterjalide m\u00fc\u00fcgile <strong>pakub Hutton ka puistevilla paigaldamise teenust<\/strong>. Rohkem infot <a href=\"https:\/\/hutton.ee\/puistevilla-paigaldamine\/\"><strong>Puistevilla paigaldamise lehel<\/strong><\/a>.<\/p>\n<p><strong>Tegutse targalt ning k\u00fcsi n\u00f5u asjatundjatelt &#8211; <a href=\"https:\/\/hutton.ee\/kontakt\/\">v\u00f5ta meiega \u00fchendust<\/a>!<\/strong><\/p>\n<p>Hutton<br \/>\nTehniline konsultant<br \/>\nMargus Laats<\/p>\n<p>\u2706 +372 50 11 324<br \/>\n\u2709 margus.laats@hutton.ee<\/p>\n","protected":false},"excerpt":{"rendered":"<p>1 rullis 7.32 m\u00b2 (0.73 m\u00b3)<br \/>\n<strong>1 m<sup>2<\/sup> hind = 4.44\u20ac (p\u00fcsikliendi hind 3.11\u20ac) +km<\/strong><\/p>\n<p><strong style=\"color: #e05252;\">TRANSPORT KOKKULEPPEL!<br \/>\n<\/strong>(V\u00f5tame Teiega ise \u00fchendust)<\/p>\n","protected":false},"featured_media":17083,"template":"","meta":{"_gspb_post_css":"","_uf_show_specific_survey":0,"_uf_disable_surveys":false},"product_brand":[],"product_cat":[986,1240,2915],"product_tag":[2893,1258],"filtrisusteem":[2469,2465,2460,2371,2468,2450,2457,2461,2455,2370,2449,2453],"kvaliteediklass":[],"class_list":{"0":"post-17077","1":"product","2":"type-product","3":"status-publish","4":"has-post-thumbnail","6":"product_cat-soojustus","7":"product_cat-klaasvill-soojustus","8":"product_cat-rullvill","9":"product_tag-1tk_block","10":"product_tag-ei_pakiautomaat","11":"filtrisusteem-2469","12":"filtrisusteem-100mm","13":"filtrisusteem-1200-2","14":"filtrisusteem-a1-2","15":"filtrisusteem-erisoojusjuhtivus-lamda","16":"filtrisusteem-klaasvill","17":"filtrisusteem-laius-rullis-2","18":"filtrisusteem-paksus-mm","19":"filtrisusteem-rullvill","20":"filtrisusteem-tuletundlikkus","21":"filtrisusteem-villa-liik","22":"filtrisusteem-villa-tuup","24":"first","25":"instock","26":"taxable","27":"shipping-taxable","28":"purchasable","29":"product-type-simple"},"yoast_head":"<!-- This site is optimized with the Yoast SEO Premium plugin v21.3 (Yoast SEO v27.5) - https:\/\/yoast.com\/product\/yoast-seo-premium-wordpress\/ -->\n<title>Klaasvill KNAUF Unifit 037 100x1200x6100 - Hutton<\/title>\n<meta name=\"description\" content=\"Klaasvill KNAUF Unifit 037 100x1200x6100 parima hinnaga Hutton e-poes! Klaasvilla paigaldus! Suurep\u00e4rased soojuse ja m\u00fcra isoleerimise omadused!\" \/>\n<meta name=\"robots\" content=\"index, follow, max-snippet:-1, max-image-preview:large, max-video-preview:-1\" \/>\n<link rel=\"canonical\" href=\"https:\/\/hutton.ee\/toode\/klaasvill-knauf-unifit-037-100x1200x6100\/\" \/>\n<meta property=\"og:locale\" content=\"en_US\" \/>\n<meta property=\"og:type\" content=\"article\" \/>\n<meta property=\"og:title\" content=\"Klaasvill KNAUF Unifit 037 100x1200x6100 - Hutton\" \/>\n<meta property=\"og:description\" content=\"Klaasvill Knauf Parima hinnaga Huttoni e-poes! M\u00fc\u00fck ja info: \u2706 5096755 | \u2709 info@hutton.ee. Suurep\u00e4rased soojuse ja m\u00fcra isoleerimise omadused. Soodne hind -35%!\" \/>\n<meta property=\"og:url\" content=\"https:\/\/hutton.ee\/toode\/klaasvill-knauf-unifit-037-100x1200x6100\/\" \/>\n<meta property=\"og:site_name\" content=\"Hutton\" \/>\n<meta property=\"article:publisher\" content=\"https:\/\/www.facebook.com\/huttoneesti\" \/>\n<meta property=\"article:modified_time\" content=\"2025-07-16T11:52:25+00:00\" \/>\n<meta property=\"og:image\" content=\"https:\/\/hutton.ee\/wp-content\/uploads\/2022\/10\/Knauf-Insulation_Unifit037_650x650.jpg\" \/>\n\t<meta property=\"og:image:width\" content=\"650\" \/>\n\t<meta property=\"og:image:height\" content=\"650\" \/>\n\t<meta property=\"og:image:type\" content=\"image\/jpeg\" \/>\n<meta name=\"twitter:card\" content=\"summary_large_image\" \/>\n<meta name=\"twitter:title\" content=\"Klaasvill KNAUF Unifit 037 100x1200x6100 - Hutton\" \/>\n<meta name=\"twitter:description\" content=\"Klaasvill Knauf Parima hinnaga Huttoni e-poes! M\u00fc\u00fck ja info: \u2706 5096755 | \u2709 info@hutton.ee. Suurep\u00e4rased soojuse ja m\u00fcra isoleerimise omadused. Soodne hind -35%!\" \/>\n<meta name=\"twitter:label1\" content=\"Est. reading time\" \/>\n\t<meta name=\"twitter:data1\" content=\"3 minutes\" \/>\n<script type=\"application\/ld+json\" class=\"yoast-schema-graph\">{\"@context\":\"https:\\\/\\\/schema.org\",\"@graph\":[{\"@type\":\"WebPage\",\"@id\":\"https:\\\/\\\/hutton.ee\\\/toode\\\/klaasvill-knauf-unifit-037-100x1200x6100\\\/\",\"url\":\"https:\\\/\\\/hutton.ee\\\/toode\\\/klaasvill-knauf-unifit-037-100x1200x6100\\\/\",\"name\":\"Klaasvill KNAUF Unifit 037 100x1200x6100 - Hutton\",\"isPartOf\":{\"@id\":\"https:\\\/\\\/hutton.ee\\\/#website\"},\"primaryImageOfPage\":{\"@id\":\"https:\\\/\\\/hutton.ee\\\/toode\\\/klaasvill-knauf-unifit-037-100x1200x6100\\\/#primaryimage\"},\"image\":{\"@id\":\"https:\\\/\\\/hutton.ee\\\/toode\\\/klaasvill-knauf-unifit-037-100x1200x6100\\\/#primaryimage\"},\"thumbnailUrl\":\"https:\\\/\\\/hutton.ee\\\/wp-content\\\/uploads\\\/2022\\\/10\\\/Knauf-Insulation_Unifit037_650x650.jpg\",\"datePublished\":\"2022-10-21T09:28:55+00:00\",\"dateModified\":\"2025-07-16T11:52:25+00:00\",\"description\":\"Klaasvill KNAUF Unifit 037 100x1200x6100 parima hinnaga Hutton e-poes! Klaasvilla paigaldus! Suurep\u00e4rased soojuse ja m\u00fcra isoleerimise omadused!\",\"breadcrumb\":{\"@id\":\"https:\\\/\\\/hutton.ee\\\/toode\\\/klaasvill-knauf-unifit-037-100x1200x6100\\\/#breadcrumb\"},\"inLanguage\":\"en-US\",\"potentialAction\":[{\"@type\":\"ReadAction\",\"target\":[\"https:\\\/\\\/hutton.ee\\\/toode\\\/klaasvill-knauf-unifit-037-100x1200x6100\\\/\"]}]},{\"@type\":\"ImageObject\",\"inLanguage\":\"en-US\",\"@id\":\"https:\\\/\\\/hutton.ee\\\/toode\\\/klaasvill-knauf-unifit-037-100x1200x6100\\\/#primaryimage\",\"url\":\"https:\\\/\\\/hutton.ee\\\/wp-content\\\/uploads\\\/2022\\\/10\\\/Knauf-Insulation_Unifit037_650x650.jpg\",\"contentUrl\":\"https:\\\/\\\/hutton.ee\\\/wp-content\\\/uploads\\\/2022\\\/10\\\/Knauf-Insulation_Unifit037_650x650.jpg\",\"width\":650,\"height\":650,\"caption\":\"Klaasvill KNAUF Unifit 037\"},{\"@type\":\"BreadcrumbList\",\"@id\":\"https:\\\/\\\/hutton.ee\\\/toode\\\/klaasvill-knauf-unifit-037-100x1200x6100\\\/#breadcrumb\",\"itemListElement\":[{\"@type\":\"ListItem\",\"position\":1,\"name\":\"Avaleht\",\"item\":\"https:\\\/\\\/hutton.ee\\\/\"},{\"@type\":\"ListItem\",\"position\":2,\"name\":\"Shop\",\"item\":\"https:\\\/\\\/hutton.ee\\\/en\\\/shop\\\/\"},{\"@type\":\"ListItem\",\"position\":3,\"name\":\"Klaasvill KNAUF Unifit 037 100x1200x6100\"}]},{\"@type\":\"WebSite\",\"@id\":\"https:\\\/\\\/hutton.ee\\\/#website\",\"url\":\"https:\\\/\\\/hutton.ee\\\/\",\"name\":\"Hutton\",\"description\":\"Ajas kestvad ehituslahendused\",\"publisher\":{\"@id\":\"https:\\\/\\\/hutton.ee\\\/#organization\"},\"potentialAction\":[{\"@type\":\"SearchAction\",\"target\":{\"@type\":\"EntryPoint\",\"urlTemplate\":\"https:\\\/\\\/hutton.ee\\\/?s={search_term_string}\"},\"query-input\":{\"@type\":\"PropertyValueSpecification\",\"valueRequired\":true,\"valueName\":\"search_term_string\"}}],\"inLanguage\":\"en-US\"},{\"@type\":\"Organization\",\"@id\":\"https:\\\/\\\/hutton.ee\\\/#organization\",\"name\":\"Hutton - KATUS | SEIN | FASSAAD\",\"url\":\"https:\\\/\\\/hutton.ee\\\/\",\"logo\":{\"@type\":\"ImageObject\",\"inLanguage\":\"en-US\",\"@id\":\"https:\\\/\\\/hutton.ee\\\/#\\\/schema\\\/logo\\\/image\\\/\",\"url\":\"https:\\\/\\\/hutton.ee\\\/wp-content\\\/uploads\\\/2020\\\/07\\\/hutton-logo_uuendatud-01.png\",\"contentUrl\":\"https:\\\/\\\/hutton.ee\\\/wp-content\\\/uploads\\\/2020\\\/07\\\/hutton-logo_uuendatud-01.png\",\"width\":1064,\"height\":455,\"caption\":\"Hutton - KATUS | SEIN | FASSAAD\"},\"image\":{\"@id\":\"https:\\\/\\\/hutton.ee\\\/#\\\/schema\\\/logo\\\/image\\\/\"},\"sameAs\":[\"https:\\\/\\\/www.facebook.com\\\/huttoneesti\"]}]}<\/script>\n<!-- \/ Yoast SEO Premium plugin. -->","yoast_head_json":{"title":"Klaasvill KNAUF Unifit 037 100x1200x6100 - Hutton","description":"Klaasvill KNAUF Unifit 037 100x1200x6100 parima hinnaga Hutton e-poes! Klaasvilla paigaldus! Suurep\u00e4rased soojuse ja m\u00fcra isoleerimise omadused!","robots":{"index":"index","follow":"follow","max-snippet":"max-snippet:-1","max-image-preview":"max-image-preview:large","max-video-preview":"max-video-preview:-1"},"canonical":"https:\/\/hutton.ee\/toode\/klaasvill-knauf-unifit-037-100x1200x6100\/","og_locale":"en_US","og_type":"article","og_title":"Klaasvill KNAUF Unifit 037 100x1200x6100 - Hutton","og_description":"Klaasvill Knauf Parima hinnaga Huttoni e-poes! M\u00fc\u00fck ja info: \u2706 5096755 | \u2709 info@hutton.ee. Suurep\u00e4rased soojuse ja m\u00fcra isoleerimise omadused. Soodne hind -35%!","og_url":"https:\/\/hutton.ee\/toode\/klaasvill-knauf-unifit-037-100x1200x6100\/","og_site_name":"Hutton","article_publisher":"https:\/\/www.facebook.com\/huttoneesti","article_modified_time":"2025-07-16T11:52:25+00:00","og_image":[{"width":650,"height":650,"url":"https:\/\/hutton.ee\/wp-content\/uploads\/2022\/10\/Knauf-Insulation_Unifit037_650x650.jpg","type":"image\/jpeg"}],"twitter_card":"summary_large_image","twitter_title":"Klaasvill KNAUF Unifit 037 100x1200x6100 - Hutton","twitter_description":"Klaasvill Knauf Parima hinnaga Huttoni e-poes! M\u00fc\u00fck ja info: \u2706 5096755 | \u2709 info@hutton.ee. Suurep\u00e4rased soojuse ja m\u00fcra isoleerimise omadused. Soodne hind -35%!","twitter_misc":{"Est. reading time":"3 minutes"},"schema":{"@context":"https:\/\/schema.org","@graph":[{"@type":"WebPage","@id":"https:\/\/hutton.ee\/toode\/klaasvill-knauf-unifit-037-100x1200x6100\/","url":"https:\/\/hutton.ee\/toode\/klaasvill-knauf-unifit-037-100x1200x6100\/","name":"Klaasvill KNAUF Unifit 037 100x1200x6100 - Hutton","isPartOf":{"@id":"https:\/\/hutton.ee\/#website"},"primaryImageOfPage":{"@id":"https:\/\/hutton.ee\/toode\/klaasvill-knauf-unifit-037-100x1200x6100\/#primaryimage"},"image":{"@id":"https:\/\/hutton.ee\/toode\/klaasvill-knauf-unifit-037-100x1200x6100\/#primaryimage"},"thumbnailUrl":"https:\/\/hutton.ee\/wp-content\/uploads\/2022\/10\/Knauf-Insulation_Unifit037_650x650.jpg","datePublished":"2022-10-21T09:28:55+00:00","dateModified":"2025-07-16T11:52:25+00:00","description":"Klaasvill KNAUF Unifit 037 100x1200x6100 parima hinnaga Hutton e-poes! Klaasvilla paigaldus! Suurep\u00e4rased soojuse ja m\u00fcra isoleerimise omadused!","breadcrumb":{"@id":"https:\/\/hutton.ee\/toode\/klaasvill-knauf-unifit-037-100x1200x6100\/#breadcrumb"},"inLanguage":"en-US","potentialAction":[{"@type":"ReadAction","target":["https:\/\/hutton.ee\/toode\/klaasvill-knauf-unifit-037-100x1200x6100\/"]}]},{"@type":"ImageObject","inLanguage":"en-US","@id":"https:\/\/hutton.ee\/toode\/klaasvill-knauf-unifit-037-100x1200x6100\/#primaryimage","url":"https:\/\/hutton.ee\/wp-content\/uploads\/2022\/10\/Knauf-Insulation_Unifit037_650x650.jpg","contentUrl":"https:\/\/hutton.ee\/wp-content\/uploads\/2022\/10\/Knauf-Insulation_Unifit037_650x650.jpg","width":650,"height":650,"caption":"Klaasvill KNAUF Unifit 037"},{"@type":"BreadcrumbList","@id":"https:\/\/hutton.ee\/toode\/klaasvill-knauf-unifit-037-100x1200x6100\/#breadcrumb","itemListElement":[{"@type":"ListItem","position":1,"name":"Avaleht","item":"https:\/\/hutton.ee\/"},{"@type":"ListItem","position":2,"name":"Shop","item":"https:\/\/hutton.ee\/en\/shop\/"},{"@type":"ListItem","position":3,"name":"Klaasvill KNAUF Unifit 037 100x1200x6100"}]},{"@type":"WebSite","@id":"https:\/\/hutton.ee\/#website","url":"https:\/\/hutton.ee\/","name":"Hutton","description":"Ajas kestvad ehituslahendused","publisher":{"@id":"https:\/\/hutton.ee\/#organization"},"potentialAction":[{"@type":"SearchAction","target":{"@type":"EntryPoint","urlTemplate":"https:\/\/hutton.ee\/?s={search_term_string}"},"query-input":{"@type":"PropertyValueSpecification","valueRequired":true,"valueName":"search_term_string"}}],"inLanguage":"en-US"},{"@type":"Organization","@id":"https:\/\/hutton.ee\/#organization","name":"Hutton - KATUS | SEIN | FASSAAD","url":"https:\/\/hutton.ee\/","logo":{"@type":"ImageObject","inLanguage":"en-US","@id":"https:\/\/hutton.ee\/#\/schema\/logo\/image\/","url":"https:\/\/hutton.ee\/wp-content\/uploads\/2020\/07\/hutton-logo_uuendatud-01.png","contentUrl":"https:\/\/hutton.ee\/wp-content\/uploads\/2020\/07\/hutton-logo_uuendatud-01.png","width":1064,"height":455,"caption":"Hutton - KATUS | SEIN | FASSAAD"},"image":{"@id":"https:\/\/hutton.ee\/#\/schema\/logo\/image\/"},"sameAs":["https:\/\/www.facebook.com\/huttoneesti"]}]}},"_links":{"self":[{"href":"https:\/\/hutton.ee\/en\/wp-json\/wp\/v2\/product\/17077","targetHints":{"allow":["GET"]}}],"collection":[{"href":"https:\/\/hutton.ee\/en\/wp-json\/wp\/v2\/product"}],"about":[{"href":"https:\/\/hutton.ee\/en\/wp-json\/wp\/v2\/types\/product"}],"wp:featuredmedia":[{"embeddable":true,"href":"https:\/\/hutton.ee\/en\/wp-json\/wp\/v2\/media\/17083"}],"wp:attachment":[{"href":"https:\/\/hutton.ee\/en\/wp-json\/wp\/v2\/media?parent=17077"}],"wp:term":[{"taxonomy":"product_brand","embeddable":true,"href":"https:\/\/hutton.ee\/en\/wp-json\/wp\/v2\/product_brand?post=17077"},{"taxonomy":"product_cat","embeddable":true,"href":"https:\/\/hutton.ee\/en\/wp-json\/wp\/v2\/product_cat?post=17077"},{"taxonomy":"product_tag","embeddable":true,"href":"https:\/\/hutton.ee\/en\/wp-json\/wp\/v2\/product_tag?post=17077"},{"taxonomy":"filtrisusteem","embeddable":true,"href":"https:\/\/hutton.ee\/en\/wp-json\/wp\/v2\/filtrisusteem?post=17077"},{"taxonomy":"kvaliteediklass","embeddable":true,"href":"https:\/\/hutton.ee\/en\/wp-json\/wp\/v2\/kvaliteediklass?post=17077"}],"curies":[{"name":"wp","href":"https:\/\/api.w.org\/{rel}","templated":true}]}}