{"id":18368,"date":"2023-01-09T12:44:09","date_gmt":"2023-01-09T12:44:09","guid":{"rendered":"https:\/\/hutton.ee\/?post_type=product&#038;p=18368"},"modified":"2023-08-23T10:19:56","modified_gmt":"2023-08-23T10:19:56","slug":"passiivmaja-ehitamine-tartu-koolitus-09-03-3h","status":"publish","type":"product","link":"https:\/\/hutton.ee\/en\/toode\/passiivmaja-ehitamine-tartu-koolitus-09-03-3h\/","title":{"rendered":"Passiivmaja ehitamine Eesti kliimas: Tartu koolitus 09.03 (3h)"},"content":{"rendered":"<p>Passiivmaja ehitamine Eesti kliimas<\/p>\n<p><strong>Koolitus toimub:<\/strong><\/p>\n<p>09.03.2023 | Hutton, T\u00e4he 110, \u00a051013, Tartu<br \/>\nKell 13:00-16:00<\/p>\n<p>Tegemist on tehnilise koolitusega, kus r\u00e4\u00e4gime mis on passiivmaja, mis on liginullenergia hoone ja kuidas ehitada passiivmaja. Lisaks k\u00e4sitletakse piirdetarindite ehitamisel kasutatavaid isoleerivaid materjale ja nende toimivust. Milline on \u00f5hutiheduse m\u00f5ju kogu hoone energiatarbele.<\/p>\n<p><strong>Kellele on koolitus passiivmaja ehitamine Eesti kliimas suunatud:<\/strong><\/p>\n<p>Ehitajatele, projekteerijatele, arhitektidele, ehitusjuhtidele, ehitusej\u00e4relevalve inseneridele ja k\u00f5igile neile, kellele antud teema huvi pakub.<\/p>\n<p><strong>Registreerimine:<\/strong><\/p>\n<p>Valige endale sobiv koolituse aeg ja koht <a href=\"https:\/\/hutton.ee\/koolitused\/\">https:\/\/hutton.ee\/koolitused\/<\/a> ning registreeruge e-poe kaudu. <strong>Kohtade arv on piiratud!<\/strong><\/p>\n<p><strong>Koolituse tasu<\/strong> 50 eur + KM \/osaleja kohta sisaldab ka kohvipause.<\/p>\n<p>Osalejatele tunnistused!<\/p>\n<p class=\"moz-signature\">&#8212;<\/p>\n<p>Koolitaja Margus Laats (energias\u00e4\u00e4stliku ehituse ja materjalitehnoloogiate valdkonna tehniline konsultant):<\/p>\n<p>+372 50 11 324<br \/>\nmargus.laats@hutton.ee<\/p>\n","protected":false},"excerpt":{"rendered":"<p>Passiivmaja ehitamine Eesti kliimas Koolitus toimub: 09.03.2023 | Hutton, T\u00e4he 110, \u00a051013, Tartu Kell 13:00-16:00 Tegemist on tehnilise koolitusega, kus r\u00e4\u00e4gime mis on passiivmaja, mis on liginullenergia hoone ja kuidas ehitada passiivmaja. Lisaks k\u00e4sitletakse piirdetarindite ehitamisel kasutatavaid isoleerivaid materjale ja nende toimivust. Milline on \u00f5hutiheduse m\u00f5ju kogu hoone energiatarbele. Kellele on koolitus passiivmaja ehitamine Eesti [&hellip;]<\/p>\n","protected":false},"featured_media":14113,"template":"","meta":{"_gspb_post_css":"","_uf_show_specific_survey":0,"_uf_disable_surveys":false},"product_brand":[],"product_cat":[938],"product_tag":[],"filtrisusteem":[],"kvaliteediklass":[],"class_list":{"0":"post-18368","1":"product","2":"type-product","3":"status-publish","4":"has-post-thumbnail","6":"product_cat-koolitused","8":"first","9":"outofstock","10":"virtual","11":"taxable","12":"purchasable","13":"product-type-simple"},"yoast_head":"<!-- This site is optimized with the Yoast SEO Premium plugin v21.3 (Yoast SEO v27.3) - https:\/\/yoast.com\/product\/yoast-seo-premium-wordpress\/ -->\n<title>Passiivmaja ehitamine Eesti kliimas: Tartu koolitus 09.03 (3h) - Hutton<\/title>\n<meta name=\"description\" content=\"Margus Laats koolitus: Passiivmaja ehitamine Eesti kliimas. Mis on passiivmaja ja liginullenergia hoone? Kuidas ehitada passiivamaja? - Hutton.\" \/>\n<meta name=\"robots\" content=\"index, follow, max-snippet:-1, max-image-preview:large, max-video-preview:-1\" \/>\n<link rel=\"canonical\" href=\"https:\/\/hutton.ee\/toode\/passiivmaja-ehitamine-tartu-koolitus-09-03-3h\/\" \/>\n<meta property=\"og:locale\" content=\"en_US\" \/>\n<meta property=\"og:type\" content=\"article\" \/>\n<meta property=\"og:title\" content=\"Passiivmaja ehitamine Eesti kliimas: Tartu koolitus 09.03 (3h)\" \/>\n<meta property=\"og:description\" content=\"Margus Laats koolitus: Passiivmaja ehitamine Eesti kliimas. Mis on passiivmaja ja liginullenergia hoone? Kuidas ehitada passiivamaja? - Hutton.\" \/>\n<meta property=\"og:url\" content=\"https:\/\/hutton.ee\/toode\/passiivmaja-ehitamine-tartu-koolitus-09-03-3h\/\" \/>\n<meta property=\"og:site_name\" content=\"Hutton\" \/>\n<meta property=\"article:publisher\" content=\"https:\/\/www.facebook.com\/huttoneesti\" \/>\n<meta property=\"article:modified_time\" content=\"2023-08-23T10:19:56+00:00\" \/>\n<meta property=\"og:image\" content=\"https:\/\/hutton.ee\/wp-content\/uploads\/2022\/02\/Passiivmaja-Ehitamine_650x650.jpg\" \/>\n\t<meta property=\"og:image:width\" content=\"650\" \/>\n\t<meta property=\"og:image:height\" content=\"650\" \/>\n\t<meta property=\"og:image:type\" content=\"image\/jpeg\" \/>\n<meta name=\"twitter:card\" content=\"summary_large_image\" \/>\n<meta name=\"twitter:label1\" content=\"Est. reading time\" \/>\n\t<meta name=\"twitter:data1\" content=\"1 minute\" \/>\n<script type=\"application\/ld+json\" class=\"yoast-schema-graph\">{\"@context\":\"https:\\\/\\\/schema.org\",\"@graph\":[{\"@type\":\"WebPage\",\"@id\":\"https:\\\/\\\/hutton.ee\\\/toode\\\/passiivmaja-ehitamine-tartu-koolitus-09-03-3h\\\/\",\"url\":\"https:\\\/\\\/hutton.ee\\\/toode\\\/passiivmaja-ehitamine-tartu-koolitus-09-03-3h\\\/\",\"name\":\"Passiivmaja ehitamine Eesti kliimas: Tartu koolitus 09.03 (3h) - Hutton\",\"isPartOf\":{\"@id\":\"https:\\\/\\\/hutton.ee\\\/#website\"},\"primaryImageOfPage\":{\"@id\":\"https:\\\/\\\/hutton.ee\\\/toode\\\/passiivmaja-ehitamine-tartu-koolitus-09-03-3h\\\/#primaryimage\"},\"image\":{\"@id\":\"https:\\\/\\\/hutton.ee\\\/toode\\\/passiivmaja-ehitamine-tartu-koolitus-09-03-3h\\\/#primaryimage\"},\"thumbnailUrl\":\"https:\\\/\\\/hutton.ee\\\/wp-content\\\/uploads\\\/2022\\\/02\\\/Passiivmaja-Ehitamine_650x650.jpg\",\"datePublished\":\"2023-01-09T12:44:09+00:00\",\"dateModified\":\"2023-08-23T10:19:56+00:00\",\"description\":\"Margus Laats koolitus: Passiivmaja ehitamine Eesti kliimas. Mis on passiivmaja ja liginullenergia hoone? Kuidas ehitada passiivamaja? - Hutton.\",\"breadcrumb\":{\"@id\":\"https:\\\/\\\/hutton.ee\\\/toode\\\/passiivmaja-ehitamine-tartu-koolitus-09-03-3h\\\/#breadcrumb\"},\"inLanguage\":\"en-US\",\"potentialAction\":[{\"@type\":\"ReadAction\",\"target\":[\"https:\\\/\\\/hutton.ee\\\/toode\\\/passiivmaja-ehitamine-tartu-koolitus-09-03-3h\\\/\"]}]},{\"@type\":\"ImageObject\",\"inLanguage\":\"en-US\",\"@id\":\"https:\\\/\\\/hutton.ee\\\/toode\\\/passiivmaja-ehitamine-tartu-koolitus-09-03-3h\\\/#primaryimage\",\"url\":\"https:\\\/\\\/hutton.ee\\\/wp-content\\\/uploads\\\/2022\\\/02\\\/Passiivmaja-Ehitamine_650x650.jpg\",\"contentUrl\":\"https:\\\/\\\/hutton.ee\\\/wp-content\\\/uploads\\\/2022\\\/02\\\/Passiivmaja-Ehitamine_650x650.jpg\",\"width\":650,\"height\":650,\"caption\":\"Ehituskoolitus passiivmaja ehitamine Eesti kliimas\"},{\"@type\":\"BreadcrumbList\",\"@id\":\"https:\\\/\\\/hutton.ee\\\/toode\\\/passiivmaja-ehitamine-tartu-koolitus-09-03-3h\\\/#breadcrumb\",\"itemListElement\":[{\"@type\":\"ListItem\",\"position\":1,\"name\":\"Avaleht\",\"item\":\"https:\\\/\\\/hutton.ee\\\/\"},{\"@type\":\"ListItem\",\"position\":2,\"name\":\"Shop\",\"item\":\"https:\\\/\\\/hutton.ee\\\/en\\\/shop\\\/\"},{\"@type\":\"ListItem\",\"position\":3,\"name\":\"Passiivmaja ehitamine Eesti kliimas: Tartu koolitus 09.03 (3h)\"}]},{\"@type\":\"WebSite\",\"@id\":\"https:\\\/\\\/hutton.ee\\\/#website\",\"url\":\"https:\\\/\\\/hutton.ee\\\/\",\"name\":\"Hutton\",\"description\":\"Ajas kestvad ehituslahendused\",\"publisher\":{\"@id\":\"https:\\\/\\\/hutton.ee\\\/#organization\"},\"potentialAction\":[{\"@type\":\"SearchAction\",\"target\":{\"@type\":\"EntryPoint\",\"urlTemplate\":\"https:\\\/\\\/hutton.ee\\\/?s={search_term_string}\"},\"query-input\":{\"@type\":\"PropertyValueSpecification\",\"valueRequired\":true,\"valueName\":\"search_term_string\"}}],\"inLanguage\":\"en-US\"},{\"@type\":\"Organization\",\"@id\":\"https:\\\/\\\/hutton.ee\\\/#organization\",\"name\":\"Hutton - KATUS | SEIN | FASSAAD\",\"url\":\"https:\\\/\\\/hutton.ee\\\/\",\"logo\":{\"@type\":\"ImageObject\",\"inLanguage\":\"en-US\",\"@id\":\"https:\\\/\\\/hutton.ee\\\/#\\\/schema\\\/logo\\\/image\\\/\",\"url\":\"https:\\\/\\\/hutton.ee\\\/wp-content\\\/uploads\\\/2020\\\/07\\\/hutton-logo_uuendatud-01.png\",\"contentUrl\":\"https:\\\/\\\/hutton.ee\\\/wp-content\\\/uploads\\\/2020\\\/07\\\/hutton-logo_uuendatud-01.png\",\"width\":1064,\"height\":455,\"caption\":\"Hutton - KATUS | SEIN | FASSAAD\"},\"image\":{\"@id\":\"https:\\\/\\\/hutton.ee\\\/#\\\/schema\\\/logo\\\/image\\\/\"},\"sameAs\":[\"https:\\\/\\\/www.facebook.com\\\/huttoneesti\"]}]}<\/script>\n<!-- \/ Yoast SEO Premium plugin. -->","yoast_head_json":{"title":"Passiivmaja ehitamine Eesti kliimas: Tartu koolitus 09.03 (3h) - Hutton","description":"Margus Laats koolitus: Passiivmaja ehitamine Eesti kliimas. Mis on passiivmaja ja liginullenergia hoone? Kuidas ehitada passiivamaja? - Hutton.","robots":{"index":"index","follow":"follow","max-snippet":"max-snippet:-1","max-image-preview":"max-image-preview:large","max-video-preview":"max-video-preview:-1"},"canonical":"https:\/\/hutton.ee\/toode\/passiivmaja-ehitamine-tartu-koolitus-09-03-3h\/","og_locale":"en_US","og_type":"article","og_title":"Passiivmaja ehitamine Eesti kliimas: Tartu koolitus 09.03 (3h)","og_description":"Margus Laats koolitus: Passiivmaja ehitamine Eesti kliimas. Mis on passiivmaja ja liginullenergia hoone? Kuidas ehitada passiivamaja? - Hutton.","og_url":"https:\/\/hutton.ee\/toode\/passiivmaja-ehitamine-tartu-koolitus-09-03-3h\/","og_site_name":"Hutton","article_publisher":"https:\/\/www.facebook.com\/huttoneesti","article_modified_time":"2023-08-23T10:19:56+00:00","og_image":[{"width":650,"height":650,"url":"https:\/\/hutton.ee\/wp-content\/uploads\/2022\/02\/Passiivmaja-Ehitamine_650x650.jpg","type":"image\/jpeg"}],"twitter_card":"summary_large_image","twitter_misc":{"Est. reading time":"1 minute"},"schema":{"@context":"https:\/\/schema.org","@graph":[{"@type":"WebPage","@id":"https:\/\/hutton.ee\/toode\/passiivmaja-ehitamine-tartu-koolitus-09-03-3h\/","url":"https:\/\/hutton.ee\/toode\/passiivmaja-ehitamine-tartu-koolitus-09-03-3h\/","name":"Passiivmaja ehitamine Eesti kliimas: Tartu koolitus 09.03 (3h) - Hutton","isPartOf":{"@id":"https:\/\/hutton.ee\/#website"},"primaryImageOfPage":{"@id":"https:\/\/hutton.ee\/toode\/passiivmaja-ehitamine-tartu-koolitus-09-03-3h\/#primaryimage"},"image":{"@id":"https:\/\/hutton.ee\/toode\/passiivmaja-ehitamine-tartu-koolitus-09-03-3h\/#primaryimage"},"thumbnailUrl":"https:\/\/hutton.ee\/wp-content\/uploads\/2022\/02\/Passiivmaja-Ehitamine_650x650.jpg","datePublished":"2023-01-09T12:44:09+00:00","dateModified":"2023-08-23T10:19:56+00:00","description":"Margus Laats koolitus: Passiivmaja ehitamine Eesti kliimas. Mis on passiivmaja ja liginullenergia hoone? Kuidas ehitada passiivamaja? - Hutton.","breadcrumb":{"@id":"https:\/\/hutton.ee\/toode\/passiivmaja-ehitamine-tartu-koolitus-09-03-3h\/#breadcrumb"},"inLanguage":"en-US","potentialAction":[{"@type":"ReadAction","target":["https:\/\/hutton.ee\/toode\/passiivmaja-ehitamine-tartu-koolitus-09-03-3h\/"]}]},{"@type":"ImageObject","inLanguage":"en-US","@id":"https:\/\/hutton.ee\/toode\/passiivmaja-ehitamine-tartu-koolitus-09-03-3h\/#primaryimage","url":"https:\/\/hutton.ee\/wp-content\/uploads\/2022\/02\/Passiivmaja-Ehitamine_650x650.jpg","contentUrl":"https:\/\/hutton.ee\/wp-content\/uploads\/2022\/02\/Passiivmaja-Ehitamine_650x650.jpg","width":650,"height":650,"caption":"Ehituskoolitus passiivmaja ehitamine Eesti kliimas"},{"@type":"BreadcrumbList","@id":"https:\/\/hutton.ee\/toode\/passiivmaja-ehitamine-tartu-koolitus-09-03-3h\/#breadcrumb","itemListElement":[{"@type":"ListItem","position":1,"name":"Avaleht","item":"https:\/\/hutton.ee\/"},{"@type":"ListItem","position":2,"name":"Shop","item":"https:\/\/hutton.ee\/en\/shop\/"},{"@type":"ListItem","position":3,"name":"Passiivmaja ehitamine Eesti kliimas: Tartu koolitus 09.03 (3h)"}]},{"@type":"WebSite","@id":"https:\/\/hutton.ee\/#website","url":"https:\/\/hutton.ee\/","name":"Hutton","description":"Ajas kestvad ehituslahendused","publisher":{"@id":"https:\/\/hutton.ee\/#organization"},"potentialAction":[{"@type":"SearchAction","target":{"@type":"EntryPoint","urlTemplate":"https:\/\/hutton.ee\/?s={search_term_string}"},"query-input":{"@type":"PropertyValueSpecification","valueRequired":true,"valueName":"search_term_string"}}],"inLanguage":"en-US"},{"@type":"Organization","@id":"https:\/\/hutton.ee\/#organization","name":"Hutton - KATUS | SEIN | FASSAAD","url":"https:\/\/hutton.ee\/","logo":{"@type":"ImageObject","inLanguage":"en-US","@id":"https:\/\/hutton.ee\/#\/schema\/logo\/image\/","url":"https:\/\/hutton.ee\/wp-content\/uploads\/2020\/07\/hutton-logo_uuendatud-01.png","contentUrl":"https:\/\/hutton.ee\/wp-content\/uploads\/2020\/07\/hutton-logo_uuendatud-01.png","width":1064,"height":455,"caption":"Hutton - KATUS | SEIN | FASSAAD"},"image":{"@id":"https:\/\/hutton.ee\/#\/schema\/logo\/image\/"},"sameAs":["https:\/\/www.facebook.com\/huttoneesti"]}]}},"_links":{"self":[{"href":"https:\/\/hutton.ee\/en\/wp-json\/wp\/v2\/product\/18368","targetHints":{"allow":["GET"]}}],"collection":[{"href":"https:\/\/hutton.ee\/en\/wp-json\/wp\/v2\/product"}],"about":[{"href":"https:\/\/hutton.ee\/en\/wp-json\/wp\/v2\/types\/product"}],"wp:featuredmedia":[{"embeddable":true,"href":"https:\/\/hutton.ee\/en\/wp-json\/wp\/v2\/media\/14113"}],"wp:attachment":[{"href":"https:\/\/hutton.ee\/en\/wp-json\/wp\/v2\/media?parent=18368"}],"wp:term":[{"taxonomy":"product_brand","embeddable":true,"href":"https:\/\/hutton.ee\/en\/wp-json\/wp\/v2\/product_brand?post=18368"},{"taxonomy":"product_cat","embeddable":true,"href":"https:\/\/hutton.ee\/en\/wp-json\/wp\/v2\/product_cat?post=18368"},{"taxonomy":"product_tag","embeddable":true,"href":"https:\/\/hutton.ee\/en\/wp-json\/wp\/v2\/product_tag?post=18368"},{"taxonomy":"filtrisusteem","embeddable":true,"href":"https:\/\/hutton.ee\/en\/wp-json\/wp\/v2\/filtrisusteem?post=18368"},{"taxonomy":"kvaliteediklass","embeddable":true,"href":"https:\/\/hutton.ee\/en\/wp-json\/wp\/v2\/kvaliteediklass?post=18368"}],"curies":[{"name":"wp","href":"https:\/\/api.w.org\/{rel}","templated":true}]}}