{"id":18373,"date":"2023-01-09T12:55:23","date_gmt":"2023-01-09T12:55:23","guid":{"rendered":"https:\/\/hutton.ee\/?post_type=product&#038;p=18373"},"modified":"2025-12-12T08:37:51","modified_gmt":"2025-12-12T08:37:51","slug":"ehitusfuusika-tallinna-koolitus-30-03-6h","status":"publish","type":"product","link":"https:\/\/hutton.ee\/en\/toode\/ehitusfuusika-tallinna-koolitus-30-03-6h\/","title":{"rendered":"Ehitusf\u00fc\u00fcsika, materjalitehnoloogia: Tallinna koolitus 30.03 (6h)"},"content":{"rendered":"<p>Ehitusf\u00fc\u00fcsika, energias\u00e4\u00e4stlik ehitamine ja materjalitehnoloogiad<\/p>\n<p><strong>Koolitus toimub:<\/strong><\/p>\n<p>30.03.2023<br \/>\nSepise 1, 11415 Tallinn | \u00dclemiste City, Tallinna Lennujaama taga \u2013 ACE Logistics hoones<br \/>\nKell 9:00-16:00 (l\u00f5una: 12-13)<\/p>\n<p>Tegemist on tehnilise koolitusega, kus r\u00e4\u00e4gime energias\u00e4\u00e4stlikust ehitamisest, ehitusf\u00fc\u00fcsikast ja materjalitehnoloogiast. T\u00e4psemalt selgitame piirdetarindite niiskus- ja soojustehniliste toimivust ning ehitusf\u00fc\u00fcsika p\u00f5him\u00f5isteid l\u00e4htudes nende rakenduslikust k\u00fcljest. Lisaks k\u00e4sitletakse piirdetarindite ehitamisel kasutatavaid isoleerivaid materjale ja nende toimivust.<\/p>\n<p><strong>Koolituse teemad:<\/strong><\/p>\n<ul>\n<li>Aluskatted<\/li>\n<li>Tuulet\u00f5kked<\/li>\n<li>Aurut\u00f5kked<\/li>\n<li>Soojustusmaterjalid<\/li>\n<li>Ehitusteibid<\/li>\n<li>Aknateibid<\/li>\n<\/ul>\n<p><strong>Kellele on koolitus suunatud:<\/strong><\/p>\n<p>Ehitajatele, projekteerijatele, arhitektidele, ehitusjuhtidele, ehitusej\u00e4relevalve inseneridele ja k\u00f5igile neile, kellele antud teema huvi pakub.<\/p>\n<p><strong>Registreerimine:<\/strong><\/p>\n<p>Valige endale sobiv koolituse aeg ja koht <a href=\"https:\/\/hutton.ee\/koolitused\/\">https:\/\/hutton.ee\/koolitused\/<\/a> ning registreeruge e-poe kaudu. <strong>Kohtade arv on piiratud!<\/strong><\/p>\n<p><strong>Koolituse tasu<\/strong> 60 eur + KM \/osaleja kohta sisaldab ka kohvipause ja kerget l\u00f5unat.<\/p>\n<p>Osalejatele tunnistused!<\/p>\n<p class=\"moz-signature\">&#8212;<\/p>\n<p>Koolitaja:<br \/>\nMargus Laats<br \/>\n+372 50 11 324<br \/>\nmargus.laats@hutton.ee<\/p>\n","protected":false},"excerpt":{"rendered":"<p>Ehitusf\u00fc\u00fcsika, energias\u00e4\u00e4stlik ehitamine ja materjalitehnoloogiad Koolitus toimub: 30.03.2023 Sepise 1, 11415 Tallinn | \u00dclemiste City, Tallinna Lennujaama taga \u2013 ACE Logistics hoones Kell 9:00-16:00 (l\u00f5una: 12-13) Tegemist on tehnilise koolitusega, kus r\u00e4\u00e4gime energias\u00e4\u00e4stlikust ehitamisest, ehitusf\u00fc\u00fcsikast ja materjalitehnoloogiast. T\u00e4psemalt selgitame piirdetarindite niiskus- ja soojustehniliste toimivust ning ehitusf\u00fc\u00fcsika p\u00f5him\u00f5isteid l\u00e4htudes nende rakenduslikust k\u00fcljest. Lisaks k\u00e4sitletakse piirdetarindite ehitamisel [&hellip;]<\/p>\n","protected":false},"featured_media":12999,"template":"","meta":{"_gspb_post_css":"","_uf_show_specific_survey":0,"_uf_disable_surveys":false},"product_brand":[],"product_cat":[938],"product_tag":[],"filtrisusteem":[],"kvaliteediklass":[],"class_list":{"0":"post-18373","1":"product","2":"type-product","3":"status-publish","4":"has-post-thumbnail","6":"product_cat-koolitused","8":"first","9":"outofstock","10":"virtual","11":"taxable","12":"purchasable","13":"product-type-simple"},"yoast_head":"<!-- This site is optimized with the Yoast SEO Premium plugin v21.3 (Yoast SEO v27.3) - https:\/\/yoast.com\/product\/yoast-seo-premium-wordpress\/ -->\n<title>Ehitusf\u00fc\u00fcsika, materjalitehnoloogia: Tallinna koolitus 30.03 (6h) - Hutton<\/title>\n<meta name=\"description\" content=\"Koolitus \u201eEhitusf\u00fc\u00fcsika, energias\u00e4\u00e4stlik ehitamine ja materjalitehnoloogiad\u201c k\u00e4sitleb niiskust, aluskatteid, tuulet\u00f5kkeid, aurut\u00f5kkeid ja soojustust.\" \/>\n<meta name=\"robots\" content=\"index, follow, max-snippet:-1, max-image-preview:large, max-video-preview:-1\" \/>\n<link rel=\"canonical\" href=\"https:\/\/hutton.ee\/toode\/ehitusfuusika-tallinna-koolitus-30-03-6h\/\" \/>\n<meta property=\"og:locale\" content=\"en_US\" \/>\n<meta property=\"og:type\" content=\"article\" \/>\n<meta property=\"og:title\" content=\"Ehitusf\u00fc\u00fcsika, materjalitehnoloogia: Tallinna koolitus 30.03 (6h) - Hutton\" \/>\n<meta property=\"og:description\" content=\"Margus Laats koolitus: Energias\u00e4\u00e4stlik ehitamine. Ehitusf\u00fc\u00fcsika ja materjalitehnoloogiad. Ehitajatele, projekteerijatele, ehitusjuhtidele jt. Registreeri kohe &gt;\" \/>\n<meta property=\"og:url\" content=\"https:\/\/hutton.ee\/toode\/ehitusfuusika-tallinna-koolitus-30-03-6h\/\" \/>\n<meta property=\"og:site_name\" content=\"Hutton\" \/>\n<meta property=\"article:publisher\" content=\"https:\/\/www.facebook.com\/huttoneesti\" \/>\n<meta property=\"article:modified_time\" content=\"2025-12-12T08:37:51+00:00\" \/>\n<meta property=\"og:image\" content=\"https:\/\/hutton.ee\/wp-content\/uploads\/2022\/01\/koolituspilt-1.jpg\" \/>\n\t<meta property=\"og:image:width\" content=\"800\" \/>\n\t<meta property=\"og:image:height\" content=\"350\" \/>\n\t<meta property=\"og:image:type\" content=\"image\/jpeg\" \/>\n<meta name=\"twitter:card\" content=\"summary_large_image\" \/>\n<meta name=\"twitter:title\" content=\"Ehitusf\u00fc\u00fcsika, materjalitehnoloogia: Tallinna koolitus 30.03 (6h) - Hutton\" \/>\n<meta name=\"twitter:description\" content=\"Margus Laats koolitus: Energias\u00e4\u00e4stlik ehitamine. Ehitusf\u00fc\u00fcsika ja materjalitehnoloogiad. Ehitajatele, projekteerijatele, ehitusjuhtidele jt. Registreeri kohe &gt;\" \/>\n<meta name=\"twitter:label1\" content=\"Est. reading time\" \/>\n\t<meta name=\"twitter:data1\" content=\"1 minute\" \/>\n<script type=\"application\/ld+json\" class=\"yoast-schema-graph\">{\"@context\":\"https:\\\/\\\/schema.org\",\"@graph\":[{\"@type\":\"WebPage\",\"@id\":\"https:\\\/\\\/hutton.ee\\\/toode\\\/ehitusfuusika-tallinna-koolitus-30-03-6h\\\/\",\"url\":\"https:\\\/\\\/hutton.ee\\\/toode\\\/ehitusfuusika-tallinna-koolitus-30-03-6h\\\/\",\"name\":\"Ehitusf\u00fc\u00fcsika, materjalitehnoloogia: Tallinna koolitus 30.03 (6h) - Hutton\",\"isPartOf\":{\"@id\":\"https:\\\/\\\/hutton.ee\\\/#website\"},\"primaryImageOfPage\":{\"@id\":\"https:\\\/\\\/hutton.ee\\\/toode\\\/ehitusfuusika-tallinna-koolitus-30-03-6h\\\/#primaryimage\"},\"image\":{\"@id\":\"https:\\\/\\\/hutton.ee\\\/toode\\\/ehitusfuusika-tallinna-koolitus-30-03-6h\\\/#primaryimage\"},\"thumbnailUrl\":\"https:\\\/\\\/hutton.ee\\\/wp-content\\\/uploads\\\/2022\\\/01\\\/koolituspilt-1.jpg\",\"datePublished\":\"2023-01-09T12:55:23+00:00\",\"dateModified\":\"2025-12-12T08:37:51+00:00\",\"description\":\"Koolitus \u201eEhitusf\u00fc\u00fcsika, energias\u00e4\u00e4stlik ehitamine ja materjalitehnoloogiad\u201c k\u00e4sitleb niiskust, aluskatteid, tuulet\u00f5kkeid, aurut\u00f5kkeid ja soojustust.\",\"breadcrumb\":{\"@id\":\"https:\\\/\\\/hutton.ee\\\/toode\\\/ehitusfuusika-tallinna-koolitus-30-03-6h\\\/#breadcrumb\"},\"inLanguage\":\"en-US\",\"potentialAction\":[{\"@type\":\"ReadAction\",\"target\":[\"https:\\\/\\\/hutton.ee\\\/toode\\\/ehitusfuusika-tallinna-koolitus-30-03-6h\\\/\"]}]},{\"@type\":\"ImageObject\",\"inLanguage\":\"en-US\",\"@id\":\"https:\\\/\\\/hutton.ee\\\/toode\\\/ehitusfuusika-tallinna-koolitus-30-03-6h\\\/#primaryimage\",\"url\":\"https:\\\/\\\/hutton.ee\\\/wp-content\\\/uploads\\\/2022\\\/01\\\/koolituspilt-1.jpg\",\"contentUrl\":\"https:\\\/\\\/hutton.ee\\\/wp-content\\\/uploads\\\/2022\\\/01\\\/koolituspilt-1.jpg\",\"width\":800,\"height\":350,\"caption\":\"Ehituskoolitus: Ehitusf\u00fc\u00fcsika\"},{\"@type\":\"BreadcrumbList\",\"@id\":\"https:\\\/\\\/hutton.ee\\\/toode\\\/ehitusfuusika-tallinna-koolitus-30-03-6h\\\/#breadcrumb\",\"itemListElement\":[{\"@type\":\"ListItem\",\"position\":1,\"name\":\"Avaleht\",\"item\":\"https:\\\/\\\/hutton.ee\\\/\"},{\"@type\":\"ListItem\",\"position\":2,\"name\":\"Shop\",\"item\":\"https:\\\/\\\/hutton.ee\\\/en\\\/shop\\\/\"},{\"@type\":\"ListItem\",\"position\":3,\"name\":\"Ehitusf\u00fc\u00fcsika, materjalitehnoloogia: Tallinna koolitus 30.03 (6h)\"}]},{\"@type\":\"WebSite\",\"@id\":\"https:\\\/\\\/hutton.ee\\\/#website\",\"url\":\"https:\\\/\\\/hutton.ee\\\/\",\"name\":\"Hutton\",\"description\":\"Ajas kestvad ehituslahendused\",\"publisher\":{\"@id\":\"https:\\\/\\\/hutton.ee\\\/#organization\"},\"potentialAction\":[{\"@type\":\"SearchAction\",\"target\":{\"@type\":\"EntryPoint\",\"urlTemplate\":\"https:\\\/\\\/hutton.ee\\\/?s={search_term_string}\"},\"query-input\":{\"@type\":\"PropertyValueSpecification\",\"valueRequired\":true,\"valueName\":\"search_term_string\"}}],\"inLanguage\":\"en-US\"},{\"@type\":\"Organization\",\"@id\":\"https:\\\/\\\/hutton.ee\\\/#organization\",\"name\":\"Hutton - KATUS | SEIN | FASSAAD\",\"url\":\"https:\\\/\\\/hutton.ee\\\/\",\"logo\":{\"@type\":\"ImageObject\",\"inLanguage\":\"en-US\",\"@id\":\"https:\\\/\\\/hutton.ee\\\/#\\\/schema\\\/logo\\\/image\\\/\",\"url\":\"https:\\\/\\\/hutton.ee\\\/wp-content\\\/uploads\\\/2020\\\/07\\\/hutton-logo_uuendatud-01.png\",\"contentUrl\":\"https:\\\/\\\/hutton.ee\\\/wp-content\\\/uploads\\\/2020\\\/07\\\/hutton-logo_uuendatud-01.png\",\"width\":1064,\"height\":455,\"caption\":\"Hutton - KATUS | SEIN | FASSAAD\"},\"image\":{\"@id\":\"https:\\\/\\\/hutton.ee\\\/#\\\/schema\\\/logo\\\/image\\\/\"},\"sameAs\":[\"https:\\\/\\\/www.facebook.com\\\/huttoneesti\"]}]}<\/script>\n<!-- \/ Yoast SEO Premium plugin. -->","yoast_head_json":{"title":"Ehitusf\u00fc\u00fcsika, materjalitehnoloogia: Tallinna koolitus 30.03 (6h) - Hutton","description":"Koolitus \u201eEhitusf\u00fc\u00fcsika, energias\u00e4\u00e4stlik ehitamine ja materjalitehnoloogiad\u201c k\u00e4sitleb niiskust, aluskatteid, tuulet\u00f5kkeid, aurut\u00f5kkeid ja soojustust.","robots":{"index":"index","follow":"follow","max-snippet":"max-snippet:-1","max-image-preview":"max-image-preview:large","max-video-preview":"max-video-preview:-1"},"canonical":"https:\/\/hutton.ee\/toode\/ehitusfuusika-tallinna-koolitus-30-03-6h\/","og_locale":"en_US","og_type":"article","og_title":"Ehitusf\u00fc\u00fcsika, materjalitehnoloogia: Tallinna koolitus 30.03 (6h) - Hutton","og_description":"Margus Laats koolitus: Energias\u00e4\u00e4stlik ehitamine. Ehitusf\u00fc\u00fcsika ja materjalitehnoloogiad. Ehitajatele, projekteerijatele, ehitusjuhtidele jt. Registreeri kohe >","og_url":"https:\/\/hutton.ee\/toode\/ehitusfuusika-tallinna-koolitus-30-03-6h\/","og_site_name":"Hutton","article_publisher":"https:\/\/www.facebook.com\/huttoneesti","article_modified_time":"2025-12-12T08:37:51+00:00","og_image":[{"width":800,"height":350,"url":"https:\/\/hutton.ee\/wp-content\/uploads\/2022\/01\/koolituspilt-1.jpg","type":"image\/jpeg"}],"twitter_card":"summary_large_image","twitter_title":"Ehitusf\u00fc\u00fcsika, materjalitehnoloogia: Tallinna koolitus 30.03 (6h) - Hutton","twitter_description":"Margus Laats koolitus: Energias\u00e4\u00e4stlik ehitamine. Ehitusf\u00fc\u00fcsika ja materjalitehnoloogiad. Ehitajatele, projekteerijatele, ehitusjuhtidele jt. Registreeri kohe >","twitter_misc":{"Est. reading time":"1 minute"},"schema":{"@context":"https:\/\/schema.org","@graph":[{"@type":"WebPage","@id":"https:\/\/hutton.ee\/toode\/ehitusfuusika-tallinna-koolitus-30-03-6h\/","url":"https:\/\/hutton.ee\/toode\/ehitusfuusika-tallinna-koolitus-30-03-6h\/","name":"Ehitusf\u00fc\u00fcsika, materjalitehnoloogia: Tallinna koolitus 30.03 (6h) - Hutton","isPartOf":{"@id":"https:\/\/hutton.ee\/#website"},"primaryImageOfPage":{"@id":"https:\/\/hutton.ee\/toode\/ehitusfuusika-tallinna-koolitus-30-03-6h\/#primaryimage"},"image":{"@id":"https:\/\/hutton.ee\/toode\/ehitusfuusika-tallinna-koolitus-30-03-6h\/#primaryimage"},"thumbnailUrl":"https:\/\/hutton.ee\/wp-content\/uploads\/2022\/01\/koolituspilt-1.jpg","datePublished":"2023-01-09T12:55:23+00:00","dateModified":"2025-12-12T08:37:51+00:00","description":"Koolitus \u201eEhitusf\u00fc\u00fcsika, energias\u00e4\u00e4stlik ehitamine ja materjalitehnoloogiad\u201c k\u00e4sitleb niiskust, aluskatteid, tuulet\u00f5kkeid, aurut\u00f5kkeid ja soojustust.","breadcrumb":{"@id":"https:\/\/hutton.ee\/toode\/ehitusfuusika-tallinna-koolitus-30-03-6h\/#breadcrumb"},"inLanguage":"en-US","potentialAction":[{"@type":"ReadAction","target":["https:\/\/hutton.ee\/toode\/ehitusfuusika-tallinna-koolitus-30-03-6h\/"]}]},{"@type":"ImageObject","inLanguage":"en-US","@id":"https:\/\/hutton.ee\/toode\/ehitusfuusika-tallinna-koolitus-30-03-6h\/#primaryimage","url":"https:\/\/hutton.ee\/wp-content\/uploads\/2022\/01\/koolituspilt-1.jpg","contentUrl":"https:\/\/hutton.ee\/wp-content\/uploads\/2022\/01\/koolituspilt-1.jpg","width":800,"height":350,"caption":"Ehituskoolitus: Ehitusf\u00fc\u00fcsika"},{"@type":"BreadcrumbList","@id":"https:\/\/hutton.ee\/toode\/ehitusfuusika-tallinna-koolitus-30-03-6h\/#breadcrumb","itemListElement":[{"@type":"ListItem","position":1,"name":"Avaleht","item":"https:\/\/hutton.ee\/"},{"@type":"ListItem","position":2,"name":"Shop","item":"https:\/\/hutton.ee\/en\/shop\/"},{"@type":"ListItem","position":3,"name":"Ehitusf\u00fc\u00fcsika, materjalitehnoloogia: Tallinna koolitus 30.03 (6h)"}]},{"@type":"WebSite","@id":"https:\/\/hutton.ee\/#website","url":"https:\/\/hutton.ee\/","name":"Hutton","description":"Ajas kestvad ehituslahendused","publisher":{"@id":"https:\/\/hutton.ee\/#organization"},"potentialAction":[{"@type":"SearchAction","target":{"@type":"EntryPoint","urlTemplate":"https:\/\/hutton.ee\/?s={search_term_string}"},"query-input":{"@type":"PropertyValueSpecification","valueRequired":true,"valueName":"search_term_string"}}],"inLanguage":"en-US"},{"@type":"Organization","@id":"https:\/\/hutton.ee\/#organization","name":"Hutton - KATUS | SEIN | FASSAAD","url":"https:\/\/hutton.ee\/","logo":{"@type":"ImageObject","inLanguage":"en-US","@id":"https:\/\/hutton.ee\/#\/schema\/logo\/image\/","url":"https:\/\/hutton.ee\/wp-content\/uploads\/2020\/07\/hutton-logo_uuendatud-01.png","contentUrl":"https:\/\/hutton.ee\/wp-content\/uploads\/2020\/07\/hutton-logo_uuendatud-01.png","width":1064,"height":455,"caption":"Hutton - KATUS | SEIN | FASSAAD"},"image":{"@id":"https:\/\/hutton.ee\/#\/schema\/logo\/image\/"},"sameAs":["https:\/\/www.facebook.com\/huttoneesti"]}]}},"_links":{"self":[{"href":"https:\/\/hutton.ee\/en\/wp-json\/wp\/v2\/product\/18373","targetHints":{"allow":["GET"]}}],"collection":[{"href":"https:\/\/hutton.ee\/en\/wp-json\/wp\/v2\/product"}],"about":[{"href":"https:\/\/hutton.ee\/en\/wp-json\/wp\/v2\/types\/product"}],"wp:featuredmedia":[{"embeddable":true,"href":"https:\/\/hutton.ee\/en\/wp-json\/wp\/v2\/media\/12999"}],"wp:attachment":[{"href":"https:\/\/hutton.ee\/en\/wp-json\/wp\/v2\/media?parent=18373"}],"wp:term":[{"taxonomy":"product_brand","embeddable":true,"href":"https:\/\/hutton.ee\/en\/wp-json\/wp\/v2\/product_brand?post=18373"},{"taxonomy":"product_cat","embeddable":true,"href":"https:\/\/hutton.ee\/en\/wp-json\/wp\/v2\/product_cat?post=18373"},{"taxonomy":"product_tag","embeddable":true,"href":"https:\/\/hutton.ee\/en\/wp-json\/wp\/v2\/product_tag?post=18373"},{"taxonomy":"filtrisusteem","embeddable":true,"href":"https:\/\/hutton.ee\/en\/wp-json\/wp\/v2\/filtrisusteem?post=18373"},{"taxonomy":"kvaliteediklass","embeddable":true,"href":"https:\/\/hutton.ee\/en\/wp-json\/wp\/v2\/kvaliteediklass?post=18373"}],"curies":[{"name":"wp","href":"https:\/\/api.w.org\/{rel}","templated":true}]}}