{"id":18404,"date":"2023-01-10T14:36:31","date_gmt":"2023-01-10T14:36:31","guid":{"rendered":"https:\/\/hutton.ee\/?post_type=product&#038;p=18404"},"modified":"2025-12-12T10:25:17","modified_gmt":"2025-12-12T10:25:17","slug":"ehituskoolitus-katuseehituse-reeglid-ja-standardid","status":"publish","type":"product","link":"https:\/\/hutton.ee\/en\/toode\/ehituskoolitus-katuseehituse-reeglid-ja-standardid\/","title":{"rendered":"Katuseehituse reeglid ja standardid: Tartu koolitus 11.04 (3h)"},"content":{"rendered":"<p>Katuseehituse reeglid ja standardid<\/p>\n<p><strong>Koolitus toimub:<\/strong><\/p>\n<p>11.04.2023, T\u00e4he 110, \u00a051013, Tartu | Hutton<br \/>\nKell 13:00-16:00<\/p>\n<p><strong>Koolituse sisu:<\/strong><\/p>\n<ol>\n<li><strong>Sissejuhatus, \u00fclevaade katusereeglistest Eestis ja erinevates Euroopa riikides<\/strong><\/li>\n<\/ol>\n<ul>\n<li>Mida k\u00e4sitleb EVS 920 Katuseehitusreeglite standardisari?<\/li>\n<li>Milline on Eestis kehtiv katuseehitusreeglite s\u00fcsteem ja s\u00fcsteemi erinevate komponentide omavaheline hierahia? Tehnilised reeglid vs Katusejuhendid vs Toote tehnilised andmed<\/li>\n<li>Kuidas on reguleeritud ja korraldatud katuseehitusvaldkond Soomes, Saksamaal, Austrias, \u0160veitsis, jne?<\/li>\n<\/ul>\n<ol start=\"2\">\n<li><strong>\u00dcldm\u00f5istete tutvustus ja m\u00f5istete sisu kujunemise selgitused ja p\u00f5hjendused<\/strong><\/li>\n<\/ol>\n<ul>\n<li>Mis on katus? Mis on katusetarind?<\/li>\n<li>Mis on katuse kandetarind?<\/li>\n<li>Mis on katuse isolatsioonitarind?<\/li>\n<li>Mis on aluskatuse tarind?<\/li>\n<\/ul>\n<ol start=\"3\">\n<li><strong>Lamekatuse ja kaldkatuse m\u00e4\u00e4ratlused katuse kaldelisuse alusel<\/strong><\/li>\n<\/ol>\n<ul>\n<li>Mis on lamekatus? Mis on kaldkatus?<\/li>\n<li>Katuste jagunemine pinnageomeetria j\u00e4rgi.<\/li>\n<\/ul>\n<ol start=\"4\">\n<li><strong>Mis on katuse kalle ja kuidas seda v\u00e4ljendatakse?<\/strong><\/li>\n<\/ol>\n<ul>\n<li>Reeglitele vastav katuse kalle<\/li>\n<li>Minimaalne katuse kalle<\/li>\n<\/ul>\n<ol start=\"5\">\n<li><strong>Katuseehituse s\u00f5navara, \u00fcksikterminid<\/strong><\/li>\n<\/ol>\n<ul>\n<li>Kaldkatuse tarindiga seotud terminid<\/li>\n<li>Lamekatuse tarindiga seotud terminid<\/li>\n<li>Ajaloolised terminid<\/li>\n<\/ul>\n<ol start=\"6\">\n<li><strong>Katuse isolatsioonitarindite kihid<\/strong><\/li>\n<\/ol>\n<ul>\n<li>Aurut\u00f5ke<\/li>\n<li>\u00d5hut\u00f5ke<\/li>\n<li>Tuulet\u00f5ke<\/li>\n<li>Aluskate<\/li>\n<li>Soojustus<\/li>\n<li>M\u00fcrat\u00f5ke<\/li>\n<li>Tule leviku t\u00f5kestamine<\/li>\n<\/ul>\n<ol start=\"7\">\n<li><strong>Aluskatus &#8211; Uus standard EVS 920-7<\/strong><\/li>\n<\/ol>\n<ul>\n<li>aluskatte klassid n\u00fc\u00fcd ka Eestis!<\/li>\n<li>tuulutusroov ja selle dimensioneerimine<\/li>\n<\/ul>\n<p>8. <strong>Katusetarvikute s\u00fcsteemse k\u00e4sitluse alusp\u00f5him\u00f5tted<\/strong><\/p>\n<ul>\n<li>Vihmavees\u00fcsteem<\/li>\n<li>Tihendustarvikud<\/li>\n<li>Katuse ohutustarvikud<\/li>\n<li>Katuse- ja p\u00f6\u00f6ningu tuulutustarvikud<\/li>\n<li>Katuse liitetarvikud<\/li>\n<li>Katuse katte- ja l\u00f5petustarvikud<\/li>\n<li>Katuse kinnitustarvikud<\/li>\n<\/ul>\n<p>9. <strong>Ajutine kaitse ehitus- ja rekonstrueerimist\u00f6\u00f6de ajal<\/strong><\/p>\n<ul>\n<li>Ajutise kaitsmise vajadus<\/li>\n<li>Ajutised katted<\/li>\n<\/ul>\n<ol start=\"10\">\n<li><strong>Katusetarindi piirkonnad, katusega seotud hoone osad ja liited<\/strong><\/li>\n<\/ol>\n<ul>\n<li>Harjapiirkond<\/li>\n<li>R\u00e4\u00e4stapiirkond<\/li>\n<li>Neelupiirkond<\/li>\n<li>Korstnapiirkond<\/li>\n<li>Vinskap ja uuk<\/li>\n<li>Korstnad<\/li>\n<li>Katuseluugid, &#8211; aknad ja valgusluugid<\/li>\n<li>Liited ja liidete tihendamine<\/li>\n<\/ul>\n<p>11. <strong>Katuste katuset\u00fc\u00fcbid<\/strong><\/p>\n<ul>\n<li>Katuse kattematerjali t\u00fc\u00fcbid<\/li>\n<li>Katuse vihmavee \u00e4ravoolu t\u00fc\u00fcbid<\/li>\n<li>Katuse soojustuse t\u00fc\u00fcbid<\/li>\n<li>Katuse tuulduvuse t\u00fc\u00fcbid<\/li>\n<\/ul>\n<p>12.<strong> Katustega seotud m\u00f5jud ja koormused<\/strong><\/p>\n<ul>\n<li>Niiskuskoormus<\/li>\n<li>Soojuskoormus<\/li>\n<li>Mehaaniline koormus<\/li>\n<li>Keskkonnakoormus<\/li>\n<\/ul>\n<p>13. <strong>Katusega seotud \u00fcldn\u00f5uded<\/strong><\/p>\n<ul>\n<li>\u00dcldn\u00f5uded katusetarinditele<\/li>\n<li>N\u00f5uded toimivusele<\/li>\n<li>N\u00f5uded materjalidele<\/li>\n<\/ul>\n<p>14. <strong>Kokkuv\u00f5te ja arutelud<\/strong><\/p>\n<p><strong>Kellele on koolitus katuseehituse reeglid ja standardid suunatud:<\/strong><\/p>\n<p>Ehitajatele, projekteerijatele, arhitektidele, ehitusjuhtidele, ehitusej\u00e4relevalve inseneridele ja k\u00f5igile neile, kellele antud teema huvi pakub.<\/p>\n<p><strong>Registreerimine:<\/strong><\/p>\n<p>Valige endale sobiv koolituse aeg ja koht <a href=\"https:\/\/hutton.ee\/koolitused\/\">https:\/\/hutton.ee\/koolitused\/<\/a> ning registreeruge e-poe kaudu. <strong>Kohtade arv on piiratud!<\/strong><\/p>\n<p><strong>Koolituse tasu<\/strong> 40 eur + KM \/osaleja kohta sisaldab ka kohvipause.<\/p>\n<p>Osalejatele tunnistused!<\/p>\n<p class=\"moz-signature\">&#8212;<\/p>\n<p>Koolitaja Margus Laats (energias\u00e4\u00e4stliku ehituse ja materjalitehnoloogiate valdkonna tehniline konsultant):<\/p>\n<p>+372 50 11 324<br \/>\nmargus.laats@hutton.ee<\/p>\n","protected":false},"excerpt":{"rendered":"<p>Katuseehituse reeglid ja standardid Koolitus toimub: 11.04.2023, T\u00e4he 110, \u00a051013, Tartu | Hutton Kell 13:00-16:00 Koolituse sisu: Sissejuhatus, \u00fclevaade katusereeglistest Eestis ja erinevates Euroopa riikides Mida k\u00e4sitleb EVS 920 Katuseehitusreeglite standardisari? Milline on Eestis kehtiv katuseehitusreeglite s\u00fcsteem ja s\u00fcsteemi erinevate komponentide omavaheline hierahia? Tehnilised reeglid vs Katusejuhendid vs Toote tehnilised andmed Kuidas on reguleeritud ja [&hellip;]<\/p>\n","protected":false},"featured_media":18609,"template":"","meta":{"_gspb_post_css":"","_uf_show_specific_survey":0,"_uf_disable_surveys":false},"product_brand":[],"product_cat":[938],"product_tag":[],"filtrisusteem":[],"kvaliteediklass":[],"class_list":{"0":"post-18404","1":"product","2":"type-product","3":"status-publish","4":"has-post-thumbnail","6":"product_cat-koolitused","8":"first","9":"outofstock","10":"virtual","11":"taxable","12":"purchasable","13":"product-type-simple"},"yoast_head":"<!-- This site is optimized with the Yoast SEO Premium plugin v21.3 (Yoast SEO v27.3) - https:\/\/yoast.com\/product\/yoast-seo-premium-wordpress\/ -->\n<title>Katuseehituse reeglid ja standardid: Tartu koolitus 11.04 (3h) - Hutton<\/title>\n<meta name=\"description\" content=\"Koolitus \u201eKatuseehituse reeglid ja standardid\u201c annab \u00fclevaate EVS 920 standarditest, katuse tarinditest, n\u00f5uetest ja praktilistest lahendustest.\" \/>\n<meta name=\"robots\" content=\"index, follow, max-snippet:-1, max-image-preview:large, max-video-preview:-1\" \/>\n<link rel=\"canonical\" href=\"https:\/\/hutton.ee\/toode\/ehituskoolitus-katuseehituse-reeglid-ja-standardid\/\" \/>\n<meta property=\"og:locale\" content=\"en_US\" \/>\n<meta property=\"og:type\" content=\"article\" \/>\n<meta property=\"og:title\" content=\"Katuseehituse reeglid ja standardid: Tartu koolitus 11.04 (3h)\" \/>\n<meta property=\"og:description\" content=\"Koolitus \u201eKatuseehituse reeglid ja standardid\u201c annab \u00fclevaate EVS 920 standarditest, katuse tarinditest, n\u00f5uetest ja praktilistest lahendustest.\" \/>\n<meta property=\"og:url\" content=\"https:\/\/hutton.ee\/toode\/ehituskoolitus-katuseehituse-reeglid-ja-standardid\/\" \/>\n<meta property=\"og:site_name\" content=\"Hutton\" \/>\n<meta property=\"article:publisher\" content=\"https:\/\/www.facebook.com\/huttoneesti\" \/>\n<meta property=\"article:modified_time\" content=\"2025-12-12T10:25:17+00:00\" \/>\n<meta property=\"og:image\" content=\"https:\/\/hutton.ee\/wp-content\/uploads\/2023\/01\/Nimetu-kujundus-39.png\" \/>\n\t<meta property=\"og:image:width\" content=\"200\" \/>\n\t<meta property=\"og:image:height\" content=\"200\" \/>\n\t<meta property=\"og:image:type\" content=\"image\/png\" \/>\n<meta name=\"twitter:card\" content=\"summary_large_image\" \/>\n<meta name=\"twitter:label1\" content=\"Est. reading time\" \/>\n\t<meta name=\"twitter:data1\" content=\"2 minutes\" \/>\n<script type=\"application\/ld+json\" class=\"yoast-schema-graph\">{\"@context\":\"https:\\\/\\\/schema.org\",\"@graph\":[{\"@type\":\"WebPage\",\"@id\":\"https:\\\/\\\/hutton.ee\\\/toode\\\/ehituskoolitus-katuseehituse-reeglid-ja-standardid\\\/\",\"url\":\"https:\\\/\\\/hutton.ee\\\/toode\\\/ehituskoolitus-katuseehituse-reeglid-ja-standardid\\\/\",\"name\":\"Katuseehituse reeglid ja standardid: Tartu koolitus 11.04 (3h) - Hutton\",\"isPartOf\":{\"@id\":\"https:\\\/\\\/hutton.ee\\\/#website\"},\"primaryImageOfPage\":{\"@id\":\"https:\\\/\\\/hutton.ee\\\/toode\\\/ehituskoolitus-katuseehituse-reeglid-ja-standardid\\\/#primaryimage\"},\"image\":{\"@id\":\"https:\\\/\\\/hutton.ee\\\/toode\\\/ehituskoolitus-katuseehituse-reeglid-ja-standardid\\\/#primaryimage\"},\"thumbnailUrl\":\"https:\\\/\\\/hutton.ee\\\/wp-content\\\/uploads\\\/2023\\\/01\\\/Nimetu-kujundus-39.png\",\"datePublished\":\"2023-01-10T14:36:31+00:00\",\"dateModified\":\"2025-12-12T10:25:17+00:00\",\"description\":\"Koolitus \u201eKatuseehituse reeglid ja standardid\u201c annab \u00fclevaate EVS 920 standarditest, katuse tarinditest, n\u00f5uetest ja praktilistest lahendustest.\",\"breadcrumb\":{\"@id\":\"https:\\\/\\\/hutton.ee\\\/toode\\\/ehituskoolitus-katuseehituse-reeglid-ja-standardid\\\/#breadcrumb\"},\"inLanguage\":\"en-US\",\"potentialAction\":[{\"@type\":\"ReadAction\",\"target\":[\"https:\\\/\\\/hutton.ee\\\/toode\\\/ehituskoolitus-katuseehituse-reeglid-ja-standardid\\\/\"]}]},{\"@type\":\"ImageObject\",\"inLanguage\":\"en-US\",\"@id\":\"https:\\\/\\\/hutton.ee\\\/toode\\\/ehituskoolitus-katuseehituse-reeglid-ja-standardid\\\/#primaryimage\",\"url\":\"https:\\\/\\\/hutton.ee\\\/wp-content\\\/uploads\\\/2023\\\/01\\\/Nimetu-kujundus-39.png\",\"contentUrl\":\"https:\\\/\\\/hutton.ee\\\/wp-content\\\/uploads\\\/2023\\\/01\\\/Nimetu-kujundus-39.png\",\"width\":200,\"height\":200,\"caption\":\"Katuseehituse reeglid ja standardid, ehituskoolitus\"},{\"@type\":\"BreadcrumbList\",\"@id\":\"https:\\\/\\\/hutton.ee\\\/toode\\\/ehituskoolitus-katuseehituse-reeglid-ja-standardid\\\/#breadcrumb\",\"itemListElement\":[{\"@type\":\"ListItem\",\"position\":1,\"name\":\"Avaleht\",\"item\":\"https:\\\/\\\/hutton.ee\\\/\"},{\"@type\":\"ListItem\",\"position\":2,\"name\":\"Shop\",\"item\":\"https:\\\/\\\/hutton.ee\\\/en\\\/shop\\\/\"},{\"@type\":\"ListItem\",\"position\":3,\"name\":\"Katuseehituse reeglid ja standardid: Tartu koolitus 11.04 (3h)\"}]},{\"@type\":\"WebSite\",\"@id\":\"https:\\\/\\\/hutton.ee\\\/#website\",\"url\":\"https:\\\/\\\/hutton.ee\\\/\",\"name\":\"Hutton\",\"description\":\"Ajas kestvad ehituslahendused\",\"publisher\":{\"@id\":\"https:\\\/\\\/hutton.ee\\\/#organization\"},\"potentialAction\":[{\"@type\":\"SearchAction\",\"target\":{\"@type\":\"EntryPoint\",\"urlTemplate\":\"https:\\\/\\\/hutton.ee\\\/?s={search_term_string}\"},\"query-input\":{\"@type\":\"PropertyValueSpecification\",\"valueRequired\":true,\"valueName\":\"search_term_string\"}}],\"inLanguage\":\"en-US\"},{\"@type\":\"Organization\",\"@id\":\"https:\\\/\\\/hutton.ee\\\/#organization\",\"name\":\"Hutton - KATUS | SEIN | FASSAAD\",\"url\":\"https:\\\/\\\/hutton.ee\\\/\",\"logo\":{\"@type\":\"ImageObject\",\"inLanguage\":\"en-US\",\"@id\":\"https:\\\/\\\/hutton.ee\\\/#\\\/schema\\\/logo\\\/image\\\/\",\"url\":\"https:\\\/\\\/hutton.ee\\\/wp-content\\\/uploads\\\/2020\\\/07\\\/hutton-logo_uuendatud-01.png\",\"contentUrl\":\"https:\\\/\\\/hutton.ee\\\/wp-content\\\/uploads\\\/2020\\\/07\\\/hutton-logo_uuendatud-01.png\",\"width\":1064,\"height\":455,\"caption\":\"Hutton - KATUS | SEIN | FASSAAD\"},\"image\":{\"@id\":\"https:\\\/\\\/hutton.ee\\\/#\\\/schema\\\/logo\\\/image\\\/\"},\"sameAs\":[\"https:\\\/\\\/www.facebook.com\\\/huttoneesti\"]}]}<\/script>\n<!-- \/ Yoast SEO Premium plugin. -->","yoast_head_json":{"title":"Katuseehituse reeglid ja standardid: Tartu koolitus 11.04 (3h) - Hutton","description":"Koolitus \u201eKatuseehituse reeglid ja standardid\u201c annab \u00fclevaate EVS 920 standarditest, katuse tarinditest, n\u00f5uetest ja praktilistest lahendustest.","robots":{"index":"index","follow":"follow","max-snippet":"max-snippet:-1","max-image-preview":"max-image-preview:large","max-video-preview":"max-video-preview:-1"},"canonical":"https:\/\/hutton.ee\/toode\/ehituskoolitus-katuseehituse-reeglid-ja-standardid\/","og_locale":"en_US","og_type":"article","og_title":"Katuseehituse reeglid ja standardid: Tartu koolitus 11.04 (3h)","og_description":"Koolitus \u201eKatuseehituse reeglid ja standardid\u201c annab \u00fclevaate EVS 920 standarditest, katuse tarinditest, n\u00f5uetest ja praktilistest lahendustest.","og_url":"https:\/\/hutton.ee\/toode\/ehituskoolitus-katuseehituse-reeglid-ja-standardid\/","og_site_name":"Hutton","article_publisher":"https:\/\/www.facebook.com\/huttoneesti","article_modified_time":"2025-12-12T10:25:17+00:00","og_image":[{"width":200,"height":200,"url":"https:\/\/hutton.ee\/wp-content\/uploads\/2023\/01\/Nimetu-kujundus-39.png","type":"image\/png"}],"twitter_card":"summary_large_image","twitter_misc":{"Est. reading time":"2 minutes"},"schema":{"@context":"https:\/\/schema.org","@graph":[{"@type":"WebPage","@id":"https:\/\/hutton.ee\/toode\/ehituskoolitus-katuseehituse-reeglid-ja-standardid\/","url":"https:\/\/hutton.ee\/toode\/ehituskoolitus-katuseehituse-reeglid-ja-standardid\/","name":"Katuseehituse reeglid ja standardid: Tartu koolitus 11.04 (3h) - Hutton","isPartOf":{"@id":"https:\/\/hutton.ee\/#website"},"primaryImageOfPage":{"@id":"https:\/\/hutton.ee\/toode\/ehituskoolitus-katuseehituse-reeglid-ja-standardid\/#primaryimage"},"image":{"@id":"https:\/\/hutton.ee\/toode\/ehituskoolitus-katuseehituse-reeglid-ja-standardid\/#primaryimage"},"thumbnailUrl":"https:\/\/hutton.ee\/wp-content\/uploads\/2023\/01\/Nimetu-kujundus-39.png","datePublished":"2023-01-10T14:36:31+00:00","dateModified":"2025-12-12T10:25:17+00:00","description":"Koolitus \u201eKatuseehituse reeglid ja standardid\u201c annab \u00fclevaate EVS 920 standarditest, katuse tarinditest, n\u00f5uetest ja praktilistest lahendustest.","breadcrumb":{"@id":"https:\/\/hutton.ee\/toode\/ehituskoolitus-katuseehituse-reeglid-ja-standardid\/#breadcrumb"},"inLanguage":"en-US","potentialAction":[{"@type":"ReadAction","target":["https:\/\/hutton.ee\/toode\/ehituskoolitus-katuseehituse-reeglid-ja-standardid\/"]}]},{"@type":"ImageObject","inLanguage":"en-US","@id":"https:\/\/hutton.ee\/toode\/ehituskoolitus-katuseehituse-reeglid-ja-standardid\/#primaryimage","url":"https:\/\/hutton.ee\/wp-content\/uploads\/2023\/01\/Nimetu-kujundus-39.png","contentUrl":"https:\/\/hutton.ee\/wp-content\/uploads\/2023\/01\/Nimetu-kujundus-39.png","width":200,"height":200,"caption":"Katuseehituse reeglid ja standardid, ehituskoolitus"},{"@type":"BreadcrumbList","@id":"https:\/\/hutton.ee\/toode\/ehituskoolitus-katuseehituse-reeglid-ja-standardid\/#breadcrumb","itemListElement":[{"@type":"ListItem","position":1,"name":"Avaleht","item":"https:\/\/hutton.ee\/"},{"@type":"ListItem","position":2,"name":"Shop","item":"https:\/\/hutton.ee\/en\/shop\/"},{"@type":"ListItem","position":3,"name":"Katuseehituse reeglid ja standardid: Tartu koolitus 11.04 (3h)"}]},{"@type":"WebSite","@id":"https:\/\/hutton.ee\/#website","url":"https:\/\/hutton.ee\/","name":"Hutton","description":"Ajas kestvad ehituslahendused","publisher":{"@id":"https:\/\/hutton.ee\/#organization"},"potentialAction":[{"@type":"SearchAction","target":{"@type":"EntryPoint","urlTemplate":"https:\/\/hutton.ee\/?s={search_term_string}"},"query-input":{"@type":"PropertyValueSpecification","valueRequired":true,"valueName":"search_term_string"}}],"inLanguage":"en-US"},{"@type":"Organization","@id":"https:\/\/hutton.ee\/#organization","name":"Hutton - KATUS | SEIN | FASSAAD","url":"https:\/\/hutton.ee\/","logo":{"@type":"ImageObject","inLanguage":"en-US","@id":"https:\/\/hutton.ee\/#\/schema\/logo\/image\/","url":"https:\/\/hutton.ee\/wp-content\/uploads\/2020\/07\/hutton-logo_uuendatud-01.png","contentUrl":"https:\/\/hutton.ee\/wp-content\/uploads\/2020\/07\/hutton-logo_uuendatud-01.png","width":1064,"height":455,"caption":"Hutton - KATUS | SEIN | FASSAAD"},"image":{"@id":"https:\/\/hutton.ee\/#\/schema\/logo\/image\/"},"sameAs":["https:\/\/www.facebook.com\/huttoneesti"]}]}},"_links":{"self":[{"href":"https:\/\/hutton.ee\/en\/wp-json\/wp\/v2\/product\/18404","targetHints":{"allow":["GET"]}}],"collection":[{"href":"https:\/\/hutton.ee\/en\/wp-json\/wp\/v2\/product"}],"about":[{"href":"https:\/\/hutton.ee\/en\/wp-json\/wp\/v2\/types\/product"}],"wp:featuredmedia":[{"embeddable":true,"href":"https:\/\/hutton.ee\/en\/wp-json\/wp\/v2\/media\/18609"}],"wp:attachment":[{"href":"https:\/\/hutton.ee\/en\/wp-json\/wp\/v2\/media?parent=18404"}],"wp:term":[{"taxonomy":"product_brand","embeddable":true,"href":"https:\/\/hutton.ee\/en\/wp-json\/wp\/v2\/product_brand?post=18404"},{"taxonomy":"product_cat","embeddable":true,"href":"https:\/\/hutton.ee\/en\/wp-json\/wp\/v2\/product_cat?post=18404"},{"taxonomy":"product_tag","embeddable":true,"href":"https:\/\/hutton.ee\/en\/wp-json\/wp\/v2\/product_tag?post=18404"},{"taxonomy":"filtrisusteem","embeddable":true,"href":"https:\/\/hutton.ee\/en\/wp-json\/wp\/v2\/filtrisusteem?post=18404"},{"taxonomy":"kvaliteediklass","embeddable":true,"href":"https:\/\/hutton.ee\/en\/wp-json\/wp\/v2\/kvaliteediklass?post=18404"}],"curies":[{"name":"wp","href":"https:\/\/api.w.org\/{rel}","templated":true}]}}