{"id":18479,"date":"2023-01-19T10:57:56","date_gmt":"2023-01-19T10:57:56","guid":{"rendered":"https:\/\/hutton.ee\/?post_type=product&#038;p=18479"},"modified":"2025-07-24T07:34:07","modified_gmt":"2025-07-24T07:34:07","slug":"tuuletoke-difflex-thermo-fassade-light-120-75m2","status":"publish","type":"product","link":"https:\/\/hutton.ee\/en\/toode\/tuuletoke-difflex-thermo-fassade-light-120-75m2\/","title":{"rendered":"Tuulet\u00f5ke Difflex Thermo Fassade Light 120, 75m2"},"content":{"rendered":"<p>Tuulet\u00f5ke Difflex Thermo Fassade Light 120 75m2 on v\u00e4ga hea kvaliteediga A1 tuulet\u00f5ke. Eriti sobilik fassadilahendustele, kus tuulet\u00f5ke j\u00e4\u00e4b pidevalt p\u00e4ikesepuutesse.<\/p>\n<p><strong>Toote kirjeldus<\/strong><\/p>\n<p>Difflex Thermo Fassade Light 120 on auru l\u00e4bilaskev fassaadi membraan. See koosneb kahest vett h\u00fclgavast pol\u00fcesterfliisi kihist, mis moodustavad monoliitse eriomadustega membraani.<\/p>\n<p>Sobib kasutamiseks k\u00f5ikides fassaadi konstruktsioonides (suletud ja osaliselt avatud) ning paigalduseks aurut\u00f5kke peale. Osaliselt avatud fassaadide vuuk ei tohi \u00fcletada 30mm (40% pinnast). \u00dclitugev kahest pol\u00fcesterfliisi kihist koosnev konstruktsioon annab membraanile v\u00e4hese kaalu juures suure mehaanilise vastupidavuse ning seda on v\u00e4ga lihtne t\u00f6\u00f6delda.<\/p>\n<p><b>Tuulet\u00f5ke Difflex Thermo Fassade Light 120 p\u00f5hiomadused<\/b>:<\/p>\n<ul>\n<li>Osaliselt avatud fassaadidele vuugiga kuni 30mm (40% pinnast)<\/li>\n<li>Kolmekihiline struktuur, v\u00e4ga tugev, kaalub v\u00e4he<\/li>\n<li>Kuumuskindel 100\u00b0C juures<\/li>\n<li>v\u00e4rvus must.<\/li>\n<\/ul>\n<p>K\u00e4esolev tooteversioon on ilma teibita, laius 1.5m, pikkus 50jm, rulli pindala 75m2.<\/p>\n<p><strong>Loe lisaks:<\/strong><\/p>\n<p><a href=\"https:\/\/hutton.ee\/mis-on-tuuletoke\/\">Mis on tuulet\u00f5ke?<\/a><br \/>\n<a href=\"https:\/\/hutton.ee\/tuuletokke-valimine-kuidas-valida-tuuletoket\/\">Tuulet\u00f5kke valimine \u2013 kuidas valida tuulet\u00f5ket?<\/a><\/p>\n<p><strong>Vajadusel k\u00fcsi n\u00f5u:<br \/>\n<\/strong><\/p>\n<p><strong>Regina<\/strong> <a href=\"tel:5076742\">+372 507 6742<\/a> | <a href=\"mailto:regina@hutton.ee\">regina@hutton.ee<\/a><br \/>\n<strong>Neeme<\/strong> <a href=\"tel:5098168\">+372 509 8168<\/a> | <a href=\"mailto:neeme@hutton.ee\">neeme@hutton.ee<\/a><\/p>\n","protected":false},"excerpt":{"rendered":"<p><span style=\"text-decoration: underline;\"><span style=\"color: #ff0000; font-size: 12pt; text-decoration: underline;\"><strong><a style=\"color: #ff0000; text-decoration: underline;\" href=\"https:\/\/hutton.ee\/minu-konto\/\" target=\"_blank\" rel=\"noopener\">Registreeru p\u00fcsikliendiks<\/a>!<\/strong><\/span><\/span><\/p>\n<p>M\u00fc\u00fcme ka m\u00b2 p\u00f5hiselt!<\/p>\n<p><strong>Kui soovid v\u00e4iksemat kogust kui 1 rull, siis saada oma tellimus soovitud kogusega <\/strong><a style=\"color: #3771c1;\" href=\"mailto:tellimus@hutton.ee\">tellimus@hutton.ee<\/a><\/p>\n","protected":false},"featured_media":26548,"template":"","meta":{"_gspb_post_css":"","_uf_show_specific_survey":0,"_uf_disable_surveys":false},"product_brand":[],"product_cat":[950,951],"product_tag":[2892,1258],"filtrisusteem":[2398,2327,2358,2347,2376,2326,2337,2341,2396,2379,2365,2335,2370,2351,2369,2378],"kvaliteediklass":[],"class_list":{"0":"post-18479","1":"product","2":"type-product","3":"status-publish","4":"has-post-thumbnail","6":"product_cat-tuuletokked","7":"product_cat-tuuletokke-membraanid","8":"product_tag-3tk_block","9":"product_tag-ei_pakiautomaat","10":"filtrisusteem-15m","11":"filtrisusteem-120gm","12":"filtrisusteem-24-nadalat","13":"filtrisusteem-b3","14":"filtrisusteem-e","15":"filtrisusteem-kaal-gm","16":"filtrisusteem-kuni120c","17":"filtrisusteem-kvaliteediklass","18":"filtrisusteem-laius-rullis","19":"filtrisusteem-must","20":"filtrisusteem-rebenemistugevus-klass","21":"filtrisusteem-temperatuuritaluvus","22":"filtrisusteem-tuletundlikkus","23":"filtrisusteem-uv-kindlus","24":"filtrisusteem-vaga-tugev-250n","25":"filtrisusteem-varvus","27":"first","28":"instock","29":"taxable","30":"shipping-taxable","31":"purchasable","32":"product-type-simple"},"yoast_head":"<!-- This site is optimized with the Yoast SEO Premium plugin v21.3 (Yoast SEO v27.3) - https:\/\/yoast.com\/product\/yoast-seo-premium-wordpress\/ -->\n<title>Tuulet\u00f5ke Difflex Thermo Fassade Light 120, 75m2 - Hutton<\/title>\n<meta name=\"description\" content=\"Tuulet\u00f5ke Difflex Thermo Fassade Light 120. Sobib kasutamiseks k\u00f5ikides fassaadi konstruktsioonides ning paigalduseks aurut\u00f5kke peale.\" \/>\n<meta name=\"robots\" content=\"index, follow, max-snippet:-1, max-image-preview:large, max-video-preview:-1\" \/>\n<link rel=\"canonical\" href=\"https:\/\/hutton.ee\/toode\/tuuletoke-difflex-thermo-fassade-light-120-75m2\/\" \/>\n<meta property=\"og:locale\" content=\"en_US\" \/>\n<meta property=\"og:type\" content=\"article\" \/>\n<meta property=\"og:title\" content=\"Tuulet\u00f5ke Difflex Thermo Fassade Light 120, 75m2 - Hutton\" \/>\n<meta property=\"og:description\" content=\"Tuulet\u00f5ke SwissFront MONO UV 120. Sobib kasutamiseks k\u00f5ikides fassaadi konstruktsioonides (suletud ja osaliselt avatud) ning paigalduseks aurut\u00f5kke peale. Edasi\" \/>\n<meta property=\"og:url\" content=\"https:\/\/hutton.ee\/toode\/tuuletoke-difflex-thermo-fassade-light-120-75m2\/\" \/>\n<meta property=\"og:site_name\" content=\"Hutton\" \/>\n<meta property=\"article:publisher\" content=\"https:\/\/www.facebook.com\/huttoneesti\" \/>\n<meta property=\"article:modified_time\" content=\"2025-07-24T07:34:07+00:00\" \/>\n<meta property=\"og:image\" content=\"https:\/\/hutton.ee\/wp-content\/uploads\/2023\/06\/Tuuletoke-Difflex-Thermo-Fassade-Light.png\" \/>\n\t<meta property=\"og:image:width\" content=\"500\" \/>\n\t<meta property=\"og:image:height\" content=\"500\" \/>\n\t<meta property=\"og:image:type\" content=\"image\/png\" \/>\n<meta name=\"twitter:card\" content=\"summary_large_image\" \/>\n<meta name=\"twitter:title\" content=\"Tuulet\u00f5ke Difflex Thermo Fassade Light 120, 75m2 - Hutton\" \/>\n<meta name=\"twitter:description\" content=\"Tuulet\u00f5ke SwissFront MONO UV 120. Sobib kasutamiseks k\u00f5ikides fassaadi konstruktsioonides (suletud ja osaliselt avatud) ning paigalduseks aurut\u00f5kke peale. Edasi\" \/>\n<meta name=\"twitter:label1\" content=\"Est. reading time\" \/>\n\t<meta name=\"twitter:data1\" content=\"2 minutes\" \/>\n<script type=\"application\/ld+json\" class=\"yoast-schema-graph\">{\"@context\":\"https:\\\/\\\/schema.org\",\"@graph\":[{\"@type\":\"WebPage\",\"@id\":\"https:\\\/\\\/hutton.ee\\\/toode\\\/tuuletoke-difflex-thermo-fassade-light-120-75m2\\\/\",\"url\":\"https:\\\/\\\/hutton.ee\\\/toode\\\/tuuletoke-difflex-thermo-fassade-light-120-75m2\\\/\",\"name\":\"Tuulet\u00f5ke Difflex Thermo Fassade Light 120, 75m2 - Hutton\",\"isPartOf\":{\"@id\":\"https:\\\/\\\/hutton.ee\\\/#website\"},\"primaryImageOfPage\":{\"@id\":\"https:\\\/\\\/hutton.ee\\\/toode\\\/tuuletoke-difflex-thermo-fassade-light-120-75m2\\\/#primaryimage\"},\"image\":{\"@id\":\"https:\\\/\\\/hutton.ee\\\/toode\\\/tuuletoke-difflex-thermo-fassade-light-120-75m2\\\/#primaryimage\"},\"thumbnailUrl\":\"https:\\\/\\\/hutton.ee\\\/wp-content\\\/uploads\\\/2023\\\/06\\\/Tuuletoke-Difflex-Thermo-Fassade-Light.png\",\"datePublished\":\"2023-01-19T10:57:56+00:00\",\"dateModified\":\"2025-07-24T07:34:07+00:00\",\"description\":\"Tuulet\u00f5ke Difflex Thermo Fassade Light 120. Sobib kasutamiseks k\u00f5ikides fassaadi konstruktsioonides ning paigalduseks aurut\u00f5kke peale.\",\"breadcrumb\":{\"@id\":\"https:\\\/\\\/hutton.ee\\\/toode\\\/tuuletoke-difflex-thermo-fassade-light-120-75m2\\\/#breadcrumb\"},\"inLanguage\":\"en-US\",\"potentialAction\":[{\"@type\":\"ReadAction\",\"target\":[\"https:\\\/\\\/hutton.ee\\\/toode\\\/tuuletoke-difflex-thermo-fassade-light-120-75m2\\\/\"]}]},{\"@type\":\"ImageObject\",\"inLanguage\":\"en-US\",\"@id\":\"https:\\\/\\\/hutton.ee\\\/toode\\\/tuuletoke-difflex-thermo-fassade-light-120-75m2\\\/#primaryimage\",\"url\":\"https:\\\/\\\/hutton.ee\\\/wp-content\\\/uploads\\\/2023\\\/06\\\/Tuuletoke-Difflex-Thermo-Fassade-Light.png\",\"contentUrl\":\"https:\\\/\\\/hutton.ee\\\/wp-content\\\/uploads\\\/2023\\\/06\\\/Tuuletoke-Difflex-Thermo-Fassade-Light.png\",\"width\":500,\"height\":500,\"caption\":\"Tuulet\u00f5ke Difflex Thermo Fassade Light\"},{\"@type\":\"BreadcrumbList\",\"@id\":\"https:\\\/\\\/hutton.ee\\\/toode\\\/tuuletoke-difflex-thermo-fassade-light-120-75m2\\\/#breadcrumb\",\"itemListElement\":[{\"@type\":\"ListItem\",\"position\":1,\"name\":\"Avaleht\",\"item\":\"https:\\\/\\\/hutton.ee\\\/\"},{\"@type\":\"ListItem\",\"position\":2,\"name\":\"Shop\",\"item\":\"https:\\\/\\\/hutton.ee\\\/en\\\/shop\\\/\"},{\"@type\":\"ListItem\",\"position\":3,\"name\":\"Tuulet\u00f5ke Difflex Thermo Fassade Light 120, 75m2\"}]},{\"@type\":\"WebSite\",\"@id\":\"https:\\\/\\\/hutton.ee\\\/#website\",\"url\":\"https:\\\/\\\/hutton.ee\\\/\",\"name\":\"Hutton\",\"description\":\"Ajas kestvad ehituslahendused\",\"publisher\":{\"@id\":\"https:\\\/\\\/hutton.ee\\\/#organization\"},\"potentialAction\":[{\"@type\":\"SearchAction\",\"target\":{\"@type\":\"EntryPoint\",\"urlTemplate\":\"https:\\\/\\\/hutton.ee\\\/?s={search_term_string}\"},\"query-input\":{\"@type\":\"PropertyValueSpecification\",\"valueRequired\":true,\"valueName\":\"search_term_string\"}}],\"inLanguage\":\"en-US\"},{\"@type\":\"Organization\",\"@id\":\"https:\\\/\\\/hutton.ee\\\/#organization\",\"name\":\"Hutton - KATUS | SEIN | FASSAAD\",\"url\":\"https:\\\/\\\/hutton.ee\\\/\",\"logo\":{\"@type\":\"ImageObject\",\"inLanguage\":\"en-US\",\"@id\":\"https:\\\/\\\/hutton.ee\\\/#\\\/schema\\\/logo\\\/image\\\/\",\"url\":\"https:\\\/\\\/hutton.ee\\\/wp-content\\\/uploads\\\/2020\\\/07\\\/hutton-logo_uuendatud-01.png\",\"contentUrl\":\"https:\\\/\\\/hutton.ee\\\/wp-content\\\/uploads\\\/2020\\\/07\\\/hutton-logo_uuendatud-01.png\",\"width\":1064,\"height\":455,\"caption\":\"Hutton - KATUS | SEIN | FASSAAD\"},\"image\":{\"@id\":\"https:\\\/\\\/hutton.ee\\\/#\\\/schema\\\/logo\\\/image\\\/\"},\"sameAs\":[\"https:\\\/\\\/www.facebook.com\\\/huttoneesti\"]}]}<\/script>\n<!-- \/ Yoast SEO Premium plugin. -->","yoast_head_json":{"title":"Tuulet\u00f5ke Difflex Thermo Fassade Light 120, 75m2 - Hutton","description":"Tuulet\u00f5ke Difflex Thermo Fassade Light 120. Sobib kasutamiseks k\u00f5ikides fassaadi konstruktsioonides ning paigalduseks aurut\u00f5kke peale.","robots":{"index":"index","follow":"follow","max-snippet":"max-snippet:-1","max-image-preview":"max-image-preview:large","max-video-preview":"max-video-preview:-1"},"canonical":"https:\/\/hutton.ee\/toode\/tuuletoke-difflex-thermo-fassade-light-120-75m2\/","og_locale":"en_US","og_type":"article","og_title":"Tuulet\u00f5ke Difflex Thermo Fassade Light 120, 75m2 - Hutton","og_description":"Tuulet\u00f5ke SwissFront MONO UV 120. Sobib kasutamiseks k\u00f5ikides fassaadi konstruktsioonides (suletud ja osaliselt avatud) ning paigalduseks aurut\u00f5kke peale. Edasi","og_url":"https:\/\/hutton.ee\/toode\/tuuletoke-difflex-thermo-fassade-light-120-75m2\/","og_site_name":"Hutton","article_publisher":"https:\/\/www.facebook.com\/huttoneesti","article_modified_time":"2025-07-24T07:34:07+00:00","og_image":[{"width":500,"height":500,"url":"https:\/\/hutton.ee\/wp-content\/uploads\/2023\/06\/Tuuletoke-Difflex-Thermo-Fassade-Light.png","type":"image\/png"}],"twitter_card":"summary_large_image","twitter_title":"Tuulet\u00f5ke Difflex Thermo Fassade Light 120, 75m2 - Hutton","twitter_description":"Tuulet\u00f5ke SwissFront MONO UV 120. Sobib kasutamiseks k\u00f5ikides fassaadi konstruktsioonides (suletud ja osaliselt avatud) ning paigalduseks aurut\u00f5kke peale. Edasi","twitter_misc":{"Est. reading time":"2 minutes"},"schema":{"@context":"https:\/\/schema.org","@graph":[{"@type":"WebPage","@id":"https:\/\/hutton.ee\/toode\/tuuletoke-difflex-thermo-fassade-light-120-75m2\/","url":"https:\/\/hutton.ee\/toode\/tuuletoke-difflex-thermo-fassade-light-120-75m2\/","name":"Tuulet\u00f5ke Difflex Thermo Fassade Light 120, 75m2 - Hutton","isPartOf":{"@id":"https:\/\/hutton.ee\/#website"},"primaryImageOfPage":{"@id":"https:\/\/hutton.ee\/toode\/tuuletoke-difflex-thermo-fassade-light-120-75m2\/#primaryimage"},"image":{"@id":"https:\/\/hutton.ee\/toode\/tuuletoke-difflex-thermo-fassade-light-120-75m2\/#primaryimage"},"thumbnailUrl":"https:\/\/hutton.ee\/wp-content\/uploads\/2023\/06\/Tuuletoke-Difflex-Thermo-Fassade-Light.png","datePublished":"2023-01-19T10:57:56+00:00","dateModified":"2025-07-24T07:34:07+00:00","description":"Tuulet\u00f5ke Difflex Thermo Fassade Light 120. Sobib kasutamiseks k\u00f5ikides fassaadi konstruktsioonides ning paigalduseks aurut\u00f5kke peale.","breadcrumb":{"@id":"https:\/\/hutton.ee\/toode\/tuuletoke-difflex-thermo-fassade-light-120-75m2\/#breadcrumb"},"inLanguage":"en-US","potentialAction":[{"@type":"ReadAction","target":["https:\/\/hutton.ee\/toode\/tuuletoke-difflex-thermo-fassade-light-120-75m2\/"]}]},{"@type":"ImageObject","inLanguage":"en-US","@id":"https:\/\/hutton.ee\/toode\/tuuletoke-difflex-thermo-fassade-light-120-75m2\/#primaryimage","url":"https:\/\/hutton.ee\/wp-content\/uploads\/2023\/06\/Tuuletoke-Difflex-Thermo-Fassade-Light.png","contentUrl":"https:\/\/hutton.ee\/wp-content\/uploads\/2023\/06\/Tuuletoke-Difflex-Thermo-Fassade-Light.png","width":500,"height":500,"caption":"Tuulet\u00f5ke Difflex Thermo Fassade Light"},{"@type":"BreadcrumbList","@id":"https:\/\/hutton.ee\/toode\/tuuletoke-difflex-thermo-fassade-light-120-75m2\/#breadcrumb","itemListElement":[{"@type":"ListItem","position":1,"name":"Avaleht","item":"https:\/\/hutton.ee\/"},{"@type":"ListItem","position":2,"name":"Shop","item":"https:\/\/hutton.ee\/en\/shop\/"},{"@type":"ListItem","position":3,"name":"Tuulet\u00f5ke Difflex Thermo Fassade Light 120, 75m2"}]},{"@type":"WebSite","@id":"https:\/\/hutton.ee\/#website","url":"https:\/\/hutton.ee\/","name":"Hutton","description":"Ajas kestvad ehituslahendused","publisher":{"@id":"https:\/\/hutton.ee\/#organization"},"potentialAction":[{"@type":"SearchAction","target":{"@type":"EntryPoint","urlTemplate":"https:\/\/hutton.ee\/?s={search_term_string}"},"query-input":{"@type":"PropertyValueSpecification","valueRequired":true,"valueName":"search_term_string"}}],"inLanguage":"en-US"},{"@type":"Organization","@id":"https:\/\/hutton.ee\/#organization","name":"Hutton - KATUS | SEIN | FASSAAD","url":"https:\/\/hutton.ee\/","logo":{"@type":"ImageObject","inLanguage":"en-US","@id":"https:\/\/hutton.ee\/#\/schema\/logo\/image\/","url":"https:\/\/hutton.ee\/wp-content\/uploads\/2020\/07\/hutton-logo_uuendatud-01.png","contentUrl":"https:\/\/hutton.ee\/wp-content\/uploads\/2020\/07\/hutton-logo_uuendatud-01.png","width":1064,"height":455,"caption":"Hutton - KATUS | SEIN | FASSAAD"},"image":{"@id":"https:\/\/hutton.ee\/#\/schema\/logo\/image\/"},"sameAs":["https:\/\/www.facebook.com\/huttoneesti"]}]}},"_links":{"self":[{"href":"https:\/\/hutton.ee\/en\/wp-json\/wp\/v2\/product\/18479","targetHints":{"allow":["GET"]}}],"collection":[{"href":"https:\/\/hutton.ee\/en\/wp-json\/wp\/v2\/product"}],"about":[{"href":"https:\/\/hutton.ee\/en\/wp-json\/wp\/v2\/types\/product"}],"wp:featuredmedia":[{"embeddable":true,"href":"https:\/\/hutton.ee\/en\/wp-json\/wp\/v2\/media\/26548"}],"wp:attachment":[{"href":"https:\/\/hutton.ee\/en\/wp-json\/wp\/v2\/media?parent=18479"}],"wp:term":[{"taxonomy":"product_brand","embeddable":true,"href":"https:\/\/hutton.ee\/en\/wp-json\/wp\/v2\/product_brand?post=18479"},{"taxonomy":"product_cat","embeddable":true,"href":"https:\/\/hutton.ee\/en\/wp-json\/wp\/v2\/product_cat?post=18479"},{"taxonomy":"product_tag","embeddable":true,"href":"https:\/\/hutton.ee\/en\/wp-json\/wp\/v2\/product_tag?post=18479"},{"taxonomy":"filtrisusteem","embeddable":true,"href":"https:\/\/hutton.ee\/en\/wp-json\/wp\/v2\/filtrisusteem?post=18479"},{"taxonomy":"kvaliteediklass","embeddable":true,"href":"https:\/\/hutton.ee\/en\/wp-json\/wp\/v2\/kvaliteediklass?post=18479"}],"curies":[{"name":"wp","href":"https:\/\/api.w.org\/{rel}","templated":true}]}}