{"id":18556,"date":"2023-02-08T08:16:49","date_gmt":"2023-02-08T08:16:49","guid":{"rendered":"https:\/\/hutton.ee\/?post_type=product&#038;p=18556"},"modified":"2025-10-29T12:46:07","modified_gmt":"2025-10-29T12:46:07","slug":"teip-ultra-uv-60mm-40m-neutral","status":"publish","type":"product","link":"https:\/\/hutton.ee\/en\/toode\/teip-ultra-uv-60mm-40m-neutral\/","title":{"rendered":"Teip Ultra UV+ 60mm\/40m neutral"},"content":{"rendered":"<p>Teip Ultra UV+ 60mm\/40m neutral on k\u00f5rgkvaliteetne A2 kvaliteedikategooria v\u00e4listeip, mida on lubatud kasutada ka sees. UV kindlus 2 aastat.<\/p>\n<p><b>Toote p\u00f5hiomadused:<\/b><\/p>\n<ul>\n<li>Katuse aluskatte, tuulet\u00f5kke, aurut\u00f5kke tihendamiseks<\/li>\n<li>Nakkub h\u00e4sti kile, membraani, vineeri, OSB, puidu, metalli, betooni ja kivi pindadega<\/li>\n<li>K\u00f5rgeima kvaliteediga teip Eesti turul.<\/li>\n<\/ul>\n<p><strong>Selle toote teeb eriliseks:<\/strong><\/p>\n<ul>\n<li>Pikaajaline UV kindlus 24 kuud<\/li>\n<li>Parim liim v\u00e4litingimuste jaoks<\/li>\n<li>K\u00f5rge kvaliteet A2<\/li>\n<li>Paigaldustemperatuur -10\u00b0C kuni +30\u00b0C<\/li>\n<li>LDPE kile<\/li>\n<li>Vett mittekartev<\/li>\n<li>Musta v\u00e4rvi<\/li>\n<\/ul>\n<p><strong>Loe l\u00e4hemalt:<\/strong><\/p>\n<p><a href=\"https:\/\/hutton.ee\/mis-on-ehitusteip\/\">Mis on ehitusteip?<\/a><\/p>\n<p><strong>Vajadusel k\u00fcsi n\u00f5u:<br \/>\n<\/strong><\/p>\n<p><strong>Regina<\/strong> <a href=\"tel:5076742\">+372 507 6742<\/a> | <a href=\"mailto:regina@hutton.ee\">regina@hutton.ee<\/a><br \/>\n<strong>Neeme<\/strong> <a href=\"tel:5098168\">+372 509 8168<\/a> | <a href=\"mailto:neeme@hutton.ee\">neeme@hutton.ee<\/a><\/p>\n","protected":false},"excerpt":{"rendered":"<p><span style=\"text-decoration: underline;\"><span style=\"color: #ff0000; font-size: 12pt; text-decoration: underline;\"><strong><a style=\"color: #ff0000; text-decoration: underline;\" href=\"https:\/\/hutton.ee\/minu-konto\/\" target=\"_blank\" rel=\"noopener\">Registreeru p\u00fcsikliendiks<\/a>!<\/strong><\/span><\/span><\/p>\n<p>Hutton p\u00fcsikliendile: 0,489\u20ac \/ jm<\/p>\n","protected":false},"featured_media":26690,"template":"","meta":{"_gspb_post_css":"","_uf_show_specific_survey":0,"_uf_disable_surveys":false},"product_brand":[],"product_cat":[2916,954,956],"product_tag":[2901,2863],"filtrisusteem":[2475,2381,2341,2379,2494,2501,2404,2476,2351,2478,2378],"kvaliteediklass":[935],"class_list":{"0":"post-18556","1":"product","2":"type-product","3":"status-publish","4":"has-post-thumbnail","6":"product_cat-hutton-top","7":"product_cat-ehitusteibid","8":"product_cat-tuuletokke-teibid","9":"product_tag-24tk","10":"product_tag-muugihitid_silt","11":"filtrisusteem-b-kvaliteediklass","12":"filtrisusteem-eriline-kasutuskoht","13":"filtrisusteem-kvaliteediklass","14":"filtrisusteem-must","15":"filtrisusteem-permanentselt","16":"filtrisusteem-permanentselt-uv-kindel","17":"filtrisusteem-sd-m","18":"filtrisusteem-sisse-voi-valja","19":"filtrisusteem-uv-kindlus","20":"filtrisusteem-valisteip","21":"filtrisusteem-varvus","22":"kvaliteediklass-a2-korgeim-kvaliteet","24":"first","25":"instock","26":"taxable","27":"shipping-taxable","28":"purchasable","29":"product-type-simple"},"yoast_head":"<!-- This site is optimized with the Yoast SEO Premium plugin v21.3 (Yoast SEO v27.3) - https:\/\/yoast.com\/product\/yoast-seo-premium-wordpress\/ -->\n<title>Teip Ultra UV+ 60mm\/40m neutral - Hutton<\/title>\n<meta name=\"description\" content=\"Teip Ultra UV+ 60mm\/40m neutral. K\u00f5rgkvaliteetne v\u00e4listeip, lubatud kasutada ka sees. Katuse aluskatte, tuulet\u00f5kke, aurut\u00f5kke tihendamisek\" \/>\n<meta name=\"robots\" content=\"index, follow, max-snippet:-1, max-image-preview:large, max-video-preview:-1\" \/>\n<link rel=\"canonical\" href=\"https:\/\/hutton.ee\/toode\/teip-ultra-uv-60mm-40m-neutral\/\" \/>\n<meta property=\"og:locale\" content=\"en_US\" \/>\n<meta property=\"og:type\" content=\"article\" \/>\n<meta property=\"og:title\" content=\"Teip Ultra UV+ 60mm\/40m neutral - Hutton\" \/>\n<meta property=\"og:description\" content=\"Teip Airstop Ultra 60mm\/40m must. K\u00f5rgkvaliteetne v\u00e4listeip, mida lubatud kasutada ka sees. UV kindlus 2a. Katuse aluskatte, tuulet\u00f5kke, aurut\u00f5kke tihendamiseks\" \/>\n<meta property=\"og:url\" content=\"https:\/\/hutton.ee\/toode\/teip-ultra-uv-60mm-40m-neutral\/\" \/>\n<meta property=\"og:site_name\" content=\"Hutton\" \/>\n<meta property=\"article:publisher\" content=\"https:\/\/www.facebook.com\/huttoneesti\" \/>\n<meta property=\"article:modified_time\" content=\"2025-10-29T12:46:07+00:00\" \/>\n<meta property=\"og:image\" content=\"https:\/\/hutton.ee\/wp-content\/uploads\/2021\/12\/Tuuletokke-teip-Ultra-UV.png\" \/>\n\t<meta property=\"og:image:width\" content=\"500\" \/>\n\t<meta property=\"og:image:height\" content=\"500\" \/>\n\t<meta property=\"og:image:type\" content=\"image\/png\" \/>\n<meta name=\"twitter:card\" content=\"summary_large_image\" \/>\n<meta name=\"twitter:title\" content=\"Teip Ultra UV+ 60mm\/40m neutral - Hutton\" \/>\n<meta name=\"twitter:description\" content=\"Teip Airstop Ultra 60mm\/40m must. K\u00f5rgkvaliteetne v\u00e4listeip, mida lubatud kasutada ka sees. UV kindlus 2a. Katuse aluskatte, tuulet\u00f5kke, aurut\u00f5kke tihendamiseks\" \/>\n<meta name=\"twitter:label1\" content=\"Est. reading time\" \/>\n\t<meta name=\"twitter:data1\" content=\"1 minute\" \/>\n<script type=\"application\/ld+json\" class=\"yoast-schema-graph\">{\"@context\":\"https:\\\/\\\/schema.org\",\"@graph\":[{\"@type\":\"WebPage\",\"@id\":\"https:\\\/\\\/hutton.ee\\\/toode\\\/teip-ultra-uv-60mm-40m-neutral\\\/\",\"url\":\"https:\\\/\\\/hutton.ee\\\/toode\\\/teip-ultra-uv-60mm-40m-neutral\\\/\",\"name\":\"Teip Ultra UV+ 60mm\\\/40m neutral - Hutton\",\"isPartOf\":{\"@id\":\"https:\\\/\\\/hutton.ee\\\/#website\"},\"primaryImageOfPage\":{\"@id\":\"https:\\\/\\\/hutton.ee\\\/toode\\\/teip-ultra-uv-60mm-40m-neutral\\\/#primaryimage\"},\"image\":{\"@id\":\"https:\\\/\\\/hutton.ee\\\/toode\\\/teip-ultra-uv-60mm-40m-neutral\\\/#primaryimage\"},\"thumbnailUrl\":\"https:\\\/\\\/hutton.ee\\\/wp-content\\\/uploads\\\/2021\\\/12\\\/Tuuletokke-teip-Ultra-UV.png\",\"datePublished\":\"2023-02-08T08:16:49+00:00\",\"dateModified\":\"2025-10-29T12:46:07+00:00\",\"description\":\"Teip Ultra UV+ 60mm\\\/40m neutral. K\u00f5rgkvaliteetne v\u00e4listeip, lubatud kasutada ka sees. Katuse aluskatte, tuulet\u00f5kke, aurut\u00f5kke tihendamisek\",\"breadcrumb\":{\"@id\":\"https:\\\/\\\/hutton.ee\\\/toode\\\/teip-ultra-uv-60mm-40m-neutral\\\/#breadcrumb\"},\"inLanguage\":\"en-US\",\"potentialAction\":[{\"@type\":\"ReadAction\",\"target\":[\"https:\\\/\\\/hutton.ee\\\/toode\\\/teip-ultra-uv-60mm-40m-neutral\\\/\"]}]},{\"@type\":\"ImageObject\",\"inLanguage\":\"en-US\",\"@id\":\"https:\\\/\\\/hutton.ee\\\/toode\\\/teip-ultra-uv-60mm-40m-neutral\\\/#primaryimage\",\"url\":\"https:\\\/\\\/hutton.ee\\\/wp-content\\\/uploads\\\/2021\\\/12\\\/Tuuletokke-teip-Ultra-UV.png\",\"contentUrl\":\"https:\\\/\\\/hutton.ee\\\/wp-content\\\/uploads\\\/2021\\\/12\\\/Tuuletokke-teip-Ultra-UV.png\",\"width\":500,\"height\":500,\"caption\":\"Tuulet\u00f5kke teip Ultra UV+\"},{\"@type\":\"BreadcrumbList\",\"@id\":\"https:\\\/\\\/hutton.ee\\\/toode\\\/teip-ultra-uv-60mm-40m-neutral\\\/#breadcrumb\",\"itemListElement\":[{\"@type\":\"ListItem\",\"position\":1,\"name\":\"Avaleht\",\"item\":\"https:\\\/\\\/hutton.ee\\\/\"},{\"@type\":\"ListItem\",\"position\":2,\"name\":\"Shop\",\"item\":\"https:\\\/\\\/hutton.ee\\\/en\\\/shop\\\/\"},{\"@type\":\"ListItem\",\"position\":3,\"name\":\"Teip Ultra UV+ 60mm\\\/40m neutral\"}]},{\"@type\":\"WebSite\",\"@id\":\"https:\\\/\\\/hutton.ee\\\/#website\",\"url\":\"https:\\\/\\\/hutton.ee\\\/\",\"name\":\"Hutton\",\"description\":\"Ajas kestvad ehituslahendused\",\"publisher\":{\"@id\":\"https:\\\/\\\/hutton.ee\\\/#organization\"},\"potentialAction\":[{\"@type\":\"SearchAction\",\"target\":{\"@type\":\"EntryPoint\",\"urlTemplate\":\"https:\\\/\\\/hutton.ee\\\/?s={search_term_string}\"},\"query-input\":{\"@type\":\"PropertyValueSpecification\",\"valueRequired\":true,\"valueName\":\"search_term_string\"}}],\"inLanguage\":\"en-US\"},{\"@type\":\"Organization\",\"@id\":\"https:\\\/\\\/hutton.ee\\\/#organization\",\"name\":\"Hutton - KATUS | SEIN | FASSAAD\",\"url\":\"https:\\\/\\\/hutton.ee\\\/\",\"logo\":{\"@type\":\"ImageObject\",\"inLanguage\":\"en-US\",\"@id\":\"https:\\\/\\\/hutton.ee\\\/#\\\/schema\\\/logo\\\/image\\\/\",\"url\":\"https:\\\/\\\/hutton.ee\\\/wp-content\\\/uploads\\\/2020\\\/07\\\/hutton-logo_uuendatud-01.png\",\"contentUrl\":\"https:\\\/\\\/hutton.ee\\\/wp-content\\\/uploads\\\/2020\\\/07\\\/hutton-logo_uuendatud-01.png\",\"width\":1064,\"height\":455,\"caption\":\"Hutton - KATUS | SEIN | FASSAAD\"},\"image\":{\"@id\":\"https:\\\/\\\/hutton.ee\\\/#\\\/schema\\\/logo\\\/image\\\/\"},\"sameAs\":[\"https:\\\/\\\/www.facebook.com\\\/huttoneesti\"]}]}<\/script>\n<!-- \/ Yoast SEO Premium plugin. -->","yoast_head_json":{"title":"Teip Ultra UV+ 60mm\/40m neutral - Hutton","description":"Teip Ultra UV+ 60mm\/40m neutral. K\u00f5rgkvaliteetne v\u00e4listeip, lubatud kasutada ka sees. Katuse aluskatte, tuulet\u00f5kke, aurut\u00f5kke tihendamisek","robots":{"index":"index","follow":"follow","max-snippet":"max-snippet:-1","max-image-preview":"max-image-preview:large","max-video-preview":"max-video-preview:-1"},"canonical":"https:\/\/hutton.ee\/toode\/teip-ultra-uv-60mm-40m-neutral\/","og_locale":"en_US","og_type":"article","og_title":"Teip Ultra UV+ 60mm\/40m neutral - Hutton","og_description":"Teip Airstop Ultra 60mm\/40m must. K\u00f5rgkvaliteetne v\u00e4listeip, mida lubatud kasutada ka sees. UV kindlus 2a. Katuse aluskatte, tuulet\u00f5kke, aurut\u00f5kke tihendamiseks","og_url":"https:\/\/hutton.ee\/toode\/teip-ultra-uv-60mm-40m-neutral\/","og_site_name":"Hutton","article_publisher":"https:\/\/www.facebook.com\/huttoneesti","article_modified_time":"2025-10-29T12:46:07+00:00","og_image":[{"width":500,"height":500,"url":"https:\/\/hutton.ee\/wp-content\/uploads\/2021\/12\/Tuuletokke-teip-Ultra-UV.png","type":"image\/png"}],"twitter_card":"summary_large_image","twitter_title":"Teip Ultra UV+ 60mm\/40m neutral - Hutton","twitter_description":"Teip Airstop Ultra 60mm\/40m must. K\u00f5rgkvaliteetne v\u00e4listeip, mida lubatud kasutada ka sees. UV kindlus 2a. Katuse aluskatte, tuulet\u00f5kke, aurut\u00f5kke tihendamiseks","twitter_misc":{"Est. reading time":"1 minute"},"schema":{"@context":"https:\/\/schema.org","@graph":[{"@type":"WebPage","@id":"https:\/\/hutton.ee\/toode\/teip-ultra-uv-60mm-40m-neutral\/","url":"https:\/\/hutton.ee\/toode\/teip-ultra-uv-60mm-40m-neutral\/","name":"Teip Ultra UV+ 60mm\/40m neutral - Hutton","isPartOf":{"@id":"https:\/\/hutton.ee\/#website"},"primaryImageOfPage":{"@id":"https:\/\/hutton.ee\/toode\/teip-ultra-uv-60mm-40m-neutral\/#primaryimage"},"image":{"@id":"https:\/\/hutton.ee\/toode\/teip-ultra-uv-60mm-40m-neutral\/#primaryimage"},"thumbnailUrl":"https:\/\/hutton.ee\/wp-content\/uploads\/2021\/12\/Tuuletokke-teip-Ultra-UV.png","datePublished":"2023-02-08T08:16:49+00:00","dateModified":"2025-10-29T12:46:07+00:00","description":"Teip Ultra UV+ 60mm\/40m neutral. K\u00f5rgkvaliteetne v\u00e4listeip, lubatud kasutada ka sees. Katuse aluskatte, tuulet\u00f5kke, aurut\u00f5kke tihendamisek","breadcrumb":{"@id":"https:\/\/hutton.ee\/toode\/teip-ultra-uv-60mm-40m-neutral\/#breadcrumb"},"inLanguage":"en-US","potentialAction":[{"@type":"ReadAction","target":["https:\/\/hutton.ee\/toode\/teip-ultra-uv-60mm-40m-neutral\/"]}]},{"@type":"ImageObject","inLanguage":"en-US","@id":"https:\/\/hutton.ee\/toode\/teip-ultra-uv-60mm-40m-neutral\/#primaryimage","url":"https:\/\/hutton.ee\/wp-content\/uploads\/2021\/12\/Tuuletokke-teip-Ultra-UV.png","contentUrl":"https:\/\/hutton.ee\/wp-content\/uploads\/2021\/12\/Tuuletokke-teip-Ultra-UV.png","width":500,"height":500,"caption":"Tuulet\u00f5kke teip Ultra UV+"},{"@type":"BreadcrumbList","@id":"https:\/\/hutton.ee\/toode\/teip-ultra-uv-60mm-40m-neutral\/#breadcrumb","itemListElement":[{"@type":"ListItem","position":1,"name":"Avaleht","item":"https:\/\/hutton.ee\/"},{"@type":"ListItem","position":2,"name":"Shop","item":"https:\/\/hutton.ee\/en\/shop\/"},{"@type":"ListItem","position":3,"name":"Teip Ultra UV+ 60mm\/40m neutral"}]},{"@type":"WebSite","@id":"https:\/\/hutton.ee\/#website","url":"https:\/\/hutton.ee\/","name":"Hutton","description":"Ajas kestvad ehituslahendused","publisher":{"@id":"https:\/\/hutton.ee\/#organization"},"potentialAction":[{"@type":"SearchAction","target":{"@type":"EntryPoint","urlTemplate":"https:\/\/hutton.ee\/?s={search_term_string}"},"query-input":{"@type":"PropertyValueSpecification","valueRequired":true,"valueName":"search_term_string"}}],"inLanguage":"en-US"},{"@type":"Organization","@id":"https:\/\/hutton.ee\/#organization","name":"Hutton - KATUS | SEIN | FASSAAD","url":"https:\/\/hutton.ee\/","logo":{"@type":"ImageObject","inLanguage":"en-US","@id":"https:\/\/hutton.ee\/#\/schema\/logo\/image\/","url":"https:\/\/hutton.ee\/wp-content\/uploads\/2020\/07\/hutton-logo_uuendatud-01.png","contentUrl":"https:\/\/hutton.ee\/wp-content\/uploads\/2020\/07\/hutton-logo_uuendatud-01.png","width":1064,"height":455,"caption":"Hutton - KATUS | SEIN | FASSAAD"},"image":{"@id":"https:\/\/hutton.ee\/#\/schema\/logo\/image\/"},"sameAs":["https:\/\/www.facebook.com\/huttoneesti"]}]}},"_links":{"self":[{"href":"https:\/\/hutton.ee\/en\/wp-json\/wp\/v2\/product\/18556","targetHints":{"allow":["GET"]}}],"collection":[{"href":"https:\/\/hutton.ee\/en\/wp-json\/wp\/v2\/product"}],"about":[{"href":"https:\/\/hutton.ee\/en\/wp-json\/wp\/v2\/types\/product"}],"wp:featuredmedia":[{"embeddable":true,"href":"https:\/\/hutton.ee\/en\/wp-json\/wp\/v2\/media\/26690"}],"wp:attachment":[{"href":"https:\/\/hutton.ee\/en\/wp-json\/wp\/v2\/media?parent=18556"}],"wp:term":[{"taxonomy":"product_brand","embeddable":true,"href":"https:\/\/hutton.ee\/en\/wp-json\/wp\/v2\/product_brand?post=18556"},{"taxonomy":"product_cat","embeddable":true,"href":"https:\/\/hutton.ee\/en\/wp-json\/wp\/v2\/product_cat?post=18556"},{"taxonomy":"product_tag","embeddable":true,"href":"https:\/\/hutton.ee\/en\/wp-json\/wp\/v2\/product_tag?post=18556"},{"taxonomy":"filtrisusteem","embeddable":true,"href":"https:\/\/hutton.ee\/en\/wp-json\/wp\/v2\/filtrisusteem?post=18556"},{"taxonomy":"kvaliteediklass","embeddable":true,"href":"https:\/\/hutton.ee\/en\/wp-json\/wp\/v2\/kvaliteediklass?post=18556"}],"curies":[{"name":"wp","href":"https:\/\/api.w.org\/{rel}","templated":true}]}}