{"id":19051,"date":"2023-04-10T11:10:37","date_gmt":"2023-04-10T11:10:37","guid":{"rendered":"https:\/\/hutton.ee\/?post_type=product&#038;p=19051"},"modified":"2026-03-11T12:00:31","modified_gmt":"2026-03-11T12:00:31","slug":"tuuletoke-linopore-uv-bs1d0-90-75m2","status":"publish","type":"product","link":"https:\/\/hutton.ee\/en\/toode\/tuuletoke-linopore-uv-bs1d0-90-75m2\/","title":{"rendered":"Tuulet\u00f5ke Linopore UV+ BS1D0 90, 75m2"},"content":{"rendered":"<p>Tuulet\u00f5ke Linopore UV+ BS1d0 90 on v\u00e4ga hea A2 kvaliteediga tuulet\u00f5ke fassaadile &#8211; eriti sobiv, kus on n\u00f5utud B-s1, d0 tuletundlikkus.<\/p>\n<ul>\n<li>v\u00e4ga h\u00e4sti sobib metallfassaadidele, kuna on k\u00f5rge temperatuuri taluvusega<\/li>\n<li>v\u00e4ga h\u00e4sti sobiv ka B-roof katusele ja tuulduvale fassaadile, kus on n\u00f5utud B, s1, d0 tuletundlikkus<\/li>\n<li>UV kindlusega 3 kuud.<\/li>\n<\/ul>\n<p><strong>Loe lisaks:<\/strong><\/p>\n<p><a href=\"https:\/\/hutton.ee\/mis-on-tuuletoke\/\">Mis on tuulet\u00f5ke?<\/a><br \/>\n<a href=\"https:\/\/hutton.ee\/tuuletokke-valimine-kuidas-valida-tuuletoket\/\">Tuulet\u00f5kke valimine \u2013 kuidas valida tuulet\u00f5ket?<\/a><\/p>\n<p><strong>Vajadusel k\u00fcsi n\u00f5u:<br \/>\n<\/strong><\/p>\n<p><strong>Regina<\/strong> <a href=\"tel:5076742\">+372 507 6742<\/a> | <a href=\"mailto:regina@hutton.ee\">regina@hutton.ee<\/a><br \/>\n<strong>Neeme<\/strong> <a href=\"tel:5098168\">+372 509 8168<\/a> | <a href=\"mailto:neeme@hutton.ee\">neeme@hutton.ee<\/a><\/p>\n","protected":false},"excerpt":{"rendered":"<p><span style=\"text-decoration: underline;\"><span style=\"color: #ff0000; font-size: 12pt; text-decoration: underline;\"><strong><a style=\"color: #ff0000; text-decoration: underline;\" href=\"https:\/\/hutton.ee\/minu-konto\/\" target=\"_blank\" rel=\"noopener\">Registreeru p\u00fcsikliendiks<\/a>!<\/strong><\/span><\/span><\/p>\n<p>M\u00fc\u00fcme ka m\u00b2 p\u00f5hiselt!<\/p>\n<p><strong>Kui soovid v\u00e4iksemat kogust kui 1 rull, siis saada oma tellimus soovitud kogusega <\/strong><a style=\"color: #3771c1;\" href=\"mailto:tellimus@hutton.ee\">tellimus@hutton.ee<\/a><\/p>\n","protected":false},"featured_media":26554,"template":"","meta":{"_gspb_post_css":"","_uf_show_specific_survey":0,"_uf_disable_surveys":false},"product_brand":[],"product_cat":[950,952],"product_tag":[2892,1258,2863],"filtrisusteem":[2398,2391,2382,2346,2381,2380,2326,2341,2396,2395,2365,2378],"kvaliteediklass":[937],"class_list":{"0":"post-19051","1":"product","2":"type-product","3":"status-publish","4":"has-post-thumbnail","6":"product_cat-tuuletokked","7":"product_cat-tuuletokke-membraanid-eriomadustega","8":"product_tag-3tk_block","9":"product_tag-ei_pakiautomaat","10":"product_tag-muugihitid_silt","11":"filtrisusteem-15m","12":"filtrisusteem-90gm","13":"filtrisusteem-b-s1-d0","14":"filtrisusteem-b2","15":"filtrisusteem-eriline-kasutuskoht","16":"filtrisusteem-hall","17":"filtrisusteem-kaal-gm","18":"filtrisusteem-kvaliteediklass","19":"filtrisusteem-laius-rullis","20":"filtrisusteem-rebenemisaldis","21":"filtrisusteem-rebenemistugevus-klass","22":"filtrisusteem-varvus","23":"kvaliteediklass-a2-vaga-hea-kvaliteet","25":"first","26":"instock","27":"taxable","28":"shipping-taxable","29":"purchasable","30":"product-type-simple"},"yoast_head":"<!-- This site is optimized with the Yoast SEO Premium plugin v21.3 (Yoast SEO v27.3) - https:\/\/yoast.com\/product\/yoast-seo-premium-wordpress\/ -->\n<title>Tuulet\u00f5ke Linopore UV+ BS1D0 90, 75m2 - Hutton<\/title>\n<meta name=\"description\" content=\"Tuulet\u00f5ke Linopore UV+ BS1D0 90, 75m2. V\u00e4ga hea kvaliteediga tuulet\u00f5ke fassaadile. UV kindlusega 3 kuud. Toote leiad Hutton e-poest.\" \/>\n<meta name=\"robots\" content=\"index, follow, max-snippet:-1, max-image-preview:large, max-video-preview:-1\" \/>\n<link rel=\"canonical\" href=\"https:\/\/hutton.ee\/toode\/tuuletoke-linopore-uv-bs1d0-90-75m2\/\" \/>\n<meta property=\"og:locale\" content=\"en_US\" \/>\n<meta property=\"og:type\" content=\"article\" \/>\n<meta property=\"og:title\" content=\"Tuulet\u00f5ke Linopore UV+ BS1D0 90, 75m2 - Hutton\" \/>\n<meta property=\"og:description\" content=\"Tuulet\u00f5ke SwissFront Bravo BS1D0. V\u00e4ga hea kvaliteediga tuulet\u00f5ke fassaadile, sobiv, kus on n\u00f5utud B-s1, d0 tuletundlikkus. UV kindlusega 3 kuud. -Hutton e-poes\" \/>\n<meta property=\"og:url\" content=\"https:\/\/hutton.ee\/toode\/tuuletoke-linopore-uv-bs1d0-90-75m2\/\" \/>\n<meta property=\"og:site_name\" content=\"Hutton\" \/>\n<meta property=\"article:publisher\" content=\"https:\/\/www.facebook.com\/huttoneesti\" \/>\n<meta property=\"article:modified_time\" content=\"2026-03-11T12:00:31+00:00\" \/>\n<meta property=\"og:image\" content=\"https:\/\/hutton.ee\/wp-content\/uploads\/2023\/06\/Tuuletoke-Linopore-UV-BS1D0-90-1.png\" \/>\n\t<meta property=\"og:image:width\" content=\"500\" \/>\n\t<meta property=\"og:image:height\" content=\"500\" \/>\n\t<meta property=\"og:image:type\" content=\"image\/png\" \/>\n<meta name=\"twitter:card\" content=\"summary_large_image\" \/>\n<meta name=\"twitter:title\" content=\"Tuulet\u00f5ke Linopore UV+ BS1D0 90, 75m2 - Hutton\" \/>\n<meta name=\"twitter:description\" content=\"Tuulet\u00f5ke SwissFront Bravo BS1D0. V\u00e4ga hea kvaliteediga tuulet\u00f5ke fassaadile, sobiv, kus on n\u00f5utud B-s1, d0 tuletundlikkus. UV kindlusega 3 kuud. -Hutton e-poes\" \/>\n<meta name=\"twitter:label1\" content=\"Est. reading time\" \/>\n\t<meta name=\"twitter:data1\" content=\"1 minute\" \/>\n<script type=\"application\/ld+json\" class=\"yoast-schema-graph\">{\"@context\":\"https:\\\/\\\/schema.org\",\"@graph\":[{\"@type\":\"WebPage\",\"@id\":\"https:\\\/\\\/hutton.ee\\\/toode\\\/tuuletoke-linopore-uv-bs1d0-90-75m2\\\/\",\"url\":\"https:\\\/\\\/hutton.ee\\\/toode\\\/tuuletoke-linopore-uv-bs1d0-90-75m2\\\/\",\"name\":\"Tuulet\u00f5ke Linopore UV+ BS1D0 90, 75m2 - Hutton\",\"isPartOf\":{\"@id\":\"https:\\\/\\\/hutton.ee\\\/#website\"},\"primaryImageOfPage\":{\"@id\":\"https:\\\/\\\/hutton.ee\\\/toode\\\/tuuletoke-linopore-uv-bs1d0-90-75m2\\\/#primaryimage\"},\"image\":{\"@id\":\"https:\\\/\\\/hutton.ee\\\/toode\\\/tuuletoke-linopore-uv-bs1d0-90-75m2\\\/#primaryimage\"},\"thumbnailUrl\":\"https:\\\/\\\/hutton.ee\\\/wp-content\\\/uploads\\\/2023\\\/06\\\/Tuuletoke-Linopore-UV-BS1D0-90-1.png\",\"datePublished\":\"2023-04-10T11:10:37+00:00\",\"dateModified\":\"2026-03-11T12:00:31+00:00\",\"description\":\"Tuulet\u00f5ke Linopore UV+ BS1D0 90, 75m2. V\u00e4ga hea kvaliteediga tuulet\u00f5ke fassaadile. UV kindlusega 3 kuud. Toote leiad Hutton e-poest.\",\"breadcrumb\":{\"@id\":\"https:\\\/\\\/hutton.ee\\\/toode\\\/tuuletoke-linopore-uv-bs1d0-90-75m2\\\/#breadcrumb\"},\"inLanguage\":\"en-US\",\"potentialAction\":[{\"@type\":\"ReadAction\",\"target\":[\"https:\\\/\\\/hutton.ee\\\/toode\\\/tuuletoke-linopore-uv-bs1d0-90-75m2\\\/\"]}]},{\"@type\":\"ImageObject\",\"inLanguage\":\"en-US\",\"@id\":\"https:\\\/\\\/hutton.ee\\\/toode\\\/tuuletoke-linopore-uv-bs1d0-90-75m2\\\/#primaryimage\",\"url\":\"https:\\\/\\\/hutton.ee\\\/wp-content\\\/uploads\\\/2023\\\/06\\\/Tuuletoke-Linopore-UV-BS1D0-90-1.png\",\"contentUrl\":\"https:\\\/\\\/hutton.ee\\\/wp-content\\\/uploads\\\/2023\\\/06\\\/Tuuletoke-Linopore-UV-BS1D0-90-1.png\",\"width\":500,\"height\":500,\"caption\":\"Tuulet\u00f5ke Linopore UV+ BS1D0 90\"},{\"@type\":\"BreadcrumbList\",\"@id\":\"https:\\\/\\\/hutton.ee\\\/toode\\\/tuuletoke-linopore-uv-bs1d0-90-75m2\\\/#breadcrumb\",\"itemListElement\":[{\"@type\":\"ListItem\",\"position\":1,\"name\":\"Avaleht\",\"item\":\"https:\\\/\\\/hutton.ee\\\/\"},{\"@type\":\"ListItem\",\"position\":2,\"name\":\"Shop\",\"item\":\"https:\\\/\\\/hutton.ee\\\/en\\\/shop\\\/\"},{\"@type\":\"ListItem\",\"position\":3,\"name\":\"Tuulet\u00f5ke Linopore UV+ BS1D0 90, 75m2\"}]},{\"@type\":\"WebSite\",\"@id\":\"https:\\\/\\\/hutton.ee\\\/#website\",\"url\":\"https:\\\/\\\/hutton.ee\\\/\",\"name\":\"Hutton\",\"description\":\"Ajas kestvad ehituslahendused\",\"publisher\":{\"@id\":\"https:\\\/\\\/hutton.ee\\\/#organization\"},\"potentialAction\":[{\"@type\":\"SearchAction\",\"target\":{\"@type\":\"EntryPoint\",\"urlTemplate\":\"https:\\\/\\\/hutton.ee\\\/?s={search_term_string}\"},\"query-input\":{\"@type\":\"PropertyValueSpecification\",\"valueRequired\":true,\"valueName\":\"search_term_string\"}}],\"inLanguage\":\"en-US\"},{\"@type\":\"Organization\",\"@id\":\"https:\\\/\\\/hutton.ee\\\/#organization\",\"name\":\"Hutton - KATUS | SEIN | FASSAAD\",\"url\":\"https:\\\/\\\/hutton.ee\\\/\",\"logo\":{\"@type\":\"ImageObject\",\"inLanguage\":\"en-US\",\"@id\":\"https:\\\/\\\/hutton.ee\\\/#\\\/schema\\\/logo\\\/image\\\/\",\"url\":\"https:\\\/\\\/hutton.ee\\\/wp-content\\\/uploads\\\/2020\\\/07\\\/hutton-logo_uuendatud-01.png\",\"contentUrl\":\"https:\\\/\\\/hutton.ee\\\/wp-content\\\/uploads\\\/2020\\\/07\\\/hutton-logo_uuendatud-01.png\",\"width\":1064,\"height\":455,\"caption\":\"Hutton - KATUS | SEIN | FASSAAD\"},\"image\":{\"@id\":\"https:\\\/\\\/hutton.ee\\\/#\\\/schema\\\/logo\\\/image\\\/\"},\"sameAs\":[\"https:\\\/\\\/www.facebook.com\\\/huttoneesti\"]}]}<\/script>\n<!-- \/ Yoast SEO Premium plugin. -->","yoast_head_json":{"title":"Tuulet\u00f5ke Linopore UV+ BS1D0 90, 75m2 - Hutton","description":"Tuulet\u00f5ke Linopore UV+ BS1D0 90, 75m2. V\u00e4ga hea kvaliteediga tuulet\u00f5ke fassaadile. UV kindlusega 3 kuud. Toote leiad Hutton e-poest.","robots":{"index":"index","follow":"follow","max-snippet":"max-snippet:-1","max-image-preview":"max-image-preview:large","max-video-preview":"max-video-preview:-1"},"canonical":"https:\/\/hutton.ee\/toode\/tuuletoke-linopore-uv-bs1d0-90-75m2\/","og_locale":"en_US","og_type":"article","og_title":"Tuulet\u00f5ke Linopore UV+ BS1D0 90, 75m2 - Hutton","og_description":"Tuulet\u00f5ke SwissFront Bravo BS1D0. V\u00e4ga hea kvaliteediga tuulet\u00f5ke fassaadile, sobiv, kus on n\u00f5utud B-s1, d0 tuletundlikkus. UV kindlusega 3 kuud. -Hutton e-poes","og_url":"https:\/\/hutton.ee\/toode\/tuuletoke-linopore-uv-bs1d0-90-75m2\/","og_site_name":"Hutton","article_publisher":"https:\/\/www.facebook.com\/huttoneesti","article_modified_time":"2026-03-11T12:00:31+00:00","og_image":[{"width":500,"height":500,"url":"https:\/\/hutton.ee\/wp-content\/uploads\/2023\/06\/Tuuletoke-Linopore-UV-BS1D0-90-1.png","type":"image\/png"}],"twitter_card":"summary_large_image","twitter_title":"Tuulet\u00f5ke Linopore UV+ BS1D0 90, 75m2 - Hutton","twitter_description":"Tuulet\u00f5ke SwissFront Bravo BS1D0. V\u00e4ga hea kvaliteediga tuulet\u00f5ke fassaadile, sobiv, kus on n\u00f5utud B-s1, d0 tuletundlikkus. UV kindlusega 3 kuud. -Hutton e-poes","twitter_misc":{"Est. reading time":"1 minute"},"schema":{"@context":"https:\/\/schema.org","@graph":[{"@type":"WebPage","@id":"https:\/\/hutton.ee\/toode\/tuuletoke-linopore-uv-bs1d0-90-75m2\/","url":"https:\/\/hutton.ee\/toode\/tuuletoke-linopore-uv-bs1d0-90-75m2\/","name":"Tuulet\u00f5ke Linopore UV+ BS1D0 90, 75m2 - Hutton","isPartOf":{"@id":"https:\/\/hutton.ee\/#website"},"primaryImageOfPage":{"@id":"https:\/\/hutton.ee\/toode\/tuuletoke-linopore-uv-bs1d0-90-75m2\/#primaryimage"},"image":{"@id":"https:\/\/hutton.ee\/toode\/tuuletoke-linopore-uv-bs1d0-90-75m2\/#primaryimage"},"thumbnailUrl":"https:\/\/hutton.ee\/wp-content\/uploads\/2023\/06\/Tuuletoke-Linopore-UV-BS1D0-90-1.png","datePublished":"2023-04-10T11:10:37+00:00","dateModified":"2026-03-11T12:00:31+00:00","description":"Tuulet\u00f5ke Linopore UV+ BS1D0 90, 75m2. V\u00e4ga hea kvaliteediga tuulet\u00f5ke fassaadile. UV kindlusega 3 kuud. Toote leiad Hutton e-poest.","breadcrumb":{"@id":"https:\/\/hutton.ee\/toode\/tuuletoke-linopore-uv-bs1d0-90-75m2\/#breadcrumb"},"inLanguage":"en-US","potentialAction":[{"@type":"ReadAction","target":["https:\/\/hutton.ee\/toode\/tuuletoke-linopore-uv-bs1d0-90-75m2\/"]}]},{"@type":"ImageObject","inLanguage":"en-US","@id":"https:\/\/hutton.ee\/toode\/tuuletoke-linopore-uv-bs1d0-90-75m2\/#primaryimage","url":"https:\/\/hutton.ee\/wp-content\/uploads\/2023\/06\/Tuuletoke-Linopore-UV-BS1D0-90-1.png","contentUrl":"https:\/\/hutton.ee\/wp-content\/uploads\/2023\/06\/Tuuletoke-Linopore-UV-BS1D0-90-1.png","width":500,"height":500,"caption":"Tuulet\u00f5ke Linopore UV+ BS1D0 90"},{"@type":"BreadcrumbList","@id":"https:\/\/hutton.ee\/toode\/tuuletoke-linopore-uv-bs1d0-90-75m2\/#breadcrumb","itemListElement":[{"@type":"ListItem","position":1,"name":"Avaleht","item":"https:\/\/hutton.ee\/"},{"@type":"ListItem","position":2,"name":"Shop","item":"https:\/\/hutton.ee\/en\/shop\/"},{"@type":"ListItem","position":3,"name":"Tuulet\u00f5ke Linopore UV+ BS1D0 90, 75m2"}]},{"@type":"WebSite","@id":"https:\/\/hutton.ee\/#website","url":"https:\/\/hutton.ee\/","name":"Hutton","description":"Ajas kestvad ehituslahendused","publisher":{"@id":"https:\/\/hutton.ee\/#organization"},"potentialAction":[{"@type":"SearchAction","target":{"@type":"EntryPoint","urlTemplate":"https:\/\/hutton.ee\/?s={search_term_string}"},"query-input":{"@type":"PropertyValueSpecification","valueRequired":true,"valueName":"search_term_string"}}],"inLanguage":"en-US"},{"@type":"Organization","@id":"https:\/\/hutton.ee\/#organization","name":"Hutton - KATUS | SEIN | FASSAAD","url":"https:\/\/hutton.ee\/","logo":{"@type":"ImageObject","inLanguage":"en-US","@id":"https:\/\/hutton.ee\/#\/schema\/logo\/image\/","url":"https:\/\/hutton.ee\/wp-content\/uploads\/2020\/07\/hutton-logo_uuendatud-01.png","contentUrl":"https:\/\/hutton.ee\/wp-content\/uploads\/2020\/07\/hutton-logo_uuendatud-01.png","width":1064,"height":455,"caption":"Hutton - KATUS | SEIN | FASSAAD"},"image":{"@id":"https:\/\/hutton.ee\/#\/schema\/logo\/image\/"},"sameAs":["https:\/\/www.facebook.com\/huttoneesti"]}]}},"_links":{"self":[{"href":"https:\/\/hutton.ee\/en\/wp-json\/wp\/v2\/product\/19051","targetHints":{"allow":["GET"]}}],"collection":[{"href":"https:\/\/hutton.ee\/en\/wp-json\/wp\/v2\/product"}],"about":[{"href":"https:\/\/hutton.ee\/en\/wp-json\/wp\/v2\/types\/product"}],"wp:featuredmedia":[{"embeddable":true,"href":"https:\/\/hutton.ee\/en\/wp-json\/wp\/v2\/media\/26554"}],"wp:attachment":[{"href":"https:\/\/hutton.ee\/en\/wp-json\/wp\/v2\/media?parent=19051"}],"wp:term":[{"taxonomy":"product_brand","embeddable":true,"href":"https:\/\/hutton.ee\/en\/wp-json\/wp\/v2\/product_brand?post=19051"},{"taxonomy":"product_cat","embeddable":true,"href":"https:\/\/hutton.ee\/en\/wp-json\/wp\/v2\/product_cat?post=19051"},{"taxonomy":"product_tag","embeddable":true,"href":"https:\/\/hutton.ee\/en\/wp-json\/wp\/v2\/product_tag?post=19051"},{"taxonomy":"filtrisusteem","embeddable":true,"href":"https:\/\/hutton.ee\/en\/wp-json\/wp\/v2\/filtrisusteem?post=19051"},{"taxonomy":"kvaliteediklass","embeddable":true,"href":"https:\/\/hutton.ee\/en\/wp-json\/wp\/v2\/kvaliteediklass?post=19051"}],"curies":[{"name":"wp","href":"https:\/\/api.w.org\/{rel}","templated":true}]}}