{"id":19111,"date":"2023-04-25T06:28:47","date_gmt":"2023-04-25T06:28:47","guid":{"rendered":"https:\/\/hutton.ee\/?post_type=product&#038;p=19111"},"modified":"2025-12-12T08:33:18","modified_gmt":"2025-12-12T08:33:18","slug":"ehitusfuusika-energiasaastlik-ehitamine-tartu-koolitus-16-05","status":"publish","type":"product","link":"https:\/\/hutton.ee\/en\/toode\/ehitusfuusika-energiasaastlik-ehitamine-tartu-koolitus-16-05\/","title":{"rendered":"Ehitusf\u00fc\u00fcsika &#038; energias\u00e4\u00e4stlik ehitamine: Tartu koolitus 16.05 (6h)"},"content":{"rendered":"<p>Ehitusf\u00fc\u00fcsika, energias\u00e4\u00e4stlik ehitamine ja materjalitehnoloogiad<\/p>\n<p><strong><span style=\"font-size: 14pt;\">\u2b07\ufe0f Sooduskampaania info \u2b07\ufe0f<\/span><\/strong><\/p>\n<p><strong>Koolitus toimub:<\/strong><\/p>\n<p>16. mai 2023<br \/>\nT\u00e4he 110,\u00a0 Tartu | Hutton<br \/>\nKell 9:00-16:00 (l\u00f5una: 12-13)<\/p>\n<p><strong>Koolituse sisu:<\/strong><\/p>\n<p><strong>1. Niiskus<\/strong><br \/>\n&#8211; Vee olekud: traditsiooniline k\u00e4sitlus &amp; projekteerijale vajalik k\u00e4sitlus<br \/>\n&#8211; Niiskusega seotud probleemid, niiskuskahjustused<br \/>\n&#8211; Absoluutne- ja suhteline niiskus<br \/>\n&#8211; Difusioon &amp; konvektsioon<br \/>\n&#8211; M\u00e4rgade ja niiskete ruumide ehitamine<\/p>\n<p><strong>2. Aluskatted<\/strong><br \/>\n&#8211; Aluskatete funktsioonid &amp; toimivus<br \/>\n&#8211; Aluskatete v\u00f5rdlemine<br \/>\n&#8211; Aluskatted Eesti turul<br \/>\n&#8211; Paigaldamine &amp; tihendamine<br \/>\n&#8211; Enamlevinud probleemid paigaldamisel<br \/>\n&#8211; M\u00fc\u00fcdid-linnalegendid<br \/>\n&#8211; Katuse tuulduvusega seotud ehitusf\u00fc\u00fcsika<\/p>\n<p><strong>3. Tuulet\u00f5kked<\/strong><br \/>\n&#8211; Materjalide funktsioonid, tehnilised omadused, v\u00f5rdlemine<br \/>\n&#8211; Tuulet\u00f5kkematerjalid ja tuleohutusn\u00f5uded<br \/>\n&#8211; Tuulet\u00f5kkematerjalide UV kindlus<br \/>\n&#8211; Tuulet\u00f5kked Eestis vs Kesk-Euroopas vs P\u00f5hjamaad<br \/>\n&#8211; Paigaldamine &amp; tihendamine<br \/>\n&#8211; Enamlevinud probleemid paigaldamisel<br \/>\n&#8211; M\u00fc\u00fcdid-linnalegendid<br \/>\n&#8211; Fassaadide tuulduvusega seotud ehitusf\u00fc\u00fcsika<\/p>\n<p><strong>4. Aurut\u00f5kked<\/strong><br \/>\n&#8211; Materjalide funktsioonid &amp; toimivus<br \/>\n&#8211; Materjalide tehnilised omadused &amp; v\u00f5rdlemine<br \/>\n&#8211; Aurut\u00f5kked Eestis vs Kesk-Euroopa vs P\u00f5hjamaad<br \/>\n&#8211; Paigaldamine, \u00fclekatted &amp; tihendamine<br \/>\n&#8211; Enamlevinud probleemid paigaldamisel<br \/>\n&#8211; M\u00fc\u00fcdid-valearvamused<br \/>\n&#8211; Erinevate lahenduste eelised &amp; puudused<\/p>\n<p><strong>5. Ehitus- ja aknateibid<\/strong><br \/>\n&#8211; Teipide funktsioonid &amp; toimivus<br \/>\n&#8211; Teipide liimide valik<br \/>\n&#8211; &#8220;Sertifikaadid&#8221;<br \/>\n&#8211; Valimise kriteeriumid<\/p>\n<p><strong>6. Soojustus<\/strong><br \/>\n&#8211; Materjalide funktsioonid &amp; toimivus<br \/>\n&#8211; Materjalide tehnilised omadused &amp; v\u00f5rdlemine<br \/>\n&#8211; Paigaldamine &amp; tihendamine<br \/>\n&#8211; Enamlevinud probleemid paigaldamisel<br \/>\n&#8211; Materjalide m\u00fc\u00fcdid-linnalegendid<br \/>\n&#8211; Erinevate lahenduste eelised &amp; puudused<\/p>\n<p><span style=\"font-size: 18pt;\"><strong>\u2757Kevadine sooduskampaania\u2757 <\/strong><\/span><\/p>\n<p>Isikud, kes on varasemalt (\u00fcksk\u00f5ik millisel) Huttoni ehituskoolitusel osalenud saavad antud koolituse <strong>-50% soodsamalt<\/strong>, kui kutsuvad endaga koolitusele kaasa \u00fche ehitushuvilise!<br \/>\nAnna meile enda ja tuttava tulekust teada, et saaksime Sulle v\u00f5imaldada parimat hinda!<br \/>\ninfo@hutton.ee\u00a0| +372 509 6755<\/p>\n<p><strong>Kellele on koolitus ehitusf\u00fc\u00fcsika, energias\u00e4\u00e4stlik ehitamine ja materjalitehnoloogiad suunatud:<\/strong><\/p>\n<p>Ehitajatele, projekteerijatele, arhitektidele, ehitusjuhtidele, ehitusej\u00e4relevalve inseneridele ja k\u00f5igile neile, kellele antud teema huvi pakub.<\/p>\n<p><strong>Registreerimine:<\/strong><\/p>\n<p>Valige endale sobiv koolituse aeg ja koht <a href=\"https:\/\/hutton.ee\/koolitused\/\">https:\/\/hutton.ee\/koolitused\/<\/a> ning registreeruge e-poe kaudu. <strong>Kohtade arv on piiratud!<\/strong><\/p>\n<p><strong>Koolituse tasu<\/strong> 60 eur + KM \/osaleja kohta sisaldab ka kohvipause ja kerget l\u00f5unat.<\/p>\n<p>Osalejatele tunnistused!<\/p>\n<p class=\"moz-signature\">&#8212;<\/p>\n<p>Koolitaja:<br \/>\nMargus Laats<br \/>\n+372 50 11 324<br \/>\nmargus.laats@hutton.ee<\/p>\n","protected":false},"excerpt":{"rendered":"<p>Ehitusf\u00fc\u00fcsika, energias\u00e4\u00e4stlik ehitamine ja materjalitehnoloogiad \u2b07\ufe0f Sooduskampaania info \u2b07\ufe0f Koolitus toimub: 16. mai 2023 T\u00e4he 110,\u00a0 Tartu | Hutton Kell 9:00-16:00 (l\u00f5una: 12-13) Koolituse sisu: 1. Niiskus &#8211; Vee olekud: traditsiooniline k\u00e4sitlus &amp; projekteerijale vajalik k\u00e4sitlus &#8211; Niiskusega seotud probleemid, niiskuskahjustused &#8211; Absoluutne- ja suhteline niiskus &#8211; Difusioon &amp; konvektsioon &#8211; M\u00e4rgade ja niiskete ruumide [&hellip;]<\/p>\n","protected":false},"featured_media":19112,"template":"","meta":{"_gspb_post_css":"","_uf_show_specific_survey":0,"_uf_disable_surveys":false},"product_brand":[],"product_cat":[938],"product_tag":[],"filtrisusteem":[],"kvaliteediklass":[],"class_list":{"0":"post-19111","1":"product","2":"type-product","3":"status-publish","4":"has-post-thumbnail","6":"product_cat-koolitused","8":"first","9":"outofstock","10":"virtual","11":"taxable","12":"purchasable","13":"product-type-simple"},"yoast_head":"<!-- This site is optimized with the Yoast SEO Premium plugin v21.3 (Yoast SEO v27.3) - https:\/\/yoast.com\/product\/yoast-seo-premium-wordpress\/ -->\n<title>Ehitusf\u00fc\u00fcsika &amp; energias\u00e4\u00e4stlik ehitamine: Tartu koolitus 16.05 (6h) - Hutton<\/title>\n<meta name=\"description\" content=\"Koolitus \u201eEhitusf\u00fc\u00fcsika, energias\u00e4\u00e4stlik ehitamine ja materjalitehnoloogiad\u201c k\u00e4sitleb niiskust, aluskatteid, tuulet\u00f5kkeid, aurut\u00f5kkeid ja soojustust.\" \/>\n<meta name=\"robots\" content=\"index, follow, max-snippet:-1, max-image-preview:large, max-video-preview:-1\" \/>\n<link rel=\"canonical\" href=\"https:\/\/hutton.ee\/toode\/ehitusfuusika-energiasaastlik-ehitamine-tartu-koolitus-16-05\/\" \/>\n<meta property=\"og:locale\" content=\"en_US\" \/>\n<meta property=\"og:type\" content=\"article\" \/>\n<meta property=\"og:title\" content=\"Ehitusf\u00fc\u00fcsika &amp; energias\u00e4\u00e4stlik ehitamine: Tartu koolitus 16.05 (6h) - Hutton\" \/>\n<meta property=\"og:description\" content=\"Margus Laats koolitus: Energias\u00e4\u00e4stlik ehitamine. Ehitusf\u00fc\u00fcsika ja materjalitehnoloogiad. Ehitajatele, projekteerijatele, ehitusjuhtidele jt. Registreeri kohe &gt;\" \/>\n<meta property=\"og:url\" content=\"https:\/\/hutton.ee\/toode\/ehitusfuusika-energiasaastlik-ehitamine-tartu-koolitus-16-05\/\" \/>\n<meta property=\"og:site_name\" content=\"Hutton\" \/>\n<meta property=\"article:publisher\" content=\"https:\/\/www.facebook.com\/huttoneesti\" \/>\n<meta property=\"article:modified_time\" content=\"2025-12-12T08:33:18+00:00\" \/>\n<meta property=\"og:image\" content=\"https:\/\/hutton.ee\/wp-content\/uploads\/2023\/04\/Facebooki-postituste-visuaalid-27-3.png\" \/>\n\t<meta property=\"og:image:width\" content=\"940\" \/>\n\t<meta property=\"og:image:height\" content=\"788\" \/>\n\t<meta property=\"og:image:type\" content=\"image\/png\" \/>\n<meta name=\"twitter:card\" content=\"summary_large_image\" \/>\n<meta name=\"twitter:title\" content=\"Ehitusf\u00fc\u00fcsika &amp; energias\u00e4\u00e4stlik ehitamine: Tartu koolitus 16.05 (6h) - Hutton\" \/>\n<meta name=\"twitter:description\" content=\"Margus Laats koolitus: Energias\u00e4\u00e4stlik ehitamine. Ehitusf\u00fc\u00fcsika ja materjalitehnoloogiad. Ehitajatele, projekteerijatele, ehitusjuhtidele jt. Registreeri kohe &gt;\" \/>\n<meta name=\"twitter:label1\" content=\"Est. reading time\" \/>\n\t<meta name=\"twitter:data1\" content=\"2 minutes\" \/>\n<script type=\"application\/ld+json\" class=\"yoast-schema-graph\">{\"@context\":\"https:\\\/\\\/schema.org\",\"@graph\":[{\"@type\":\"WebPage\",\"@id\":\"https:\\\/\\\/hutton.ee\\\/toode\\\/ehitusfuusika-energiasaastlik-ehitamine-tartu-koolitus-16-05\\\/\",\"url\":\"https:\\\/\\\/hutton.ee\\\/toode\\\/ehitusfuusika-energiasaastlik-ehitamine-tartu-koolitus-16-05\\\/\",\"name\":\"Ehitusf\u00fc\u00fcsika & energias\u00e4\u00e4stlik ehitamine: Tartu koolitus 16.05 (6h) - Hutton\",\"isPartOf\":{\"@id\":\"https:\\\/\\\/hutton.ee\\\/#website\"},\"primaryImageOfPage\":{\"@id\":\"https:\\\/\\\/hutton.ee\\\/toode\\\/ehitusfuusika-energiasaastlik-ehitamine-tartu-koolitus-16-05\\\/#primaryimage\"},\"image\":{\"@id\":\"https:\\\/\\\/hutton.ee\\\/toode\\\/ehitusfuusika-energiasaastlik-ehitamine-tartu-koolitus-16-05\\\/#primaryimage\"},\"thumbnailUrl\":\"https:\\\/\\\/hutton.ee\\\/wp-content\\\/uploads\\\/2023\\\/04\\\/Facebooki-postituste-visuaalid-27-3.png\",\"datePublished\":\"2023-04-25T06:28:47+00:00\",\"dateModified\":\"2025-12-12T08:33:18+00:00\",\"description\":\"Koolitus \u201eEhitusf\u00fc\u00fcsika, energias\u00e4\u00e4stlik ehitamine ja materjalitehnoloogiad\u201c k\u00e4sitleb niiskust, aluskatteid, tuulet\u00f5kkeid, aurut\u00f5kkeid ja soojustust.\",\"breadcrumb\":{\"@id\":\"https:\\\/\\\/hutton.ee\\\/toode\\\/ehitusfuusika-energiasaastlik-ehitamine-tartu-koolitus-16-05\\\/#breadcrumb\"},\"inLanguage\":\"en-US\",\"potentialAction\":[{\"@type\":\"ReadAction\",\"target\":[\"https:\\\/\\\/hutton.ee\\\/toode\\\/ehitusfuusika-energiasaastlik-ehitamine-tartu-koolitus-16-05\\\/\"]}]},{\"@type\":\"ImageObject\",\"inLanguage\":\"en-US\",\"@id\":\"https:\\\/\\\/hutton.ee\\\/toode\\\/ehitusfuusika-energiasaastlik-ehitamine-tartu-koolitus-16-05\\\/#primaryimage\",\"url\":\"https:\\\/\\\/hutton.ee\\\/wp-content\\\/uploads\\\/2023\\\/04\\\/Facebooki-postituste-visuaalid-27-3.png\",\"contentUrl\":\"https:\\\/\\\/hutton.ee\\\/wp-content\\\/uploads\\\/2023\\\/04\\\/Facebooki-postituste-visuaalid-27-3.png\",\"width\":940,\"height\":788,\"caption\":\"Ehitusf\u00fc\u00fcsika, energias\u00e4\u00e4stlik ehitamine, koolitus\"},{\"@type\":\"BreadcrumbList\",\"@id\":\"https:\\\/\\\/hutton.ee\\\/toode\\\/ehitusfuusika-energiasaastlik-ehitamine-tartu-koolitus-16-05\\\/#breadcrumb\",\"itemListElement\":[{\"@type\":\"ListItem\",\"position\":1,\"name\":\"Avaleht\",\"item\":\"https:\\\/\\\/hutton.ee\\\/\"},{\"@type\":\"ListItem\",\"position\":2,\"name\":\"Shop\",\"item\":\"https:\\\/\\\/hutton.ee\\\/en\\\/shop\\\/\"},{\"@type\":\"ListItem\",\"position\":3,\"name\":\"Ehitusf\u00fc\u00fcsika &#038; energias\u00e4\u00e4stlik ehitamine: Tartu koolitus 16.05 (6h)\"}]},{\"@type\":\"WebSite\",\"@id\":\"https:\\\/\\\/hutton.ee\\\/#website\",\"url\":\"https:\\\/\\\/hutton.ee\\\/\",\"name\":\"Hutton\",\"description\":\"Ajas kestvad ehituslahendused\",\"publisher\":{\"@id\":\"https:\\\/\\\/hutton.ee\\\/#organization\"},\"potentialAction\":[{\"@type\":\"SearchAction\",\"target\":{\"@type\":\"EntryPoint\",\"urlTemplate\":\"https:\\\/\\\/hutton.ee\\\/?s={search_term_string}\"},\"query-input\":{\"@type\":\"PropertyValueSpecification\",\"valueRequired\":true,\"valueName\":\"search_term_string\"}}],\"inLanguage\":\"en-US\"},{\"@type\":\"Organization\",\"@id\":\"https:\\\/\\\/hutton.ee\\\/#organization\",\"name\":\"Hutton - KATUS | SEIN | FASSAAD\",\"url\":\"https:\\\/\\\/hutton.ee\\\/\",\"logo\":{\"@type\":\"ImageObject\",\"inLanguage\":\"en-US\",\"@id\":\"https:\\\/\\\/hutton.ee\\\/#\\\/schema\\\/logo\\\/image\\\/\",\"url\":\"https:\\\/\\\/hutton.ee\\\/wp-content\\\/uploads\\\/2020\\\/07\\\/hutton-logo_uuendatud-01.png\",\"contentUrl\":\"https:\\\/\\\/hutton.ee\\\/wp-content\\\/uploads\\\/2020\\\/07\\\/hutton-logo_uuendatud-01.png\",\"width\":1064,\"height\":455,\"caption\":\"Hutton - KATUS | SEIN | FASSAAD\"},\"image\":{\"@id\":\"https:\\\/\\\/hutton.ee\\\/#\\\/schema\\\/logo\\\/image\\\/\"},\"sameAs\":[\"https:\\\/\\\/www.facebook.com\\\/huttoneesti\"]}]}<\/script>\n<!-- \/ Yoast SEO Premium plugin. -->","yoast_head_json":{"title":"Ehitusf\u00fc\u00fcsika & energias\u00e4\u00e4stlik ehitamine: Tartu koolitus 16.05 (6h) - Hutton","description":"Koolitus \u201eEhitusf\u00fc\u00fcsika, energias\u00e4\u00e4stlik ehitamine ja materjalitehnoloogiad\u201c k\u00e4sitleb niiskust, aluskatteid, tuulet\u00f5kkeid, aurut\u00f5kkeid ja soojustust.","robots":{"index":"index","follow":"follow","max-snippet":"max-snippet:-1","max-image-preview":"max-image-preview:large","max-video-preview":"max-video-preview:-1"},"canonical":"https:\/\/hutton.ee\/toode\/ehitusfuusika-energiasaastlik-ehitamine-tartu-koolitus-16-05\/","og_locale":"en_US","og_type":"article","og_title":"Ehitusf\u00fc\u00fcsika & energias\u00e4\u00e4stlik ehitamine: Tartu koolitus 16.05 (6h) - Hutton","og_description":"Margus Laats koolitus: Energias\u00e4\u00e4stlik ehitamine. Ehitusf\u00fc\u00fcsika ja materjalitehnoloogiad. Ehitajatele, projekteerijatele, ehitusjuhtidele jt. Registreeri kohe >","og_url":"https:\/\/hutton.ee\/toode\/ehitusfuusika-energiasaastlik-ehitamine-tartu-koolitus-16-05\/","og_site_name":"Hutton","article_publisher":"https:\/\/www.facebook.com\/huttoneesti","article_modified_time":"2025-12-12T08:33:18+00:00","og_image":[{"width":940,"height":788,"url":"https:\/\/hutton.ee\/wp-content\/uploads\/2023\/04\/Facebooki-postituste-visuaalid-27-3.png","type":"image\/png"}],"twitter_card":"summary_large_image","twitter_title":"Ehitusf\u00fc\u00fcsika & energias\u00e4\u00e4stlik ehitamine: Tartu koolitus 16.05 (6h) - Hutton","twitter_description":"Margus Laats koolitus: Energias\u00e4\u00e4stlik ehitamine. Ehitusf\u00fc\u00fcsika ja materjalitehnoloogiad. Ehitajatele, projekteerijatele, ehitusjuhtidele jt. Registreeri kohe >","twitter_misc":{"Est. reading time":"2 minutes"},"schema":{"@context":"https:\/\/schema.org","@graph":[{"@type":"WebPage","@id":"https:\/\/hutton.ee\/toode\/ehitusfuusika-energiasaastlik-ehitamine-tartu-koolitus-16-05\/","url":"https:\/\/hutton.ee\/toode\/ehitusfuusika-energiasaastlik-ehitamine-tartu-koolitus-16-05\/","name":"Ehitusf\u00fc\u00fcsika & energias\u00e4\u00e4stlik ehitamine: Tartu koolitus 16.05 (6h) - Hutton","isPartOf":{"@id":"https:\/\/hutton.ee\/#website"},"primaryImageOfPage":{"@id":"https:\/\/hutton.ee\/toode\/ehitusfuusika-energiasaastlik-ehitamine-tartu-koolitus-16-05\/#primaryimage"},"image":{"@id":"https:\/\/hutton.ee\/toode\/ehitusfuusika-energiasaastlik-ehitamine-tartu-koolitus-16-05\/#primaryimage"},"thumbnailUrl":"https:\/\/hutton.ee\/wp-content\/uploads\/2023\/04\/Facebooki-postituste-visuaalid-27-3.png","datePublished":"2023-04-25T06:28:47+00:00","dateModified":"2025-12-12T08:33:18+00:00","description":"Koolitus \u201eEhitusf\u00fc\u00fcsika, energias\u00e4\u00e4stlik ehitamine ja materjalitehnoloogiad\u201c k\u00e4sitleb niiskust, aluskatteid, tuulet\u00f5kkeid, aurut\u00f5kkeid ja soojustust.","breadcrumb":{"@id":"https:\/\/hutton.ee\/toode\/ehitusfuusika-energiasaastlik-ehitamine-tartu-koolitus-16-05\/#breadcrumb"},"inLanguage":"en-US","potentialAction":[{"@type":"ReadAction","target":["https:\/\/hutton.ee\/toode\/ehitusfuusika-energiasaastlik-ehitamine-tartu-koolitus-16-05\/"]}]},{"@type":"ImageObject","inLanguage":"en-US","@id":"https:\/\/hutton.ee\/toode\/ehitusfuusika-energiasaastlik-ehitamine-tartu-koolitus-16-05\/#primaryimage","url":"https:\/\/hutton.ee\/wp-content\/uploads\/2023\/04\/Facebooki-postituste-visuaalid-27-3.png","contentUrl":"https:\/\/hutton.ee\/wp-content\/uploads\/2023\/04\/Facebooki-postituste-visuaalid-27-3.png","width":940,"height":788,"caption":"Ehitusf\u00fc\u00fcsika, energias\u00e4\u00e4stlik ehitamine, koolitus"},{"@type":"BreadcrumbList","@id":"https:\/\/hutton.ee\/toode\/ehitusfuusika-energiasaastlik-ehitamine-tartu-koolitus-16-05\/#breadcrumb","itemListElement":[{"@type":"ListItem","position":1,"name":"Avaleht","item":"https:\/\/hutton.ee\/"},{"@type":"ListItem","position":2,"name":"Shop","item":"https:\/\/hutton.ee\/en\/shop\/"},{"@type":"ListItem","position":3,"name":"Ehitusf\u00fc\u00fcsika &#038; energias\u00e4\u00e4stlik ehitamine: Tartu koolitus 16.05 (6h)"}]},{"@type":"WebSite","@id":"https:\/\/hutton.ee\/#website","url":"https:\/\/hutton.ee\/","name":"Hutton","description":"Ajas kestvad ehituslahendused","publisher":{"@id":"https:\/\/hutton.ee\/#organization"},"potentialAction":[{"@type":"SearchAction","target":{"@type":"EntryPoint","urlTemplate":"https:\/\/hutton.ee\/?s={search_term_string}"},"query-input":{"@type":"PropertyValueSpecification","valueRequired":true,"valueName":"search_term_string"}}],"inLanguage":"en-US"},{"@type":"Organization","@id":"https:\/\/hutton.ee\/#organization","name":"Hutton - KATUS | SEIN | FASSAAD","url":"https:\/\/hutton.ee\/","logo":{"@type":"ImageObject","inLanguage":"en-US","@id":"https:\/\/hutton.ee\/#\/schema\/logo\/image\/","url":"https:\/\/hutton.ee\/wp-content\/uploads\/2020\/07\/hutton-logo_uuendatud-01.png","contentUrl":"https:\/\/hutton.ee\/wp-content\/uploads\/2020\/07\/hutton-logo_uuendatud-01.png","width":1064,"height":455,"caption":"Hutton - KATUS | SEIN | FASSAAD"},"image":{"@id":"https:\/\/hutton.ee\/#\/schema\/logo\/image\/"},"sameAs":["https:\/\/www.facebook.com\/huttoneesti"]}]}},"_links":{"self":[{"href":"https:\/\/hutton.ee\/en\/wp-json\/wp\/v2\/product\/19111","targetHints":{"allow":["GET"]}}],"collection":[{"href":"https:\/\/hutton.ee\/en\/wp-json\/wp\/v2\/product"}],"about":[{"href":"https:\/\/hutton.ee\/en\/wp-json\/wp\/v2\/types\/product"}],"wp:featuredmedia":[{"embeddable":true,"href":"https:\/\/hutton.ee\/en\/wp-json\/wp\/v2\/media\/19112"}],"wp:attachment":[{"href":"https:\/\/hutton.ee\/en\/wp-json\/wp\/v2\/media?parent=19111"}],"wp:term":[{"taxonomy":"product_brand","embeddable":true,"href":"https:\/\/hutton.ee\/en\/wp-json\/wp\/v2\/product_brand?post=19111"},{"taxonomy":"product_cat","embeddable":true,"href":"https:\/\/hutton.ee\/en\/wp-json\/wp\/v2\/product_cat?post=19111"},{"taxonomy":"product_tag","embeddable":true,"href":"https:\/\/hutton.ee\/en\/wp-json\/wp\/v2\/product_tag?post=19111"},{"taxonomy":"filtrisusteem","embeddable":true,"href":"https:\/\/hutton.ee\/en\/wp-json\/wp\/v2\/filtrisusteem?post=19111"},{"taxonomy":"kvaliteediklass","embeddable":true,"href":"https:\/\/hutton.ee\/en\/wp-json\/wp\/v2\/kvaliteediklass?post=19111"}],"curies":[{"name":"wp","href":"https:\/\/api.w.org\/{rel}","templated":true}]}}