{"id":19161,"date":"2023-05-17T12:38:40","date_gmt":"2023-05-17T12:38:40","guid":{"rendered":"https:\/\/hutton.ee\/?post_type=product&#038;p=19161"},"modified":"2025-12-12T08:41:27","modified_gmt":"2025-12-12T08:41:27","slug":"ehituskoolitus-titaantsink-katused-ja-fassaadid","status":"publish","type":"product","link":"https:\/\/hutton.ee\/en\/toode\/ehituskoolitus-titaantsink-katused-ja-fassaadid\/","title":{"rendered":"Ehituskoolitus: Titaantsink katused ja fassaadid"},"content":{"rendered":"<p><strong>Ehituskoolitus: Titaantsink katused ja fassaadid<br \/>\n<\/strong><strong>Tegemist on ehituskonverentsi &#8220;<a href=\"https:\/\/hutton.ee\/toode\/uued-katuse-ja-fassaadilahendused-eestis\/\">Uued katuse- ja fassaadilahendused Eestis<\/a>&#8221; esimese teemaplokiga.<\/strong><\/p>\n<p><strong>Ehituskoolitus toimub:<\/strong><br \/>\n30. mai 2023<br \/>\nKell: 8:45 &#8211; 13:30<br \/>\nTallinn Viimsi SPA &#8211; Randvere tee 11, Haabneeme, 74001, Tallinn<\/p>\n<p><strong>P\u00e4evakava<\/strong>:<\/p>\n<p><strong>8.<sup>45<\/sup> &#8211; 9.<sup>00\u00a0 <\/sup>Kogunemine, registreerumine, hommikukohv<\/strong><br \/>\n<strong>9.<sup>00<\/sup> &#8211; 9.<sup>10<\/sup>\u00a0 Sissejuhatus, tervitus (eesti keeles) \u2013 Margus Laats (Hutton tehniline konsultant)<\/strong><br \/>\n<strong>9.<sup>10<\/sup> &#8211; 10.<sup>00<\/sup> Katuste ja fassaadide toimivus (eesti keeles) \u2013 Margus Laats (Eesti Standardikeskuse EVS Katuste ja tuulduvate fassaadide komitee liig, Hutton tehniline konsultant)<\/strong><\/p>\n<ul>\n<li>Kaldkatuse ehitusf\u00fc\u00fcsikalise toimivuse p\u00f5hikomponendid. Terviklikult toimiv kaldkatuse tarind.<\/li>\n<li>Kaldkatuse kate ei pea olema veetihe st katus ei peagi vett pidama &#8211; kuidas nii?<\/li>\n<li>Kuidas tagada katusetarindi ilmastikukindlus, sademekindlus, veekindlus?<\/li>\n<li>Soojustatud katused. Soojustuse m\u00f5ju katuse niiskustehnilisele toimivusele<\/li>\n<li>Tuulduvad vs mittetuulduvad kaldkatused.<\/li>\n<li>Soojustatud lamekatused, nende niiskustehniline toimivus. Mis tagab ajas kestvad toimivad lamekatuse lahendused?<\/li>\n<li>Lamekatuse aurut\u00f5kke kihtide augustamise (l\u00f5hkumise) m\u00f5ju niiskus- ja soojustehnilisele toimivusele. Kuidas kinnitada lamekatuse soojustusmaterjalid ja lamekatuse kattematerjal ilma aurut\u00f5kke kihti perforeerimata?<\/li>\n<li>Lamekatuse kattelahenduste eluiga ja selle pikendamise v\u00f5imalused<\/li>\n<li>Tuulduvad fassaadilahendused ja nende ehitusf\u00fc\u00fcsikalise toimivuse p\u00f5hikomponendid<\/li>\n<li>Tuulet\u00f5kke materjalid, funktsioonid ja toimivus. Materjalikihi m\u00f5ju v\u00e4lisseina niiskus ja soojustehnilisele toimivusele.<\/li>\n<\/ul>\n<p><strong>10.<sup>00<\/sup> &#8211; 10.<sup>40<\/sup>\u00a0\u00a0\u00a0\u00a0 Metallkatused ja fassaadid (inglise keeles, vajadusel eestikeelsed selgitused) \u2013 dipl engineer Florian Heininger (sakslane) Zambelli RIB Roof GmbH<\/strong><\/p>\n<ul>\n<li>Zambelli metallkatuste innovatsioon \u2013 n\u00fc\u00fcd ka Eestis! Maaletooja ja tehnilise toe pakkuja Hutton<\/li>\n<li>Zambelli ja RIB Roof tehnoloogia \u2013 metallkatused alates kaldest 1,5\u00b0, paanide pikkus nt 50 m<\/li>\n<li>Zambelli fassaadipaneelide tehnoloogilised lahendused ja nende eelised<\/li>\n<li>Zambelli ja \u00f6koloogiline jalaj\u00e4lg<\/li>\n<\/ul>\n<p><strong>10.<sup>40<\/sup> &#8211; 10.<sup>55<\/sup>\u00a0\u00a0\u00a0\u00a0 kohvipaus<\/strong><br \/>\n<strong>11.<sup>00<\/sup> &#8211; 12.<sup>30<\/sup> \u00a0\u00a0\u00a0 Titaantsink lahendused katused ja fassaadid (inglise keeles, vajadusel eestikeelsed selgitused) dipl engineer Alain Sally (prantslane) VM Building Solutions Deutschland GmbH<\/strong><\/p>\n<ul>\n<li>VM Zinz \u2013 200 aastase ajalooga tsinkmaterjalide tootja peakorteriga Prantsusmaal, tegevus\u00fcksused k\u00f5ikjal maailmas kuni P\u00f5hja-Ameerikast Austraaliani, Balti riike teenindab VM Building Solutions Deutschland GmbH, maaletooja ja tehnilise toe pakkuja Hutton<\/li>\n<li>Titaantsink &#8211; mis see on? Millest titaantsink koosneb? Kus titaantsink materjali saab kasutada \u2013 kus on selle materjali \u00f5ige koht \u2013 kus selle kasutamine v\u00f5iks olla esimene valik?<\/li>\n<li>Titaantsink lahenduste eelised ja piirangud millega tuleb arvestada<\/li>\n<li>Titaantsink katused, kaldega alates 1,5\u00b0, katuse paanide pikkus kasv\u00f5i 50m &#8211; kas see on t\u00f5esti v\u00f5imalik?<\/li>\n<li>Titaantsink ja selle v\u00e4rvitoonid ja pinnaaspektid \u2013 k\u00f5ik on v\u00f5imalik<\/li>\n<li>Topeltvalts tehnoloogiaga katused vs teised tehnoloogiad nt titaantsink sindelkatused<\/li>\n<li>Titaantsink katused Eestis ja mujal maailmas \u2013 inspiratsiooniks arhitektidele<\/li>\n<li>Titaantsink fassaadid, perforeeritud fassaadilahendused, painutatud (corrugated +) fassaadid, klassikaliselt valtsitud fassaadipaanid \u2013 v\u00f5imalused<\/li>\n<li>Titaantsink vihmavees\u00fcsteemid, \u00fcmarad-kandilised, standardtooted ja eritooted<\/li>\n<li>Titaantsink ja \u00f6koloogiline jalaj\u00e4lg!?<\/li>\n<\/ul>\n<p><strong>12.<sup>30<\/sup> &#8211; 13.<sup>30<\/sup>\u00a0\u00a0\u00a0\u00a0 l\u00f5una<\/strong><\/p>\n<p><strong>Kellele on ehituskonverents suunatud:<\/strong><\/p>\n<p>Arhitektidele, projekteerijatele, ehitusjuhtidele, ehitusej\u00e4relevalve inseneridele ja k\u00f5igile neile, kellele antud teema huvi pakub.<\/p>\n<p><strong>Osaledes vaid \u00fches konverentsi plokis (4h) on maksumus 50 eur + KM<\/strong>. Konverentsi tervikp\u00e4eva maksumus\u00a070 eur + KM \/osaleja kohta (sisaldab ka kohvipause ja l\u00f5unat).<\/p>\n<p>Osalejatele tunnistused!<\/p>\n<p>K\u00fcsimuste korral v\u00f5tke julgelt \u00fchendust:<br \/>\nMargus Laats (tehniline konsultant)<br \/>\n\u2706 +372 50 11 324<br \/>\n<img decoding=\"async\" class=\"emoji\" role=\"img\" draggable=\"false\" src=\"https:\/\/s.w.org\/images\/core\/emoji\/14.0.0\/svg\/2709.svg\" alt=\"\u2709\" \/>\u00a0info@hutton.ee<\/p>\n","protected":false},"excerpt":{"rendered":"<p>Ehituskoolitus: Titaantsink katused ja fassaadid Tegemist on ehituskonverentsi &#8220;Uued katuse- ja fassaadilahendused Eestis&#8221; esimese teemaplokiga. Ehituskoolitus toimub: 30. mai 2023 Kell: 8:45 &#8211; 13:30 Tallinn Viimsi SPA &#8211; Randvere tee 11, Haabneeme, 74001, Tallinn P\u00e4evakava: 8.45 &#8211; 9.00\u00a0 Kogunemine, registreerumine, hommikukohv 9.00 &#8211; 9.10\u00a0 Sissejuhatus, tervitus (eesti keeles) \u2013 Margus Laats (Hutton tehniline konsultant) 9.10 [&hellip;]<\/p>\n","protected":false},"featured_media":19197,"template":"","meta":{"_gspb_post_css":"","_uf_show_specific_survey":0,"_uf_disable_surveys":false},"product_brand":[],"product_cat":[938],"product_tag":[],"filtrisusteem":[],"kvaliteediklass":[],"class_list":{"0":"post-19161","1":"product","2":"type-product","3":"status-publish","4":"has-post-thumbnail","6":"product_cat-koolitused","8":"first","9":"outofstock","10":"virtual","11":"taxable","12":"purchasable","13":"product-type-simple"},"yoast_head":"<!-- This site is optimized with the Yoast SEO Premium plugin v21.3 (Yoast SEO v27.3) - https:\/\/yoast.com\/product\/yoast-seo-premium-wordpress\/ -->\n<title>Ehituskoolitus: Titaantsink katused ja fassaadid - Hutton<\/title>\n<meta name=\"description\" content=\"Ehituskoolitus \u201eTitaantsink katused ja fassaadid\u201c keskendub katuste ja fassaadide ehitusf\u00fc\u00fcsikale, titaantsingi lahendustele, metallkatuste tehnoloogiatele.\" \/>\n<meta name=\"robots\" content=\"index, follow, max-snippet:-1, max-image-preview:large, max-video-preview:-1\" \/>\n<link rel=\"canonical\" href=\"https:\/\/hutton.ee\/toode\/ehituskoolitus-titaantsink-katused-ja-fassaadid\/\" \/>\n<meta property=\"og:locale\" content=\"en_US\" \/>\n<meta property=\"og:type\" content=\"article\" \/>\n<meta property=\"og:title\" content=\"Ehituskoolitus: Titaantsink katused ja fassaadid - Hutton\" \/>\n<meta property=\"og:description\" content=\"Margus Laats koolitus: Energias\u00e4\u00e4stlik ehitamine. Ehitusf\u00fc\u00fcsika ja materjalitehnoloogiad. Ehitajatele, projekteerijatele, ehitusjuhtidele jt. Registreeri kohe &gt;\" \/>\n<meta property=\"og:url\" content=\"https:\/\/hutton.ee\/toode\/ehituskoolitus-titaantsink-katused-ja-fassaadid\/\" \/>\n<meta property=\"og:site_name\" content=\"Hutton\" \/>\n<meta property=\"article:publisher\" content=\"https:\/\/www.facebook.com\/huttoneesti\" \/>\n<meta property=\"article:modified_time\" content=\"2025-12-12T08:41:27+00:00\" \/>\n<meta property=\"og:image\" content=\"https:\/\/hutton.ee\/wp-content\/uploads\/2023\/05\/Ehituskonverents-eraldi-14.png\" \/>\n\t<meta property=\"og:image:width\" content=\"1080\" \/>\n\t<meta property=\"og:image:height\" content=\"1080\" \/>\n\t<meta property=\"og:image:type\" content=\"image\/png\" \/>\n<meta name=\"twitter:card\" content=\"summary_large_image\" \/>\n<meta name=\"twitter:title\" content=\"Ehituskoolitus: Titaantsink katused ja fassaadid - Hutton\" \/>\n<meta name=\"twitter:description\" content=\"Margus Laats koolitus: Energias\u00e4\u00e4stlik ehitamine. Ehitusf\u00fc\u00fcsika ja materjalitehnoloogiad. Ehitajatele, projekteerijatele, ehitusjuhtidele jt. Registreeri kohe &gt;\" \/>\n<meta name=\"twitter:label1\" content=\"Est. reading time\" \/>\n\t<meta name=\"twitter:data1\" content=\"3 minutes\" \/>\n<script type=\"application\/ld+json\" class=\"yoast-schema-graph\">{\"@context\":\"https:\\\/\\\/schema.org\",\"@graph\":[{\"@type\":\"WebPage\",\"@id\":\"https:\\\/\\\/hutton.ee\\\/toode\\\/ehituskoolitus-titaantsink-katused-ja-fassaadid\\\/\",\"url\":\"https:\\\/\\\/hutton.ee\\\/toode\\\/ehituskoolitus-titaantsink-katused-ja-fassaadid\\\/\",\"name\":\"Ehituskoolitus: Titaantsink katused ja fassaadid - Hutton\",\"isPartOf\":{\"@id\":\"https:\\\/\\\/hutton.ee\\\/#website\"},\"primaryImageOfPage\":{\"@id\":\"https:\\\/\\\/hutton.ee\\\/toode\\\/ehituskoolitus-titaantsink-katused-ja-fassaadid\\\/#primaryimage\"},\"image\":{\"@id\":\"https:\\\/\\\/hutton.ee\\\/toode\\\/ehituskoolitus-titaantsink-katused-ja-fassaadid\\\/#primaryimage\"},\"thumbnailUrl\":\"https:\\\/\\\/hutton.ee\\\/wp-content\\\/uploads\\\/2023\\\/05\\\/Ehituskonverents-eraldi-14.png\",\"datePublished\":\"2023-05-17T12:38:40+00:00\",\"dateModified\":\"2025-12-12T08:41:27+00:00\",\"description\":\"Ehituskoolitus \u201eTitaantsink katused ja fassaadid\u201c keskendub katuste ja fassaadide ehitusf\u00fc\u00fcsikale, titaantsingi lahendustele, metallkatuste tehnoloogiatele.\",\"breadcrumb\":{\"@id\":\"https:\\\/\\\/hutton.ee\\\/toode\\\/ehituskoolitus-titaantsink-katused-ja-fassaadid\\\/#breadcrumb\"},\"inLanguage\":\"en-US\",\"potentialAction\":[{\"@type\":\"ReadAction\",\"target\":[\"https:\\\/\\\/hutton.ee\\\/toode\\\/ehituskoolitus-titaantsink-katused-ja-fassaadid\\\/\"]}]},{\"@type\":\"ImageObject\",\"inLanguage\":\"en-US\",\"@id\":\"https:\\\/\\\/hutton.ee\\\/toode\\\/ehituskoolitus-titaantsink-katused-ja-fassaadid\\\/#primaryimage\",\"url\":\"https:\\\/\\\/hutton.ee\\\/wp-content\\\/uploads\\\/2023\\\/05\\\/Ehituskonverents-eraldi-14.png\",\"contentUrl\":\"https:\\\/\\\/hutton.ee\\\/wp-content\\\/uploads\\\/2023\\\/05\\\/Ehituskonverents-eraldi-14.png\",\"width\":1080,\"height\":1080},{\"@type\":\"BreadcrumbList\",\"@id\":\"https:\\\/\\\/hutton.ee\\\/toode\\\/ehituskoolitus-titaantsink-katused-ja-fassaadid\\\/#breadcrumb\",\"itemListElement\":[{\"@type\":\"ListItem\",\"position\":1,\"name\":\"Avaleht\",\"item\":\"https:\\\/\\\/hutton.ee\\\/\"},{\"@type\":\"ListItem\",\"position\":2,\"name\":\"Shop\",\"item\":\"https:\\\/\\\/hutton.ee\\\/en\\\/shop\\\/\"},{\"@type\":\"ListItem\",\"position\":3,\"name\":\"Ehituskoolitus: Titaantsink katused ja fassaadid\"}]},{\"@type\":\"WebSite\",\"@id\":\"https:\\\/\\\/hutton.ee\\\/#website\",\"url\":\"https:\\\/\\\/hutton.ee\\\/\",\"name\":\"Hutton\",\"description\":\"Ajas kestvad ehituslahendused\",\"publisher\":{\"@id\":\"https:\\\/\\\/hutton.ee\\\/#organization\"},\"potentialAction\":[{\"@type\":\"SearchAction\",\"target\":{\"@type\":\"EntryPoint\",\"urlTemplate\":\"https:\\\/\\\/hutton.ee\\\/?s={search_term_string}\"},\"query-input\":{\"@type\":\"PropertyValueSpecification\",\"valueRequired\":true,\"valueName\":\"search_term_string\"}}],\"inLanguage\":\"en-US\"},{\"@type\":\"Organization\",\"@id\":\"https:\\\/\\\/hutton.ee\\\/#organization\",\"name\":\"Hutton - KATUS | SEIN | FASSAAD\",\"url\":\"https:\\\/\\\/hutton.ee\\\/\",\"logo\":{\"@type\":\"ImageObject\",\"inLanguage\":\"en-US\",\"@id\":\"https:\\\/\\\/hutton.ee\\\/#\\\/schema\\\/logo\\\/image\\\/\",\"url\":\"https:\\\/\\\/hutton.ee\\\/wp-content\\\/uploads\\\/2020\\\/07\\\/hutton-logo_uuendatud-01.png\",\"contentUrl\":\"https:\\\/\\\/hutton.ee\\\/wp-content\\\/uploads\\\/2020\\\/07\\\/hutton-logo_uuendatud-01.png\",\"width\":1064,\"height\":455,\"caption\":\"Hutton - KATUS | SEIN | FASSAAD\"},\"image\":{\"@id\":\"https:\\\/\\\/hutton.ee\\\/#\\\/schema\\\/logo\\\/image\\\/\"},\"sameAs\":[\"https:\\\/\\\/www.facebook.com\\\/huttoneesti\"]}]}<\/script>\n<!-- \/ Yoast SEO Premium plugin. -->","yoast_head_json":{"title":"Ehituskoolitus: Titaantsink katused ja fassaadid - Hutton","description":"Ehituskoolitus \u201eTitaantsink katused ja fassaadid\u201c keskendub katuste ja fassaadide ehitusf\u00fc\u00fcsikale, titaantsingi lahendustele, metallkatuste tehnoloogiatele.","robots":{"index":"index","follow":"follow","max-snippet":"max-snippet:-1","max-image-preview":"max-image-preview:large","max-video-preview":"max-video-preview:-1"},"canonical":"https:\/\/hutton.ee\/toode\/ehituskoolitus-titaantsink-katused-ja-fassaadid\/","og_locale":"en_US","og_type":"article","og_title":"Ehituskoolitus: Titaantsink katused ja fassaadid - Hutton","og_description":"Margus Laats koolitus: Energias\u00e4\u00e4stlik ehitamine. Ehitusf\u00fc\u00fcsika ja materjalitehnoloogiad. Ehitajatele, projekteerijatele, ehitusjuhtidele jt. Registreeri kohe >","og_url":"https:\/\/hutton.ee\/toode\/ehituskoolitus-titaantsink-katused-ja-fassaadid\/","og_site_name":"Hutton","article_publisher":"https:\/\/www.facebook.com\/huttoneesti","article_modified_time":"2025-12-12T08:41:27+00:00","og_image":[{"width":1080,"height":1080,"url":"https:\/\/hutton.ee\/wp-content\/uploads\/2023\/05\/Ehituskonverents-eraldi-14.png","type":"image\/png"}],"twitter_card":"summary_large_image","twitter_title":"Ehituskoolitus: Titaantsink katused ja fassaadid - Hutton","twitter_description":"Margus Laats koolitus: Energias\u00e4\u00e4stlik ehitamine. Ehitusf\u00fc\u00fcsika ja materjalitehnoloogiad. Ehitajatele, projekteerijatele, ehitusjuhtidele jt. Registreeri kohe >","twitter_misc":{"Est. reading time":"3 minutes"},"schema":{"@context":"https:\/\/schema.org","@graph":[{"@type":"WebPage","@id":"https:\/\/hutton.ee\/toode\/ehituskoolitus-titaantsink-katused-ja-fassaadid\/","url":"https:\/\/hutton.ee\/toode\/ehituskoolitus-titaantsink-katused-ja-fassaadid\/","name":"Ehituskoolitus: Titaantsink katused ja fassaadid - Hutton","isPartOf":{"@id":"https:\/\/hutton.ee\/#website"},"primaryImageOfPage":{"@id":"https:\/\/hutton.ee\/toode\/ehituskoolitus-titaantsink-katused-ja-fassaadid\/#primaryimage"},"image":{"@id":"https:\/\/hutton.ee\/toode\/ehituskoolitus-titaantsink-katused-ja-fassaadid\/#primaryimage"},"thumbnailUrl":"https:\/\/hutton.ee\/wp-content\/uploads\/2023\/05\/Ehituskonverents-eraldi-14.png","datePublished":"2023-05-17T12:38:40+00:00","dateModified":"2025-12-12T08:41:27+00:00","description":"Ehituskoolitus \u201eTitaantsink katused ja fassaadid\u201c keskendub katuste ja fassaadide ehitusf\u00fc\u00fcsikale, titaantsingi lahendustele, metallkatuste tehnoloogiatele.","breadcrumb":{"@id":"https:\/\/hutton.ee\/toode\/ehituskoolitus-titaantsink-katused-ja-fassaadid\/#breadcrumb"},"inLanguage":"en-US","potentialAction":[{"@type":"ReadAction","target":["https:\/\/hutton.ee\/toode\/ehituskoolitus-titaantsink-katused-ja-fassaadid\/"]}]},{"@type":"ImageObject","inLanguage":"en-US","@id":"https:\/\/hutton.ee\/toode\/ehituskoolitus-titaantsink-katused-ja-fassaadid\/#primaryimage","url":"https:\/\/hutton.ee\/wp-content\/uploads\/2023\/05\/Ehituskonverents-eraldi-14.png","contentUrl":"https:\/\/hutton.ee\/wp-content\/uploads\/2023\/05\/Ehituskonverents-eraldi-14.png","width":1080,"height":1080},{"@type":"BreadcrumbList","@id":"https:\/\/hutton.ee\/toode\/ehituskoolitus-titaantsink-katused-ja-fassaadid\/#breadcrumb","itemListElement":[{"@type":"ListItem","position":1,"name":"Avaleht","item":"https:\/\/hutton.ee\/"},{"@type":"ListItem","position":2,"name":"Shop","item":"https:\/\/hutton.ee\/en\/shop\/"},{"@type":"ListItem","position":3,"name":"Ehituskoolitus: Titaantsink katused ja fassaadid"}]},{"@type":"WebSite","@id":"https:\/\/hutton.ee\/#website","url":"https:\/\/hutton.ee\/","name":"Hutton","description":"Ajas kestvad ehituslahendused","publisher":{"@id":"https:\/\/hutton.ee\/#organization"},"potentialAction":[{"@type":"SearchAction","target":{"@type":"EntryPoint","urlTemplate":"https:\/\/hutton.ee\/?s={search_term_string}"},"query-input":{"@type":"PropertyValueSpecification","valueRequired":true,"valueName":"search_term_string"}}],"inLanguage":"en-US"},{"@type":"Organization","@id":"https:\/\/hutton.ee\/#organization","name":"Hutton - KATUS | SEIN | FASSAAD","url":"https:\/\/hutton.ee\/","logo":{"@type":"ImageObject","inLanguage":"en-US","@id":"https:\/\/hutton.ee\/#\/schema\/logo\/image\/","url":"https:\/\/hutton.ee\/wp-content\/uploads\/2020\/07\/hutton-logo_uuendatud-01.png","contentUrl":"https:\/\/hutton.ee\/wp-content\/uploads\/2020\/07\/hutton-logo_uuendatud-01.png","width":1064,"height":455,"caption":"Hutton - KATUS | SEIN | FASSAAD"},"image":{"@id":"https:\/\/hutton.ee\/#\/schema\/logo\/image\/"},"sameAs":["https:\/\/www.facebook.com\/huttoneesti"]}]}},"_links":{"self":[{"href":"https:\/\/hutton.ee\/en\/wp-json\/wp\/v2\/product\/19161","targetHints":{"allow":["GET"]}}],"collection":[{"href":"https:\/\/hutton.ee\/en\/wp-json\/wp\/v2\/product"}],"about":[{"href":"https:\/\/hutton.ee\/en\/wp-json\/wp\/v2\/types\/product"}],"wp:featuredmedia":[{"embeddable":true,"href":"https:\/\/hutton.ee\/en\/wp-json\/wp\/v2\/media\/19197"}],"wp:attachment":[{"href":"https:\/\/hutton.ee\/en\/wp-json\/wp\/v2\/media?parent=19161"}],"wp:term":[{"taxonomy":"product_brand","embeddable":true,"href":"https:\/\/hutton.ee\/en\/wp-json\/wp\/v2\/product_brand?post=19161"},{"taxonomy":"product_cat","embeddable":true,"href":"https:\/\/hutton.ee\/en\/wp-json\/wp\/v2\/product_cat?post=19161"},{"taxonomy":"product_tag","embeddable":true,"href":"https:\/\/hutton.ee\/en\/wp-json\/wp\/v2\/product_tag?post=19161"},{"taxonomy":"filtrisusteem","embeddable":true,"href":"https:\/\/hutton.ee\/en\/wp-json\/wp\/v2\/filtrisusteem?post=19161"},{"taxonomy":"kvaliteediklass","embeddable":true,"href":"https:\/\/hutton.ee\/en\/wp-json\/wp\/v2\/kvaliteediklass?post=19161"}],"curies":[{"name":"wp","href":"https:\/\/api.w.org\/{rel}","templated":true}]}}