{"id":19164,"date":"2023-05-17T12:49:21","date_gmt":"2023-05-17T12:49:21","guid":{"rendered":"https:\/\/hutton.ee\/?post_type=product&#038;p=19164"},"modified":"2025-12-12T08:39:09","modified_gmt":"2025-12-12T08:39:09","slug":"ehituskoolitus-rohekatused-haljaskatused-soprema","status":"publish","type":"product","link":"https:\/\/hutton.ee\/en\/toode\/ehituskoolitus-rohekatused-haljaskatused-soprema\/","title":{"rendered":"Ehituskoolitus: Rohekatused, haljaskatused &#8211; Soprema"},"content":{"rendered":"<p><strong>Ehituskoolitus: Rohekatused, haljaskatused &#8211; Soprema<br \/>\n<\/strong><strong>Tegemist on ehituskonverentsi &#8220;<a href=\"https:\/\/hutton.ee\/toode\/uued-katuse-ja-fassaadilahendused-eestis\/\">Uued katuse- ja fassaadilahendused Eestis<\/a>&#8221; teise teemaplokiga.<\/strong><\/p>\n<p><strong>Ehituskoolitus toimub:<\/strong><br \/>\n30. mai 2023<br \/>\nKell: 12:30 &#8211; 16:30<br \/>\nTallinn Viimsi SPA &#8211; Randvere tee 11, Haabneeme, 74001, Tallinn<\/p>\n<p><strong>P\u00e4evakava<\/strong>:<\/p>\n<p><strong>12.<sup>30<\/sup> &#8211; 13.<sup>30<\/sup>\u00a0\u00a0\u00a0\u00a0 l\u00f5una<\/strong><br \/>\n<strong>13.<sup>30<\/sup> &#8211; 14.<sup>30<\/sup>\u00a0\u00a0\u00a0\u00a0 Soprema lamekatuste ja vundamentide h\u00fcdroisolatsioonilahendused (inglise keeles, vajadusel vene v\u00f5i eestikeelsed selgitused) &#8211; dipl engineer Donata Tomchuk (leedulanna) Soprema, Eastern European Division<\/strong><\/p>\n<ul>\n<li>Kes v\u00f5i mis on Soprema &#8211; maailma suurimaid h\u00fcdroisolatsioonimaterjalide tootjaid. N\u00fc\u00fcd ka Eesti turul \u2013 maaletooja ja tehnilise toe pakkuja Hutton<\/li>\n<li>Miks eelistada Soprema tooteid?<\/li>\n<li>Kuidas \u00e4ra tunda kvaliteetse bituumen membraanid?<\/li>\n<li>Lamekatuse kattematerjalid ja nende kvaliteet ja erinevad tooteperekonnad<\/li>\n<li>Lamekatuse aurut\u00f5kke kiht kui peitu j\u00e4\u00e4v ja alat\u00e4htsustatud v\u00f5tmekoht lamekatuses! Iseliimuvad aurut\u00f5kkemembraanid<\/li>\n<li>Katuseehitusreeglid EVS\u00a0 920-5 Lamekatusestandard \u2013 uue standardiversiooni oodatav m\u00f5ju lamekatuste kvaliteedile<\/li>\n<li>Soprema vundamentide h\u00fcdroisolatsioonilahendused \u2013 toimivad terviklahendused professionaalidele<\/li>\n<li>K\u00fclmliimitavad h\u00fcdroisolatsioonimembraanid \u2013 kasutamiseks soojustusmaterjali peal!<\/li>\n<\/ul>\n<p><strong>14.<sup>30<\/sup> &#8211; 14.<sup>40<\/sup>\u00a0\u00a0\u00a0\u00a0 kohvipaus<\/strong><br \/>\n<strong>14.<sup>40<\/sup> &#8211; 15.<sup>40<\/sup>\u00a0\u00a0\u00a0\u00a0 Soprema Green Roofs and White roofs \/ Cool Roofs &#8211; (inglise keeles, vajadusel vene v\u00f5i eestikeelsed selgitused) &#8211; dipl engineer Donata Tomchuk (leedulanna) Soprema, Eastern European Division<\/strong><\/p>\n<ul>\n<li>Haljastusega katuste eelised ja kitsaskohad, millega tuleb arvestada<\/li>\n<li>Soprema Green Roof katuste ja fassaadide erinevad lahendused<\/li>\n<li>Soprema kui haljaskatuste spetsialist \u2013 terviklahenduste projekteerimise ja materjalivaliku tehniline n\u00f5ustamine ja s\u00f5lmed &#8211; koos Hutton Estonia spetsialistidega<\/li>\n<li>Soprema Green Roof terviklahendused \u2013 samas tarnes k\u00f5ik koos kuni muruseemneteni v\u00e4lja!<\/li>\n<li>Soprema White Roof \/ Cool Roof \u2013 mis see on ja milleks on valged \/ k\u00fclmad katused head?<\/li>\n<li>Soprema White Roof \/ Cool Roof \u2013 erinevatest lamekatuse kattematerjalist v\u00f5imalused SBS, PVC, TPO<\/li>\n<\/ul>\n<p><strong>15.<sup>40<\/sup> &#8211; 16.<sup>30<\/sup> \u00a0\u00a0\u00a0 Katusestandardid Eestis ja Euroopas. Mis on uut! &#8211; eesti keeles Margus Laats (Eesti Standardikeskuse EVS Katuste ja tuulduvate fassaadide komitee liige, EVS 920-1 ja EVS 920-7 standardite arutor, Hutton tehniline konsultant)<\/strong><\/p>\n<ul>\n<li>Eesti oma Katuseehitusreeglite standardisari EVS 920 (osad 1-6 ja 7 kohe valmib)<\/li>\n<li>Katuseehituse reeglid Soomes, Saksamaal, Shveitsis, Austrias, jne<\/li>\n<li>Mis on uut Eesti katuseehitusreeglites ja juhendites<\/li>\n<li>EVS 920-1:2021 \u2013 \u00dcldn\u00f5uded\n<ul>\n<li>Katuseehitusreeglite struktuur aurut\u00f5kkemembraanid<\/li>\n<li>Katusetarind, katuse kandetarind, katuse kattetarind, aluskatusetarind, katuse isolatsioonitarind<\/li>\n<li>Kaldkatus, viilkatus<\/li>\n<li>Reeglitele vastav katusekalle, minimaalne katusekalle<\/li>\n<li>M\u00f5jud ja koormused \u2013 vs oodatav kasutusaeg<\/li>\n<\/ul>\n<\/li>\n<li>EVS 920-5 \u2013 Lamekatused\n<ul>\n<li>Uuendatud k\u00f5ik joonised<\/li>\n<li>Lisandunud on kummirullmaterjalide, vedelplastide ja pindpaigaldiste osad<\/li>\n<li>Tuuldumise m\u00f5iste uuenenud k\u00e4sitlus<\/li>\n<\/ul>\n<\/li>\n<li>EVS 920-6 \u2013 Katusekatte aluskonstruktsiooni puitmaterjalid ja puitplaadid\n<ul>\n<li>Katuse kattematerjali puidust alustarindid<\/li>\n<li>Puidust alustarindite metallist kinnituselemendid (naelad, kruvid, klambrid)<\/li>\n<\/ul>\n<\/li>\n<li>EVS 920-7 (projekt) \u2013 Aluskatuse standard\n<ul>\n<li>Kuidas tagada katuse korrektne tuulduvus? Tuulutusroovi dimensioneerimine ja tuulduvust m\u00f5jutavad tegurid (tuulutusroovi ristl\u00f5ike abitabelid standardis)<\/li>\n<li>Aluskatuse t\u00fc\u00fcbid sh veetihedad aluskatused, mis taluvad survelise vee koormusi, jne<\/li>\n<li>Aluskatte t\u00fc\u00fcbid, aluskatte klassid. Metallkatuse aluskatete erin\u00f5uded, Kivikatuste aluskatete erin\u00f5uded, p\u00e4ikeseenergia seadmetega katuste aluskatete erin\u00f5uded, jne<\/li>\n<\/ul>\n<\/li>\n<\/ul>\n<p><strong>Kellele on ehituskonverents suunatud:<\/strong><\/p>\n<p>Arhitektidele, projekteerijatele, ehitusjuhtidele, ehitusej\u00e4relevalve inseneridele ja k\u00f5igile neile, kellele antud teema huvi pakub.<\/p>\n<p><strong>Osaledes vaid \u00fches konverentsi plokis (4h) on maksumus 50 eur + KM<\/strong>. Konverentsi tervikp\u00e4eva maksumus\u00a070 eur + KM \/osaleja kohta (sisaldab ka kohvipause ja l\u00f5unat).<\/p>\n<p>Osalejatele tunnistused!<\/p>\n<p>K\u00fcsimuste korral v\u00f5tke julgelt \u00fchendust:<br \/>\nMargus Laats (tehniline konsultant)<br \/>\n\u2706 +372 50 11 324<br \/>\n<img decoding=\"async\" class=\"emoji\" role=\"img\" draggable=\"false\" src=\"https:\/\/s.w.org\/images\/core\/emoji\/14.0.0\/svg\/2709.svg\" alt=\"\u2709\" \/>\u00a0info@hutton.ee<\/p>\n","protected":false},"excerpt":{"rendered":"<p>Ehituskoolitus: Rohekatused, haljaskatused &#8211; Soprema Tegemist on ehituskonverentsi &#8220;Uued katuse- ja fassaadilahendused Eestis&#8221; teise teemaplokiga. Ehituskoolitus toimub: 30. mai 2023 Kell: 12:30 &#8211; 16:30 Tallinn Viimsi SPA &#8211; Randvere tee 11, Haabneeme, 74001, Tallinn P\u00e4evakava: 12.30 &#8211; 13.30\u00a0\u00a0\u00a0\u00a0 l\u00f5una 13.30 &#8211; 14.30\u00a0\u00a0\u00a0\u00a0 Soprema lamekatuste ja vundamentide h\u00fcdroisolatsioonilahendused (inglise keeles, vajadusel vene v\u00f5i eestikeelsed selgitused) &#8211; [&hellip;]<\/p>\n","protected":false},"featured_media":19186,"template":"","meta":{"_gspb_post_css":"","_uf_show_specific_survey":0,"_uf_disable_surveys":false},"product_brand":[],"product_cat":[938],"product_tag":[],"filtrisusteem":[],"kvaliteediklass":[],"class_list":{"0":"post-19164","1":"product","2":"type-product","3":"status-publish","4":"has-post-thumbnail","6":"product_cat-koolitused","8":"first","9":"outofstock","10":"virtual","11":"taxable","12":"purchasable","13":"product-type-simple"},"yoast_head":"<!-- This site is optimized with the Yoast SEO Premium plugin v21.3 (Yoast SEO v27.3) - https:\/\/yoast.com\/product\/yoast-seo-premium-wordpress\/ -->\n<title>Ehituskoolitus: Rohekatused, haljaskatused - Soprema - Hutton<\/title>\n<meta name=\"description\" content=\"Ehituskonverents \u201eUued katuse- ja fassaadilahendused Eestis\u201c k\u00e4sitleb katuste ehitusf\u00fc\u00fcsikat, metallkatteid, titaantsinki, lamekatuseid ja uusi standardeid.\" \/>\n<meta name=\"robots\" content=\"index, follow, max-snippet:-1, max-image-preview:large, max-video-preview:-1\" \/>\n<link rel=\"canonical\" href=\"https:\/\/hutton.ee\/toode\/ehituskoolitus-rohekatused-haljaskatused-soprema\/\" \/>\n<meta property=\"og:locale\" content=\"en_US\" \/>\n<meta property=\"og:type\" content=\"article\" \/>\n<meta property=\"og:title\" content=\"Ehituskoolitus: Rohekatused, haljaskatused - Soprema - Hutton\" \/>\n<meta property=\"og:description\" content=\"Margus Laats koolitus: Energias\u00e4\u00e4stlik ehitamine. Ehitusf\u00fc\u00fcsika ja materjalitehnoloogiad. Ehitajatele, projekteerijatele, ehitusjuhtidele jt. Registreeri kohe &gt;\" \/>\n<meta property=\"og:url\" content=\"https:\/\/hutton.ee\/toode\/ehituskoolitus-rohekatused-haljaskatused-soprema\/\" \/>\n<meta property=\"og:site_name\" content=\"Hutton\" \/>\n<meta property=\"article:publisher\" content=\"https:\/\/www.facebook.com\/huttoneesti\" \/>\n<meta property=\"article:modified_time\" content=\"2025-12-12T08:39:09+00:00\" \/>\n<meta property=\"og:image\" content=\"https:\/\/hutton.ee\/wp-content\/uploads\/2023\/05\/Ehituskonverents-eraldi-8.png\" \/>\n\t<meta property=\"og:image:width\" content=\"1080\" \/>\n\t<meta property=\"og:image:height\" content=\"1080\" \/>\n\t<meta property=\"og:image:type\" content=\"image\/png\" \/>\n<meta name=\"twitter:card\" content=\"summary_large_image\" \/>\n<meta name=\"twitter:title\" content=\"Ehituskoolitus: Rohekatused, haljaskatused - Soprema - Hutton\" \/>\n<meta name=\"twitter:description\" content=\"Margus Laats koolitus: Energias\u00e4\u00e4stlik ehitamine. Ehitusf\u00fc\u00fcsika ja materjalitehnoloogiad. Ehitajatele, projekteerijatele, ehitusjuhtidele jt. Registreeri kohe &gt;\" \/>\n<meta name=\"twitter:label1\" content=\"Est. reading time\" \/>\n\t<meta name=\"twitter:data1\" content=\"3 minutes\" \/>\n<script type=\"application\/ld+json\" class=\"yoast-schema-graph\">{\"@context\":\"https:\\\/\\\/schema.org\",\"@graph\":[{\"@type\":\"WebPage\",\"@id\":\"https:\\\/\\\/hutton.ee\\\/toode\\\/ehituskoolitus-rohekatused-haljaskatused-soprema\\\/\",\"url\":\"https:\\\/\\\/hutton.ee\\\/toode\\\/ehituskoolitus-rohekatused-haljaskatused-soprema\\\/\",\"name\":\"Ehituskoolitus: Rohekatused, haljaskatused - Soprema - Hutton\",\"isPartOf\":{\"@id\":\"https:\\\/\\\/hutton.ee\\\/#website\"},\"primaryImageOfPage\":{\"@id\":\"https:\\\/\\\/hutton.ee\\\/toode\\\/ehituskoolitus-rohekatused-haljaskatused-soprema\\\/#primaryimage\"},\"image\":{\"@id\":\"https:\\\/\\\/hutton.ee\\\/toode\\\/ehituskoolitus-rohekatused-haljaskatused-soprema\\\/#primaryimage\"},\"thumbnailUrl\":\"https:\\\/\\\/hutton.ee\\\/wp-content\\\/uploads\\\/2023\\\/05\\\/Ehituskonverents-eraldi-8.png\",\"datePublished\":\"2023-05-17T12:49:21+00:00\",\"dateModified\":\"2025-12-12T08:39:09+00:00\",\"description\":\"Ehituskonverents \u201eUued katuse- ja fassaadilahendused Eestis\u201c k\u00e4sitleb katuste ehitusf\u00fc\u00fcsikat, metallkatteid, titaantsinki, lamekatuseid ja uusi standardeid.\",\"breadcrumb\":{\"@id\":\"https:\\\/\\\/hutton.ee\\\/toode\\\/ehituskoolitus-rohekatused-haljaskatused-soprema\\\/#breadcrumb\"},\"inLanguage\":\"en-US\",\"potentialAction\":[{\"@type\":\"ReadAction\",\"target\":[\"https:\\\/\\\/hutton.ee\\\/toode\\\/ehituskoolitus-rohekatused-haljaskatused-soprema\\\/\"]}]},{\"@type\":\"ImageObject\",\"inLanguage\":\"en-US\",\"@id\":\"https:\\\/\\\/hutton.ee\\\/toode\\\/ehituskoolitus-rohekatused-haljaskatused-soprema\\\/#primaryimage\",\"url\":\"https:\\\/\\\/hutton.ee\\\/wp-content\\\/uploads\\\/2023\\\/05\\\/Ehituskonverents-eraldi-8.png\",\"contentUrl\":\"https:\\\/\\\/hutton.ee\\\/wp-content\\\/uploads\\\/2023\\\/05\\\/Ehituskonverents-eraldi-8.png\",\"width\":1080,\"height\":1080,\"caption\":\"Ehituskonverents rohekatused, haljaskatused - Soprema\"},{\"@type\":\"BreadcrumbList\",\"@id\":\"https:\\\/\\\/hutton.ee\\\/toode\\\/ehituskoolitus-rohekatused-haljaskatused-soprema\\\/#breadcrumb\",\"itemListElement\":[{\"@type\":\"ListItem\",\"position\":1,\"name\":\"Avaleht\",\"item\":\"https:\\\/\\\/hutton.ee\\\/\"},{\"@type\":\"ListItem\",\"position\":2,\"name\":\"Shop\",\"item\":\"https:\\\/\\\/hutton.ee\\\/en\\\/shop\\\/\"},{\"@type\":\"ListItem\",\"position\":3,\"name\":\"Ehituskoolitus: Rohekatused, haljaskatused &#8211; Soprema\"}]},{\"@type\":\"WebSite\",\"@id\":\"https:\\\/\\\/hutton.ee\\\/#website\",\"url\":\"https:\\\/\\\/hutton.ee\\\/\",\"name\":\"Hutton\",\"description\":\"Ajas kestvad ehituslahendused\",\"publisher\":{\"@id\":\"https:\\\/\\\/hutton.ee\\\/#organization\"},\"potentialAction\":[{\"@type\":\"SearchAction\",\"target\":{\"@type\":\"EntryPoint\",\"urlTemplate\":\"https:\\\/\\\/hutton.ee\\\/?s={search_term_string}\"},\"query-input\":{\"@type\":\"PropertyValueSpecification\",\"valueRequired\":true,\"valueName\":\"search_term_string\"}}],\"inLanguage\":\"en-US\"},{\"@type\":\"Organization\",\"@id\":\"https:\\\/\\\/hutton.ee\\\/#organization\",\"name\":\"Hutton - KATUS | SEIN | FASSAAD\",\"url\":\"https:\\\/\\\/hutton.ee\\\/\",\"logo\":{\"@type\":\"ImageObject\",\"inLanguage\":\"en-US\",\"@id\":\"https:\\\/\\\/hutton.ee\\\/#\\\/schema\\\/logo\\\/image\\\/\",\"url\":\"https:\\\/\\\/hutton.ee\\\/wp-content\\\/uploads\\\/2020\\\/07\\\/hutton-logo_uuendatud-01.png\",\"contentUrl\":\"https:\\\/\\\/hutton.ee\\\/wp-content\\\/uploads\\\/2020\\\/07\\\/hutton-logo_uuendatud-01.png\",\"width\":1064,\"height\":455,\"caption\":\"Hutton - KATUS | SEIN | FASSAAD\"},\"image\":{\"@id\":\"https:\\\/\\\/hutton.ee\\\/#\\\/schema\\\/logo\\\/image\\\/\"},\"sameAs\":[\"https:\\\/\\\/www.facebook.com\\\/huttoneesti\"]}]}<\/script>\n<!-- \/ Yoast SEO Premium plugin. -->","yoast_head_json":{"title":"Ehituskoolitus: Rohekatused, haljaskatused - Soprema - Hutton","description":"Ehituskonverents \u201eUued katuse- ja fassaadilahendused Eestis\u201c k\u00e4sitleb katuste ehitusf\u00fc\u00fcsikat, metallkatteid, titaantsinki, lamekatuseid ja uusi standardeid.","robots":{"index":"index","follow":"follow","max-snippet":"max-snippet:-1","max-image-preview":"max-image-preview:large","max-video-preview":"max-video-preview:-1"},"canonical":"https:\/\/hutton.ee\/toode\/ehituskoolitus-rohekatused-haljaskatused-soprema\/","og_locale":"en_US","og_type":"article","og_title":"Ehituskoolitus: Rohekatused, haljaskatused - Soprema - Hutton","og_description":"Margus Laats koolitus: Energias\u00e4\u00e4stlik ehitamine. Ehitusf\u00fc\u00fcsika ja materjalitehnoloogiad. Ehitajatele, projekteerijatele, ehitusjuhtidele jt. Registreeri kohe >","og_url":"https:\/\/hutton.ee\/toode\/ehituskoolitus-rohekatused-haljaskatused-soprema\/","og_site_name":"Hutton","article_publisher":"https:\/\/www.facebook.com\/huttoneesti","article_modified_time":"2025-12-12T08:39:09+00:00","og_image":[{"width":1080,"height":1080,"url":"https:\/\/hutton.ee\/wp-content\/uploads\/2023\/05\/Ehituskonverents-eraldi-8.png","type":"image\/png"}],"twitter_card":"summary_large_image","twitter_title":"Ehituskoolitus: Rohekatused, haljaskatused - Soprema - Hutton","twitter_description":"Margus Laats koolitus: Energias\u00e4\u00e4stlik ehitamine. Ehitusf\u00fc\u00fcsika ja materjalitehnoloogiad. Ehitajatele, projekteerijatele, ehitusjuhtidele jt. Registreeri kohe >","twitter_misc":{"Est. reading time":"3 minutes"},"schema":{"@context":"https:\/\/schema.org","@graph":[{"@type":"WebPage","@id":"https:\/\/hutton.ee\/toode\/ehituskoolitus-rohekatused-haljaskatused-soprema\/","url":"https:\/\/hutton.ee\/toode\/ehituskoolitus-rohekatused-haljaskatused-soprema\/","name":"Ehituskoolitus: Rohekatused, haljaskatused - Soprema - Hutton","isPartOf":{"@id":"https:\/\/hutton.ee\/#website"},"primaryImageOfPage":{"@id":"https:\/\/hutton.ee\/toode\/ehituskoolitus-rohekatused-haljaskatused-soprema\/#primaryimage"},"image":{"@id":"https:\/\/hutton.ee\/toode\/ehituskoolitus-rohekatused-haljaskatused-soprema\/#primaryimage"},"thumbnailUrl":"https:\/\/hutton.ee\/wp-content\/uploads\/2023\/05\/Ehituskonverents-eraldi-8.png","datePublished":"2023-05-17T12:49:21+00:00","dateModified":"2025-12-12T08:39:09+00:00","description":"Ehituskonverents \u201eUued katuse- ja fassaadilahendused Eestis\u201c k\u00e4sitleb katuste ehitusf\u00fc\u00fcsikat, metallkatteid, titaantsinki, lamekatuseid ja uusi standardeid.","breadcrumb":{"@id":"https:\/\/hutton.ee\/toode\/ehituskoolitus-rohekatused-haljaskatused-soprema\/#breadcrumb"},"inLanguage":"en-US","potentialAction":[{"@type":"ReadAction","target":["https:\/\/hutton.ee\/toode\/ehituskoolitus-rohekatused-haljaskatused-soprema\/"]}]},{"@type":"ImageObject","inLanguage":"en-US","@id":"https:\/\/hutton.ee\/toode\/ehituskoolitus-rohekatused-haljaskatused-soprema\/#primaryimage","url":"https:\/\/hutton.ee\/wp-content\/uploads\/2023\/05\/Ehituskonverents-eraldi-8.png","contentUrl":"https:\/\/hutton.ee\/wp-content\/uploads\/2023\/05\/Ehituskonverents-eraldi-8.png","width":1080,"height":1080,"caption":"Ehituskonverents rohekatused, haljaskatused - Soprema"},{"@type":"BreadcrumbList","@id":"https:\/\/hutton.ee\/toode\/ehituskoolitus-rohekatused-haljaskatused-soprema\/#breadcrumb","itemListElement":[{"@type":"ListItem","position":1,"name":"Avaleht","item":"https:\/\/hutton.ee\/"},{"@type":"ListItem","position":2,"name":"Shop","item":"https:\/\/hutton.ee\/en\/shop\/"},{"@type":"ListItem","position":3,"name":"Ehituskoolitus: Rohekatused, haljaskatused &#8211; Soprema"}]},{"@type":"WebSite","@id":"https:\/\/hutton.ee\/#website","url":"https:\/\/hutton.ee\/","name":"Hutton","description":"Ajas kestvad ehituslahendused","publisher":{"@id":"https:\/\/hutton.ee\/#organization"},"potentialAction":[{"@type":"SearchAction","target":{"@type":"EntryPoint","urlTemplate":"https:\/\/hutton.ee\/?s={search_term_string}"},"query-input":{"@type":"PropertyValueSpecification","valueRequired":true,"valueName":"search_term_string"}}],"inLanguage":"en-US"},{"@type":"Organization","@id":"https:\/\/hutton.ee\/#organization","name":"Hutton - KATUS | SEIN | FASSAAD","url":"https:\/\/hutton.ee\/","logo":{"@type":"ImageObject","inLanguage":"en-US","@id":"https:\/\/hutton.ee\/#\/schema\/logo\/image\/","url":"https:\/\/hutton.ee\/wp-content\/uploads\/2020\/07\/hutton-logo_uuendatud-01.png","contentUrl":"https:\/\/hutton.ee\/wp-content\/uploads\/2020\/07\/hutton-logo_uuendatud-01.png","width":1064,"height":455,"caption":"Hutton - KATUS | SEIN | FASSAAD"},"image":{"@id":"https:\/\/hutton.ee\/#\/schema\/logo\/image\/"},"sameAs":["https:\/\/www.facebook.com\/huttoneesti"]}]}},"_links":{"self":[{"href":"https:\/\/hutton.ee\/en\/wp-json\/wp\/v2\/product\/19164","targetHints":{"allow":["GET"]}}],"collection":[{"href":"https:\/\/hutton.ee\/en\/wp-json\/wp\/v2\/product"}],"about":[{"href":"https:\/\/hutton.ee\/en\/wp-json\/wp\/v2\/types\/product"}],"wp:featuredmedia":[{"embeddable":true,"href":"https:\/\/hutton.ee\/en\/wp-json\/wp\/v2\/media\/19186"}],"wp:attachment":[{"href":"https:\/\/hutton.ee\/en\/wp-json\/wp\/v2\/media?parent=19164"}],"wp:term":[{"taxonomy":"product_brand","embeddable":true,"href":"https:\/\/hutton.ee\/en\/wp-json\/wp\/v2\/product_brand?post=19164"},{"taxonomy":"product_cat","embeddable":true,"href":"https:\/\/hutton.ee\/en\/wp-json\/wp\/v2\/product_cat?post=19164"},{"taxonomy":"product_tag","embeddable":true,"href":"https:\/\/hutton.ee\/en\/wp-json\/wp\/v2\/product_tag?post=19164"},{"taxonomy":"filtrisusteem","embeddable":true,"href":"https:\/\/hutton.ee\/en\/wp-json\/wp\/v2\/filtrisusteem?post=19164"},{"taxonomy":"kvaliteediklass","embeddable":true,"href":"https:\/\/hutton.ee\/en\/wp-json\/wp\/v2\/kvaliteediklass?post=19164"}],"curies":[{"name":"wp","href":"https:\/\/api.w.org\/{rel}","templated":true}]}}