{"id":19238,"date":"2023-05-24T10:38:45","date_gmt":"2023-05-24T10:38:45","guid":{"rendered":"https:\/\/hutton.ee\/?post_type=product&#038;p=19238"},"modified":"2023-08-23T10:17:14","modified_gmt":"2023-08-23T10:17:14","slug":"titaantsink-sertifitseeritud-paigaldajate-koolitus","status":"publish","type":"product","link":"https:\/\/hutton.ee\/en\/toode\/titaantsink-sertifitseeritud-paigaldajate-koolitus\/","title":{"rendered":"Titaantsink, sertifitseeritud paigaldajate koolitus, Tallinn"},"content":{"rendered":"<p><strong>Titaantsink sertifitseeritud paigaldajate koolitus<br \/>\n<\/strong>Titaantsink &#8211; katused, fassaadid ja vihmavees\u00fcsteemid<\/p>\n<p><strong>Koolituse info<\/strong>:<strong><br \/>\n<\/strong>Koolitus toimub kahes osas: <span style=\"text-decoration: underline;\">teooria + praktika<\/span><br \/>\nKoolitus toimub: 31.05.2023 | kell 09:00 &#8211; 16:30<br \/>\nTeooria: Tallinn Viimsi SPA &#8211; Randvere tee 11, Haabneeme, 74001, Tallinn<br \/>\nPraktika: Weckman\/Esco AS &#8211; Aiandi tee 25, Viimsi, 74001 Harju maakond<\/p>\n<p><strong>Koolituse teemad<\/strong>:<br \/>\n&#8211; VM Zinc\u00a0firma tutvustus<br \/>\n&#8211; Tsingi omadused ja n\u00f5uded<br \/>\n&#8211; Katuset\u00fc\u00fcbid ja tuulduvus<br \/>\n&#8211; Katuse \u00fcldinfo<br \/>\n&#8211; P\u00fcstvalts<br \/>\n&#8211; Alumised tugipinnad<br \/>\n&#8211; Klambrite paigaldamine<br \/>\n&#8211; VMZ neel<br \/>\n&#8211; VMZ \u00fchendusliited<br \/>\n&#8211; VMZ ripprennid ja rennikastid<br \/>\n&#8211; VMZ hari<br \/>\n&#8211; VMZ viil<br \/>\n&#8211; VMZ katuse l\u00e4biviigud<br \/>\n&#8211; VMZ katuser\u00e4\u00e4stas<\/p>\n<p><strong>Koolitus toimub inglise keeles!<\/strong> Vajadusel kohapeal olemas ka t\u00f5lge eesti keeles.<\/p>\n<p>Koolituse viivad l\u00e4bi VMZinc tehase esindaja prantslane Alain Sailly ja Zambelli RIB Roof GmbH esindaja sakslane Florian Heininger.<\/p>\n<p><strong>Kellele on koolitus suunatud<\/strong>:<\/p>\n<p>Plekkseppadele, arhitektidele, ehitusjuhtidele, ehitusej\u00e4relevalve inseneridele, ehitajatele, projekteerijatele ja k\u00f5igile neile, kellele antud teema pakub huvi.<\/p>\n<p><strong>Registreerimine:<\/strong><\/p>\n<p>Registreerumine toimub e-poe kaudu. <strong>Kohtade arv on piiratud!<\/strong><\/p>\n<p><strong>Koolitus on <span style=\"color: green;\">TASUTA<\/span>!<\/strong><\/p>\n<p><strong style=\"font-weight: 400;\">Koolitusel osalenutele v\u00e4ljastatakse koolitussertifikaat (sertifitseeritud VMZinc titaantsink katuse ehitaja).<\/strong><\/p>\n<p>Rohkem infot titaantsingi kohta leiate <a href=\"http:\/\/www.titaantsink.ee\">www.titaantsink.ee<\/a><\/p>\n<p class=\"moz-signature\">&#8212;<\/p>\n<p>K\u00fcsimuste korral v\u00f5tke julgelt \u00fchendust:<\/p>\n<p class=\"moz-signature\">Margus Laats (tehniline konsultant):<br \/>\n+372 50 11 324<br \/>\ninfo@hutton.ee<\/p>\n","protected":false},"excerpt":{"rendered":"<p>Koolitus on <strong>TASUTA<\/strong>!<\/p>\n","protected":false},"featured_media":19226,"template":"","meta":{"_gspb_post_css":"","_uf_show_specific_survey":0,"_uf_disable_surveys":false},"product_brand":[],"product_cat":[938],"product_tag":[],"filtrisusteem":[],"kvaliteediklass":[],"class_list":{"0":"post-19238","1":"product","2":"type-product","3":"status-publish","4":"has-post-thumbnail","6":"product_cat-koolitused","8":"first","9":"outofstock","10":"virtual","11":"taxable","12":"purchasable","13":"product-type-simple"},"yoast_head":"<!-- This site is optimized with the Yoast SEO Premium plugin v21.3 (Yoast SEO v27.3) - https:\/\/yoast.com\/product\/yoast-seo-premium-wordpress\/ -->\n<title>Titaantsink, sertifitseeritud paigaldajate koolitus, Tallinn - Hutton<\/title>\n<meta name=\"description\" content=\"Titaantsink sertifitseeritud paigaldajate koolitus. Koolitus koosneb kahest osast teooria + praktika. Koolitus toimub 31.05.2023, Tallinn Viimsi SPA\" \/>\n<meta name=\"robots\" content=\"index, follow, max-snippet:-1, max-image-preview:large, max-video-preview:-1\" \/>\n<link rel=\"canonical\" href=\"https:\/\/hutton.ee\/toode\/titaantsink-sertifitseeritud-paigaldajate-koolitus\/\" \/>\n<meta property=\"og:locale\" content=\"en_US\" \/>\n<meta property=\"og:type\" content=\"article\" \/>\n<meta property=\"og:title\" content=\"Titaantsink, sertifitseeritud paigaldajate koolitus, Tallinn\" \/>\n<meta property=\"og:description\" content=\"Titaantsink sertifitseeritud paigaldajate koolitus. Koolitus koosneb kahest osast teooria + praktika. Koolitus toimub 31.05.2023, Tallinn Viimsi SPA\" \/>\n<meta property=\"og:url\" content=\"https:\/\/hutton.ee\/toode\/titaantsink-sertifitseeritud-paigaldajate-koolitus\/\" \/>\n<meta property=\"og:site_name\" content=\"Hutton\" \/>\n<meta property=\"article:publisher\" content=\"https:\/\/www.facebook.com\/huttoneesti\" \/>\n<meta property=\"article:modified_time\" content=\"2023-08-23T10:17:14+00:00\" \/>\n<meta property=\"og:image\" content=\"https:\/\/hutton.ee\/wp-content\/uploads\/2023\/05\/Ehituskonverents-eraldi-17.png\" \/>\n\t<meta property=\"og:image:width\" content=\"1080\" \/>\n\t<meta property=\"og:image:height\" content=\"1080\" \/>\n\t<meta property=\"og:image:type\" content=\"image\/png\" \/>\n<meta name=\"twitter:card\" content=\"summary_large_image\" \/>\n<meta name=\"twitter:label1\" content=\"Est. reading time\" \/>\n\t<meta name=\"twitter:data1\" content=\"1 minute\" \/>\n<script type=\"application\/ld+json\" class=\"yoast-schema-graph\">{\"@context\":\"https:\\\/\\\/schema.org\",\"@graph\":[{\"@type\":\"WebPage\",\"@id\":\"https:\\\/\\\/hutton.ee\\\/toode\\\/titaantsink-sertifitseeritud-paigaldajate-koolitus\\\/\",\"url\":\"https:\\\/\\\/hutton.ee\\\/toode\\\/titaantsink-sertifitseeritud-paigaldajate-koolitus\\\/\",\"name\":\"Titaantsink, sertifitseeritud paigaldajate koolitus, Tallinn - Hutton\",\"isPartOf\":{\"@id\":\"https:\\\/\\\/hutton.ee\\\/#website\"},\"primaryImageOfPage\":{\"@id\":\"https:\\\/\\\/hutton.ee\\\/toode\\\/titaantsink-sertifitseeritud-paigaldajate-koolitus\\\/#primaryimage\"},\"image\":{\"@id\":\"https:\\\/\\\/hutton.ee\\\/toode\\\/titaantsink-sertifitseeritud-paigaldajate-koolitus\\\/#primaryimage\"},\"thumbnailUrl\":\"https:\\\/\\\/hutton.ee\\\/wp-content\\\/uploads\\\/2023\\\/05\\\/Ehituskonverents-eraldi-17.png\",\"datePublished\":\"2023-05-24T10:38:45+00:00\",\"dateModified\":\"2023-08-23T10:17:14+00:00\",\"description\":\"Titaantsink sertifitseeritud paigaldajate koolitus. Koolitus koosneb kahest osast teooria + praktika. Koolitus toimub 31.05.2023, Tallinn Viimsi SPA\",\"breadcrumb\":{\"@id\":\"https:\\\/\\\/hutton.ee\\\/toode\\\/titaantsink-sertifitseeritud-paigaldajate-koolitus\\\/#breadcrumb\"},\"inLanguage\":\"en-US\",\"potentialAction\":[{\"@type\":\"ReadAction\",\"target\":[\"https:\\\/\\\/hutton.ee\\\/toode\\\/titaantsink-sertifitseeritud-paigaldajate-koolitus\\\/\"]}]},{\"@type\":\"ImageObject\",\"inLanguage\":\"en-US\",\"@id\":\"https:\\\/\\\/hutton.ee\\\/toode\\\/titaantsink-sertifitseeritud-paigaldajate-koolitus\\\/#primaryimage\",\"url\":\"https:\\\/\\\/hutton.ee\\\/wp-content\\\/uploads\\\/2023\\\/05\\\/Ehituskonverents-eraldi-17.png\",\"contentUrl\":\"https:\\\/\\\/hutton.ee\\\/wp-content\\\/uploads\\\/2023\\\/05\\\/Ehituskonverents-eraldi-17.png\",\"width\":1080,\"height\":1080,\"caption\":\"Plekkseppade praktiline koolitus Tallinnas 31.mai 2023\"},{\"@type\":\"BreadcrumbList\",\"@id\":\"https:\\\/\\\/hutton.ee\\\/toode\\\/titaantsink-sertifitseeritud-paigaldajate-koolitus\\\/#breadcrumb\",\"itemListElement\":[{\"@type\":\"ListItem\",\"position\":1,\"name\":\"Avaleht\",\"item\":\"https:\\\/\\\/hutton.ee\\\/\"},{\"@type\":\"ListItem\",\"position\":2,\"name\":\"Shop\",\"item\":\"https:\\\/\\\/hutton.ee\\\/en\\\/shop\\\/\"},{\"@type\":\"ListItem\",\"position\":3,\"name\":\"Titaantsink, sertifitseeritud paigaldajate koolitus, Tallinn\"}]},{\"@type\":\"WebSite\",\"@id\":\"https:\\\/\\\/hutton.ee\\\/#website\",\"url\":\"https:\\\/\\\/hutton.ee\\\/\",\"name\":\"Hutton\",\"description\":\"Ajas kestvad ehituslahendused\",\"publisher\":{\"@id\":\"https:\\\/\\\/hutton.ee\\\/#organization\"},\"potentialAction\":[{\"@type\":\"SearchAction\",\"target\":{\"@type\":\"EntryPoint\",\"urlTemplate\":\"https:\\\/\\\/hutton.ee\\\/?s={search_term_string}\"},\"query-input\":{\"@type\":\"PropertyValueSpecification\",\"valueRequired\":true,\"valueName\":\"search_term_string\"}}],\"inLanguage\":\"en-US\"},{\"@type\":\"Organization\",\"@id\":\"https:\\\/\\\/hutton.ee\\\/#organization\",\"name\":\"Hutton - KATUS | SEIN | FASSAAD\",\"url\":\"https:\\\/\\\/hutton.ee\\\/\",\"logo\":{\"@type\":\"ImageObject\",\"inLanguage\":\"en-US\",\"@id\":\"https:\\\/\\\/hutton.ee\\\/#\\\/schema\\\/logo\\\/image\\\/\",\"url\":\"https:\\\/\\\/hutton.ee\\\/wp-content\\\/uploads\\\/2020\\\/07\\\/hutton-logo_uuendatud-01.png\",\"contentUrl\":\"https:\\\/\\\/hutton.ee\\\/wp-content\\\/uploads\\\/2020\\\/07\\\/hutton-logo_uuendatud-01.png\",\"width\":1064,\"height\":455,\"caption\":\"Hutton - KATUS | SEIN | FASSAAD\"},\"image\":{\"@id\":\"https:\\\/\\\/hutton.ee\\\/#\\\/schema\\\/logo\\\/image\\\/\"},\"sameAs\":[\"https:\\\/\\\/www.facebook.com\\\/huttoneesti\"]}]}<\/script>\n<!-- \/ Yoast SEO Premium plugin. -->","yoast_head_json":{"title":"Titaantsink, sertifitseeritud paigaldajate koolitus, Tallinn - Hutton","description":"Titaantsink sertifitseeritud paigaldajate koolitus. Koolitus koosneb kahest osast teooria + praktika. Koolitus toimub 31.05.2023, Tallinn Viimsi SPA","robots":{"index":"index","follow":"follow","max-snippet":"max-snippet:-1","max-image-preview":"max-image-preview:large","max-video-preview":"max-video-preview:-1"},"canonical":"https:\/\/hutton.ee\/toode\/titaantsink-sertifitseeritud-paigaldajate-koolitus\/","og_locale":"en_US","og_type":"article","og_title":"Titaantsink, sertifitseeritud paigaldajate koolitus, Tallinn","og_description":"Titaantsink sertifitseeritud paigaldajate koolitus. Koolitus koosneb kahest osast teooria + praktika. Koolitus toimub 31.05.2023, Tallinn Viimsi SPA","og_url":"https:\/\/hutton.ee\/toode\/titaantsink-sertifitseeritud-paigaldajate-koolitus\/","og_site_name":"Hutton","article_publisher":"https:\/\/www.facebook.com\/huttoneesti","article_modified_time":"2023-08-23T10:17:14+00:00","og_image":[{"width":1080,"height":1080,"url":"https:\/\/hutton.ee\/wp-content\/uploads\/2023\/05\/Ehituskonverents-eraldi-17.png","type":"image\/png"}],"twitter_card":"summary_large_image","twitter_misc":{"Est. reading time":"1 minute"},"schema":{"@context":"https:\/\/schema.org","@graph":[{"@type":"WebPage","@id":"https:\/\/hutton.ee\/toode\/titaantsink-sertifitseeritud-paigaldajate-koolitus\/","url":"https:\/\/hutton.ee\/toode\/titaantsink-sertifitseeritud-paigaldajate-koolitus\/","name":"Titaantsink, sertifitseeritud paigaldajate koolitus, Tallinn - Hutton","isPartOf":{"@id":"https:\/\/hutton.ee\/#website"},"primaryImageOfPage":{"@id":"https:\/\/hutton.ee\/toode\/titaantsink-sertifitseeritud-paigaldajate-koolitus\/#primaryimage"},"image":{"@id":"https:\/\/hutton.ee\/toode\/titaantsink-sertifitseeritud-paigaldajate-koolitus\/#primaryimage"},"thumbnailUrl":"https:\/\/hutton.ee\/wp-content\/uploads\/2023\/05\/Ehituskonverents-eraldi-17.png","datePublished":"2023-05-24T10:38:45+00:00","dateModified":"2023-08-23T10:17:14+00:00","description":"Titaantsink sertifitseeritud paigaldajate koolitus. Koolitus koosneb kahest osast teooria + praktika. Koolitus toimub 31.05.2023, Tallinn Viimsi SPA","breadcrumb":{"@id":"https:\/\/hutton.ee\/toode\/titaantsink-sertifitseeritud-paigaldajate-koolitus\/#breadcrumb"},"inLanguage":"en-US","potentialAction":[{"@type":"ReadAction","target":["https:\/\/hutton.ee\/toode\/titaantsink-sertifitseeritud-paigaldajate-koolitus\/"]}]},{"@type":"ImageObject","inLanguage":"en-US","@id":"https:\/\/hutton.ee\/toode\/titaantsink-sertifitseeritud-paigaldajate-koolitus\/#primaryimage","url":"https:\/\/hutton.ee\/wp-content\/uploads\/2023\/05\/Ehituskonverents-eraldi-17.png","contentUrl":"https:\/\/hutton.ee\/wp-content\/uploads\/2023\/05\/Ehituskonverents-eraldi-17.png","width":1080,"height":1080,"caption":"Plekkseppade praktiline koolitus Tallinnas 31.mai 2023"},{"@type":"BreadcrumbList","@id":"https:\/\/hutton.ee\/toode\/titaantsink-sertifitseeritud-paigaldajate-koolitus\/#breadcrumb","itemListElement":[{"@type":"ListItem","position":1,"name":"Avaleht","item":"https:\/\/hutton.ee\/"},{"@type":"ListItem","position":2,"name":"Shop","item":"https:\/\/hutton.ee\/en\/shop\/"},{"@type":"ListItem","position":3,"name":"Titaantsink, sertifitseeritud paigaldajate koolitus, Tallinn"}]},{"@type":"WebSite","@id":"https:\/\/hutton.ee\/#website","url":"https:\/\/hutton.ee\/","name":"Hutton","description":"Ajas kestvad ehituslahendused","publisher":{"@id":"https:\/\/hutton.ee\/#organization"},"potentialAction":[{"@type":"SearchAction","target":{"@type":"EntryPoint","urlTemplate":"https:\/\/hutton.ee\/?s={search_term_string}"},"query-input":{"@type":"PropertyValueSpecification","valueRequired":true,"valueName":"search_term_string"}}],"inLanguage":"en-US"},{"@type":"Organization","@id":"https:\/\/hutton.ee\/#organization","name":"Hutton - KATUS | SEIN | FASSAAD","url":"https:\/\/hutton.ee\/","logo":{"@type":"ImageObject","inLanguage":"en-US","@id":"https:\/\/hutton.ee\/#\/schema\/logo\/image\/","url":"https:\/\/hutton.ee\/wp-content\/uploads\/2020\/07\/hutton-logo_uuendatud-01.png","contentUrl":"https:\/\/hutton.ee\/wp-content\/uploads\/2020\/07\/hutton-logo_uuendatud-01.png","width":1064,"height":455,"caption":"Hutton - KATUS | SEIN | FASSAAD"},"image":{"@id":"https:\/\/hutton.ee\/#\/schema\/logo\/image\/"},"sameAs":["https:\/\/www.facebook.com\/huttoneesti"]}]}},"_links":{"self":[{"href":"https:\/\/hutton.ee\/en\/wp-json\/wp\/v2\/product\/19238","targetHints":{"allow":["GET"]}}],"collection":[{"href":"https:\/\/hutton.ee\/en\/wp-json\/wp\/v2\/product"}],"about":[{"href":"https:\/\/hutton.ee\/en\/wp-json\/wp\/v2\/types\/product"}],"wp:featuredmedia":[{"embeddable":true,"href":"https:\/\/hutton.ee\/en\/wp-json\/wp\/v2\/media\/19226"}],"wp:attachment":[{"href":"https:\/\/hutton.ee\/en\/wp-json\/wp\/v2\/media?parent=19238"}],"wp:term":[{"taxonomy":"product_brand","embeddable":true,"href":"https:\/\/hutton.ee\/en\/wp-json\/wp\/v2\/product_brand?post=19238"},{"taxonomy":"product_cat","embeddable":true,"href":"https:\/\/hutton.ee\/en\/wp-json\/wp\/v2\/product_cat?post=19238"},{"taxonomy":"product_tag","embeddable":true,"href":"https:\/\/hutton.ee\/en\/wp-json\/wp\/v2\/product_tag?post=19238"},{"taxonomy":"filtrisusteem","embeddable":true,"href":"https:\/\/hutton.ee\/en\/wp-json\/wp\/v2\/filtrisusteem?post=19238"},{"taxonomy":"kvaliteediklass","embeddable":true,"href":"https:\/\/hutton.ee\/en\/wp-json\/wp\/v2\/kvaliteediklass?post=19238"}],"curies":[{"name":"wp","href":"https:\/\/api.w.org\/{rel}","templated":true}]}}