{"id":19630,"date":"2023-06-05T05:38:45","date_gmt":"2023-06-05T05:38:45","guid":{"rendered":"https:\/\/hutton.ee\/?post_type=product&#038;p=19630"},"modified":"2025-07-24T07:34:10","modified_gmt":"2025-07-24T07:34:10","slug":"tuuletoke-aluskate-rewasi-120-75m2","status":"publish","type":"product","link":"https:\/\/hutton.ee\/en\/toode\/tuuletoke-aluskate-rewasi-120-75m2\/","title":{"rendered":"Tuulet\u00f5ke \/ aluskate Rewasi 120, 75m2"},"content":{"rendered":"<p>Tuulet\u00f5ke \/ aluskate Rewasi 120<\/p>\n<p><strong>Kasutuskohad:<\/strong><\/p>\n<ul>\n<li>fassaadi tuulet\u00f5kkena<\/li>\n<li>katuse aluskate, mida on lubatud kasutada k\u00fclma p\u00f6\u00f6ninguga katusetarindites kui ka paigaldatuna vastu soojustust<\/li>\n<li>koos igat liiki kattematerjalidega sh kivi-, plekk-, bituumen- ja tsementlaineplaat, jne<\/li>\n<li>lubatud paigaldada ka j\u00e4igale alusele<\/li>\n<\/ul>\n<p><strong>Selle toote erilised v\u00e4\u00e4rtused:<\/strong><\/p>\n<ul>\n<li>hea kvaliteedi ja hinna suhe<\/li>\n<li>parim toode omas kategoorias<\/li>\n<li>\u0160veitsi kvaliteet<\/li>\n<\/ul>\n<p><strong>P\u00f5hiomadused:<\/strong><\/p>\n<ul>\n<li>k\u00f5rgdifuusne membraan st avatud veeauru l\u00e4bivusele<\/li>\n<li>kolmekihiline<\/li>\n<li>veetihe, vettpidav<\/li>\n<li>tuuletihe, ilmastikukindel<\/li>\n<li>v\u00e4rvus hall<\/li>\n<\/ul>\n<p><strong>Tooteversioonid:<\/strong><\/p>\n<ul>\n<li>k\u00e4esolev tuulet\u00f5ke \/ katuse aluskate on teibita tooteversioon, mille laius on 1,5m, pikkus 50jm, rulli pindala 75m2.<\/li>\n<\/ul>\n<p><strong>Loe lisaks:<\/strong><\/p>\n<p><a href=\"https:\/\/hutton.ee\/mis-on-tuuletoke\/\">Mis on tuulet\u00f5ke?<\/a><br \/>\n<a href=\"https:\/\/hutton.ee\/tuuletokke-valimine-kuidas-valida-tuuletoket\/\">Tuulet\u00f5kke valimine \u2013 kuidas valida tuulet\u00f5ket?<\/a><\/p>\n<p><strong>Vajadusel k\u00fcsi n\u00f5u:<br \/>\n<\/strong><\/p>\n<p><strong>Regina<\/strong> <a href=\"tel:5076742\">+372 507 6742<\/a> | <a href=\"mailto:regina@hutton.ee\">regina@hutton.ee<\/a><br \/>\n<strong>Neeme<\/strong> <a href=\"tel:5098168\">+372 509 8168<\/a> | <a href=\"mailto:neeme@hutton.ee\">neeme@hutton.ee<\/a><\/p>\n","protected":false},"excerpt":{"rendered":"<p><span style=\"text-decoration: underline;\"><span style=\"color: #ff0000; font-size: 12pt; text-decoration: underline;\"><strong><a style=\"color: #ff0000; text-decoration: underline;\" href=\"https:\/\/hutton.ee\/minu-konto\/\" target=\"_blank\" rel=\"noopener\">Registreeru p\u00fcsikliendiks<\/a>!<\/strong><\/span><\/span><\/p>\n<p>M\u00fc\u00fcme ka m\u00b2 p\u00f5hiselt!<\/p>\n<p><strong>Kui soovid v\u00e4iksemat kogust kui 1 rull, siis saada oma tellimus soovitud kogusega <\/strong><a style=\"color: #3771c1;\" href=\"mailto:tellimus@hutton.ee\">tellimus@hutton.ee<\/a><\/p>\n","protected":false},"featured_media":26562,"template":"","meta":{"_gspb_post_css":"","_uf_show_specific_survey":0,"_uf_disable_surveys":false},"product_brand":[],"product_cat":[2916,950,951],"product_tag":[2892,1258],"filtrisusteem":[],"kvaliteediklass":[],"class_list":{"0":"post-19630","1":"product","2":"type-product","3":"status-publish","4":"has-post-thumbnail","6":"product_cat-hutton-top","7":"product_cat-tuuletokked","8":"product_cat-tuuletokke-membraanid","9":"product_tag-3tk_block","10":"product_tag-ei_pakiautomaat","12":"first","13":"instock","14":"taxable","15":"shipping-taxable","16":"purchasable","17":"product-type-simple"},"yoast_head":"<!-- This site is optimized with the Yoast SEO Premium plugin v21.3 (Yoast SEO v27.3) - https:\/\/yoast.com\/product\/yoast-seo-premium-wordpress\/ -->\n<title>Tuulet\u00f5ke \/ aluskate Rewasi 120, 75m2 - Hutton<\/title>\n<meta name=\"description\" content=\"Tuulet\u00f5ke \/ aluskate Rewasi 120 - hingav aluskatte membraan ilma teibita. Kasutatakse fassaadi tuulet\u00f5kkena kui katuse aluskattena. - Huttoni e-poes\" \/>\n<meta name=\"robots\" content=\"index, follow, max-snippet:-1, max-image-preview:large, max-video-preview:-1\" \/>\n<link rel=\"canonical\" href=\"https:\/\/hutton.ee\/toode\/tuuletoke-aluskate-rewasi-120-75m2\/\" \/>\n<meta property=\"og:locale\" content=\"en_US\" \/>\n<meta property=\"og:type\" content=\"article\" \/>\n<meta property=\"og:title\" content=\"Tuulet\u00f5ke \/ aluskate Rewasi 120, 75m2 - Hutton\" \/>\n<meta property=\"og:description\" content=\"Tuulet\u00f5ke \/ aluskate Bravo 120 -kolmekihiline hingav aluskatte membraan ilma teibita. Kasutatakse fassaadi tuulet\u00f5kkena kui katuse aluskattena. - Huttoni e-poes\" \/>\n<meta property=\"og:url\" content=\"https:\/\/hutton.ee\/toode\/tuuletoke-aluskate-rewasi-120-75m2\/\" \/>\n<meta property=\"og:site_name\" content=\"Hutton\" \/>\n<meta property=\"article:publisher\" content=\"https:\/\/www.facebook.com\/huttoneesti\" \/>\n<meta property=\"article:modified_time\" content=\"2025-07-24T07:34:10+00:00\" \/>\n<meta property=\"og:image\" content=\"https:\/\/hutton.ee\/wp-content\/uploads\/2023\/06\/Tuuletoke-Rewasi.png\" \/>\n\t<meta property=\"og:image:width\" content=\"500\" \/>\n\t<meta property=\"og:image:height\" content=\"500\" \/>\n\t<meta property=\"og:image:type\" content=\"image\/png\" \/>\n<meta name=\"twitter:card\" content=\"summary_large_image\" \/>\n<meta name=\"twitter:title\" content=\"Tuulet\u00f5ke \/ aluskate Rewasi 120, 75m2 - Hutton\" \/>\n<meta name=\"twitter:description\" content=\"Tuulet\u00f5ke \/ aluskate Bravo 120 -kolmekihiline hingav aluskatte membraan ilma teibita. Kasutatakse fassaadi tuulet\u00f5kkena kui katuse aluskattena. - Huttoni e-poes\" \/>\n<meta name=\"twitter:label1\" content=\"Est. reading time\" \/>\n\t<meta name=\"twitter:data1\" content=\"1 minute\" \/>\n<script type=\"application\/ld+json\" class=\"yoast-schema-graph\">{\"@context\":\"https:\\\/\\\/schema.org\",\"@graph\":[{\"@type\":\"WebPage\",\"@id\":\"https:\\\/\\\/hutton.ee\\\/toode\\\/tuuletoke-aluskate-rewasi-120-75m2\\\/\",\"url\":\"https:\\\/\\\/hutton.ee\\\/toode\\\/tuuletoke-aluskate-rewasi-120-75m2\\\/\",\"name\":\"Tuulet\u00f5ke \\\/ aluskate Rewasi 120, 75m2 - Hutton\",\"isPartOf\":{\"@id\":\"https:\\\/\\\/hutton.ee\\\/#website\"},\"primaryImageOfPage\":{\"@id\":\"https:\\\/\\\/hutton.ee\\\/toode\\\/tuuletoke-aluskate-rewasi-120-75m2\\\/#primaryimage\"},\"image\":{\"@id\":\"https:\\\/\\\/hutton.ee\\\/toode\\\/tuuletoke-aluskate-rewasi-120-75m2\\\/#primaryimage\"},\"thumbnailUrl\":\"https:\\\/\\\/hutton.ee\\\/wp-content\\\/uploads\\\/2023\\\/06\\\/Tuuletoke-Rewasi.png\",\"datePublished\":\"2023-06-05T05:38:45+00:00\",\"dateModified\":\"2025-07-24T07:34:10+00:00\",\"description\":\"Tuulet\u00f5ke \\\/ aluskate Rewasi 120 - hingav aluskatte membraan ilma teibita. Kasutatakse fassaadi tuulet\u00f5kkena kui katuse aluskattena. - Huttoni e-poes\",\"breadcrumb\":{\"@id\":\"https:\\\/\\\/hutton.ee\\\/toode\\\/tuuletoke-aluskate-rewasi-120-75m2\\\/#breadcrumb\"},\"inLanguage\":\"en-US\",\"potentialAction\":[{\"@type\":\"ReadAction\",\"target\":[\"https:\\\/\\\/hutton.ee\\\/toode\\\/tuuletoke-aluskate-rewasi-120-75m2\\\/\"]}]},{\"@type\":\"ImageObject\",\"inLanguage\":\"en-US\",\"@id\":\"https:\\\/\\\/hutton.ee\\\/toode\\\/tuuletoke-aluskate-rewasi-120-75m2\\\/#primaryimage\",\"url\":\"https:\\\/\\\/hutton.ee\\\/wp-content\\\/uploads\\\/2023\\\/06\\\/Tuuletoke-Rewasi.png\",\"contentUrl\":\"https:\\\/\\\/hutton.ee\\\/wp-content\\\/uploads\\\/2023\\\/06\\\/Tuuletoke-Rewasi.png\",\"width\":500,\"height\":500,\"caption\":\"Tuulet\u00f5ke Rewasi\"},{\"@type\":\"BreadcrumbList\",\"@id\":\"https:\\\/\\\/hutton.ee\\\/toode\\\/tuuletoke-aluskate-rewasi-120-75m2\\\/#breadcrumb\",\"itemListElement\":[{\"@type\":\"ListItem\",\"position\":1,\"name\":\"Avaleht\",\"item\":\"https:\\\/\\\/hutton.ee\\\/\"},{\"@type\":\"ListItem\",\"position\":2,\"name\":\"Shop\",\"item\":\"https:\\\/\\\/hutton.ee\\\/en\\\/shop\\\/\"},{\"@type\":\"ListItem\",\"position\":3,\"name\":\"Tuulet\u00f5ke \\\/ aluskate Rewasi 120, 75m2\"}]},{\"@type\":\"WebSite\",\"@id\":\"https:\\\/\\\/hutton.ee\\\/#website\",\"url\":\"https:\\\/\\\/hutton.ee\\\/\",\"name\":\"Hutton\",\"description\":\"Ajas kestvad ehituslahendused\",\"publisher\":{\"@id\":\"https:\\\/\\\/hutton.ee\\\/#organization\"},\"potentialAction\":[{\"@type\":\"SearchAction\",\"target\":{\"@type\":\"EntryPoint\",\"urlTemplate\":\"https:\\\/\\\/hutton.ee\\\/?s={search_term_string}\"},\"query-input\":{\"@type\":\"PropertyValueSpecification\",\"valueRequired\":true,\"valueName\":\"search_term_string\"}}],\"inLanguage\":\"en-US\"},{\"@type\":\"Organization\",\"@id\":\"https:\\\/\\\/hutton.ee\\\/#organization\",\"name\":\"Hutton - KATUS | SEIN | FASSAAD\",\"url\":\"https:\\\/\\\/hutton.ee\\\/\",\"logo\":{\"@type\":\"ImageObject\",\"inLanguage\":\"en-US\",\"@id\":\"https:\\\/\\\/hutton.ee\\\/#\\\/schema\\\/logo\\\/image\\\/\",\"url\":\"https:\\\/\\\/hutton.ee\\\/wp-content\\\/uploads\\\/2020\\\/07\\\/hutton-logo_uuendatud-01.png\",\"contentUrl\":\"https:\\\/\\\/hutton.ee\\\/wp-content\\\/uploads\\\/2020\\\/07\\\/hutton-logo_uuendatud-01.png\",\"width\":1064,\"height\":455,\"caption\":\"Hutton - KATUS | SEIN | FASSAAD\"},\"image\":{\"@id\":\"https:\\\/\\\/hutton.ee\\\/#\\\/schema\\\/logo\\\/image\\\/\"},\"sameAs\":[\"https:\\\/\\\/www.facebook.com\\\/huttoneesti\"]}]}<\/script>\n<!-- \/ Yoast SEO Premium plugin. -->","yoast_head_json":{"title":"Tuulet\u00f5ke \/ aluskate Rewasi 120, 75m2 - Hutton","description":"Tuulet\u00f5ke \/ aluskate Rewasi 120 - hingav aluskatte membraan ilma teibita. Kasutatakse fassaadi tuulet\u00f5kkena kui katuse aluskattena. - Huttoni e-poes","robots":{"index":"index","follow":"follow","max-snippet":"max-snippet:-1","max-image-preview":"max-image-preview:large","max-video-preview":"max-video-preview:-1"},"canonical":"https:\/\/hutton.ee\/toode\/tuuletoke-aluskate-rewasi-120-75m2\/","og_locale":"en_US","og_type":"article","og_title":"Tuulet\u00f5ke \/ aluskate Rewasi 120, 75m2 - Hutton","og_description":"Tuulet\u00f5ke \/ aluskate Bravo 120 -kolmekihiline hingav aluskatte membraan ilma teibita. Kasutatakse fassaadi tuulet\u00f5kkena kui katuse aluskattena. - Huttoni e-poes","og_url":"https:\/\/hutton.ee\/toode\/tuuletoke-aluskate-rewasi-120-75m2\/","og_site_name":"Hutton","article_publisher":"https:\/\/www.facebook.com\/huttoneesti","article_modified_time":"2025-07-24T07:34:10+00:00","og_image":[{"width":500,"height":500,"url":"https:\/\/hutton.ee\/wp-content\/uploads\/2023\/06\/Tuuletoke-Rewasi.png","type":"image\/png"}],"twitter_card":"summary_large_image","twitter_title":"Tuulet\u00f5ke \/ aluskate Rewasi 120, 75m2 - Hutton","twitter_description":"Tuulet\u00f5ke \/ aluskate Bravo 120 -kolmekihiline hingav aluskatte membraan ilma teibita. Kasutatakse fassaadi tuulet\u00f5kkena kui katuse aluskattena. - Huttoni e-poes","twitter_misc":{"Est. reading time":"1 minute"},"schema":{"@context":"https:\/\/schema.org","@graph":[{"@type":"WebPage","@id":"https:\/\/hutton.ee\/toode\/tuuletoke-aluskate-rewasi-120-75m2\/","url":"https:\/\/hutton.ee\/toode\/tuuletoke-aluskate-rewasi-120-75m2\/","name":"Tuulet\u00f5ke \/ aluskate Rewasi 120, 75m2 - Hutton","isPartOf":{"@id":"https:\/\/hutton.ee\/#website"},"primaryImageOfPage":{"@id":"https:\/\/hutton.ee\/toode\/tuuletoke-aluskate-rewasi-120-75m2\/#primaryimage"},"image":{"@id":"https:\/\/hutton.ee\/toode\/tuuletoke-aluskate-rewasi-120-75m2\/#primaryimage"},"thumbnailUrl":"https:\/\/hutton.ee\/wp-content\/uploads\/2023\/06\/Tuuletoke-Rewasi.png","datePublished":"2023-06-05T05:38:45+00:00","dateModified":"2025-07-24T07:34:10+00:00","description":"Tuulet\u00f5ke \/ aluskate Rewasi 120 - hingav aluskatte membraan ilma teibita. Kasutatakse fassaadi tuulet\u00f5kkena kui katuse aluskattena. - Huttoni e-poes","breadcrumb":{"@id":"https:\/\/hutton.ee\/toode\/tuuletoke-aluskate-rewasi-120-75m2\/#breadcrumb"},"inLanguage":"en-US","potentialAction":[{"@type":"ReadAction","target":["https:\/\/hutton.ee\/toode\/tuuletoke-aluskate-rewasi-120-75m2\/"]}]},{"@type":"ImageObject","inLanguage":"en-US","@id":"https:\/\/hutton.ee\/toode\/tuuletoke-aluskate-rewasi-120-75m2\/#primaryimage","url":"https:\/\/hutton.ee\/wp-content\/uploads\/2023\/06\/Tuuletoke-Rewasi.png","contentUrl":"https:\/\/hutton.ee\/wp-content\/uploads\/2023\/06\/Tuuletoke-Rewasi.png","width":500,"height":500,"caption":"Tuulet\u00f5ke Rewasi"},{"@type":"BreadcrumbList","@id":"https:\/\/hutton.ee\/toode\/tuuletoke-aluskate-rewasi-120-75m2\/#breadcrumb","itemListElement":[{"@type":"ListItem","position":1,"name":"Avaleht","item":"https:\/\/hutton.ee\/"},{"@type":"ListItem","position":2,"name":"Shop","item":"https:\/\/hutton.ee\/en\/shop\/"},{"@type":"ListItem","position":3,"name":"Tuulet\u00f5ke \/ aluskate Rewasi 120, 75m2"}]},{"@type":"WebSite","@id":"https:\/\/hutton.ee\/#website","url":"https:\/\/hutton.ee\/","name":"Hutton","description":"Ajas kestvad ehituslahendused","publisher":{"@id":"https:\/\/hutton.ee\/#organization"},"potentialAction":[{"@type":"SearchAction","target":{"@type":"EntryPoint","urlTemplate":"https:\/\/hutton.ee\/?s={search_term_string}"},"query-input":{"@type":"PropertyValueSpecification","valueRequired":true,"valueName":"search_term_string"}}],"inLanguage":"en-US"},{"@type":"Organization","@id":"https:\/\/hutton.ee\/#organization","name":"Hutton - KATUS | SEIN | FASSAAD","url":"https:\/\/hutton.ee\/","logo":{"@type":"ImageObject","inLanguage":"en-US","@id":"https:\/\/hutton.ee\/#\/schema\/logo\/image\/","url":"https:\/\/hutton.ee\/wp-content\/uploads\/2020\/07\/hutton-logo_uuendatud-01.png","contentUrl":"https:\/\/hutton.ee\/wp-content\/uploads\/2020\/07\/hutton-logo_uuendatud-01.png","width":1064,"height":455,"caption":"Hutton - KATUS | SEIN | FASSAAD"},"image":{"@id":"https:\/\/hutton.ee\/#\/schema\/logo\/image\/"},"sameAs":["https:\/\/www.facebook.com\/huttoneesti"]}]}},"_links":{"self":[{"href":"https:\/\/hutton.ee\/en\/wp-json\/wp\/v2\/product\/19630","targetHints":{"allow":["GET"]}}],"collection":[{"href":"https:\/\/hutton.ee\/en\/wp-json\/wp\/v2\/product"}],"about":[{"href":"https:\/\/hutton.ee\/en\/wp-json\/wp\/v2\/types\/product"}],"wp:featuredmedia":[{"embeddable":true,"href":"https:\/\/hutton.ee\/en\/wp-json\/wp\/v2\/media\/26562"}],"wp:attachment":[{"href":"https:\/\/hutton.ee\/en\/wp-json\/wp\/v2\/media?parent=19630"}],"wp:term":[{"taxonomy":"product_brand","embeddable":true,"href":"https:\/\/hutton.ee\/en\/wp-json\/wp\/v2\/product_brand?post=19630"},{"taxonomy":"product_cat","embeddable":true,"href":"https:\/\/hutton.ee\/en\/wp-json\/wp\/v2\/product_cat?post=19630"},{"taxonomy":"product_tag","embeddable":true,"href":"https:\/\/hutton.ee\/en\/wp-json\/wp\/v2\/product_tag?post=19630"},{"taxonomy":"filtrisusteem","embeddable":true,"href":"https:\/\/hutton.ee\/en\/wp-json\/wp\/v2\/filtrisusteem?post=19630"},{"taxonomy":"kvaliteediklass","embeddable":true,"href":"https:\/\/hutton.ee\/en\/wp-json\/wp\/v2\/kvaliteediklass?post=19630"}],"curies":[{"name":"wp","href":"https:\/\/api.w.org\/{rel}","templated":true}]}}