{"id":20258,"date":"2023-07-24T07:46:09","date_gmt":"2023-07-24T07:46:09","guid":{"rendered":"https:\/\/hutton.ee\/?post_type=product&#038;p=20258"},"modified":"2025-06-17T11:15:28","modified_gmt":"2025-06-17T11:15:28","slug":"plaatvill-ekovilla-levy-100mm-565x870","status":"publish","type":"product","link":"https:\/\/hutton.ee\/en\/toode\/plaatvill-ekovilla-levy-100mm-565x870\/","title":{"rendered":"Plaatvill Ekovilla Levy 100mm 565&#215;870"},"content":{"rendered":"<p>Plaatvill Ekovilla Levy 100mm 565&#215;870 on kvaliteetne soojustusmaterjal, mille tootmise aluseks on taaskasutatud puitmaterjalid. Antud soojustusmaterjal on s\u00fcsinikuneutraalne ja keskkonnas\u00f5bralik.<\/p>\n<p>Plaatvilla erip\u00e4raks on selle pehme ja vetruv tekstuur, mis muudab antud materjali paigalduse ja k\u00e4sitlemise veelgi mugavamaks. Materjali hingav omadus on oluline, kuna aitab v\u00e4ltida niiskuse kogunemist hoone struktuurides ja sellest tulenevat aitab \u00e4ra hoida hallituse tekkimist.<\/p>\n<p>Toote tiheda kiudstruktuuri t\u00f5ttu ei lase plaatvill \u00f5hku l\u00e4bi ning tagab suurep\u00e4rase soojustuse. Plaadi paksus aitab hoida nurgad sirged, tagades seel\u00e4bi, et soojustusplaat t\u00e4idab sellele m\u00f5eldud ruumi t\u00e4ielikult.<\/p>\n<p>Plaatvill sobib ideaalselt nii uutele ehitistele kui ka renoveerimist\u00f6\u00f6dele.<\/p>\n<p><strong>Plaatvill Ekovilla Levy 100mm 565&#215;870 omadused<\/strong>:<\/p>\n<ul>\n<li>Taaskasutatud puidust soojustusmaterjal<\/li>\n<li>Keskkonnas\u00f5bralik ja s\u00fcsinikuneutraalne<\/li>\n<li>Hea soojusisolatsiooni v\u00f5imekusega<\/li>\n<li>Hingav ja ohutu<\/li>\n<li>Imelihtne paigaldada<\/li>\n<li>Sobib nii uusehitistesse kui ka renoveerimiseks<\/li>\n<\/ul>\n<p><strong>Plaatvilla paigaldamine<\/strong> &#8211; <a href=\"https:\/\/www.youtube.com\/watch?v=3kuG40t592Q\"><strong>\u00f5petusvideo<\/strong><\/a><\/p>\n<p>Hutton pakub lisaks soojustusmaterjali m\u00fc\u00fcgile ka <strong>puistevilla paigaldust &#8211; <a href=\"https:\/\/hutton.ee\/kontakt\">v\u00f5ta meiega \u00fchendust<\/a><\/strong>.<br \/>\nUuri l\u00e4hemalt Hutton spetsialistidelt \u2013 aitame anal\u00fc\u00fcsida Teie vajadusi ja leiame k\u00f5ige hinnaoptimaalsema ja tehniliselt toimiva parima lahenduse.<\/p>\n<p><strong>Tegutse targalt, k\u00fcsi n\u00f5u!<\/strong><\/p>\n<p>Hutton<br \/>\nTehniline konsultant<br \/>\nMargus Laats<\/p>\n<p>\u2706 +372 50 11 324<br \/>\n\u2709 margus.laats@hutton.ee<\/p>\n","protected":false},"excerpt":{"rendered":"<p>&nbsp;<\/p>\n<p><strong style=\"color: #e05252;\">TRANSPORT KOKKULEPPEL!<br \/>\n<\/strong>(V\u00f5tame Teiega ise \u00fchendust)<\/p>\n<p>Telli koos paigaldusega: \u2706 +372 50 11 324 | \u2709 margus.laats@hutton.ee<\/p>\n","protected":false},"featured_media":26766,"template":"","meta":{"_gspb_post_css":"","_uf_show_specific_survey":0,"_uf_disable_surveys":false},"product_brand":[],"product_cat":[986,1958],"product_tag":[2893,1258],"filtrisusteem":[2471,2465,2459,2376,2468,2457,2461,2456,2451,2370,2449,2453],"kvaliteediklass":[],"class_list":{"0":"post-20258","1":"product","2":"type-product","3":"status-publish","4":"has-post-thumbnail","6":"product_cat-soojustus","7":"product_cat-tselluvill-soojustus","8":"product_tag-1tk_block","9":"product_tag-ei_pakiautomaat","10":"filtrisusteem-2471","11":"filtrisusteem-100mm","12":"filtrisusteem-2459","13":"filtrisusteem-e","14":"filtrisusteem-erisoojusjuhtivus-lamda","15":"filtrisusteem-laius-rullis-2","16":"filtrisusteem-paksus-mm","17":"filtrisusteem-plaatvill","18":"filtrisusteem-tselluvill","19":"filtrisusteem-tuletundlikkus","20":"filtrisusteem-villa-liik","21":"filtrisusteem-villa-tuup","23":"first","24":"instock","25":"taxable","26":"shipping-taxable","27":"purchasable","28":"product-type-simple"},"yoast_head":"<!-- This site is optimized with the Yoast SEO Premium plugin v21.3 (Yoast SEO v27.3) - https:\/\/yoast.com\/product\/yoast-seo-premium-wordpress\/ -->\n<title>Plaatvill Ekovilla Levy 100mm 565x870 - Hutton<\/title>\n<meta name=\"description\" content=\"Plaatvill Ekovilla Levy 100mm 565x870. Plaatvill on mugavalt k\u00e4sitsetav ning tagab suurep\u00e4rase soojustuse ja t\u00e4idab sellele m\u00f5eldud ruumi t\u00e4ielikult.\" \/>\n<meta name=\"robots\" content=\"index, follow, max-snippet:-1, max-image-preview:large, max-video-preview:-1\" \/>\n<link rel=\"canonical\" href=\"https:\/\/hutton.ee\/toode\/plaatvill-ekovilla-levy-100mm-565x870\/\" \/>\n<meta property=\"og:locale\" content=\"en_US\" \/>\n<meta property=\"og:type\" content=\"article\" \/>\n<meta property=\"og:title\" content=\"Plaatvill Ekovilla Levy 100mm 565x870 - Hutton\" \/>\n<meta property=\"og:description\" content=\"M\u00fc\u00fck ja paigaldus: ????5096755 | ???? info@hutton.ee. Isocell looduslik tselluvill on k\u00f5rge kvaliteediga ja keskkonnas\u00f5bralik. Paigaldus kiire ja efektiivne! Hutton\" \/>\n<meta property=\"og:url\" content=\"https:\/\/hutton.ee\/toode\/plaatvill-ekovilla-levy-100mm-565x870\/\" \/>\n<meta property=\"og:site_name\" content=\"Hutton\" \/>\n<meta property=\"article:publisher\" content=\"https:\/\/www.facebook.com\/huttoneesti\" \/>\n<meta property=\"article:modified_time\" content=\"2025-06-17T11:15:28+00:00\" \/>\n<meta property=\"og:image\" content=\"https:\/\/hutton.ee\/wp-content\/uploads\/2024\/03\/Plaatvill-Ekovilla-Levy.png\" \/>\n\t<meta property=\"og:image:width\" content=\"500\" \/>\n\t<meta property=\"og:image:height\" content=\"500\" \/>\n\t<meta property=\"og:image:type\" content=\"image\/png\" \/>\n<meta name=\"twitter:card\" content=\"summary_large_image\" \/>\n<meta name=\"twitter:title\" content=\"Plaatvill Ekovilla Levy 100mm 565x870 - Hutton\" \/>\n<meta name=\"twitter:description\" content=\"M\u00fc\u00fck ja paigaldus: ????5096755 | ???? info@hutton.ee. Isocell looduslik tselluvill on k\u00f5rge kvaliteediga ja keskkonnas\u00f5bralik. Paigaldus kiire ja efektiivne! Hutton\" \/>\n<meta name=\"twitter:label1\" content=\"Est. reading time\" \/>\n\t<meta name=\"twitter:data1\" content=\"2 minutes\" \/>\n<script type=\"application\/ld+json\" class=\"yoast-schema-graph\">{\"@context\":\"https:\\\/\\\/schema.org\",\"@graph\":[{\"@type\":\"WebPage\",\"@id\":\"https:\\\/\\\/hutton.ee\\\/toode\\\/plaatvill-ekovilla-levy-100mm-565x870\\\/\",\"url\":\"https:\\\/\\\/hutton.ee\\\/toode\\\/plaatvill-ekovilla-levy-100mm-565x870\\\/\",\"name\":\"Plaatvill Ekovilla Levy 100mm 565x870 - Hutton\",\"isPartOf\":{\"@id\":\"https:\\\/\\\/hutton.ee\\\/#website\"},\"primaryImageOfPage\":{\"@id\":\"https:\\\/\\\/hutton.ee\\\/toode\\\/plaatvill-ekovilla-levy-100mm-565x870\\\/#primaryimage\"},\"image\":{\"@id\":\"https:\\\/\\\/hutton.ee\\\/toode\\\/plaatvill-ekovilla-levy-100mm-565x870\\\/#primaryimage\"},\"thumbnailUrl\":\"https:\\\/\\\/hutton.ee\\\/wp-content\\\/uploads\\\/2024\\\/03\\\/Plaatvill-Ekovilla-Levy.png\",\"datePublished\":\"2023-07-24T07:46:09+00:00\",\"dateModified\":\"2025-06-17T11:15:28+00:00\",\"description\":\"Plaatvill Ekovilla Levy 100mm 565x870. Plaatvill on mugavalt k\u00e4sitsetav ning tagab suurep\u00e4rase soojustuse ja t\u00e4idab sellele m\u00f5eldud ruumi t\u00e4ielikult.\",\"breadcrumb\":{\"@id\":\"https:\\\/\\\/hutton.ee\\\/toode\\\/plaatvill-ekovilla-levy-100mm-565x870\\\/#breadcrumb\"},\"inLanguage\":\"en-US\",\"potentialAction\":[{\"@type\":\"ReadAction\",\"target\":[\"https:\\\/\\\/hutton.ee\\\/toode\\\/plaatvill-ekovilla-levy-100mm-565x870\\\/\"]}]},{\"@type\":\"ImageObject\",\"inLanguage\":\"en-US\",\"@id\":\"https:\\\/\\\/hutton.ee\\\/toode\\\/plaatvill-ekovilla-levy-100mm-565x870\\\/#primaryimage\",\"url\":\"https:\\\/\\\/hutton.ee\\\/wp-content\\\/uploads\\\/2024\\\/03\\\/Plaatvill-Ekovilla-Levy.png\",\"contentUrl\":\"https:\\\/\\\/hutton.ee\\\/wp-content\\\/uploads\\\/2024\\\/03\\\/Plaatvill-Ekovilla-Levy.png\",\"width\":500,\"height\":500,\"caption\":\"Plaatvill Ekovilla Levy\"},{\"@type\":\"BreadcrumbList\",\"@id\":\"https:\\\/\\\/hutton.ee\\\/toode\\\/plaatvill-ekovilla-levy-100mm-565x870\\\/#breadcrumb\",\"itemListElement\":[{\"@type\":\"ListItem\",\"position\":1,\"name\":\"Avaleht\",\"item\":\"https:\\\/\\\/hutton.ee\\\/\"},{\"@type\":\"ListItem\",\"position\":2,\"name\":\"Shop\",\"item\":\"https:\\\/\\\/hutton.ee\\\/en\\\/shop\\\/\"},{\"@type\":\"ListItem\",\"position\":3,\"name\":\"Plaatvill Ekovilla Levy 100mm 565&#215;870\"}]},{\"@type\":\"WebSite\",\"@id\":\"https:\\\/\\\/hutton.ee\\\/#website\",\"url\":\"https:\\\/\\\/hutton.ee\\\/\",\"name\":\"Hutton\",\"description\":\"Ajas kestvad ehituslahendused\",\"publisher\":{\"@id\":\"https:\\\/\\\/hutton.ee\\\/#organization\"},\"potentialAction\":[{\"@type\":\"SearchAction\",\"target\":{\"@type\":\"EntryPoint\",\"urlTemplate\":\"https:\\\/\\\/hutton.ee\\\/?s={search_term_string}\"},\"query-input\":{\"@type\":\"PropertyValueSpecification\",\"valueRequired\":true,\"valueName\":\"search_term_string\"}}],\"inLanguage\":\"en-US\"},{\"@type\":\"Organization\",\"@id\":\"https:\\\/\\\/hutton.ee\\\/#organization\",\"name\":\"Hutton - KATUS | SEIN | FASSAAD\",\"url\":\"https:\\\/\\\/hutton.ee\\\/\",\"logo\":{\"@type\":\"ImageObject\",\"inLanguage\":\"en-US\",\"@id\":\"https:\\\/\\\/hutton.ee\\\/#\\\/schema\\\/logo\\\/image\\\/\",\"url\":\"https:\\\/\\\/hutton.ee\\\/wp-content\\\/uploads\\\/2020\\\/07\\\/hutton-logo_uuendatud-01.png\",\"contentUrl\":\"https:\\\/\\\/hutton.ee\\\/wp-content\\\/uploads\\\/2020\\\/07\\\/hutton-logo_uuendatud-01.png\",\"width\":1064,\"height\":455,\"caption\":\"Hutton - KATUS | SEIN | FASSAAD\"},\"image\":{\"@id\":\"https:\\\/\\\/hutton.ee\\\/#\\\/schema\\\/logo\\\/image\\\/\"},\"sameAs\":[\"https:\\\/\\\/www.facebook.com\\\/huttoneesti\"]}]}<\/script>\n<!-- \/ Yoast SEO Premium plugin. -->","yoast_head_json":{"title":"Plaatvill Ekovilla Levy 100mm 565x870 - Hutton","description":"Plaatvill Ekovilla Levy 100mm 565x870. Plaatvill on mugavalt k\u00e4sitsetav ning tagab suurep\u00e4rase soojustuse ja t\u00e4idab sellele m\u00f5eldud ruumi t\u00e4ielikult.","robots":{"index":"index","follow":"follow","max-snippet":"max-snippet:-1","max-image-preview":"max-image-preview:large","max-video-preview":"max-video-preview:-1"},"canonical":"https:\/\/hutton.ee\/toode\/plaatvill-ekovilla-levy-100mm-565x870\/","og_locale":"en_US","og_type":"article","og_title":"Plaatvill Ekovilla Levy 100mm 565x870 - Hutton","og_description":"M\u00fc\u00fck ja paigaldus: ????5096755 | ???? info@hutton.ee. Isocell looduslik tselluvill on k\u00f5rge kvaliteediga ja keskkonnas\u00f5bralik. Paigaldus kiire ja efektiivne! Hutton","og_url":"https:\/\/hutton.ee\/toode\/plaatvill-ekovilla-levy-100mm-565x870\/","og_site_name":"Hutton","article_publisher":"https:\/\/www.facebook.com\/huttoneesti","article_modified_time":"2025-06-17T11:15:28+00:00","og_image":[{"width":500,"height":500,"url":"https:\/\/hutton.ee\/wp-content\/uploads\/2024\/03\/Plaatvill-Ekovilla-Levy.png","type":"image\/png"}],"twitter_card":"summary_large_image","twitter_title":"Plaatvill Ekovilla Levy 100mm 565x870 - Hutton","twitter_description":"M\u00fc\u00fck ja paigaldus: ????5096755 | ???? info@hutton.ee. Isocell looduslik tselluvill on k\u00f5rge kvaliteediga ja keskkonnas\u00f5bralik. Paigaldus kiire ja efektiivne! Hutton","twitter_misc":{"Est. reading time":"2 minutes"},"schema":{"@context":"https:\/\/schema.org","@graph":[{"@type":"WebPage","@id":"https:\/\/hutton.ee\/toode\/plaatvill-ekovilla-levy-100mm-565x870\/","url":"https:\/\/hutton.ee\/toode\/plaatvill-ekovilla-levy-100mm-565x870\/","name":"Plaatvill Ekovilla Levy 100mm 565x870 - Hutton","isPartOf":{"@id":"https:\/\/hutton.ee\/#website"},"primaryImageOfPage":{"@id":"https:\/\/hutton.ee\/toode\/plaatvill-ekovilla-levy-100mm-565x870\/#primaryimage"},"image":{"@id":"https:\/\/hutton.ee\/toode\/plaatvill-ekovilla-levy-100mm-565x870\/#primaryimage"},"thumbnailUrl":"https:\/\/hutton.ee\/wp-content\/uploads\/2024\/03\/Plaatvill-Ekovilla-Levy.png","datePublished":"2023-07-24T07:46:09+00:00","dateModified":"2025-06-17T11:15:28+00:00","description":"Plaatvill Ekovilla Levy 100mm 565x870. Plaatvill on mugavalt k\u00e4sitsetav ning tagab suurep\u00e4rase soojustuse ja t\u00e4idab sellele m\u00f5eldud ruumi t\u00e4ielikult.","breadcrumb":{"@id":"https:\/\/hutton.ee\/toode\/plaatvill-ekovilla-levy-100mm-565x870\/#breadcrumb"},"inLanguage":"en-US","potentialAction":[{"@type":"ReadAction","target":["https:\/\/hutton.ee\/toode\/plaatvill-ekovilla-levy-100mm-565x870\/"]}]},{"@type":"ImageObject","inLanguage":"en-US","@id":"https:\/\/hutton.ee\/toode\/plaatvill-ekovilla-levy-100mm-565x870\/#primaryimage","url":"https:\/\/hutton.ee\/wp-content\/uploads\/2024\/03\/Plaatvill-Ekovilla-Levy.png","contentUrl":"https:\/\/hutton.ee\/wp-content\/uploads\/2024\/03\/Plaatvill-Ekovilla-Levy.png","width":500,"height":500,"caption":"Plaatvill Ekovilla Levy"},{"@type":"BreadcrumbList","@id":"https:\/\/hutton.ee\/toode\/plaatvill-ekovilla-levy-100mm-565x870\/#breadcrumb","itemListElement":[{"@type":"ListItem","position":1,"name":"Avaleht","item":"https:\/\/hutton.ee\/"},{"@type":"ListItem","position":2,"name":"Shop","item":"https:\/\/hutton.ee\/en\/shop\/"},{"@type":"ListItem","position":3,"name":"Plaatvill Ekovilla Levy 100mm 565&#215;870"}]},{"@type":"WebSite","@id":"https:\/\/hutton.ee\/#website","url":"https:\/\/hutton.ee\/","name":"Hutton","description":"Ajas kestvad ehituslahendused","publisher":{"@id":"https:\/\/hutton.ee\/#organization"},"potentialAction":[{"@type":"SearchAction","target":{"@type":"EntryPoint","urlTemplate":"https:\/\/hutton.ee\/?s={search_term_string}"},"query-input":{"@type":"PropertyValueSpecification","valueRequired":true,"valueName":"search_term_string"}}],"inLanguage":"en-US"},{"@type":"Organization","@id":"https:\/\/hutton.ee\/#organization","name":"Hutton - KATUS | SEIN | FASSAAD","url":"https:\/\/hutton.ee\/","logo":{"@type":"ImageObject","inLanguage":"en-US","@id":"https:\/\/hutton.ee\/#\/schema\/logo\/image\/","url":"https:\/\/hutton.ee\/wp-content\/uploads\/2020\/07\/hutton-logo_uuendatud-01.png","contentUrl":"https:\/\/hutton.ee\/wp-content\/uploads\/2020\/07\/hutton-logo_uuendatud-01.png","width":1064,"height":455,"caption":"Hutton - KATUS | SEIN | FASSAAD"},"image":{"@id":"https:\/\/hutton.ee\/#\/schema\/logo\/image\/"},"sameAs":["https:\/\/www.facebook.com\/huttoneesti"]}]}},"_links":{"self":[{"href":"https:\/\/hutton.ee\/en\/wp-json\/wp\/v2\/product\/20258","targetHints":{"allow":["GET"]}}],"collection":[{"href":"https:\/\/hutton.ee\/en\/wp-json\/wp\/v2\/product"}],"about":[{"href":"https:\/\/hutton.ee\/en\/wp-json\/wp\/v2\/types\/product"}],"wp:featuredmedia":[{"embeddable":true,"href":"https:\/\/hutton.ee\/en\/wp-json\/wp\/v2\/media\/26766"}],"wp:attachment":[{"href":"https:\/\/hutton.ee\/en\/wp-json\/wp\/v2\/media?parent=20258"}],"wp:term":[{"taxonomy":"product_brand","embeddable":true,"href":"https:\/\/hutton.ee\/en\/wp-json\/wp\/v2\/product_brand?post=20258"},{"taxonomy":"product_cat","embeddable":true,"href":"https:\/\/hutton.ee\/en\/wp-json\/wp\/v2\/product_cat?post=20258"},{"taxonomy":"product_tag","embeddable":true,"href":"https:\/\/hutton.ee\/en\/wp-json\/wp\/v2\/product_tag?post=20258"},{"taxonomy":"filtrisusteem","embeddable":true,"href":"https:\/\/hutton.ee\/en\/wp-json\/wp\/v2\/filtrisusteem?post=20258"},{"taxonomy":"kvaliteediklass","embeddable":true,"href":"https:\/\/hutton.ee\/en\/wp-json\/wp\/v2\/kvaliteediklass?post=20258"}],"curies":[{"name":"wp","href":"https:\/\/api.w.org\/{rel}","templated":true}]}}