{"id":20299,"date":"2023-08-03T07:23:43","date_gmt":"2023-08-03T07:23:43","guid":{"rendered":"https:\/\/hutton.ee\/?post_type=product&#038;p=20299"},"modified":"2025-10-09T07:06:01","modified_gmt":"2025-10-09T07:06:01","slug":"isobasalt-50mm-25m","status":"publish","type":"product","link":"https:\/\/hutton.ee\/en\/toode\/isobasalt-50mm-25m\/","title":{"rendered":"Isobasalt 50mm\/25m"},"content":{"rendered":"<p>Isobasalt 50mm\/25m on kvaliteetne siseteip, mida on lubatud kasutada ka v\u00e4listingimustes. UV kindlus 2 kuud.<\/p>\n<p><b>Toote p\u00f5hiomadused:<\/b><\/p>\n<ul>\n<li>\u00dchepoolne tugeva nakkuvusega siseteip<\/li>\n<li>Aurut\u00f5kke kile, -paberi, -membraani ja plaatide \u00fclekatete ja vuukide tihendamiseks<\/li>\n<li>Vett ja niiskust mittekartev LDPE kilematerjal v\u00f5rkarmeeringuga.<\/li>\n<li>Nakke tekkimine: L\u00f5plik nakketugevus +5\u00b0C juures tekib 24 tunni m\u00f6\u00f6dumisel. -10\u00b0C kuni +5\u00b0C vahemikus tekib l\u00f5ppnake aeglasemalt (72h v\u00f5i enam).<\/li>\n<\/ul>\n<p><strong>Selle toote teeb eriliseks:<\/strong><\/p>\n<ul>\n<li>Mugav k\u00e4sitseda<\/li>\n<li>V\u00e4ga hea liim<\/li>\n<li>UV kindlus 2 kuud<\/li>\n<li>Paigaldustemperatuur alates +5\u00b0C<\/li>\n<li>LDPE kile<\/li>\n<li>Vett &amp; niiskust mittekartev<\/li>\n<li>L\u00e4bipaistev, rohelise kirjaga<\/li>\n<\/ul>\n<p><strong>Isobasalt 50mm\/25m kasutamine:<br \/>\n<\/strong><strong>Vuukide, \u00fclekatet ja l\u00e4biviikude tihendamiseks j\u00e4rgnevatel nakkepindadel<\/strong>:<\/p>\n<ul>\n<li>Painduvad rullmaterjalid (kile, membraan, foolium, paber, papp) sh aluskatted, tuulet\u00f5kked, aurut\u00f5kked, \u00f5hut\u00f5kked<\/li>\n<li>J\u00e4igad materjalid nagu puit ja puidup\u00f5hised plaadid (vineer, OSB, DWD, jne), kipsplaat, tsement- ja kipskiudplaat,<br \/>\nerinevad metallpinnad, erinevad plastpinnad, klaaspinnad<\/li>\n<li>Mineraalsed nakkepinnad nagu kivi, betoon, krohv<\/li>\n<\/ul>\n<p><strong>Loe l\u00e4hemalt:<\/strong><\/p>\n<p><a href=\"https:\/\/hutton.ee\/mis-on-ehitusteip\/\">Mis on ehitusteip?<\/a><\/p>\n<p><strong>Vajadusel k\u00fcsi n\u00f5u:<br \/>\n<\/strong><\/p>\n<p><strong>Regina<\/strong> <a href=\"tel:5076742\">+372 507 6742<\/a> | <a href=\"mailto:regina@hutton.ee\">regina@hutton.ee<\/a><br \/>\n<strong>Neeme<\/strong> <a href=\"tel:5098168\">+372 509 8168<\/a> | <a href=\"mailto:neeme@hutton.ee\">neeme@hutton.ee<\/a><\/p>\n","protected":false},"excerpt":{"rendered":"<p><span style=\"text-decoration: underline;\"><span style=\"color: #ff0000; font-size: 12pt; text-decoration: underline;\"><strong><a style=\"color: #ff0000; text-decoration: underline;\" href=\"https:\/\/hutton.ee\/minu-konto\/\" target=\"_blank\" rel=\"noopener\">Registreeru p\u00fcsikliendiks<\/a>!<\/strong><\/span><\/span><\/p>\n","protected":false},"featured_media":26657,"template":"","meta":{"_gspb_post_css":"","_uf_show_specific_survey":0,"_uf_disable_surveys":false},"product_brand":[],"product_cat":[954,955],"product_tag":[2901,2863],"filtrisusteem":[2482,2355,2475,2341,2496,2479,2404,2477,2476,2351,2378],"kvaliteediklass":[933],"class_list":{"0":"post-20299","1":"product","2":"type-product","3":"status-publish","4":"has-post-thumbnail","6":"product_cat-ehitusteibid","7":"product_cat-aurutokke-teibid","8":"product_tag-24tk","9":"product_tag-muugihitid_silt","10":"filtrisusteem-50-53","11":"filtrisusteem-8-nadalat","12":"filtrisusteem-b-kvaliteediklass","13":"filtrisusteem-kvaliteediklass","14":"filtrisusteem-labipaistev","15":"filtrisusteem-laius-mm","16":"filtrisusteem-sd-m","17":"filtrisusteem-siseteip","18":"filtrisusteem-sisse-voi-valja","19":"filtrisusteem-uv-kindlus","20":"filtrisusteem-varvus","21":"kvaliteediklass-a3-korgeim-kvaliteet","23":"first","24":"instock","25":"taxable","26":"shipping-taxable","27":"purchasable","28":"product-type-simple"},"yoast_head":"<!-- This site is optimized with the Yoast SEO Premium plugin v21.3 (Yoast SEO v27.3) - https:\/\/yoast.com\/product\/yoast-seo-premium-wordpress\/ -->\n<title>Isobasalt 50mm\/25m - Hutton<\/title>\n<meta name=\"description\" content=\"Isobasalt 50mm\/25m on \u00fchepoolne tugeva nakkuvusega aurut\u00f5kketeip. Siseteibi paigaldustemperatuur alates +5\u00b0C ning UV kindlus 2 kuud. Hutton e-pood.\" \/>\n<meta name=\"robots\" content=\"index, follow, max-snippet:-1, max-image-preview:large, max-video-preview:-1\" \/>\n<link rel=\"canonical\" href=\"https:\/\/hutton.ee\/toode\/isobasalt-50mm-25m\/\" \/>\n<meta property=\"og:locale\" content=\"en_US\" \/>\n<meta property=\"og:type\" content=\"article\" \/>\n<meta property=\"og:title\" content=\"Isobasalt 50mm\/25m\" \/>\n<meta property=\"og:description\" content=\"Isobasalt 50mm\/25m on \u00fchepoolne tugeva nakkuvusega aurut\u00f5kketeip. Siseteibi paigaldustemperatuur alates +5\u00b0C ning UV kindlus 2 kuud. Hutton e-pood.\" \/>\n<meta property=\"og:url\" content=\"https:\/\/hutton.ee\/toode\/isobasalt-50mm-25m\/\" \/>\n<meta property=\"og:site_name\" content=\"Hutton\" \/>\n<meta property=\"article:publisher\" content=\"https:\/\/www.facebook.com\/huttoneesti\" \/>\n<meta property=\"article:modified_time\" content=\"2025-10-09T07:06:01+00:00\" \/>\n<meta property=\"og:image\" content=\"https:\/\/hutton.ee\/wp-content\/uploads\/2023\/08\/Aurutokke-teip-Isobasalt.png\" \/>\n\t<meta property=\"og:image:width\" content=\"500\" \/>\n\t<meta property=\"og:image:height\" content=\"500\" \/>\n\t<meta property=\"og:image:type\" content=\"image\/png\" \/>\n<meta name=\"twitter:card\" content=\"summary_large_image\" \/>\n<meta name=\"twitter:label1\" content=\"Est. reading time\" \/>\n\t<meta name=\"twitter:data1\" content=\"2 minutes\" \/>\n<script type=\"application\/ld+json\" class=\"yoast-schema-graph\">{\"@context\":\"https:\\\/\\\/schema.org\",\"@graph\":[{\"@type\":\"WebPage\",\"@id\":\"https:\\\/\\\/hutton.ee\\\/toode\\\/isobasalt-50mm-25m\\\/\",\"url\":\"https:\\\/\\\/hutton.ee\\\/toode\\\/isobasalt-50mm-25m\\\/\",\"name\":\"Isobasalt 50mm\\\/25m - Hutton\",\"isPartOf\":{\"@id\":\"https:\\\/\\\/hutton.ee\\\/#website\"},\"primaryImageOfPage\":{\"@id\":\"https:\\\/\\\/hutton.ee\\\/toode\\\/isobasalt-50mm-25m\\\/#primaryimage\"},\"image\":{\"@id\":\"https:\\\/\\\/hutton.ee\\\/toode\\\/isobasalt-50mm-25m\\\/#primaryimage\"},\"thumbnailUrl\":\"https:\\\/\\\/hutton.ee\\\/wp-content\\\/uploads\\\/2023\\\/08\\\/Aurutokke-teip-Isobasalt.png\",\"datePublished\":\"2023-08-03T07:23:43+00:00\",\"dateModified\":\"2025-10-09T07:06:01+00:00\",\"description\":\"Isobasalt 50mm\\\/25m on \u00fchepoolne tugeva nakkuvusega aurut\u00f5kketeip. Siseteibi paigaldustemperatuur alates +5\u00b0C ning UV kindlus 2 kuud. Hutton e-pood.\",\"breadcrumb\":{\"@id\":\"https:\\\/\\\/hutton.ee\\\/toode\\\/isobasalt-50mm-25m\\\/#breadcrumb\"},\"inLanguage\":\"en-US\",\"potentialAction\":[{\"@type\":\"ReadAction\",\"target\":[\"https:\\\/\\\/hutton.ee\\\/toode\\\/isobasalt-50mm-25m\\\/\"]}]},{\"@type\":\"ImageObject\",\"inLanguage\":\"en-US\",\"@id\":\"https:\\\/\\\/hutton.ee\\\/toode\\\/isobasalt-50mm-25m\\\/#primaryimage\",\"url\":\"https:\\\/\\\/hutton.ee\\\/wp-content\\\/uploads\\\/2023\\\/08\\\/Aurutokke-teip-Isobasalt.png\",\"contentUrl\":\"https:\\\/\\\/hutton.ee\\\/wp-content\\\/uploads\\\/2023\\\/08\\\/Aurutokke-teip-Isobasalt.png\",\"width\":500,\"height\":500,\"caption\":\"Aurut\u00f5kke teip Isobasalt\"},{\"@type\":\"BreadcrumbList\",\"@id\":\"https:\\\/\\\/hutton.ee\\\/toode\\\/isobasalt-50mm-25m\\\/#breadcrumb\",\"itemListElement\":[{\"@type\":\"ListItem\",\"position\":1,\"name\":\"Avaleht\",\"item\":\"https:\\\/\\\/hutton.ee\\\/\"},{\"@type\":\"ListItem\",\"position\":2,\"name\":\"Shop\",\"item\":\"https:\\\/\\\/hutton.ee\\\/en\\\/shop\\\/\"},{\"@type\":\"ListItem\",\"position\":3,\"name\":\"Isobasalt 50mm\\\/25m\"}]},{\"@type\":\"WebSite\",\"@id\":\"https:\\\/\\\/hutton.ee\\\/#website\",\"url\":\"https:\\\/\\\/hutton.ee\\\/\",\"name\":\"Hutton\",\"description\":\"Ajas kestvad ehituslahendused\",\"publisher\":{\"@id\":\"https:\\\/\\\/hutton.ee\\\/#organization\"},\"potentialAction\":[{\"@type\":\"SearchAction\",\"target\":{\"@type\":\"EntryPoint\",\"urlTemplate\":\"https:\\\/\\\/hutton.ee\\\/?s={search_term_string}\"},\"query-input\":{\"@type\":\"PropertyValueSpecification\",\"valueRequired\":true,\"valueName\":\"search_term_string\"}}],\"inLanguage\":\"en-US\"},{\"@type\":\"Organization\",\"@id\":\"https:\\\/\\\/hutton.ee\\\/#organization\",\"name\":\"Hutton - KATUS | SEIN | FASSAAD\",\"url\":\"https:\\\/\\\/hutton.ee\\\/\",\"logo\":{\"@type\":\"ImageObject\",\"inLanguage\":\"en-US\",\"@id\":\"https:\\\/\\\/hutton.ee\\\/#\\\/schema\\\/logo\\\/image\\\/\",\"url\":\"https:\\\/\\\/hutton.ee\\\/wp-content\\\/uploads\\\/2020\\\/07\\\/hutton-logo_uuendatud-01.png\",\"contentUrl\":\"https:\\\/\\\/hutton.ee\\\/wp-content\\\/uploads\\\/2020\\\/07\\\/hutton-logo_uuendatud-01.png\",\"width\":1064,\"height\":455,\"caption\":\"Hutton - KATUS | SEIN | FASSAAD\"},\"image\":{\"@id\":\"https:\\\/\\\/hutton.ee\\\/#\\\/schema\\\/logo\\\/image\\\/\"},\"sameAs\":[\"https:\\\/\\\/www.facebook.com\\\/huttoneesti\"]}]}<\/script>\n<!-- \/ Yoast SEO Premium plugin. -->","yoast_head_json":{"title":"Isobasalt 50mm\/25m - Hutton","description":"Isobasalt 50mm\/25m on \u00fchepoolne tugeva nakkuvusega aurut\u00f5kketeip. Siseteibi paigaldustemperatuur alates +5\u00b0C ning UV kindlus 2 kuud. Hutton e-pood.","robots":{"index":"index","follow":"follow","max-snippet":"max-snippet:-1","max-image-preview":"max-image-preview:large","max-video-preview":"max-video-preview:-1"},"canonical":"https:\/\/hutton.ee\/toode\/isobasalt-50mm-25m\/","og_locale":"en_US","og_type":"article","og_title":"Isobasalt 50mm\/25m","og_description":"Isobasalt 50mm\/25m on \u00fchepoolne tugeva nakkuvusega aurut\u00f5kketeip. Siseteibi paigaldustemperatuur alates +5\u00b0C ning UV kindlus 2 kuud. Hutton e-pood.","og_url":"https:\/\/hutton.ee\/toode\/isobasalt-50mm-25m\/","og_site_name":"Hutton","article_publisher":"https:\/\/www.facebook.com\/huttoneesti","article_modified_time":"2025-10-09T07:06:01+00:00","og_image":[{"width":500,"height":500,"url":"https:\/\/hutton.ee\/wp-content\/uploads\/2023\/08\/Aurutokke-teip-Isobasalt.png","type":"image\/png"}],"twitter_card":"summary_large_image","twitter_misc":{"Est. reading time":"2 minutes"},"schema":{"@context":"https:\/\/schema.org","@graph":[{"@type":"WebPage","@id":"https:\/\/hutton.ee\/toode\/isobasalt-50mm-25m\/","url":"https:\/\/hutton.ee\/toode\/isobasalt-50mm-25m\/","name":"Isobasalt 50mm\/25m - Hutton","isPartOf":{"@id":"https:\/\/hutton.ee\/#website"},"primaryImageOfPage":{"@id":"https:\/\/hutton.ee\/toode\/isobasalt-50mm-25m\/#primaryimage"},"image":{"@id":"https:\/\/hutton.ee\/toode\/isobasalt-50mm-25m\/#primaryimage"},"thumbnailUrl":"https:\/\/hutton.ee\/wp-content\/uploads\/2023\/08\/Aurutokke-teip-Isobasalt.png","datePublished":"2023-08-03T07:23:43+00:00","dateModified":"2025-10-09T07:06:01+00:00","description":"Isobasalt 50mm\/25m on \u00fchepoolne tugeva nakkuvusega aurut\u00f5kketeip. Siseteibi paigaldustemperatuur alates +5\u00b0C ning UV kindlus 2 kuud. Hutton e-pood.","breadcrumb":{"@id":"https:\/\/hutton.ee\/toode\/isobasalt-50mm-25m\/#breadcrumb"},"inLanguage":"en-US","potentialAction":[{"@type":"ReadAction","target":["https:\/\/hutton.ee\/toode\/isobasalt-50mm-25m\/"]}]},{"@type":"ImageObject","inLanguage":"en-US","@id":"https:\/\/hutton.ee\/toode\/isobasalt-50mm-25m\/#primaryimage","url":"https:\/\/hutton.ee\/wp-content\/uploads\/2023\/08\/Aurutokke-teip-Isobasalt.png","contentUrl":"https:\/\/hutton.ee\/wp-content\/uploads\/2023\/08\/Aurutokke-teip-Isobasalt.png","width":500,"height":500,"caption":"Aurut\u00f5kke teip Isobasalt"},{"@type":"BreadcrumbList","@id":"https:\/\/hutton.ee\/toode\/isobasalt-50mm-25m\/#breadcrumb","itemListElement":[{"@type":"ListItem","position":1,"name":"Avaleht","item":"https:\/\/hutton.ee\/"},{"@type":"ListItem","position":2,"name":"Shop","item":"https:\/\/hutton.ee\/en\/shop\/"},{"@type":"ListItem","position":3,"name":"Isobasalt 50mm\/25m"}]},{"@type":"WebSite","@id":"https:\/\/hutton.ee\/#website","url":"https:\/\/hutton.ee\/","name":"Hutton","description":"Ajas kestvad ehituslahendused","publisher":{"@id":"https:\/\/hutton.ee\/#organization"},"potentialAction":[{"@type":"SearchAction","target":{"@type":"EntryPoint","urlTemplate":"https:\/\/hutton.ee\/?s={search_term_string}"},"query-input":{"@type":"PropertyValueSpecification","valueRequired":true,"valueName":"search_term_string"}}],"inLanguage":"en-US"},{"@type":"Organization","@id":"https:\/\/hutton.ee\/#organization","name":"Hutton - KATUS | SEIN | FASSAAD","url":"https:\/\/hutton.ee\/","logo":{"@type":"ImageObject","inLanguage":"en-US","@id":"https:\/\/hutton.ee\/#\/schema\/logo\/image\/","url":"https:\/\/hutton.ee\/wp-content\/uploads\/2020\/07\/hutton-logo_uuendatud-01.png","contentUrl":"https:\/\/hutton.ee\/wp-content\/uploads\/2020\/07\/hutton-logo_uuendatud-01.png","width":1064,"height":455,"caption":"Hutton - KATUS | SEIN | FASSAAD"},"image":{"@id":"https:\/\/hutton.ee\/#\/schema\/logo\/image\/"},"sameAs":["https:\/\/www.facebook.com\/huttoneesti"]}]}},"_links":{"self":[{"href":"https:\/\/hutton.ee\/en\/wp-json\/wp\/v2\/product\/20299","targetHints":{"allow":["GET"]}}],"collection":[{"href":"https:\/\/hutton.ee\/en\/wp-json\/wp\/v2\/product"}],"about":[{"href":"https:\/\/hutton.ee\/en\/wp-json\/wp\/v2\/types\/product"}],"wp:featuredmedia":[{"embeddable":true,"href":"https:\/\/hutton.ee\/en\/wp-json\/wp\/v2\/media\/26657"}],"wp:attachment":[{"href":"https:\/\/hutton.ee\/en\/wp-json\/wp\/v2\/media?parent=20299"}],"wp:term":[{"taxonomy":"product_brand","embeddable":true,"href":"https:\/\/hutton.ee\/en\/wp-json\/wp\/v2\/product_brand?post=20299"},{"taxonomy":"product_cat","embeddable":true,"href":"https:\/\/hutton.ee\/en\/wp-json\/wp\/v2\/product_cat?post=20299"},{"taxonomy":"product_tag","embeddable":true,"href":"https:\/\/hutton.ee\/en\/wp-json\/wp\/v2\/product_tag?post=20299"},{"taxonomy":"filtrisusteem","embeddable":true,"href":"https:\/\/hutton.ee\/en\/wp-json\/wp\/v2\/filtrisusteem?post=20299"},{"taxonomy":"kvaliteediklass","embeddable":true,"href":"https:\/\/hutton.ee\/en\/wp-json\/wp\/v2\/kvaliteediklass?post=20299"}],"curies":[{"name":"wp","href":"https:\/\/api.w.org\/{rel}","templated":true}]}}