{"id":20496,"date":"2023-09-08T05:58:26","date_gmt":"2023-09-08T05:58:26","guid":{"rendered":"https:\/\/hutton.ee\/?post_type=product&#038;p=20496"},"modified":"2026-01-20T07:56:36","modified_gmt":"2026-01-20T07:56:36","slug":"kiilto-airseal-flex","status":"publish","type":"product","link":"https:\/\/hutton.ee\/en\/toode\/kiilto-airseal-flex\/","title":{"rendered":"Kiilto Airseal Flex"},"content":{"rendered":"<p>Kiilto Airseal Flex on elastne ja kiudtugevdatud 1-komponentne hermeetik \u00f5hulekete v\u00e4ltimiseks konstruktsioonis. Kantakse pintsli v\u00f5i rulliga vertikaal-, horisontaal- ja laepindadele. Suurep\u00e4rane nakkuvus enamike materjalidega. Takistab veeauru liikumist.<\/p>\n<p><strong>Kasutamine<\/strong>:<\/p>\n<ul>\n<li>Akende ja uste vuukide tihendamine<\/li>\n<li>Seina- ja p\u00f5randavuukide tihendamine<\/li>\n<li>Torude l\u00e4biviikude tihendamine siseruumides<\/li>\n<li><span style=\"text-decoration: underline;\"><strong><a href=\"https:\/\/www.youtube.com\/watch?v=D79G4jbKHrs\" target=\"_blank\" rel=\"noopener\">Airseal Flex t\u00f6\u00f6video<\/a><\/strong><\/span><\/li>\n<\/ul>\n<p><strong>Toote eriomadused<\/strong>:<\/p>\n<ul>\n<li>Elastne kaitse \u00f5hulekete tihendamiseks<\/li>\n<li>Pastataoline<\/li>\n<li>\u00dclev\u00e4rvitav<\/li>\n<li>Siseruumides l\u00e4biviikude, akende ja uste \u00fcmbruste vuukide, p\u00f5randa, seina ning lae \u00fchenduskohtade hermetiseerimiseks<\/li>\n<li>Testitud ja heaks kiidetud radoonikaitseenergiat\u00f5husus<\/li>\n<li>Ei lase sooja \u00f5hku eluruumist v\u00e4lja ning k\u00fclma \u00f5hku ja niiskust eluruumi sisse<\/li>\n<li>Parem sise\u00f5hu kvaliteet &#8211; ei lase siseruumi tolmu jms<\/li>\n<\/ul>\n<p><strong>Nakketugevus<\/strong>:<\/p>\n<ul>\n<li>Betoon: &gt;2,0 MPa<\/li>\n<li>Puit: &gt;0,5 MPa<\/li>\n<li>Roostevaba teras: &gt;0,5 MPa<\/li>\n<li>Kiilto Optio (p\u00f5randa tasanduskiht): &gt;1,5 MPa<\/li>\n<li>Kiilto XF: &gt;0,5 MPa<\/li>\n<li>T\u00fc\u00fcpiline vesialusel seinav\u00e4rv: &gt;0,5 MPa<\/li>\n<li>Kiilto PU 1000 Eco: &gt; 1,5 MPa<\/li>\n<\/ul>\n<p><strong>Vajadusel k\u00fcsi n\u00f5u:<\/strong><\/p>\n<p><strong>Neeme<\/strong> <a href=\"tel:5098168\">+372 509 8168<\/a> | <a href=\"mailto:neeme@hutton.ee\">neeme@hutton.ee<\/a><\/p>\n","protected":false},"excerpt":{"rendered":"<p><span style=\"text-decoration: underline;\"><span style=\"color: #ff0000; font-size: 12pt; text-decoration: underline;\"><strong><a style=\"color: #ff0000; text-decoration: underline;\" href=\"https:\/\/hutton.ee\/minu-konto\/\" target=\"_blank\" rel=\"noopener\">Registreeru p\u00fcsikliendiks<\/a>!<\/strong><\/span><\/span><\/p>\n","protected":false},"featured_media":26622,"template":"","meta":{"_gspb_post_css":"","_uf_show_specific_survey":0,"_uf_disable_surveys":false},"product_brand":[],"product_cat":[964],"product_tag":[],"filtrisusteem":[],"kvaliteediklass":[],"class_list":{"0":"post-20496","1":"product","2":"type-product","3":"status-publish","4":"has-post-thumbnail","6":"product_cat-ehituskeemia","8":"first","9":"outofstock","10":"taxable","11":"shipping-taxable","12":"purchasable","13":"product-type-simple"},"yoast_head":"<!-- This site is optimized with the Yoast SEO Premium plugin v21.3 (Yoast SEO v27.3) - https:\/\/yoast.com\/product\/yoast-seo-premium-wordpress\/ -->\n<title>Kiilto Airseal Flex - Hutton<\/title>\n<meta name=\"description\" content=\"Kiilto Airseal Flex on elastne ja kiudtugevdatu hermeetik \u00f5hulekete v\u00e4ltimiseks konstruktsioonis. Suurep\u00e4rane nakkuvus enamike materjalidega. Hutton\" \/>\n<meta name=\"robots\" content=\"index, follow, max-snippet:-1, max-image-preview:large, max-video-preview:-1\" \/>\n<link rel=\"canonical\" href=\"https:\/\/hutton.ee\/toode\/kiilto-airseal-flex\/\" \/>\n<meta property=\"og:locale\" content=\"en_US\" \/>\n<meta property=\"og:type\" content=\"article\" \/>\n<meta property=\"og:title\" content=\"Kiilto Airseal Flex\" \/>\n<meta property=\"og:description\" content=\"Kiilto Airseal Flex on elastne ja kiudtugevdatu hermeetik \u00f5hulekete v\u00e4ltimiseks konstruktsioonis. Suurep\u00e4rane nakkuvus enamike materjalidega. Hutton\" \/>\n<meta property=\"og:url\" content=\"https:\/\/hutton.ee\/toode\/kiilto-airseal-flex\/\" \/>\n<meta property=\"og:site_name\" content=\"Hutton\" \/>\n<meta property=\"article:publisher\" content=\"https:\/\/www.facebook.com\/huttoneesti\" \/>\n<meta property=\"article:modified_time\" content=\"2026-01-20T07:56:36+00:00\" \/>\n<meta property=\"og:image\" content=\"https:\/\/hutton.ee\/wp-content\/uploads\/2024\/10\/Kiilto-Airseal-Flex.png\" \/>\n\t<meta property=\"og:image:width\" content=\"500\" \/>\n\t<meta property=\"og:image:height\" content=\"500\" \/>\n\t<meta property=\"og:image:type\" content=\"image\/png\" \/>\n<meta name=\"twitter:card\" content=\"summary_large_image\" \/>\n<meta name=\"twitter:label1\" content=\"Est. reading time\" \/>\n\t<meta name=\"twitter:data1\" content=\"1 minute\" \/>\n<script type=\"application\/ld+json\" class=\"yoast-schema-graph\">{\"@context\":\"https:\\\/\\\/schema.org\",\"@graph\":[{\"@type\":\"WebPage\",\"@id\":\"https:\\\/\\\/hutton.ee\\\/toode\\\/kiilto-airseal-flex\\\/\",\"url\":\"https:\\\/\\\/hutton.ee\\\/toode\\\/kiilto-airseal-flex\\\/\",\"name\":\"Kiilto Airseal Flex - Hutton\",\"isPartOf\":{\"@id\":\"https:\\\/\\\/hutton.ee\\\/#website\"},\"primaryImageOfPage\":{\"@id\":\"https:\\\/\\\/hutton.ee\\\/toode\\\/kiilto-airseal-flex\\\/#primaryimage\"},\"image\":{\"@id\":\"https:\\\/\\\/hutton.ee\\\/toode\\\/kiilto-airseal-flex\\\/#primaryimage\"},\"thumbnailUrl\":\"https:\\\/\\\/hutton.ee\\\/wp-content\\\/uploads\\\/2024\\\/10\\\/Kiilto-Airseal-Flex.png\",\"datePublished\":\"2023-09-08T05:58:26+00:00\",\"dateModified\":\"2026-01-20T07:56:36+00:00\",\"description\":\"Kiilto Airseal Flex on elastne ja kiudtugevdatu hermeetik \u00f5hulekete v\u00e4ltimiseks konstruktsioonis. Suurep\u00e4rane nakkuvus enamike materjalidega. Hutton\",\"breadcrumb\":{\"@id\":\"https:\\\/\\\/hutton.ee\\\/toode\\\/kiilto-airseal-flex\\\/#breadcrumb\"},\"inLanguage\":\"en-US\",\"potentialAction\":[{\"@type\":\"ReadAction\",\"target\":[\"https:\\\/\\\/hutton.ee\\\/toode\\\/kiilto-airseal-flex\\\/\"]}]},{\"@type\":\"ImageObject\",\"inLanguage\":\"en-US\",\"@id\":\"https:\\\/\\\/hutton.ee\\\/toode\\\/kiilto-airseal-flex\\\/#primaryimage\",\"url\":\"https:\\\/\\\/hutton.ee\\\/wp-content\\\/uploads\\\/2024\\\/10\\\/Kiilto-Airseal-Flex.png\",\"contentUrl\":\"https:\\\/\\\/hutton.ee\\\/wp-content\\\/uploads\\\/2024\\\/10\\\/Kiilto-Airseal-Flex.png\",\"width\":500,\"height\":500,\"caption\":\"Kiilto Airseal Flex\"},{\"@type\":\"BreadcrumbList\",\"@id\":\"https:\\\/\\\/hutton.ee\\\/toode\\\/kiilto-airseal-flex\\\/#breadcrumb\",\"itemListElement\":[{\"@type\":\"ListItem\",\"position\":1,\"name\":\"Avaleht\",\"item\":\"https:\\\/\\\/hutton.ee\\\/\"},{\"@type\":\"ListItem\",\"position\":2,\"name\":\"Shop\",\"item\":\"https:\\\/\\\/hutton.ee\\\/en\\\/shop\\\/\"},{\"@type\":\"ListItem\",\"position\":3,\"name\":\"Kiilto Airseal Flex\"}]},{\"@type\":\"WebSite\",\"@id\":\"https:\\\/\\\/hutton.ee\\\/#website\",\"url\":\"https:\\\/\\\/hutton.ee\\\/\",\"name\":\"Hutton\",\"description\":\"Ajas kestvad ehituslahendused\",\"publisher\":{\"@id\":\"https:\\\/\\\/hutton.ee\\\/#organization\"},\"potentialAction\":[{\"@type\":\"SearchAction\",\"target\":{\"@type\":\"EntryPoint\",\"urlTemplate\":\"https:\\\/\\\/hutton.ee\\\/?s={search_term_string}\"},\"query-input\":{\"@type\":\"PropertyValueSpecification\",\"valueRequired\":true,\"valueName\":\"search_term_string\"}}],\"inLanguage\":\"en-US\"},{\"@type\":\"Organization\",\"@id\":\"https:\\\/\\\/hutton.ee\\\/#organization\",\"name\":\"Hutton - KATUS | SEIN | FASSAAD\",\"url\":\"https:\\\/\\\/hutton.ee\\\/\",\"logo\":{\"@type\":\"ImageObject\",\"inLanguage\":\"en-US\",\"@id\":\"https:\\\/\\\/hutton.ee\\\/#\\\/schema\\\/logo\\\/image\\\/\",\"url\":\"https:\\\/\\\/hutton.ee\\\/wp-content\\\/uploads\\\/2020\\\/07\\\/hutton-logo_uuendatud-01.png\",\"contentUrl\":\"https:\\\/\\\/hutton.ee\\\/wp-content\\\/uploads\\\/2020\\\/07\\\/hutton-logo_uuendatud-01.png\",\"width\":1064,\"height\":455,\"caption\":\"Hutton - KATUS | SEIN | FASSAAD\"},\"image\":{\"@id\":\"https:\\\/\\\/hutton.ee\\\/#\\\/schema\\\/logo\\\/image\\\/\"},\"sameAs\":[\"https:\\\/\\\/www.facebook.com\\\/huttoneesti\"]}]}<\/script>\n<!-- \/ Yoast SEO Premium plugin. -->","yoast_head_json":{"title":"Kiilto Airseal Flex - Hutton","description":"Kiilto Airseal Flex on elastne ja kiudtugevdatu hermeetik \u00f5hulekete v\u00e4ltimiseks konstruktsioonis. Suurep\u00e4rane nakkuvus enamike materjalidega. Hutton","robots":{"index":"index","follow":"follow","max-snippet":"max-snippet:-1","max-image-preview":"max-image-preview:large","max-video-preview":"max-video-preview:-1"},"canonical":"https:\/\/hutton.ee\/toode\/kiilto-airseal-flex\/","og_locale":"en_US","og_type":"article","og_title":"Kiilto Airseal Flex","og_description":"Kiilto Airseal Flex on elastne ja kiudtugevdatu hermeetik \u00f5hulekete v\u00e4ltimiseks konstruktsioonis. Suurep\u00e4rane nakkuvus enamike materjalidega. Hutton","og_url":"https:\/\/hutton.ee\/toode\/kiilto-airseal-flex\/","og_site_name":"Hutton","article_publisher":"https:\/\/www.facebook.com\/huttoneesti","article_modified_time":"2026-01-20T07:56:36+00:00","og_image":[{"width":500,"height":500,"url":"https:\/\/hutton.ee\/wp-content\/uploads\/2024\/10\/Kiilto-Airseal-Flex.png","type":"image\/png"}],"twitter_card":"summary_large_image","twitter_misc":{"Est. reading time":"1 minute"},"schema":{"@context":"https:\/\/schema.org","@graph":[{"@type":"WebPage","@id":"https:\/\/hutton.ee\/toode\/kiilto-airseal-flex\/","url":"https:\/\/hutton.ee\/toode\/kiilto-airseal-flex\/","name":"Kiilto Airseal Flex - Hutton","isPartOf":{"@id":"https:\/\/hutton.ee\/#website"},"primaryImageOfPage":{"@id":"https:\/\/hutton.ee\/toode\/kiilto-airseal-flex\/#primaryimage"},"image":{"@id":"https:\/\/hutton.ee\/toode\/kiilto-airseal-flex\/#primaryimage"},"thumbnailUrl":"https:\/\/hutton.ee\/wp-content\/uploads\/2024\/10\/Kiilto-Airseal-Flex.png","datePublished":"2023-09-08T05:58:26+00:00","dateModified":"2026-01-20T07:56:36+00:00","description":"Kiilto Airseal Flex on elastne ja kiudtugevdatu hermeetik \u00f5hulekete v\u00e4ltimiseks konstruktsioonis. Suurep\u00e4rane nakkuvus enamike materjalidega. Hutton","breadcrumb":{"@id":"https:\/\/hutton.ee\/toode\/kiilto-airseal-flex\/#breadcrumb"},"inLanguage":"en-US","potentialAction":[{"@type":"ReadAction","target":["https:\/\/hutton.ee\/toode\/kiilto-airseal-flex\/"]}]},{"@type":"ImageObject","inLanguage":"en-US","@id":"https:\/\/hutton.ee\/toode\/kiilto-airseal-flex\/#primaryimage","url":"https:\/\/hutton.ee\/wp-content\/uploads\/2024\/10\/Kiilto-Airseal-Flex.png","contentUrl":"https:\/\/hutton.ee\/wp-content\/uploads\/2024\/10\/Kiilto-Airseal-Flex.png","width":500,"height":500,"caption":"Kiilto Airseal Flex"},{"@type":"BreadcrumbList","@id":"https:\/\/hutton.ee\/toode\/kiilto-airseal-flex\/#breadcrumb","itemListElement":[{"@type":"ListItem","position":1,"name":"Avaleht","item":"https:\/\/hutton.ee\/"},{"@type":"ListItem","position":2,"name":"Shop","item":"https:\/\/hutton.ee\/en\/shop\/"},{"@type":"ListItem","position":3,"name":"Kiilto Airseal Flex"}]},{"@type":"WebSite","@id":"https:\/\/hutton.ee\/#website","url":"https:\/\/hutton.ee\/","name":"Hutton","description":"Ajas kestvad ehituslahendused","publisher":{"@id":"https:\/\/hutton.ee\/#organization"},"potentialAction":[{"@type":"SearchAction","target":{"@type":"EntryPoint","urlTemplate":"https:\/\/hutton.ee\/?s={search_term_string}"},"query-input":{"@type":"PropertyValueSpecification","valueRequired":true,"valueName":"search_term_string"}}],"inLanguage":"en-US"},{"@type":"Organization","@id":"https:\/\/hutton.ee\/#organization","name":"Hutton - KATUS | SEIN | FASSAAD","url":"https:\/\/hutton.ee\/","logo":{"@type":"ImageObject","inLanguage":"en-US","@id":"https:\/\/hutton.ee\/#\/schema\/logo\/image\/","url":"https:\/\/hutton.ee\/wp-content\/uploads\/2020\/07\/hutton-logo_uuendatud-01.png","contentUrl":"https:\/\/hutton.ee\/wp-content\/uploads\/2020\/07\/hutton-logo_uuendatud-01.png","width":1064,"height":455,"caption":"Hutton - KATUS | SEIN | FASSAAD"},"image":{"@id":"https:\/\/hutton.ee\/#\/schema\/logo\/image\/"},"sameAs":["https:\/\/www.facebook.com\/huttoneesti"]}]}},"_links":{"self":[{"href":"https:\/\/hutton.ee\/en\/wp-json\/wp\/v2\/product\/20496","targetHints":{"allow":["GET"]}}],"collection":[{"href":"https:\/\/hutton.ee\/en\/wp-json\/wp\/v2\/product"}],"about":[{"href":"https:\/\/hutton.ee\/en\/wp-json\/wp\/v2\/types\/product"}],"wp:featuredmedia":[{"embeddable":true,"href":"https:\/\/hutton.ee\/en\/wp-json\/wp\/v2\/media\/26622"}],"wp:attachment":[{"href":"https:\/\/hutton.ee\/en\/wp-json\/wp\/v2\/media?parent=20496"}],"wp:term":[{"taxonomy":"product_brand","embeddable":true,"href":"https:\/\/hutton.ee\/en\/wp-json\/wp\/v2\/product_brand?post=20496"},{"taxonomy":"product_cat","embeddable":true,"href":"https:\/\/hutton.ee\/en\/wp-json\/wp\/v2\/product_cat?post=20496"},{"taxonomy":"product_tag","embeddable":true,"href":"https:\/\/hutton.ee\/en\/wp-json\/wp\/v2\/product_tag?post=20496"},{"taxonomy":"filtrisusteem","embeddable":true,"href":"https:\/\/hutton.ee\/en\/wp-json\/wp\/v2\/filtrisusteem?post=20496"},{"taxonomy":"kvaliteediklass","embeddable":true,"href":"https:\/\/hutton.ee\/en\/wp-json\/wp\/v2\/kvaliteediklass?post=20496"}],"curies":[{"name":"wp","href":"https:\/\/api.w.org\/{rel}","templated":true}]}}