{"id":20646,"date":"2023-09-15T10:23:06","date_gmt":"2023-09-15T10:23:06","guid":{"rendered":"https:\/\/hutton.ee\/?post_type=product&#038;p=20646"},"modified":"2026-03-17T08:10:29","modified_gmt":"2026-03-17T08:10:29","slug":"soojustus-ja-soojustamine-tartu-koolitus-16-11-3h","status":"publish","type":"product","link":"https:\/\/hutton.ee\/en\/toode\/soojustus-ja-soojustamine-tartu-koolitus-16-11-3h\/","title":{"rendered":"Soojustus ja soojustamine: Tartu koolitus 16.11 (3h)"},"content":{"rendered":"<p>Soojustus ja soojustamine<\/p>\n<p><strong>Koolitus toimub:<\/strong><\/p>\n<p>16. november 2023<br \/>\nKell 13:00-16:00<\/p>\n<p><strong>Koolituse sisu:<\/strong><\/p>\n<p>1. Miks me hooneid soojustame?<\/p>\n<ul>\n<li>et meil oleks mugav elada<\/li>\n<li>et hoida kokku k\u00fctmisele kuluvaid ressursse (aega, raha)<\/li>\n<li>et m\u00f5ju keskkonnale oleks minimaalne (soojustusmaterjalide kasutamise keskkonnam\u00f5ju)<\/li>\n<\/ul>\n<p>2. Millised on energia kokkuhoiu v\u00f5imalused ehitistes<\/p>\n<ul>\n<li>soojustame ehk isoleerime<\/li>\n<li>ehitame k\u00fclmasillavabalt<\/li>\n<li>likvideerime v\u00f5i minimeerime \u00f5hulekked<\/li>\n<li>ehitame v\u00e4lja v\u00e4hesel m\u00e4\u00e4ral energiat tarbivad tehnos\u00fcsteemid<\/li>\n<\/ul>\n<p>3. Soojustusmaterjalid, soojustus materjalid Eesti turul 2023<\/p>\n<ul>\n<li>soojustusmaterjalide liigitused<\/li>\n<li>naftasaadustel p\u00f5hinevad (pol\u00fcmeersed) soojustusmaterjalid<\/li>\n<li>mineraalsetest maavaradest valmistatud soojustusmaterjalid<\/li>\n<li>looduslikud ja orgaanilised soojustusmaterjalid<\/li>\n<li>k\u00f5rg-tehnoloogilised soojustusmaterjalid<\/li>\n<\/ul>\n<p>4. Soojustuse funktsioonid ja soojustusmaterjalide omadused<\/p>\n<ul>\n<li>soojustus takistab energia \u00fclekandumist \u00fchest ruumist teise<\/li>\n<li>soojustus v\u00f5ib osaleda energia salvestamise\/vabastamise protsessides<\/li>\n<li>soojustus v\u00f5ib osaleda niiskuslevi protsessides<\/li>\n<li>soojustus toimib heli liikumise takistusena<\/li>\n<li>soojustus v\u00f5ib osaleda tarindi tulep\u00fcsivuse tagamisel<\/li>\n<\/ul>\n<p>5. Soojustusmaterjali valiku kriteeriumid<\/p>\n<ul>\n<li>soojustusmaterjali omaduste m\u00f5ju valikuprotsessis<\/li>\n<li>soojustusmaterjali hind\/maksumus\/kulu sh paigalduse, hoolduse, taask\u00e4itlemise komponendid<\/li>\n<li>\u00f6koloogilise jalaj\u00e4lje komponent otsustusprotsessis<\/li>\n<li>soojustusmaterjalide ajas kestvus<\/li>\n<li>soojustusmaterjalide vahetatavus, asendamine &#8211; rekonstrueerimise v\u00f5imalikkus<\/li>\n<\/ul>\n<p>6. Igale tarindile sobiv soojustus<\/p>\n<ul>\n<li>Mis m\u00f5jud ja koormuseid peavad soojustusmaterjalid taluma<\/li>\n<\/ul>\n<p>Vundamendi soojustamine<br \/>\nP\u00f5randa soojustamine<br \/>\nSeina soojustamine<br \/>\nVahelae soojustamine<br \/>\nKatuslae soojustamine<br \/>\nAvat\u00e4idete paigaldusvuukide soojustamine<\/p>\n<p>7. Kokkuv\u00f5te ja arutelud<\/p>\n<p>&nbsp;<\/p>\n<p><strong>Kellele on koolitus soojustus ja soojustamine suunatud:<\/strong><\/p>\n<p>Ehitajatele, projekteerijatele, arhitektidele, ehitusjuhtidele, ehitusej\u00e4relevalve inseneridele ja k\u00f5igile neile, kellele antud teema huvi pakub.<\/p>\n<p><strong>Registreerimine:<\/strong><\/p>\n<p>Valige endale sobiv koolituse aeg ja koht <a href=\"https:\/\/hutton.ee\/koolitused\/\">https:\/\/hutton.ee\/koolitused\/<\/a> ning registreeruge e-poe kaudu. <strong>Kohtade arv on piiratud!<\/strong><\/p>\n<p><strong>Koolituse tasu<\/strong> 50 eur + KM \/osaleja kohta<\/p>\n<p>Osalejatele tunnistused!<\/p>\n<p class=\"moz-signature\">&#8212;<\/p>\n<p>Koolitaja:<br \/>\nMargus Laats<br \/>\n+372 50 11 324<br \/>\nmargus.laats@hutton.ee<\/p>\n","protected":false},"excerpt":{"rendered":"<p>Soojustus ja soojustamine Koolitus toimub: 16. november 2023 Kell 13:00-16:00 Koolituse sisu: 1. Miks me hooneid soojustame? et meil oleks mugav elada et hoida kokku k\u00fctmisele kuluvaid ressursse (aega, raha) et m\u00f5ju keskkonnale oleks minimaalne (soojustusmaterjalide kasutamise keskkonnam\u00f5ju) 2. Millised on energia kokkuhoiu v\u00f5imalused ehitistes soojustame ehk isoleerime ehitame k\u00fclmasillavabalt likvideerime v\u00f5i minimeerime \u00f5hulekked ehitame [&hellip;]<\/p>\n","protected":false},"featured_media":20631,"template":"","meta":{"_gspb_post_css":"","_uf_show_specific_survey":0,"_uf_disable_surveys":false},"product_brand":[],"product_cat":[938],"product_tag":[],"filtrisusteem":[],"kvaliteediklass":[],"class_list":{"0":"post-20646","1":"product","2":"type-product","3":"status-publish","4":"has-post-thumbnail","6":"product_cat-koolitused","8":"first","9":"outofstock","10":"virtual","11":"taxable","12":"purchasable","13":"product-type-simple"},"yoast_head":"<!-- This site is optimized with the Yoast SEO Premium plugin v21.3 (Yoast SEO v27.3) - https:\/\/yoast.com\/product\/yoast-seo-premium-wordpress\/ -->\n<title>Soojustus ja soojustamine: Tartu koolitus 16.11 (3h) - Hutton<\/title>\n<meta name=\"description\" content=\"Margus Laats ehituskoolitus: Soojustus ja soojustamine. Ehitajatele, projekteerijatele, ehitusjuhtidele.. Registreeru kohe!\" \/>\n<meta name=\"robots\" content=\"index, follow, max-snippet:-1, max-image-preview:large, max-video-preview:-1\" \/>\n<link rel=\"canonical\" href=\"https:\/\/hutton.ee\/toode\/soojustus-ja-soojustamine-tartu-koolitus-16-11-3h\/\" \/>\n<meta property=\"og:locale\" content=\"en_US\" \/>\n<meta property=\"og:type\" content=\"article\" \/>\n<meta property=\"og:title\" content=\"Soojustus ja soojustamine: Tartu koolitus 16.11 (3h) - Hutton\" \/>\n<meta property=\"og:description\" content=\"Margus Laats koolitus: Energias\u00e4\u00e4stlik ehitamine. Ehitusf\u00fc\u00fcsika ja materjalitehnoloogiad. Ehitajatele, projekteerijatele, ehitusjuhtidele jt. Registreeri kohe &gt;\" \/>\n<meta property=\"og:url\" content=\"https:\/\/hutton.ee\/toode\/soojustus-ja-soojustamine-tartu-koolitus-16-11-3h\/\" \/>\n<meta property=\"og:site_name\" content=\"Hutton\" \/>\n<meta property=\"article:publisher\" content=\"https:\/\/www.facebook.com\/huttoneesti\" \/>\n<meta property=\"article:modified_time\" content=\"2026-03-17T08:10:29+00:00\" \/>\n<meta property=\"og:image\" content=\"https:\/\/hutton.ee\/wp-content\/uploads\/2023\/09\/Soojustamine-tselluvill-puistevill-TRT.png\" \/>\n\t<meta property=\"og:image:width\" content=\"1080\" \/>\n\t<meta property=\"og:image:height\" content=\"1080\" \/>\n\t<meta property=\"og:image:type\" content=\"image\/png\" \/>\n<meta name=\"twitter:card\" content=\"summary_large_image\" \/>\n<meta name=\"twitter:title\" content=\"Soojustus ja soojustamine: Tartu koolitus 16.11 (3h) - Hutton\" \/>\n<meta name=\"twitter:description\" content=\"Margus Laats koolitus: Energias\u00e4\u00e4stlik ehitamine. Ehitusf\u00fc\u00fcsika ja materjalitehnoloogiad. Ehitajatele, projekteerijatele, ehitusjuhtidele jt. Registreeri kohe &gt;\" \/>\n<meta name=\"twitter:label1\" content=\"Est. reading time\" \/>\n\t<meta name=\"twitter:data1\" content=\"2 minutes\" \/>\n<script type=\"application\/ld+json\" class=\"yoast-schema-graph\">{\"@context\":\"https:\\\/\\\/schema.org\",\"@graph\":[{\"@type\":\"WebPage\",\"@id\":\"https:\\\/\\\/hutton.ee\\\/toode\\\/soojustus-ja-soojustamine-tartu-koolitus-16-11-3h\\\/\",\"url\":\"https:\\\/\\\/hutton.ee\\\/toode\\\/soojustus-ja-soojustamine-tartu-koolitus-16-11-3h\\\/\",\"name\":\"Soojustus ja soojustamine: Tartu koolitus 16.11 (3h) - Hutton\",\"isPartOf\":{\"@id\":\"https:\\\/\\\/hutton.ee\\\/#website\"},\"primaryImageOfPage\":{\"@id\":\"https:\\\/\\\/hutton.ee\\\/toode\\\/soojustus-ja-soojustamine-tartu-koolitus-16-11-3h\\\/#primaryimage\"},\"image\":{\"@id\":\"https:\\\/\\\/hutton.ee\\\/toode\\\/soojustus-ja-soojustamine-tartu-koolitus-16-11-3h\\\/#primaryimage\"},\"thumbnailUrl\":\"https:\\\/\\\/hutton.ee\\\/wp-content\\\/uploads\\\/2023\\\/09\\\/Soojustamine-tselluvill-puistevill-TRT.png\",\"datePublished\":\"2023-09-15T10:23:06+00:00\",\"dateModified\":\"2026-03-17T08:10:29+00:00\",\"description\":\"Margus Laats ehituskoolitus: Soojustus ja soojustamine. Ehitajatele, projekteerijatele, ehitusjuhtidele.. Registreeru kohe!\",\"breadcrumb\":{\"@id\":\"https:\\\/\\\/hutton.ee\\\/toode\\\/soojustus-ja-soojustamine-tartu-koolitus-16-11-3h\\\/#breadcrumb\"},\"inLanguage\":\"en-US\",\"potentialAction\":[{\"@type\":\"ReadAction\",\"target\":[\"https:\\\/\\\/hutton.ee\\\/toode\\\/soojustus-ja-soojustamine-tartu-koolitus-16-11-3h\\\/\"]}]},{\"@type\":\"ImageObject\",\"inLanguage\":\"en-US\",\"@id\":\"https:\\\/\\\/hutton.ee\\\/toode\\\/soojustus-ja-soojustamine-tartu-koolitus-16-11-3h\\\/#primaryimage\",\"url\":\"https:\\\/\\\/hutton.ee\\\/wp-content\\\/uploads\\\/2023\\\/09\\\/Soojustamine-tselluvill-puistevill-TRT.png\",\"contentUrl\":\"https:\\\/\\\/hutton.ee\\\/wp-content\\\/uploads\\\/2023\\\/09\\\/Soojustamine-tselluvill-puistevill-TRT.png\",\"width\":1080,\"height\":1080,\"caption\":\"Soojustamine, soojustusmaterjal, tselluvill, puistevill\"},{\"@type\":\"BreadcrumbList\",\"@id\":\"https:\\\/\\\/hutton.ee\\\/toode\\\/soojustus-ja-soojustamine-tartu-koolitus-16-11-3h\\\/#breadcrumb\",\"itemListElement\":[{\"@type\":\"ListItem\",\"position\":1,\"name\":\"Avaleht\",\"item\":\"https:\\\/\\\/hutton.ee\\\/\"},{\"@type\":\"ListItem\",\"position\":2,\"name\":\"Shop\",\"item\":\"https:\\\/\\\/hutton.ee\\\/en\\\/shop\\\/\"},{\"@type\":\"ListItem\",\"position\":3,\"name\":\"Soojustus ja soojustamine: Tartu koolitus 16.11 (3h)\"}]},{\"@type\":\"WebSite\",\"@id\":\"https:\\\/\\\/hutton.ee\\\/#website\",\"url\":\"https:\\\/\\\/hutton.ee\\\/\",\"name\":\"Hutton\",\"description\":\"Ajas kestvad ehituslahendused\",\"publisher\":{\"@id\":\"https:\\\/\\\/hutton.ee\\\/#organization\"},\"potentialAction\":[{\"@type\":\"SearchAction\",\"target\":{\"@type\":\"EntryPoint\",\"urlTemplate\":\"https:\\\/\\\/hutton.ee\\\/?s={search_term_string}\"},\"query-input\":{\"@type\":\"PropertyValueSpecification\",\"valueRequired\":true,\"valueName\":\"search_term_string\"}}],\"inLanguage\":\"en-US\"},{\"@type\":\"Organization\",\"@id\":\"https:\\\/\\\/hutton.ee\\\/#organization\",\"name\":\"Hutton - KATUS | SEIN | FASSAAD\",\"url\":\"https:\\\/\\\/hutton.ee\\\/\",\"logo\":{\"@type\":\"ImageObject\",\"inLanguage\":\"en-US\",\"@id\":\"https:\\\/\\\/hutton.ee\\\/#\\\/schema\\\/logo\\\/image\\\/\",\"url\":\"https:\\\/\\\/hutton.ee\\\/wp-content\\\/uploads\\\/2020\\\/07\\\/hutton-logo_uuendatud-01.png\",\"contentUrl\":\"https:\\\/\\\/hutton.ee\\\/wp-content\\\/uploads\\\/2020\\\/07\\\/hutton-logo_uuendatud-01.png\",\"width\":1064,\"height\":455,\"caption\":\"Hutton - KATUS | SEIN | FASSAAD\"},\"image\":{\"@id\":\"https:\\\/\\\/hutton.ee\\\/#\\\/schema\\\/logo\\\/image\\\/\"},\"sameAs\":[\"https:\\\/\\\/www.facebook.com\\\/huttoneesti\"]}]}<\/script>\n<!-- \/ Yoast SEO Premium plugin. -->","yoast_head_json":{"title":"Soojustus ja soojustamine: Tartu koolitus 16.11 (3h) - Hutton","description":"Margus Laats ehituskoolitus: Soojustus ja soojustamine. Ehitajatele, projekteerijatele, ehitusjuhtidele.. Registreeru kohe!","robots":{"index":"index","follow":"follow","max-snippet":"max-snippet:-1","max-image-preview":"max-image-preview:large","max-video-preview":"max-video-preview:-1"},"canonical":"https:\/\/hutton.ee\/toode\/soojustus-ja-soojustamine-tartu-koolitus-16-11-3h\/","og_locale":"en_US","og_type":"article","og_title":"Soojustus ja soojustamine: Tartu koolitus 16.11 (3h) - Hutton","og_description":"Margus Laats koolitus: Energias\u00e4\u00e4stlik ehitamine. Ehitusf\u00fc\u00fcsika ja materjalitehnoloogiad. Ehitajatele, projekteerijatele, ehitusjuhtidele jt. Registreeri kohe >","og_url":"https:\/\/hutton.ee\/toode\/soojustus-ja-soojustamine-tartu-koolitus-16-11-3h\/","og_site_name":"Hutton","article_publisher":"https:\/\/www.facebook.com\/huttoneesti","article_modified_time":"2026-03-17T08:10:29+00:00","og_image":[{"width":1080,"height":1080,"url":"https:\/\/hutton.ee\/wp-content\/uploads\/2023\/09\/Soojustamine-tselluvill-puistevill-TRT.png","type":"image\/png"}],"twitter_card":"summary_large_image","twitter_title":"Soojustus ja soojustamine: Tartu koolitus 16.11 (3h) - Hutton","twitter_description":"Margus Laats koolitus: Energias\u00e4\u00e4stlik ehitamine. Ehitusf\u00fc\u00fcsika ja materjalitehnoloogiad. Ehitajatele, projekteerijatele, ehitusjuhtidele jt. Registreeri kohe >","twitter_misc":{"Est. reading time":"2 minutes"},"schema":{"@context":"https:\/\/schema.org","@graph":[{"@type":"WebPage","@id":"https:\/\/hutton.ee\/toode\/soojustus-ja-soojustamine-tartu-koolitus-16-11-3h\/","url":"https:\/\/hutton.ee\/toode\/soojustus-ja-soojustamine-tartu-koolitus-16-11-3h\/","name":"Soojustus ja soojustamine: Tartu koolitus 16.11 (3h) - Hutton","isPartOf":{"@id":"https:\/\/hutton.ee\/#website"},"primaryImageOfPage":{"@id":"https:\/\/hutton.ee\/toode\/soojustus-ja-soojustamine-tartu-koolitus-16-11-3h\/#primaryimage"},"image":{"@id":"https:\/\/hutton.ee\/toode\/soojustus-ja-soojustamine-tartu-koolitus-16-11-3h\/#primaryimage"},"thumbnailUrl":"https:\/\/hutton.ee\/wp-content\/uploads\/2023\/09\/Soojustamine-tselluvill-puistevill-TRT.png","datePublished":"2023-09-15T10:23:06+00:00","dateModified":"2026-03-17T08:10:29+00:00","description":"Margus Laats ehituskoolitus: Soojustus ja soojustamine. Ehitajatele, projekteerijatele, ehitusjuhtidele.. Registreeru kohe!","breadcrumb":{"@id":"https:\/\/hutton.ee\/toode\/soojustus-ja-soojustamine-tartu-koolitus-16-11-3h\/#breadcrumb"},"inLanguage":"en-US","potentialAction":[{"@type":"ReadAction","target":["https:\/\/hutton.ee\/toode\/soojustus-ja-soojustamine-tartu-koolitus-16-11-3h\/"]}]},{"@type":"ImageObject","inLanguage":"en-US","@id":"https:\/\/hutton.ee\/toode\/soojustus-ja-soojustamine-tartu-koolitus-16-11-3h\/#primaryimage","url":"https:\/\/hutton.ee\/wp-content\/uploads\/2023\/09\/Soojustamine-tselluvill-puistevill-TRT.png","contentUrl":"https:\/\/hutton.ee\/wp-content\/uploads\/2023\/09\/Soojustamine-tselluvill-puistevill-TRT.png","width":1080,"height":1080,"caption":"Soojustamine, soojustusmaterjal, tselluvill, puistevill"},{"@type":"BreadcrumbList","@id":"https:\/\/hutton.ee\/toode\/soojustus-ja-soojustamine-tartu-koolitus-16-11-3h\/#breadcrumb","itemListElement":[{"@type":"ListItem","position":1,"name":"Avaleht","item":"https:\/\/hutton.ee\/"},{"@type":"ListItem","position":2,"name":"Shop","item":"https:\/\/hutton.ee\/en\/shop\/"},{"@type":"ListItem","position":3,"name":"Soojustus ja soojustamine: Tartu koolitus 16.11 (3h)"}]},{"@type":"WebSite","@id":"https:\/\/hutton.ee\/#website","url":"https:\/\/hutton.ee\/","name":"Hutton","description":"Ajas kestvad ehituslahendused","publisher":{"@id":"https:\/\/hutton.ee\/#organization"},"potentialAction":[{"@type":"SearchAction","target":{"@type":"EntryPoint","urlTemplate":"https:\/\/hutton.ee\/?s={search_term_string}"},"query-input":{"@type":"PropertyValueSpecification","valueRequired":true,"valueName":"search_term_string"}}],"inLanguage":"en-US"},{"@type":"Organization","@id":"https:\/\/hutton.ee\/#organization","name":"Hutton - KATUS | SEIN | FASSAAD","url":"https:\/\/hutton.ee\/","logo":{"@type":"ImageObject","inLanguage":"en-US","@id":"https:\/\/hutton.ee\/#\/schema\/logo\/image\/","url":"https:\/\/hutton.ee\/wp-content\/uploads\/2020\/07\/hutton-logo_uuendatud-01.png","contentUrl":"https:\/\/hutton.ee\/wp-content\/uploads\/2020\/07\/hutton-logo_uuendatud-01.png","width":1064,"height":455,"caption":"Hutton - KATUS | SEIN | FASSAAD"},"image":{"@id":"https:\/\/hutton.ee\/#\/schema\/logo\/image\/"},"sameAs":["https:\/\/www.facebook.com\/huttoneesti"]}]}},"_links":{"self":[{"href":"https:\/\/hutton.ee\/en\/wp-json\/wp\/v2\/product\/20646","targetHints":{"allow":["GET"]}}],"collection":[{"href":"https:\/\/hutton.ee\/en\/wp-json\/wp\/v2\/product"}],"about":[{"href":"https:\/\/hutton.ee\/en\/wp-json\/wp\/v2\/types\/product"}],"wp:featuredmedia":[{"embeddable":true,"href":"https:\/\/hutton.ee\/en\/wp-json\/wp\/v2\/media\/20631"}],"wp:attachment":[{"href":"https:\/\/hutton.ee\/en\/wp-json\/wp\/v2\/media?parent=20646"}],"wp:term":[{"taxonomy":"product_brand","embeddable":true,"href":"https:\/\/hutton.ee\/en\/wp-json\/wp\/v2\/product_brand?post=20646"},{"taxonomy":"product_cat","embeddable":true,"href":"https:\/\/hutton.ee\/en\/wp-json\/wp\/v2\/product_cat?post=20646"},{"taxonomy":"product_tag","embeddable":true,"href":"https:\/\/hutton.ee\/en\/wp-json\/wp\/v2\/product_tag?post=20646"},{"taxonomy":"filtrisusteem","embeddable":true,"href":"https:\/\/hutton.ee\/en\/wp-json\/wp\/v2\/filtrisusteem?post=20646"},{"taxonomy":"kvaliteediklass","embeddable":true,"href":"https:\/\/hutton.ee\/en\/wp-json\/wp\/v2\/kvaliteediklass?post=20646"}],"curies":[{"name":"wp","href":"https:\/\/api.w.org\/{rel}","templated":true}]}}