{"id":20944,"date":"2024-01-29T07:57:14","date_gmt":"2024-01-29T07:57:14","guid":{"rendered":"https:\/\/hutton.ee\/?post_type=product&#038;p=20944"},"modified":"2026-03-17T08:10:02","modified_gmt":"2026-03-17T08:10:02","slug":"ehitusfuusika-energiasaastlik-ehitamine-johvi-koolitus-15-02-2024-6h","status":"publish","type":"product","link":"https:\/\/hutton.ee\/en\/toode\/ehitusfuusika-energiasaastlik-ehitamine-johvi-koolitus-15-02-2024-6h\/","title":{"rendered":"Ehitusf\u00fc\u00fcsika &#038; energias\u00e4\u00e4stlik ehitamine: J\u00f5hvi koolitus 15.02.2024 (6h)"},"content":{"rendered":"<p>Ehitusf\u00fc\u00fcsika, energias\u00e4\u00e4stlik ehitamine ja materjalitehnoloogiad<\/p>\n<p><strong>Koolitus toimub:<\/strong><\/p>\n<p>15.veebruar 2024<br \/>\nKell 9:00-16:00 (l\u00f5una: 12-13)<br \/>\nRakvere 5, J\u00f5hvi 41531, Ida-Viru maakond &#8211; Hotell Wironia<\/p>\n<p><strong>Koolituse sisu:<\/strong><\/p>\n<p><strong>1. Niiskus<\/strong><br \/>\n&#8211; Vee olekud: traditsiooniline k\u00e4sitlus &amp; projekteerijale vajalik k\u00e4sitlus<br \/>\n&#8211; Niiskusega seotud probleemid, niiskuskahjustused<br \/>\n&#8211; Absoluutne- ja suhteline niiskus<br \/>\n&#8211; Difusioon &amp; konvektsioon<br \/>\n&#8211; M\u00e4rgade ja niiskete ruumide ehitamine<\/p>\n<p><strong>2. Aluskatted<\/strong><br \/>\n&#8211; Aluskatete funktsioonid &amp; toimivus<br \/>\n&#8211; Aluskatete v\u00f5rdlemine<br \/>\n&#8211; Aluskatted Eesti turul<br \/>\n&#8211; Paigaldamine &amp; tihendamine<br \/>\n&#8211; Enamlevinud probleemid paigaldamisel<br \/>\n&#8211; M\u00fc\u00fcdid-linnalegendid<br \/>\n&#8211; Katuse tuulduvusega seotud ehitusf\u00fc\u00fcsika<\/p>\n<p><strong>3. Tuulet\u00f5kked<\/strong><br \/>\n&#8211; Materjalide funktsioonid, tehnilised omadused, v\u00f5rdlemine<br \/>\n&#8211; Tuulet\u00f5kkematerjalid ja tuleohutusn\u00f5uded<br \/>\n&#8211; Tuulet\u00f5kkematerjalide UV kindlus<br \/>\n&#8211; Tuulet\u00f5kked Eestis vs Kesk-Euroopas vs P\u00f5hjamaad<br \/>\n&#8211; Paigaldamine &amp; tihendamine<br \/>\n&#8211; Enamlevinud probleemid paigaldamisel<br \/>\n&#8211; M\u00fc\u00fcdid-linnalegendid<br \/>\n&#8211; Fassaadide tuulduvusega seotud ehitusf\u00fc\u00fcsika<\/p>\n<p><strong>4. Aurut\u00f5kked<\/strong><br \/>\n&#8211; Materjalide funktsioonid &amp; toimivus<br \/>\n&#8211; Materjalide tehnilised omadused &amp; v\u00f5rdlemine<br \/>\n&#8211; Aurut\u00f5kked Eestis vs Kesk-Euroopa vs P\u00f5hjamaad<br \/>\n&#8211; Paigaldamine, \u00fclekatted &amp; tihendamine<br \/>\n&#8211; Enamlevinud probleemid paigaldamisel<br \/>\n&#8211; M\u00fc\u00fcdid-valearvamused<br \/>\n&#8211; Erinevate lahenduste eelised &amp; puudused<\/p>\n<p><strong>5. Ehitus- ja aknateibid<\/strong><br \/>\n&#8211; Teipide funktsioonid &amp; toimivus<br \/>\n&#8211; Teipide liimide valik<br \/>\n&#8211; &#8220;Sertifikaadid&#8221;<br \/>\n&#8211; Valimise kriteeriumid<\/p>\n<p><strong>6. Soojustus<\/strong><br \/>\n&#8211; Materjalide funktsioonid &amp; toimivus<br \/>\n&#8211; Materjalide tehnilised omadused &amp; v\u00f5rdlemine<br \/>\n&#8211; Paigaldamine &amp; tihendamine<br \/>\n&#8211; Enamlevinud probleemid paigaldamisel<br \/>\n&#8211; Materjalide m\u00fc\u00fcdid-linnalegendid<br \/>\n&#8211; Erinevate lahenduste eelised &amp; puudused<\/p>\n<p><strong>Kellele on koolitus ehitusf\u00fc\u00fcsika, energias\u00e4\u00e4stlik ehitamine ja materjalitehnoloogiad suunatud:<\/strong><\/p>\n<p>Ehitajatele, projekteerijatele, arhitektidele, ehitusjuhtidele, ehitusej\u00e4relevalve inseneridele ja k\u00f5igile neile, kellele antud teema huvi pakub.<\/p>\n<p><strong>Registreerimine:<\/strong><\/p>\n<p>Valige endale sobiv koolituse aeg ja koht <a href=\"https:\/\/hutton.ee\/koolitused\/\">https:\/\/hutton.ee\/koolitused\/<\/a> ning registreeruge e-poe kaudu. <strong>Kohtade arv on piiratud!<\/strong><\/p>\n<p><strong>Koolituse tasu<\/strong> 35 eur + KM \/osaleja kohta sisaldab ka kohvipause ja kerget l\u00f5unat.<\/p>\n<p>Osalejatele tunnistused!<\/p>\n<p class=\"moz-signature\">&#8212;<\/p>\n<p>Koolitaja:<br \/>\nMargus Laats<br \/>\n+372 50 11 324<br \/>\nmargus.laats@hutton.ee<\/p>\n","protected":false},"excerpt":{"rendered":"<p>Ehitusf\u00fc\u00fcsika, energias\u00e4\u00e4stlik ehitamine ja materjalitehnoloogiad Koolitus toimub: 15.veebruar 2024 Kell 9:00-16:00 (l\u00f5una: 12-13) Rakvere 5, J\u00f5hvi 41531, Ida-Viru maakond &#8211; Hotell Wironia Koolituse sisu: 1. Niiskus &#8211; Vee olekud: traditsiooniline k\u00e4sitlus &amp; projekteerijale vajalik k\u00e4sitlus &#8211; Niiskusega seotud probleemid, niiskuskahjustused &#8211; Absoluutne- ja suhteline niiskus &#8211; Difusioon &amp; konvektsioon &#8211; M\u00e4rgade ja niiskete ruumide ehitamine [&hellip;]<\/p>\n","protected":false},"featured_media":20952,"template":"","meta":{"_gspb_post_css":"","_uf_show_specific_survey":0,"_uf_disable_surveys":false},"product_brand":[],"product_cat":[938],"product_tag":[],"filtrisusteem":[],"kvaliteediklass":[],"class_list":{"0":"post-20944","1":"product","2":"type-product","3":"status-publish","4":"has-post-thumbnail","6":"product_cat-koolitused","8":"first","9":"outofstock","10":"virtual","11":"taxable","12":"purchasable","13":"product-type-simple"},"yoast_head":"<!-- This site is optimized with the Yoast SEO Premium plugin v21.3 (Yoast SEO v27.3) - https:\/\/yoast.com\/product\/yoast-seo-premium-wordpress\/ -->\n<title>Ehitusf\u00fc\u00fcsika &amp; energias\u00e4\u00e4stlik ehitamine: J\u00f5hvi koolitus 15.02.2024 (6h) - Hutton<\/title>\n<meta name=\"description\" content=\"Koolitus \u201eEhitusf\u00fc\u00fcsika, energias\u00e4\u00e4stlik ehitamine ja materjalitehnoloogiad\u201c k\u00e4sitleb niiskust, aluskatteid, tuulet\u00f5kkeid, aurut\u00f5kkeid ja soojustust.\" \/>\n<meta name=\"robots\" content=\"index, follow, max-snippet:-1, max-image-preview:large, max-video-preview:-1\" \/>\n<link rel=\"canonical\" href=\"https:\/\/hutton.ee\/toode\/ehitusfuusika-energiasaastlik-ehitamine-johvi-koolitus-15-02-2024-6h\/\" \/>\n<meta property=\"og:locale\" content=\"en_US\" \/>\n<meta property=\"og:type\" content=\"article\" \/>\n<meta property=\"og:title\" content=\"Ehitusf\u00fc\u00fcsika &amp; energias\u00e4\u00e4stlik ehitamine: J\u00f5hvi koolitus 15.02.2024 (6h) - Hutton\" \/>\n<meta property=\"og:description\" content=\"Margus Laats koolitus: Energias\u00e4\u00e4stlik ehitamine. Ehitusf\u00fc\u00fcsika ja materjalitehnoloogiad. Ehitajatele, projekteerijatele, ehitusjuhtidele jt. Registreeri kohe &gt;\" \/>\n<meta property=\"og:url\" content=\"https:\/\/hutton.ee\/toode\/ehitusfuusika-energiasaastlik-ehitamine-johvi-koolitus-15-02-2024-6h\/\" \/>\n<meta property=\"og:site_name\" content=\"Hutton\" \/>\n<meta property=\"article:publisher\" content=\"https:\/\/www.facebook.com\/huttoneesti\" \/>\n<meta property=\"article:modified_time\" content=\"2026-03-17T08:10:02+00:00\" \/>\n<meta property=\"og:image\" content=\"https:\/\/hutton.ee\/wp-content\/uploads\/2024\/01\/Nimetu-kujundus-1.png\" \/>\n\t<meta property=\"og:image:width\" content=\"690\" \/>\n\t<meta property=\"og:image:height\" content=\"690\" \/>\n\t<meta property=\"og:image:type\" content=\"image\/png\" \/>\n<meta name=\"twitter:card\" content=\"summary_large_image\" \/>\n<meta name=\"twitter:title\" content=\"Ehitusf\u00fc\u00fcsika &amp; energias\u00e4\u00e4stlik ehitamine: J\u00f5hvi koolitus 15.02.2024 (6h) - Hutton\" \/>\n<meta name=\"twitter:description\" content=\"Margus Laats koolitus: Energias\u00e4\u00e4stlik ehitamine. Ehitusf\u00fc\u00fcsika ja materjalitehnoloogiad. Ehitajatele, projekteerijatele, ehitusjuhtidele jt. Registreeri kohe &gt;\" \/>\n<meta name=\"twitter:label1\" content=\"Est. reading time\" \/>\n\t<meta name=\"twitter:data1\" content=\"2 minutes\" \/>\n<script type=\"application\/ld+json\" class=\"yoast-schema-graph\">{\"@context\":\"https:\\\/\\\/schema.org\",\"@graph\":[{\"@type\":\"WebPage\",\"@id\":\"https:\\\/\\\/hutton.ee\\\/toode\\\/ehitusfuusika-energiasaastlik-ehitamine-johvi-koolitus-15-02-2024-6h\\\/\",\"url\":\"https:\\\/\\\/hutton.ee\\\/toode\\\/ehitusfuusika-energiasaastlik-ehitamine-johvi-koolitus-15-02-2024-6h\\\/\",\"name\":\"Ehitusf\u00fc\u00fcsika & energias\u00e4\u00e4stlik ehitamine: J\u00f5hvi koolitus 15.02.2024 (6h) - Hutton\",\"isPartOf\":{\"@id\":\"https:\\\/\\\/hutton.ee\\\/#website\"},\"primaryImageOfPage\":{\"@id\":\"https:\\\/\\\/hutton.ee\\\/toode\\\/ehitusfuusika-energiasaastlik-ehitamine-johvi-koolitus-15-02-2024-6h\\\/#primaryimage\"},\"image\":{\"@id\":\"https:\\\/\\\/hutton.ee\\\/toode\\\/ehitusfuusika-energiasaastlik-ehitamine-johvi-koolitus-15-02-2024-6h\\\/#primaryimage\"},\"thumbnailUrl\":\"https:\\\/\\\/hutton.ee\\\/wp-content\\\/uploads\\\/2024\\\/01\\\/Nimetu-kujundus-1.png\",\"datePublished\":\"2024-01-29T07:57:14+00:00\",\"dateModified\":\"2026-03-17T08:10:02+00:00\",\"description\":\"Koolitus \u201eEhitusf\u00fc\u00fcsika, energias\u00e4\u00e4stlik ehitamine ja materjalitehnoloogiad\u201c k\u00e4sitleb niiskust, aluskatteid, tuulet\u00f5kkeid, aurut\u00f5kkeid ja soojustust.\",\"breadcrumb\":{\"@id\":\"https:\\\/\\\/hutton.ee\\\/toode\\\/ehitusfuusika-energiasaastlik-ehitamine-johvi-koolitus-15-02-2024-6h\\\/#breadcrumb\"},\"inLanguage\":\"en-US\",\"potentialAction\":[{\"@type\":\"ReadAction\",\"target\":[\"https:\\\/\\\/hutton.ee\\\/toode\\\/ehitusfuusika-energiasaastlik-ehitamine-johvi-koolitus-15-02-2024-6h\\\/\"]}]},{\"@type\":\"ImageObject\",\"inLanguage\":\"en-US\",\"@id\":\"https:\\\/\\\/hutton.ee\\\/toode\\\/ehitusfuusika-energiasaastlik-ehitamine-johvi-koolitus-15-02-2024-6h\\\/#primaryimage\",\"url\":\"https:\\\/\\\/hutton.ee\\\/wp-content\\\/uploads\\\/2024\\\/01\\\/Nimetu-kujundus-1.png\",\"contentUrl\":\"https:\\\/\\\/hutton.ee\\\/wp-content\\\/uploads\\\/2024\\\/01\\\/Nimetu-kujundus-1.png\",\"width\":690,\"height\":690,\"caption\":\"Koolitus - Ehitusfuusika ja materjalitehnoloogia Johvis\"},{\"@type\":\"BreadcrumbList\",\"@id\":\"https:\\\/\\\/hutton.ee\\\/toode\\\/ehitusfuusika-energiasaastlik-ehitamine-johvi-koolitus-15-02-2024-6h\\\/#breadcrumb\",\"itemListElement\":[{\"@type\":\"ListItem\",\"position\":1,\"name\":\"Avaleht\",\"item\":\"https:\\\/\\\/hutton.ee\\\/\"},{\"@type\":\"ListItem\",\"position\":2,\"name\":\"Shop\",\"item\":\"https:\\\/\\\/hutton.ee\\\/en\\\/shop\\\/\"},{\"@type\":\"ListItem\",\"position\":3,\"name\":\"Ehitusf\u00fc\u00fcsika &#038; energias\u00e4\u00e4stlik ehitamine: J\u00f5hvi koolitus 15.02.2024 (6h)\"}]},{\"@type\":\"WebSite\",\"@id\":\"https:\\\/\\\/hutton.ee\\\/#website\",\"url\":\"https:\\\/\\\/hutton.ee\\\/\",\"name\":\"Hutton\",\"description\":\"Ajas kestvad ehituslahendused\",\"publisher\":{\"@id\":\"https:\\\/\\\/hutton.ee\\\/#organization\"},\"potentialAction\":[{\"@type\":\"SearchAction\",\"target\":{\"@type\":\"EntryPoint\",\"urlTemplate\":\"https:\\\/\\\/hutton.ee\\\/?s={search_term_string}\"},\"query-input\":{\"@type\":\"PropertyValueSpecification\",\"valueRequired\":true,\"valueName\":\"search_term_string\"}}],\"inLanguage\":\"en-US\"},{\"@type\":\"Organization\",\"@id\":\"https:\\\/\\\/hutton.ee\\\/#organization\",\"name\":\"Hutton - KATUS | SEIN | FASSAAD\",\"url\":\"https:\\\/\\\/hutton.ee\\\/\",\"logo\":{\"@type\":\"ImageObject\",\"inLanguage\":\"en-US\",\"@id\":\"https:\\\/\\\/hutton.ee\\\/#\\\/schema\\\/logo\\\/image\\\/\",\"url\":\"https:\\\/\\\/hutton.ee\\\/wp-content\\\/uploads\\\/2020\\\/07\\\/hutton-logo_uuendatud-01.png\",\"contentUrl\":\"https:\\\/\\\/hutton.ee\\\/wp-content\\\/uploads\\\/2020\\\/07\\\/hutton-logo_uuendatud-01.png\",\"width\":1064,\"height\":455,\"caption\":\"Hutton - KATUS | SEIN | FASSAAD\"},\"image\":{\"@id\":\"https:\\\/\\\/hutton.ee\\\/#\\\/schema\\\/logo\\\/image\\\/\"},\"sameAs\":[\"https:\\\/\\\/www.facebook.com\\\/huttoneesti\"]}]}<\/script>\n<!-- \/ Yoast SEO Premium plugin. -->","yoast_head_json":{"title":"Ehitusf\u00fc\u00fcsika & energias\u00e4\u00e4stlik ehitamine: J\u00f5hvi koolitus 15.02.2024 (6h) - Hutton","description":"Koolitus \u201eEhitusf\u00fc\u00fcsika, energias\u00e4\u00e4stlik ehitamine ja materjalitehnoloogiad\u201c k\u00e4sitleb niiskust, aluskatteid, tuulet\u00f5kkeid, aurut\u00f5kkeid ja soojustust.","robots":{"index":"index","follow":"follow","max-snippet":"max-snippet:-1","max-image-preview":"max-image-preview:large","max-video-preview":"max-video-preview:-1"},"canonical":"https:\/\/hutton.ee\/toode\/ehitusfuusika-energiasaastlik-ehitamine-johvi-koolitus-15-02-2024-6h\/","og_locale":"en_US","og_type":"article","og_title":"Ehitusf\u00fc\u00fcsika & energias\u00e4\u00e4stlik ehitamine: J\u00f5hvi koolitus 15.02.2024 (6h) - Hutton","og_description":"Margus Laats koolitus: Energias\u00e4\u00e4stlik ehitamine. Ehitusf\u00fc\u00fcsika ja materjalitehnoloogiad. Ehitajatele, projekteerijatele, ehitusjuhtidele jt. Registreeri kohe >","og_url":"https:\/\/hutton.ee\/toode\/ehitusfuusika-energiasaastlik-ehitamine-johvi-koolitus-15-02-2024-6h\/","og_site_name":"Hutton","article_publisher":"https:\/\/www.facebook.com\/huttoneesti","article_modified_time":"2026-03-17T08:10:02+00:00","og_image":[{"width":690,"height":690,"url":"https:\/\/hutton.ee\/wp-content\/uploads\/2024\/01\/Nimetu-kujundus-1.png","type":"image\/png"}],"twitter_card":"summary_large_image","twitter_title":"Ehitusf\u00fc\u00fcsika & energias\u00e4\u00e4stlik ehitamine: J\u00f5hvi koolitus 15.02.2024 (6h) - Hutton","twitter_description":"Margus Laats koolitus: Energias\u00e4\u00e4stlik ehitamine. Ehitusf\u00fc\u00fcsika ja materjalitehnoloogiad. Ehitajatele, projekteerijatele, ehitusjuhtidele jt. Registreeri kohe >","twitter_misc":{"Est. reading time":"2 minutes"},"schema":{"@context":"https:\/\/schema.org","@graph":[{"@type":"WebPage","@id":"https:\/\/hutton.ee\/toode\/ehitusfuusika-energiasaastlik-ehitamine-johvi-koolitus-15-02-2024-6h\/","url":"https:\/\/hutton.ee\/toode\/ehitusfuusika-energiasaastlik-ehitamine-johvi-koolitus-15-02-2024-6h\/","name":"Ehitusf\u00fc\u00fcsika & energias\u00e4\u00e4stlik ehitamine: J\u00f5hvi koolitus 15.02.2024 (6h) - Hutton","isPartOf":{"@id":"https:\/\/hutton.ee\/#website"},"primaryImageOfPage":{"@id":"https:\/\/hutton.ee\/toode\/ehitusfuusika-energiasaastlik-ehitamine-johvi-koolitus-15-02-2024-6h\/#primaryimage"},"image":{"@id":"https:\/\/hutton.ee\/toode\/ehitusfuusika-energiasaastlik-ehitamine-johvi-koolitus-15-02-2024-6h\/#primaryimage"},"thumbnailUrl":"https:\/\/hutton.ee\/wp-content\/uploads\/2024\/01\/Nimetu-kujundus-1.png","datePublished":"2024-01-29T07:57:14+00:00","dateModified":"2026-03-17T08:10:02+00:00","description":"Koolitus \u201eEhitusf\u00fc\u00fcsika, energias\u00e4\u00e4stlik ehitamine ja materjalitehnoloogiad\u201c k\u00e4sitleb niiskust, aluskatteid, tuulet\u00f5kkeid, aurut\u00f5kkeid ja soojustust.","breadcrumb":{"@id":"https:\/\/hutton.ee\/toode\/ehitusfuusika-energiasaastlik-ehitamine-johvi-koolitus-15-02-2024-6h\/#breadcrumb"},"inLanguage":"en-US","potentialAction":[{"@type":"ReadAction","target":["https:\/\/hutton.ee\/toode\/ehitusfuusika-energiasaastlik-ehitamine-johvi-koolitus-15-02-2024-6h\/"]}]},{"@type":"ImageObject","inLanguage":"en-US","@id":"https:\/\/hutton.ee\/toode\/ehitusfuusika-energiasaastlik-ehitamine-johvi-koolitus-15-02-2024-6h\/#primaryimage","url":"https:\/\/hutton.ee\/wp-content\/uploads\/2024\/01\/Nimetu-kujundus-1.png","contentUrl":"https:\/\/hutton.ee\/wp-content\/uploads\/2024\/01\/Nimetu-kujundus-1.png","width":690,"height":690,"caption":"Koolitus - Ehitusfuusika ja materjalitehnoloogia Johvis"},{"@type":"BreadcrumbList","@id":"https:\/\/hutton.ee\/toode\/ehitusfuusika-energiasaastlik-ehitamine-johvi-koolitus-15-02-2024-6h\/#breadcrumb","itemListElement":[{"@type":"ListItem","position":1,"name":"Avaleht","item":"https:\/\/hutton.ee\/"},{"@type":"ListItem","position":2,"name":"Shop","item":"https:\/\/hutton.ee\/en\/shop\/"},{"@type":"ListItem","position":3,"name":"Ehitusf\u00fc\u00fcsika &#038; energias\u00e4\u00e4stlik ehitamine: J\u00f5hvi koolitus 15.02.2024 (6h)"}]},{"@type":"WebSite","@id":"https:\/\/hutton.ee\/#website","url":"https:\/\/hutton.ee\/","name":"Hutton","description":"Ajas kestvad ehituslahendused","publisher":{"@id":"https:\/\/hutton.ee\/#organization"},"potentialAction":[{"@type":"SearchAction","target":{"@type":"EntryPoint","urlTemplate":"https:\/\/hutton.ee\/?s={search_term_string}"},"query-input":{"@type":"PropertyValueSpecification","valueRequired":true,"valueName":"search_term_string"}}],"inLanguage":"en-US"},{"@type":"Organization","@id":"https:\/\/hutton.ee\/#organization","name":"Hutton - KATUS | SEIN | FASSAAD","url":"https:\/\/hutton.ee\/","logo":{"@type":"ImageObject","inLanguage":"en-US","@id":"https:\/\/hutton.ee\/#\/schema\/logo\/image\/","url":"https:\/\/hutton.ee\/wp-content\/uploads\/2020\/07\/hutton-logo_uuendatud-01.png","contentUrl":"https:\/\/hutton.ee\/wp-content\/uploads\/2020\/07\/hutton-logo_uuendatud-01.png","width":1064,"height":455,"caption":"Hutton - KATUS | SEIN | FASSAAD"},"image":{"@id":"https:\/\/hutton.ee\/#\/schema\/logo\/image\/"},"sameAs":["https:\/\/www.facebook.com\/huttoneesti"]}]}},"_links":{"self":[{"href":"https:\/\/hutton.ee\/en\/wp-json\/wp\/v2\/product\/20944","targetHints":{"allow":["GET"]}}],"collection":[{"href":"https:\/\/hutton.ee\/en\/wp-json\/wp\/v2\/product"}],"about":[{"href":"https:\/\/hutton.ee\/en\/wp-json\/wp\/v2\/types\/product"}],"wp:featuredmedia":[{"embeddable":true,"href":"https:\/\/hutton.ee\/en\/wp-json\/wp\/v2\/media\/20952"}],"wp:attachment":[{"href":"https:\/\/hutton.ee\/en\/wp-json\/wp\/v2\/media?parent=20944"}],"wp:term":[{"taxonomy":"product_brand","embeddable":true,"href":"https:\/\/hutton.ee\/en\/wp-json\/wp\/v2\/product_brand?post=20944"},{"taxonomy":"product_cat","embeddable":true,"href":"https:\/\/hutton.ee\/en\/wp-json\/wp\/v2\/product_cat?post=20944"},{"taxonomy":"product_tag","embeddable":true,"href":"https:\/\/hutton.ee\/en\/wp-json\/wp\/v2\/product_tag?post=20944"},{"taxonomy":"filtrisusteem","embeddable":true,"href":"https:\/\/hutton.ee\/en\/wp-json\/wp\/v2\/filtrisusteem?post=20944"},{"taxonomy":"kvaliteediklass","embeddable":true,"href":"https:\/\/hutton.ee\/en\/wp-json\/wp\/v2\/kvaliteediklass?post=20944"}],"curies":[{"name":"wp","href":"https:\/\/api.w.org\/{rel}","templated":true}]}}