{"id":21047,"date":"2024-03-12T09:04:02","date_gmt":"2024-03-12T09:04:02","guid":{"rendered":"https:\/\/hutton.ee\/?post_type=product&#038;p=21047"},"modified":"2026-01-20T08:25:38","modified_gmt":"2026-01-20T08:25:38","slug":"ecofiber-klaasvill","status":"publish","type":"product","link":"https:\/\/hutton.ee\/en\/toode\/ecofiber-klaasvill\/","title":{"rendered":"Klaasvill EcoFiber 11kg"},"content":{"rendered":"<p data-start=\"184\" data-end=\"503\"><strong data-start=\"184\" data-end=\"206\">Klaasvill EcoFiber<\/strong> on valmistatud \u00fcmbert\u00f6\u00f6deldud tehasej\u00e4\u00e4kidest, kasutades kaasaegset villa t\u00fckeldamise ja \u00f5hustamise tehnoloogiat. See keskkonnas\u00f5bralik puistevill on ideaalne lahendus hoonete soojusisolatsiooniks, pakkudes suurep\u00e4rast heliisolatsiooni ja vastates tulep\u00fcsivuse n\u00f5uetele.<\/p>\n<p data-start=\"505\" data-end=\"782\">Kui otsid soodsaimat soojustuslahendust, mis t\u00e4idab k\u00f5ik augud ega j\u00e4ta t\u00fchimikke, on klaasvill EcoFiber \u00f5ige valik! Puistevilla paigaldus on kiire ja t\u00f5hus, sobides ideaalselt p\u00f6\u00f6ningule, vahelaele, renoveeritud majade p\u00f5randatele ning uusehitistele.<\/p>\n<p data-start=\"784\" data-end=\"1227\"><strong data-start=\"784\" data-end=\"819\">Miks valida klaasvill EcoFiber?<\/strong><\/p>\n<ul>\n<li data-start=\"784\" data-end=\"1227\"><strong>Keskkonnas\u00f5bralik<\/strong> \u2013 ainus taask\u00e4ideldud vill, millel on kehtiv toimivusdeklaratsioon (DOP) ja vastavus EN 14064-1:2010 standardile.<\/li>\n<li data-start=\"784\" data-end=\"1227\"><strong>Aja jooksul ei kaota oma omadusi<\/strong> \u2013 soojusjuhtivus, villakiud ja struktuur s\u00e4ilivad.<\/li>\n<li data-start=\"784\" data-end=\"1227\"><strong>T\u00f5hus heliisolatsioon ja vetth\u00fclgavus<\/strong> \u2013 tagab mugava ja energiat\u00f5husa elukeskkonna.<\/li>\n<li data-start=\"784\" data-end=\"1227\"><strong>K\u00f5rge tulep\u00fcsivus<\/strong> \u2013 kuulub Euroklassi A2 (A2-s1, d0).<\/li>\n<\/ul>\n<p><strong>EELISED:<\/strong><\/p>\n<ul>\n<li>Suurep\u00e4rane soojustusmaterjal, m\u00fcrasummutusv\u00f5ime.<\/li>\n<li>Paigaldus on kiire ning soodne.<\/li>\n<li>Puuduvad j\u00e4\u00e4tmed.<\/li>\n<li>K\u00f5rge auru l\u00e4bilaskvus.<\/li>\n<li>Vetth\u00fclgav materjal.<\/li>\n<li>Vastupidav kahjurite suhtes.<\/li>\n<li>K\u00f5rge tulekaitse.<\/li>\n<li>Keskkonnas\u00f5bralik klaasvill t\u00e4nu v\u00e4henenud tootmisj\u00e4\u00e4kidele.<\/li>\n<\/ul>\n<p><strong>KASUTUSALA:<\/strong><\/p>\n<p><img loading=\"lazy\" decoding=\"async\" src=\"https:\/\/hutton.ee\/wp-content\/uploads\/2022\/01\/Puiste-Supafil-loft-045-paigalduslahendus-300x234.jpg\" sizes=\"auto, (max-width: 120px) 100vw, 120px\" srcset=\"https:\/\/hutton.ee\/wp-content\/uploads\/2022\/01\/Puiste-Supafil-loft-045-paigalduslahendus-300x234.jpg 300w, https:\/\/hutton.ee\/wp-content\/uploads\/2022\/01\/Puiste-Supafil-loft-045-paigalduslahendus.jpg 492w\" alt=\"Supafil puistevilla paigaldus lahendus\" width=\"120\" height=\"94\" \/><\/p>\n<ul>\n<li>p\u00f6\u00f6ning<\/li>\n<li>vahelaed<\/li>\n<li>renoveeritud majade p\u00f5randad<\/li>\n<li>uute ehitiste soojusisolatsioon.<\/li>\n<\/ul>\n<p>Hutton pakub lisaks puistevilla m\u00fc\u00fcgile ka <strong><a href=\"https:\/\/hutton.ee\/puistevilla-paigaldamine\/\">puistevilla paigaldust<\/a>.<\/strong> Uuri l\u00e4hemalt Hutton spetsialistidelt \u2013 aitame anal\u00fc\u00fcsida Teie vajadusi ja leiame k\u00f5ige hinnaoptimaalsema ja tehniliselt toimiva parima lahenduse.<\/p>\n<p>Loe lisaks:\u00a0<a href=\"https:\/\/hutton.ee\/kuidas-valida-puistevilla\/\">kuidas valida puistevilla?<\/a><\/p>\n<p><strong>Tegutse targalt, k\u00fcsi n\u00f5u!<\/strong><\/p>\n<p>Hutton<br \/>\nTehniline konsultant<br \/>\nMargus Laats<\/p>\n<p>+372 50 11 324<br \/>\nmargus.laats@hutton.ee<\/p>\n","protected":false},"excerpt":{"rendered":"<p><strong>Klaasvill EcoFiber<\/strong> on valmistatud \u00fcmbert\u00f6\u00f6deldud tehasej\u00e4\u00e4kidest, kaasaegse villa t\u00fckeldamise ja -\u00f5hustamise tehnoloogiaga. See klaasvill EcoFiber on keskkonnas\u00f5bralik ja soodne valik hoonete soojustamiseks.<\/p>\n","protected":false},"featured_media":26756,"template":"","meta":{"_gspb_post_css":"","_uf_show_specific_survey":0,"_uf_disable_surveys":false},"product_brand":[],"product_cat":[986,987,990],"product_tag":[1258,2863],"filtrisusteem":[2470,2372,2468,2450,2454,2370,2449,2453],"kvaliteediklass":[935],"class_list":{"0":"post-21047","1":"product","2":"type-product","3":"status-publish","4":"has-post-thumbnail","6":"product_cat-soojustus","7":"product_cat-puistevill","8":"product_cat-klaasvill","9":"product_tag-ei_pakiautomaat","10":"product_tag-muugihitid_silt","11":"filtrisusteem-2470","12":"filtrisusteem-a2-2","13":"filtrisusteem-erisoojusjuhtivus-lamda","14":"filtrisusteem-klaasvill","15":"filtrisusteem-puistevill","16":"filtrisusteem-tuletundlikkus","17":"filtrisusteem-villa-liik","18":"filtrisusteem-villa-tuup","19":"kvaliteediklass-a2-korgeim-kvaliteet","21":"first","22":"instock","23":"taxable","24":"shipping-taxable","25":"purchasable","26":"product-type-simple"},"yoast_head":"<!-- This site is optimized with the Yoast SEO Premium plugin v21.3 (Yoast SEO v27.3) - https:\/\/yoast.com\/product\/yoast-seo-premium-wordpress\/ -->\n<title>Klaasvill EcoFiber 11kg - Hutton<\/title>\n<meta name=\"description\" content=\"Klaasvill EcoFiber on valmistatud \u00fcmbert\u00f6\u00f6deldud tehasej\u00e4\u00e4kidest kaasaegse tehnoloogiaga. Ainsana \u00fcmbert\u00f6\u00f6deldud klaasvilladest omab toimivusdeklaratsiooni.\" \/>\n<meta name=\"robots\" content=\"index, follow, max-snippet:-1, max-image-preview:large, max-video-preview:-1\" \/>\n<link rel=\"canonical\" href=\"https:\/\/hutton.ee\/toode\/ecofiber-klaasvill\/\" \/>\n<meta property=\"og:locale\" content=\"en_US\" \/>\n<meta property=\"og:type\" content=\"article\" \/>\n<meta property=\"og:title\" content=\"Klaasvill EcoFiber 11kg\" \/>\n<meta property=\"og:description\" content=\"Klaasvill EcoFiber on valmistatud \u00fcmbert\u00f6\u00f6deldud tehasej\u00e4\u00e4kidest kaasaegse tehnoloogiaga. Ainsana \u00fcmbert\u00f6\u00f6deldud klaasvilladest omab toimivusdeklaratsiooni.\" \/>\n<meta property=\"og:url\" content=\"https:\/\/hutton.ee\/toode\/ecofiber-klaasvill\/\" \/>\n<meta property=\"og:site_name\" content=\"Hutton\" \/>\n<meta property=\"article:publisher\" content=\"https:\/\/www.facebook.com\/huttoneesti\" \/>\n<meta property=\"article:modified_time\" content=\"2026-01-20T08:25:38+00:00\" \/>\n<meta property=\"og:image\" content=\"https:\/\/hutton.ee\/wp-content\/uploads\/2024\/03\/Klaasvill-EcoFiber.png\" \/>\n\t<meta property=\"og:image:width\" content=\"500\" \/>\n\t<meta property=\"og:image:height\" content=\"500\" \/>\n\t<meta property=\"og:image:type\" content=\"image\/png\" \/>\n<meta name=\"twitter:card\" content=\"summary_large_image\" \/>\n<meta name=\"twitter:label1\" content=\"Est. reading time\" \/>\n\t<meta name=\"twitter:data1\" content=\"2 minutes\" \/>\n<script type=\"application\/ld+json\" class=\"yoast-schema-graph\">{\"@context\":\"https:\\\/\\\/schema.org\",\"@graph\":[{\"@type\":\"WebPage\",\"@id\":\"https:\\\/\\\/hutton.ee\\\/toode\\\/ecofiber-klaasvill\\\/\",\"url\":\"https:\\\/\\\/hutton.ee\\\/toode\\\/ecofiber-klaasvill\\\/\",\"name\":\"Klaasvill EcoFiber 11kg - Hutton\",\"isPartOf\":{\"@id\":\"https:\\\/\\\/hutton.ee\\\/#website\"},\"primaryImageOfPage\":{\"@id\":\"https:\\\/\\\/hutton.ee\\\/toode\\\/ecofiber-klaasvill\\\/#primaryimage\"},\"image\":{\"@id\":\"https:\\\/\\\/hutton.ee\\\/toode\\\/ecofiber-klaasvill\\\/#primaryimage\"},\"thumbnailUrl\":\"https:\\\/\\\/hutton.ee\\\/wp-content\\\/uploads\\\/2024\\\/03\\\/Klaasvill-EcoFiber.png\",\"datePublished\":\"2024-03-12T09:04:02+00:00\",\"dateModified\":\"2026-01-20T08:25:38+00:00\",\"description\":\"Klaasvill EcoFiber on valmistatud \u00fcmbert\u00f6\u00f6deldud tehasej\u00e4\u00e4kidest kaasaegse tehnoloogiaga. Ainsana \u00fcmbert\u00f6\u00f6deldud klaasvilladest omab toimivusdeklaratsiooni.\",\"breadcrumb\":{\"@id\":\"https:\\\/\\\/hutton.ee\\\/toode\\\/ecofiber-klaasvill\\\/#breadcrumb\"},\"inLanguage\":\"en-US\",\"potentialAction\":[{\"@type\":\"ReadAction\",\"target\":[\"https:\\\/\\\/hutton.ee\\\/toode\\\/ecofiber-klaasvill\\\/\"]}]},{\"@type\":\"ImageObject\",\"inLanguage\":\"en-US\",\"@id\":\"https:\\\/\\\/hutton.ee\\\/toode\\\/ecofiber-klaasvill\\\/#primaryimage\",\"url\":\"https:\\\/\\\/hutton.ee\\\/wp-content\\\/uploads\\\/2024\\\/03\\\/Klaasvill-EcoFiber.png\",\"contentUrl\":\"https:\\\/\\\/hutton.ee\\\/wp-content\\\/uploads\\\/2024\\\/03\\\/Klaasvill-EcoFiber.png\",\"width\":500,\"height\":500,\"caption\":\"Klaasvill EcoFiber\"},{\"@type\":\"BreadcrumbList\",\"@id\":\"https:\\\/\\\/hutton.ee\\\/toode\\\/ecofiber-klaasvill\\\/#breadcrumb\",\"itemListElement\":[{\"@type\":\"ListItem\",\"position\":1,\"name\":\"Avaleht\",\"item\":\"https:\\\/\\\/hutton.ee\\\/\"},{\"@type\":\"ListItem\",\"position\":2,\"name\":\"Shop\",\"item\":\"https:\\\/\\\/hutton.ee\\\/en\\\/shop\\\/\"},{\"@type\":\"ListItem\",\"position\":3,\"name\":\"Klaasvill EcoFiber 11kg\"}]},{\"@type\":\"WebSite\",\"@id\":\"https:\\\/\\\/hutton.ee\\\/#website\",\"url\":\"https:\\\/\\\/hutton.ee\\\/\",\"name\":\"Hutton\",\"description\":\"Ajas kestvad ehituslahendused\",\"publisher\":{\"@id\":\"https:\\\/\\\/hutton.ee\\\/#organization\"},\"potentialAction\":[{\"@type\":\"SearchAction\",\"target\":{\"@type\":\"EntryPoint\",\"urlTemplate\":\"https:\\\/\\\/hutton.ee\\\/?s={search_term_string}\"},\"query-input\":{\"@type\":\"PropertyValueSpecification\",\"valueRequired\":true,\"valueName\":\"search_term_string\"}}],\"inLanguage\":\"en-US\"},{\"@type\":\"Organization\",\"@id\":\"https:\\\/\\\/hutton.ee\\\/#organization\",\"name\":\"Hutton - KATUS | SEIN | FASSAAD\",\"url\":\"https:\\\/\\\/hutton.ee\\\/\",\"logo\":{\"@type\":\"ImageObject\",\"inLanguage\":\"en-US\",\"@id\":\"https:\\\/\\\/hutton.ee\\\/#\\\/schema\\\/logo\\\/image\\\/\",\"url\":\"https:\\\/\\\/hutton.ee\\\/wp-content\\\/uploads\\\/2020\\\/07\\\/hutton-logo_uuendatud-01.png\",\"contentUrl\":\"https:\\\/\\\/hutton.ee\\\/wp-content\\\/uploads\\\/2020\\\/07\\\/hutton-logo_uuendatud-01.png\",\"width\":1064,\"height\":455,\"caption\":\"Hutton - KATUS | SEIN | FASSAAD\"},\"image\":{\"@id\":\"https:\\\/\\\/hutton.ee\\\/#\\\/schema\\\/logo\\\/image\\\/\"},\"sameAs\":[\"https:\\\/\\\/www.facebook.com\\\/huttoneesti\"]}]}<\/script>\n<!-- \/ Yoast SEO Premium plugin. -->","yoast_head_json":{"title":"Klaasvill EcoFiber 11kg - Hutton","description":"Klaasvill EcoFiber on valmistatud \u00fcmbert\u00f6\u00f6deldud tehasej\u00e4\u00e4kidest kaasaegse tehnoloogiaga. Ainsana \u00fcmbert\u00f6\u00f6deldud klaasvilladest omab toimivusdeklaratsiooni.","robots":{"index":"index","follow":"follow","max-snippet":"max-snippet:-1","max-image-preview":"max-image-preview:large","max-video-preview":"max-video-preview:-1"},"canonical":"https:\/\/hutton.ee\/toode\/ecofiber-klaasvill\/","og_locale":"en_US","og_type":"article","og_title":"Klaasvill EcoFiber 11kg","og_description":"Klaasvill EcoFiber on valmistatud \u00fcmbert\u00f6\u00f6deldud tehasej\u00e4\u00e4kidest kaasaegse tehnoloogiaga. Ainsana \u00fcmbert\u00f6\u00f6deldud klaasvilladest omab toimivusdeklaratsiooni.","og_url":"https:\/\/hutton.ee\/toode\/ecofiber-klaasvill\/","og_site_name":"Hutton","article_publisher":"https:\/\/www.facebook.com\/huttoneesti","article_modified_time":"2026-01-20T08:25:38+00:00","og_image":[{"width":500,"height":500,"url":"https:\/\/hutton.ee\/wp-content\/uploads\/2024\/03\/Klaasvill-EcoFiber.png","type":"image\/png"}],"twitter_card":"summary_large_image","twitter_misc":{"Est. reading time":"2 minutes"},"schema":{"@context":"https:\/\/schema.org","@graph":[{"@type":"WebPage","@id":"https:\/\/hutton.ee\/toode\/ecofiber-klaasvill\/","url":"https:\/\/hutton.ee\/toode\/ecofiber-klaasvill\/","name":"Klaasvill EcoFiber 11kg - Hutton","isPartOf":{"@id":"https:\/\/hutton.ee\/#website"},"primaryImageOfPage":{"@id":"https:\/\/hutton.ee\/toode\/ecofiber-klaasvill\/#primaryimage"},"image":{"@id":"https:\/\/hutton.ee\/toode\/ecofiber-klaasvill\/#primaryimage"},"thumbnailUrl":"https:\/\/hutton.ee\/wp-content\/uploads\/2024\/03\/Klaasvill-EcoFiber.png","datePublished":"2024-03-12T09:04:02+00:00","dateModified":"2026-01-20T08:25:38+00:00","description":"Klaasvill EcoFiber on valmistatud \u00fcmbert\u00f6\u00f6deldud tehasej\u00e4\u00e4kidest kaasaegse tehnoloogiaga. Ainsana \u00fcmbert\u00f6\u00f6deldud klaasvilladest omab toimivusdeklaratsiooni.","breadcrumb":{"@id":"https:\/\/hutton.ee\/toode\/ecofiber-klaasvill\/#breadcrumb"},"inLanguage":"en-US","potentialAction":[{"@type":"ReadAction","target":["https:\/\/hutton.ee\/toode\/ecofiber-klaasvill\/"]}]},{"@type":"ImageObject","inLanguage":"en-US","@id":"https:\/\/hutton.ee\/toode\/ecofiber-klaasvill\/#primaryimage","url":"https:\/\/hutton.ee\/wp-content\/uploads\/2024\/03\/Klaasvill-EcoFiber.png","contentUrl":"https:\/\/hutton.ee\/wp-content\/uploads\/2024\/03\/Klaasvill-EcoFiber.png","width":500,"height":500,"caption":"Klaasvill EcoFiber"},{"@type":"BreadcrumbList","@id":"https:\/\/hutton.ee\/toode\/ecofiber-klaasvill\/#breadcrumb","itemListElement":[{"@type":"ListItem","position":1,"name":"Avaleht","item":"https:\/\/hutton.ee\/"},{"@type":"ListItem","position":2,"name":"Shop","item":"https:\/\/hutton.ee\/en\/shop\/"},{"@type":"ListItem","position":3,"name":"Klaasvill EcoFiber 11kg"}]},{"@type":"WebSite","@id":"https:\/\/hutton.ee\/#website","url":"https:\/\/hutton.ee\/","name":"Hutton","description":"Ajas kestvad ehituslahendused","publisher":{"@id":"https:\/\/hutton.ee\/#organization"},"potentialAction":[{"@type":"SearchAction","target":{"@type":"EntryPoint","urlTemplate":"https:\/\/hutton.ee\/?s={search_term_string}"},"query-input":{"@type":"PropertyValueSpecification","valueRequired":true,"valueName":"search_term_string"}}],"inLanguage":"en-US"},{"@type":"Organization","@id":"https:\/\/hutton.ee\/#organization","name":"Hutton - KATUS | SEIN | FASSAAD","url":"https:\/\/hutton.ee\/","logo":{"@type":"ImageObject","inLanguage":"en-US","@id":"https:\/\/hutton.ee\/#\/schema\/logo\/image\/","url":"https:\/\/hutton.ee\/wp-content\/uploads\/2020\/07\/hutton-logo_uuendatud-01.png","contentUrl":"https:\/\/hutton.ee\/wp-content\/uploads\/2020\/07\/hutton-logo_uuendatud-01.png","width":1064,"height":455,"caption":"Hutton - KATUS | SEIN | FASSAAD"},"image":{"@id":"https:\/\/hutton.ee\/#\/schema\/logo\/image\/"},"sameAs":["https:\/\/www.facebook.com\/huttoneesti"]}]}},"_links":{"self":[{"href":"https:\/\/hutton.ee\/en\/wp-json\/wp\/v2\/product\/21047","targetHints":{"allow":["GET"]}}],"collection":[{"href":"https:\/\/hutton.ee\/en\/wp-json\/wp\/v2\/product"}],"about":[{"href":"https:\/\/hutton.ee\/en\/wp-json\/wp\/v2\/types\/product"}],"wp:featuredmedia":[{"embeddable":true,"href":"https:\/\/hutton.ee\/en\/wp-json\/wp\/v2\/media\/26756"}],"wp:attachment":[{"href":"https:\/\/hutton.ee\/en\/wp-json\/wp\/v2\/media?parent=21047"}],"wp:term":[{"taxonomy":"product_brand","embeddable":true,"href":"https:\/\/hutton.ee\/en\/wp-json\/wp\/v2\/product_brand?post=21047"},{"taxonomy":"product_cat","embeddable":true,"href":"https:\/\/hutton.ee\/en\/wp-json\/wp\/v2\/product_cat?post=21047"},{"taxonomy":"product_tag","embeddable":true,"href":"https:\/\/hutton.ee\/en\/wp-json\/wp\/v2\/product_tag?post=21047"},{"taxonomy":"filtrisusteem","embeddable":true,"href":"https:\/\/hutton.ee\/en\/wp-json\/wp\/v2\/filtrisusteem?post=21047"},{"taxonomy":"kvaliteediklass","embeddable":true,"href":"https:\/\/hutton.ee\/en\/wp-json\/wp\/v2\/kvaliteediklass?post=21047"}],"curies":[{"name":"wp","href":"https:\/\/api.w.org\/{rel}","templated":true}]}}