{"id":21191,"date":"2024-03-27T09:36:31","date_gmt":"2024-03-27T09:36:31","guid":{"rendered":"https:\/\/hutton.ee\/?post_type=product&#038;p=21191"},"modified":"2025-07-25T08:29:44","modified_gmt":"2025-07-25T08:29:44","slug":"thermowhite-liim-145kg","status":"publish","type":"product","link":"https:\/\/hutton.ee\/en\/toode\/thermowhite-liim-145kg\/","title":{"rendered":"ThermoWhite liim 14,5kg"},"content":{"rendered":"<p><strong>ThermoWhite liim<\/strong><br \/>\nThermoWhite\u2018i s\u00fcsteem koosneb liimist, taaskasutatud EPS-granulaatidest ja veest. Kasutatav liim on mineraalne materjal, mille leiutas ja patenteeris 20 aastat tagasi ThermoWhite\u2019i asutaja Alois Edler<br \/>\nMaterjali segamise vahekord on 1 kott (14,5 kg) ThermoWhite\u2018i liimi, 1 kott (200 L) EPS graanuleid ja 11 l vett.<br \/>\nThermoWhite\u2018i materjal segatakse kokku segisti-pumba t\u00f6\u00f6tlusseadmega ja juhitakse seej\u00e4rel pinnale vajalikus koguses. Materjal k\u00f5vastub 24-48 h jooksul ja seej\u00e4rel kantakse peale vahtpol\u00fcet\u00fcleenist heli- ning aurut\u00f5ke PE5 \/ 300.<br \/>\nV\u00e4ikeste mahtude korral v\u00f5ib materjali segada proportsionaalselt vannis k\u00e4simikseri abil.<\/p>\n<p>Lisatooted:<\/p>\n<ul>\n<li><strong>ThermoWhite WD 100 R<\/strong><br \/>\nMineraalkomposiidist soojus- ja sammum\u00fcra isolatsioon tavakoormusele tasanduskihi all.<\/li>\n<li><strong>ThermoWhite WD 130 R<\/strong><br \/>\nMineraalkomposiidist soojus- ja sammum\u00fcra isolatsioon suuremale koormusele tasanduskihi all.<\/li>\n<li><strong>ThermoWhite WD 70 R<\/strong><br \/>\nMineraalkomposiidist soojus- ja sammum\u00fcra isolatsioon normaalsele ja suurele koormusele, paremate isolatsiooniomadustega. T\u00e4iendus tootele WD 100 R, milles on uuenduslik vaht-EPS-granulaat.<\/li>\n<li><strong>ThermoWhite Speed Up<\/strong><br \/>\nKuivatuskiirendi k\u00f5ikidele ThermoWhite WD toodetele.<\/li>\n<\/ul>\n<p><a href=\"https:\/\/hutton.ee\/mis-on-thermowhite-ja-miks-on-see-nii-eriline\/\"><br \/>\nLoe lisa ThermoWhite s\u00fcsteemi kohta blogist<br \/>\n<\/a><\/p>\n<p><strong>Vajadusel k\u00fcsi n\u00f5u:<br \/>\n<\/strong><\/p>\n<p><b>Eiko <\/b><a href=\"tel:5094950\">+372 509 4950<\/a> | <a href=\"mailto:regina@hutton.ee\">eiko@hutton.ee<\/a><\/p>\n","protected":false},"excerpt":{"rendered":"<p><span style=\"text-decoration: underline;\"><span style=\"color: #ff0000; font-size: 12pt; text-decoration: underline;\"><strong><a style=\"color: #ff0000; text-decoration: underline;\" href=\"https:\/\/hutton.ee\/minu-konto\/\" target=\"_blank\" rel=\"noopener\">Registreeru p\u00fcsikliendiks<\/a>!<\/strong><\/span><\/span><\/p>\n","protected":false},"featured_media":26737,"template":"","meta":{"_gspb_post_css":"","_uf_show_specific_survey":0,"_uf_disable_surveys":false},"product_brand":[],"product_cat":[1968],"product_tag":[2862],"filtrisusteem":[],"kvaliteediklass":[],"class_list":{"0":"post-21191","1":"product","2":"type-product","3":"status-publish","4":"has-post-thumbnail","6":"product_cat-thermowhite","7":"product_tag-uus_silt","9":"first","10":"instock","11":"taxable","12":"shipping-taxable","13":"purchasable","14":"product-type-simple"},"yoast_head":"<!-- This site is optimized with the Yoast SEO Premium plugin v21.3 (Yoast SEO v27.3) - https:\/\/yoast.com\/product\/yoast-seo-premium-wordpress\/ -->\n<title>ThermoWhite liim 14,5kg - Hutton<\/title>\n<meta name=\"description\" content=\"ThermoWhite\u2018i s\u00fcsteem koosneb liimist, taaskasutatud EPS-granulaatidest ja veest. Kasutatav sideaine on mineraalne materjal, mis omab patenti.\" \/>\n<meta name=\"robots\" content=\"index, follow, max-snippet:-1, max-image-preview:large, max-video-preview:-1\" \/>\n<link rel=\"canonical\" href=\"https:\/\/hutton.ee\/toode\/thermowhite-liim-145kg\/\" \/>\n<meta property=\"og:locale\" content=\"en_US\" \/>\n<meta property=\"og:type\" content=\"article\" \/>\n<meta property=\"og:title\" content=\"ThermoWhite liim 14,5kg\" \/>\n<meta property=\"og:description\" content=\"ThermoWhite\u2018i s\u00fcsteem koosneb liimist, taaskasutatud EPS-granulaatidest ja veest. Kasutatav sideaine on mineraalne materjal, mis omab patenti.\" \/>\n<meta property=\"og:url\" content=\"https:\/\/hutton.ee\/toode\/thermowhite-liim-145kg\/\" \/>\n<meta property=\"og:site_name\" content=\"Hutton\" \/>\n<meta property=\"article:publisher\" content=\"https:\/\/www.facebook.com\/huttoneesti\" \/>\n<meta property=\"article:modified_time\" content=\"2025-07-25T08:29:44+00:00\" \/>\n<meta property=\"og:image\" content=\"https:\/\/hutton.ee\/wp-content\/uploads\/2024\/03\/ThermoWhite-liim.png\" \/>\n\t<meta property=\"og:image:width\" content=\"500\" \/>\n\t<meta property=\"og:image:height\" content=\"500\" \/>\n\t<meta property=\"og:image:type\" content=\"image\/png\" \/>\n<meta name=\"twitter:card\" content=\"summary_large_image\" \/>\n<meta name=\"twitter:label1\" content=\"Est. reading time\" \/>\n\t<meta name=\"twitter:data1\" content=\"2 minutes\" \/>\n<script type=\"application\/ld+json\" class=\"yoast-schema-graph\">{\"@context\":\"https:\\\/\\\/schema.org\",\"@graph\":[{\"@type\":\"WebPage\",\"@id\":\"https:\\\/\\\/hutton.ee\\\/toode\\\/thermowhite-liim-145kg\\\/\",\"url\":\"https:\\\/\\\/hutton.ee\\\/toode\\\/thermowhite-liim-145kg\\\/\",\"name\":\"ThermoWhite liim 14,5kg - Hutton\",\"isPartOf\":{\"@id\":\"https:\\\/\\\/hutton.ee\\\/#website\"},\"primaryImageOfPage\":{\"@id\":\"https:\\\/\\\/hutton.ee\\\/toode\\\/thermowhite-liim-145kg\\\/#primaryimage\"},\"image\":{\"@id\":\"https:\\\/\\\/hutton.ee\\\/toode\\\/thermowhite-liim-145kg\\\/#primaryimage\"},\"thumbnailUrl\":\"https:\\\/\\\/hutton.ee\\\/wp-content\\\/uploads\\\/2024\\\/03\\\/ThermoWhite-liim.png\",\"datePublished\":\"2024-03-27T09:36:31+00:00\",\"dateModified\":\"2025-07-25T08:29:44+00:00\",\"description\":\"ThermoWhite\u2018i s\u00fcsteem koosneb liimist, taaskasutatud EPS-granulaatidest ja veest. Kasutatav sideaine on mineraalne materjal, mis omab patenti.\",\"breadcrumb\":{\"@id\":\"https:\\\/\\\/hutton.ee\\\/toode\\\/thermowhite-liim-145kg\\\/#breadcrumb\"},\"inLanguage\":\"en-US\",\"potentialAction\":[{\"@type\":\"ReadAction\",\"target\":[\"https:\\\/\\\/hutton.ee\\\/toode\\\/thermowhite-liim-145kg\\\/\"]}]},{\"@type\":\"ImageObject\",\"inLanguage\":\"en-US\",\"@id\":\"https:\\\/\\\/hutton.ee\\\/toode\\\/thermowhite-liim-145kg\\\/#primaryimage\",\"url\":\"https:\\\/\\\/hutton.ee\\\/wp-content\\\/uploads\\\/2024\\\/03\\\/ThermoWhite-liim.png\",\"contentUrl\":\"https:\\\/\\\/hutton.ee\\\/wp-content\\\/uploads\\\/2024\\\/03\\\/ThermoWhite-liim.png\",\"width\":500,\"height\":500,\"caption\":\"ThermoWhite liim\"},{\"@type\":\"BreadcrumbList\",\"@id\":\"https:\\\/\\\/hutton.ee\\\/toode\\\/thermowhite-liim-145kg\\\/#breadcrumb\",\"itemListElement\":[{\"@type\":\"ListItem\",\"position\":1,\"name\":\"Avaleht\",\"item\":\"https:\\\/\\\/hutton.ee\\\/\"},{\"@type\":\"ListItem\",\"position\":2,\"name\":\"Shop\",\"item\":\"https:\\\/\\\/hutton.ee\\\/en\\\/shop\\\/\"},{\"@type\":\"ListItem\",\"position\":3,\"name\":\"ThermoWhite liim 14,5kg\"}]},{\"@type\":\"WebSite\",\"@id\":\"https:\\\/\\\/hutton.ee\\\/#website\",\"url\":\"https:\\\/\\\/hutton.ee\\\/\",\"name\":\"Hutton\",\"description\":\"Ajas kestvad ehituslahendused\",\"publisher\":{\"@id\":\"https:\\\/\\\/hutton.ee\\\/#organization\"},\"potentialAction\":[{\"@type\":\"SearchAction\",\"target\":{\"@type\":\"EntryPoint\",\"urlTemplate\":\"https:\\\/\\\/hutton.ee\\\/?s={search_term_string}\"},\"query-input\":{\"@type\":\"PropertyValueSpecification\",\"valueRequired\":true,\"valueName\":\"search_term_string\"}}],\"inLanguage\":\"en-US\"},{\"@type\":\"Organization\",\"@id\":\"https:\\\/\\\/hutton.ee\\\/#organization\",\"name\":\"Hutton - KATUS | SEIN | FASSAAD\",\"url\":\"https:\\\/\\\/hutton.ee\\\/\",\"logo\":{\"@type\":\"ImageObject\",\"inLanguage\":\"en-US\",\"@id\":\"https:\\\/\\\/hutton.ee\\\/#\\\/schema\\\/logo\\\/image\\\/\",\"url\":\"https:\\\/\\\/hutton.ee\\\/wp-content\\\/uploads\\\/2020\\\/07\\\/hutton-logo_uuendatud-01.png\",\"contentUrl\":\"https:\\\/\\\/hutton.ee\\\/wp-content\\\/uploads\\\/2020\\\/07\\\/hutton-logo_uuendatud-01.png\",\"width\":1064,\"height\":455,\"caption\":\"Hutton - KATUS | SEIN | FASSAAD\"},\"image\":{\"@id\":\"https:\\\/\\\/hutton.ee\\\/#\\\/schema\\\/logo\\\/image\\\/\"},\"sameAs\":[\"https:\\\/\\\/www.facebook.com\\\/huttoneesti\"]}]}<\/script>\n<!-- \/ Yoast SEO Premium plugin. -->","yoast_head_json":{"title":"ThermoWhite liim 14,5kg - Hutton","description":"ThermoWhite\u2018i s\u00fcsteem koosneb liimist, taaskasutatud EPS-granulaatidest ja veest. Kasutatav sideaine on mineraalne materjal, mis omab patenti.","robots":{"index":"index","follow":"follow","max-snippet":"max-snippet:-1","max-image-preview":"max-image-preview:large","max-video-preview":"max-video-preview:-1"},"canonical":"https:\/\/hutton.ee\/toode\/thermowhite-liim-145kg\/","og_locale":"en_US","og_type":"article","og_title":"ThermoWhite liim 14,5kg","og_description":"ThermoWhite\u2018i s\u00fcsteem koosneb liimist, taaskasutatud EPS-granulaatidest ja veest. Kasutatav sideaine on mineraalne materjal, mis omab patenti.","og_url":"https:\/\/hutton.ee\/toode\/thermowhite-liim-145kg\/","og_site_name":"Hutton","article_publisher":"https:\/\/www.facebook.com\/huttoneesti","article_modified_time":"2025-07-25T08:29:44+00:00","og_image":[{"width":500,"height":500,"url":"https:\/\/hutton.ee\/wp-content\/uploads\/2024\/03\/ThermoWhite-liim.png","type":"image\/png"}],"twitter_card":"summary_large_image","twitter_misc":{"Est. reading time":"2 minutes"},"schema":{"@context":"https:\/\/schema.org","@graph":[{"@type":"WebPage","@id":"https:\/\/hutton.ee\/toode\/thermowhite-liim-145kg\/","url":"https:\/\/hutton.ee\/toode\/thermowhite-liim-145kg\/","name":"ThermoWhite liim 14,5kg - Hutton","isPartOf":{"@id":"https:\/\/hutton.ee\/#website"},"primaryImageOfPage":{"@id":"https:\/\/hutton.ee\/toode\/thermowhite-liim-145kg\/#primaryimage"},"image":{"@id":"https:\/\/hutton.ee\/toode\/thermowhite-liim-145kg\/#primaryimage"},"thumbnailUrl":"https:\/\/hutton.ee\/wp-content\/uploads\/2024\/03\/ThermoWhite-liim.png","datePublished":"2024-03-27T09:36:31+00:00","dateModified":"2025-07-25T08:29:44+00:00","description":"ThermoWhite\u2018i s\u00fcsteem koosneb liimist, taaskasutatud EPS-granulaatidest ja veest. Kasutatav sideaine on mineraalne materjal, mis omab patenti.","breadcrumb":{"@id":"https:\/\/hutton.ee\/toode\/thermowhite-liim-145kg\/#breadcrumb"},"inLanguage":"en-US","potentialAction":[{"@type":"ReadAction","target":["https:\/\/hutton.ee\/toode\/thermowhite-liim-145kg\/"]}]},{"@type":"ImageObject","inLanguage":"en-US","@id":"https:\/\/hutton.ee\/toode\/thermowhite-liim-145kg\/#primaryimage","url":"https:\/\/hutton.ee\/wp-content\/uploads\/2024\/03\/ThermoWhite-liim.png","contentUrl":"https:\/\/hutton.ee\/wp-content\/uploads\/2024\/03\/ThermoWhite-liim.png","width":500,"height":500,"caption":"ThermoWhite liim"},{"@type":"BreadcrumbList","@id":"https:\/\/hutton.ee\/toode\/thermowhite-liim-145kg\/#breadcrumb","itemListElement":[{"@type":"ListItem","position":1,"name":"Avaleht","item":"https:\/\/hutton.ee\/"},{"@type":"ListItem","position":2,"name":"Shop","item":"https:\/\/hutton.ee\/en\/shop\/"},{"@type":"ListItem","position":3,"name":"ThermoWhite liim 14,5kg"}]},{"@type":"WebSite","@id":"https:\/\/hutton.ee\/#website","url":"https:\/\/hutton.ee\/","name":"Hutton","description":"Ajas kestvad ehituslahendused","publisher":{"@id":"https:\/\/hutton.ee\/#organization"},"potentialAction":[{"@type":"SearchAction","target":{"@type":"EntryPoint","urlTemplate":"https:\/\/hutton.ee\/?s={search_term_string}"},"query-input":{"@type":"PropertyValueSpecification","valueRequired":true,"valueName":"search_term_string"}}],"inLanguage":"en-US"},{"@type":"Organization","@id":"https:\/\/hutton.ee\/#organization","name":"Hutton - KATUS | SEIN | FASSAAD","url":"https:\/\/hutton.ee\/","logo":{"@type":"ImageObject","inLanguage":"en-US","@id":"https:\/\/hutton.ee\/#\/schema\/logo\/image\/","url":"https:\/\/hutton.ee\/wp-content\/uploads\/2020\/07\/hutton-logo_uuendatud-01.png","contentUrl":"https:\/\/hutton.ee\/wp-content\/uploads\/2020\/07\/hutton-logo_uuendatud-01.png","width":1064,"height":455,"caption":"Hutton - KATUS | SEIN | FASSAAD"},"image":{"@id":"https:\/\/hutton.ee\/#\/schema\/logo\/image\/"},"sameAs":["https:\/\/www.facebook.com\/huttoneesti"]}]}},"_links":{"self":[{"href":"https:\/\/hutton.ee\/en\/wp-json\/wp\/v2\/product\/21191","targetHints":{"allow":["GET"]}}],"collection":[{"href":"https:\/\/hutton.ee\/en\/wp-json\/wp\/v2\/product"}],"about":[{"href":"https:\/\/hutton.ee\/en\/wp-json\/wp\/v2\/types\/product"}],"wp:featuredmedia":[{"embeddable":true,"href":"https:\/\/hutton.ee\/en\/wp-json\/wp\/v2\/media\/26737"}],"wp:attachment":[{"href":"https:\/\/hutton.ee\/en\/wp-json\/wp\/v2\/media?parent=21191"}],"wp:term":[{"taxonomy":"product_brand","embeddable":true,"href":"https:\/\/hutton.ee\/en\/wp-json\/wp\/v2\/product_brand?post=21191"},{"taxonomy":"product_cat","embeddable":true,"href":"https:\/\/hutton.ee\/en\/wp-json\/wp\/v2\/product_cat?post=21191"},{"taxonomy":"product_tag","embeddable":true,"href":"https:\/\/hutton.ee\/en\/wp-json\/wp\/v2\/product_tag?post=21191"},{"taxonomy":"filtrisusteem","embeddable":true,"href":"https:\/\/hutton.ee\/en\/wp-json\/wp\/v2\/filtrisusteem?post=21191"},{"taxonomy":"kvaliteediklass","embeddable":true,"href":"https:\/\/hutton.ee\/en\/wp-json\/wp\/v2\/kvaliteediklass?post=21191"}],"curies":[{"name":"wp","href":"https:\/\/api.w.org\/{rel}","templated":true}]}}