{"id":21280,"date":"2024-04-17T12:40:24","date_gmt":"2024-04-17T12:40:24","guid":{"rendered":"https:\/\/hutton.ee\/?post_type=product&#038;p=21280"},"modified":"2025-12-12T09:26:22","modified_gmt":"2025-12-12T09:26:22","slug":"harjatihend-geo-vent-bu-300-5-alu-tumehall","status":"publish","type":"product","link":"https:\/\/hutton.ee\/en\/toode\/harjatihend-geo-vent-bu-300-5-alu-tumehall\/","title":{"rendered":"Harjatihend geo-vent BU 300\/5 ALU, tumehall"},"content":{"rendered":"<p>Katuse harjatihend geo-vent 300mm\/5m tumehall.<\/p>\n<p>Tagab suurep\u00e4raselt katusekatte ja katuse aluskatte tuulustusvahe ning tiheduse. Sobilik erinevatele katusekatetele- n\u00e4iteks kivi-, plekk-, eterniit katustele. Harjatihend on valmistatud v\u00e4ga heade difusiooniomadustega kangast, mis v\u00f5imaldab \u00f5huvoolu katusekatte all. Valmistatud alumiiniumist ja vastupidavast pol\u00fcprop\u00fcleenist. Lindi alumistele servadele on kantud iseliimuvad but\u00fc\u00fclliimi ribad. Lint on UV-kindel.<\/p>\n","protected":false},"excerpt":{"rendered":"<p>&nbsp;<\/p>\n<p><em><strong>NB!<\/strong> Valides maksmisel k\u00e4ttesaamise viisiks &#8220;Tulen ise j\u00e4rgi&#8221; on v\u00f5imalus ise j\u00e4rgi tulla ainult Tartus T\u00e4he 110.<\/em><\/p>\n","protected":false},"featured_media":26816,"template":"","meta":{"_gspb_post_css":"","_uf_show_specific_survey":0,"_uf_disable_surveys":false},"product_brand":[],"product_cat":[1116,1263],"product_tag":[2895],"filtrisusteem":[],"kvaliteediklass":[],"class_list":{"0":"post-21280","1":"product","2":"type-product","3":"status-publish","4":"has-post-thumbnail","6":"product_cat-katusetarvikud","7":"product_cat-harjapiirkonna-tarvikud","8":"product_tag-4tk","10":"first","11":"instock","12":"taxable","13":"shipping-taxable","14":"purchasable","15":"product-type-simple"},"yoast_head":"<!-- This site is optimized with the Yoast SEO Premium plugin v21.3 (Yoast SEO v27.3) - https:\/\/yoast.com\/product\/yoast-seo-premium-wordpress\/ -->\n<title>Harjatihend geo-vent BU 300\/5 ALU, tumehall - Hutton<\/title>\n<meta name=\"description\" content=\"Katuse harjatihend Geo-Vent 300mm\/5m tumehall tagab katuse tuulduvuse ja tiheduse. Sobib kivi-, plekk- ja eterniitkatustele, UV-kindel ja iseliimuv.\" \/>\n<meta name=\"robots\" content=\"index, follow, max-snippet:-1, max-image-preview:large, max-video-preview:-1\" \/>\n<link rel=\"canonical\" href=\"https:\/\/hutton.ee\/toode\/harjatihend-geo-vent-bu-300-5-alu-tumehall\/\" \/>\n<meta property=\"og:locale\" content=\"en_US\" \/>\n<meta property=\"og:type\" content=\"article\" \/>\n<meta property=\"og:title\" content=\"Harjatihend geo-vent BU 300\/5 ALU, tumehall - Hutton\" \/>\n<meta property=\"og:description\" content=\"Harjatihend BR-vent 300mm\/5m, must. Tagab suurep\u00e4raselt katusekatte ja katuse aluskatte tuulustusvahe ning tiheduse. Lint on UV-kindel. Vaata l\u00e4hemalt e-poest..\" \/>\n<meta property=\"og:url\" content=\"https:\/\/hutton.ee\/toode\/harjatihend-geo-vent-bu-300-5-alu-tumehall\/\" \/>\n<meta property=\"og:site_name\" content=\"Hutton\" \/>\n<meta property=\"article:publisher\" content=\"https:\/\/www.facebook.com\/huttoneesti\" \/>\n<meta property=\"article:modified_time\" content=\"2025-12-12T09:26:22+00:00\" \/>\n<meta property=\"og:image\" content=\"https:\/\/hutton.ee\/wp-content\/uploads\/2022\/06\/Harjatihend-geo-vent-BU.png\" \/>\n\t<meta property=\"og:image:width\" content=\"500\" \/>\n\t<meta property=\"og:image:height\" content=\"500\" \/>\n\t<meta property=\"og:image:type\" content=\"image\/png\" \/>\n<meta name=\"twitter:card\" content=\"summary_large_image\" \/>\n<meta name=\"twitter:title\" content=\"Harjatihend geo-vent BU 300\/5 ALU, tumehall - Hutton\" \/>\n<meta name=\"twitter:description\" content=\"Harjatihend BR-vent 300mm\/5m, must. Tagab suurep\u00e4raselt katusekatte ja katuse aluskatte tuulustusvahe ning tiheduse. Lint on UV-kindel. Vaata l\u00e4hemalt e-poest..\" \/>\n<meta name=\"twitter:label1\" content=\"Est. reading time\" \/>\n\t<meta name=\"twitter:data1\" content=\"1 minute\" \/>\n<script type=\"application\/ld+json\" class=\"yoast-schema-graph\">{\"@context\":\"https:\\\/\\\/schema.org\",\"@graph\":[{\"@type\":\"WebPage\",\"@id\":\"https:\\\/\\\/hutton.ee\\\/toode\\\/harjatihend-geo-vent-bu-300-5-alu-tumehall\\\/\",\"url\":\"https:\\\/\\\/hutton.ee\\\/toode\\\/harjatihend-geo-vent-bu-300-5-alu-tumehall\\\/\",\"name\":\"Harjatihend geo-vent BU 300\\\/5 ALU, tumehall - Hutton\",\"isPartOf\":{\"@id\":\"https:\\\/\\\/hutton.ee\\\/#website\"},\"primaryImageOfPage\":{\"@id\":\"https:\\\/\\\/hutton.ee\\\/toode\\\/harjatihend-geo-vent-bu-300-5-alu-tumehall\\\/#primaryimage\"},\"image\":{\"@id\":\"https:\\\/\\\/hutton.ee\\\/toode\\\/harjatihend-geo-vent-bu-300-5-alu-tumehall\\\/#primaryimage\"},\"thumbnailUrl\":\"https:\\\/\\\/hutton.ee\\\/wp-content\\\/uploads\\\/2022\\\/06\\\/Harjatihend-geo-vent-BU.png\",\"datePublished\":\"2024-04-17T12:40:24+00:00\",\"dateModified\":\"2025-12-12T09:26:22+00:00\",\"description\":\"Katuse harjatihend Geo-Vent 300mm\\\/5m tumehall tagab katuse tuulduvuse ja tiheduse. Sobib kivi-, plekk- ja eterniitkatustele, UV-kindel ja iseliimuv.\",\"breadcrumb\":{\"@id\":\"https:\\\/\\\/hutton.ee\\\/toode\\\/harjatihend-geo-vent-bu-300-5-alu-tumehall\\\/#breadcrumb\"},\"inLanguage\":\"en-US\",\"potentialAction\":[{\"@type\":\"ReadAction\",\"target\":[\"https:\\\/\\\/hutton.ee\\\/toode\\\/harjatihend-geo-vent-bu-300-5-alu-tumehall\\\/\"]}]},{\"@type\":\"ImageObject\",\"inLanguage\":\"en-US\",\"@id\":\"https:\\\/\\\/hutton.ee\\\/toode\\\/harjatihend-geo-vent-bu-300-5-alu-tumehall\\\/#primaryimage\",\"url\":\"https:\\\/\\\/hutton.ee\\\/wp-content\\\/uploads\\\/2022\\\/06\\\/Harjatihend-geo-vent-BU.png\",\"contentUrl\":\"https:\\\/\\\/hutton.ee\\\/wp-content\\\/uploads\\\/2022\\\/06\\\/Harjatihend-geo-vent-BU.png\",\"width\":500,\"height\":500,\"caption\":\"Harjatihend BR-vent 300mm\\\/5m must\"},{\"@type\":\"BreadcrumbList\",\"@id\":\"https:\\\/\\\/hutton.ee\\\/toode\\\/harjatihend-geo-vent-bu-300-5-alu-tumehall\\\/#breadcrumb\",\"itemListElement\":[{\"@type\":\"ListItem\",\"position\":1,\"name\":\"Avaleht\",\"item\":\"https:\\\/\\\/hutton.ee\\\/\"},{\"@type\":\"ListItem\",\"position\":2,\"name\":\"Shop\",\"item\":\"https:\\\/\\\/hutton.ee\\\/en\\\/shop\\\/\"},{\"@type\":\"ListItem\",\"position\":3,\"name\":\"Harjatihend geo-vent BU 300\\\/5 ALU, tumehall\"}]},{\"@type\":\"WebSite\",\"@id\":\"https:\\\/\\\/hutton.ee\\\/#website\",\"url\":\"https:\\\/\\\/hutton.ee\\\/\",\"name\":\"Hutton\",\"description\":\"Ajas kestvad ehituslahendused\",\"publisher\":{\"@id\":\"https:\\\/\\\/hutton.ee\\\/#organization\"},\"potentialAction\":[{\"@type\":\"SearchAction\",\"target\":{\"@type\":\"EntryPoint\",\"urlTemplate\":\"https:\\\/\\\/hutton.ee\\\/?s={search_term_string}\"},\"query-input\":{\"@type\":\"PropertyValueSpecification\",\"valueRequired\":true,\"valueName\":\"search_term_string\"}}],\"inLanguage\":\"en-US\"},{\"@type\":\"Organization\",\"@id\":\"https:\\\/\\\/hutton.ee\\\/#organization\",\"name\":\"Hutton - KATUS | SEIN | FASSAAD\",\"url\":\"https:\\\/\\\/hutton.ee\\\/\",\"logo\":{\"@type\":\"ImageObject\",\"inLanguage\":\"en-US\",\"@id\":\"https:\\\/\\\/hutton.ee\\\/#\\\/schema\\\/logo\\\/image\\\/\",\"url\":\"https:\\\/\\\/hutton.ee\\\/wp-content\\\/uploads\\\/2020\\\/07\\\/hutton-logo_uuendatud-01.png\",\"contentUrl\":\"https:\\\/\\\/hutton.ee\\\/wp-content\\\/uploads\\\/2020\\\/07\\\/hutton-logo_uuendatud-01.png\",\"width\":1064,\"height\":455,\"caption\":\"Hutton - KATUS | SEIN | FASSAAD\"},\"image\":{\"@id\":\"https:\\\/\\\/hutton.ee\\\/#\\\/schema\\\/logo\\\/image\\\/\"},\"sameAs\":[\"https:\\\/\\\/www.facebook.com\\\/huttoneesti\"]}]}<\/script>\n<!-- \/ Yoast SEO Premium plugin. -->","yoast_head_json":{"title":"Harjatihend geo-vent BU 300\/5 ALU, tumehall - Hutton","description":"Katuse harjatihend Geo-Vent 300mm\/5m tumehall tagab katuse tuulduvuse ja tiheduse. Sobib kivi-, plekk- ja eterniitkatustele, UV-kindel ja iseliimuv.","robots":{"index":"index","follow":"follow","max-snippet":"max-snippet:-1","max-image-preview":"max-image-preview:large","max-video-preview":"max-video-preview:-1"},"canonical":"https:\/\/hutton.ee\/toode\/harjatihend-geo-vent-bu-300-5-alu-tumehall\/","og_locale":"en_US","og_type":"article","og_title":"Harjatihend geo-vent BU 300\/5 ALU, tumehall - Hutton","og_description":"Harjatihend BR-vent 300mm\/5m, must. Tagab suurep\u00e4raselt katusekatte ja katuse aluskatte tuulustusvahe ning tiheduse. Lint on UV-kindel. Vaata l\u00e4hemalt e-poest..","og_url":"https:\/\/hutton.ee\/toode\/harjatihend-geo-vent-bu-300-5-alu-tumehall\/","og_site_name":"Hutton","article_publisher":"https:\/\/www.facebook.com\/huttoneesti","article_modified_time":"2025-12-12T09:26:22+00:00","og_image":[{"width":500,"height":500,"url":"https:\/\/hutton.ee\/wp-content\/uploads\/2022\/06\/Harjatihend-geo-vent-BU.png","type":"image\/png"}],"twitter_card":"summary_large_image","twitter_title":"Harjatihend geo-vent BU 300\/5 ALU, tumehall - Hutton","twitter_description":"Harjatihend BR-vent 300mm\/5m, must. Tagab suurep\u00e4raselt katusekatte ja katuse aluskatte tuulustusvahe ning tiheduse. Lint on UV-kindel. Vaata l\u00e4hemalt e-poest..","twitter_misc":{"Est. reading time":"1 minute"},"schema":{"@context":"https:\/\/schema.org","@graph":[{"@type":"WebPage","@id":"https:\/\/hutton.ee\/toode\/harjatihend-geo-vent-bu-300-5-alu-tumehall\/","url":"https:\/\/hutton.ee\/toode\/harjatihend-geo-vent-bu-300-5-alu-tumehall\/","name":"Harjatihend geo-vent BU 300\/5 ALU, tumehall - Hutton","isPartOf":{"@id":"https:\/\/hutton.ee\/#website"},"primaryImageOfPage":{"@id":"https:\/\/hutton.ee\/toode\/harjatihend-geo-vent-bu-300-5-alu-tumehall\/#primaryimage"},"image":{"@id":"https:\/\/hutton.ee\/toode\/harjatihend-geo-vent-bu-300-5-alu-tumehall\/#primaryimage"},"thumbnailUrl":"https:\/\/hutton.ee\/wp-content\/uploads\/2022\/06\/Harjatihend-geo-vent-BU.png","datePublished":"2024-04-17T12:40:24+00:00","dateModified":"2025-12-12T09:26:22+00:00","description":"Katuse harjatihend Geo-Vent 300mm\/5m tumehall tagab katuse tuulduvuse ja tiheduse. Sobib kivi-, plekk- ja eterniitkatustele, UV-kindel ja iseliimuv.","breadcrumb":{"@id":"https:\/\/hutton.ee\/toode\/harjatihend-geo-vent-bu-300-5-alu-tumehall\/#breadcrumb"},"inLanguage":"en-US","potentialAction":[{"@type":"ReadAction","target":["https:\/\/hutton.ee\/toode\/harjatihend-geo-vent-bu-300-5-alu-tumehall\/"]}]},{"@type":"ImageObject","inLanguage":"en-US","@id":"https:\/\/hutton.ee\/toode\/harjatihend-geo-vent-bu-300-5-alu-tumehall\/#primaryimage","url":"https:\/\/hutton.ee\/wp-content\/uploads\/2022\/06\/Harjatihend-geo-vent-BU.png","contentUrl":"https:\/\/hutton.ee\/wp-content\/uploads\/2022\/06\/Harjatihend-geo-vent-BU.png","width":500,"height":500,"caption":"Harjatihend BR-vent 300mm\/5m must"},{"@type":"BreadcrumbList","@id":"https:\/\/hutton.ee\/toode\/harjatihend-geo-vent-bu-300-5-alu-tumehall\/#breadcrumb","itemListElement":[{"@type":"ListItem","position":1,"name":"Avaleht","item":"https:\/\/hutton.ee\/"},{"@type":"ListItem","position":2,"name":"Shop","item":"https:\/\/hutton.ee\/en\/shop\/"},{"@type":"ListItem","position":3,"name":"Harjatihend geo-vent BU 300\/5 ALU, tumehall"}]},{"@type":"WebSite","@id":"https:\/\/hutton.ee\/#website","url":"https:\/\/hutton.ee\/","name":"Hutton","description":"Ajas kestvad ehituslahendused","publisher":{"@id":"https:\/\/hutton.ee\/#organization"},"potentialAction":[{"@type":"SearchAction","target":{"@type":"EntryPoint","urlTemplate":"https:\/\/hutton.ee\/?s={search_term_string}"},"query-input":{"@type":"PropertyValueSpecification","valueRequired":true,"valueName":"search_term_string"}}],"inLanguage":"en-US"},{"@type":"Organization","@id":"https:\/\/hutton.ee\/#organization","name":"Hutton - KATUS | SEIN | FASSAAD","url":"https:\/\/hutton.ee\/","logo":{"@type":"ImageObject","inLanguage":"en-US","@id":"https:\/\/hutton.ee\/#\/schema\/logo\/image\/","url":"https:\/\/hutton.ee\/wp-content\/uploads\/2020\/07\/hutton-logo_uuendatud-01.png","contentUrl":"https:\/\/hutton.ee\/wp-content\/uploads\/2020\/07\/hutton-logo_uuendatud-01.png","width":1064,"height":455,"caption":"Hutton - KATUS | SEIN | FASSAAD"},"image":{"@id":"https:\/\/hutton.ee\/#\/schema\/logo\/image\/"},"sameAs":["https:\/\/www.facebook.com\/huttoneesti"]}]}},"_links":{"self":[{"href":"https:\/\/hutton.ee\/en\/wp-json\/wp\/v2\/product\/21280","targetHints":{"allow":["GET"]}}],"collection":[{"href":"https:\/\/hutton.ee\/en\/wp-json\/wp\/v2\/product"}],"about":[{"href":"https:\/\/hutton.ee\/en\/wp-json\/wp\/v2\/types\/product"}],"wp:featuredmedia":[{"embeddable":true,"href":"https:\/\/hutton.ee\/en\/wp-json\/wp\/v2\/media\/26816"}],"wp:attachment":[{"href":"https:\/\/hutton.ee\/en\/wp-json\/wp\/v2\/media?parent=21280"}],"wp:term":[{"taxonomy":"product_brand","embeddable":true,"href":"https:\/\/hutton.ee\/en\/wp-json\/wp\/v2\/product_brand?post=21280"},{"taxonomy":"product_cat","embeddable":true,"href":"https:\/\/hutton.ee\/en\/wp-json\/wp\/v2\/product_cat?post=21280"},{"taxonomy":"product_tag","embeddable":true,"href":"https:\/\/hutton.ee\/en\/wp-json\/wp\/v2\/product_tag?post=21280"},{"taxonomy":"filtrisusteem","embeddable":true,"href":"https:\/\/hutton.ee\/en\/wp-json\/wp\/v2\/filtrisusteem?post=21280"},{"taxonomy":"kvaliteediklass","embeddable":true,"href":"https:\/\/hutton.ee\/en\/wp-json\/wp\/v2\/kvaliteediklass?post=21280"}],"curies":[{"name":"wp","href":"https:\/\/api.w.org\/{rel}","templated":true}]}}