{"id":21284,"date":"2024-04-17T12:59:40","date_gmt":"2024-04-17T12:59:40","guid":{"rendered":"https:\/\/hutton.ee\/?post_type=product&#038;p=21284"},"modified":"2025-12-12T11:26:33","modified_gmt":"2025-12-12T11:26:33","slug":"linnupeletushari-v-335cm-h110","status":"publish","type":"product","link":"https:\/\/hutton.ee\/en\/toode\/linnupeletushari-v-335cm-h110\/","title":{"rendered":"Linnupeletushari V 33,5cm, H110"},"content":{"rendered":"<p>Linnupeletushari V 33,5cm \/ linnut\u00f5ke \/ linnuoga on 33,5 cm pikk ja on valmistatud kvaliteetsest roostevabast terasest 11cm pikkuste varrastega \/ ogadega, mis on kinnitatud j\u00e4iga l\u00e4bipaistva pol\u00fckarbonaatlindi k\u00fclge. P\u00fcstiste varraste \/ ogadega linnupeletushari ei lase lindudel maanduda. Katuse kaitsmiseks piisab katuseservale paigaldatud linnupeletusharjast. Paigadades ogad r\u00e4\u00e4sta alla, hoiab \u00e4ra ka p\u00e4\u00e4sukeste pesitsemist.<\/p>\n<p>Kasutusalad: katused, korstnad, r\u00e4\u00e4stad, r\u00f5dud, aknalauad, uksepealsed, verandad.<\/p>\n<p>Paigaldamine on kiire ja lihtne &#8211; ogariba kinnitatakse kruvidega hoone konstruktsioonide k\u00fclge.<\/p>\n","protected":false},"excerpt":{"rendered":"<p>&nbsp;<\/p>\n<p><em><strong>NB!<\/strong> Valides maksmisel k\u00e4ttesaamise viisiks &#8220;Tulen ise j\u00e4rgi&#8221; on v\u00f5imalus ise j\u00e4rgi tulla ainult Tartus T\u00e4he 110.<\/em><\/p>\n","protected":false},"featured_media":26828,"template":"","meta":{"_gspb_post_css":"","_uf_show_specific_survey":0,"_uf_disable_surveys":false},"product_brand":[],"product_cat":[1116,1294],"product_tag":[2906],"filtrisusteem":[],"kvaliteediklass":[],"class_list":{"0":"post-21284","1":"product","2":"type-product","3":"status-publish","4":"has-post-thumbnail","6":"product_cat-katusetarvikud","7":"product_cat-veel-tooteid","8":"product_tag-1tk","10":"first","11":"instock","12":"taxable","13":"shipping-taxable","14":"purchasable","15":"product-type-simple"},"yoast_head":"<!-- This site is optimized with the Yoast SEO Premium plugin v21.3 (Yoast SEO v27.3) - https:\/\/yoast.com\/product\/yoast-seo-premium-wordpress\/ -->\n<title>Linnupeletushari V 33,5cm, H110 - Hutton<\/title>\n<meta name=\"description\" content=\"Linnupeletushari V 33,5 cm on roostevabast terasest linnut\u00f5ke katuste, r\u00e4\u00e4staste ja korstnate kaitseks. Takistab lindude maandumist ja pesitsemist.\" \/>\n<meta name=\"robots\" content=\"index, follow, max-snippet:-1, max-image-preview:large, max-video-preview:-1\" \/>\n<link rel=\"canonical\" href=\"https:\/\/hutton.ee\/toode\/linnupeletushari-v-335cm-h110\/\" \/>\n<meta property=\"og:locale\" content=\"en_US\" \/>\n<meta property=\"og:type\" content=\"article\" \/>\n<meta property=\"og:title\" content=\"Linnupeletushari V 33,5cm, H110 - Hutton\" \/>\n<meta property=\"og:description\" content=\"Linnupeletushari on 50cm pikk ja on valmistatud kvaliteetsest roostevabast terasest 10cm pikkuste n\u00f5elakujuliste varrastega l\u00e4bipaistva pol\u00fckarbonaatlindi k\u00fclge\" \/>\n<meta property=\"og:url\" content=\"https:\/\/hutton.ee\/toode\/linnupeletushari-v-335cm-h110\/\" \/>\n<meta property=\"og:site_name\" content=\"Hutton\" \/>\n<meta property=\"article:publisher\" content=\"https:\/\/www.facebook.com\/huttoneesti\" \/>\n<meta property=\"article:modified_time\" content=\"2025-12-12T11:26:33+00:00\" \/>\n<meta property=\"og:image\" content=\"https:\/\/hutton.ee\/wp-content\/uploads\/2022\/06\/Linnupeletushari-V.png\" \/>\n\t<meta property=\"og:image:width\" content=\"500\" \/>\n\t<meta property=\"og:image:height\" content=\"500\" \/>\n\t<meta property=\"og:image:type\" content=\"image\/png\" \/>\n<meta name=\"twitter:card\" content=\"summary_large_image\" \/>\n<meta name=\"twitter:title\" content=\"Linnupeletushari V 33,5cm, H110 - Hutton\" \/>\n<meta name=\"twitter:description\" content=\"Linnupeletushari on 50cm pikk ja on valmistatud kvaliteetsest roostevabast terasest 10cm pikkuste n\u00f5elakujuliste varrastega l\u00e4bipaistva pol\u00fckarbonaatlindi k\u00fclge\" \/>\n<meta name=\"twitter:label1\" content=\"Est. reading time\" \/>\n\t<meta name=\"twitter:data1\" content=\"1 minute\" \/>\n<script type=\"application\/ld+json\" class=\"yoast-schema-graph\">{\"@context\":\"https:\\\/\\\/schema.org\",\"@graph\":[{\"@type\":\"WebPage\",\"@id\":\"https:\\\/\\\/hutton.ee\\\/toode\\\/linnupeletushari-v-335cm-h110\\\/\",\"url\":\"https:\\\/\\\/hutton.ee\\\/toode\\\/linnupeletushari-v-335cm-h110\\\/\",\"name\":\"Linnupeletushari V 33,5cm, H110 - Hutton\",\"isPartOf\":{\"@id\":\"https:\\\/\\\/hutton.ee\\\/#website\"},\"primaryImageOfPage\":{\"@id\":\"https:\\\/\\\/hutton.ee\\\/toode\\\/linnupeletushari-v-335cm-h110\\\/#primaryimage\"},\"image\":{\"@id\":\"https:\\\/\\\/hutton.ee\\\/toode\\\/linnupeletushari-v-335cm-h110\\\/#primaryimage\"},\"thumbnailUrl\":\"https:\\\/\\\/hutton.ee\\\/wp-content\\\/uploads\\\/2022\\\/06\\\/Linnupeletushari-V.png\",\"datePublished\":\"2024-04-17T12:59:40+00:00\",\"dateModified\":\"2025-12-12T11:26:33+00:00\",\"description\":\"Linnupeletushari V 33,5 cm on roostevabast terasest linnut\u00f5ke katuste, r\u00e4\u00e4staste ja korstnate kaitseks. Takistab lindude maandumist ja pesitsemist.\",\"breadcrumb\":{\"@id\":\"https:\\\/\\\/hutton.ee\\\/toode\\\/linnupeletushari-v-335cm-h110\\\/#breadcrumb\"},\"inLanguage\":\"en-US\",\"potentialAction\":[{\"@type\":\"ReadAction\",\"target\":[\"https:\\\/\\\/hutton.ee\\\/toode\\\/linnupeletushari-v-335cm-h110\\\/\"]}]},{\"@type\":\"ImageObject\",\"inLanguage\":\"en-US\",\"@id\":\"https:\\\/\\\/hutton.ee\\\/toode\\\/linnupeletushari-v-335cm-h110\\\/#primaryimage\",\"url\":\"https:\\\/\\\/hutton.ee\\\/wp-content\\\/uploads\\\/2022\\\/06\\\/Linnupeletushari-V.png\",\"contentUrl\":\"https:\\\/\\\/hutton.ee\\\/wp-content\\\/uploads\\\/2022\\\/06\\\/Linnupeletushari-V.png\",\"width\":500,\"height\":500,\"caption\":\"Linnupeletushari V\"},{\"@type\":\"BreadcrumbList\",\"@id\":\"https:\\\/\\\/hutton.ee\\\/toode\\\/linnupeletushari-v-335cm-h110\\\/#breadcrumb\",\"itemListElement\":[{\"@type\":\"ListItem\",\"position\":1,\"name\":\"Avaleht\",\"item\":\"https:\\\/\\\/hutton.ee\\\/\"},{\"@type\":\"ListItem\",\"position\":2,\"name\":\"Shop\",\"item\":\"https:\\\/\\\/hutton.ee\\\/en\\\/shop\\\/\"},{\"@type\":\"ListItem\",\"position\":3,\"name\":\"Linnupeletushari V 33,5cm, H110\"}]},{\"@type\":\"WebSite\",\"@id\":\"https:\\\/\\\/hutton.ee\\\/#website\",\"url\":\"https:\\\/\\\/hutton.ee\\\/\",\"name\":\"Hutton\",\"description\":\"Ajas kestvad ehituslahendused\",\"publisher\":{\"@id\":\"https:\\\/\\\/hutton.ee\\\/#organization\"},\"potentialAction\":[{\"@type\":\"SearchAction\",\"target\":{\"@type\":\"EntryPoint\",\"urlTemplate\":\"https:\\\/\\\/hutton.ee\\\/?s={search_term_string}\"},\"query-input\":{\"@type\":\"PropertyValueSpecification\",\"valueRequired\":true,\"valueName\":\"search_term_string\"}}],\"inLanguage\":\"en-US\"},{\"@type\":\"Organization\",\"@id\":\"https:\\\/\\\/hutton.ee\\\/#organization\",\"name\":\"Hutton - KATUS | SEIN | FASSAAD\",\"url\":\"https:\\\/\\\/hutton.ee\\\/\",\"logo\":{\"@type\":\"ImageObject\",\"inLanguage\":\"en-US\",\"@id\":\"https:\\\/\\\/hutton.ee\\\/#\\\/schema\\\/logo\\\/image\\\/\",\"url\":\"https:\\\/\\\/hutton.ee\\\/wp-content\\\/uploads\\\/2020\\\/07\\\/hutton-logo_uuendatud-01.png\",\"contentUrl\":\"https:\\\/\\\/hutton.ee\\\/wp-content\\\/uploads\\\/2020\\\/07\\\/hutton-logo_uuendatud-01.png\",\"width\":1064,\"height\":455,\"caption\":\"Hutton - KATUS | SEIN | FASSAAD\"},\"image\":{\"@id\":\"https:\\\/\\\/hutton.ee\\\/#\\\/schema\\\/logo\\\/image\\\/\"},\"sameAs\":[\"https:\\\/\\\/www.facebook.com\\\/huttoneesti\"]}]}<\/script>\n<!-- \/ Yoast SEO Premium plugin. -->","yoast_head_json":{"title":"Linnupeletushari V 33,5cm, H110 - Hutton","description":"Linnupeletushari V 33,5 cm on roostevabast terasest linnut\u00f5ke katuste, r\u00e4\u00e4staste ja korstnate kaitseks. Takistab lindude maandumist ja pesitsemist.","robots":{"index":"index","follow":"follow","max-snippet":"max-snippet:-1","max-image-preview":"max-image-preview:large","max-video-preview":"max-video-preview:-1"},"canonical":"https:\/\/hutton.ee\/toode\/linnupeletushari-v-335cm-h110\/","og_locale":"en_US","og_type":"article","og_title":"Linnupeletushari V 33,5cm, H110 - Hutton","og_description":"Linnupeletushari on 50cm pikk ja on valmistatud kvaliteetsest roostevabast terasest 10cm pikkuste n\u00f5elakujuliste varrastega l\u00e4bipaistva pol\u00fckarbonaatlindi k\u00fclge","og_url":"https:\/\/hutton.ee\/toode\/linnupeletushari-v-335cm-h110\/","og_site_name":"Hutton","article_publisher":"https:\/\/www.facebook.com\/huttoneesti","article_modified_time":"2025-12-12T11:26:33+00:00","og_image":[{"width":500,"height":500,"url":"https:\/\/hutton.ee\/wp-content\/uploads\/2022\/06\/Linnupeletushari-V.png","type":"image\/png"}],"twitter_card":"summary_large_image","twitter_title":"Linnupeletushari V 33,5cm, H110 - Hutton","twitter_description":"Linnupeletushari on 50cm pikk ja on valmistatud kvaliteetsest roostevabast terasest 10cm pikkuste n\u00f5elakujuliste varrastega l\u00e4bipaistva pol\u00fckarbonaatlindi k\u00fclge","twitter_misc":{"Est. reading time":"1 minute"},"schema":{"@context":"https:\/\/schema.org","@graph":[{"@type":"WebPage","@id":"https:\/\/hutton.ee\/toode\/linnupeletushari-v-335cm-h110\/","url":"https:\/\/hutton.ee\/toode\/linnupeletushari-v-335cm-h110\/","name":"Linnupeletushari V 33,5cm, H110 - Hutton","isPartOf":{"@id":"https:\/\/hutton.ee\/#website"},"primaryImageOfPage":{"@id":"https:\/\/hutton.ee\/toode\/linnupeletushari-v-335cm-h110\/#primaryimage"},"image":{"@id":"https:\/\/hutton.ee\/toode\/linnupeletushari-v-335cm-h110\/#primaryimage"},"thumbnailUrl":"https:\/\/hutton.ee\/wp-content\/uploads\/2022\/06\/Linnupeletushari-V.png","datePublished":"2024-04-17T12:59:40+00:00","dateModified":"2025-12-12T11:26:33+00:00","description":"Linnupeletushari V 33,5 cm on roostevabast terasest linnut\u00f5ke katuste, r\u00e4\u00e4staste ja korstnate kaitseks. Takistab lindude maandumist ja pesitsemist.","breadcrumb":{"@id":"https:\/\/hutton.ee\/toode\/linnupeletushari-v-335cm-h110\/#breadcrumb"},"inLanguage":"en-US","potentialAction":[{"@type":"ReadAction","target":["https:\/\/hutton.ee\/toode\/linnupeletushari-v-335cm-h110\/"]}]},{"@type":"ImageObject","inLanguage":"en-US","@id":"https:\/\/hutton.ee\/toode\/linnupeletushari-v-335cm-h110\/#primaryimage","url":"https:\/\/hutton.ee\/wp-content\/uploads\/2022\/06\/Linnupeletushari-V.png","contentUrl":"https:\/\/hutton.ee\/wp-content\/uploads\/2022\/06\/Linnupeletushari-V.png","width":500,"height":500,"caption":"Linnupeletushari V"},{"@type":"BreadcrumbList","@id":"https:\/\/hutton.ee\/toode\/linnupeletushari-v-335cm-h110\/#breadcrumb","itemListElement":[{"@type":"ListItem","position":1,"name":"Avaleht","item":"https:\/\/hutton.ee\/"},{"@type":"ListItem","position":2,"name":"Shop","item":"https:\/\/hutton.ee\/en\/shop\/"},{"@type":"ListItem","position":3,"name":"Linnupeletushari V 33,5cm, H110"}]},{"@type":"WebSite","@id":"https:\/\/hutton.ee\/#website","url":"https:\/\/hutton.ee\/","name":"Hutton","description":"Ajas kestvad ehituslahendused","publisher":{"@id":"https:\/\/hutton.ee\/#organization"},"potentialAction":[{"@type":"SearchAction","target":{"@type":"EntryPoint","urlTemplate":"https:\/\/hutton.ee\/?s={search_term_string}"},"query-input":{"@type":"PropertyValueSpecification","valueRequired":true,"valueName":"search_term_string"}}],"inLanguage":"en-US"},{"@type":"Organization","@id":"https:\/\/hutton.ee\/#organization","name":"Hutton - KATUS | SEIN | FASSAAD","url":"https:\/\/hutton.ee\/","logo":{"@type":"ImageObject","inLanguage":"en-US","@id":"https:\/\/hutton.ee\/#\/schema\/logo\/image\/","url":"https:\/\/hutton.ee\/wp-content\/uploads\/2020\/07\/hutton-logo_uuendatud-01.png","contentUrl":"https:\/\/hutton.ee\/wp-content\/uploads\/2020\/07\/hutton-logo_uuendatud-01.png","width":1064,"height":455,"caption":"Hutton - KATUS | SEIN | FASSAAD"},"image":{"@id":"https:\/\/hutton.ee\/#\/schema\/logo\/image\/"},"sameAs":["https:\/\/www.facebook.com\/huttoneesti"]}]}},"_links":{"self":[{"href":"https:\/\/hutton.ee\/en\/wp-json\/wp\/v2\/product\/21284","targetHints":{"allow":["GET"]}}],"collection":[{"href":"https:\/\/hutton.ee\/en\/wp-json\/wp\/v2\/product"}],"about":[{"href":"https:\/\/hutton.ee\/en\/wp-json\/wp\/v2\/types\/product"}],"wp:featuredmedia":[{"embeddable":true,"href":"https:\/\/hutton.ee\/en\/wp-json\/wp\/v2\/media\/26828"}],"wp:attachment":[{"href":"https:\/\/hutton.ee\/en\/wp-json\/wp\/v2\/media?parent=21284"}],"wp:term":[{"taxonomy":"product_brand","embeddable":true,"href":"https:\/\/hutton.ee\/en\/wp-json\/wp\/v2\/product_brand?post=21284"},{"taxonomy":"product_cat","embeddable":true,"href":"https:\/\/hutton.ee\/en\/wp-json\/wp\/v2\/product_cat?post=21284"},{"taxonomy":"product_tag","embeddable":true,"href":"https:\/\/hutton.ee\/en\/wp-json\/wp\/v2\/product_tag?post=21284"},{"taxonomy":"filtrisusteem","embeddable":true,"href":"https:\/\/hutton.ee\/en\/wp-json\/wp\/v2\/filtrisusteem?post=21284"},{"taxonomy":"kvaliteediklass","embeddable":true,"href":"https:\/\/hutton.ee\/en\/wp-json\/wp\/v2\/kvaliteediklass?post=21284"}],"curies":[{"name":"wp","href":"https:\/\/api.w.org\/{rel}","templated":true}]}}