{"id":21290,"date":"2024-04-17T13:41:13","date_gmt":"2024-04-17T13:41:13","guid":{"rendered":"https:\/\/hutton.ee\/?post_type=product&#038;p=21290"},"modified":"2025-07-24T07:06:48","modified_gmt":"2025-07-24T07:06:48","slug":"aluskate-tuuletoke-rewasi-220-sk2-75m%c2%b2","status":"publish","type":"product","link":"https:\/\/hutton.ee\/en\/toode\/aluskate-tuuletoke-rewasi-220-sk2-75m%c2%b2\/","title":{"rendered":"Aluskate\/Tuulet\u00f5ke Rewasi 220 SK2 75m\u00b2"},"content":{"rendered":"<p>Aluskate\/Tuulet\u00f5ke Rewasi 220 SK2 75m\u00b2 on hea hingav aluskate \/ tuulet\u00f5ke. Lisaks on antud toode 2 teibiga aluskate ja koosneb kahest vetth\u00fclgavast pol\u00fcprop\u00fcleeni kihist.<\/p>\n<p><strong>Kasutuskohad: <\/strong><\/p>\n<ul>\n<li>katuse aluskate, mida on sobilik kasutada nii k\u00fclma p\u00f6\u00f6ninguga katusetarindites kui ka paigaldatuna vastu soojustust<\/li>\n<li>fassaadi tuulet\u00f5kkena<\/li>\n<li>koos igat liiki kattematerjalidega sh kivi-, plekk-, bituumen- ja tsementlaineplaat, jne<\/li>\n<li>lubatud kasutada ka ilmastikukindluse tagamisel ajutise kattena 2 kuud.<\/li>\n<li>lubatud paigaldada ka j\u00e4igale alusele<\/li>\n<\/ul>\n<p><strong>Selle toote erilised v\u00e4\u00e4rtused:<\/strong><\/p>\n<ul>\n<li>v\u00e4ga hea temperatuuritaluvus kuni 100\u00b0C<\/li>\n<li>tugev ja rebenemiskindel<\/li>\n<li>UV kindlus 3 kuud<\/li>\n<\/ul>\n<p><strong>P\u00f5hiomadused:<\/strong><\/p>\n<ul>\n<li>k\u00f5rgdifuusne membraan, avatud veeauru l\u00e4bivusele<\/li>\n<li>kahe teibi\/liimiribaga<\/li>\n<li>veetihe, vettpidav<\/li>\n<li>tuuletihe, ilmastikukindel<\/li>\n<li>hea UV kindlusega<\/li>\n<li>v\u00e4rvus tumehall, kiri tootel helehall<\/li>\n<\/ul>\n<p><strong>Tooteversioonid:<\/strong><\/p>\n<ul>\n<li>k\u00e4esolev aluskate\/tuulet\u00f5ke Rewasi 220 SK2 75m\u00b2 on kahe teibi\/liimiribaga, SK2 t\u00e4hisega, laius 1,5m, pikkus 50jm, rulli pindala 75m2.<\/li>\n<\/ul>\n<p><strong>Loe lisaks:<\/strong><\/p>\n<p><a href=\"https:\/\/hutton.ee\/katuse-aluskate\/\">Mis on katuse aluskate?<\/a><br \/>\n<a href=\"https:\/\/hutton.ee\/sobiva-aluskatte-valimine\/\">Sobiva katuse aluskatte valimine<\/a><br \/>\n<a href=\"https:\/\/hutton.ee\/katuse-aluskatte-ajas-kestvus\/\">Katuse aluskatte ajas kestvus<\/a><\/p>\n<p><strong>Vajadusel k\u00fcsi n\u00f5u:<br \/>\n<\/strong><\/p>\n<p><strong>Regina<\/strong> <a href=\"tel:5076742\">+372 507 6742<\/a> | <a href=\"mailto:regina@hutton.ee\">regina@hutton.ee<\/a><br \/>\n<strong>Neeme<\/strong> <a href=\"tel:5098168\">+372 509 8168<\/a> | <a href=\"mailto:neeme@hutton.ee\">neeme@hutton.ee<\/a><\/p>\n","protected":false},"excerpt":{"rendered":"<p><span style=\"text-decoration: underline;\"><span style=\"color: #ff0000; font-size: 12pt; text-decoration: underline;\"><strong><a style=\"color: #ff0000; text-decoration: underline;\" href=\"https:\/\/hutton.ee\/minu-konto\/\" target=\"_blank\" rel=\"noopener\">Registreeru p\u00fcsikliendiks<\/a>!<\/strong><\/span><\/span><\/p>\n<p>M\u00fc\u00fcme ka m\u00b2 p\u00f5hiselt!<\/p>\n<p><strong>Kui soovid v\u00e4iksemat kogust kui 1 rull, siis saada oma tellimus soovitud kogusega <\/strong><a style=\"color: #3771c1;\" href=\"mailto:tellimus@hutton.ee\">tellimus@hutton.ee<\/a><\/p>\n","protected":false},"featured_media":26529,"template":"","meta":{"_gspb_post_css":"","_uf_show_specific_survey":0,"_uf_disable_surveys":false},"product_brand":[],"product_cat":[941,947],"product_tag":[2892,1258,2863],"filtrisusteem":[2356,2334,2376,2380,2324,2326,2338,2365,2335,2368,2370,2351,2378],"kvaliteediklass":[],"class_list":{"0":"post-21290","1":"product","2":"type-product","3":"status-publish","4":"has-post-thumbnail","6":"product_cat-aluskatted","7":"product_cat-aluskatted-hingavad","8":"product_tag-3tk_block","9":"product_tag-ei_pakiautomaat","10":"product_tag-muugihitid_silt","11":"filtrisusteem-12-nadalat","12":"filtrisusteem-220gm","13":"filtrisusteem-e","14":"filtrisusteem-hall","15":"filtrisusteem-hingav-aluskate","16":"filtrisusteem-kaal-gm","17":"filtrisusteem-kuni100c","18":"filtrisusteem-rebenemistugevus-klass","19":"filtrisusteem-temperatuuritaluvus","20":"filtrisusteem-tugev-160-249n","21":"filtrisusteem-tuletundlikkus","22":"filtrisusteem-uv-kindlus","23":"filtrisusteem-varvus","25":"first","26":"outofstock","27":"taxable","28":"shipping-taxable","29":"purchasable","30":"product-type-simple"},"yoast_head":"<!-- This site is optimized with the Yoast SEO Premium plugin v21.3 (Yoast SEO v27.3) - https:\/\/yoast.com\/product\/yoast-seo-premium-wordpress\/ -->\n<title>Aluskate\/Tuulet\u00f5ke Rewasi 220 SK2 75m\u00b2 - Hutton<\/title>\n<meta name=\"description\" content=\"Katuse aluskate\/tuulet\u00f5ke Rewasi 220 SK2 75m\u00b2 kahe teibiga aluskate - kasutamiseks katuse aluskattena kui ka fassaadi tuulet\u00f5kkena. Tugev ja rebenemiskindel\" \/>\n<meta name=\"robots\" content=\"index, follow, max-snippet:-1, max-image-preview:large, max-video-preview:-1\" \/>\n<link rel=\"canonical\" href=\"https:\/\/hutton.ee\/toode\/aluskate-tuuletoke-rewasi-220-sk2-75m\u00b2\/\" \/>\n<meta property=\"og:locale\" content=\"en_US\" \/>\n<meta property=\"og:type\" content=\"article\" \/>\n<meta property=\"og:title\" content=\"Aluskate\/Tuulet\u00f5ke Rewasi 220 SK2 75m\u00b2 - Hutton\" \/>\n<meta property=\"og:description\" content=\"Rewasi 150g, 75m\u00b2 kahe teibi\/liimiribaga - kasutamiseks katuse aluskattena kui ka fassaadi tuulet\u00f5kkena. UV kindlus 3 kuud. Tugev ja rebenemiskindel. Osta kohe!\" \/>\n<meta property=\"og:url\" content=\"https:\/\/hutton.ee\/toode\/aluskate-tuuletoke-rewasi-220-sk2-75m\u00b2\/\" \/>\n<meta property=\"og:site_name\" content=\"Hutton\" \/>\n<meta property=\"article:publisher\" content=\"https:\/\/www.facebook.com\/huttoneesti\" \/>\n<meta property=\"article:modified_time\" content=\"2025-07-24T07:06:48+00:00\" \/>\n<meta property=\"og:image\" content=\"https:\/\/hutton.ee\/wp-content\/uploads\/2022\/10\/Aluskate-Rewasi.png\" \/>\n\t<meta property=\"og:image:width\" content=\"500\" \/>\n\t<meta property=\"og:image:height\" content=\"500\" \/>\n\t<meta property=\"og:image:type\" content=\"image\/png\" \/>\n<meta name=\"twitter:card\" content=\"summary_large_image\" \/>\n<meta name=\"twitter:title\" content=\"Aluskate\/Tuulet\u00f5ke Rewasi 220 SK2 75m\u00b2 - Hutton\" \/>\n<meta name=\"twitter:description\" content=\"Rewasi 150g, 75m\u00b2 kahe teibi\/liimiribaga - kasutamiseks katuse aluskattena kui ka fassaadi tuulet\u00f5kkena. UV kindlus 3 kuud. Tugev ja rebenemiskindel. Osta kohe!\" \/>\n<meta name=\"twitter:label1\" content=\"Est. reading time\" \/>\n\t<meta name=\"twitter:data1\" content=\"2 minutes\" \/>\n<script type=\"application\/ld+json\" class=\"yoast-schema-graph\">{\"@context\":\"https:\\\/\\\/schema.org\",\"@graph\":[{\"@type\":\"WebPage\",\"@id\":\"https:\\\/\\\/hutton.ee\\\/toode\\\/aluskate-tuuletoke-rewasi-220-sk2-75m%c2%b2\\\/\",\"url\":\"https:\\\/\\\/hutton.ee\\\/toode\\\/aluskate-tuuletoke-rewasi-220-sk2-75m%c2%b2\\\/\",\"name\":\"Aluskate\\\/Tuulet\u00f5ke Rewasi 220 SK2 75m\u00b2 - Hutton\",\"isPartOf\":{\"@id\":\"https:\\\/\\\/hutton.ee\\\/#website\"},\"primaryImageOfPage\":{\"@id\":\"https:\\\/\\\/hutton.ee\\\/toode\\\/aluskate-tuuletoke-rewasi-220-sk2-75m%c2%b2\\\/#primaryimage\"},\"image\":{\"@id\":\"https:\\\/\\\/hutton.ee\\\/toode\\\/aluskate-tuuletoke-rewasi-220-sk2-75m%c2%b2\\\/#primaryimage\"},\"thumbnailUrl\":\"https:\\\/\\\/hutton.ee\\\/wp-content\\\/uploads\\\/2022\\\/10\\\/Aluskate-Rewasi.png\",\"datePublished\":\"2024-04-17T13:41:13+00:00\",\"dateModified\":\"2025-07-24T07:06:48+00:00\",\"description\":\"Katuse aluskate\\\/tuulet\u00f5ke Rewasi 220 SK2 75m\u00b2 kahe teibiga aluskate - kasutamiseks katuse aluskattena kui ka fassaadi tuulet\u00f5kkena. Tugev ja rebenemiskindel\",\"breadcrumb\":{\"@id\":\"https:\\\/\\\/hutton.ee\\\/toode\\\/aluskate-tuuletoke-rewasi-220-sk2-75m%c2%b2\\\/#breadcrumb\"},\"inLanguage\":\"en-US\",\"potentialAction\":[{\"@type\":\"ReadAction\",\"target\":[\"https:\\\/\\\/hutton.ee\\\/toode\\\/aluskate-tuuletoke-rewasi-220-sk2-75m%c2%b2\\\/\"]}]},{\"@type\":\"ImageObject\",\"inLanguage\":\"en-US\",\"@id\":\"https:\\\/\\\/hutton.ee\\\/toode\\\/aluskate-tuuletoke-rewasi-220-sk2-75m%c2%b2\\\/#primaryimage\",\"url\":\"https:\\\/\\\/hutton.ee\\\/wp-content\\\/uploads\\\/2022\\\/10\\\/Aluskate-Rewasi.png\",\"contentUrl\":\"https:\\\/\\\/hutton.ee\\\/wp-content\\\/uploads\\\/2022\\\/10\\\/Aluskate-Rewasi.png\",\"width\":500,\"height\":500,\"caption\":\"Aluskate Rewasi\"},{\"@type\":\"BreadcrumbList\",\"@id\":\"https:\\\/\\\/hutton.ee\\\/toode\\\/aluskate-tuuletoke-rewasi-220-sk2-75m%c2%b2\\\/#breadcrumb\",\"itemListElement\":[{\"@type\":\"ListItem\",\"position\":1,\"name\":\"Avaleht\",\"item\":\"https:\\\/\\\/hutton.ee\\\/\"},{\"@type\":\"ListItem\",\"position\":2,\"name\":\"Shop\",\"item\":\"https:\\\/\\\/hutton.ee\\\/en\\\/shop\\\/\"},{\"@type\":\"ListItem\",\"position\":3,\"name\":\"Aluskate\\\/Tuulet\u00f5ke Rewasi 220 SK2 75m\u00b2\"}]},{\"@type\":\"WebSite\",\"@id\":\"https:\\\/\\\/hutton.ee\\\/#website\",\"url\":\"https:\\\/\\\/hutton.ee\\\/\",\"name\":\"Hutton\",\"description\":\"Ajas kestvad ehituslahendused\",\"publisher\":{\"@id\":\"https:\\\/\\\/hutton.ee\\\/#organization\"},\"potentialAction\":[{\"@type\":\"SearchAction\",\"target\":{\"@type\":\"EntryPoint\",\"urlTemplate\":\"https:\\\/\\\/hutton.ee\\\/?s={search_term_string}\"},\"query-input\":{\"@type\":\"PropertyValueSpecification\",\"valueRequired\":true,\"valueName\":\"search_term_string\"}}],\"inLanguage\":\"en-US\"},{\"@type\":\"Organization\",\"@id\":\"https:\\\/\\\/hutton.ee\\\/#organization\",\"name\":\"Hutton - KATUS | SEIN | FASSAAD\",\"url\":\"https:\\\/\\\/hutton.ee\\\/\",\"logo\":{\"@type\":\"ImageObject\",\"inLanguage\":\"en-US\",\"@id\":\"https:\\\/\\\/hutton.ee\\\/#\\\/schema\\\/logo\\\/image\\\/\",\"url\":\"https:\\\/\\\/hutton.ee\\\/wp-content\\\/uploads\\\/2020\\\/07\\\/hutton-logo_uuendatud-01.png\",\"contentUrl\":\"https:\\\/\\\/hutton.ee\\\/wp-content\\\/uploads\\\/2020\\\/07\\\/hutton-logo_uuendatud-01.png\",\"width\":1064,\"height\":455,\"caption\":\"Hutton - KATUS | SEIN | FASSAAD\"},\"image\":{\"@id\":\"https:\\\/\\\/hutton.ee\\\/#\\\/schema\\\/logo\\\/image\\\/\"},\"sameAs\":[\"https:\\\/\\\/www.facebook.com\\\/huttoneesti\"]}]}<\/script>\n<!-- \/ Yoast SEO Premium plugin. -->","yoast_head_json":{"title":"Aluskate\/Tuulet\u00f5ke Rewasi 220 SK2 75m\u00b2 - Hutton","description":"Katuse aluskate\/tuulet\u00f5ke Rewasi 220 SK2 75m\u00b2 kahe teibiga aluskate - kasutamiseks katuse aluskattena kui ka fassaadi tuulet\u00f5kkena. Tugev ja rebenemiskindel","robots":{"index":"index","follow":"follow","max-snippet":"max-snippet:-1","max-image-preview":"max-image-preview:large","max-video-preview":"max-video-preview:-1"},"canonical":"https:\/\/hutton.ee\/toode\/aluskate-tuuletoke-rewasi-220-sk2-75m\u00b2\/","og_locale":"en_US","og_type":"article","og_title":"Aluskate\/Tuulet\u00f5ke Rewasi 220 SK2 75m\u00b2 - Hutton","og_description":"Rewasi 150g, 75m\u00b2 kahe teibi\/liimiribaga - kasutamiseks katuse aluskattena kui ka fassaadi tuulet\u00f5kkena. UV kindlus 3 kuud. Tugev ja rebenemiskindel. Osta kohe!","og_url":"https:\/\/hutton.ee\/toode\/aluskate-tuuletoke-rewasi-220-sk2-75m\u00b2\/","og_site_name":"Hutton","article_publisher":"https:\/\/www.facebook.com\/huttoneesti","article_modified_time":"2025-07-24T07:06:48+00:00","og_image":[{"width":500,"height":500,"url":"https:\/\/hutton.ee\/wp-content\/uploads\/2022\/10\/Aluskate-Rewasi.png","type":"image\/png"}],"twitter_card":"summary_large_image","twitter_title":"Aluskate\/Tuulet\u00f5ke Rewasi 220 SK2 75m\u00b2 - Hutton","twitter_description":"Rewasi 150g, 75m\u00b2 kahe teibi\/liimiribaga - kasutamiseks katuse aluskattena kui ka fassaadi tuulet\u00f5kkena. UV kindlus 3 kuud. Tugev ja rebenemiskindel. Osta kohe!","twitter_misc":{"Est. reading time":"2 minutes"},"schema":{"@context":"https:\/\/schema.org","@graph":[{"@type":"WebPage","@id":"https:\/\/hutton.ee\/toode\/aluskate-tuuletoke-rewasi-220-sk2-75m%c2%b2\/","url":"https:\/\/hutton.ee\/toode\/aluskate-tuuletoke-rewasi-220-sk2-75m%c2%b2\/","name":"Aluskate\/Tuulet\u00f5ke Rewasi 220 SK2 75m\u00b2 - Hutton","isPartOf":{"@id":"https:\/\/hutton.ee\/#website"},"primaryImageOfPage":{"@id":"https:\/\/hutton.ee\/toode\/aluskate-tuuletoke-rewasi-220-sk2-75m%c2%b2\/#primaryimage"},"image":{"@id":"https:\/\/hutton.ee\/toode\/aluskate-tuuletoke-rewasi-220-sk2-75m%c2%b2\/#primaryimage"},"thumbnailUrl":"https:\/\/hutton.ee\/wp-content\/uploads\/2022\/10\/Aluskate-Rewasi.png","datePublished":"2024-04-17T13:41:13+00:00","dateModified":"2025-07-24T07:06:48+00:00","description":"Katuse aluskate\/tuulet\u00f5ke Rewasi 220 SK2 75m\u00b2 kahe teibiga aluskate - kasutamiseks katuse aluskattena kui ka fassaadi tuulet\u00f5kkena. Tugev ja rebenemiskindel","breadcrumb":{"@id":"https:\/\/hutton.ee\/toode\/aluskate-tuuletoke-rewasi-220-sk2-75m%c2%b2\/#breadcrumb"},"inLanguage":"en-US","potentialAction":[{"@type":"ReadAction","target":["https:\/\/hutton.ee\/toode\/aluskate-tuuletoke-rewasi-220-sk2-75m%c2%b2\/"]}]},{"@type":"ImageObject","inLanguage":"en-US","@id":"https:\/\/hutton.ee\/toode\/aluskate-tuuletoke-rewasi-220-sk2-75m%c2%b2\/#primaryimage","url":"https:\/\/hutton.ee\/wp-content\/uploads\/2022\/10\/Aluskate-Rewasi.png","contentUrl":"https:\/\/hutton.ee\/wp-content\/uploads\/2022\/10\/Aluskate-Rewasi.png","width":500,"height":500,"caption":"Aluskate Rewasi"},{"@type":"BreadcrumbList","@id":"https:\/\/hutton.ee\/toode\/aluskate-tuuletoke-rewasi-220-sk2-75m%c2%b2\/#breadcrumb","itemListElement":[{"@type":"ListItem","position":1,"name":"Avaleht","item":"https:\/\/hutton.ee\/"},{"@type":"ListItem","position":2,"name":"Shop","item":"https:\/\/hutton.ee\/en\/shop\/"},{"@type":"ListItem","position":3,"name":"Aluskate\/Tuulet\u00f5ke Rewasi 220 SK2 75m\u00b2"}]},{"@type":"WebSite","@id":"https:\/\/hutton.ee\/#website","url":"https:\/\/hutton.ee\/","name":"Hutton","description":"Ajas kestvad ehituslahendused","publisher":{"@id":"https:\/\/hutton.ee\/#organization"},"potentialAction":[{"@type":"SearchAction","target":{"@type":"EntryPoint","urlTemplate":"https:\/\/hutton.ee\/?s={search_term_string}"},"query-input":{"@type":"PropertyValueSpecification","valueRequired":true,"valueName":"search_term_string"}}],"inLanguage":"en-US"},{"@type":"Organization","@id":"https:\/\/hutton.ee\/#organization","name":"Hutton - KATUS | SEIN | FASSAAD","url":"https:\/\/hutton.ee\/","logo":{"@type":"ImageObject","inLanguage":"en-US","@id":"https:\/\/hutton.ee\/#\/schema\/logo\/image\/","url":"https:\/\/hutton.ee\/wp-content\/uploads\/2020\/07\/hutton-logo_uuendatud-01.png","contentUrl":"https:\/\/hutton.ee\/wp-content\/uploads\/2020\/07\/hutton-logo_uuendatud-01.png","width":1064,"height":455,"caption":"Hutton - KATUS | SEIN | FASSAAD"},"image":{"@id":"https:\/\/hutton.ee\/#\/schema\/logo\/image\/"},"sameAs":["https:\/\/www.facebook.com\/huttoneesti"]}]}},"_links":{"self":[{"href":"https:\/\/hutton.ee\/en\/wp-json\/wp\/v2\/product\/21290","targetHints":{"allow":["GET"]}}],"collection":[{"href":"https:\/\/hutton.ee\/en\/wp-json\/wp\/v2\/product"}],"about":[{"href":"https:\/\/hutton.ee\/en\/wp-json\/wp\/v2\/types\/product"}],"wp:featuredmedia":[{"embeddable":true,"href":"https:\/\/hutton.ee\/en\/wp-json\/wp\/v2\/media\/26529"}],"wp:attachment":[{"href":"https:\/\/hutton.ee\/en\/wp-json\/wp\/v2\/media?parent=21290"}],"wp:term":[{"taxonomy":"product_brand","embeddable":true,"href":"https:\/\/hutton.ee\/en\/wp-json\/wp\/v2\/product_brand?post=21290"},{"taxonomy":"product_cat","embeddable":true,"href":"https:\/\/hutton.ee\/en\/wp-json\/wp\/v2\/product_cat?post=21290"},{"taxonomy":"product_tag","embeddable":true,"href":"https:\/\/hutton.ee\/en\/wp-json\/wp\/v2\/product_tag?post=21290"},{"taxonomy":"filtrisusteem","embeddable":true,"href":"https:\/\/hutton.ee\/en\/wp-json\/wp\/v2\/filtrisusteem?post=21290"},{"taxonomy":"kvaliteediklass","embeddable":true,"href":"https:\/\/hutton.ee\/en\/wp-json\/wp\/v2\/kvaliteediklass?post=21290"}],"curies":[{"name":"wp","href":"https:\/\/api.w.org\/{rel}","templated":true}]}}