{"id":21524,"date":"2024-10-11T09:20:10","date_gmt":"2024-10-11T09:20:10","guid":{"rendered":"https:\/\/hutton.ee\/?post_type=product&#038;p=21524"},"modified":"2025-07-24T07:25:05","modified_gmt":"2025-07-24T07:25:05","slug":"tuuletoke-alpix-trevest-100-1-5m-rull-75m%c2%b2","status":"publish","type":"product","link":"https:\/\/hutton.ee\/en\/toode\/tuuletoke-alpix-trevest-100-1-5m-rull-75m%c2%b2\/","title":{"rendered":"Tuulet\u00f5ke Alpix Trevest 100, 1.5m, rull 75m\u00b2"},"content":{"rendered":"<p>Hea tuulet\u00f5ke <span data-sheets-root=\"1\">Alpix Trevest<\/span> 100g\/m2, laius 1.5m, pikkus 50jm ja rulli pindala 75m2.<\/p>\n<p><strong>Kasutuskohad:<\/strong><\/p>\n<ul>\n<li>fassaadi tuulet\u00f5kkena<\/li>\n<li>katuse aluskattena nii k\u00fclma p\u00f6\u00f6ninguga katusetarindites kui ka paigaldatuna vastu soojustust<\/li>\n<li>koos igat liiki kattematerjalidega sh kivi-, plekk-, bituumen- ja tsementlaineplaat, jne<\/li>\n<\/ul>\n<p><strong>Selle toote erilised v\u00e4\u00e4rtused:<\/strong><\/p>\n<ul>\n<li>Soodsaim kvaliteetne tuulet\u00f5kke membraan<\/li>\n<li>K\u00f5rge temperatuuritaluvus kuni 80\u00b0C.<\/li>\n<\/ul>\n<p><strong>P\u00f5hiomadused:<\/strong><\/p>\n<ul>\n<li>k\u00f5rgdifuusne 3-kihiline membraan, avatud veeauru l\u00e4bivusele<\/li>\n<li>veetihe, vettpidav<\/li>\n<li>tuuletihe, ilmastikukindel<\/li>\n<li>v\u00e4rvus tumehall<\/li>\n<\/ul>\n<p><strong>Loe lisaks:<\/strong><\/p>\n<p><a href=\"https:\/\/hutton.ee\/mis-on-tuuletoke\/\">Mis on tuulet\u00f5ke?<\/a><br \/>\n<a href=\"https:\/\/hutton.ee\/tuuletokke-valimine-kuidas-valida-tuuletoket\/\">Tuulet\u00f5kke valimine \u2013 kuidas valida tuulet\u00f5ket?<\/a><\/p>\n<p><strong>Vajadusel k\u00fcsi n\u00f5u:<br \/>\n<\/strong><\/p>\n<p><strong>Regina<\/strong> <a href=\"tel:5076742\">+372 507 6742<\/a> | <a href=\"mailto:regina@hutton.ee\">regina@hutton.ee<\/a><br \/>\n<strong>Neeme<\/strong> <a href=\"tel:5098168\">+372 509 8168<\/a> | <a href=\"mailto:neeme@hutton.ee\">neeme@hutton.ee<\/a><\/p>\n","protected":false},"excerpt":{"rendered":"<p><span style=\"text-decoration: underline;\"><span style=\"color: #ff0000; font-size: 12pt; text-decoration: underline;\"><strong><a style=\"color: #ff0000; text-decoration: underline;\" href=\"https:\/\/hutton.ee\/minu-konto\/\" target=\"_blank\" rel=\"noopener\">Registreeru p\u00fcsikliendiks<\/a>!<\/strong><\/span><\/span><\/p>\n","protected":false},"featured_media":27194,"template":"","meta":{"_gspb_post_css":"","_uf_show_specific_survey":0,"_uf_disable_surveys":false},"product_brand":[],"product_cat":[2916,950,951],"product_tag":[2892,1258],"filtrisusteem":[2388,2345,2326,2341],"kvaliteediklass":[],"class_list":{"0":"post-21524","1":"product","2":"type-product","3":"status-publish","4":"has-post-thumbnail","6":"product_cat-hutton-top","7":"product_cat-tuuletokked","8":"product_cat-tuuletokke-membraanid","9":"product_tag-3tk_block","10":"product_tag-ei_pakiautomaat","11":"filtrisusteem-100-g-m","12":"filtrisusteem-b1","13":"filtrisusteem-kaal-gm","14":"filtrisusteem-kvaliteediklass","16":"first","17":"instock","18":"taxable","19":"shipping-taxable","20":"purchasable","21":"product-type-simple"},"yoast_head":"<!-- This site is optimized with the Yoast SEO Premium plugin v21.3 (Yoast SEO v27.3) - https:\/\/yoast.com\/product\/yoast-seo-premium-wordpress\/ -->\n<title>Tuulet\u00f5ke Alpix Trevest 100, 1.5m, rull 75m\u00b2 - Hutton<\/title>\n<meta name=\"robots\" content=\"index, follow, max-snippet:-1, max-image-preview:large, max-video-preview:-1\" \/>\n<link rel=\"canonical\" href=\"https:\/\/hutton.ee\/toode\/tuuletoke-alpix-trevest-100-1-5m-rull-75m\u00b2\/\" \/>\n<meta property=\"og:locale\" content=\"en_US\" \/>\n<meta property=\"og:type\" content=\"article\" \/>\n<meta property=\"og:title\" content=\"Tuulet\u00f5ke Alpix Trevest 100, 1.5m, rull 75m\u00b2\" \/>\n<meta property=\"og:description\" content=\"Registreeru p\u00fcsikliendiks!\" \/>\n<meta property=\"og:url\" content=\"https:\/\/hutton.ee\/toode\/tuuletoke-alpix-trevest-100-1-5m-rull-75m\u00b2\/\" \/>\n<meta property=\"og:site_name\" content=\"Hutton\" \/>\n<meta property=\"article:publisher\" content=\"https:\/\/www.facebook.com\/huttoneesti\" \/>\n<meta property=\"article:modified_time\" content=\"2025-07-24T07:25:05+00:00\" \/>\n<meta property=\"og:image\" content=\"https:\/\/hutton.ee\/wp-content\/uploads\/2024\/10\/alpix-trevest-768x1024.png\" \/>\n\t<meta property=\"og:image:width\" content=\"768\" \/>\n\t<meta property=\"og:image:height\" content=\"1024\" \/>\n\t<meta property=\"og:image:type\" content=\"image\/png\" \/>\n<meta name=\"twitter:card\" content=\"summary_large_image\" \/>\n<meta name=\"twitter:label1\" content=\"Est. reading time\" \/>\n\t<meta name=\"twitter:data1\" content=\"1 minute\" \/>\n<script type=\"application\/ld+json\" class=\"yoast-schema-graph\">{\"@context\":\"https:\\\/\\\/schema.org\",\"@graph\":[{\"@type\":\"WebPage\",\"@id\":\"https:\\\/\\\/hutton.ee\\\/toode\\\/tuuletoke-alpix-trevest-100-1-5m-rull-75m%c2%b2\\\/\",\"url\":\"https:\\\/\\\/hutton.ee\\\/toode\\\/tuuletoke-alpix-trevest-100-1-5m-rull-75m%c2%b2\\\/\",\"name\":\"Tuulet\u00f5ke Alpix Trevest 100, 1.5m, rull 75m\u00b2 - Hutton\",\"isPartOf\":{\"@id\":\"https:\\\/\\\/hutton.ee\\\/#website\"},\"primaryImageOfPage\":{\"@id\":\"https:\\\/\\\/hutton.ee\\\/toode\\\/tuuletoke-alpix-trevest-100-1-5m-rull-75m%c2%b2\\\/#primaryimage\"},\"image\":{\"@id\":\"https:\\\/\\\/hutton.ee\\\/toode\\\/tuuletoke-alpix-trevest-100-1-5m-rull-75m%c2%b2\\\/#primaryimage\"},\"thumbnailUrl\":\"https:\\\/\\\/hutton.ee\\\/wp-content\\\/uploads\\\/2024\\\/10\\\/alpix-trevest.png\",\"datePublished\":\"2024-10-11T09:20:10+00:00\",\"dateModified\":\"2025-07-24T07:25:05+00:00\",\"breadcrumb\":{\"@id\":\"https:\\\/\\\/hutton.ee\\\/toode\\\/tuuletoke-alpix-trevest-100-1-5m-rull-75m%c2%b2\\\/#breadcrumb\"},\"inLanguage\":\"en-US\",\"potentialAction\":[{\"@type\":\"ReadAction\",\"target\":[\"https:\\\/\\\/hutton.ee\\\/toode\\\/tuuletoke-alpix-trevest-100-1-5m-rull-75m%c2%b2\\\/\"]}]},{\"@type\":\"ImageObject\",\"inLanguage\":\"en-US\",\"@id\":\"https:\\\/\\\/hutton.ee\\\/toode\\\/tuuletoke-alpix-trevest-100-1-5m-rull-75m%c2%b2\\\/#primaryimage\",\"url\":\"https:\\\/\\\/hutton.ee\\\/wp-content\\\/uploads\\\/2024\\\/10\\\/alpix-trevest.png\",\"contentUrl\":\"https:\\\/\\\/hutton.ee\\\/wp-content\\\/uploads\\\/2024\\\/10\\\/alpix-trevest.png\",\"width\":2976,\"height\":3968,\"caption\":\"alpix trevest\"},{\"@type\":\"BreadcrumbList\",\"@id\":\"https:\\\/\\\/hutton.ee\\\/toode\\\/tuuletoke-alpix-trevest-100-1-5m-rull-75m%c2%b2\\\/#breadcrumb\",\"itemListElement\":[{\"@type\":\"ListItem\",\"position\":1,\"name\":\"Avaleht\",\"item\":\"https:\\\/\\\/hutton.ee\\\/\"},{\"@type\":\"ListItem\",\"position\":2,\"name\":\"Shop\",\"item\":\"https:\\\/\\\/hutton.ee\\\/en\\\/shop\\\/\"},{\"@type\":\"ListItem\",\"position\":3,\"name\":\"Tuulet\u00f5ke Alpix Trevest 100, 1.5m, rull 75m\u00b2\"}]},{\"@type\":\"WebSite\",\"@id\":\"https:\\\/\\\/hutton.ee\\\/#website\",\"url\":\"https:\\\/\\\/hutton.ee\\\/\",\"name\":\"Hutton\",\"description\":\"Ajas kestvad ehituslahendused\",\"publisher\":{\"@id\":\"https:\\\/\\\/hutton.ee\\\/#organization\"},\"potentialAction\":[{\"@type\":\"SearchAction\",\"target\":{\"@type\":\"EntryPoint\",\"urlTemplate\":\"https:\\\/\\\/hutton.ee\\\/?s={search_term_string}\"},\"query-input\":{\"@type\":\"PropertyValueSpecification\",\"valueRequired\":true,\"valueName\":\"search_term_string\"}}],\"inLanguage\":\"en-US\"},{\"@type\":\"Organization\",\"@id\":\"https:\\\/\\\/hutton.ee\\\/#organization\",\"name\":\"Hutton - KATUS | SEIN | FASSAAD\",\"url\":\"https:\\\/\\\/hutton.ee\\\/\",\"logo\":{\"@type\":\"ImageObject\",\"inLanguage\":\"en-US\",\"@id\":\"https:\\\/\\\/hutton.ee\\\/#\\\/schema\\\/logo\\\/image\\\/\",\"url\":\"https:\\\/\\\/hutton.ee\\\/wp-content\\\/uploads\\\/2020\\\/07\\\/hutton-logo_uuendatud-01.png\",\"contentUrl\":\"https:\\\/\\\/hutton.ee\\\/wp-content\\\/uploads\\\/2020\\\/07\\\/hutton-logo_uuendatud-01.png\",\"width\":1064,\"height\":455,\"caption\":\"Hutton - KATUS | SEIN | FASSAAD\"},\"image\":{\"@id\":\"https:\\\/\\\/hutton.ee\\\/#\\\/schema\\\/logo\\\/image\\\/\"},\"sameAs\":[\"https:\\\/\\\/www.facebook.com\\\/huttoneesti\"]}]}<\/script>\n<!-- \/ Yoast SEO Premium plugin. -->","yoast_head_json":{"title":"Tuulet\u00f5ke Alpix Trevest 100, 1.5m, rull 75m\u00b2 - Hutton","robots":{"index":"index","follow":"follow","max-snippet":"max-snippet:-1","max-image-preview":"max-image-preview:large","max-video-preview":"max-video-preview:-1"},"canonical":"https:\/\/hutton.ee\/toode\/tuuletoke-alpix-trevest-100-1-5m-rull-75m\u00b2\/","og_locale":"en_US","og_type":"article","og_title":"Tuulet\u00f5ke Alpix Trevest 100, 1.5m, rull 75m\u00b2","og_description":"Registreeru p\u00fcsikliendiks!","og_url":"https:\/\/hutton.ee\/toode\/tuuletoke-alpix-trevest-100-1-5m-rull-75m\u00b2\/","og_site_name":"Hutton","article_publisher":"https:\/\/www.facebook.com\/huttoneesti","article_modified_time":"2025-07-24T07:25:05+00:00","og_image":[{"width":768,"height":1024,"url":"https:\/\/hutton.ee\/wp-content\/uploads\/2024\/10\/alpix-trevest-768x1024.png","type":"image\/png"}],"twitter_card":"summary_large_image","twitter_misc":{"Est. reading time":"1 minute"},"schema":{"@context":"https:\/\/schema.org","@graph":[{"@type":"WebPage","@id":"https:\/\/hutton.ee\/toode\/tuuletoke-alpix-trevest-100-1-5m-rull-75m%c2%b2\/","url":"https:\/\/hutton.ee\/toode\/tuuletoke-alpix-trevest-100-1-5m-rull-75m%c2%b2\/","name":"Tuulet\u00f5ke Alpix Trevest 100, 1.5m, rull 75m\u00b2 - Hutton","isPartOf":{"@id":"https:\/\/hutton.ee\/#website"},"primaryImageOfPage":{"@id":"https:\/\/hutton.ee\/toode\/tuuletoke-alpix-trevest-100-1-5m-rull-75m%c2%b2\/#primaryimage"},"image":{"@id":"https:\/\/hutton.ee\/toode\/tuuletoke-alpix-trevest-100-1-5m-rull-75m%c2%b2\/#primaryimage"},"thumbnailUrl":"https:\/\/hutton.ee\/wp-content\/uploads\/2024\/10\/alpix-trevest.png","datePublished":"2024-10-11T09:20:10+00:00","dateModified":"2025-07-24T07:25:05+00:00","breadcrumb":{"@id":"https:\/\/hutton.ee\/toode\/tuuletoke-alpix-trevest-100-1-5m-rull-75m%c2%b2\/#breadcrumb"},"inLanguage":"en-US","potentialAction":[{"@type":"ReadAction","target":["https:\/\/hutton.ee\/toode\/tuuletoke-alpix-trevest-100-1-5m-rull-75m%c2%b2\/"]}]},{"@type":"ImageObject","inLanguage":"en-US","@id":"https:\/\/hutton.ee\/toode\/tuuletoke-alpix-trevest-100-1-5m-rull-75m%c2%b2\/#primaryimage","url":"https:\/\/hutton.ee\/wp-content\/uploads\/2024\/10\/alpix-trevest.png","contentUrl":"https:\/\/hutton.ee\/wp-content\/uploads\/2024\/10\/alpix-trevest.png","width":2976,"height":3968,"caption":"alpix trevest"},{"@type":"BreadcrumbList","@id":"https:\/\/hutton.ee\/toode\/tuuletoke-alpix-trevest-100-1-5m-rull-75m%c2%b2\/#breadcrumb","itemListElement":[{"@type":"ListItem","position":1,"name":"Avaleht","item":"https:\/\/hutton.ee\/"},{"@type":"ListItem","position":2,"name":"Shop","item":"https:\/\/hutton.ee\/en\/shop\/"},{"@type":"ListItem","position":3,"name":"Tuulet\u00f5ke Alpix Trevest 100, 1.5m, rull 75m\u00b2"}]},{"@type":"WebSite","@id":"https:\/\/hutton.ee\/#website","url":"https:\/\/hutton.ee\/","name":"Hutton","description":"Ajas kestvad ehituslahendused","publisher":{"@id":"https:\/\/hutton.ee\/#organization"},"potentialAction":[{"@type":"SearchAction","target":{"@type":"EntryPoint","urlTemplate":"https:\/\/hutton.ee\/?s={search_term_string}"},"query-input":{"@type":"PropertyValueSpecification","valueRequired":true,"valueName":"search_term_string"}}],"inLanguage":"en-US"},{"@type":"Organization","@id":"https:\/\/hutton.ee\/#organization","name":"Hutton - KATUS | SEIN | FASSAAD","url":"https:\/\/hutton.ee\/","logo":{"@type":"ImageObject","inLanguage":"en-US","@id":"https:\/\/hutton.ee\/#\/schema\/logo\/image\/","url":"https:\/\/hutton.ee\/wp-content\/uploads\/2020\/07\/hutton-logo_uuendatud-01.png","contentUrl":"https:\/\/hutton.ee\/wp-content\/uploads\/2020\/07\/hutton-logo_uuendatud-01.png","width":1064,"height":455,"caption":"Hutton - KATUS | SEIN | FASSAAD"},"image":{"@id":"https:\/\/hutton.ee\/#\/schema\/logo\/image\/"},"sameAs":["https:\/\/www.facebook.com\/huttoneesti"]}]}},"_links":{"self":[{"href":"https:\/\/hutton.ee\/en\/wp-json\/wp\/v2\/product\/21524","targetHints":{"allow":["GET"]}}],"collection":[{"href":"https:\/\/hutton.ee\/en\/wp-json\/wp\/v2\/product"}],"about":[{"href":"https:\/\/hutton.ee\/en\/wp-json\/wp\/v2\/types\/product"}],"wp:featuredmedia":[{"embeddable":true,"href":"https:\/\/hutton.ee\/en\/wp-json\/wp\/v2\/media\/27194"}],"wp:attachment":[{"href":"https:\/\/hutton.ee\/en\/wp-json\/wp\/v2\/media?parent=21524"}],"wp:term":[{"taxonomy":"product_brand","embeddable":true,"href":"https:\/\/hutton.ee\/en\/wp-json\/wp\/v2\/product_brand?post=21524"},{"taxonomy":"product_cat","embeddable":true,"href":"https:\/\/hutton.ee\/en\/wp-json\/wp\/v2\/product_cat?post=21524"},{"taxonomy":"product_tag","embeddable":true,"href":"https:\/\/hutton.ee\/en\/wp-json\/wp\/v2\/product_tag?post=21524"},{"taxonomy":"filtrisusteem","embeddable":true,"href":"https:\/\/hutton.ee\/en\/wp-json\/wp\/v2\/filtrisusteem?post=21524"},{"taxonomy":"kvaliteediklass","embeddable":true,"href":"https:\/\/hutton.ee\/en\/wp-json\/wp\/v2\/kvaliteediklass?post=21524"}],"curies":[{"name":"wp","href":"https:\/\/api.w.org\/{rel}","templated":true}]}}