{"id":21547,"date":"2024-10-11T09:28:24","date_gmt":"2024-10-11T09:28:24","guid":{"rendered":"https:\/\/hutton.ee\/?post_type=product&#038;p=21547"},"modified":"2025-12-18T09:59:40","modified_gmt":"2025-12-18T09:59:40","slug":"aurutokke-membraan-vapro-sd15-15m-rull-75m%c2%b2","status":"publish","type":"product","link":"https:\/\/hutton.ee\/en\/toode\/aurutokke-membraan-vapro-sd15-15m-rull-75m%c2%b2\/","title":{"rendered":"Aurut\u00f5kke membraan Vapro SD15, 1,5m, rull 75m\u00b2"},"content":{"rendered":"<p>Hea kvaliteediga ja keskmise tugevusega aurut\u00f5kke membraan Alpix <span data-sheets-root=\"1\">Vapro SD15<\/span>.<\/p>\n<p><b>Kasutuskohad:<\/b><\/p>\n<ul>\n<li>sobib kasutamiseks auru- ja \u00f5hut\u00f5kkena nii seina kui katuslae tarindites (nii kald- kui ka horisontaaltarindite sisek\u00fcljel)<\/li>\n<li>sobib kasutamiseks koos igat liiki soojustusmaterjalidega.<\/li>\n<\/ul>\n<p><b>Selle toote erilised v\u00e4\u00e4rtused<\/b>:<\/p>\n<ul>\n<li>parim hind kvaliteetsete aurut\u00f5kke membraanide hulgas<\/li>\n<li>erim\u00e4rgised l\u00f5ikamise ja paigaldamise jaoks.<\/li>\n<\/ul>\n<p><b>Toote p\u00f5hiomadused<\/b>:<\/p>\n<ul>\n<li>aurt\u00f5kke membraan st. takistab veeauru difusiooni teel liikumist<\/li>\n<li>\u00f5hutihe ehk takistab \u00f5hu ja koos \u00f5huga liikuva veeauru konvektiivset liikumist<\/li>\n<li>keskmise rebenemistugevusega<\/li>\n<li>l\u00f5ikemuster \u2013 kiire ja lihtne paigaldamine<\/li>\n<li>v\u00e4rvus valge, kiri tootel must.<\/li>\n<\/ul>\n<p><b>Tooteversioonid<\/b>:<\/p>\n<ul>\n<li>k\u00e4esolev tooteversioon on ilma teibi\/liimiribadeta, laius 1,5m, pikkus 50jm, rulli pindala 75m\u00b2<\/li>\n<li>toote kaal kilepapakendis 8kg\/rull.<\/li>\n<\/ul>\n<p><strong>Loe lisaks:<br \/>\n<\/strong><a href=\"https:\/\/hutton.ee\/aurutoke\/\">Mis on aurut\u00f5ke?<\/a><br \/>\n<a href=\"https:\/\/hutton.ee\/aurutoke-kuidas-valida-sobiv-lahendus\/\">Aurut\u00f5ke \u2013 kuidas valida sobiv lahendus?<\/a><br \/>\n<a href=\"https:\/\/hutton.ee\/enamlevinud-vead-aurutokke-paigaldamisel\/\">Enamlevinud vead aurut\u00f5kke paigaldamisel<\/a><strong><br \/>\n<\/strong><\/p>\n<p><strong>Vajadusel k\u00fcsi n\u00f5u:<br \/>\n<\/strong><\/p>\n<p><strong>Regina<\/strong> <a href=\"tel:5076742\">+372 507 6742<\/a> | <a href=\"mailto:regina@hutton.ee\">regina@hutton.ee<\/a><br \/>\n<strong>Neeme<\/strong> <a href=\"tel:5098168\">+372 509 8168<\/a> | <a href=\"mailto:neeme@hutton.ee\">neeme@hutton.ee<\/a><\/p>\n","protected":false},"excerpt":{"rendered":"<p><span style=\"text-decoration: underline;\"><span style=\"color: #ff0000; font-size: 12pt; text-decoration: underline;\"><strong><a style=\"color: #ff0000; text-decoration: underline;\" href=\"https:\/\/hutton.ee\/minu-konto\/\" target=\"_blank\" rel=\"noopener\">Registreeru p\u00fcsikliendiks<\/a><\/strong><\/span><\/span><\/p>\n","protected":false},"featured_media":28808,"template":"","meta":{"_gspb_post_css":"","_uf_show_specific_survey":0,"_uf_disable_surveys":false},"product_brand":[],"product_cat":[2916,945,946],"product_tag":[2904,1258],"filtrisusteem":[],"kvaliteediklass":[],"class_list":{"0":"post-21547","1":"product","2":"type-product","3":"status-publish","4":"has-post-thumbnail","6":"product_cat-hutton-top","7":"product_cat-aurutokked","8":"product_cat-aurutokke-membraanid","9":"product_tag-4tk_block","10":"product_tag-ei_pakiautomaat","12":"first","13":"instock","14":"taxable","15":"shipping-taxable","16":"purchasable","17":"product-type-simple"},"yoast_head":"<!-- This site is optimized with the Yoast SEO Premium plugin v21.3 (Yoast SEO v27.3) - https:\/\/yoast.com\/product\/yoast-seo-premium-wordpress\/ -->\n<title>Aurut\u00f5kke membraan Vapro SD15, 1,5m, rull 75m\u00b2 - Hutton<\/title>\n<meta name=\"robots\" content=\"index, follow, max-snippet:-1, max-image-preview:large, max-video-preview:-1\" \/>\n<link rel=\"canonical\" href=\"https:\/\/hutton.ee\/toode\/aurutokke-membraan-vapro-sd15-15m-rull-75m\u00b2\/\" \/>\n<meta property=\"og:locale\" content=\"en_US\" \/>\n<meta property=\"og:type\" content=\"article\" \/>\n<meta property=\"og:title\" content=\"Aurut\u00f5kke membraan Vapro SD15, 1,5m, rull 75m\u00b2\" \/>\n<meta property=\"og:description\" content=\"Registreeru p\u00fcsikliendiks\" \/>\n<meta property=\"og:url\" content=\"https:\/\/hutton.ee\/toode\/aurutokke-membraan-vapro-sd15-15m-rull-75m\u00b2\/\" \/>\n<meta property=\"og:site_name\" content=\"Hutton\" \/>\n<meta property=\"article:publisher\" content=\"https:\/\/www.facebook.com\/huttoneesti\" \/>\n<meta property=\"article:modified_time\" content=\"2025-12-18T09:59:40+00:00\" \/>\n<meta property=\"og:image\" content=\"https:\/\/hutton.ee\/wp-content\/uploads\/2024\/10\/Aurutoke-vapro-sd-15-1.png\" \/>\n\t<meta property=\"og:image:width\" content=\"1080\" \/>\n\t<meta property=\"og:image:height\" content=\"1080\" \/>\n\t<meta property=\"og:image:type\" content=\"image\/png\" \/>\n<meta name=\"twitter:card\" content=\"summary_large_image\" \/>\n<meta name=\"twitter:label1\" content=\"Est. reading time\" \/>\n\t<meta name=\"twitter:data1\" content=\"1 minute\" \/>\n<script type=\"application\/ld+json\" class=\"yoast-schema-graph\">{\"@context\":\"https:\\\/\\\/schema.org\",\"@graph\":[{\"@type\":\"WebPage\",\"@id\":\"https:\\\/\\\/hutton.ee\\\/toode\\\/aurutokke-membraan-vapro-sd15-15m-rull-75m%c2%b2\\\/\",\"url\":\"https:\\\/\\\/hutton.ee\\\/toode\\\/aurutokke-membraan-vapro-sd15-15m-rull-75m%c2%b2\\\/\",\"name\":\"Aurut\u00f5kke membraan Vapro SD15, 1,5m, rull 75m\u00b2 - Hutton\",\"isPartOf\":{\"@id\":\"https:\\\/\\\/hutton.ee\\\/#website\"},\"primaryImageOfPage\":{\"@id\":\"https:\\\/\\\/hutton.ee\\\/toode\\\/aurutokke-membraan-vapro-sd15-15m-rull-75m%c2%b2\\\/#primaryimage\"},\"image\":{\"@id\":\"https:\\\/\\\/hutton.ee\\\/toode\\\/aurutokke-membraan-vapro-sd15-15m-rull-75m%c2%b2\\\/#primaryimage\"},\"thumbnailUrl\":\"https:\\\/\\\/hutton.ee\\\/wp-content\\\/uploads\\\/2024\\\/10\\\/Aurutoke-vapro-sd-15-1.png\",\"datePublished\":\"2024-10-11T09:28:24+00:00\",\"dateModified\":\"2025-12-18T09:59:40+00:00\",\"breadcrumb\":{\"@id\":\"https:\\\/\\\/hutton.ee\\\/toode\\\/aurutokke-membraan-vapro-sd15-15m-rull-75m%c2%b2\\\/#breadcrumb\"},\"inLanguage\":\"en-US\",\"potentialAction\":[{\"@type\":\"ReadAction\",\"target\":[\"https:\\\/\\\/hutton.ee\\\/toode\\\/aurutokke-membraan-vapro-sd15-15m-rull-75m%c2%b2\\\/\"]}]},{\"@type\":\"ImageObject\",\"inLanguage\":\"en-US\",\"@id\":\"https:\\\/\\\/hutton.ee\\\/toode\\\/aurutokke-membraan-vapro-sd15-15m-rull-75m%c2%b2\\\/#primaryimage\",\"url\":\"https:\\\/\\\/hutton.ee\\\/wp-content\\\/uploads\\\/2024\\\/10\\\/Aurutoke-vapro-sd-15-1.png\",\"contentUrl\":\"https:\\\/\\\/hutton.ee\\\/wp-content\\\/uploads\\\/2024\\\/10\\\/Aurutoke-vapro-sd-15-1.png\",\"width\":1080,\"height\":1080,\"caption\":\"Aurut\u00f5ke vapro sd 15\"},{\"@type\":\"BreadcrumbList\",\"@id\":\"https:\\\/\\\/hutton.ee\\\/toode\\\/aurutokke-membraan-vapro-sd15-15m-rull-75m%c2%b2\\\/#breadcrumb\",\"itemListElement\":[{\"@type\":\"ListItem\",\"position\":1,\"name\":\"Avaleht\",\"item\":\"https:\\\/\\\/hutton.ee\\\/\"},{\"@type\":\"ListItem\",\"position\":2,\"name\":\"Shop\",\"item\":\"https:\\\/\\\/hutton.ee\\\/en\\\/shop\\\/\"},{\"@type\":\"ListItem\",\"position\":3,\"name\":\"Aurut\u00f5kke membraan Vapro SD15, 1,5m, rull 75m\u00b2\"}]},{\"@type\":\"WebSite\",\"@id\":\"https:\\\/\\\/hutton.ee\\\/#website\",\"url\":\"https:\\\/\\\/hutton.ee\\\/\",\"name\":\"Hutton\",\"description\":\"Ajas kestvad ehituslahendused\",\"publisher\":{\"@id\":\"https:\\\/\\\/hutton.ee\\\/#organization\"},\"potentialAction\":[{\"@type\":\"SearchAction\",\"target\":{\"@type\":\"EntryPoint\",\"urlTemplate\":\"https:\\\/\\\/hutton.ee\\\/?s={search_term_string}\"},\"query-input\":{\"@type\":\"PropertyValueSpecification\",\"valueRequired\":true,\"valueName\":\"search_term_string\"}}],\"inLanguage\":\"en-US\"},{\"@type\":\"Organization\",\"@id\":\"https:\\\/\\\/hutton.ee\\\/#organization\",\"name\":\"Hutton - KATUS | SEIN | FASSAAD\",\"url\":\"https:\\\/\\\/hutton.ee\\\/\",\"logo\":{\"@type\":\"ImageObject\",\"inLanguage\":\"en-US\",\"@id\":\"https:\\\/\\\/hutton.ee\\\/#\\\/schema\\\/logo\\\/image\\\/\",\"url\":\"https:\\\/\\\/hutton.ee\\\/wp-content\\\/uploads\\\/2020\\\/07\\\/hutton-logo_uuendatud-01.png\",\"contentUrl\":\"https:\\\/\\\/hutton.ee\\\/wp-content\\\/uploads\\\/2020\\\/07\\\/hutton-logo_uuendatud-01.png\",\"width\":1064,\"height\":455,\"caption\":\"Hutton - KATUS | SEIN | FASSAAD\"},\"image\":{\"@id\":\"https:\\\/\\\/hutton.ee\\\/#\\\/schema\\\/logo\\\/image\\\/\"},\"sameAs\":[\"https:\\\/\\\/www.facebook.com\\\/huttoneesti\"]}]}<\/script>\n<!-- \/ Yoast SEO Premium plugin. -->","yoast_head_json":{"title":"Aurut\u00f5kke membraan Vapro SD15, 1,5m, rull 75m\u00b2 - Hutton","robots":{"index":"index","follow":"follow","max-snippet":"max-snippet:-1","max-image-preview":"max-image-preview:large","max-video-preview":"max-video-preview:-1"},"canonical":"https:\/\/hutton.ee\/toode\/aurutokke-membraan-vapro-sd15-15m-rull-75m\u00b2\/","og_locale":"en_US","og_type":"article","og_title":"Aurut\u00f5kke membraan Vapro SD15, 1,5m, rull 75m\u00b2","og_description":"Registreeru p\u00fcsikliendiks","og_url":"https:\/\/hutton.ee\/toode\/aurutokke-membraan-vapro-sd15-15m-rull-75m\u00b2\/","og_site_name":"Hutton","article_publisher":"https:\/\/www.facebook.com\/huttoneesti","article_modified_time":"2025-12-18T09:59:40+00:00","og_image":[{"width":1080,"height":1080,"url":"https:\/\/hutton.ee\/wp-content\/uploads\/2024\/10\/Aurutoke-vapro-sd-15-1.png","type":"image\/png"}],"twitter_card":"summary_large_image","twitter_misc":{"Est. reading time":"1 minute"},"schema":{"@context":"https:\/\/schema.org","@graph":[{"@type":"WebPage","@id":"https:\/\/hutton.ee\/toode\/aurutokke-membraan-vapro-sd15-15m-rull-75m%c2%b2\/","url":"https:\/\/hutton.ee\/toode\/aurutokke-membraan-vapro-sd15-15m-rull-75m%c2%b2\/","name":"Aurut\u00f5kke membraan Vapro SD15, 1,5m, rull 75m\u00b2 - Hutton","isPartOf":{"@id":"https:\/\/hutton.ee\/#website"},"primaryImageOfPage":{"@id":"https:\/\/hutton.ee\/toode\/aurutokke-membraan-vapro-sd15-15m-rull-75m%c2%b2\/#primaryimage"},"image":{"@id":"https:\/\/hutton.ee\/toode\/aurutokke-membraan-vapro-sd15-15m-rull-75m%c2%b2\/#primaryimage"},"thumbnailUrl":"https:\/\/hutton.ee\/wp-content\/uploads\/2024\/10\/Aurutoke-vapro-sd-15-1.png","datePublished":"2024-10-11T09:28:24+00:00","dateModified":"2025-12-18T09:59:40+00:00","breadcrumb":{"@id":"https:\/\/hutton.ee\/toode\/aurutokke-membraan-vapro-sd15-15m-rull-75m%c2%b2\/#breadcrumb"},"inLanguage":"en-US","potentialAction":[{"@type":"ReadAction","target":["https:\/\/hutton.ee\/toode\/aurutokke-membraan-vapro-sd15-15m-rull-75m%c2%b2\/"]}]},{"@type":"ImageObject","inLanguage":"en-US","@id":"https:\/\/hutton.ee\/toode\/aurutokke-membraan-vapro-sd15-15m-rull-75m%c2%b2\/#primaryimage","url":"https:\/\/hutton.ee\/wp-content\/uploads\/2024\/10\/Aurutoke-vapro-sd-15-1.png","contentUrl":"https:\/\/hutton.ee\/wp-content\/uploads\/2024\/10\/Aurutoke-vapro-sd-15-1.png","width":1080,"height":1080,"caption":"Aurut\u00f5ke vapro sd 15"},{"@type":"BreadcrumbList","@id":"https:\/\/hutton.ee\/toode\/aurutokke-membraan-vapro-sd15-15m-rull-75m%c2%b2\/#breadcrumb","itemListElement":[{"@type":"ListItem","position":1,"name":"Avaleht","item":"https:\/\/hutton.ee\/"},{"@type":"ListItem","position":2,"name":"Shop","item":"https:\/\/hutton.ee\/en\/shop\/"},{"@type":"ListItem","position":3,"name":"Aurut\u00f5kke membraan Vapro SD15, 1,5m, rull 75m\u00b2"}]},{"@type":"WebSite","@id":"https:\/\/hutton.ee\/#website","url":"https:\/\/hutton.ee\/","name":"Hutton","description":"Ajas kestvad ehituslahendused","publisher":{"@id":"https:\/\/hutton.ee\/#organization"},"potentialAction":[{"@type":"SearchAction","target":{"@type":"EntryPoint","urlTemplate":"https:\/\/hutton.ee\/?s={search_term_string}"},"query-input":{"@type":"PropertyValueSpecification","valueRequired":true,"valueName":"search_term_string"}}],"inLanguage":"en-US"},{"@type":"Organization","@id":"https:\/\/hutton.ee\/#organization","name":"Hutton - KATUS | SEIN | FASSAAD","url":"https:\/\/hutton.ee\/","logo":{"@type":"ImageObject","inLanguage":"en-US","@id":"https:\/\/hutton.ee\/#\/schema\/logo\/image\/","url":"https:\/\/hutton.ee\/wp-content\/uploads\/2020\/07\/hutton-logo_uuendatud-01.png","contentUrl":"https:\/\/hutton.ee\/wp-content\/uploads\/2020\/07\/hutton-logo_uuendatud-01.png","width":1064,"height":455,"caption":"Hutton - KATUS | SEIN | FASSAAD"},"image":{"@id":"https:\/\/hutton.ee\/#\/schema\/logo\/image\/"},"sameAs":["https:\/\/www.facebook.com\/huttoneesti"]}]}},"_links":{"self":[{"href":"https:\/\/hutton.ee\/en\/wp-json\/wp\/v2\/product\/21547","targetHints":{"allow":["GET"]}}],"collection":[{"href":"https:\/\/hutton.ee\/en\/wp-json\/wp\/v2\/product"}],"about":[{"href":"https:\/\/hutton.ee\/en\/wp-json\/wp\/v2\/types\/product"}],"wp:featuredmedia":[{"embeddable":true,"href":"https:\/\/hutton.ee\/en\/wp-json\/wp\/v2\/media\/28808"}],"wp:attachment":[{"href":"https:\/\/hutton.ee\/en\/wp-json\/wp\/v2\/media?parent=21547"}],"wp:term":[{"taxonomy":"product_brand","embeddable":true,"href":"https:\/\/hutton.ee\/en\/wp-json\/wp\/v2\/product_brand?post=21547"},{"taxonomy":"product_cat","embeddable":true,"href":"https:\/\/hutton.ee\/en\/wp-json\/wp\/v2\/product_cat?post=21547"},{"taxonomy":"product_tag","embeddable":true,"href":"https:\/\/hutton.ee\/en\/wp-json\/wp\/v2\/product_tag?post=21547"},{"taxonomy":"filtrisusteem","embeddable":true,"href":"https:\/\/hutton.ee\/en\/wp-json\/wp\/v2\/filtrisusteem?post=21547"},{"taxonomy":"kvaliteediklass","embeddable":true,"href":"https:\/\/hutton.ee\/en\/wp-json\/wp\/v2\/kvaliteediklass?post=21547"}],"curies":[{"name":"wp","href":"https:\/\/api.w.org\/{rel}","templated":true}]}}