{"id":21558,"date":"2024-10-11T09:34:13","date_gmt":"2024-10-11T09:34:13","guid":{"rendered":"https:\/\/hutton.ee\/?post_type=product&#038;p=21558"},"modified":"2025-07-24T09:03:16","modified_gmt":"2025-07-24T09:03:16","slug":"butuulteip-butyband-alu-300mm-10m","status":"publish","type":"product","link":"https:\/\/hutton.ee\/en\/toode\/butuulteip-butyband-alu-300mm-10m\/","title":{"rendered":"But\u00fc\u00fclteip Butyband ALU 300mm, 10m"},"content":{"rendered":"<p><span data-sheets-root=\"1\">But\u00fc\u00fclteip Butyband ALU 300mm, 10m.<\/span><span data-sheets-root=\"1\">\u00a0<\/span>But\u00fc\u00fclkummil p\u00f5hinev iseliimuv elastoplastne kasutusvalmis isolatsiooni- ja tihendusteip. Kiire ja tugev nake paljude aluspindadega. Veekindel. Elastne isegi k\u00fclmaga. UV- ja ilmastikukindel. Iseliimuv.<\/p>\n<p><strong>Omadused<\/strong>:<\/p>\n<ul>\n<li>Kiire ja v\u00e4ga hea nake paljude pindadega<\/li>\n<li>Iseliimuv<\/li>\n<li>Veekindel<\/li>\n<li>L\u00f5igatav, kujundatav ja vormitav<\/li>\n<li>Alumiiniumi- v\u00f5i pliip\u00f5hine versioon<\/li>\n<\/ul>\n<p><strong>Kasutuskohad<\/strong>:<\/p>\n<ul>\n<li>Tihendamine korstnate, ventilatsiooniavade, katuseakende, aknaplekkide ja l\u00fckanduste \u00fcmber.<\/li>\n<li>Universaalne tihendus- ja parandusteip.<\/li>\n<li>Klaaskonstruktsioonide tihendamine.<\/li>\n<li>\u00dcldiste ja metall-lehtede tihendamine (nt metallkonstruktsioonide sektsioonide tihendamine).<\/li>\n<\/ul>\n<p><strong>Loe l\u00e4hemalt:<\/strong><\/p>\n<p><a href=\"https:\/\/hutton.ee\/mis-on-ehitusteip\/\">Mis on ehitusteip?<\/a><\/p>\n<p><strong>Vajadusel k\u00fcsi n\u00f5u:<br \/>\n<\/strong><\/p>\n<p><strong>Regina<\/strong> <a href=\"tel:5076742\">+372 507 6742<\/a> | <a href=\"mailto:regina@hutton.ee\">regina@hutton.ee<\/a><br \/>\n<strong>Neeme<\/strong> <a href=\"tel:5098168\">+372 509 8168<\/a> | <a href=\"mailto:neeme@hutton.ee\">neeme@hutton.ee<\/a><\/p>\n","protected":false},"excerpt":{"rendered":"<p><span style=\"text-decoration-line: underline;\"><span style=\"color: #ff0000; font-size: 12pt;\"><strong><a style=\"color: #ff0000;\" href=\"https:\/\/hutton.ee\/minu-konto\/\" target=\"_blank\" rel=\"noopener\">Registreeru p\u00fcsikliendiks<\/a>!<\/strong><\/span><\/span><\/p>\n","protected":false},"featured_media":0,"template":"","meta":{"_gspb_post_css":"","_uf_show_specific_survey":0,"_uf_disable_surveys":false},"product_brand":[],"product_cat":[954,1986],"product_tag":[2900],"filtrisusteem":[2508,2498,2475,2341,2479,2378],"kvaliteediklass":[],"class_list":{"0":"post-21558","1":"product","2":"type-product","3":"status-publish","5":"product_cat-ehitusteibid","6":"product_cat-butuulteibid-bituumenteibid","7":"product_tag-8tk","8":"filtrisusteem-2508","9":"filtrisusteem-anthrasiit","10":"filtrisusteem-b-kvaliteediklass","11":"filtrisusteem-kvaliteediklass","12":"filtrisusteem-laius-mm","13":"filtrisusteem-varvus","15":"first","16":"instock","17":"taxable","18":"shipping-taxable","19":"purchasable","20":"product-type-simple"},"yoast_head":"<!-- This site is optimized with the Yoast SEO Premium plugin v21.3 (Yoast SEO v27.5) - https:\/\/yoast.com\/product\/yoast-seo-premium-wordpress\/ -->\n<title>But\u00fc\u00fclteip Butyband ALU 300mm, 10m - Hutton<\/title>\n<meta name=\"robots\" content=\"index, follow, max-snippet:-1, max-image-preview:large, max-video-preview:-1\" \/>\n<link rel=\"canonical\" href=\"https:\/\/hutton.ee\/toode\/butuulteip-butyband-alu-300mm-10m\/\" \/>\n<meta property=\"og:locale\" content=\"en_US\" \/>\n<meta property=\"og:type\" content=\"article\" \/>\n<meta property=\"og:title\" content=\"But\u00fc\u00fclteip Butyband ALU 300mm, 10m\" \/>\n<meta property=\"og:description\" content=\"Registreeru p\u00fcsikliendiks!\" \/>\n<meta property=\"og:url\" content=\"https:\/\/hutton.ee\/toode\/butuulteip-butyband-alu-300mm-10m\/\" \/>\n<meta property=\"og:site_name\" content=\"Hutton\" \/>\n<meta property=\"article:publisher\" content=\"https:\/\/www.facebook.com\/huttoneesti\" \/>\n<meta property=\"article:modified_time\" content=\"2025-07-24T09:03:16+00:00\" \/>\n<meta name=\"twitter:card\" content=\"summary_large_image\" \/>\n<meta name=\"twitter:label1\" content=\"Est. reading time\" \/>\n\t<meta name=\"twitter:data1\" content=\"1 minute\" \/>\n<script type=\"application\/ld+json\" class=\"yoast-schema-graph\">{\"@context\":\"https:\\\/\\\/schema.org\",\"@graph\":[{\"@type\":\"WebPage\",\"@id\":\"https:\\\/\\\/hutton.ee\\\/toode\\\/butuulteip-butyband-alu-300mm-10m\\\/\",\"url\":\"https:\\\/\\\/hutton.ee\\\/toode\\\/butuulteip-butyband-alu-300mm-10m\\\/\",\"name\":\"But\u00fc\u00fclteip Butyband ALU 300mm, 10m - Hutton\",\"isPartOf\":{\"@id\":\"https:\\\/\\\/hutton.ee\\\/#website\"},\"datePublished\":\"2024-10-11T09:34:13+00:00\",\"dateModified\":\"2025-07-24T09:03:16+00:00\",\"breadcrumb\":{\"@id\":\"https:\\\/\\\/hutton.ee\\\/toode\\\/butuulteip-butyband-alu-300mm-10m\\\/#breadcrumb\"},\"inLanguage\":\"en-US\",\"potentialAction\":[{\"@type\":\"ReadAction\",\"target\":[\"https:\\\/\\\/hutton.ee\\\/toode\\\/butuulteip-butyband-alu-300mm-10m\\\/\"]}]},{\"@type\":\"BreadcrumbList\",\"@id\":\"https:\\\/\\\/hutton.ee\\\/toode\\\/butuulteip-butyband-alu-300mm-10m\\\/#breadcrumb\",\"itemListElement\":[{\"@type\":\"ListItem\",\"position\":1,\"name\":\"Avaleht\",\"item\":\"https:\\\/\\\/hutton.ee\\\/\"},{\"@type\":\"ListItem\",\"position\":2,\"name\":\"Shop\",\"item\":\"https:\\\/\\\/hutton.ee\\\/en\\\/shop\\\/\"},{\"@type\":\"ListItem\",\"position\":3,\"name\":\"But\u00fc\u00fclteip Butyband ALU 300mm, 10m\"}]},{\"@type\":\"WebSite\",\"@id\":\"https:\\\/\\\/hutton.ee\\\/#website\",\"url\":\"https:\\\/\\\/hutton.ee\\\/\",\"name\":\"Hutton\",\"description\":\"Ajas kestvad ehituslahendused\",\"publisher\":{\"@id\":\"https:\\\/\\\/hutton.ee\\\/#organization\"},\"potentialAction\":[{\"@type\":\"SearchAction\",\"target\":{\"@type\":\"EntryPoint\",\"urlTemplate\":\"https:\\\/\\\/hutton.ee\\\/?s={search_term_string}\"},\"query-input\":{\"@type\":\"PropertyValueSpecification\",\"valueRequired\":true,\"valueName\":\"search_term_string\"}}],\"inLanguage\":\"en-US\"},{\"@type\":\"Organization\",\"@id\":\"https:\\\/\\\/hutton.ee\\\/#organization\",\"name\":\"Hutton - KATUS | SEIN | FASSAAD\",\"url\":\"https:\\\/\\\/hutton.ee\\\/\",\"logo\":{\"@type\":\"ImageObject\",\"inLanguage\":\"en-US\",\"@id\":\"https:\\\/\\\/hutton.ee\\\/#\\\/schema\\\/logo\\\/image\\\/\",\"url\":\"https:\\\/\\\/hutton.ee\\\/wp-content\\\/uploads\\\/2020\\\/07\\\/hutton-logo_uuendatud-01.png\",\"contentUrl\":\"https:\\\/\\\/hutton.ee\\\/wp-content\\\/uploads\\\/2020\\\/07\\\/hutton-logo_uuendatud-01.png\",\"width\":1064,\"height\":455,\"caption\":\"Hutton - KATUS | SEIN | FASSAAD\"},\"image\":{\"@id\":\"https:\\\/\\\/hutton.ee\\\/#\\\/schema\\\/logo\\\/image\\\/\"},\"sameAs\":[\"https:\\\/\\\/www.facebook.com\\\/huttoneesti\"]}]}<\/script>\n<!-- \/ Yoast SEO Premium plugin. -->","yoast_head_json":{"title":"But\u00fc\u00fclteip Butyband ALU 300mm, 10m - Hutton","robots":{"index":"index","follow":"follow","max-snippet":"max-snippet:-1","max-image-preview":"max-image-preview:large","max-video-preview":"max-video-preview:-1"},"canonical":"https:\/\/hutton.ee\/toode\/butuulteip-butyband-alu-300mm-10m\/","og_locale":"en_US","og_type":"article","og_title":"But\u00fc\u00fclteip Butyband ALU 300mm, 10m","og_description":"Registreeru p\u00fcsikliendiks!","og_url":"https:\/\/hutton.ee\/toode\/butuulteip-butyband-alu-300mm-10m\/","og_site_name":"Hutton","article_publisher":"https:\/\/www.facebook.com\/huttoneesti","article_modified_time":"2025-07-24T09:03:16+00:00","twitter_card":"summary_large_image","twitter_misc":{"Est. reading time":"1 minute"},"schema":{"@context":"https:\/\/schema.org","@graph":[{"@type":"WebPage","@id":"https:\/\/hutton.ee\/toode\/butuulteip-butyband-alu-300mm-10m\/","url":"https:\/\/hutton.ee\/toode\/butuulteip-butyband-alu-300mm-10m\/","name":"But\u00fc\u00fclteip Butyband ALU 300mm, 10m - Hutton","isPartOf":{"@id":"https:\/\/hutton.ee\/#website"},"datePublished":"2024-10-11T09:34:13+00:00","dateModified":"2025-07-24T09:03:16+00:00","breadcrumb":{"@id":"https:\/\/hutton.ee\/toode\/butuulteip-butyband-alu-300mm-10m\/#breadcrumb"},"inLanguage":"en-US","potentialAction":[{"@type":"ReadAction","target":["https:\/\/hutton.ee\/toode\/butuulteip-butyband-alu-300mm-10m\/"]}]},{"@type":"BreadcrumbList","@id":"https:\/\/hutton.ee\/toode\/butuulteip-butyband-alu-300mm-10m\/#breadcrumb","itemListElement":[{"@type":"ListItem","position":1,"name":"Avaleht","item":"https:\/\/hutton.ee\/"},{"@type":"ListItem","position":2,"name":"Shop","item":"https:\/\/hutton.ee\/en\/shop\/"},{"@type":"ListItem","position":3,"name":"But\u00fc\u00fclteip Butyband ALU 300mm, 10m"}]},{"@type":"WebSite","@id":"https:\/\/hutton.ee\/#website","url":"https:\/\/hutton.ee\/","name":"Hutton","description":"Ajas kestvad ehituslahendused","publisher":{"@id":"https:\/\/hutton.ee\/#organization"},"potentialAction":[{"@type":"SearchAction","target":{"@type":"EntryPoint","urlTemplate":"https:\/\/hutton.ee\/?s={search_term_string}"},"query-input":{"@type":"PropertyValueSpecification","valueRequired":true,"valueName":"search_term_string"}}],"inLanguage":"en-US"},{"@type":"Organization","@id":"https:\/\/hutton.ee\/#organization","name":"Hutton - KATUS | SEIN | FASSAAD","url":"https:\/\/hutton.ee\/","logo":{"@type":"ImageObject","inLanguage":"en-US","@id":"https:\/\/hutton.ee\/#\/schema\/logo\/image\/","url":"https:\/\/hutton.ee\/wp-content\/uploads\/2020\/07\/hutton-logo_uuendatud-01.png","contentUrl":"https:\/\/hutton.ee\/wp-content\/uploads\/2020\/07\/hutton-logo_uuendatud-01.png","width":1064,"height":455,"caption":"Hutton - KATUS | SEIN | FASSAAD"},"image":{"@id":"https:\/\/hutton.ee\/#\/schema\/logo\/image\/"},"sameAs":["https:\/\/www.facebook.com\/huttoneesti"]}]}},"_links":{"self":[{"href":"https:\/\/hutton.ee\/en\/wp-json\/wp\/v2\/product\/21558","targetHints":{"allow":["GET"]}}],"collection":[{"href":"https:\/\/hutton.ee\/en\/wp-json\/wp\/v2\/product"}],"about":[{"href":"https:\/\/hutton.ee\/en\/wp-json\/wp\/v2\/types\/product"}],"wp:attachment":[{"href":"https:\/\/hutton.ee\/en\/wp-json\/wp\/v2\/media?parent=21558"}],"wp:term":[{"taxonomy":"product_brand","embeddable":true,"href":"https:\/\/hutton.ee\/en\/wp-json\/wp\/v2\/product_brand?post=21558"},{"taxonomy":"product_cat","embeddable":true,"href":"https:\/\/hutton.ee\/en\/wp-json\/wp\/v2\/product_cat?post=21558"},{"taxonomy":"product_tag","embeddable":true,"href":"https:\/\/hutton.ee\/en\/wp-json\/wp\/v2\/product_tag?post=21558"},{"taxonomy":"filtrisusteem","embeddable":true,"href":"https:\/\/hutton.ee\/en\/wp-json\/wp\/v2\/filtrisusteem?post=21558"},{"taxonomy":"kvaliteediklass","embeddable":true,"href":"https:\/\/hutton.ee\/en\/wp-json\/wp\/v2\/kvaliteediklass?post=21558"}],"curies":[{"name":"wp","href":"https:\/\/api.w.org\/{rel}","templated":true}]}}