{"id":21565,"date":"2024-10-11T09:39:16","date_gmt":"2024-10-11T09:39:16","guid":{"rendered":"https:\/\/hutton.ee\/?post_type=product&#038;p=21565"},"modified":"2025-07-24T08:42:24","modified_gmt":"2025-07-24T08:42:24","slug":"eriteip-soudaband-bit-graphit-75mm","status":"publish","type":"product","link":"https:\/\/hutton.ee\/en\/toode\/eriteip-soudaband-bit-graphit-75mm\/","title":{"rendered":"Eriteip Soudaband BIT Graphit 75mm"},"content":{"rendered":"<p><span data-sheets-root=\"1\">Eriteip Soudaband BIT Graphit 75mm <\/span><span data-sheets-root=\"1\">on e<\/span>lastne iseliimuv bituumenil p\u00f5hinev isolatsiooniteip, millel on grafiiditooni v\u00e4lisviimistlus. Sobib tihendamiseks ja lekkekindluse andmiseks paljudel erinevatel pindadel ning lekete, rebendite jne sulgemiseks rennides, torudes, katuseelementides jne. Saadaval 10 m pikkuste rullidena erinevates laiustes.<\/p>\n<p><strong>Omadused<\/strong>:<\/p>\n<ul>\n<li>Tihendab kohe<\/li>\n<li>Iseliimuv<\/li>\n<li>Vee- ja ilmastikukindel<\/li>\n<li>UV-kindel<\/li>\n<li>Suurep\u00e4rane nake k\u00f5ikide tavap\u00e4raste ehitusmaterjalidega<\/li>\n<li>Ei saa paigaldada, kui temperatuur on alla +5 \u00b0C<\/li>\n<li>Saadaval erinevates suurustes<\/li>\n<\/ul>\n<p><strong>Kasutuskohad<\/strong>:<br \/>\nSobib ideaalselt katuste, rennide, \u00e4ravoolutorude, korstnate, lainepleki, \u00e4rkliakende, katuseakende jne ning k\u00f5ikides pindades (nagu nt betoon, kivi, plii, alumiinium, klaas, puit ja paljud plastid) olevate pragude tihendamiseks ja veekindlaks muutmiseks. Sobib kasutamiseks nii sise- kui ka v\u00e4listingimustes du\u0161ialuste, \u00e4ravoolutorude, lainepleki, raamide, kasvuhoonete, jne \u00fcmber<\/p>\n<p><strong>Kasutamine<\/strong>:<br \/>\nMadala temperatuuri korral soojendage teipi k\u00f5igepealt sooja\u00f5hupuhuriga. Eemaldage kaitsekile ja paigaldage teip ilma seda venitamata. Hea nakke tagamiseks tuleb teip paigaldada v\u00e4hemalt 1,5 cm \u00fclekattega. Laiemate vuukide korral peab \u00fclekate olema kuni 3 cm. M\u00e4ssige teip toru \u00fcmber \u00fchtlaselt, 1,5 cm \u00fclekattega. Siluge teipi lapi v\u00f5i rulliga, et k\u00f5rvaldada \u00f5humullid. Suruge nurgad eriti tugevalt kinni.<\/p>\n<p><strong>Loe l\u00e4hemalt:<\/strong><\/p>\n<p><a href=\"https:\/\/hutton.ee\/mis-on-ehitusteip\/\">Mis on ehitusteip?<\/a><\/p>\n<p><strong>Vajadusel k\u00fcsi n\u00f5u:<br \/>\n<\/strong><\/p>\n<p><strong>Regina<\/strong> <a href=\"tel:5076742\">+372 507 6742<\/a> | <a href=\"mailto:regina@hutton.ee\">regina@hutton.ee<\/a><br \/>\n<strong>Neeme<\/strong> <a href=\"tel:5098168\">+372 509 8168<\/a> | <a href=\"mailto:neeme@hutton.ee\">neeme@hutton.ee<\/a><\/p>\n","protected":false},"excerpt":{"rendered":"<p><span style=\"text-decoration: underline;\"><span style=\"color: #ff0000; font-size: 12pt; text-decoration: underline;\"><strong><a style=\"color: #ff0000; text-decoration: underline;\" href=\"https:\/\/hutton.ee\/minu-konto\/\" target=\"_blank\" rel=\"noopener\">Registreeru p\u00fcsikliendiks<\/a>!<\/strong><\/span><\/span><\/p>\n","protected":false},"featured_media":26648,"template":"","meta":{"_gspb_post_css":"","_uf_show_specific_survey":0,"_uf_disable_surveys":false},"product_brand":[],"product_cat":[954,1986],"product_tag":[2894],"filtrisusteem":[2484,2498,2475,2341,2439,2404,2476,2351,2378],"kvaliteediklass":[],"class_list":{"0":"post-21565","1":"product","2":"type-product","3":"status-publish","4":"has-post-thumbnail","6":"product_cat-ehitusteibid","7":"product_cat-butuulteibid-bituumenteibid","8":"product_tag-12tk","9":"filtrisusteem-75-80","10":"filtrisusteem-anthrasiit","11":"filtrisusteem-b-kvaliteediklass","12":"filtrisusteem-kvaliteediklass","13":"filtrisusteem-laius","14":"filtrisusteem-sd-m","15":"filtrisusteem-sisse-voi-valja","16":"filtrisusteem-uv-kindlus","17":"filtrisusteem-varvus","19":"first","20":"instock","21":"taxable","22":"shipping-taxable","23":"purchasable","24":"product-type-simple"},"yoast_head":"<!-- This site is optimized with the Yoast SEO Premium plugin v21.3 (Yoast SEO v27.5) - https:\/\/yoast.com\/product\/yoast-seo-premium-wordpress\/ -->\n<title>Eriteip Soudaband BIT Graphit 75mm - Hutton<\/title>\n<meta name=\"robots\" content=\"index, follow, max-snippet:-1, max-image-preview:large, max-video-preview:-1\" \/>\n<link rel=\"canonical\" href=\"https:\/\/hutton.ee\/toode\/eriteip-soudaband-bit-graphit-75mm\/\" \/>\n<meta property=\"og:locale\" content=\"en_US\" \/>\n<meta property=\"og:type\" content=\"article\" \/>\n<meta property=\"og:title\" content=\"Eriteip Soudaband BIT Graphit 75mm\" \/>\n<meta property=\"og:description\" content=\"Registreeru p\u00fcsikliendiks!\" \/>\n<meta property=\"og:url\" content=\"https:\/\/hutton.ee\/toode\/eriteip-soudaband-bit-graphit-75mm\/\" \/>\n<meta property=\"og:site_name\" content=\"Hutton\" \/>\n<meta property=\"article:publisher\" content=\"https:\/\/www.facebook.com\/huttoneesti\" \/>\n<meta property=\"article:modified_time\" content=\"2025-07-24T08:42:24+00:00\" \/>\n<meta property=\"og:image\" content=\"https:\/\/hutton.ee\/wp-content\/uploads\/2024\/10\/Eriteip-Soudaband-BIT-Graphit.png\" \/>\n\t<meta property=\"og:image:width\" content=\"500\" \/>\n\t<meta property=\"og:image:height\" content=\"500\" \/>\n\t<meta property=\"og:image:type\" content=\"image\/png\" \/>\n<meta name=\"twitter:card\" content=\"summary_large_image\" \/>\n<meta name=\"twitter:label1\" content=\"Est. reading time\" \/>\n\t<meta name=\"twitter:data1\" content=\"2 minutes\" \/>\n<script type=\"application\/ld+json\" class=\"yoast-schema-graph\">{\"@context\":\"https:\\\/\\\/schema.org\",\"@graph\":[{\"@type\":\"WebPage\",\"@id\":\"https:\\\/\\\/hutton.ee\\\/toode\\\/eriteip-soudaband-bit-graphit-75mm\\\/\",\"url\":\"https:\\\/\\\/hutton.ee\\\/toode\\\/eriteip-soudaband-bit-graphit-75mm\\\/\",\"name\":\"Eriteip Soudaband BIT Graphit 75mm - Hutton\",\"isPartOf\":{\"@id\":\"https:\\\/\\\/hutton.ee\\\/#website\"},\"primaryImageOfPage\":{\"@id\":\"https:\\\/\\\/hutton.ee\\\/toode\\\/eriteip-soudaband-bit-graphit-75mm\\\/#primaryimage\"},\"image\":{\"@id\":\"https:\\\/\\\/hutton.ee\\\/toode\\\/eriteip-soudaband-bit-graphit-75mm\\\/#primaryimage\"},\"thumbnailUrl\":\"https:\\\/\\\/hutton.ee\\\/wp-content\\\/uploads\\\/2024\\\/10\\\/Eriteip-Soudaband-BIT-Graphit.png\",\"datePublished\":\"2024-10-11T09:39:16+00:00\",\"dateModified\":\"2025-07-24T08:42:24+00:00\",\"breadcrumb\":{\"@id\":\"https:\\\/\\\/hutton.ee\\\/toode\\\/eriteip-soudaband-bit-graphit-75mm\\\/#breadcrumb\"},\"inLanguage\":\"en-US\",\"potentialAction\":[{\"@type\":\"ReadAction\",\"target\":[\"https:\\\/\\\/hutton.ee\\\/toode\\\/eriteip-soudaband-bit-graphit-75mm\\\/\"]}]},{\"@type\":\"ImageObject\",\"inLanguage\":\"en-US\",\"@id\":\"https:\\\/\\\/hutton.ee\\\/toode\\\/eriteip-soudaband-bit-graphit-75mm\\\/#primaryimage\",\"url\":\"https:\\\/\\\/hutton.ee\\\/wp-content\\\/uploads\\\/2024\\\/10\\\/Eriteip-Soudaband-BIT-Graphit.png\",\"contentUrl\":\"https:\\\/\\\/hutton.ee\\\/wp-content\\\/uploads\\\/2024\\\/10\\\/Eriteip-Soudaband-BIT-Graphit.png\",\"width\":500,\"height\":500,\"caption\":\"Eriteip Soudaband BIT Graphit\"},{\"@type\":\"BreadcrumbList\",\"@id\":\"https:\\\/\\\/hutton.ee\\\/toode\\\/eriteip-soudaband-bit-graphit-75mm\\\/#breadcrumb\",\"itemListElement\":[{\"@type\":\"ListItem\",\"position\":1,\"name\":\"Avaleht\",\"item\":\"https:\\\/\\\/hutton.ee\\\/\"},{\"@type\":\"ListItem\",\"position\":2,\"name\":\"Shop\",\"item\":\"https:\\\/\\\/hutton.ee\\\/en\\\/shop\\\/\"},{\"@type\":\"ListItem\",\"position\":3,\"name\":\"Eriteip Soudaband BIT Graphit 75mm\"}]},{\"@type\":\"WebSite\",\"@id\":\"https:\\\/\\\/hutton.ee\\\/#website\",\"url\":\"https:\\\/\\\/hutton.ee\\\/\",\"name\":\"Hutton\",\"description\":\"Ajas kestvad ehituslahendused\",\"publisher\":{\"@id\":\"https:\\\/\\\/hutton.ee\\\/#organization\"},\"potentialAction\":[{\"@type\":\"SearchAction\",\"target\":{\"@type\":\"EntryPoint\",\"urlTemplate\":\"https:\\\/\\\/hutton.ee\\\/?s={search_term_string}\"},\"query-input\":{\"@type\":\"PropertyValueSpecification\",\"valueRequired\":true,\"valueName\":\"search_term_string\"}}],\"inLanguage\":\"en-US\"},{\"@type\":\"Organization\",\"@id\":\"https:\\\/\\\/hutton.ee\\\/#organization\",\"name\":\"Hutton - KATUS | SEIN | FASSAAD\",\"url\":\"https:\\\/\\\/hutton.ee\\\/\",\"logo\":{\"@type\":\"ImageObject\",\"inLanguage\":\"en-US\",\"@id\":\"https:\\\/\\\/hutton.ee\\\/#\\\/schema\\\/logo\\\/image\\\/\",\"url\":\"https:\\\/\\\/hutton.ee\\\/wp-content\\\/uploads\\\/2020\\\/07\\\/hutton-logo_uuendatud-01.png\",\"contentUrl\":\"https:\\\/\\\/hutton.ee\\\/wp-content\\\/uploads\\\/2020\\\/07\\\/hutton-logo_uuendatud-01.png\",\"width\":1064,\"height\":455,\"caption\":\"Hutton - KATUS | SEIN | FASSAAD\"},\"image\":{\"@id\":\"https:\\\/\\\/hutton.ee\\\/#\\\/schema\\\/logo\\\/image\\\/\"},\"sameAs\":[\"https:\\\/\\\/www.facebook.com\\\/huttoneesti\"]}]}<\/script>\n<!-- \/ Yoast SEO Premium plugin. -->","yoast_head_json":{"title":"Eriteip Soudaband BIT Graphit 75mm - Hutton","robots":{"index":"index","follow":"follow","max-snippet":"max-snippet:-1","max-image-preview":"max-image-preview:large","max-video-preview":"max-video-preview:-1"},"canonical":"https:\/\/hutton.ee\/toode\/eriteip-soudaband-bit-graphit-75mm\/","og_locale":"en_US","og_type":"article","og_title":"Eriteip Soudaband BIT Graphit 75mm","og_description":"Registreeru p\u00fcsikliendiks!","og_url":"https:\/\/hutton.ee\/toode\/eriteip-soudaband-bit-graphit-75mm\/","og_site_name":"Hutton","article_publisher":"https:\/\/www.facebook.com\/huttoneesti","article_modified_time":"2025-07-24T08:42:24+00:00","og_image":[{"width":500,"height":500,"url":"https:\/\/hutton.ee\/wp-content\/uploads\/2024\/10\/Eriteip-Soudaband-BIT-Graphit.png","type":"image\/png"}],"twitter_card":"summary_large_image","twitter_misc":{"Est. reading time":"2 minutes"},"schema":{"@context":"https:\/\/schema.org","@graph":[{"@type":"WebPage","@id":"https:\/\/hutton.ee\/toode\/eriteip-soudaband-bit-graphit-75mm\/","url":"https:\/\/hutton.ee\/toode\/eriteip-soudaband-bit-graphit-75mm\/","name":"Eriteip Soudaband BIT Graphit 75mm - Hutton","isPartOf":{"@id":"https:\/\/hutton.ee\/#website"},"primaryImageOfPage":{"@id":"https:\/\/hutton.ee\/toode\/eriteip-soudaband-bit-graphit-75mm\/#primaryimage"},"image":{"@id":"https:\/\/hutton.ee\/toode\/eriteip-soudaband-bit-graphit-75mm\/#primaryimage"},"thumbnailUrl":"https:\/\/hutton.ee\/wp-content\/uploads\/2024\/10\/Eriteip-Soudaband-BIT-Graphit.png","datePublished":"2024-10-11T09:39:16+00:00","dateModified":"2025-07-24T08:42:24+00:00","breadcrumb":{"@id":"https:\/\/hutton.ee\/toode\/eriteip-soudaband-bit-graphit-75mm\/#breadcrumb"},"inLanguage":"en-US","potentialAction":[{"@type":"ReadAction","target":["https:\/\/hutton.ee\/toode\/eriteip-soudaband-bit-graphit-75mm\/"]}]},{"@type":"ImageObject","inLanguage":"en-US","@id":"https:\/\/hutton.ee\/toode\/eriteip-soudaband-bit-graphit-75mm\/#primaryimage","url":"https:\/\/hutton.ee\/wp-content\/uploads\/2024\/10\/Eriteip-Soudaband-BIT-Graphit.png","contentUrl":"https:\/\/hutton.ee\/wp-content\/uploads\/2024\/10\/Eriteip-Soudaband-BIT-Graphit.png","width":500,"height":500,"caption":"Eriteip Soudaband BIT Graphit"},{"@type":"BreadcrumbList","@id":"https:\/\/hutton.ee\/toode\/eriteip-soudaband-bit-graphit-75mm\/#breadcrumb","itemListElement":[{"@type":"ListItem","position":1,"name":"Avaleht","item":"https:\/\/hutton.ee\/"},{"@type":"ListItem","position":2,"name":"Shop","item":"https:\/\/hutton.ee\/en\/shop\/"},{"@type":"ListItem","position":3,"name":"Eriteip Soudaband BIT Graphit 75mm"}]},{"@type":"WebSite","@id":"https:\/\/hutton.ee\/#website","url":"https:\/\/hutton.ee\/","name":"Hutton","description":"Ajas kestvad ehituslahendused","publisher":{"@id":"https:\/\/hutton.ee\/#organization"},"potentialAction":[{"@type":"SearchAction","target":{"@type":"EntryPoint","urlTemplate":"https:\/\/hutton.ee\/?s={search_term_string}"},"query-input":{"@type":"PropertyValueSpecification","valueRequired":true,"valueName":"search_term_string"}}],"inLanguage":"en-US"},{"@type":"Organization","@id":"https:\/\/hutton.ee\/#organization","name":"Hutton - KATUS | SEIN | FASSAAD","url":"https:\/\/hutton.ee\/","logo":{"@type":"ImageObject","inLanguage":"en-US","@id":"https:\/\/hutton.ee\/#\/schema\/logo\/image\/","url":"https:\/\/hutton.ee\/wp-content\/uploads\/2020\/07\/hutton-logo_uuendatud-01.png","contentUrl":"https:\/\/hutton.ee\/wp-content\/uploads\/2020\/07\/hutton-logo_uuendatud-01.png","width":1064,"height":455,"caption":"Hutton - KATUS | SEIN | FASSAAD"},"image":{"@id":"https:\/\/hutton.ee\/#\/schema\/logo\/image\/"},"sameAs":["https:\/\/www.facebook.com\/huttoneesti"]}]}},"_links":{"self":[{"href":"https:\/\/hutton.ee\/en\/wp-json\/wp\/v2\/product\/21565","targetHints":{"allow":["GET"]}}],"collection":[{"href":"https:\/\/hutton.ee\/en\/wp-json\/wp\/v2\/product"}],"about":[{"href":"https:\/\/hutton.ee\/en\/wp-json\/wp\/v2\/types\/product"}],"wp:featuredmedia":[{"embeddable":true,"href":"https:\/\/hutton.ee\/en\/wp-json\/wp\/v2\/media\/26648"}],"wp:attachment":[{"href":"https:\/\/hutton.ee\/en\/wp-json\/wp\/v2\/media?parent=21565"}],"wp:term":[{"taxonomy":"product_brand","embeddable":true,"href":"https:\/\/hutton.ee\/en\/wp-json\/wp\/v2\/product_brand?post=21565"},{"taxonomy":"product_cat","embeddable":true,"href":"https:\/\/hutton.ee\/en\/wp-json\/wp\/v2\/product_cat?post=21565"},{"taxonomy":"product_tag","embeddable":true,"href":"https:\/\/hutton.ee\/en\/wp-json\/wp\/v2\/product_tag?post=21565"},{"taxonomy":"filtrisusteem","embeddable":true,"href":"https:\/\/hutton.ee\/en\/wp-json\/wp\/v2\/filtrisusteem?post=21565"},{"taxonomy":"kvaliteediklass","embeddable":true,"href":"https:\/\/hutton.ee\/en\/wp-json\/wp\/v2\/kvaliteediklass?post=21565"}],"curies":[{"name":"wp","href":"https:\/\/api.w.org\/{rel}","templated":true}]}}