{"id":21592,"date":"2024-10-11T09:51:31","date_gmt":"2024-10-11T09:51:31","guid":{"rendered":"https:\/\/hutton.ee\/?post_type=product&#038;p=21592"},"modified":"2025-12-12T14:42:40","modified_gmt":"2025-12-12T14:42:40","slug":"tihendusriba-epdm-120mm-70mm-20m","status":"publish","type":"product","link":"https:\/\/hutton.ee\/en\/toode\/tihendusriba-epdm-120mm-70mm-20m\/","title":{"rendered":"Tihendusriba EPDM 1,20mm\/70mm\/20m"},"content":{"rendered":"<p><span data-sheets-root=\"1\">Tihendusriba EPDM 1,20mm\/70mm\/20m <\/span><span data-sheets-root=\"1\">f<\/span>assaadi vuukide \u00fclekatmiseks p\u00e4ikese eest.<\/p>\n<p>Kasutatav paljude materjalidega, nagu: PVC, alumiinium, teras, tsingitud teras, klaas, akr\u00fc\u00fclklaas, betoon, kergbetoon, plii, puit, asfalt, EPDM, but\u00fc\u00fcl\u2026<\/p>\n<p><strong>Vajadusel k\u00fcsi n\u00f5u:<br \/>\n<\/strong><\/p>\n<p><strong>Regina<\/strong> <a href=\"tel:5076742\">+372 507 6742<\/a> | <a href=\"mailto:regina@hutton.ee\">regina@hutton.ee<\/a><br \/>\n<strong>Neeme<\/strong> <a href=\"tel:5098168\">+372 509 8168<\/a> | <a href=\"mailto:neeme@hutton.ee\">neeme@hutton.ee<\/a><\/p>\n","protected":false},"excerpt":{"rendered":"<p><span style=\"text-decoration: underline;\"><span style=\"color: #ff0000; font-size: 12pt; text-decoration: underline;\"><strong><a style=\"color: #ff0000; text-decoration: underline;\" href=\"https:\/\/hutton.ee\/minu-konto\/\" target=\"_blank\" rel=\"noopener\">Registreeru p\u00fcsikliendiks<\/a>!<\/strong><\/span><\/span><\/p>\n","protected":false},"featured_media":26212,"template":"","meta":{"_gspb_post_css":"","_uf_show_specific_survey":0,"_uf_disable_surveys":false},"product_brand":[],"product_cat":[962,1988],"product_tag":[2894],"filtrisusteem":[2535,2560,2529,2479,2461,2526],"kvaliteediklass":[],"class_list":{"0":"post-21592","1":"product","2":"type-product","3":"status-publish","4":"has-post-thumbnail","6":"product_cat-tihendid","7":"product_cat-tihendusriba","8":"product_tag-12tk","9":"filtrisusteem-2535","10":"filtrisusteem-2560","11":"filtrisusteem-epdm","12":"filtrisusteem-laius-mm","13":"filtrisusteem-paksus-mm","14":"filtrisusteem-toote-materjal-2","16":"first","17":"instock","18":"taxable","19":"shipping-taxable","20":"purchasable","21":"product-type-simple"},"yoast_head":"<!-- This site is optimized with the Yoast SEO Premium plugin v21.3 (Yoast SEO v27.3) - https:\/\/yoast.com\/product\/yoast-seo-premium-wordpress\/ -->\n<title>Tihendusriba EPDM 1,20mm\/70mm\/20m - Hutton<\/title>\n<meta name=\"description\" content=\"EPDM tihendusriba on vastupidav ja elastne lahendus katuste, fassaadide ja konstruktsiooniliidete tihendamiseks, tagades pikaajalise ilmastikukindluse.\" \/>\n<meta name=\"robots\" content=\"index, follow, max-snippet:-1, max-image-preview:large, max-video-preview:-1\" \/>\n<link rel=\"canonical\" href=\"https:\/\/hutton.ee\/toode\/tihendusriba-epdm-120mm-70mm-20m\/\" \/>\n<meta property=\"og:locale\" content=\"en_US\" \/>\n<meta property=\"og:type\" content=\"article\" \/>\n<meta property=\"og:title\" content=\"Tihendusriba EPDM 1,20mm\/70mm\/20m\" \/>\n<meta property=\"og:description\" content=\"EPDM tihendusriba on vastupidav ja elastne lahendus katuste, fassaadide ja konstruktsiooniliidete tihendamiseks, tagades pikaajalise ilmastikukindluse.\" \/>\n<meta property=\"og:url\" content=\"https:\/\/hutton.ee\/toode\/tihendusriba-epdm-120mm-70mm-20m\/\" \/>\n<meta property=\"og:site_name\" content=\"Hutton\" \/>\n<meta property=\"article:publisher\" content=\"https:\/\/www.facebook.com\/huttoneesti\" \/>\n<meta property=\"article:modified_time\" content=\"2025-12-12T14:42:40+00:00\" \/>\n<meta property=\"og:image\" content=\"https:\/\/hutton.ee\/wp-content\/uploads\/2024\/10\/epdm.png\" \/>\n\t<meta property=\"og:image:width\" content=\"500\" \/>\n\t<meta property=\"og:image:height\" content=\"500\" \/>\n\t<meta property=\"og:image:type\" content=\"image\/png\" \/>\n<meta name=\"twitter:card\" content=\"summary_large_image\" \/>\n<meta name=\"twitter:label1\" content=\"Est. reading time\" \/>\n\t<meta name=\"twitter:data1\" content=\"1 minute\" \/>\n<script type=\"application\/ld+json\" class=\"yoast-schema-graph\">{\"@context\":\"https:\\\/\\\/schema.org\",\"@graph\":[{\"@type\":\"WebPage\",\"@id\":\"https:\\\/\\\/hutton.ee\\\/toode\\\/tihendusriba-epdm-120mm-70mm-20m\\\/\",\"url\":\"https:\\\/\\\/hutton.ee\\\/toode\\\/tihendusriba-epdm-120mm-70mm-20m\\\/\",\"name\":\"Tihendusriba EPDM 1,20mm\\\/70mm\\\/20m - Hutton\",\"isPartOf\":{\"@id\":\"https:\\\/\\\/hutton.ee\\\/#website\"},\"primaryImageOfPage\":{\"@id\":\"https:\\\/\\\/hutton.ee\\\/toode\\\/tihendusriba-epdm-120mm-70mm-20m\\\/#primaryimage\"},\"image\":{\"@id\":\"https:\\\/\\\/hutton.ee\\\/toode\\\/tihendusriba-epdm-120mm-70mm-20m\\\/#primaryimage\"},\"thumbnailUrl\":\"https:\\\/\\\/hutton.ee\\\/wp-content\\\/uploads\\\/2024\\\/10\\\/epdm.png\",\"datePublished\":\"2024-10-11T09:51:31+00:00\",\"dateModified\":\"2025-12-12T14:42:40+00:00\",\"description\":\"EPDM tihendusriba on vastupidav ja elastne lahendus katuste, fassaadide ja konstruktsiooniliidete tihendamiseks, tagades pikaajalise ilmastikukindluse.\",\"breadcrumb\":{\"@id\":\"https:\\\/\\\/hutton.ee\\\/toode\\\/tihendusriba-epdm-120mm-70mm-20m\\\/#breadcrumb\"},\"inLanguage\":\"en-US\",\"potentialAction\":[{\"@type\":\"ReadAction\",\"target\":[\"https:\\\/\\\/hutton.ee\\\/toode\\\/tihendusriba-epdm-120mm-70mm-20m\\\/\"]}]},{\"@type\":\"ImageObject\",\"inLanguage\":\"en-US\",\"@id\":\"https:\\\/\\\/hutton.ee\\\/toode\\\/tihendusriba-epdm-120mm-70mm-20m\\\/#primaryimage\",\"url\":\"https:\\\/\\\/hutton.ee\\\/wp-content\\\/uploads\\\/2024\\\/10\\\/epdm.png\",\"contentUrl\":\"https:\\\/\\\/hutton.ee\\\/wp-content\\\/uploads\\\/2024\\\/10\\\/epdm.png\",\"width\":500,\"height\":500,\"caption\":\"Tihendusriba EPDM 0,80mm\\\/50mm\\\/20m\"},{\"@type\":\"BreadcrumbList\",\"@id\":\"https:\\\/\\\/hutton.ee\\\/toode\\\/tihendusriba-epdm-120mm-70mm-20m\\\/#breadcrumb\",\"itemListElement\":[{\"@type\":\"ListItem\",\"position\":1,\"name\":\"Avaleht\",\"item\":\"https:\\\/\\\/hutton.ee\\\/\"},{\"@type\":\"ListItem\",\"position\":2,\"name\":\"Shop\",\"item\":\"https:\\\/\\\/hutton.ee\\\/en\\\/shop\\\/\"},{\"@type\":\"ListItem\",\"position\":3,\"name\":\"Tihendusriba EPDM 1,20mm\\\/70mm\\\/20m\"}]},{\"@type\":\"WebSite\",\"@id\":\"https:\\\/\\\/hutton.ee\\\/#website\",\"url\":\"https:\\\/\\\/hutton.ee\\\/\",\"name\":\"Hutton\",\"description\":\"Ajas kestvad ehituslahendused\",\"publisher\":{\"@id\":\"https:\\\/\\\/hutton.ee\\\/#organization\"},\"potentialAction\":[{\"@type\":\"SearchAction\",\"target\":{\"@type\":\"EntryPoint\",\"urlTemplate\":\"https:\\\/\\\/hutton.ee\\\/?s={search_term_string}\"},\"query-input\":{\"@type\":\"PropertyValueSpecification\",\"valueRequired\":true,\"valueName\":\"search_term_string\"}}],\"inLanguage\":\"en-US\"},{\"@type\":\"Organization\",\"@id\":\"https:\\\/\\\/hutton.ee\\\/#organization\",\"name\":\"Hutton - KATUS | SEIN | FASSAAD\",\"url\":\"https:\\\/\\\/hutton.ee\\\/\",\"logo\":{\"@type\":\"ImageObject\",\"inLanguage\":\"en-US\",\"@id\":\"https:\\\/\\\/hutton.ee\\\/#\\\/schema\\\/logo\\\/image\\\/\",\"url\":\"https:\\\/\\\/hutton.ee\\\/wp-content\\\/uploads\\\/2020\\\/07\\\/hutton-logo_uuendatud-01.png\",\"contentUrl\":\"https:\\\/\\\/hutton.ee\\\/wp-content\\\/uploads\\\/2020\\\/07\\\/hutton-logo_uuendatud-01.png\",\"width\":1064,\"height\":455,\"caption\":\"Hutton - KATUS | SEIN | FASSAAD\"},\"image\":{\"@id\":\"https:\\\/\\\/hutton.ee\\\/#\\\/schema\\\/logo\\\/image\\\/\"},\"sameAs\":[\"https:\\\/\\\/www.facebook.com\\\/huttoneesti\"]}]}<\/script>\n<!-- \/ Yoast SEO Premium plugin. -->","yoast_head_json":{"title":"Tihendusriba EPDM 1,20mm\/70mm\/20m - Hutton","description":"EPDM tihendusriba on vastupidav ja elastne lahendus katuste, fassaadide ja konstruktsiooniliidete tihendamiseks, tagades pikaajalise ilmastikukindluse.","robots":{"index":"index","follow":"follow","max-snippet":"max-snippet:-1","max-image-preview":"max-image-preview:large","max-video-preview":"max-video-preview:-1"},"canonical":"https:\/\/hutton.ee\/toode\/tihendusriba-epdm-120mm-70mm-20m\/","og_locale":"en_US","og_type":"article","og_title":"Tihendusriba EPDM 1,20mm\/70mm\/20m","og_description":"EPDM tihendusriba on vastupidav ja elastne lahendus katuste, fassaadide ja konstruktsiooniliidete tihendamiseks, tagades pikaajalise ilmastikukindluse.","og_url":"https:\/\/hutton.ee\/toode\/tihendusriba-epdm-120mm-70mm-20m\/","og_site_name":"Hutton","article_publisher":"https:\/\/www.facebook.com\/huttoneesti","article_modified_time":"2025-12-12T14:42:40+00:00","og_image":[{"width":500,"height":500,"url":"https:\/\/hutton.ee\/wp-content\/uploads\/2024\/10\/epdm.png","type":"image\/png"}],"twitter_card":"summary_large_image","twitter_misc":{"Est. reading time":"1 minute"},"schema":{"@context":"https:\/\/schema.org","@graph":[{"@type":"WebPage","@id":"https:\/\/hutton.ee\/toode\/tihendusriba-epdm-120mm-70mm-20m\/","url":"https:\/\/hutton.ee\/toode\/tihendusriba-epdm-120mm-70mm-20m\/","name":"Tihendusriba EPDM 1,20mm\/70mm\/20m - Hutton","isPartOf":{"@id":"https:\/\/hutton.ee\/#website"},"primaryImageOfPage":{"@id":"https:\/\/hutton.ee\/toode\/tihendusriba-epdm-120mm-70mm-20m\/#primaryimage"},"image":{"@id":"https:\/\/hutton.ee\/toode\/tihendusriba-epdm-120mm-70mm-20m\/#primaryimage"},"thumbnailUrl":"https:\/\/hutton.ee\/wp-content\/uploads\/2024\/10\/epdm.png","datePublished":"2024-10-11T09:51:31+00:00","dateModified":"2025-12-12T14:42:40+00:00","description":"EPDM tihendusriba on vastupidav ja elastne lahendus katuste, fassaadide ja konstruktsiooniliidete tihendamiseks, tagades pikaajalise ilmastikukindluse.","breadcrumb":{"@id":"https:\/\/hutton.ee\/toode\/tihendusriba-epdm-120mm-70mm-20m\/#breadcrumb"},"inLanguage":"en-US","potentialAction":[{"@type":"ReadAction","target":["https:\/\/hutton.ee\/toode\/tihendusriba-epdm-120mm-70mm-20m\/"]}]},{"@type":"ImageObject","inLanguage":"en-US","@id":"https:\/\/hutton.ee\/toode\/tihendusriba-epdm-120mm-70mm-20m\/#primaryimage","url":"https:\/\/hutton.ee\/wp-content\/uploads\/2024\/10\/epdm.png","contentUrl":"https:\/\/hutton.ee\/wp-content\/uploads\/2024\/10\/epdm.png","width":500,"height":500,"caption":"Tihendusriba EPDM 0,80mm\/50mm\/20m"},{"@type":"BreadcrumbList","@id":"https:\/\/hutton.ee\/toode\/tihendusriba-epdm-120mm-70mm-20m\/#breadcrumb","itemListElement":[{"@type":"ListItem","position":1,"name":"Avaleht","item":"https:\/\/hutton.ee\/"},{"@type":"ListItem","position":2,"name":"Shop","item":"https:\/\/hutton.ee\/en\/shop\/"},{"@type":"ListItem","position":3,"name":"Tihendusriba EPDM 1,20mm\/70mm\/20m"}]},{"@type":"WebSite","@id":"https:\/\/hutton.ee\/#website","url":"https:\/\/hutton.ee\/","name":"Hutton","description":"Ajas kestvad ehituslahendused","publisher":{"@id":"https:\/\/hutton.ee\/#organization"},"potentialAction":[{"@type":"SearchAction","target":{"@type":"EntryPoint","urlTemplate":"https:\/\/hutton.ee\/?s={search_term_string}"},"query-input":{"@type":"PropertyValueSpecification","valueRequired":true,"valueName":"search_term_string"}}],"inLanguage":"en-US"},{"@type":"Organization","@id":"https:\/\/hutton.ee\/#organization","name":"Hutton - KATUS | SEIN | FASSAAD","url":"https:\/\/hutton.ee\/","logo":{"@type":"ImageObject","inLanguage":"en-US","@id":"https:\/\/hutton.ee\/#\/schema\/logo\/image\/","url":"https:\/\/hutton.ee\/wp-content\/uploads\/2020\/07\/hutton-logo_uuendatud-01.png","contentUrl":"https:\/\/hutton.ee\/wp-content\/uploads\/2020\/07\/hutton-logo_uuendatud-01.png","width":1064,"height":455,"caption":"Hutton - KATUS | SEIN | FASSAAD"},"image":{"@id":"https:\/\/hutton.ee\/#\/schema\/logo\/image\/"},"sameAs":["https:\/\/www.facebook.com\/huttoneesti"]}]}},"_links":{"self":[{"href":"https:\/\/hutton.ee\/en\/wp-json\/wp\/v2\/product\/21592","targetHints":{"allow":["GET"]}}],"collection":[{"href":"https:\/\/hutton.ee\/en\/wp-json\/wp\/v2\/product"}],"about":[{"href":"https:\/\/hutton.ee\/en\/wp-json\/wp\/v2\/types\/product"}],"wp:featuredmedia":[{"embeddable":true,"href":"https:\/\/hutton.ee\/en\/wp-json\/wp\/v2\/media\/26212"}],"wp:attachment":[{"href":"https:\/\/hutton.ee\/en\/wp-json\/wp\/v2\/media?parent=21592"}],"wp:term":[{"taxonomy":"product_brand","embeddable":true,"href":"https:\/\/hutton.ee\/en\/wp-json\/wp\/v2\/product_brand?post=21592"},{"taxonomy":"product_cat","embeddable":true,"href":"https:\/\/hutton.ee\/en\/wp-json\/wp\/v2\/product_cat?post=21592"},{"taxonomy":"product_tag","embeddable":true,"href":"https:\/\/hutton.ee\/en\/wp-json\/wp\/v2\/product_tag?post=21592"},{"taxonomy":"filtrisusteem","embeddable":true,"href":"https:\/\/hutton.ee\/en\/wp-json\/wp\/v2\/filtrisusteem?post=21592"},{"taxonomy":"kvaliteediklass","embeddable":true,"href":"https:\/\/hutton.ee\/en\/wp-json\/wp\/v2\/kvaliteediklass?post=21592"}],"curies":[{"name":"wp","href":"https:\/\/api.w.org\/{rel}","templated":true}]}}