{"id":21597,"date":"2024-10-11T09:53:04","date_gmt":"2024-10-11T09:53:04","guid":{"rendered":"https:\/\/hutton.ee\/?post_type=product&#038;p=21597"},"modified":"2026-02-19T14:49:50","modified_gmt":"2026-02-19T14:49:50","slug":"keemiline-ankur-hubriid-300ml-rawlplug","status":"publish","type":"product","link":"https:\/\/hutton.ee\/en\/toode\/keemiline-ankur-hubriid-300ml-rawlplug\/","title":{"rendered":"Keemiline ankur h\u00fcbriid 300ml Rawlplug"},"content":{"rendered":"<p><span data-sheets-root=\"1\">Keemiline ankur h\u00fcbriid 300ml Rawlplug omadused ja eelissed:<\/span><\/p>\n<ul>\n<li>Heaks kiidetud kasutamiseks pragunenud ja mittepragunenud betoonis (EAD 330499-01-0601), t\u00f6\u00f6iga kuni 100 aastat<\/li>\n<li>Sobib kasutamiseks kuivas v\u00f5i niiskes alusel ja veega t\u00e4idetud aukudes<\/li>\n<li>Kiirema k\u00f5venemise tagamiseks saab kasutada talvist vaiguversi<\/li>\n<li>Puuriava puhastamine pole vajalik, kui kasutatakse Dustlessdrill puure<\/li>\n<li>Eriti pikk segistiotsik mugavamaks ja t\u00e4psemaks rakendamiseks<\/li>\n<li>Sobib mitmekordseks kasutamiseks. Osaliselt kasutatud toote saab uuesti kasutada p\u00e4rast uue otsiku paigaldamist<\/li>\n<li>V\u00e4ga k\u00f5rge kandev\u00f5ime<\/li>\n<li>K\u00fcttes tingimustes l\u00e4biviidud katsed kinnitavad tulekindluse kuni R120<\/li>\n<\/ul>\n<p><strong>Vajadusel k\u00fcsi n\u00f5u:<\/strong><\/p>\n<p><strong>Neeme<\/strong> <a href=\"tel:5098168\">+372 509 8168<\/a> | <a href=\"mailto:neeme@hutton.ee\">neeme@hutton.ee<\/a><\/p>\n","protected":false},"excerpt":{"rendered":"<p><span style=\"text-decoration: underline;\"><span style=\"color: #ff0000; font-size: 12pt; text-decoration: underline;\"><strong><a style=\"color: #ff0000; text-decoration: underline;\" href=\"https:\/\/hutton.ee\/minu-konto\/\" target=\"_blank\" rel=\"noopener\">Registreeru p\u00fcsikliendiks<\/a>!<\/strong><\/span><\/span><\/p>\n","protected":false},"featured_media":26618,"template":"","meta":{"_gspb_post_css":"","_uf_show_specific_survey":0,"_uf_disable_surveys":false},"product_brand":[],"product_cat":[964,2281],"product_tag":[2907],"filtrisusteem":[],"kvaliteediklass":[],"class_list":{"0":"post-21597","1":"product","2":"type-product","3":"status-publish","4":"has-post-thumbnail","6":"product_cat-ehituskeemia","7":"product_cat-keemiline-ankur","8":"product_tag-25tk","10":"first","11":"instock","12":"taxable","13":"shipping-taxable","14":"purchasable","15":"product-type-simple"},"yoast_head":"<!-- This site is optimized with the Yoast SEO Premium plugin v21.3 (Yoast SEO v27.3) - https:\/\/yoast.com\/product\/yoast-seo-premium-wordpress\/ -->\n<title>Keemiline ankur h\u00fcbriid 300ml Rawlplug - Hutton<\/title>\n<meta name=\"description\" content=\"Keemiline ankur Rawlplug h\u00fcbriid 300 ml sobib pragunenud ja pragunemata betooni kinnitusteks. V\u00e4ga suur kandev\u00f5ime, kiire k\u00f5venemine ja tulekindlus\" \/>\n<meta name=\"robots\" content=\"index, follow, max-snippet:-1, max-image-preview:large, max-video-preview:-1\" \/>\n<link rel=\"canonical\" href=\"https:\/\/hutton.ee\/toode\/keemiline-ankur-hubriid-300ml-rawlplug\/\" \/>\n<meta property=\"og:locale\" content=\"en_US\" \/>\n<meta property=\"og:type\" content=\"article\" \/>\n<meta property=\"og:title\" content=\"Keemiline ankur h\u00fcbriid 300ml Rawlplug\" \/>\n<meta property=\"og:description\" content=\"Keemiline ankur Rawlplug h\u00fcbriid 300 ml sobib pragunenud ja pragunemata betooni kinnitusteks. V\u00e4ga suur kandev\u00f5ime, kiire k\u00f5venemine ja tulekindlus\" \/>\n<meta property=\"og:url\" content=\"https:\/\/hutton.ee\/toode\/keemiline-ankur-hubriid-300ml-rawlplug\/\" \/>\n<meta property=\"og:site_name\" content=\"Hutton\" \/>\n<meta property=\"article:publisher\" content=\"https:\/\/www.facebook.com\/huttoneesti\" \/>\n<meta property=\"article:modified_time\" content=\"2026-02-19T14:49:50+00:00\" \/>\n<meta property=\"og:image\" content=\"https:\/\/hutton.ee\/wp-content\/uploads\/2024\/10\/Keemiline-ankur-hubriid-Rawlplug.png\" \/>\n\t<meta property=\"og:image:width\" content=\"500\" \/>\n\t<meta property=\"og:image:height\" content=\"500\" \/>\n\t<meta property=\"og:image:type\" content=\"image\/png\" \/>\n<meta name=\"twitter:card\" content=\"summary_large_image\" \/>\n<meta name=\"twitter:label1\" content=\"Est. reading time\" \/>\n\t<meta name=\"twitter:data1\" content=\"1 minute\" \/>\n<script type=\"application\/ld+json\" class=\"yoast-schema-graph\">{\"@context\":\"https:\\\/\\\/schema.org\",\"@graph\":[{\"@type\":\"WebPage\",\"@id\":\"https:\\\/\\\/hutton.ee\\\/toode\\\/keemiline-ankur-hubriid-300ml-rawlplug\\\/\",\"url\":\"https:\\\/\\\/hutton.ee\\\/toode\\\/keemiline-ankur-hubriid-300ml-rawlplug\\\/\",\"name\":\"Keemiline ankur h\u00fcbriid 300ml Rawlplug - Hutton\",\"isPartOf\":{\"@id\":\"https:\\\/\\\/hutton.ee\\\/#website\"},\"primaryImageOfPage\":{\"@id\":\"https:\\\/\\\/hutton.ee\\\/toode\\\/keemiline-ankur-hubriid-300ml-rawlplug\\\/#primaryimage\"},\"image\":{\"@id\":\"https:\\\/\\\/hutton.ee\\\/toode\\\/keemiline-ankur-hubriid-300ml-rawlplug\\\/#primaryimage\"},\"thumbnailUrl\":\"https:\\\/\\\/hutton.ee\\\/wp-content\\\/uploads\\\/2024\\\/10\\\/Keemiline-ankur-hubriid-Rawlplug.png\",\"datePublished\":\"2024-10-11T09:53:04+00:00\",\"dateModified\":\"2026-02-19T14:49:50+00:00\",\"description\":\"Keemiline ankur Rawlplug h\u00fcbriid 300 ml sobib pragunenud ja pragunemata betooni kinnitusteks. V\u00e4ga suur kandev\u00f5ime, kiire k\u00f5venemine ja tulekindlus\",\"breadcrumb\":{\"@id\":\"https:\\\/\\\/hutton.ee\\\/toode\\\/keemiline-ankur-hubriid-300ml-rawlplug\\\/#breadcrumb\"},\"inLanguage\":\"en-US\",\"potentialAction\":[{\"@type\":\"ReadAction\",\"target\":[\"https:\\\/\\\/hutton.ee\\\/toode\\\/keemiline-ankur-hubriid-300ml-rawlplug\\\/\"]}]},{\"@type\":\"ImageObject\",\"inLanguage\":\"en-US\",\"@id\":\"https:\\\/\\\/hutton.ee\\\/toode\\\/keemiline-ankur-hubriid-300ml-rawlplug\\\/#primaryimage\",\"url\":\"https:\\\/\\\/hutton.ee\\\/wp-content\\\/uploads\\\/2024\\\/10\\\/Keemiline-ankur-hubriid-Rawlplug.png\",\"contentUrl\":\"https:\\\/\\\/hutton.ee\\\/wp-content\\\/uploads\\\/2024\\\/10\\\/Keemiline-ankur-hubriid-Rawlplug.png\",\"width\":500,\"height\":500,\"caption\":\"Keemiline ankur h\u00fcbriid Rawlplug\"},{\"@type\":\"BreadcrumbList\",\"@id\":\"https:\\\/\\\/hutton.ee\\\/toode\\\/keemiline-ankur-hubriid-300ml-rawlplug\\\/#breadcrumb\",\"itemListElement\":[{\"@type\":\"ListItem\",\"position\":1,\"name\":\"Avaleht\",\"item\":\"https:\\\/\\\/hutton.ee\\\/\"},{\"@type\":\"ListItem\",\"position\":2,\"name\":\"Shop\",\"item\":\"https:\\\/\\\/hutton.ee\\\/en\\\/shop\\\/\"},{\"@type\":\"ListItem\",\"position\":3,\"name\":\"Keemiline ankur h\u00fcbriid 300ml Rawlplug\"}]},{\"@type\":\"WebSite\",\"@id\":\"https:\\\/\\\/hutton.ee\\\/#website\",\"url\":\"https:\\\/\\\/hutton.ee\\\/\",\"name\":\"Hutton\",\"description\":\"Ajas kestvad ehituslahendused\",\"publisher\":{\"@id\":\"https:\\\/\\\/hutton.ee\\\/#organization\"},\"potentialAction\":[{\"@type\":\"SearchAction\",\"target\":{\"@type\":\"EntryPoint\",\"urlTemplate\":\"https:\\\/\\\/hutton.ee\\\/?s={search_term_string}\"},\"query-input\":{\"@type\":\"PropertyValueSpecification\",\"valueRequired\":true,\"valueName\":\"search_term_string\"}}],\"inLanguage\":\"en-US\"},{\"@type\":\"Organization\",\"@id\":\"https:\\\/\\\/hutton.ee\\\/#organization\",\"name\":\"Hutton - KATUS | SEIN | FASSAAD\",\"url\":\"https:\\\/\\\/hutton.ee\\\/\",\"logo\":{\"@type\":\"ImageObject\",\"inLanguage\":\"en-US\",\"@id\":\"https:\\\/\\\/hutton.ee\\\/#\\\/schema\\\/logo\\\/image\\\/\",\"url\":\"https:\\\/\\\/hutton.ee\\\/wp-content\\\/uploads\\\/2020\\\/07\\\/hutton-logo_uuendatud-01.png\",\"contentUrl\":\"https:\\\/\\\/hutton.ee\\\/wp-content\\\/uploads\\\/2020\\\/07\\\/hutton-logo_uuendatud-01.png\",\"width\":1064,\"height\":455,\"caption\":\"Hutton - KATUS | SEIN | FASSAAD\"},\"image\":{\"@id\":\"https:\\\/\\\/hutton.ee\\\/#\\\/schema\\\/logo\\\/image\\\/\"},\"sameAs\":[\"https:\\\/\\\/www.facebook.com\\\/huttoneesti\"]}]}<\/script>\n<!-- \/ Yoast SEO Premium plugin. -->","yoast_head_json":{"title":"Keemiline ankur h\u00fcbriid 300ml Rawlplug - Hutton","description":"Keemiline ankur Rawlplug h\u00fcbriid 300 ml sobib pragunenud ja pragunemata betooni kinnitusteks. V\u00e4ga suur kandev\u00f5ime, kiire k\u00f5venemine ja tulekindlus","robots":{"index":"index","follow":"follow","max-snippet":"max-snippet:-1","max-image-preview":"max-image-preview:large","max-video-preview":"max-video-preview:-1"},"canonical":"https:\/\/hutton.ee\/toode\/keemiline-ankur-hubriid-300ml-rawlplug\/","og_locale":"en_US","og_type":"article","og_title":"Keemiline ankur h\u00fcbriid 300ml Rawlplug","og_description":"Keemiline ankur Rawlplug h\u00fcbriid 300 ml sobib pragunenud ja pragunemata betooni kinnitusteks. V\u00e4ga suur kandev\u00f5ime, kiire k\u00f5venemine ja tulekindlus","og_url":"https:\/\/hutton.ee\/toode\/keemiline-ankur-hubriid-300ml-rawlplug\/","og_site_name":"Hutton","article_publisher":"https:\/\/www.facebook.com\/huttoneesti","article_modified_time":"2026-02-19T14:49:50+00:00","og_image":[{"width":500,"height":500,"url":"https:\/\/hutton.ee\/wp-content\/uploads\/2024\/10\/Keemiline-ankur-hubriid-Rawlplug.png","type":"image\/png"}],"twitter_card":"summary_large_image","twitter_misc":{"Est. reading time":"1 minute"},"schema":{"@context":"https:\/\/schema.org","@graph":[{"@type":"WebPage","@id":"https:\/\/hutton.ee\/toode\/keemiline-ankur-hubriid-300ml-rawlplug\/","url":"https:\/\/hutton.ee\/toode\/keemiline-ankur-hubriid-300ml-rawlplug\/","name":"Keemiline ankur h\u00fcbriid 300ml Rawlplug - Hutton","isPartOf":{"@id":"https:\/\/hutton.ee\/#website"},"primaryImageOfPage":{"@id":"https:\/\/hutton.ee\/toode\/keemiline-ankur-hubriid-300ml-rawlplug\/#primaryimage"},"image":{"@id":"https:\/\/hutton.ee\/toode\/keemiline-ankur-hubriid-300ml-rawlplug\/#primaryimage"},"thumbnailUrl":"https:\/\/hutton.ee\/wp-content\/uploads\/2024\/10\/Keemiline-ankur-hubriid-Rawlplug.png","datePublished":"2024-10-11T09:53:04+00:00","dateModified":"2026-02-19T14:49:50+00:00","description":"Keemiline ankur Rawlplug h\u00fcbriid 300 ml sobib pragunenud ja pragunemata betooni kinnitusteks. V\u00e4ga suur kandev\u00f5ime, kiire k\u00f5venemine ja tulekindlus","breadcrumb":{"@id":"https:\/\/hutton.ee\/toode\/keemiline-ankur-hubriid-300ml-rawlplug\/#breadcrumb"},"inLanguage":"en-US","potentialAction":[{"@type":"ReadAction","target":["https:\/\/hutton.ee\/toode\/keemiline-ankur-hubriid-300ml-rawlplug\/"]}]},{"@type":"ImageObject","inLanguage":"en-US","@id":"https:\/\/hutton.ee\/toode\/keemiline-ankur-hubriid-300ml-rawlplug\/#primaryimage","url":"https:\/\/hutton.ee\/wp-content\/uploads\/2024\/10\/Keemiline-ankur-hubriid-Rawlplug.png","contentUrl":"https:\/\/hutton.ee\/wp-content\/uploads\/2024\/10\/Keemiline-ankur-hubriid-Rawlplug.png","width":500,"height":500,"caption":"Keemiline ankur h\u00fcbriid Rawlplug"},{"@type":"BreadcrumbList","@id":"https:\/\/hutton.ee\/toode\/keemiline-ankur-hubriid-300ml-rawlplug\/#breadcrumb","itemListElement":[{"@type":"ListItem","position":1,"name":"Avaleht","item":"https:\/\/hutton.ee\/"},{"@type":"ListItem","position":2,"name":"Shop","item":"https:\/\/hutton.ee\/en\/shop\/"},{"@type":"ListItem","position":3,"name":"Keemiline ankur h\u00fcbriid 300ml Rawlplug"}]},{"@type":"WebSite","@id":"https:\/\/hutton.ee\/#website","url":"https:\/\/hutton.ee\/","name":"Hutton","description":"Ajas kestvad ehituslahendused","publisher":{"@id":"https:\/\/hutton.ee\/#organization"},"potentialAction":[{"@type":"SearchAction","target":{"@type":"EntryPoint","urlTemplate":"https:\/\/hutton.ee\/?s={search_term_string}"},"query-input":{"@type":"PropertyValueSpecification","valueRequired":true,"valueName":"search_term_string"}}],"inLanguage":"en-US"},{"@type":"Organization","@id":"https:\/\/hutton.ee\/#organization","name":"Hutton - KATUS | SEIN | FASSAAD","url":"https:\/\/hutton.ee\/","logo":{"@type":"ImageObject","inLanguage":"en-US","@id":"https:\/\/hutton.ee\/#\/schema\/logo\/image\/","url":"https:\/\/hutton.ee\/wp-content\/uploads\/2020\/07\/hutton-logo_uuendatud-01.png","contentUrl":"https:\/\/hutton.ee\/wp-content\/uploads\/2020\/07\/hutton-logo_uuendatud-01.png","width":1064,"height":455,"caption":"Hutton - KATUS | SEIN | FASSAAD"},"image":{"@id":"https:\/\/hutton.ee\/#\/schema\/logo\/image\/"},"sameAs":["https:\/\/www.facebook.com\/huttoneesti"]}]}},"_links":{"self":[{"href":"https:\/\/hutton.ee\/en\/wp-json\/wp\/v2\/product\/21597","targetHints":{"allow":["GET"]}}],"collection":[{"href":"https:\/\/hutton.ee\/en\/wp-json\/wp\/v2\/product"}],"about":[{"href":"https:\/\/hutton.ee\/en\/wp-json\/wp\/v2\/types\/product"}],"wp:featuredmedia":[{"embeddable":true,"href":"https:\/\/hutton.ee\/en\/wp-json\/wp\/v2\/media\/26618"}],"wp:attachment":[{"href":"https:\/\/hutton.ee\/en\/wp-json\/wp\/v2\/media?parent=21597"}],"wp:term":[{"taxonomy":"product_brand","embeddable":true,"href":"https:\/\/hutton.ee\/en\/wp-json\/wp\/v2\/product_brand?post=21597"},{"taxonomy":"product_cat","embeddable":true,"href":"https:\/\/hutton.ee\/en\/wp-json\/wp\/v2\/product_cat?post=21597"},{"taxonomy":"product_tag","embeddable":true,"href":"https:\/\/hutton.ee\/en\/wp-json\/wp\/v2\/product_tag?post=21597"},{"taxonomy":"filtrisusteem","embeddable":true,"href":"https:\/\/hutton.ee\/en\/wp-json\/wp\/v2\/filtrisusteem?post=21597"},{"taxonomy":"kvaliteediklass","embeddable":true,"href":"https:\/\/hutton.ee\/en\/wp-json\/wp\/v2\/kvaliteediklass?post=21597"}],"curies":[{"name":"wp","href":"https:\/\/api.w.org\/{rel}","templated":true}]}}