{"id":21605,"date":"2024-10-11T09:55:46","date_gmt":"2024-10-11T09:55:46","guid":{"rendered":"https:\/\/hutton.ee\/?post_type=product&#038;p=21605"},"modified":"2025-12-12T14:17:36","modified_gmt":"2025-12-12T14:17:36","slug":"penosil-easypro-roof-and-facade-crystal-sealant-transparent","status":"publish","type":"product","link":"https:\/\/hutton.ee\/en\/toode\/penosil-easypro-roof-and-facade-crystal-sealant-transparent\/","title":{"rendered":"Penosil EasyPro Roof and Facade Crystal Sealant transparent"},"content":{"rendered":"<p>Penosil Roof&amp;Facade Crystal on l\u00e4bipaistev h\u00fcbriidhermeetik v\u00e4listeks parandus- ja renoveerimist\u00f6\u00f6deks.<\/p>\n<p><strong>Kasutusalad<\/strong>:<br \/>\nKorstnate, torude, metalli ja betooni vaheliste vuukide, vihmaveerennide \u00fchenduste, fassaadi paisumisvuukide ning v\u00e4lisakende ja -uste lengide tihendamiseks ja ilmastikukindluse tagamiseks.<br \/>\nIgat t\u00fc\u00fcpi \u00f5hutihedate vuukide tihendamiseks, nii seest kui ka v\u00e4ljast.<\/p>\n<p><strong>Kasutamine<\/strong>:<br \/>\nL\u00f5igake padruni keermestatud ots lahti ja keerake sellele silikooni suunamiseks paigaldusotsik. L\u00f5igake otsik nii, et ava oleks piisavalt suur vajaliku koguse liimi pealekandmiseks. Pange padrun koos v\u00e4ljastusotsikuga p\u00fcstolisse ja t\u00e4itke otsik silikooniga, vajutades p\u00fcstoli p\u00e4\u00e4stikut. Kandke silikoon vuuki, surudes korduvalt ja \u00fchtlaselt p\u00fcstoli p\u00e4\u00e4stikule ning libistades otsikut sujuvalt m\u00f6\u00f6da vuuki.<\/p>\n<p>P\u00e4rast pealekandmist siluge silikoon kummist silikoonikaabitsa abil tasaseks. Eemaldage \u00fcleliigne materjal.<\/p>\n<p><strong>N\u00e4pun\u00e4ited<\/strong>:<\/p>\n<ul>\n<li>Pinnad peavad olema puhtad, kuivad ja vabad lahtistest osakestest nagu lakk, tolm, rasv ja vana hermeetik.<\/li>\n<li>Pinnad v\u00f5ivad olla niisked, kuid mitte m\u00e4rjad, ja paigaldamise ajal ei tohiks vihma sadada.<\/li>\n<li>V\u00e4rvitud pinnad peavad olema l\u00f5plikult tardunud ja terved.<\/li>\n<li>Sobib paljude ehitusmaterjalide tihendamiseks, kuid tihendatavate pindade vahel on soovitatav teha eelnev katse.<\/li>\n<li>P\u00e4rast pinna ettevalmistamist kandke toode silikoonp\u00fcstoli abil pinnale ja eemaldage tardumata materjal lakibensiini abil.<\/li>\n<li>Tardunud hermeetik tuleb puhastada mehhaaniliselt.<\/li>\n<\/ul>\n<p><strong>Vajadusel k\u00fcsi n\u00f5u:<\/strong><\/p>\n<p><strong>Neeme<\/strong> <a href=\"tel:5098168\">+372 509 8168<\/a> | <a href=\"mailto:neeme@hutton.ee\">neeme@hutton.ee<\/a><\/p>\n","protected":false},"excerpt":{"rendered":"<p><strong><a href=\"https:\/\/hutton.ee\/minu-konto\/\"><span style=\"color: #ff0000;\">Registreeru p\u00fcsikliendiks!<\/span><\/a><\/strong><\/p>\n","protected":false},"featured_media":26636,"template":"","meta":{"_gspb_post_css":"","_uf_show_specific_survey":0,"_uf_disable_surveys":false},"product_brand":[],"product_cat":[964,2282],"product_tag":[2907],"filtrisusteem":[],"kvaliteediklass":[],"class_list":{"0":"post-21605","1":"product","2":"type-product","3":"status-publish","4":"has-post-thumbnail","6":"product_cat-ehituskeemia","7":"product_cat-hermeetikud","8":"product_tag-25tk","10":"first","11":"instock","12":"taxable","13":"shipping-taxable","14":"purchasable","15":"product-type-simple"},"yoast_head":"<!-- This site is optimized with the Yoast SEO Premium plugin v21.3 (Yoast SEO v27.3) - https:\/\/yoast.com\/product\/yoast-seo-premium-wordpress\/ -->\n<title>Penosil EasyPro Roof and Facade Crystal Sealant transparent - Hutton<\/title>\n<meta name=\"description\" content=\"Penosil Roof&amp;Facade Crystal on l\u00e4bipaistev h\u00fcbriidhermeetik katuste ja fassaadide vuukide tihendamiseks. Ilmastikukindel lahendus sise- ja v\u00e4list\u00f6\u00f6deks.\" \/>\n<meta name=\"robots\" content=\"index, follow, max-snippet:-1, max-image-preview:large, max-video-preview:-1\" \/>\n<link rel=\"canonical\" href=\"https:\/\/hutton.ee\/toode\/penosil-easypro-roof-and-facade-crystal-sealant-transparent\/\" \/>\n<meta property=\"og:locale\" content=\"en_US\" \/>\n<meta property=\"og:type\" content=\"article\" \/>\n<meta property=\"og:title\" content=\"Penosil EasyPro Roof and Facade Crystal Sealant transparent\" \/>\n<meta property=\"og:description\" content=\"Penosil Roof&amp;Facade Crystal on l\u00e4bipaistev h\u00fcbriidhermeetik katuste ja fassaadide vuukide tihendamiseks. Ilmastikukindel lahendus sise- ja v\u00e4list\u00f6\u00f6deks.\" \/>\n<meta property=\"og:url\" content=\"https:\/\/hutton.ee\/toode\/penosil-easypro-roof-and-facade-crystal-sealant-transparent\/\" \/>\n<meta property=\"og:site_name\" content=\"Hutton\" \/>\n<meta property=\"article:publisher\" content=\"https:\/\/www.facebook.com\/huttoneesti\" \/>\n<meta property=\"article:modified_time\" content=\"2025-12-12T14:17:36+00:00\" \/>\n<meta property=\"og:image\" content=\"https:\/\/hutton.ee\/wp-content\/uploads\/2024\/10\/Penosil-EasyPro-Roof-and-Facade-Crystal-Sealant-transparent-1.png\" \/>\n\t<meta property=\"og:image:width\" content=\"500\" \/>\n\t<meta property=\"og:image:height\" content=\"500\" \/>\n\t<meta property=\"og:image:type\" content=\"image\/png\" \/>\n<meta name=\"twitter:card\" content=\"summary_large_image\" \/>\n<meta name=\"twitter:label1\" content=\"Est. reading time\" \/>\n\t<meta name=\"twitter:data1\" content=\"2 minutes\" \/>\n<script type=\"application\/ld+json\" class=\"yoast-schema-graph\">{\"@context\":\"https:\\\/\\\/schema.org\",\"@graph\":[{\"@type\":\"WebPage\",\"@id\":\"https:\\\/\\\/hutton.ee\\\/toode\\\/penosil-easypro-roof-and-facade-crystal-sealant-transparent\\\/\",\"url\":\"https:\\\/\\\/hutton.ee\\\/toode\\\/penosil-easypro-roof-and-facade-crystal-sealant-transparent\\\/\",\"name\":\"Penosil EasyPro Roof and Facade Crystal Sealant transparent - Hutton\",\"isPartOf\":{\"@id\":\"https:\\\/\\\/hutton.ee\\\/#website\"},\"primaryImageOfPage\":{\"@id\":\"https:\\\/\\\/hutton.ee\\\/toode\\\/penosil-easypro-roof-and-facade-crystal-sealant-transparent\\\/#primaryimage\"},\"image\":{\"@id\":\"https:\\\/\\\/hutton.ee\\\/toode\\\/penosil-easypro-roof-and-facade-crystal-sealant-transparent\\\/#primaryimage\"},\"thumbnailUrl\":\"https:\\\/\\\/hutton.ee\\\/wp-content\\\/uploads\\\/2024\\\/10\\\/Penosil-EasyPro-Roof-and-Facade-Crystal-Sealant-transparent-1.png\",\"datePublished\":\"2024-10-11T09:55:46+00:00\",\"dateModified\":\"2025-12-12T14:17:36+00:00\",\"description\":\"Penosil Roof&Facade Crystal on l\u00e4bipaistev h\u00fcbriidhermeetik katuste ja fassaadide vuukide tihendamiseks. Ilmastikukindel lahendus sise- ja v\u00e4list\u00f6\u00f6deks.\",\"breadcrumb\":{\"@id\":\"https:\\\/\\\/hutton.ee\\\/toode\\\/penosil-easypro-roof-and-facade-crystal-sealant-transparent\\\/#breadcrumb\"},\"inLanguage\":\"en-US\",\"potentialAction\":[{\"@type\":\"ReadAction\",\"target\":[\"https:\\\/\\\/hutton.ee\\\/toode\\\/penosil-easypro-roof-and-facade-crystal-sealant-transparent\\\/\"]}]},{\"@type\":\"ImageObject\",\"inLanguage\":\"en-US\",\"@id\":\"https:\\\/\\\/hutton.ee\\\/toode\\\/penosil-easypro-roof-and-facade-crystal-sealant-transparent\\\/#primaryimage\",\"url\":\"https:\\\/\\\/hutton.ee\\\/wp-content\\\/uploads\\\/2024\\\/10\\\/Penosil-EasyPro-Roof-and-Facade-Crystal-Sealant-transparent-1.png\",\"contentUrl\":\"https:\\\/\\\/hutton.ee\\\/wp-content\\\/uploads\\\/2024\\\/10\\\/Penosil-EasyPro-Roof-and-Facade-Crystal-Sealant-transparent-1.png\",\"width\":500,\"height\":500,\"caption\":\"Penosil EasyPro Roof and Facade Crystal Sealant transparent\"},{\"@type\":\"BreadcrumbList\",\"@id\":\"https:\\\/\\\/hutton.ee\\\/toode\\\/penosil-easypro-roof-and-facade-crystal-sealant-transparent\\\/#breadcrumb\",\"itemListElement\":[{\"@type\":\"ListItem\",\"position\":1,\"name\":\"Avaleht\",\"item\":\"https:\\\/\\\/hutton.ee\\\/\"},{\"@type\":\"ListItem\",\"position\":2,\"name\":\"Shop\",\"item\":\"https:\\\/\\\/hutton.ee\\\/en\\\/shop\\\/\"},{\"@type\":\"ListItem\",\"position\":3,\"name\":\"Penosil EasyPro Roof and Facade Crystal Sealant transparent\"}]},{\"@type\":\"WebSite\",\"@id\":\"https:\\\/\\\/hutton.ee\\\/#website\",\"url\":\"https:\\\/\\\/hutton.ee\\\/\",\"name\":\"Hutton\",\"description\":\"Ajas kestvad ehituslahendused\",\"publisher\":{\"@id\":\"https:\\\/\\\/hutton.ee\\\/#organization\"},\"potentialAction\":[{\"@type\":\"SearchAction\",\"target\":{\"@type\":\"EntryPoint\",\"urlTemplate\":\"https:\\\/\\\/hutton.ee\\\/?s={search_term_string}\"},\"query-input\":{\"@type\":\"PropertyValueSpecification\",\"valueRequired\":true,\"valueName\":\"search_term_string\"}}],\"inLanguage\":\"en-US\"},{\"@type\":\"Organization\",\"@id\":\"https:\\\/\\\/hutton.ee\\\/#organization\",\"name\":\"Hutton - KATUS | SEIN | FASSAAD\",\"url\":\"https:\\\/\\\/hutton.ee\\\/\",\"logo\":{\"@type\":\"ImageObject\",\"inLanguage\":\"en-US\",\"@id\":\"https:\\\/\\\/hutton.ee\\\/#\\\/schema\\\/logo\\\/image\\\/\",\"url\":\"https:\\\/\\\/hutton.ee\\\/wp-content\\\/uploads\\\/2020\\\/07\\\/hutton-logo_uuendatud-01.png\",\"contentUrl\":\"https:\\\/\\\/hutton.ee\\\/wp-content\\\/uploads\\\/2020\\\/07\\\/hutton-logo_uuendatud-01.png\",\"width\":1064,\"height\":455,\"caption\":\"Hutton - KATUS | SEIN | FASSAAD\"},\"image\":{\"@id\":\"https:\\\/\\\/hutton.ee\\\/#\\\/schema\\\/logo\\\/image\\\/\"},\"sameAs\":[\"https:\\\/\\\/www.facebook.com\\\/huttoneesti\"]}]}<\/script>\n<!-- \/ Yoast SEO Premium plugin. -->","yoast_head_json":{"title":"Penosil EasyPro Roof and Facade Crystal Sealant transparent - Hutton","description":"Penosil Roof&Facade Crystal on l\u00e4bipaistev h\u00fcbriidhermeetik katuste ja fassaadide vuukide tihendamiseks. Ilmastikukindel lahendus sise- ja v\u00e4list\u00f6\u00f6deks.","robots":{"index":"index","follow":"follow","max-snippet":"max-snippet:-1","max-image-preview":"max-image-preview:large","max-video-preview":"max-video-preview:-1"},"canonical":"https:\/\/hutton.ee\/toode\/penosil-easypro-roof-and-facade-crystal-sealant-transparent\/","og_locale":"en_US","og_type":"article","og_title":"Penosil EasyPro Roof and Facade Crystal Sealant transparent","og_description":"Penosil Roof&Facade Crystal on l\u00e4bipaistev h\u00fcbriidhermeetik katuste ja fassaadide vuukide tihendamiseks. Ilmastikukindel lahendus sise- ja v\u00e4list\u00f6\u00f6deks.","og_url":"https:\/\/hutton.ee\/toode\/penosil-easypro-roof-and-facade-crystal-sealant-transparent\/","og_site_name":"Hutton","article_publisher":"https:\/\/www.facebook.com\/huttoneesti","article_modified_time":"2025-12-12T14:17:36+00:00","og_image":[{"width":500,"height":500,"url":"https:\/\/hutton.ee\/wp-content\/uploads\/2024\/10\/Penosil-EasyPro-Roof-and-Facade-Crystal-Sealant-transparent-1.png","type":"image\/png"}],"twitter_card":"summary_large_image","twitter_misc":{"Est. reading time":"2 minutes"},"schema":{"@context":"https:\/\/schema.org","@graph":[{"@type":"WebPage","@id":"https:\/\/hutton.ee\/toode\/penosil-easypro-roof-and-facade-crystal-sealant-transparent\/","url":"https:\/\/hutton.ee\/toode\/penosil-easypro-roof-and-facade-crystal-sealant-transparent\/","name":"Penosil EasyPro Roof and Facade Crystal Sealant transparent - Hutton","isPartOf":{"@id":"https:\/\/hutton.ee\/#website"},"primaryImageOfPage":{"@id":"https:\/\/hutton.ee\/toode\/penosil-easypro-roof-and-facade-crystal-sealant-transparent\/#primaryimage"},"image":{"@id":"https:\/\/hutton.ee\/toode\/penosil-easypro-roof-and-facade-crystal-sealant-transparent\/#primaryimage"},"thumbnailUrl":"https:\/\/hutton.ee\/wp-content\/uploads\/2024\/10\/Penosil-EasyPro-Roof-and-Facade-Crystal-Sealant-transparent-1.png","datePublished":"2024-10-11T09:55:46+00:00","dateModified":"2025-12-12T14:17:36+00:00","description":"Penosil Roof&Facade Crystal on l\u00e4bipaistev h\u00fcbriidhermeetik katuste ja fassaadide vuukide tihendamiseks. Ilmastikukindel lahendus sise- ja v\u00e4list\u00f6\u00f6deks.","breadcrumb":{"@id":"https:\/\/hutton.ee\/toode\/penosil-easypro-roof-and-facade-crystal-sealant-transparent\/#breadcrumb"},"inLanguage":"en-US","potentialAction":[{"@type":"ReadAction","target":["https:\/\/hutton.ee\/toode\/penosil-easypro-roof-and-facade-crystal-sealant-transparent\/"]}]},{"@type":"ImageObject","inLanguage":"en-US","@id":"https:\/\/hutton.ee\/toode\/penosil-easypro-roof-and-facade-crystal-sealant-transparent\/#primaryimage","url":"https:\/\/hutton.ee\/wp-content\/uploads\/2024\/10\/Penosil-EasyPro-Roof-and-Facade-Crystal-Sealant-transparent-1.png","contentUrl":"https:\/\/hutton.ee\/wp-content\/uploads\/2024\/10\/Penosil-EasyPro-Roof-and-Facade-Crystal-Sealant-transparent-1.png","width":500,"height":500,"caption":"Penosil EasyPro Roof and Facade Crystal Sealant transparent"},{"@type":"BreadcrumbList","@id":"https:\/\/hutton.ee\/toode\/penosil-easypro-roof-and-facade-crystal-sealant-transparent\/#breadcrumb","itemListElement":[{"@type":"ListItem","position":1,"name":"Avaleht","item":"https:\/\/hutton.ee\/"},{"@type":"ListItem","position":2,"name":"Shop","item":"https:\/\/hutton.ee\/en\/shop\/"},{"@type":"ListItem","position":3,"name":"Penosil EasyPro Roof and Facade Crystal Sealant transparent"}]},{"@type":"WebSite","@id":"https:\/\/hutton.ee\/#website","url":"https:\/\/hutton.ee\/","name":"Hutton","description":"Ajas kestvad ehituslahendused","publisher":{"@id":"https:\/\/hutton.ee\/#organization"},"potentialAction":[{"@type":"SearchAction","target":{"@type":"EntryPoint","urlTemplate":"https:\/\/hutton.ee\/?s={search_term_string}"},"query-input":{"@type":"PropertyValueSpecification","valueRequired":true,"valueName":"search_term_string"}}],"inLanguage":"en-US"},{"@type":"Organization","@id":"https:\/\/hutton.ee\/#organization","name":"Hutton - KATUS | SEIN | FASSAAD","url":"https:\/\/hutton.ee\/","logo":{"@type":"ImageObject","inLanguage":"en-US","@id":"https:\/\/hutton.ee\/#\/schema\/logo\/image\/","url":"https:\/\/hutton.ee\/wp-content\/uploads\/2020\/07\/hutton-logo_uuendatud-01.png","contentUrl":"https:\/\/hutton.ee\/wp-content\/uploads\/2020\/07\/hutton-logo_uuendatud-01.png","width":1064,"height":455,"caption":"Hutton - KATUS | SEIN | FASSAAD"},"image":{"@id":"https:\/\/hutton.ee\/#\/schema\/logo\/image\/"},"sameAs":["https:\/\/www.facebook.com\/huttoneesti"]}]}},"_links":{"self":[{"href":"https:\/\/hutton.ee\/en\/wp-json\/wp\/v2\/product\/21605","targetHints":{"allow":["GET"]}}],"collection":[{"href":"https:\/\/hutton.ee\/en\/wp-json\/wp\/v2\/product"}],"about":[{"href":"https:\/\/hutton.ee\/en\/wp-json\/wp\/v2\/types\/product"}],"wp:featuredmedia":[{"embeddable":true,"href":"https:\/\/hutton.ee\/en\/wp-json\/wp\/v2\/media\/26636"}],"wp:attachment":[{"href":"https:\/\/hutton.ee\/en\/wp-json\/wp\/v2\/media?parent=21605"}],"wp:term":[{"taxonomy":"product_brand","embeddable":true,"href":"https:\/\/hutton.ee\/en\/wp-json\/wp\/v2\/product_brand?post=21605"},{"taxonomy":"product_cat","embeddable":true,"href":"https:\/\/hutton.ee\/en\/wp-json\/wp\/v2\/product_cat?post=21605"},{"taxonomy":"product_tag","embeddable":true,"href":"https:\/\/hutton.ee\/en\/wp-json\/wp\/v2\/product_tag?post=21605"},{"taxonomy":"filtrisusteem","embeddable":true,"href":"https:\/\/hutton.ee\/en\/wp-json\/wp\/v2\/filtrisusteem?post=21605"},{"taxonomy":"kvaliteediklass","embeddable":true,"href":"https:\/\/hutton.ee\/en\/wp-json\/wp\/v2\/kvaliteediklass?post=21605"}],"curies":[{"name":"wp","href":"https:\/\/api.w.org\/{rel}","templated":true}]}}